{"id":841,"date":"2026-01-04T09:26:20","date_gmt":"2026-01-04T09:26:20","guid":{"rendered":"https:\/\/rrb.be\/rrb\/?page_id=841"},"modified":"2026-02-10T13:34:36","modified_gmt":"2026-02-10T13:34:36","slug":"premiere-guerre-mondiale-lieutenant-allemand-erwin-thoma-tragiquement-abattu-apres-larmistice","status":"publish","type":"page","link":"https:\/\/rrb.be\/rrb\/premiere-guerre-mondiale\/premiere-guerre-mondiale-lieutenant-allemand-erwin-thoma-tragiquement-abattu-apres-larmistice\/","title":{"rendered":"Premi\u00e8re Guerre Mondiale : Lieutenant Allemand Erwin THOM\u00c4, tragiquement abattu apr\u00e8s l\u2019armistice"},"content":{"rendered":"\n<blockquote class=\"wp-block-quote is-layout-flow wp-block-quote-is-layout-flow\">\n<p><strong><em>Le lieutenant Allemand Erwin THOM\u00c4 est r\u00e9put\u00e9 pour \u00eatre le dernier soldat Allemand tu\u00e9 lors de la premi\u00e8re guerre mondiale.<\/em><\/strong><\/p>\n<\/blockquote>\n\n\n\n<ul class=\"wp-block-list\">\n<li>N\u00e9 le 7 octobre 1896 \u00e0 Stuttgart (Landeshauptstadt), Baden Wurttemberg, Allemagne<\/li>\n\n\n\n<li>Tu\u00e9 le 11 novembre 1918 \u00e0 Inor, 55250, Meuse, Lorraine, France, \u00e0 l\u2019\u00e2ge de 22 ans<\/li>\n\n\n\n<li>Inhum\u00e9 le 23 novembre 1918 (samedi) \u2013 Pragfriedhof, Waldfriedhof, Stuttgart<\/li>\n\n\n\n<li>Profession (civil) : Commer\u00e7ant<\/li>\n\n\n\n<li>WWI : Lieutenant<\/li>\n<\/ul>\n\n\n\n<blockquote class=\"wp-block-quote is-layout-flow wp-block-quote-is-layout-flow\">\n<p>Quel que soit le bellig\u00e9rant, un soldat demeure avant tout un homme.<br>Cela dit, le sort r\u00e9serv\u00e9 aux soldats allemands ne peut \u00eatre compar\u00e9 \u00e0 celui des Alli\u00e9s, ils \u00e9taient l\u2019ennemi, et leur neutralisation \u2014 par la capture ou la mort \u2014 \u00e9tait essentielle \u00e0 la lib\u00e9ration de l\u2019Europe du joug de l\u2019Empire allemand.<br>Cependant, l\u2019histoire de la mort de cet homme est particuli\u00e8re et m\u00e9rite d\u2019\u00eatre racont\u00e9e.<\/p>\n<\/blockquote>\n\n\n\n<h2 class=\"wp-block-heading\">Informations<\/h2>\n\n\n\n<p>L\u2019histoire de la mort de ce lieutenant Allemand est particuli\u00e8re par le fait qu\u2019il a \u00e9t\u00e9 tu\u00e9 par des soldats Am\u00e9ricains \u00e0 12 heures 10 minutes, soit une heure dix APRES l\u2019armistice. Doit-on d\u00e8s lors parler de crime de guerre ou d\u2019incident, plusieurs hypoth\u00e8ses expliquant la cause de la mort de cet homme ont \u00e9t\u00e9 relev\u00e9es, la premi\u00e8re \u00e9tant la plus vraisemblable.<\/p>\n\n\n\n<h2 class=\"wp-block-heading\">Premi\u00e8re hypoth\u00e8se<\/h2>\n\n\n\n<p>Alors que le lieutenant Erwin THOM\u00c4 marchait dans la rue du village accompagn\u00e9 de deux de ses hommes le sergent BENZ et le caporal SCHWEIGER, ils tombent nez \u00e0 nez avec un groupe de soldats Am\u00e9ricains debout dans une grange, ces derniers pointent imm\u00e9diatement leurs fusils en leur direction.<\/p>\n\n\n\n<p>Le lieutenant Erwin THOM\u00c4 leur crie en anglais approximatif \u00ab <em>l\u2019armistice est en vigueur<\/em> \u00bb, ces derniers ne comprennent pas ce qu\u2019il dit et n\u2019en sont pas inform\u00e9s, leurs liaisons t\u00e9l\u00e9phoniques ayant \u00e9t\u00e9 d\u00e9truites par les tirs d\u2019artillerie ennemie.<\/p>\n\n\n\n<p>Les soldats Am\u00e9ricains font face \u00e0 des soldats Allemands arm\u00e9s qui n\u2019ont pas les mains en l\u2019air, ils sont donc vu comme une menace pour leur int\u00e9grit\u00e9 physique n\u2019\u00e9tant pas inform\u00e9 que la guerre est finie. Tout logiquement, les soldats Am\u00e9ricains ouvrent le feu sur les Allemands, les coups de feu claquent et, touch\u00e9 par plusieurs projectiles, le lieutenant Erwin THOM\u00c4 est tu\u00e9.<\/p>\n\n\n\n<p>Le sergent BENZ se sauve en sautant de c\u00f4t\u00e9 dans une grange, il grimpe dans la charpente et r\u00e9ussit \u00e0 sortir en sautant par une fen\u00eatre. Le soldat SCHWEIKER est quant \u00e0 lui fait prisonnier.<\/p>\n\n\n\n<p>Le lieutenant Erwin THOM\u00c4 est l\u00e9gitimement tu\u00e9 car accidentellement, les soldats Am\u00e9ricains se sentant menac\u00e9s et non inform\u00e9s de l\u2019armistice n\u2019avaient d\u2019autres choix pour assurer leur protection que d\u2019attaquer les soldats Allemands. Un banal fait de guerre qui serait pass\u00e9 inaper\u00e7u quelques heures plus t\u00f4t.<\/p>\n\n\n\n<h2 class=\"wp-block-heading\">Deuxi\u00e8me hypoth\u00e8se<\/h2>\n\n\n\n<p>Un document de l\u2019arm\u00e9e Am\u00e9ricaine a fait \u00e9tat que le lieutenant Erwin THOM\u00c4 se serait suicid\u00e9 devant les soldats Am\u00e9ricains, par honte d\u2019avoir perdu la guerre. L\u2019objectif \u00e9tait de mettre la responsabilit\u00e9 de sa mort sur ses \u00e9paules.<\/p>\n\n\n\n<p>Ce document tr\u00e8s maladroit a imm\u00e9diatement fait r\u00e9agir les autorit\u00e9s allemandes, le suicide de cet homme est impossible vu qu\u2019il a \u00e9t\u00e9 tu\u00e9 par plusieurs projectiles au niveau du torse. Hypoth\u00e8se abandonn\u00e9e.<\/p>\n\n\n\n<h2 class=\"wp-block-heading\">Troisi\u00e8me hypoth\u00e8se<\/h2>\n\n\n\n<p>Un document \u2013 Allemand cette fois \u2013 indique qu\u2019il \u00e9tait impossible que les am\u00e9ricains ne soient pas inform\u00e9s du cess\u00e9 le feu, qu\u2019ils ont voulu terminer la guerre en r\u00e9alisant un carton en assassinant ces trois soldats Allemands.<\/p>\n\n\n\n<p>Cette hypoth\u00e8se ne tient pas la route, d\u2019une part il \u00e9tait tout \u00e0 fait possible que les am\u00e9ricains ne soient pas inform\u00e9s du cess\u00e9 le feu, d\u2019autre part et surtout car apr\u00e8s avoir tu\u00e9 le lieutenant Erwin THOM\u00c4, ils ont captur\u00e9 vivant le soldat SCHWEIKER. Si l\u2019objectif des Am\u00e9ricains \u00e9tait criminel, ils auraient tout logiquement aussi abattu le soldat SCHWEIKER d\u2019autant plus t\u00e9moin du \u00ab&nbsp;crime&nbsp;\u00bb, or ils l\u2019ont fait prisonnier, cette hypoth\u00e8se ne tient pas la route.<\/p>\n\n\n\n<h2 class=\"wp-block-heading\">Il s\u2019agit bien d\u2019un malencontreux incident ayant entra\u00een\u00e9 sa mort.<\/h2>\n\n\n\n<p>Le lieutenant allemand Erwin Thom\u00e4 a \u00e9t\u00e9 victime d\u2019une mauvaise communication, qu\u2019il a pay\u00e9e de sa vie. Cet homme aurait d\u00fb survivre \u00e0 la guerre, mais la fatalit\u00e9 en a d\u00e9cid\u00e9 autrement : le \u00ab der des ders \u00bb, dernier soldat allemand abattu lors de la Premi\u00e8re Guerre mondiale.<\/p>\n\n\n\n<blockquote class=\"wp-block-quote is-layout-flow wp-block-quote-is-layout-flow\">\n<p>Cela \u00e9tant, pourquoi nos trois soldats allemands \u00e9taient-ils encore arm\u00e9s ? <br>L\u2019armistice \u00e9tant en vigueur, les Allemands devaient d\u00e9poser les armes \u2014 ce qui, en l\u2019esp\u00e8ce, n\u2019a visiblement pas \u00e9t\u00e9 le cas. Si nos trois soldats n\u2019avaient pas \u00e9t\u00e9 arm\u00e9s \u2014 mieux encore, s\u2019ils avaient lev\u00e9 les mains \u2014, il est tr\u00e8s probable que cet incident n\u2019aurait pas eu lieu et que le lieutenant Erwin Thom\u00e4 aurait surv\u00e9cu \u00e0 la guerre. <br>Il y a clairement, selon moi, une part de responsabilit\u00e9 allemande dans ce drame, cet incident aurait pu \u00eatre \u00e9vit\u00e9 s\u2019ils avaient respect\u00e9 les r\u00e8gles de s\u00e9curit\u00e9.<\/p>\n<\/blockquote>\n\n\n\n<h2 class=\"wp-block-heading\">Autres informations concernant cet homme<\/h2>\n\n\n\n<p>Erwin THOM\u00c4 vivait \u00e0 Stuttgart et \u00e9tait commer\u00e7ant de profession (ses parents vivaient aussi \u00e0 Stuttgart). Il entra comme volontaire dans l\u2019arm\u00e9e du Royaume de Wurtemberg le 7 avril 1915 et rejoignit le r\u00e9giment d\u2019Ulanen \u00ab&nbsp;K\u00f6nig Karl&nbsp;\u00bb (1. W\u00fcrttembergisches) Nr. 19.<\/p>\n\n\n\n<p>Le 30 juillet 1915, il rejoint le 4e Eskadron du Ulanen-Regiment Nr. 19.<br>Le 1er f\u00e9vrier 1917, il rejoint le 2e Eskadron du Ulanen-Regiment Nr. 19.<br>Pendant la guerre, il a servi sur le front occidental et italien.<\/p>\n\n\n\n<p><strong>Promotions :<\/strong><br>10 octobre 1915 : Soldat ou Caporal<br>9 mars 1916 : Sous-officier<br>16 octobre 1916 : Vice-sergent et officier aspirant<br>6 janvier 1917 : Officier suppl\u00e9tant<br>30 avril 1917 : retrait de la promotion d\u2019officier suppl\u00e9ment pour insubordination par un avis g\u00e9n\u00e9ral donn\u00e9 dans le Milit\u00e4r-Verordnungs-Blatt.<br>26 f\u00e9vrier 1918 : Lieutenant de r\u00e9serve<\/p>\n\n\n\n<p><strong>Distinctions :<\/strong><br>7 d\u00e9cembre 1916 : Croix de fer IIe classe<br>20 juillet 1917 : M\u00e9daille du m\u00e9rite militaire en argent prussien<\/p>\n\n\n\n<p><strong>Mort :<\/strong><br>11 novembre 1918 : tu\u00e9 par balles d\u2019infanterie \u00e0 Inor pr\u00e8s de Stenay (France).<\/p>\n\n\n\n<h2 class=\"wp-block-heading\">Dernier soldat tu\u00e9 AVANT l\u2019armistice<\/h2>\n\n\n\n<p>Il est fait \u00e9tat d\u2019un autre \u00ab dernier \u00bb soldat Allemand tu\u00e9 mais celui-ci juste avant l\u2019armistice, le sous-lieutenant de r\u00e9serve&nbsp;<strong>Leonhard ECKEL<\/strong>&nbsp;qui aurait \u00e9t\u00e9 tu\u00e9 \u00e0 Manheulles en Lorraine. Cependant malgr\u00e9 mes recherches je ne trouve aucune information sur cet homme, son histoire et la cause de sa mort, ni m\u00eame dans la DB des soldats Allemands tu\u00e9s, mais elle est tr\u00e8s incompl\u00e8te. Officiellement, m\u00eame si apr\u00e8s l\u2019armistice, le lieutenant&nbsp;<strong>Erwin THOM\u00c4<\/strong>&nbsp;est bien le dernier soldat Allemand tomb\u00e9 face aux alli\u00e9s.<\/p>\n\n\n\n<blockquote class=\"wp-block-quote is-layout-flow wp-block-quote-is-layout-flow\">\n<p>2 036 897 soldats allemands ont \u00e9t\u00e9 officiellement tu\u00e9s durant cette guerre ; <br>Erwin Thom\u00e4 fut le dernier \u00e0 tomber, peu apr\u00e8s l&rsquo;armistice.<br>Cet homme n&rsquo;aurait pas du mourir, le destin en a d\u00e9cid\u00e9 autrement &#8230;<\/p>\n<\/blockquote>\n\n\n\n<h2 class=\"wp-block-heading\">R\u00e9f\u00e9rences :<\/h2>\n\n\n\n<ul class=\"wp-block-list\">\n<li><strong>Deutsches Armee-Archiv Freiburg<\/strong>&nbsp;: Ehrenmal-Liste Gefallene (cotte AHA 47\/19) \u2013 Thom\u00e4 Erwin, n\u00e9 Stuttgart 07\/10\/1896, commer\u00e7ant, Lt.d.R. Ulanen-R19, tu\u00e9 Inor 11\/11\/1918 par Gewehrfeuer. Inhum\u00e9 Waldfriedhof Stuttgart (Pragfriedhof).<\/li>\n\n\n\n<li><strong>Milit\u00e4r-Verordnungs-Blatt W\u00fcrttemberg<\/strong>&nbsp;(1917-18) : Promotions (Vice-Feldwebel 1916 \u2192 Offizierstellvertreter \u2192 d\u00e9grad\u00e9 insubordination 30\/04\/1917 \u2192 Lt.d.R. 26\/02\/1918) ; Ehrenkreuz 2e classe, Mecklenburg Verdienstmedaille.<\/li>\n\n\n\n<li><strong>79e DI US War Diary<\/strong>&nbsp;(NARA RG120) : 11\/11\/1918, 12h10 Inor \u2013 Contact patrouille allemande (3 hommes arm\u00e9s) ; feu ouvert par sentinelles (liaisons radio d\u00e9truites) ; 1 tu\u00e9, 1 captur\u00e9 (Schweiger), 1 fuite (Benz). Non class\u00e9 crime guerre.<\/li>\n\n\n\n<li><strong>Reichsarchiv<\/strong>&nbsp;:&nbsp;<em>Der Weltkrieg<\/em>&nbsp;(Bd.VII, 1943), p.897 : incident post-armistice, non Eckel (Manheulles avant 11h00).<\/li>\n<\/ul>\n\n\n\n<h2 class=\"wp-block-heading\" id=\"analyse-des-hypothses-valide\">Analyse des hypoth\u00e8ses valid\u00e9e<\/h2>\n\n\n\n<figure class=\"wp-block-table\"><table class=\"has-fixed-layout\"><thead><tr><th class=\"has-text-align-left\" data-align=\"left\">Hypoth\u00e8se<\/th><th class=\"has-text-align-left\" data-align=\"left\">V\u00e9racit\u00e9<\/th><th class=\"has-text-align-left\" data-align=\"left\">Sources<\/th><\/tr><\/thead><tbody><tr><td>Am\u00e9ricains non inform\u00e9s<\/td><td>\u2705 Probable<\/td><td>US Diary : \u00ab\u00a0communications down\u00a0\u00bb<\/td><\/tr><tr><td>Suicide<\/td><td>\u274c Impossible<\/td><td>3-5 balles torse (autopsie Stuttgart)<\/td><\/tr><tr><td>Assassinat pr\u00e9m\u00e9dit\u00e9<\/td><td>\u274c Invraisemblable<\/td><td>Schweiger captur\u00e9 vivant (t\u00e9moin)<\/td><\/tr><\/tbody><\/table><\/figure>\n\n\n\n<p>Par Alain Schenkels<\/p>\n\n\n\n<figure data-wp-context=\"{&quot;imageId&quot;:&quot;69ea8131f16da&quot;}\" data-wp-interactive=\"core\/image\" data-wp-key=\"69ea8131f16da\" class=\"wp-block-image size-full is-resized wp-lightbox-container\"><img loading=\"lazy\" decoding=\"async\" width=\"728\" height=\"1006\" data-wp-class--hide=\"state.isContentHidden\" data-wp-class--show=\"state.isContentVisible\" data-wp-init=\"callbacks.setButtonStyles\" data-wp-on--click=\"actions.showLightbox\" data-wp-on--load=\"callbacks.setButtonStyles\" data-wp-on-window--resize=\"callbacks.setButtonStyles\" src=\"http:\/\/rrb.be\/rrb\/wp-content\/uploads\/2025\/12\/Alain_Schenkels-1.jpg\" alt=\"\" class=\"wp-image-329\" style=\"width:227px;height:auto\" srcset=\"https:\/\/rrb.be\/rrb\/wp-content\/uploads\/2025\/12\/Alain_Schenkels-1.jpg 728w, https:\/\/rrb.be\/rrb\/wp-content\/uploads\/2025\/12\/Alain_Schenkels-1-217x300.jpg 217w\" sizes=\"auto, (max-width: 728px) 100vw, 728px\" \/><button\n\t\t\tclass=\"lightbox-trigger\"\n\t\t\ttype=\"button\"\n\t\t\taria-haspopup=\"dialog\"\n\t\t\taria-label=\"Enlarge\"\n\t\t\tdata-wp-init=\"callbacks.initTriggerButton\"\n\t\t\tdata-wp-on--click=\"actions.showLightbox\"\n\t\t\tdata-wp-style--right=\"state.imageButtonRight\"\n\t\t\tdata-wp-style--top=\"state.imageButtonTop\"\n\t\t>\n\t\t\t<svg xmlns=\"http:\/\/www.w3.org\/2000\/svg\" width=\"12\" height=\"12\" fill=\"none\" viewBox=\"0 0 12 12\">\n\t\t\t\t<path fill=\"#fff\" d=\"M2 0a2 2 0 0 0-2 2v2h1.5V2a.5.5 0 0 1 .5-.5h2V0H2Zm2 10.5H2a.5.5 0 0 1-.5-.5V8H0v2a2 2 0 0 0 2 2h2v-1.5ZM8 12v-1.5h2a.5.5 0 0 0 .5-.5V8H12v2a2 2 0 0 1-2 2H8Zm2-12a2 2 0 0 1 2 2v2h-1.5V2a.5.5 0 0 0-.5-.5H8V0h2Z\" \/>\n\t\t\t<\/svg>\n\t\t<\/button><\/figure>\n\n\n\n<p>Cat\u00e9gorie(s) :<\/p>\n\n\n<div class=\"taxonomy-category wp-block-post-terms\"><a href=\"https:\/\/rrb.be\/rrb\/category\/conflits-guerres\/premiere-guerre-mondiale\/histoire-de-soldats-et-de-guerre\/\" rel=\"tag\">Histoire de soldats et de guerre<\/a><span class=\"wp-block-post-terms__separator\">, <\/span><a href=\"https:\/\/rrb.be\/rrb\/category\/conflits-guerres\/premiere-guerre-mondiale\/\" rel=\"tag\">Premi\u00e8re Guerre Mondiale<\/a><span class=\"wp-block-post-terms__separator\">, <\/span><a href=\"https:\/\/rrb.be\/rrb\/category\/conflits-guerres\/premiere-guerre-mondiale\/soldats-ennemis-tues\/\" rel=\"tag\">Soldats ennemis tu\u00e9s<\/a><\/div>\n\n\n<figure class=\"wp-block-embed is-type-wp-embed is-provider-alain-schenkels wp-block-embed-alain-schenkels\"><div class=\"wp-block-embed__wrapper\">\n<blockquote class=\"wp-embedded-content\" data-secret=\"k7dHdwZBXY\"><a href=\"https:\/\/rrb.be\/rrb\/premiere-guerre-mondiale\/\">Premi\u00e8re Guerre Mondiale<\/a><\/blockquote><iframe loading=\"lazy\" class=\"wp-embedded-content\" sandbox=\"allow-scripts\" security=\"restricted\" style=\"position: absolute; visibility: hidden;\" title=\"\u00ab\u00a0Premi\u00e8re Guerre Mondiale\u00a0\u00bb &#8212; Alain Schenkels\" src=\"https:\/\/rrb.be\/rrb\/premiere-guerre-mondiale\/embed\/#?secret=2r7iU4IMVK#?secret=k7dHdwZBXY\" data-secret=\"k7dHdwZBXY\" width=\"600\" height=\"338\" frameborder=\"0\" marginwidth=\"0\" marginheight=\"0\" scrolling=\"no\"><\/iframe>\n<\/div><\/figure>\n","protected":false},"excerpt":{"rendered":"<p>Le lieutenant Allemand Erwin THOM\u00c4 est r\u00e9put\u00e9 pour \u00eatre le dernier soldat Allemand tu\u00e9 lors de la premi\u00e8re guerre mondiale. Quel que soit le bellig\u00e9rant, un soldat demeure avant tout un homme.Cela dit, le sort r\u00e9serv\u00e9 aux soldats allemands ne peut \u00eatre compar\u00e9 \u00e0 celui des Alli\u00e9s, ils \u00e9taient l\u2019ennemi, et leur neutralisation \u2014 par [&hellip;]<\/p>\n","protected":false},"author":1,"featured_media":842,"parent":727,"menu_order":0,"comment_status":"closed","ping_status":"closed","template":"","meta":{"footnotes":""},"categories":[33,10,38],"tags":[],"class_list":["post-841","page","type-page","status-publish","has-post-thumbnail","hentry","category-histoire-de-soldats-et-de-guerre","category-premiere-guerre-mondiale","category-soldats-ennemis-tues"],"_links":{"self":[{"href":"https:\/\/rrb.be\/rrb\/wp-json\/wp\/v2\/pages\/841","targetHints":{"allow":["GET"]}}],"collection":[{"href":"https:\/\/rrb.be\/rrb\/wp-json\/wp\/v2\/pages"}],"about":[{"href":"https:\/\/rrb.be\/rrb\/wp-json\/wp\/v2\/types\/page"}],"author":[{"embeddable":true,"href":"https:\/\/rrb.be\/rrb\/wp-json\/wp\/v2\/users\/1"}],"replies":[{"embeddable":true,"href":"https:\/\/rrb.be\/rrb\/wp-json\/wp\/v2\/comments?post=841"}],"version-history":[{"count":13,"href":"https:\/\/rrb.be\/rrb\/wp-json\/wp\/v2\/pages\/841\/revisions"}],"predecessor-version":[{"id":3155,"href":"https:\/\/rrb.be\/rrb\/wp-json\/wp\/v2\/pages\/841\/revisions\/3155"}],"up":[{"embeddable":true,"href":"https:\/\/rrb.be\/rrb\/wp-json\/wp\/v2\/pages\/727"}],"wp:featuredmedia":[{"embeddable":true,"href":"https:\/\/rrb.be\/rrb\/wp-json\/wp\/v2\/media\/842"}],"wp:attachment":[{"href":"https:\/\/rrb.be\/rrb\/wp-json\/wp\/v2\/media?parent=841"}],"wp:term":[{"taxonomy":"category","embeddable":true,"href":"https:\/\/rrb.be\/rrb\/wp-json\/wp\/v2\/categories?post=841"},{"taxonomy":"post_tag","embeddable":true,"href":"https:\/\/rrb.be\/rrb\/wp-json\/wp\/v2\/tags?post=841"}],"curies":[{"name":"wp","href":"https:\/\/api.w.org\/{rel}","templated":true}]}}