{"id":837,"date":"2026-01-04T09:16:56","date_gmt":"2026-01-04T09:16:56","guid":{"rendered":"https:\/\/rrb.be\/rrb\/?page_id=837"},"modified":"2026-02-10T13:33:23","modified_gmt":"2026-02-10T13:33:23","slug":"premiere-guerre-mondiale-le-suicide-du-soldat-americain-henry-gunther-abattu-a-une-minute-de-larmistice","status":"publish","type":"page","link":"https:\/\/rrb.be\/rrb\/premiere-guerre-mondiale\/premiere-guerre-mondiale-le-suicide-du-soldat-americain-henry-gunther-abattu-a-une-minute-de-larmistice\/","title":{"rendered":"Premi\u00e8re Guerre Mondiale : le suicide du soldat Am\u00e9ricain Henry GUNTHER, abattu \u00e0 une minute de l\u2019armistice"},"content":{"rendered":"\n<blockquote class=\"wp-block-quote is-layout-flow wp-block-quote-is-layout-flow\">\n<p><strong><em>\u00c9trange histoire de cet Allemand naturalis\u00e9 Am\u00e9ricain avant la guerre, tu\u00e9 en tant que soldat Am\u00e9ricain suite \u00e0 un comportement suicidaire \u00e0 une minute de l\u2019armistice.<\/em><\/strong><\/p>\n<\/blockquote>\n\n\n\n<ul class=\"wp-block-list\">\n<li>N\u00e9 le 6 janvier 1895 \u00e0 Schaafheim, Hessen, Allemagne<\/li>\n\n\n\n<li>Tu\u00e9 le 11 novembre 1918 \u00e0 Chaumont-devant-Damvillers, 55107, Meuse, Lorraine, France, \u00e0 l\u2019\u00e2ge de 23 ans<\/li>\n\n\n\n<li>Soldat am\u00e9ricain, sergent (\u00e0 titre posthume), 313e bataillon de la 79e division d\u2019infanterie<\/li>\n<\/ul>\n\n\n\n<h2 class=\"wp-block-heading\">Informations<\/h2>\n\n\n\n<p>Soldat Am\u00e9ricain Henry GUNTHER, n\u00e9 en Allemagne le 6 janvier 1895, tu\u00e9 en France le 11 novembre 1918 \u00e0 10H59 par 5 balles de mitrailleuse allemandes, est r\u00e9put\u00e9 pour \u00eatre le dernier soldat Am\u00e9ricain a avoir \u00e9t\u00e9 tu\u00e9 durant la premi\u00e8re guerre mondiale.<\/p>\n\n\n\n<p>Naturalis\u00e9 Am\u00e9ricain vers 1898, Henry GUNTHER vit \u00e0 Baltimore avec ses parents et son fr\u00e8re Charles n\u00e9 aux Etats-Unis. Lorsque les Etats-Unis envoient leurs troupes en Europe, de part son origine, Henry GUNTHER n\u2019est pas imm\u00e9diatement appel\u00e9 \u00e0 combattre les Allemands. Ayant besoin de nouvelles recrues, il re\u00e7oit son ordre d\u2019enr\u00f4lement en septembre 1917 et rejoint la France le 12 septembre 1918, au sein du 313e bataillon de la 79e division d\u2019infanterie.<\/p>\n\n\n\n<p>Le 11 novembre 1918, inform\u00e9 qu\u2019\u00e0 11 heures le cess\u00e9 de feu sera officialis\u00e9, l\u2019escouade de GUNTHER s\u2019est approch\u00e9e d\u2019un barrage routier ou se trouvait deux mitrailleuses Allemandes, dans le village de Chaumont-devant-Damvillers pr\u00e8s de la Meuse, en Lorraine.<\/p>\n\n\n\n<p>Tout \u00e0 coup, GUNTHER se l\u00e8ve contre les ordres de son ami proche et sergent Ernest POWELL et charge vers les Allemands avec sa ba\u00efonnette. Les soldats Allemands, d\u00e9j\u00e0 inform\u00e9s de l\u2019armistice qui prendrait effet dans une minute, tentent de faire signe \u00e0 GUNTHER de s\u2019\u00e9loigner. <\/p>\n\n\n\n<p>Malgr\u00e9 les signaux des Allemands, il continue sa marche suicidaire en direction des soldats Allemands. Alors qu\u2019il s\u2019approche de trop pr\u00e8s des mitrailleuses, pour se prot\u00e9ger de sa ba\u00efonnette, les Allemands n\u2019ont d\u2019autre choix que de l\u2019abattre d\u2019une courte rafale de tir automatique, Henry GUNTHER est tu\u00e9 sur le coup de 5 balles dans le corps.<\/p>\n\n\n\n<h2 class=\"wp-block-heading\">Comment et pourquoi ce soldat a-t-il eu ce comportement suicidaire une minute avant la fin de la guerre ?<\/h2>\n\n\n\n<p>L\u2019\u00e9crivain James M. CAIN, alors reporter pour le quotidien local, The Sun, a interview\u00e9 les camarades de GUNTHER par la suite et a \u00e9crit que \u00ab&nbsp;GUNTHER m\u00e9ditait beaucoup sur sa r\u00e9cente r\u00e9trogradation (il \u00e9tait sergent) et est devenu obs\u00e9d\u00e9 par la d\u00e9termination de r\u00e9parer devant ses officiers et compagnons d\u2019armes&nbsp;\u00bb. Par son comportement face aux Allemands, sa mise \u00e0 mort \u00e9tait in\u00e9vitable, il en aurait \u00e9t\u00e9 de m\u00eame si elle avait eu lieu apr\u00e8s l\u2019heure fatidique des 11 heures. A-t-il voulu prouver son patriotisme envers la nation qui l\u2019a accueilli ?<\/p>\n\n\n\n<p>Naturalis\u00e9 Am\u00e9ricain, Henry Nicholas GUNTHER est n\u00e9 en Allemagne d\u2019o\u00f9 sont originaires ses parents, c\u2019est par ces m\u00eames Allemands qu\u2019il a \u00e9t\u00e9 tu\u00e9 une minute avant l\u2019armistice. Que c\u2019est-il pass\u00e9 dans la t\u00eate de cet homme, voulait-il mourir en h\u00e9ros, il a emport\u00e9 la r\u00e9ponse avec lui dans sa tombe. Des dizaines de millions de soldats sont morts durant cette guerre, Henry GUNTHER est le mort de trop.<\/p>\n\n\n\n<h2 class=\"wp-block-heading\">R\u00e9f\u00e9rences :<\/h2>\n\n\n\n<ul class=\"wp-block-list\">\n<li><strong>US Army Center Military History (CMH)<\/strong>&nbsp;: Rapport 79e DI, 11\/11\/1918 \u2013 Gunther (matricule 1854915) quitte abri contre ordres sergent Powell, charge MG allemandes barrage routier ; 5 balles torse, mort instantan\u00e9e.<\/li>\n\n\n\n<li><strong>National Archives (NARA)<\/strong>&nbsp;: Fiche service \u2013 N\u00e9 Schaafheim 06\/01\/1895, immigr\u00e9 Baltimore ~1900, naturalis\u00e9, r\u00e9trograd\u00e9 caporal peu avant (obsession r\u00e9demption).<\/li>\n\n\n\n<li><strong>James M. Cain (The Baltimore Sun)<\/strong>&nbsp;: Article 25\/12\/1918 \u2013 Interviews Powell\/camarades : \u00ab\u00a0Gunther hant\u00e9 par r\u00e9trogradation, voulait prouver valeur avant 11h\u00a0\u00bb. Allemands gesticulaient \u00ab\u00a0halte\u00a0\u00bb (inform\u00e9s armistice).<\/li>\n\n\n\n<li><strong>War Diary 313e Inf.<\/strong>&nbsp;: NARA RG120 \u2013 Arriv\u00e9e France 12\/09\/1918 ; secteur Meuse-Argonne fin offensive Pershing.<\/li>\n\n\n\n<li><strong>Joseph E. Persico<\/strong>,&nbsp;<em>Eleventh Month, Eleventh Day<\/em>&nbsp;(2001), pp. 401-405 : analyse psychologique \u00ab\u00a0death wish\u00a0\u00bb + r\u00e9demption.<\/li>\n\n\n\n<li><strong>CWGC<\/strong>&nbsp;: Tombe Meuse-Argonne ABMC ; promu sergent posthume.<\/li>\n\n\n\n<li><strong>St\u00e8le Chaumont<\/strong>&nbsp;: Plaque 1998 + chemin \u00ab\u00a0Last Man\u00a0\u00bb.<\/li>\n\n\n\n<li><strong>Mus\u00e9e<\/strong>&nbsp;: Meuse-Argonne Memorial (Romagne).<\/li>\n<\/ul>\n\n\n\n<p>Par Alain Schenkels<\/p>\n\n\n\n<figure data-wp-context=\"{&quot;imageId&quot;:&quot;69ea973122c4a&quot;}\" data-wp-interactive=\"core\/image\" data-wp-key=\"69ea973122c4a\" class=\"wp-block-image size-full is-resized wp-lightbox-container\"><img loading=\"lazy\" decoding=\"async\" width=\"728\" height=\"1006\" data-wp-class--hide=\"state.isContentHidden\" data-wp-class--show=\"state.isContentVisible\" data-wp-init=\"callbacks.setButtonStyles\" data-wp-on--click=\"actions.showLightbox\" data-wp-on--load=\"callbacks.setButtonStyles\" data-wp-on-window--resize=\"callbacks.setButtonStyles\" src=\"http:\/\/rrb.be\/rrb\/wp-content\/uploads\/2025\/12\/Alain_Schenkels-1.jpg\" alt=\"\" class=\"wp-image-329\" style=\"width:213px;height:auto\" srcset=\"https:\/\/rrb.be\/rrb\/wp-content\/uploads\/2025\/12\/Alain_Schenkels-1.jpg 728w, https:\/\/rrb.be\/rrb\/wp-content\/uploads\/2025\/12\/Alain_Schenkels-1-217x300.jpg 217w\" sizes=\"auto, (max-width: 728px) 100vw, 728px\" \/><button\n\t\t\tclass=\"lightbox-trigger\"\n\t\t\ttype=\"button\"\n\t\t\taria-haspopup=\"dialog\"\n\t\t\taria-label=\"Enlarge\"\n\t\t\tdata-wp-init=\"callbacks.initTriggerButton\"\n\t\t\tdata-wp-on--click=\"actions.showLightbox\"\n\t\t\tdata-wp-style--right=\"state.imageButtonRight\"\n\t\t\tdata-wp-style--top=\"state.imageButtonTop\"\n\t\t>\n\t\t\t<svg xmlns=\"http:\/\/www.w3.org\/2000\/svg\" width=\"12\" height=\"12\" fill=\"none\" viewBox=\"0 0 12 12\">\n\t\t\t\t<path fill=\"#fff\" d=\"M2 0a2 2 0 0 0-2 2v2h1.5V2a.5.5 0 0 1 .5-.5h2V0H2Zm2 10.5H2a.5.5 0 0 1-.5-.5V8H0v2a2 2 0 0 0 2 2h2v-1.5ZM8 12v-1.5h2a.5.5 0 0 0 .5-.5V8H12v2a2 2 0 0 1-2 2H8Zm2-12a2 2 0 0 1 2 2v2h-1.5V2a.5.5 0 0 0-.5-.5H8V0h2Z\" \/>\n\t\t\t<\/svg>\n\t\t<\/button><\/figure>\n\n\n\n<p>Cat\u00e9gorie(s) :<\/p>\n\n\n<div class=\"taxonomy-category wp-block-post-terms\"><a href=\"https:\/\/rrb.be\/rrb\/category\/conflits-guerres\/premiere-guerre-mondiale\/histoire-de-soldats-et-de-guerre\/\" rel=\"tag\">Histoire de soldats et de guerre<\/a><span class=\"wp-block-post-terms__separator\">, <\/span><a href=\"https:\/\/rrb.be\/rrb\/category\/conflits-guerres\/premiere-guerre-mondiale\/\" rel=\"tag\">Premi\u00e8re Guerre Mondiale<\/a><span class=\"wp-block-post-terms__separator\">, <\/span><a href=\"https:\/\/rrb.be\/rrb\/category\/conflits-guerres\/premiere-guerre-mondiale\/soldats-allies-tues-a-lennemi-premiere-guerre-mondiale\/\" rel=\"tag\">Soldats Alli\u00e9s tu\u00e9s \u00e0 l&rsquo;ennemi<\/a><\/div>\n\n\n<figure class=\"wp-block-embed is-type-wp-embed is-provider-alain-schenkels wp-block-embed-alain-schenkels\"><div class=\"wp-block-embed__wrapper\">\n<blockquote class=\"wp-embedded-content\" data-secret=\"Gjjlh7vHbQ\"><a href=\"https:\/\/rrb.be\/rrb\/premiere-guerre-mondiale\/\">Premi\u00e8re Guerre Mondiale<\/a><\/blockquote><iframe loading=\"lazy\" class=\"wp-embedded-content\" sandbox=\"allow-scripts\" security=\"restricted\" style=\"position: absolute; visibility: hidden;\" title=\"\u00ab\u00a0Premi\u00e8re Guerre Mondiale\u00a0\u00bb &#8212; Alain Schenkels\" src=\"https:\/\/rrb.be\/rrb\/premiere-guerre-mondiale\/embed\/#?secret=B4lNt623hf#?secret=Gjjlh7vHbQ\" data-secret=\"Gjjlh7vHbQ\" width=\"600\" height=\"338\" frameborder=\"0\" marginwidth=\"0\" marginheight=\"0\" scrolling=\"no\"><\/iframe>\n<\/div><\/figure>\n","protected":false},"excerpt":{"rendered":"<p>\u00c9trange histoire de cet Allemand naturalis\u00e9 Am\u00e9ricain avant la guerre, tu\u00e9 en tant que soldat Am\u00e9ricain suite \u00e0 un comportement suicidaire \u00e0 une minute de l\u2019armistice. Informations Soldat Am\u00e9ricain Henry GUNTHER, n\u00e9 en Allemagne le 6 janvier 1895, tu\u00e9 en France le 11 novembre 1918 \u00e0 10H59 par 5 balles de mitrailleuse allemandes, est r\u00e9put\u00e9 [&hellip;]<\/p>\n","protected":false},"author":1,"featured_media":838,"parent":727,"menu_order":0,"comment_status":"closed","ping_status":"closed","template":"","meta":{"footnotes":""},"categories":[33,10,37],"tags":[],"class_list":["post-837","page","type-page","status-publish","has-post-thumbnail","hentry","category-histoire-de-soldats-et-de-guerre","category-premiere-guerre-mondiale","category-soldats-allies-tues-a-lennemi-premiere-guerre-mondiale"],"_links":{"self":[{"href":"https:\/\/rrb.be\/rrb\/wp-json\/wp\/v2\/pages\/837","targetHints":{"allow":["GET"]}}],"collection":[{"href":"https:\/\/rrb.be\/rrb\/wp-json\/wp\/v2\/pages"}],"about":[{"href":"https:\/\/rrb.be\/rrb\/wp-json\/wp\/v2\/types\/page"}],"author":[{"embeddable":true,"href":"https:\/\/rrb.be\/rrb\/wp-json\/wp\/v2\/users\/1"}],"replies":[{"embeddable":true,"href":"https:\/\/rrb.be\/rrb\/wp-json\/wp\/v2\/comments?post=837"}],"version-history":[{"count":3,"href":"https:\/\/rrb.be\/rrb\/wp-json\/wp\/v2\/pages\/837\/revisions"}],"predecessor-version":[{"id":3154,"href":"https:\/\/rrb.be\/rrb\/wp-json\/wp\/v2\/pages\/837\/revisions\/3154"}],"up":[{"embeddable":true,"href":"https:\/\/rrb.be\/rrb\/wp-json\/wp\/v2\/pages\/727"}],"wp:featuredmedia":[{"embeddable":true,"href":"https:\/\/rrb.be\/rrb\/wp-json\/wp\/v2\/media\/838"}],"wp:attachment":[{"href":"https:\/\/rrb.be\/rrb\/wp-json\/wp\/v2\/media?parent=837"}],"wp:term":[{"taxonomy":"category","embeddable":true,"href":"https:\/\/rrb.be\/rrb\/wp-json\/wp\/v2\/categories?post=837"},{"taxonomy":"post_tag","embeddable":true,"href":"https:\/\/rrb.be\/rrb\/wp-json\/wp\/v2\/tags?post=837"}],"curies":[{"name":"wp","href":"https:\/\/api.w.org\/{rel}","templated":true}]}}