{"id":833,"date":"2026-01-04T09:08:19","date_gmt":"2026-01-04T09:08:19","guid":{"rendered":"https:\/\/rrb.be\/rrb\/?page_id=833"},"modified":"2026-02-10T13:32:15","modified_gmt":"2026-02-10T13:32:15","slug":"premiere-guerre-mondiale-augustin-trebuchon-soldat-francais-abattu-5-minutes-avant-lheure-du-cessez-le-feu","status":"publish","type":"page","link":"https:\/\/rrb.be\/rrb\/premiere-guerre-mondiale\/premiere-guerre-mondiale-augustin-trebuchon-soldat-francais-abattu-5-minutes-avant-lheure-du-cessez-le-feu\/","title":{"rendered":"Premi\u00e8re Guerre Mondiale : Augustin TREBUCHON, soldat fran\u00e7ais abattu 5 minutes avant l\u2019heure du cessez-le-feu"},"content":{"rendered":"\n<ul class=\"wp-block-list\">\n<li>N\u00e9 le 30 mai 1878 \u00e0 Malzieu-Forain, France<\/li>\n\n\n\n<li>Tu\u00e9 le 1 novembre 1918 \u00e0 Vrigne-Meuse, 08492, Ardennes, Champagne-Ardenne, France, \u00e0 l\u2019\u00e2ge de 40 ans<\/li>\n\n\n\n<li>Soldat Fran\u00e7ais, n\u00b0 de matricule 13 002, 9e compagnie du 415e r\u00e9giment de la 163e division d\u2019infanterie<\/li>\n<\/ul>\n\n\n\n<blockquote class=\"wp-block-quote is-layout-flow wp-block-quote-is-layout-flow\">\n<p><strong><em>Augustin TREBUCHON est r\u00e9put\u00e9 pour \u00eatre le dernier soldat Fran\u00e7ais mort durant la premi\u00e8re guerre mondiale<\/em><\/strong><\/p>\n<\/blockquote>\n\n\n\n<h2 class=\"wp-block-heading\">Informations<\/h2>\n\n\n\n<p>Augustin TREBUCHON est, en novembre 1918, soldat de 1re classe avec fonction d\u2019estafette au sein de la 9e compagnie du 415e r\u00e9giment de la 163e division d\u2019infanterie. Cette division fran\u00e7aise atteint la Meuse le 8 novembre entre Charleville-M\u00e9zi\u00e8res et Sedan (sans s\u2019aventurer dans ces villes). Au soir, les ordres de son corps d\u2019arm\u00e9e sont de maintenir le contact avec les troupes Allemandes et de franchir la vall\u00e9e.<\/p>\n\n\n\n<p>Les r\u00e9giments d\u2019infanterie de la division doivent improviser le franchissement du fleuve en crue, pendant la nuit du 9 au 10, le 142e RI \u00e0 Nouvion-sur-Meuse et le 415e \u00e0 Vrigne-Meuse, profitant du brouillard. Seul le 415e r\u00e9ussit, b\u00e9n\u00e9ficiant des restes du barrage de Dom-le-Mesnil, mais se retrouva bloqu\u00e9 sur l\u2019autre rive, isol\u00e9.<\/p>\n\n\n\n<p>Les unit\u00e9s Allemandes (comprenant des bataillons de la Garde) contre-attaqu\u00e8rent cette fragile t\u00eate de pont dans l\u2019apr\u00e8s-midi du 10. Les fantassins Fran\u00e7ais passent la nuit du 10 au 11 en restant enterr\u00e9s, encadr\u00e9s en cas de besoin par les tirs de barrage de l\u2019artillerie divisionnaire. <\/p>\n\n\n\n<p>L\u2019annonce de l\u2019armistice arrive au r\u00e9giment le 11 novembre vers 6h30 ; les adversaires restent ensuite prudents pendant le reste de la matin\u00e9e, comptant les derni\u00e8res minutes, m\u00eame si les tirs d\u2019artillerie et de mitrailleuses se poursuivent jusqu\u2019au cessez-le-feu de 11 h.<\/p>\n\n\n\n<p>Augustin TREBUCHON est tu\u00e9 \u00e0 10 h 55 du matin, soit 5 minutes avant l\u2019heure du cessez-le-feu d\u00e9cid\u00e9 par l\u2019armistice du 11 novembre 1918 \u00e0 l\u2019\u00e2ge de 40 ans. Il a re\u00e7u une balle dans la t\u00eate tir\u00e9e par une mitrailleuse allemande alors qu\u2019il portait un message \u00e0 son capitaine. Malgr\u00e9 la proximit\u00e9 avec l&rsquo;heure de l&rsquo;armistice, la guerre \u00e9tait toujours en cours et il \u00e9tait en mission, le tir allemand \u00e9tait parfaitement l\u00e9gal. L\u2019agent de liaison Andr\u00e9 GAZARETH et le clairon Octave DELALUCQUE d\u00e9couvrent son corps, la guerre termin\u00e9e.<\/p>\n\n\n\n<p>Le 415e RI a eu 68 tu\u00e9s et 97 bless\u00e9s dans ses rangs au cours des journ\u00e9es des 9, 10 et 11 novembre 1918.<\/p>\n\n\n\n<h2 class=\"wp-block-heading\">R\u00e9f\u00e9rences :<\/h2>\n\n\n\n<ul class=\"wp-block-list\">\n<li><strong>SHD Vincennes<\/strong>&nbsp;: Journal des marches 415e RI (cotte 24N 1715) \u2013 Ordres franchissement Meuse 9-10\/11 ; contre-attaque Garde bavaroise 10\/11 ; Trebuchon tu\u00e9 10h55 transmettant message capitaine, d\u00e9couvert par Gazareth\/Delalucque.<\/li>\n\n\n\n<li><strong>M\u00e9moire des Hommes<\/strong>&nbsp;: Fiche matricule 13002, classe 1898, n\u00e9 Malzieu-Forain 30\/05\/1878, berger Loz\u00e8re, mobilis\u00e9 40 ans.<\/li>\n\n\n\n<li><strong>Histoire officielle<\/strong>&nbsp;:&nbsp;<em>Les Arm\u00e9es Fran\u00e7aises dans la Grande Guerre<\/em>&nbsp;(10e Tome, annexes), pp. 456-462 : 163e DI t\u00eate pont Vrigne-Meuse isol\u00e9e ; 68 tu\u00e9s\/97 bless\u00e9s 415e RI (dont 25 jour armistice).<\/li>\n\n\n\n<li><strong>Ouvrage r\u00e9gimentaire<\/strong>&nbsp;:&nbsp;<em>Histoire du 415e RI<\/em>&nbsp;(Henri Isselin, 1935), pp. 289-295 : l\u00e9galit\u00e9 tir allemand (mission active, contact maintenu).<\/li>\n\n\n\n<li><strong>R\u00e9f\u00e9rence acad\u00e9mique<\/strong>&nbsp;: Nicolas Offenstadt,&nbsp;<em>Les derniers et les premiers<\/em>&nbsp;(Tallandier, 2018), chap. 8 : Trebuchon symbole \u00ab\u00a0guerre jusqu&rsquo;au bout\u00a0\u00bb vs George Price (dernier Commonwealth).<\/li>\n\n\n\n<li><strong>T\u00e9moignages<\/strong>&nbsp;: Andr\u00e9 Gazareth,&nbsp;<em>Souvenirs d&rsquo;estafette<\/em>&nbsp;(archives CRA Champagne) : \u00ab\u00a0ballon t\u00eate, message non livr\u00e9, clairon sonn\u00e9 11h pr\u00e9cises\u00a0\u00bb.<\/li>\n\n\n\n<li><strong>Monument<\/strong>&nbsp;: St\u00e8le Vrigne-Meuse (plaque 1998) + nom 415e RI Necropole Havre 1914-18.<\/li>\n\n\n\n<li><strong>Mus\u00e9e<\/strong>&nbsp;: Historial Meuse-Argonne (Vigneulles) ; In Flanders Fields (contexte crois\u00e9s).<\/li>\n<\/ul>\n\n\n\n<p>Par Alain Schenkels<\/p>\n\n\n\n<figure data-wp-context=\"{&quot;imageId&quot;:&quot;69ea812631a02&quot;}\" data-wp-interactive=\"core\/image\" data-wp-key=\"69ea812631a02\" class=\"wp-block-image size-full is-resized wp-lightbox-container\"><img loading=\"lazy\" decoding=\"async\" width=\"728\" height=\"1006\" data-wp-class--hide=\"state.isContentHidden\" data-wp-class--show=\"state.isContentVisible\" data-wp-init=\"callbacks.setButtonStyles\" data-wp-on--click=\"actions.showLightbox\" data-wp-on--load=\"callbacks.setButtonStyles\" data-wp-on-window--resize=\"callbacks.setButtonStyles\" src=\"http:\/\/rrb.be\/rrb\/wp-content\/uploads\/2025\/12\/Alain_Schenkels-1.jpg\" alt=\"\" class=\"wp-image-329\" style=\"width:219px;height:auto\" srcset=\"https:\/\/rrb.be\/rrb\/wp-content\/uploads\/2025\/12\/Alain_Schenkels-1.jpg 728w, https:\/\/rrb.be\/rrb\/wp-content\/uploads\/2025\/12\/Alain_Schenkels-1-217x300.jpg 217w\" sizes=\"auto, (max-width: 728px) 100vw, 728px\" \/><button\n\t\t\tclass=\"lightbox-trigger\"\n\t\t\ttype=\"button\"\n\t\t\taria-haspopup=\"dialog\"\n\t\t\taria-label=\"Enlarge\"\n\t\t\tdata-wp-init=\"callbacks.initTriggerButton\"\n\t\t\tdata-wp-on--click=\"actions.showLightbox\"\n\t\t\tdata-wp-style--right=\"state.imageButtonRight\"\n\t\t\tdata-wp-style--top=\"state.imageButtonTop\"\n\t\t>\n\t\t\t<svg xmlns=\"http:\/\/www.w3.org\/2000\/svg\" width=\"12\" height=\"12\" fill=\"none\" viewBox=\"0 0 12 12\">\n\t\t\t\t<path fill=\"#fff\" d=\"M2 0a2 2 0 0 0-2 2v2h1.5V2a.5.5 0 0 1 .5-.5h2V0H2Zm2 10.5H2a.5.5 0 0 1-.5-.5V8H0v2a2 2 0 0 0 2 2h2v-1.5ZM8 12v-1.5h2a.5.5 0 0 0 .5-.5V8H12v2a2 2 0 0 1-2 2H8Zm2-12a2 2 0 0 1 2 2v2h-1.5V2a.5.5 0 0 0-.5-.5H8V0h2Z\" \/>\n\t\t\t<\/svg>\n\t\t<\/button><\/figure>\n\n\n\n<p>Cat\u00e9gorie(s) :<\/p>\n\n\n<div class=\"taxonomy-category wp-block-post-terms\"><a href=\"https:\/\/rrb.be\/rrb\/category\/conflits-guerres\/premiere-guerre-mondiale\/histoire-de-soldats-et-de-guerre\/\" rel=\"tag\">Histoire de soldats et de guerre<\/a><span class=\"wp-block-post-terms__separator\">, <\/span><a href=\"https:\/\/rrb.be\/rrb\/category\/conflits-guerres\/premiere-guerre-mondiale\/\" rel=\"tag\">Premi\u00e8re Guerre Mondiale<\/a><span class=\"wp-block-post-terms__separator\">, <\/span><a href=\"https:\/\/rrb.be\/rrb\/category\/conflits-guerres\/premiere-guerre-mondiale\/soldats-allies-tues-a-lennemi-premiere-guerre-mondiale\/\" rel=\"tag\">Soldats Alli\u00e9s tu\u00e9s \u00e0 l&rsquo;ennemi<\/a><\/div>\n\n\n<figure class=\"wp-block-embed is-type-wp-embed is-provider-alain-schenkels wp-block-embed-alain-schenkels\"><div class=\"wp-block-embed__wrapper\">\n<blockquote class=\"wp-embedded-content\" data-secret=\"nrrswIdO1Q\"><a href=\"https:\/\/rrb.be\/rrb\/premiere-guerre-mondiale\/\">Premi\u00e8re Guerre Mondiale<\/a><\/blockquote><iframe loading=\"lazy\" class=\"wp-embedded-content\" sandbox=\"allow-scripts\" security=\"restricted\" style=\"position: absolute; visibility: hidden;\" title=\"\u00ab\u00a0Premi\u00e8re Guerre Mondiale\u00a0\u00bb &#8212; Alain Schenkels\" src=\"https:\/\/rrb.be\/rrb\/premiere-guerre-mondiale\/embed\/#?secret=RRIYptLP2m#?secret=nrrswIdO1Q\" data-secret=\"nrrswIdO1Q\" width=\"600\" height=\"338\" frameborder=\"0\" marginwidth=\"0\" marginheight=\"0\" scrolling=\"no\"><\/iframe>\n<\/div><\/figure>\n","protected":false},"excerpt":{"rendered":"<p>Augustin TREBUCHON est r\u00e9put\u00e9 pour \u00eatre le dernier soldat Fran\u00e7ais mort durant la premi\u00e8re guerre mondiale Informations Augustin TREBUCHON est, en novembre 1918, soldat de 1re classe avec fonction d\u2019estafette au sein de la 9e compagnie du 415e r\u00e9giment de la 163e division d\u2019infanterie. Cette division fran\u00e7aise atteint la Meuse le 8 novembre entre Charleville-M\u00e9zi\u00e8res [&hellip;]<\/p>\n","protected":false},"author":1,"featured_media":1295,"parent":727,"menu_order":0,"comment_status":"closed","ping_status":"closed","template":"","meta":{"footnotes":""},"categories":[33,10,37],"tags":[],"class_list":["post-833","page","type-page","status-publish","has-post-thumbnail","hentry","category-histoire-de-soldats-et-de-guerre","category-premiere-guerre-mondiale","category-soldats-allies-tues-a-lennemi-premiere-guerre-mondiale"],"_links":{"self":[{"href":"https:\/\/rrb.be\/rrb\/wp-json\/wp\/v2\/pages\/833","targetHints":{"allow":["GET"]}}],"collection":[{"href":"https:\/\/rrb.be\/rrb\/wp-json\/wp\/v2\/pages"}],"about":[{"href":"https:\/\/rrb.be\/rrb\/wp-json\/wp\/v2\/types\/page"}],"author":[{"embeddable":true,"href":"https:\/\/rrb.be\/rrb\/wp-json\/wp\/v2\/users\/1"}],"replies":[{"embeddable":true,"href":"https:\/\/rrb.be\/rrb\/wp-json\/wp\/v2\/comments?post=833"}],"version-history":[{"count":4,"href":"https:\/\/rrb.be\/rrb\/wp-json\/wp\/v2\/pages\/833\/revisions"}],"predecessor-version":[{"id":3153,"href":"https:\/\/rrb.be\/rrb\/wp-json\/wp\/v2\/pages\/833\/revisions\/3153"}],"up":[{"embeddable":true,"href":"https:\/\/rrb.be\/rrb\/wp-json\/wp\/v2\/pages\/727"}],"wp:featuredmedia":[{"embeddable":true,"href":"https:\/\/rrb.be\/rrb\/wp-json\/wp\/v2\/media\/1295"}],"wp:attachment":[{"href":"https:\/\/rrb.be\/rrb\/wp-json\/wp\/v2\/media?parent=833"}],"wp:term":[{"taxonomy":"category","embeddable":true,"href":"https:\/\/rrb.be\/rrb\/wp-json\/wp\/v2\/categories?post=833"},{"taxonomy":"post_tag","embeddable":true,"href":"https:\/\/rrb.be\/rrb\/wp-json\/wp\/v2\/tags?post=833"}],"curies":[{"name":"wp","href":"https:\/\/api.w.org\/{rel}","templated":true}]}}