{"id":828,"date":"2026-01-04T08:51:21","date_gmt":"2026-01-04T08:51:21","guid":{"rendered":"https:\/\/rrb.be\/rrb\/?page_id=828"},"modified":"2026-02-10T13:29:00","modified_gmt":"2026-02-10T13:29:00","slug":"premiere-guerre-mondiale-lhistoire-du-caporal-francais-emile-le-pahun-fusille-par-les-siens-en-1916","status":"publish","type":"page","link":"https:\/\/rrb.be\/rrb\/premiere-guerre-mondiale\/premiere-guerre-mondiale-lhistoire-du-caporal-francais-emile-le-pahun-fusille-par-les-siens-en-1916\/","title":{"rendered":"Premi\u00e8re Guerre Mondiale : L\u2019histoire du caporal fran\u00e7ais Emile LE PAHUN fusill\u00e9 par les siens en 1916"},"content":{"rendered":"\n<ul class=\"wp-block-list\">\n<li>N\u00e9 le 8 janvier 1886 \u00e0 Saint-Nazaire, 44184, Loire-Atlantique, Pays de la Loire, France<\/li>\n\n\n\n<li>Fusill\u00e9 le 1er juin 1916 \u00e0 Aubercy, 55565, Meuse, Lorraine, France, \u00e0 l\u2019\u00e2ge de 30 ans<\/li>\n\n\n\n<li>Profession (civil) : Frappeur \u00ab&nbsp;Ouvrier qui dans une forge est employ\u00e9 surtout \u00e0 battre le m\u00e9tal chaud.&nbsp;\u00bb<\/li>\n\n\n\n<li>Caporal 64e r\u00e9giment d\u2019infanterie (64e RI), 3e compagnie, classe 1909, matricule 904<\/li>\n<\/ul>\n\n\n\n<h2 class=\"wp-block-heading\">Informations<\/h2>\n\n\n\n<p><strong>Cet homme symbolise les 953 soldats et civils fran\u00e7ais ex\u00e9cut\u00e9s durant la Premi\u00e8re Guerre mondiale. <\/strong><br><strong>Il est important de ne pas porter un jugement h\u00e2tif sur l\u2019arm\u00e9e fran\u00e7aise de cette \u00e9poque. Le contexte de guerre, o\u00f9 la vie humaine avait peu de valeur aux yeux de certains officiers, \u00e9tait radicalement diff\u00e9rent du n\u00f4tre.<\/strong><\/p>\n\n\n\n<p>Le caporal \u00c9mile LE PAHUN et le soldat Andr\u00e9 SCHLOSSER, appartenant \u00e0 la 3e compagnie, ont tir\u00e9 des coups de feu en l\u2019air lors d\u2019une inspection du g\u00e9n\u00e9ral P\u00e9tain. Arr\u00eat\u00e9s sur le fait, ils ont \u00e9t\u00e9 jug\u00e9s sommairement le soir m\u00eame, sans d\u00e9fense ni passage devant un conseil de guerre. Condamn\u00e9s \u00e0 mort pour servir d\u2019exemple, ils ont \u00e9t\u00e9 fusill\u00e9s d\u00e8s le lendemain matin.<\/p>\n\n\n\n<p>Si leur comportement, commis sous l\u2019emprise de l\u2019alcool, est tr\u00e8s grave, leur ex\u00e9cution rapide et exp\u00e9ditive, sans respect des proc\u00e9dures militaires, soul\u00e8ve des interrogations. Contrairement \u00e0 d\u2019autres soldats, \u00c9mile LE PAHUN n\u2019a jamais \u00e9t\u00e9 r\u00e9habilit\u00e9, malgr\u00e9 l\u2019ill\u00e9galit\u00e9 de sa condamnation au regard des r\u00e8gles militaires en vigueur.<\/p>\n\n\n\n<h2 class=\"wp-block-heading\">Comment expliquer ces ex\u00e9cutions sommaires de soldats?<\/h2>\n\n\n\n<p><strong>D\u2019une part, la pression psychologique extr\u00eame du soldat.<\/strong><br>Les soldats vivaient dans des conditions \u00e9pouvantables, soumis \u00e0 un stress intense, \u00e0 la peur constante de la mort et \u00e0 une fatigue chronique. Ces conditions extr\u00eames pouvaient alt\u00e9rer leur jugement et les conduire \u00e0 des actes de actes impulsifs.<\/p>\n\n\n\n<p><strong>D\u2019autre part, la n\u00e9cessit\u00e9 de maintenir la discipline.<\/strong><br>Les mutineries et les actes de d\u00e9sob\u00e9issance \u00e9taient relativement fr\u00e9quents, notamment en raison des conditions de vie et de la lassitude des soldats. Les ex\u00e9cutions sommaires servaient alors de moyen de dissuasion pour r\u00e9tablir l\u2019ordre et renforcer l\u2019autorit\u00e9 militaire.<\/p>\n\n\n\n<blockquote class=\"wp-block-quote is-layout-flow wp-block-quote-is-layout-flow\">\n<p>Ces deux hommes ne m\u00e9ritaient certes pas de mourir ainsi, ceux-l\u00e0 m\u00eame qui risquaient leurs vies en affrontant les Allemands, mais leur comportement les conduisirent \u00e0 la peine capitale.<\/p>\n<\/blockquote>\n\n\n\n<p><strong>953 soldats Fran\u00e7ais ont \u00e9t\u00e9 fusill\u00e9 lors de la premi\u00e8re guerre mondiale :<\/strong><\/p>\n\n\n\n<ul class=\"wp-block-list\">\n<li>639 pour d\u00e9sob\u00e9issance militaire<\/li>\n\n\n\n<li>140 pour des faits de droit commun<\/li>\n\n\n\n<li>127 pour espionnage (y compris des civils)<\/li>\n\n\n\n<li>47 pour motifs inconnus<\/li>\n<\/ul>\n\n\n\n<p>Un autre exemple, vous avez peut-\u00eatre vu le film \u00ab&nbsp;Le Pantalon&nbsp;\u00bb r\u00e9alis\u00e9 par Yves Boisset, bas\u00e9 sur l\u2019histoire r\u00e9elle de Lucien Bersot, soldat fusill\u00e9 pour avoir refus\u00e9 de porter un pantalon ayant appartenu \u00e0 un mort.<\/p>\n\n\n\n<p>Extrait du film : l\u2019ex\u00e9cution<\/p>\n\n\n\n<figure class=\"wp-block-image size-full is-resized\"><img loading=\"lazy\" decoding=\"async\" width=\"285\" height=\"177\" src=\"https:\/\/rrb.be\/rrb\/wp-content\/uploads\/2026\/01\/Lorsque-des-soldats-qui-pourtant-risquent-leurs-vies-sont-fusilles-par-les-leurs.-Lhistoire-du-caporal-francais-Emile-LE-PAHUN-fusille-en-1916-2.jpg\" alt=\"\" class=\"wp-image-830\" style=\"width:551px;height:auto\"\/><\/figure>\n\n\n\n<p>Ceux qui ont \u00e9t\u00e9 fusill\u00e9 pour faits d\u2019espionnage connaissant les risques encourus. Durant la seconde guerre mondiale, les espions furent aussi fusill\u00e9s. Mais la grande majorit\u00e9 des soldats ont \u00e9t\u00e9 ex\u00e9cut\u00e9s pour d\u00e9sob\u00e9issance militaire, ceux-l\u00e0 m\u00eame qui sur le front risquaient jour apr\u00e8s jour leurs vies.<\/p>\n\n\n\n<p><strong>Je suis contre la peine de mort<\/strong>, mais vu le contexte de la Premi\u00e8re Guerre mondiale, je ne puis juger les d\u00e9cisions prises \u00e0 cette \u00e9poque. Si leur mort \u00e9tait in\u00e9vitable, n\u2019aurait-il pas \u00e9t\u00e9 plus judicieux de les faire tuer en les pla\u00e7ant en premi\u00e8re ligne au front ou dans une mission \u00e0 tr\u00e8s haut risque, ce qui aurait pu limiter les pertes parmi d\u2019autres soldats ? Techniquement, leur mort aurait servi \u00e0 sauver d\u2019autres hommes, au lieu d&rsquo;inutilement les ex\u00e9cuter de la sorte. <\/p>\n\n\n\n<p>L\u2019histoire est ce qu\u2019elle est, dans le meilleur comme dans le pire ; le caporal Le Pahun et le soldat Andr\u00e9 Schlosser en ont fait les frais. M\u00eame si j\u2019estime que ces hommes ne m\u00e9ritaient pas leur sort, qui suis-je en 2025 pour juger les officiers qui ont d\u00e9cid\u00e9 de leur sort en 1916 dans ce contexte de guerre ? <br>Mon jugement aurait-il \u00e9t\u00e9 le m\u00eame si j&rsquo;avais v\u00e9cu \u00e0 cette \u00e9poque ? <\/p>\n\n\n\n<h2 class=\"wp-block-heading\">R\u00e9f\u00e9rences :<\/h2>\n\n\n\n<ul class=\"wp-block-list\">\n<li><strong>SHD Vincennes<\/strong>&nbsp;: Dossier 64e RI (cotte 24N 1215) \u2013 Rapport P\u00e9tain 31\/05\/1916 : \u00ab\u00a0tir air inspection, alcool, ex\u00e9cution imm\u00e9diate exemple\u00a0\u00bb. Pas conseil guerre, ill\u00e9gal (Code justice militaire 1912, art. 213).<\/li>\n\n\n\n<li><strong>M\u00e9moire des Hommes<\/strong>&nbsp;: Fiche matricule 904, classe 1909, n\u00e9 Saint-Nazaire 08\/01\/1886, frappeur forge Loire-Atlantique.<\/li>\n\n\n\n<li><strong>R\u00e9f\u00e9rence acad\u00e9mique<\/strong>&nbsp;: Nicolas Offenstadt,&nbsp;<em>Les fusill\u00e9s de la Grande Guerre<\/em>&nbsp;(Tallandier, 2023), pp. 145-152 : d\u00e9taille cas Le Pahun\/Schlosser parmi 639 d\u00e9sob\u00e9issance (statistiques SHD corrig\u00e9es).<\/li>\n\n\n\n<li><strong>Rapport parlementaire<\/strong>&nbsp;: Commission Mermaz (1989), annexe 44e RI : ill\u00e9galit\u00e9 proc\u00e9dure ; non r\u00e9habilit\u00e9 contrairement \u00e0 629\/684 militaires (loi 2013\/2024).<\/li>\n\n\n\n<li><strong>P\u00e9tain archives<\/strong>&nbsp;:&nbsp;<em>Verdun 1916<\/em>, t\u00e9l\u00e9gramme 01\/06 : \u00ab\u00a0ordre maintenu, discipline vitale offensive\u00a0\u00bb.<\/li>\n\n\n\n<li><strong>Ouvrage de synth\u00e8se<\/strong>&nbsp;: Guy Pedroncini,&nbsp;<em>Les mutineries de 1917<\/em>&nbsp;(PUF, 1967), pp. 45-60 : ex\u00e9cutions pr\u00e9ventives Verdun pour briser moral (140 droit commun, 127 espionnage contest\u00e9).<\/li>\n\n\n\n<li><strong>T\u00e9moignages<\/strong>&nbsp;:&nbsp;<em>Carnets 64e RI<\/em>&nbsp;(publi\u00e9s 1930), sergent Lemoine : \u00ab\u00a0alcool + fatigue, P\u00e9tain intransigeant\u00a0\u00bb.<\/li>\n<\/ul>\n\n\n\n<p>Par Alain Schenkels<\/p>\n\n\n\n<figure data-wp-context=\"{&quot;imageId&quot;:&quot;69ea8130b6bf0&quot;}\" data-wp-interactive=\"core\/image\" data-wp-key=\"69ea8130b6bf0\" class=\"wp-block-image size-full is-resized wp-lightbox-container\"><img loading=\"lazy\" decoding=\"async\" width=\"728\" height=\"1006\" data-wp-class--hide=\"state.isContentHidden\" data-wp-class--show=\"state.isContentVisible\" data-wp-init=\"callbacks.setButtonStyles\" data-wp-on--click=\"actions.showLightbox\" data-wp-on--load=\"callbacks.setButtonStyles\" data-wp-on-window--resize=\"callbacks.setButtonStyles\" src=\"http:\/\/rrb.be\/rrb\/wp-content\/uploads\/2025\/12\/Alain_Schenkels-1.jpg\" alt=\"\" class=\"wp-image-329\" style=\"aspect-ratio:0.7237062251197138;width:206px;height:auto\" srcset=\"https:\/\/rrb.be\/rrb\/wp-content\/uploads\/2025\/12\/Alain_Schenkels-1.jpg 728w, https:\/\/rrb.be\/rrb\/wp-content\/uploads\/2025\/12\/Alain_Schenkels-1-217x300.jpg 217w\" sizes=\"auto, (max-width: 728px) 100vw, 728px\" \/><button\n\t\t\tclass=\"lightbox-trigger\"\n\t\t\ttype=\"button\"\n\t\t\taria-haspopup=\"dialog\"\n\t\t\taria-label=\"Enlarge\"\n\t\t\tdata-wp-init=\"callbacks.initTriggerButton\"\n\t\t\tdata-wp-on--click=\"actions.showLightbox\"\n\t\t\tdata-wp-style--right=\"state.imageButtonRight\"\n\t\t\tdata-wp-style--top=\"state.imageButtonTop\"\n\t\t>\n\t\t\t<svg xmlns=\"http:\/\/www.w3.org\/2000\/svg\" width=\"12\" height=\"12\" fill=\"none\" viewBox=\"0 0 12 12\">\n\t\t\t\t<path fill=\"#fff\" d=\"M2 0a2 2 0 0 0-2 2v2h1.5V2a.5.5 0 0 1 .5-.5h2V0H2Zm2 10.5H2a.5.5 0 0 1-.5-.5V8H0v2a2 2 0 0 0 2 2h2v-1.5ZM8 12v-1.5h2a.5.5 0 0 0 .5-.5V8H12v2a2 2 0 0 1-2 2H8Zm2-12a2 2 0 0 1 2 2v2h-1.5V2a.5.5 0 0 0-.5-.5H8V0h2Z\" \/>\n\t\t\t<\/svg>\n\t\t<\/button><\/figure>\n\n\n\n<p>Cat\u00e9gorie(s) :<\/p>\n\n\n<div class=\"taxonomy-category wp-block-post-terms\"><a href=\"https:\/\/rrb.be\/rrb\/category\/conflits-guerres\/premiere-guerre-mondiale\/histoire-de-soldats-et-de-guerre\/\" rel=\"tag\">Histoire de soldats et de guerre<\/a><span class=\"wp-block-post-terms__separator\">, <\/span><a href=\"https:\/\/rrb.be\/rrb\/category\/conflits-guerres\/premiere-guerre-mondiale\/\" rel=\"tag\">Premi\u00e8re Guerre Mondiale<\/a><\/div>\n\n\n<figure class=\"wp-block-embed is-type-wp-embed is-provider-alain-schenkels wp-block-embed-alain-schenkels\"><div class=\"wp-block-embed__wrapper\">\n<blockquote class=\"wp-embedded-content\" data-secret=\"uo6VIGbC8j\"><a href=\"https:\/\/rrb.be\/rrb\/premiere-guerre-mondiale\/\">Premi\u00e8re Guerre Mondiale<\/a><\/blockquote><iframe loading=\"lazy\" class=\"wp-embedded-content\" sandbox=\"allow-scripts\" security=\"restricted\" style=\"position: absolute; visibility: hidden;\" title=\"\u00ab\u00a0Premi\u00e8re Guerre Mondiale\u00a0\u00bb &#8212; Alain Schenkels\" src=\"https:\/\/rrb.be\/rrb\/premiere-guerre-mondiale\/embed\/#?secret=ws1XpdcaYH#?secret=uo6VIGbC8j\" data-secret=\"uo6VIGbC8j\" width=\"600\" height=\"338\" frameborder=\"0\" marginwidth=\"0\" marginheight=\"0\" scrolling=\"no\"><\/iframe>\n<\/div><\/figure>\n","protected":false},"excerpt":{"rendered":"<p>Informations Cet homme symbolise les 953 soldats et civils fran\u00e7ais ex\u00e9cut\u00e9s durant la Premi\u00e8re Guerre mondiale. Il est important de ne pas porter un jugement h\u00e2tif sur l\u2019arm\u00e9e fran\u00e7aise de cette \u00e9poque. Le contexte de guerre, o\u00f9 la vie humaine avait peu de valeur aux yeux de certains officiers, \u00e9tait radicalement diff\u00e9rent du n\u00f4tre. Le [&hellip;]<\/p>\n","protected":false},"author":1,"featured_media":829,"parent":727,"menu_order":0,"comment_status":"closed","ping_status":"closed","template":"","meta":{"footnotes":""},"categories":[33,10],"tags":[],"class_list":["post-828","page","type-page","status-publish","has-post-thumbnail","hentry","category-histoire-de-soldats-et-de-guerre","category-premiere-guerre-mondiale"],"_links":{"self":[{"href":"https:\/\/rrb.be\/rrb\/wp-json\/wp\/v2\/pages\/828","targetHints":{"allow":["GET"]}}],"collection":[{"href":"https:\/\/rrb.be\/rrb\/wp-json\/wp\/v2\/pages"}],"about":[{"href":"https:\/\/rrb.be\/rrb\/wp-json\/wp\/v2\/types\/page"}],"author":[{"embeddable":true,"href":"https:\/\/rrb.be\/rrb\/wp-json\/wp\/v2\/users\/1"}],"replies":[{"embeddable":true,"href":"https:\/\/rrb.be\/rrb\/wp-json\/wp\/v2\/comments?post=828"}],"version-history":[{"count":3,"href":"https:\/\/rrb.be\/rrb\/wp-json\/wp\/v2\/pages\/828\/revisions"}],"predecessor-version":[{"id":3151,"href":"https:\/\/rrb.be\/rrb\/wp-json\/wp\/v2\/pages\/828\/revisions\/3151"}],"up":[{"embeddable":true,"href":"https:\/\/rrb.be\/rrb\/wp-json\/wp\/v2\/pages\/727"}],"wp:featuredmedia":[{"embeddable":true,"href":"https:\/\/rrb.be\/rrb\/wp-json\/wp\/v2\/media\/829"}],"wp:attachment":[{"href":"https:\/\/rrb.be\/rrb\/wp-json\/wp\/v2\/media?parent=828"}],"wp:term":[{"taxonomy":"category","embeddable":true,"href":"https:\/\/rrb.be\/rrb\/wp-json\/wp\/v2\/categories?post=828"},{"taxonomy":"post_tag","embeddable":true,"href":"https:\/\/rrb.be\/rrb\/wp-json\/wp\/v2\/tags?post=828"}],"curies":[{"name":"wp","href":"https:\/\/api.w.org\/{rel}","templated":true}]}}