{"id":824,"date":"2026-01-04T08:29:21","date_gmt":"2026-01-04T08:29:21","guid":{"rendered":"https:\/\/rrb.be\/rrb\/?page_id=824"},"modified":"2026-02-10T13:30:35","modified_gmt":"2026-02-10T13:30:35","slug":"premiere-guerre-mondiale-les-trois-premiers-soldats-americains-tues-en-france-en-1917","status":"publish","type":"page","link":"https:\/\/rrb.be\/rrb\/premiere-guerre-mondiale\/premiere-guerre-mondiale-les-trois-premiers-soldats-americains-tues-en-france-en-1917\/","title":{"rendered":"Premi\u00e8re Guerre Mondiale : Les trois premiers soldats Am\u00e9ricains tu\u00e9s en France en 1917"},"content":{"rendered":"\n<blockquote class=\"wp-block-quote is-layout-flow wp-block-quote-is-layout-flow\">\n<p><strong><em>Les trois premiers soldats Am\u00e9ricains tu\u00e9s durant la premi\u00e8re guerre mondiale, tous trois au corps \u00e0 corps le 3 novembre 1917 \u00e0 Artois en France :<\/em><\/strong><br><strong><em>James B. GRESHAM, Merle D. HAY, et Thomas F. ENRIGH.<\/em><\/strong><\/p>\n<\/blockquote>\n\n\n\n<p>Les Am\u00e9ricains, en inf\u00e9riorit\u00e9 num\u00e9rique, ont \u00e9t\u00e9 pris par surprise alors qu\u2019ils sortaient de leurs abris en bois et en terre dans une tranch\u00e9e pour engager l\u2019ennemi dans un combat au corps \u00e0 corps dans l\u2019obscurit\u00e9 et la confusion.<\/p>\n\n\n\n<p>Apr\u00e8s une heure, les Allemands se sont retir\u00e9s et la bagarre a pris fin. Des renforts ont atteint les Am\u00e9ricains assi\u00e9g\u00e9s peu de temps apr\u00e8s pour d\u00e9couvrir cinq soldats bless\u00e9s, douze soldats captur\u00e9s et trois soldats tu\u00e9s.<\/p>\n\n\n\n<h2 class=\"wp-block-heading\">Soldat Thomas Francis ENRIGHT<\/h2>\n\n\n\n<ul class=\"wp-block-list\">\n<li>N\u00e9 le 7 mai 1887 \u00e0 Bloomfield, Pennsylvania, Etats-Unis d\u2019Am\u00e9rique<\/li>\n\n\n\n<li>Tu\u00e9 le 3 novembre 1917 \u00e0 Artois, France, \u00e0 l\u2019\u00e2ge de 30 ans<\/li>\n\n\n\n<li>Soldat US de premi\u00e8re classe, Compagnie F, 16th Infantry Regiment, 1st Infantry Division<\/li>\n<\/ul>\n\n\n\n<h2 class=\"wp-block-heading\">Informations<\/h2>\n\n\n\n<p>Bless\u00e9 d\u2019un coup de ba\u00efonnette au ventre, ensuite \u00e9gorg\u00e9, \u00e0 l\u2019\u00e2ge de 30 ans<\/p>\n\n\n\n<p>Thomas Francis ENRIGHT est n\u00e9 le 8 mai 1887 \u00e0 Bloomfield, en Pennsylvanie. Il \u00e9tait le septi\u00e8me enfant d\u2019immigrants Irlandais, parents Ellen et John Enright. Il \u00e9tait aussi leur premier enfant \u00e0 ne pas na\u00eetre en Irlande. Il s\u2019est enr\u00f4l\u00e9 dans l\u2019arm\u00e9e am\u00e9ricaine en 1909. Il avait servi en Chine apr\u00e8s la r\u00e9bellion des Boxers et avait obtenu le titre de cavalier expert en combattant Moros pendant l\u2019insurrection des Philippines. En 1914, il servait \u00e0 Veracruz avec le 16e r\u00e9giment d\u2019infanterie. En 1916, il \u00e9tait \u00e0 nouveau au Mexique servant sous les ordres du g\u00e9n\u00e9ral John J. Pershing, lors de son exp\u00e9dition pour localiser et capturer Pancho Villa. Quelque temps apr\u00e8s, il quitta l\u2019arm\u00e9e et retourna dans la r\u00e9gion de Pittsburgh.<\/p>\n\n\n\n<p>Enright se r\u00e9engage et rejoint le 16th Infantry \u00e0 Fort Bliss au Texas. Le 26 juin 1917, le r\u00e9giment d\u00e9barque \u00e0 Saint-Nazaire, en France au sein de la 1re Division d\u2019infanterie. Quatre mois plus tard, la compagnie d\u2019Enright est d\u00e9plac\u00e9e dans les tranch\u00e9es pr\u00e8s d\u2019Artois, en France.<\/p>\n\n\n\n<p>Au petit matin du 3 novembre 1917, l\u2019arm\u00e9e imp\u00e9riale Allemande attaque. Durant l\u2019heure de combat, Enright \u2013 habitu\u00e9 des champs de bataille \u2013 se bat contre l\u2019ennemi dans l\u2019obscurit\u00e9 quasi totale. Alors qu\u2019il se retourne apr\u00e8s avoir tu\u00e9 un ennemi, il se trouve face \u00e0 face avec un soldat Allemand qui lui ass\u00e8ne un coup de ba\u00efonnette au ventre, allong\u00e9 \u00e0 terre gri\u00e8vement bless\u00e9, le soldat allemand l\u2019ach\u00e8ve enfon\u00e7ant sa ba\u00efonnette dans la gorge de notre soldat, il est tu\u00e9 \u00e0 l\u2019\u00e2ge de 30 ans.<\/p>\n\n\n\n<hr class=\"wp-block-separator has-alpha-channel-opacity\"\/>\n\n\n\n<h2 class=\"wp-block-heading\">Caporal James Bethel GRESHAM<\/h2>\n\n\n\n<ul class=\"wp-block-list\">\n<li>N\u00e9 le 23 ao\u00fbt 1893 \u00e0 McLeansboro, Kentucky, Etats-Unis d\u2019Am\u00e9rique<\/li>\n\n\n\n<li>Tu\u00e9 le 3 novembre 1917 \u00e0 Artois, France, \u00e0 l\u2019\u00e2ge de 24 ans<\/li>\n\n\n\n<li>Caporal US, Compagnie F, 16th Infantry Regiment, 1st Infantry Division<\/li>\n<\/ul>\n\n\n\n<h2 class=\"wp-block-heading\">Informations<\/h2>\n\n\n\n<p>Tu\u00e9 face \u00e0 face d\u2019une balle en plein front \u00e0 l\u2019\u00e2ge de 24 ans.<\/p>\n\n\n\n<p>James Bethel GRESHAM est n\u00e9 le 23 aout 1893 \u00e0 McLean County dans le Kentucky. A l\u2019\u00e2ge de 8 ans, il part vivre avec sa famille \u00e0 Evansville dans l\u2019Indiana. En 1914, \u00e0 l\u2019\u00e2ge de 21 ans il s\u2019engage dans l\u2019arm\u00e9e Am\u00e9ricaine et va servir \u00e0 la fronti\u00e8re mexicaine jusqu\u2019en avril 1917. Il s\u2019engage ensuite dans la premi\u00e8re guerre mondiale et rejoint Artois en France.<\/p>\n\n\n\n<p>Au petit matin du 3 novembre 1917, l\u2019arm\u00e9e imp\u00e9riale Allemande attaque. Durant l\u2019heure du combat, le caporal Gresham \u2013 d\u00e9j\u00e0 exp\u00e9riment\u00e9 \u00e0 la guerre \u2013 parvient \u00e0 tuer plusieurs Allemands, mais dans l\u2019obscurit\u00e9 la plus totale il se trouve sans le savoir face \u00e0 face \u00e0 moins de deux m\u00e8tres de distance d\u2019un soldat Allemand. Une fus\u00e9e \u00e9clairante permet au soldat Allemand d\u2019apercevoir le visage du caporal Gresham juste devant lui. L\u2019Allemand est le plus rapide et tue Gresham d\u2019une balle dans le front qui tombe en arri\u00e8re mort sur le coup, il \u00e9tait \u00e2g\u00e9 de 24 ans.<\/p>\n\n\n\n<p>A noter que son fr\u00e8re John Wesley participa aussi \u00e0 la premi\u00e8re guerre mondiale et y sera gri\u00e8vement bless\u00e9, il d\u00e9c\u00e9dera de ses blessures le 27 octobre 1918 \u00e0 son domicile aux Etats-Unis \u00e0 l\u2019\u00e2ge de 35 ans.<\/p>\n\n\n\n<hr class=\"wp-block-separator has-alpha-channel-opacity\"\/>\n\n\n\n<h2 class=\"wp-block-heading\">Soldat Merle David HAY<\/h2>\n\n\n\n<ul class=\"wp-block-list\">\n<li>N\u00e9 le 20 juillet 1896 \u00e0 Glidden, Carroll County, Iowa, Etats-Unis USA<\/li>\n\n\n\n<li>Tu\u00e9 le 3 novembre 1917 \u00e0 Artois, France, \u00e0 l\u2019\u00e2ge de 21 ans<\/li>\n\n\n\n<li>Soldat US de premi\u00e8re classe, Compagnie F, 16th Infantry Regiment, 1st Infantry Division<\/li>\n<\/ul>\n\n\n\n<h2 class=\"wp-block-heading\">Informations<\/h2>\n\n\n\n<p>Bless\u00e9 d\u2019une balle sous l\u2019oeil droit, ensuite \u00e9gorg\u00e9 \u00e0 l\u2019\u00e2ge de 21 ans.<\/p>\n\n\n\n<p>Merle Hay est n\u00e9 le 20 juillet 1896 dans une ferme du comt\u00e9 de Carroll, dans l\u2019Iowa, de Harvey et Carrie Hay. Il \u00e9tait l\u2019a\u00een\u00e9 de 3 enfants. En 1909, la famille d\u00e9m\u00e9nagea dans une autre ferme pr\u00e8s de Glidden. Avant son service dans l\u2019arm\u00e9e des \u00c9tats-Unis, il \u00e9tait m\u00e9canicien d\u2019outils agricoles.<\/p>\n\n\n\n<p>Lorsque les \u00c9tats-Unis sont entr\u00e9s dans la Premi\u00e8re Guerre mondiale, Hay \u00e9tait assez jeune pour \u00e9viter d\u2019\u00eatre enr\u00f4l\u00e9. Avec la b\u00e9n\u00e9diction de son p\u00e8re, il s\u2019est volontairement enr\u00f4l\u00e9 le 9 mai 1917. Il faisait partie des 8 hommes de Glidden qui se sont enr\u00f4l\u00e9s ce jour-l\u00e0. Ils ont d\u2019abord \u00e9t\u00e9 exp\u00e9di\u00e9s \u00e0 Fort Logan, Colorado, puis \u00e0 Fort Bliss \u00e0 El Paso, Texas. Il a \u00e9t\u00e9 assign\u00e9 au 16\u00e8me R\u00e9giment d\u2019Infanterie. Le 26 juin 1917, le r\u00e9giment d\u00e9barqua les navires de troupe \u00e0 Saint-Nazaire, en France, dans le cadre de la 1re Division d\u2019infanterie. En novembre 1917, il est affect\u00e9 \u00e0 la compagnie F avec le caporal James Bethel Gresham et le soldat Thomas Enright. Ils \u00e9taient post\u00e9s dans les tranch\u00e9es pr\u00e8s du village fran\u00e7ais d\u2019Artois.<\/p>\n\n\n\n<p>Son bapt\u00eame du feu a lieu le 3 novembre 1917 au petit matin. L\u2019arm\u00e9e imp\u00e9riale Allemande attaque. Le soldat Hoyt Decker a vu Merle Hay combattre deux soldats Allemands avec une ba\u00efonnette dans la faible lumi\u00e8re scintillante des fus\u00e9es \u00e9clairantes pendant la bataille. Le soldat Merle Hay a \u00e9t\u00e9 retrouv\u00e9 face contre terre dans la boue apr\u00e8s l\u2019attaque avec un pistolet de calibre 45 \u00e0 la main, tu\u00e9 d\u2019une blessure par balle de 9 millim\u00e8tres sous son oeil droit, sa gorge a \u00e9galement \u00e9t\u00e9 profond\u00e9ment tranch\u00e9e. La montre que sa m\u00e8re lui avait offerte s\u2019est arr\u00eat\u00e9e \u00e0 2h40, il \u00e9tait \u00e2g\u00e9 de 21 ans.<\/p>\n\n\n\n<p>La m\u00e8re de Hay s\u2019est effondr\u00e9e en apprenant sa mort, dans une interview deux jours apr\u00e8s le p\u00e8re de Hay a d\u00e9clar\u00e9 : \u00ab&nbsp;<em>Je suis fier de mon gar\u00e7on, il a donn\u00e9 sa vie pour son pays<\/em>&nbsp;\u00bb. Il laisse dans le deuil un fr\u00e8re cadet Basil, dix-huit ans, et une s\u0153ur Opel, quatorze ans.<\/p>\n\n\n\n<blockquote class=\"wp-block-quote is-layout-flow wp-block-quote-is-layout-flow\">\n<p>C&rsquo;est ainsi qu&rsquo;en cette funeste ann\u00e9e 1917, les trois premiers soldats am\u00e9ricains p\u00e9rirent sous le feu allemand.<\/p>\n<\/blockquote>\n\n\n\n<h2 class=\"wp-block-heading\">R\u00e9f\u00e9rences :<\/h2>\n\n\n\n<ul class=\"wp-block-list\">\n<li><strong>Ouvrage r\u00e9f\u00e9rence<\/strong>&nbsp;: David Kennedy,&nbsp;<em>Over Here<\/em>&nbsp;(Oxford UP, 1980), pp. 45-50 : \u00ab\u00a0premiers sang US secteur tranquille Artois\u00a0\u00bb.<\/li>\n\n\n\n<li><strong>Rapport Pershing<\/strong>&nbsp;:&nbsp;<em>My Experiences in the World War<\/em>&nbsp;(1931), vol.1 p.112 : confirme 16e RI \u00ab\u00a0bapt\u00eame feu\u00a0\u00bb.<\/li>\n\n\n\n<li><strong>T\u00e9moignage<\/strong>&nbsp;: Hoyt Decker (survivant) : Hay ba\u00efonnette vs 2 Allemands ; Goodmurphy enqu\u00eate 1918.<\/li>\n\n\n\n<li><strong>Raid allemand<\/strong>&nbsp;: Test 1re Div US (GQG Foch) ; Fran\u00e7ais rel\u00e8vent apr\u00e8s.<\/li>\n\n\n\n<li><strong>Hommages<\/strong>&nbsp;: St\u00e8les Iowa\/Kentucky\/PA ; Merle Hay Barracks (IA) nomm\u00e9 ; film&nbsp;<em>The Big Parade<\/em>&nbsp;inspir\u00e9.<\/li>\n<\/ul>\n\n\n\n<p>Par Alain Schenkels<\/p>\n\n\n\n<figure data-wp-context=\"{&quot;imageId&quot;:&quot;69ea8159a2b9b&quot;}\" data-wp-interactive=\"core\/image\" data-wp-key=\"69ea8159a2b9b\" class=\"wp-block-image size-full is-resized wp-lightbox-container\"><img loading=\"lazy\" decoding=\"async\" width=\"728\" height=\"1006\" data-wp-class--hide=\"state.isContentHidden\" data-wp-class--show=\"state.isContentVisible\" data-wp-init=\"callbacks.setButtonStyles\" data-wp-on--click=\"actions.showLightbox\" data-wp-on--load=\"callbacks.setButtonStyles\" data-wp-on-window--resize=\"callbacks.setButtonStyles\" src=\"http:\/\/rrb.be\/rrb\/wp-content\/uploads\/2025\/12\/Alain_Schenkels-1.jpg\" alt=\"\" class=\"wp-image-329\" style=\"width:229px;height:auto\" srcset=\"https:\/\/rrb.be\/rrb\/wp-content\/uploads\/2025\/12\/Alain_Schenkels-1.jpg 728w, https:\/\/rrb.be\/rrb\/wp-content\/uploads\/2025\/12\/Alain_Schenkels-1-217x300.jpg 217w\" sizes=\"auto, (max-width: 728px) 100vw, 728px\" \/><button\n\t\t\tclass=\"lightbox-trigger\"\n\t\t\ttype=\"button\"\n\t\t\taria-haspopup=\"dialog\"\n\t\t\taria-label=\"Enlarge\"\n\t\t\tdata-wp-init=\"callbacks.initTriggerButton\"\n\t\t\tdata-wp-on--click=\"actions.showLightbox\"\n\t\t\tdata-wp-style--right=\"state.imageButtonRight\"\n\t\t\tdata-wp-style--top=\"state.imageButtonTop\"\n\t\t>\n\t\t\t<svg xmlns=\"http:\/\/www.w3.org\/2000\/svg\" width=\"12\" height=\"12\" fill=\"none\" viewBox=\"0 0 12 12\">\n\t\t\t\t<path fill=\"#fff\" d=\"M2 0a2 2 0 0 0-2 2v2h1.5V2a.5.5 0 0 1 .5-.5h2V0H2Zm2 10.5H2a.5.5 0 0 1-.5-.5V8H0v2a2 2 0 0 0 2 2h2v-1.5ZM8 12v-1.5h2a.5.5 0 0 0 .5-.5V8H12v2a2 2 0 0 1-2 2H8Zm2-12a2 2 0 0 1 2 2v2h-1.5V2a.5.5 0 0 0-.5-.5H8V0h2Z\" \/>\n\t\t\t<\/svg>\n\t\t<\/button><\/figure>\n\n\n\n<p>Cat\u00e9gorie(s) :<\/p>\n\n\n<div class=\"taxonomy-category wp-block-post-terms\"><a href=\"https:\/\/rrb.be\/rrb\/category\/conflits-guerres\/premiere-guerre-mondiale\/histoire-de-soldats-et-de-guerre\/\" rel=\"tag\">Histoire de soldats et de guerre<\/a><span class=\"wp-block-post-terms__separator\">, <\/span><a href=\"https:\/\/rrb.be\/rrb\/category\/conflits-guerres\/premiere-guerre-mondiale\/\" rel=\"tag\">Premi\u00e8re Guerre Mondiale<\/a><span class=\"wp-block-post-terms__separator\">, <\/span><a href=\"https:\/\/rrb.be\/rrb\/category\/conflits-guerres\/premiere-guerre-mondiale\/soldats-allies-tues-a-lennemi-premiere-guerre-mondiale\/\" rel=\"tag\">Soldats Alli\u00e9s tu\u00e9s \u00e0 l&rsquo;ennemi<\/a><\/div>\n\n\n<figure class=\"wp-block-embed is-type-wp-embed is-provider-alain-schenkels wp-block-embed-alain-schenkels\"><div class=\"wp-block-embed__wrapper\">\n<blockquote class=\"wp-embedded-content\" data-secret=\"MX7iB7JHL4\"><a href=\"https:\/\/rrb.be\/rrb\/premiere-guerre-mondiale\/\">Premi\u00e8re Guerre Mondiale<\/a><\/blockquote><iframe loading=\"lazy\" class=\"wp-embedded-content\" sandbox=\"allow-scripts\" security=\"restricted\" style=\"position: absolute; visibility: hidden;\" title=\"\u00ab\u00a0Premi\u00e8re Guerre Mondiale\u00a0\u00bb &#8212; Alain Schenkels\" src=\"https:\/\/rrb.be\/rrb\/premiere-guerre-mondiale\/embed\/#?secret=DEkyCIlRl9#?secret=MX7iB7JHL4\" data-secret=\"MX7iB7JHL4\" width=\"600\" height=\"338\" frameborder=\"0\" marginwidth=\"0\" marginheight=\"0\" scrolling=\"no\"><\/iframe>\n<\/div><\/figure>\n","protected":false},"excerpt":{"rendered":"<p>Les trois premiers soldats Am\u00e9ricains tu\u00e9s durant la premi\u00e8re guerre mondiale, tous trois au corps \u00e0 corps le 3 novembre 1917 \u00e0 Artois en France :James B. GRESHAM, Merle D. HAY, et Thomas F. ENRIGH. Les Am\u00e9ricains, en inf\u00e9riorit\u00e9 num\u00e9rique, ont \u00e9t\u00e9 pris par surprise alors qu\u2019ils sortaient de leurs abris en bois et en [&hellip;]<\/p>\n","protected":false},"author":1,"featured_media":825,"parent":727,"menu_order":0,"comment_status":"closed","ping_status":"closed","template":"","meta":{"footnotes":""},"categories":[33,10,37],"tags":[],"class_list":["post-824","page","type-page","status-publish","has-post-thumbnail","hentry","category-histoire-de-soldats-et-de-guerre","category-premiere-guerre-mondiale","category-soldats-allies-tues-a-lennemi-premiere-guerre-mondiale"],"_links":{"self":[{"href":"https:\/\/rrb.be\/rrb\/wp-json\/wp\/v2\/pages\/824","targetHints":{"allow":["GET"]}}],"collection":[{"href":"https:\/\/rrb.be\/rrb\/wp-json\/wp\/v2\/pages"}],"about":[{"href":"https:\/\/rrb.be\/rrb\/wp-json\/wp\/v2\/types\/page"}],"author":[{"embeddable":true,"href":"https:\/\/rrb.be\/rrb\/wp-json\/wp\/v2\/users\/1"}],"replies":[{"embeddable":true,"href":"https:\/\/rrb.be\/rrb\/wp-json\/wp\/v2\/comments?post=824"}],"version-history":[{"count":3,"href":"https:\/\/rrb.be\/rrb\/wp-json\/wp\/v2\/pages\/824\/revisions"}],"predecessor-version":[{"id":3152,"href":"https:\/\/rrb.be\/rrb\/wp-json\/wp\/v2\/pages\/824\/revisions\/3152"}],"up":[{"embeddable":true,"href":"https:\/\/rrb.be\/rrb\/wp-json\/wp\/v2\/pages\/727"}],"wp:featuredmedia":[{"embeddable":true,"href":"https:\/\/rrb.be\/rrb\/wp-json\/wp\/v2\/media\/825"}],"wp:attachment":[{"href":"https:\/\/rrb.be\/rrb\/wp-json\/wp\/v2\/media?parent=824"}],"wp:term":[{"taxonomy":"category","embeddable":true,"href":"https:\/\/rrb.be\/rrb\/wp-json\/wp\/v2\/categories?post=824"},{"taxonomy":"post_tag","embeddable":true,"href":"https:\/\/rrb.be\/rrb\/wp-json\/wp\/v2\/tags?post=824"}],"curies":[{"name":"wp","href":"https:\/\/api.w.org\/{rel}","templated":true}]}}