{"id":801,"date":"2026-01-04T07:45:26","date_gmt":"2026-01-04T07:45:26","guid":{"rendered":"https:\/\/rrb.be\/rrb\/?page_id=801"},"modified":"2026-02-10T13:24:01","modified_gmt":"2026-02-10T13:24:01","slug":"premiere-guerre-mondiale-soldat-britannique-george-ellison-tue-a-mons-le-11-novembre-1918-a-9h30","status":"publish","type":"page","link":"https:\/\/rrb.be\/rrb\/premiere-guerre-mondiale\/premiere-guerre-mondiale-soldat-britannique-george-ellison-tue-a-mons-le-11-novembre-1918-a-9h30\/","title":{"rendered":"Premi\u00e8re Guerre Mondiale : Soldat Britannique George ELLISON, tu\u00e9 \u00e0 Mons le 11 novembre 1918 \u00e0 9H30"},"content":{"rendered":"\n<blockquote class=\"wp-block-quote is-layout-flow wp-block-quote-is-layout-flow\">\n<p><strong><em>Tu\u00e9 \u00e0 Mons par un tireur embusqu\u00e9 alors qu\u2019il patrouillait dans les bois, \u00e0 une heure trente avant l\u2019armistice, George ELLISON est r\u00e9put\u00e9 pour \u00eatre le dernier soldat Britannique tu\u00e9 lors de la premi\u00e8re guerre mondiale.<\/em><\/strong><\/p>\n<\/blockquote>\n\n\n\n<ul class=\"wp-block-list\">\n<li>N\u00e9 le 10 ao\u00fbt 1878 \u00e0 Leeds South Yorkshire, England, Royaume-Uni<\/li>\n\n\n\n<li>Tu\u00e9 le 11 novembre 1918 \u00e0 Mons, Hainaut, Belgique, \u00e0 l\u2019\u00e2ge de 40 ans<\/li>\n\n\n\n<li>Inhum\u00e9 au cimeti\u00e8re militaire de St Symphorien \u00e0 Mons, Belgique<\/li>\n\n\n\n<li>Soldat de la Household Cavalry of the Line, son bataillon \u00e9tant le Corps of Lancers 5th Lancers (Royal Irish), num\u00e9ro de r\u00e9giment L\/12643<\/li>\n<\/ul>\n\n\n\n<h2 class=\"wp-block-heading\">Informations<\/h2>\n\n\n\n<p>En novembre 1918, le soldat George ELLISON \u00e9tait \u00e0 Mons, soldat de la Household Cavalry of theLine, son bataillon \u00e9tant le Corps of Lancers 5th Lancers (Royal Irish), num\u00e9ro de r\u00e9giment L\/12643. George ELLISON \u00e9tait un soldat en service avant la guerre, il s\u2019est battu du 26 ao\u00fbt 1914 au 11 novembre 1918.<\/p>\n\n\n\n<p>Le v\u00e9ritable accord d\u2019armistice a \u00e9t\u00e9 sign\u00e9 \u00e0 5h10 le 11 novembre 1918. Il a \u00e9t\u00e9 convenu que sa mise en oeuvre serait retard\u00e9e de 6 heures pour permettre aux nouvelles de voyager jusqu\u2019au front. C\u2019\u00e9tait une d\u00e9cision qui allait co\u00fbter la vie au soldat George ELLISON, mais aussi \u00e0 bien d\u2019autres. Rien que pour cette journ\u00e9e du 11 novembre \u2013 toutes nationalit\u00e9s confondues \u2013 11 000 soldats ont \u00e9t\u00e9 bless\u00e9 ou tu\u00e9, un certain nombre apr\u00e8s 11 heures.<\/p>\n\n\n\n<p>George ELLISON a \u00e9t\u00e9 tu\u00e9 \u00e0 9h30 \u2013 4 heures 20 minutes apr\u00e8s la signature du document d\u2019armistice, et seulement 90 minutes avant l\u2019entr\u00e9e en vigueur du cessez-le-feu \u00e0 11 heures. Il \u00e9tait en mission de rep\u00e9rage \u00e0 la p\u00e9riph\u00e9rie de la ville de Mons en Belgique, enqu\u00eatant sur des informations selon lesquelles des Allemands auraient \u00e9t\u00e9 aper\u00e7us dans les bois voisins, lorsqu\u2019il a \u00e9t\u00e9 abattu.<\/p>\n\n\n\n<p>George Edwin Ellison est n\u00e9 \u00e0 Leeds (49 Edmund Street, Bank, Leeds) le 10 ao\u00fbt 1878. La famille semble avoir beaucoup d\u00e9m\u00e9nag\u00e9, et au moment du recensement de 1891, son p\u00e8re, James ELLISON, travaillait dans le commerce de la confiserie et dans le recensement de 1891, il est r\u00e9pertori\u00e9 comme chaudronnier vivant \u00e0 Hull.<\/p>\n\n\n\n<p>Au moment du recensement de 1901, George travaillait comme barman \u00e0 West Hartlepool. En 1911, \u00e2g\u00e9 de 32 ans toujours c\u00e9libataire, George est de retour \u00e0 Leeds et vit avec sa m\u00e8re au 14 Kipper Terrace, Long Close Lane \u00e0 Leeds, il est r\u00e9pertori\u00e9 comme mineur de charbon (Hewer).<\/p>\n\n\n\n<p>Fin 1912, il \u00e9pouse Hannah BURGAN \u00e0 Nottingham, le 16 novembre 1913 naissance de son fils James Cornelius ELLISON, profession du p\u00e8re : soldat.<\/p>\n\n\n\n<p>Avec le d\u00e9clenchement de la Premi\u00e8re Guerre mondiale, George ELLISON servait d\u00e9j\u00e0 dans l\u2019arm\u00e9e. Ceci est \u00e9galement attest\u00e9 par son num\u00e9ro de r\u00e9giment \u2013 L\/12643 \u2013 qui est coh\u00e9rent avec d\u2019autres qui se sont enr\u00f4l\u00e9s avant 1914.<\/p>\n\n\n\n<p>George ELLISON s\u2019engage \u00e0 la guerre le 26 ao\u00fbt 1914 et commence \u00e0 se battre \u00e0 Mons avec le Corps exp\u00e9ditionnaire britannique lors de la retraite de Mons. Il a pass\u00e9 du temps dans les tranch\u00e9es alors que la guerre devenait dans l\u2019impasse et a particip\u00e9 \u00e0 la premi\u00e8re attaque au gaz et \u2013 en 1916 \u2013 a vu les premiers chars d\u00e9ploy\u00e9s dans la Somme. Il revient se battre sur les terres de ses d\u00e9buts de la guerre \u00e0 Mons en 1918 ou il y perd la vie, tu\u00e9 dans la derni\u00e8re heure de guerre par un tireur embusqu\u00e9.<\/p>\n\n\n\n<p>Sa tombe fait face \u00e0 celle de John PARR, le premier soldat britannique tu\u00e9 au cours de la Grande Guerre et \u00e0 quelques m\u00e8tres de George Lawrence PRICE, le soldat canadien qui fut \u00e9galement abattu pr\u00e8s de Mons \u00e0 10h58, et fut le dernier soldat de l\u2019Empire britannique tu\u00e9 pendant la Grande Guerre.<\/p>\n\n\n\n<p>L\u2019entr\u00e9e de George Ellison dans le tableau d\u2019honneur national de la Grande Guerre se lit comme suit :<\/p>\n\n\n\n<blockquote class=\"wp-block-quote is-layout-flow wp-block-quote-is-layout-flow\">\n<p><em>\u00abD\u00e9j\u00e0 en service au d\u00e9but de la guerre, il se rendit imm\u00e9diatement en France et combattit dans la retraite de Mons. Il a \u00e9galement jou\u00e9 un r\u00f4le de premier plan dans les combats d\u2019Ypres, d\u2019Armenti\u00e8res, de La Bass\u00e9e, de Lens, de Loos et de Cambrai, mais a malheureusement \u00e9t\u00e9 tu\u00e9 qu\u2019une heure et demie heure avant l\u2019entr\u00e9e en vigueur de l\u2019armistice. Il est inhum\u00e9 \u00e0 Saint-Jean et a eu droit \u00e0 l\u2019\u00c9toile de Mons et aux M\u00e9dailles du service g\u00e9n\u00e9ral et de la Victoire. Le chemin du devoir \u00e9tait le chemin de la gloire.\u00bb<\/em><\/p>\n<\/blockquote>\n\n\n\n<p>En 1920, la veuve de George ELLISON s\u2019est remari\u00e9e \u00e0 Leeds avec un un homme du nom de William Gray.<\/p>\n\n\n\n<h2 class=\"wp-block-heading\">R\u00e9f\u00e9rences : <\/h2>\n\n\n\n<ul class=\"wp-block-list\">\n<li><strong>CWGC<\/strong>&nbsp;: Fiche compl\u00e8te (cwgc.org) : 1914 Mons Star, Victory\/British Medals ; \u00ab\u00a0Tableau d&rsquo;honneur\u00a0\u00bb cite Mons\/Ypres\/Armenti\u00e8res\/La Bass\u00e9e\/Lens\/Loos\/Cambrai.<\/li>\n\n\n\n<li><strong>War Diary 5e Lancers<\/strong>&nbsp;: National Archives UK (WO 95\/1124), 11\/11\/1918 : confirme patrouille, Ellison tu\u00e9 VC Wood (Ville-sur-Haine).<\/li>\n\n\n\n<li><strong>British Legion\/Royal British Legion<\/strong>&nbsp;: Rapport 2014 centenaire ; veuve remari\u00e9e William Gray (1920 Leeds).<\/li>\n\n\n\n<li><strong>Ouvrages<\/strong>&nbsp;: Richard Holmes,&nbsp;<em>The Last Dead Soldier<\/em>&nbsp;(2003) ; David Fletcher,&nbsp;<em>Mons 1914<\/em>&nbsp;(Osprey).<\/li>\n<\/ul>\n\n\n\n<p>Par Alain Schenkels<\/p>\n\n\n\n<figure data-wp-context=\"{&quot;imageId&quot;:&quot;69ea81063484e&quot;}\" data-wp-interactive=\"core\/image\" data-wp-key=\"69ea81063484e\" class=\"wp-block-image size-full is-resized wp-lightbox-container\"><img loading=\"lazy\" decoding=\"async\" width=\"728\" height=\"1006\" data-wp-class--hide=\"state.isContentHidden\" data-wp-class--show=\"state.isContentVisible\" data-wp-init=\"callbacks.setButtonStyles\" data-wp-on--click=\"actions.showLightbox\" data-wp-on--load=\"callbacks.setButtonStyles\" data-wp-on-window--resize=\"callbacks.setButtonStyles\" src=\"http:\/\/rrb.be\/rrb\/wp-content\/uploads\/2025\/12\/Alain_Schenkels-1.jpg\" alt=\"\" class=\"wp-image-329\" style=\"width:241px;height:auto\" srcset=\"https:\/\/rrb.be\/rrb\/wp-content\/uploads\/2025\/12\/Alain_Schenkels-1.jpg 728w, https:\/\/rrb.be\/rrb\/wp-content\/uploads\/2025\/12\/Alain_Schenkels-1-217x300.jpg 217w\" sizes=\"auto, (max-width: 728px) 100vw, 728px\" \/><button\n\t\t\tclass=\"lightbox-trigger\"\n\t\t\ttype=\"button\"\n\t\t\taria-haspopup=\"dialog\"\n\t\t\taria-label=\"Enlarge\"\n\t\t\tdata-wp-init=\"callbacks.initTriggerButton\"\n\t\t\tdata-wp-on--click=\"actions.showLightbox\"\n\t\t\tdata-wp-style--right=\"state.imageButtonRight\"\n\t\t\tdata-wp-style--top=\"state.imageButtonTop\"\n\t\t>\n\t\t\t<svg xmlns=\"http:\/\/www.w3.org\/2000\/svg\" width=\"12\" height=\"12\" fill=\"none\" viewBox=\"0 0 12 12\">\n\t\t\t\t<path fill=\"#fff\" d=\"M2 0a2 2 0 0 0-2 2v2h1.5V2a.5.5 0 0 1 .5-.5h2V0H2Zm2 10.5H2a.5.5 0 0 1-.5-.5V8H0v2a2 2 0 0 0 2 2h2v-1.5ZM8 12v-1.5h2a.5.5 0 0 0 .5-.5V8H12v2a2 2 0 0 1-2 2H8Zm2-12a2 2 0 0 1 2 2v2h-1.5V2a.5.5 0 0 0-.5-.5H8V0h2Z\" \/>\n\t\t\t<\/svg>\n\t\t<\/button><\/figure>\n\n\n\n<p>Cat\u00e9gorie(s) :<\/p>\n\n\n<div class=\"taxonomy-category wp-block-post-terms\"><a href=\"https:\/\/rrb.be\/rrb\/category\/conflits-guerres\/premiere-guerre-mondiale\/histoire-de-soldats-et-de-guerre\/\" rel=\"tag\">Histoire de soldats et de guerre<\/a><span class=\"wp-block-post-terms__separator\">, <\/span><a href=\"https:\/\/rrb.be\/rrb\/category\/conflits-guerres\/premiere-guerre-mondiale\/\" rel=\"tag\">Premi\u00e8re Guerre Mondiale<\/a><span class=\"wp-block-post-terms__separator\">, <\/span><a href=\"https:\/\/rrb.be\/rrb\/category\/conflits-guerres\/premiere-guerre-mondiale\/soldats-allies-tues-a-lennemi-premiere-guerre-mondiale\/\" rel=\"tag\">Soldats Alli\u00e9s tu\u00e9s \u00e0 l&rsquo;ennemi<\/a><\/div>\n\n\n<figure class=\"wp-block-embed is-type-wp-embed is-provider-alain-schenkels wp-block-embed-alain-schenkels\"><div class=\"wp-block-embed__wrapper\">\n<blockquote class=\"wp-embedded-content\" data-secret=\"qRlYC2aib6\"><a href=\"https:\/\/rrb.be\/rrb\/premiere-guerre-mondiale\/\">Premi\u00e8re Guerre Mondiale<\/a><\/blockquote><iframe loading=\"lazy\" class=\"wp-embedded-content\" sandbox=\"allow-scripts\" security=\"restricted\" style=\"position: absolute; visibility: hidden;\" title=\"\u00ab\u00a0Premi\u00e8re Guerre Mondiale\u00a0\u00bb &#8212; Alain Schenkels\" src=\"https:\/\/rrb.be\/rrb\/premiere-guerre-mondiale\/embed\/#?secret=iyNHUFp7H2#?secret=qRlYC2aib6\" data-secret=\"qRlYC2aib6\" width=\"600\" height=\"338\" frameborder=\"0\" marginwidth=\"0\" marginheight=\"0\" scrolling=\"no\"><\/iframe>\n<\/div><\/figure>\n","protected":false},"excerpt":{"rendered":"<p>Tu\u00e9 \u00e0 Mons par un tireur embusqu\u00e9 alors qu\u2019il patrouillait dans les bois, \u00e0 une heure trente avant l\u2019armistice, George ELLISON est r\u00e9put\u00e9 pour \u00eatre le dernier soldat Britannique tu\u00e9 lors de la premi\u00e8re guerre mondiale. Informations En novembre 1918, le soldat George ELLISON \u00e9tait \u00e0 Mons, soldat de la Household Cavalry of theLine, son [&hellip;]<\/p>\n","protected":false},"author":1,"featured_media":802,"parent":727,"menu_order":0,"comment_status":"closed","ping_status":"closed","template":"","meta":{"footnotes":""},"categories":[33,10,37],"tags":[],"class_list":["post-801","page","type-page","status-publish","has-post-thumbnail","hentry","category-histoire-de-soldats-et-de-guerre","category-premiere-guerre-mondiale","category-soldats-allies-tues-a-lennemi-premiere-guerre-mondiale"],"_links":{"self":[{"href":"https:\/\/rrb.be\/rrb\/wp-json\/wp\/v2\/pages\/801","targetHints":{"allow":["GET"]}}],"collection":[{"href":"https:\/\/rrb.be\/rrb\/wp-json\/wp\/v2\/pages"}],"about":[{"href":"https:\/\/rrb.be\/rrb\/wp-json\/wp\/v2\/types\/page"}],"author":[{"embeddable":true,"href":"https:\/\/rrb.be\/rrb\/wp-json\/wp\/v2\/users\/1"}],"replies":[{"embeddable":true,"href":"https:\/\/rrb.be\/rrb\/wp-json\/wp\/v2\/comments?post=801"}],"version-history":[{"count":3,"href":"https:\/\/rrb.be\/rrb\/wp-json\/wp\/v2\/pages\/801\/revisions"}],"predecessor-version":[{"id":3147,"href":"https:\/\/rrb.be\/rrb\/wp-json\/wp\/v2\/pages\/801\/revisions\/3147"}],"up":[{"embeddable":true,"href":"https:\/\/rrb.be\/rrb\/wp-json\/wp\/v2\/pages\/727"}],"wp:featuredmedia":[{"embeddable":true,"href":"https:\/\/rrb.be\/rrb\/wp-json\/wp\/v2\/media\/802"}],"wp:attachment":[{"href":"https:\/\/rrb.be\/rrb\/wp-json\/wp\/v2\/media?parent=801"}],"wp:term":[{"taxonomy":"category","embeddable":true,"href":"https:\/\/rrb.be\/rrb\/wp-json\/wp\/v2\/categories?post=801"},{"taxonomy":"post_tag","embeddable":true,"href":"https:\/\/rrb.be\/rrb\/wp-json\/wp\/v2\/tags?post=801"}],"curies":[{"name":"wp","href":"https:\/\/api.w.org\/{rel}","templated":true}]}}