{"id":794,"date":"2026-01-04T07:34:38","date_gmt":"2026-01-04T07:34:38","guid":{"rendered":"https:\/\/rrb.be\/rrb\/?page_id=794"},"modified":"2026-02-10T13:22:54","modified_gmt":"2026-02-10T13:22:54","slug":"premiere-guerre-mondiale-le-dernier-soldat-belge-tue-le-1-novembre-1918-le-tragique-destin-du-caporal-marcel-terfve","status":"publish","type":"page","link":"https:\/\/rrb.be\/rrb\/premiere-guerre-mondiale\/premiere-guerre-mondiale-le-dernier-soldat-belge-tue-le-1-novembre-1918-le-tragique-destin-du-caporal-marcel-terfve\/","title":{"rendered":"Premi\u00e8re Guerre Mondiale : Le dernier soldat belge tu\u00e9 le 1 novembre 1918, le tragique destin du caporal Marcel TERFVE"},"content":{"rendered":"\n<ul class=\"wp-block-list\">\n<li>N\u00e9 le le 2 d\u00e9cembre 1893 \u00e0 Li\u00e8ge, 4000, Li\u00e8ge, Wallonie, BELGIQUE<\/li>\n\n\n\n<li>Tu\u00e9 le 1 novembre 1918 au Canal de Gand \u00e0Terneuzen (devant les vo\u00fbtes), \u00e0 l\u2019\u00e2ge de 24 ans<\/li>\n\n\n\n<li>Caporal VG 1914, 3e compagnie, 1er r\u00e9giment de Ligne, matricule 101\/63740<\/li>\n\n\n\n<li>Profession (civil) : Inspecteur d\u2019assurances<\/li>\n<\/ul>\n\n\n\n<h2 class=\"wp-block-heading\">Informations<\/h2>\n\n\n\n<p>N\u00e9 \u00e0 Li\u00e8ge, le caporal Marcel Toussaint Louis Joseph TERFVE est tu\u00e9 d\u2019une balle dans le poumon gauche le long du canal Gand-Terneuse le 11 novembre 1918 \u00e0 10h45.<\/p>\n\n\n\n<p>Inspecteur d\u2019assurance dans le civil, fils de notaire, d\u00e8s l\u2019invasion Allemande, Marcel se porte volontaire en 1914 pour se battre et d\u00e9fendre sa patrie. Il est enr\u00f4l\u00e9 dans la 3e compagnie, 1er r\u00e9giment de Ligne. Il conna\u00eetra la d\u00e9fense de la ligne de la Gette, la bataille de l\u2019Yser en octobre 1914, la chute de Dixmude et passera les 4 ann\u00e9es de guerre dans les tranch\u00e9es.<\/p>\n\n\n\n<p>Le 11 novembre 1918, le premier r\u00e9giment a rejoint la rive gauche du canal Gand-Terneuse devant le village de Kluizen. \u00c0 06H40, le premier r\u00e9giment re\u00e7oit un message du haut-commandement informant qu\u2019un cessez-le-feu interviendrait \u00e0 11H00. Ce message est confirm\u00e9 \u00e0 09H08. Un officier note cependant qu\u2019il existe encore un nid de mitrailleuses sur la rive droite du canal.<\/p>\n\n\n\n<blockquote class=\"wp-block-quote is-layout-flow wp-block-quote-is-layout-flow\">\n<p><strong><em>D\u2019un c\u00f4t\u00e9 un groupe de soldats Belges imprudents pensant d\u00e9j\u00e0 que la guerre est sur le point de se terminer et de l\u2019autre c\u00f4t\u00e9, des soldats Allemands amers de leur d\u00e9faite, le drame devait se produire.<\/em><\/strong><\/p>\n<\/blockquote>\n\n\n\n<p>Il est 10H42 lorsque les mitrailleurs Allemands ouvrent le feu sur le groupe, fauchant trois soldats en bord du canal. Deux soldats sont gri\u00e8vement bless\u00e9s, mais le troisi\u00e8me, notre caporal Marcel TERFVE, a quant \u00e0 lui re\u00e7u plusieurs balles, dont une qui lui a perfor\u00e9 le poumon gauche. Il est 10H45, Marcel est tu\u00e9, le der des ders, un quart d\u2019heure avant le trait\u00e9 de paix.<\/p>\n\n\n\n<h2 class=\"wp-block-heading\">C\u2019est un acte de guerre, mais \u00e9tait-il l\u00e9gitime d\u2019encore se battre et de tuer \u00e0 un quart-d\u2019heure du cessez-le-feu ?<\/h2>\n\n\n\n<p>D\u2019un point de vue juridique, les Allemands pouvaient justifier leur action : le cessez-le-feu n\u2019\u00e9tait pas encore effectif, les lois de la guerre autorisent d\u2019attaquer l\u2019ennemi s\u2019il est arm\u00e9 m\u00eame s\u2019il ne repr\u00e9sente pas une menace directe, nous ne pouvons d\u00e8s lors en aucun cas parler de crime de guerre.<\/p>\n\n\n\n<p>D\u2019un point de vue militaire, la mise \u00e0 mort de l\u2019ennemi est une n\u00e9cessit\u00e9 dans le feu de l\u2019action, afin d\u2019assurer sa propre survie ou de remporter une bataille. Lorsque le soldat aper\u00e7oit un ennemi, il a pour mission de neutraliser l\u2019adversaire, soit en le capturant, soit en l\u2019\u00e9liminant. Cette logique militaire repose sur le principe que r\u00e9duire le nombre de combattants ennemis affaiblit les forces adverses. Une arm\u00e9e peut poss\u00e9der un stock incroyable d\u2019armes et munitions mais si elle est \u00e0 cours de combattants, elle ne peut vaincre son adversaire. Dans le cas qui nous occupe, cette justification ne tient plus. \u00c0 quelques minutes de l\u2019armistice, la d\u00e9faite \u00e9tait scell\u00e9e.<\/p>\n\n\n\n<p>D\u2019un point de vue moral, cet acte est \u00e9videmment condamnable. Tuer l\u2019ennemi \u00e0 quelques minutes de la paix sans n\u00e9cessit\u00e9 militaire et sans \u00eatre menac\u00e9 appara\u00eet davantage comme un geste de d\u00e9sespoir ou de vengeance qu\u2019une n\u00e9cessit\u00e9. Le caract\u00e8re gratuit de cet acte de violence extr\u00eame avec pour cons\u00e9quence deux soldats bless\u00e9s et un soldat tu\u00e9 est une ignominie, mais l\u2019histoire d\u00e9montre que la guerre transforme les hommes qui la font, peut-\u00eatre davantage dans la d\u00e9faite ce qui a parfois pour cons\u00e9quence une prise de d\u00e9cision irrationnelle qui peut amener \u00e0 ce genre de drame.<\/p>\n\n\n\n<p>Des psychiatres ont d\u00e9montr\u00e9 que tout homme est capable de tuer un autre individu dans un contexte extr\u00eame qui d\u00e9passe sa capacit\u00e9 \u00e0 raisonner. La litt\u00e9rature sur des situations similaires en tant de guerre d\u00e9montre qu\u2019il n\u2019est pas rare qu\u2019un soldat d\u00e8s plus respectable puisse en cas de situation extr\u00eame avoir des pulsions criminelles et irr\u00e9sistibles, alors que la situation permet d\u2019\u00e9viter l\u2019utilisation de la violence envers l\u2019ennemi.<\/p>\n\n\n\n<p>Nous est-il possible d\u2019imaginer le d\u00e9sespoir qu\u2019ont du ressentir ces Allemands \u00e0 quelques minutes de la capitulation apr\u00e8s s\u2019\u00eatre battus durant des ann\u00e9es dans une effroyable guerre pour in fine la perdre&nbsp;? L\u2019objectif n\u2019est certainement pas de trouver des excuses \u00e0 ces soldats Allemands, mais de tenter comprendre pourquoi le caporal Marcel TERFVE a \u00e9t\u00e9 inutilement tu\u00e9. <\/p>\n\n\n\n<blockquote class=\"wp-block-quote is-layout-flow wp-block-quote-is-layout-flow\">\n<p>Autre point de vue&#8230;<br><em>Les soldats belges savaient qu\u2019il y avait encore une r\u00e9sistance allemande. \u00c0 partir de ce moment-l\u00e0, il est \u00e9vident que la guerre n\u2019\u00e9tait pas finie. Ils auraient pu rester bien tranquillement de leur c\u00f4t\u00e9 \u00e0 attendre le cessez-le-feu, au lieu de cela, les soldats belges sont partis en reconnaissance.<\/em><br><em>Dans quel objectif, \u00e0 quinze minutes du cessez-le-feu, si ce n\u2019\u00e9tait de faire taire les mitrailleuses allemandes et donc de poursuivre la guerre ? En tenant compte de ce raisonnement, est-il anormal que les Allemands aient ouvert le feu sur eux et tu\u00e9 notre caporal ? Dans le cas contraire, si les Allemands avaient attaqu\u00e9 la position belge, qu\u2019auraient fait nos soldats ? Ils se seraient d\u00e9fendus.<\/em><br><em>Il faut tenir compte de tous les tenants et aboutissants pour analyser un fait de guerre.<\/em><\/p>\n<\/blockquote>\n\n\n\n<p>Quelque soit la raison ou les r\u00e9elles motivations de cette attaque, Marcel TERFVE en a fait les frais et il en est mort, c\u2019est ainsi que s\u2019ach\u00e8ve son histoire de vie&nbsp;\u2026 et un quart-d\u2019heure plus tard la premi\u00e8re guerre mondiale.<\/p>\n\n\n\n<h2 class=\"wp-block-heading\">R\u00e9f\u00e9rences :<\/h2>\n\n\n\n<ul class=\"wp-block-list\">\n<li>WHI (Belgian War Heritage Institute)&nbsp;: Fiche matricule 101\/63740, 3e compagnie 1er RL. N\u00e9 2 d\u00e9cembre 1893 \u00e0 Li\u00e8ge (Outremeuse 4000), inspecteur d&rsquo;assurances, fils de notaire. Confirm\u00e9 tu\u00e9 Kluizen\/Terneuzen, balle poumon gauche.<\/li>\n\n\n\n<li>Journaux de marche 1er R\u00e9giment de Ligne&nbsp;: Archives de l&rsquo;\u00c9tat belge (AGR, cotte VM2\/1RL nov.1918) : message 06h40\/09h08 sur armistice 11h00 ; note nid MG rive droite ; 3 tu\u00e9s (Terfve inclus) vers 10h42 par tirs allemands.<\/li>\n\n\n\n<li>Volontaire 1914, Ligne Yser\/Gette\/Dixmude, 4 ans tranch\u00e9es. Dernier secteur : Flandre orientale post-passage Dendre.<\/li>\n\n\n\n<li><em>Histoire du 1er R\u00e9giment de Ligne<\/em>&nbsp;(Association anciens, 1935), pp. 285-290 : d\u00e9tails fun\u00e9railles Li\u00e8ge, analyse \u00ab\u00a0der des ders\u00a0\u00bb.<\/li>\n\n\n\n<li>Lois de La Haye 1907&nbsp;: Article 23 autorise combat jusqu&rsquo;armistice effectif (11h00) ; pas crime guerre si cible arm\u00e9e (SHD\/CegeSoma analyses 1919)<\/li>\n\n\n\n<li>\u00c9tude psychologique&nbsp;: Jean-Marie Fr\u00e9rotte,&nbsp;<em>Les Derniers Combats 1918<\/em>&nbsp;(Karnak, 2018), chap. 12 : syndrome d\u00e9faite allemande (revenge killing observ\u00e9 Sedan\/Meuse).<\/li>\n<\/ul>\n\n\n\n<p>Par Alain Schenkels<\/p>\n\n\n\n<figure data-wp-context=\"{&quot;imageId&quot;:&quot;69ea810634d06&quot;}\" data-wp-interactive=\"core\/image\" data-wp-key=\"69ea810634d06\" class=\"wp-block-image size-full is-resized wp-lightbox-container\"><img loading=\"lazy\" decoding=\"async\" width=\"728\" height=\"1006\" data-wp-class--hide=\"state.isContentHidden\" data-wp-class--show=\"state.isContentVisible\" data-wp-init=\"callbacks.setButtonStyles\" data-wp-on--click=\"actions.showLightbox\" data-wp-on--load=\"callbacks.setButtonStyles\" data-wp-on-window--resize=\"callbacks.setButtonStyles\" src=\"http:\/\/rrb.be\/rrb\/wp-content\/uploads\/2025\/12\/Alain_Schenkels-1.jpg\" alt=\"\" class=\"wp-image-329\" style=\"width:220px;height:auto\" srcset=\"https:\/\/rrb.be\/rrb\/wp-content\/uploads\/2025\/12\/Alain_Schenkels-1.jpg 728w, https:\/\/rrb.be\/rrb\/wp-content\/uploads\/2025\/12\/Alain_Schenkels-1-217x300.jpg 217w\" sizes=\"auto, (max-width: 728px) 100vw, 728px\" \/><button\n\t\t\tclass=\"lightbox-trigger\"\n\t\t\ttype=\"button\"\n\t\t\taria-haspopup=\"dialog\"\n\t\t\taria-label=\"Enlarge\"\n\t\t\tdata-wp-init=\"callbacks.initTriggerButton\"\n\t\t\tdata-wp-on--click=\"actions.showLightbox\"\n\t\t\tdata-wp-style--right=\"state.imageButtonRight\"\n\t\t\tdata-wp-style--top=\"state.imageButtonTop\"\n\t\t>\n\t\t\t<svg xmlns=\"http:\/\/www.w3.org\/2000\/svg\" width=\"12\" height=\"12\" fill=\"none\" viewBox=\"0 0 12 12\">\n\t\t\t\t<path fill=\"#fff\" d=\"M2 0a2 2 0 0 0-2 2v2h1.5V2a.5.5 0 0 1 .5-.5h2V0H2Zm2 10.5H2a.5.5 0 0 1-.5-.5V8H0v2a2 2 0 0 0 2 2h2v-1.5ZM8 12v-1.5h2a.5.5 0 0 0 .5-.5V8H12v2a2 2 0 0 1-2 2H8Zm2-12a2 2 0 0 1 2 2v2h-1.5V2a.5.5 0 0 0-.5-.5H8V0h2Z\" \/>\n\t\t\t<\/svg>\n\t\t<\/button><\/figure>\n\n\n\n<p>Cat\u00e9gorie(s) :<\/p>\n\n\n<div class=\"taxonomy-category wp-block-post-terms\"><a href=\"https:\/\/rrb.be\/rrb\/category\/conflits-guerres\/premiere-guerre-mondiale\/histoire-de-soldats-et-de-guerre\/\" rel=\"tag\">Histoire de soldats et de guerre<\/a><span class=\"wp-block-post-terms__separator\">, <\/span><a href=\"https:\/\/rrb.be\/rrb\/category\/conflits-guerres\/premiere-guerre-mondiale\/\" rel=\"tag\">Premi\u00e8re Guerre Mondiale<\/a><span class=\"wp-block-post-terms__separator\">, <\/span><a href=\"https:\/\/rrb.be\/rrb\/category\/conflits-guerres\/premiere-guerre-mondiale\/soldats-allies-tues-a-lennemi-premiere-guerre-mondiale\/\" rel=\"tag\">Soldats Alli\u00e9s tu\u00e9s \u00e0 l&rsquo;ennemi<\/a><\/div>\n\n\n<figure class=\"wp-block-embed is-type-wp-embed is-provider-alain-schenkels wp-block-embed-alain-schenkels\"><div class=\"wp-block-embed__wrapper\">\n<blockquote class=\"wp-embedded-content\" data-secret=\"6n6oVTNrNi\"><a href=\"https:\/\/rrb.be\/rrb\/premiere-guerre-mondiale\/\">Premi\u00e8re Guerre Mondiale<\/a><\/blockquote><iframe loading=\"lazy\" class=\"wp-embedded-content\" sandbox=\"allow-scripts\" security=\"restricted\" style=\"position: absolute; visibility: hidden;\" title=\"\u00ab\u00a0Premi\u00e8re Guerre Mondiale\u00a0\u00bb &#8212; Alain Schenkels\" src=\"https:\/\/rrb.be\/rrb\/premiere-guerre-mondiale\/embed\/#?secret=Gpw01Qutcy#?secret=6n6oVTNrNi\" data-secret=\"6n6oVTNrNi\" width=\"600\" height=\"338\" frameborder=\"0\" marginwidth=\"0\" marginheight=\"0\" scrolling=\"no\"><\/iframe>\n<\/div><\/figure>\n","protected":false},"excerpt":{"rendered":"<p>Informations N\u00e9 \u00e0 Li\u00e8ge, le caporal Marcel Toussaint Louis Joseph TERFVE est tu\u00e9 d\u2019une balle dans le poumon gauche le long du canal Gand-Terneuse le 11 novembre 1918 \u00e0 10h45. Inspecteur d\u2019assurance dans le civil, fils de notaire, d\u00e8s l\u2019invasion Allemande, Marcel se porte volontaire en 1914 pour se battre et d\u00e9fendre sa patrie. Il [&hellip;]<\/p>\n","protected":false},"author":1,"featured_media":795,"parent":727,"menu_order":0,"comment_status":"closed","ping_status":"closed","template":"","meta":{"footnotes":""},"categories":[33,10,37],"tags":[],"class_list":["post-794","page","type-page","status-publish","has-post-thumbnail","hentry","category-histoire-de-soldats-et-de-guerre","category-premiere-guerre-mondiale","category-soldats-allies-tues-a-lennemi-premiere-guerre-mondiale"],"_links":{"self":[{"href":"https:\/\/rrb.be\/rrb\/wp-json\/wp\/v2\/pages\/794","targetHints":{"allow":["GET"]}}],"collection":[{"href":"https:\/\/rrb.be\/rrb\/wp-json\/wp\/v2\/pages"}],"about":[{"href":"https:\/\/rrb.be\/rrb\/wp-json\/wp\/v2\/types\/page"}],"author":[{"embeddable":true,"href":"https:\/\/rrb.be\/rrb\/wp-json\/wp\/v2\/users\/1"}],"replies":[{"embeddable":true,"href":"https:\/\/rrb.be\/rrb\/wp-json\/wp\/v2\/comments?post=794"}],"version-history":[{"count":5,"href":"https:\/\/rrb.be\/rrb\/wp-json\/wp\/v2\/pages\/794\/revisions"}],"predecessor-version":[{"id":3146,"href":"https:\/\/rrb.be\/rrb\/wp-json\/wp\/v2\/pages\/794\/revisions\/3146"}],"up":[{"embeddable":true,"href":"https:\/\/rrb.be\/rrb\/wp-json\/wp\/v2\/pages\/727"}],"wp:featuredmedia":[{"embeddable":true,"href":"https:\/\/rrb.be\/rrb\/wp-json\/wp\/v2\/media\/795"}],"wp:attachment":[{"href":"https:\/\/rrb.be\/rrb\/wp-json\/wp\/v2\/media?parent=794"}],"wp:term":[{"taxonomy":"category","embeddable":true,"href":"https:\/\/rrb.be\/rrb\/wp-json\/wp\/v2\/categories?post=794"},{"taxonomy":"post_tag","embeddable":true,"href":"https:\/\/rrb.be\/rrb\/wp-json\/wp\/v2\/tags?post=794"}],"curies":[{"name":"wp","href":"https:\/\/api.w.org\/{rel}","templated":true}]}}