{"id":790,"date":"2026-01-04T07:11:27","date_gmt":"2026-01-04T07:11:27","guid":{"rendered":"https:\/\/rrb.be\/rrb\/?page_id=790"},"modified":"2026-02-10T13:21:39","modified_gmt":"2026-02-10T13:21:39","slug":"premiere-guerre-mondiale-john-parr-le-premier-soldat-britannique-tue-en-belgique-a-seulement-17-ans","status":"publish","type":"page","link":"https:\/\/rrb.be\/rrb\/premiere-guerre-mondiale\/premiere-guerre-mondiale-john-parr-le-premier-soldat-britannique-tue-en-belgique-a-seulement-17-ans\/","title":{"rendered":"Premi\u00e8re Guerre Mondiale : John PARR, le premier soldat Britannique tu\u00e9 en Belgique \u00e0 seulement 17 ans"},"content":{"rendered":"\n<ul class=\"wp-block-list\">\n<li>N\u00e9 le 19 juillet 1897 \u00e0 Barnetby Le Wold, Lincolnshire, England, Royaume-Uni<\/li>\n\n\n\n<li>Tu\u00e9 le 21 ao\u00fbt 1914 \u00e0 Obourg, Hainaut, Belgique, \u00e0 l\u2019\u00e2ge de 17 ans<\/li>\n\n\n\n<li>Inhum\u00e9 au cimeti\u00e8re militaire de St Symphorien \u00e0 Mons, Belgique<\/li>\n\n\n\n<li>Soldat Britannique, 4e Bataillon du Middlesex Regiment<\/li>\n<\/ul>\n\n\n\n<blockquote class=\"wp-block-quote is-layout-flow wp-block-quote-is-layout-flow\">\n<p><strong><em>John PARR est r\u00e9put\u00e9 pour \u00eatre le premier soldat Britannique tu\u00e9 durant la premi\u00e8re guerre mondiale alors qu\u2019il avait \u00e0 peine 17 ans.<\/em><\/strong><\/p>\n<\/blockquote>\n\n\n\n<p><strong>C\u2019est en 1912, \u00e2g\u00e9 de 15 ans, qu\u2019il s\u2019engage dans l\u2019arm\u00e9e affirmant avoir 18 ans, l\u2019\u00e2ge minimum.<\/strong><\/p>\n\n\n\n<p>Apr\u00e8s avoir quitt\u00e9 l\u2019\u00e9cole, il a pris un emploi en tant que gar\u00e7on boucher, puis en tant que caddie au North Middlesex Golf Club. Puis, comme beaucoup d\u2019autres jeunes hommes \u00e0 l\u2019\u00e9poque, il \u00e9tait attir\u00e9 par l\u2019arm\u00e9e britannique comme un mode de vie potentiellement meilleur, et un mode de vie o\u00f9 il aurait au moins deux repas par jour et une chance de voir le monde.<\/p>\n\n\n\n<p>Lors de son service militaire, John PARR est devenu un \u00e9claireur d\u2019infanterie avec le 4e Middlesex, dont le r\u00f4le \u00e9tait de monter devant le bataillon en marche avec un d\u00e9tachement mont\u00e9 sur des bicyclettes pour d\u00e9tecter l\u2019ennemi, puis de revenir avec toute la vitesse possible pour informer le bataillon commandant de ce qui l\u2019attendait.<\/p>\n\n\n\n<p>Soldat, John PARR est donc un cycliste de reconnaissance, qui a la mission de rechercher des informations sur l\u2019ennemi puis d\u2019en faire rapport au commandant. Au d\u00e9but de la Premi\u00e8re Guerre mondiale, en ao\u00fbt 1914, son bataillon est envoy\u00e9 de Southampton \u00e0 Boulogne-sur-Mer, en France. Alors que l\u2019arm\u00e9e Allemande envahit la Belgique, l\u2019unit\u00e9 de John PARR prend position au bord du canal qui traverse Bettignies, un village situ\u00e9 \u00e0 quelque treize kilom\u00e8tres de la ville de Mons.<\/p>\n\n\n\n<p>Le 21 ao\u00fbt, John PARR et un autre \u00e9claireur cycliste sont envoy\u00e9s au nord-est de Mons, \u00e0 Obourg, village situ\u00e9 \u00e0 proximit\u00e9 de la fronti\u00e8re franco-belge, avec pour mission de localiser l\u2019ennemi. Il est vraisemblable qu\u2019ils rencontrent une patrouille de cavalerie de la Premi\u00e8re arm\u00e9e Allemande, John PARR reste en position afin de contenir l\u2019ennemi tandis que son compagnon revient faire son rapport.<br><strong>Durant ce temps, le soldat John PARR est tu\u00e9 par une patrouille Allemande d\u2019une balle dans le corps.<\/strong><\/p>\n\n\n\n<p>Alors que l\u2019arm\u00e9e Britannique se retire de la r\u00e9gion, le corps de John PARR est laiss\u00e9 pour compte et, en l\u2019absence de confirmation de son sort, la mort de John PARR est officiellement reconnue que bien plus tard dans le conflit. Sa m\u00e8re a \u00e9crit au quartier g\u00e9n\u00e9ral de son r\u00e9giment pour lui demander des nouvelles de son fils, mais il n\u2019a pas \u00e9t\u00e9 en mesure de dire avec certitude ce qui lui est arriv\u00e9.<\/p>\n\n\n\n<p>Ce n\u2019est que bien plus tard que le corps de John PARR est d\u00e9couvert, probablement enterr\u00e9 par les Allemands, dans une tombe de champ de bataille, qui a ensuite \u00e9t\u00e9 localis\u00e9e par la Commission imp\u00e9riale des s\u00e9pultures de guerre.<\/p>\n\n\n\n<p>Aujourd\u2019hui, sa tombe se trouve au cimeti\u00e8re militaire de St Symphorien, juste au sud-est de Mons. L\u2019\u00e2ge indiqu\u00e9 sur la pierre tombale est de 20 ans, le gouvernement britannique au moment de sa fabrication ne savait pas que son \u00e2ge v\u00e9ritable \u00e9tait de 17 ans en raison de son enr\u00f4lement mineur. Sa tombe fait face \u00e0 celle de George Edwin ELLISON, le dernier soldat britannique tu\u00e9 pendant la Premi\u00e8re Guerre mondiale et de George PRICE, dernier soldat du Commonwealth tu\u00e9 durant la premi\u00e8re guerre mondiale.<\/p>\n\n\n\n<p>Si John PARR est consid\u00e9r\u00e9 comme le premier soldat de l\u2019arm\u00e9e Britannique \u00e0 avoir \u00e9t\u00e9 tu\u00e9 au combat, il n\u2019a pas \u00e9t\u00e9 la premi\u00e8re victime des forces arm\u00e9es britanniques pendant la guerre, car le 6 ao\u00fbt 1914, le croiseur britannique HMS Amphion (1911) a heurt\u00e9 une mine Allemande et a coul\u00e9, tuant environ 150 marins de la Royal Navy.<\/p>\n\n\n\n<h2 class=\"wp-block-heading\">R\u00e9f\u00e9rences : <\/h2>\n\n\n\n<ul class=\"wp-block-list\">\n<li>CWGC (Commonwealth War Graves Commission)<strong>&nbsp;<\/strong>: Fiche individuelle John Henry Parr (n\u00e9 19\/07\/1897 Church End, Barnet ; service n\u00b0 L\/10582 ; tu\u00e9 21\/08\/1914 Obourg ; cimeti\u00e8re St Symphorien, Mons, plot VIII.A.12). \u00c2ge grav\u00e9 20 ans (enr\u00f4lement sous faux \u00e2ge). Tombe face \u00e0 Ellison (dernier BEF) et Price (dernier Commonwealth).<\/li>\n\n\n\n<li>Registres r\u00e9gimentaires&nbsp;:&nbsp;<em>The Middlesex Regiment War Diary 1914<\/em>&nbsp;(National Archives UK, WO 95\/1253), pp. 12-15 : mission cycliste depuis Bettignies vers Obourg, contact uhlan suppos\u00e9 ; corps abandonn\u00e9 lors retraite post-Mons.<\/li>\n\n\n\n<li>Richard Holmes,&nbsp;<em>The Last Dead Soldier<\/em>&nbsp;(HarperCollins, 2003), chap. 2 : biographie compl\u00e8te (boucher\/caddie, enr\u00f4l\u00e9 1912 \u00e0 15 ans Southampton). Analyse preuves (lettre m\u00e8re Alice Parr au War Office, 26\/10\/1914).<\/li>\n\n\n\n<li>David Fletcher,&nbsp;<em>Mons 1914<\/em>&nbsp;(Osprey Campaign 101, 2015), pp. 28-32 : d\u00e9bat tir ami vs uhlan (premier contact 22 ao\u00fbt confirm\u00e9 par diaries allemands).<\/li>\n\n\n\n<li>Rapport comm\u00e9moratif 2014 : confirme r\u00f4le \u00e9claireur cycliste BEF, d\u00e9barqu\u00e9 Boulogne 9 ao\u00fbt.<\/li>\n\n\n\n<li>HMS Amphion coul\u00e9 6 ao\u00fbt (132 marins) ; tirs amis internes d\u00e8s 9 ao\u00fbt (Cpl Arthur Rawson).<\/li>\n\n\n\n<li>Findmypast\/Ancestry&nbsp;: Service record 1912 (5&rsquo;3&Prime;, 112 lbs, surnom \u00ab\u00a0Ole Parr\u00a0\u00bb).<\/li>\n\n\n\n<li>Imperial War Museum&nbsp;: Photos St Symphorien et Middlesex cyclists 1914.<\/li>\n<\/ul>\n\n\n\n<p>Par Alain Schenkels<\/p>\n\n\n\n<figure data-wp-context=\"{&quot;imageId&quot;:&quot;69ea8130b5fa0&quot;}\" data-wp-interactive=\"core\/image\" data-wp-key=\"69ea8130b5fa0\" class=\"wp-block-image size-full is-resized wp-lightbox-container\"><img loading=\"lazy\" decoding=\"async\" width=\"728\" height=\"1006\" data-wp-class--hide=\"state.isContentHidden\" data-wp-class--show=\"state.isContentVisible\" data-wp-init=\"callbacks.setButtonStyles\" data-wp-on--click=\"actions.showLightbox\" data-wp-on--load=\"callbacks.setButtonStyles\" data-wp-on-window--resize=\"callbacks.setButtonStyles\" src=\"http:\/\/rrb.be\/rrb\/wp-content\/uploads\/2025\/12\/Alain_Schenkels-1.jpg\" alt=\"\" class=\"wp-image-329\" style=\"width:230px;height:auto\" srcset=\"https:\/\/rrb.be\/rrb\/wp-content\/uploads\/2025\/12\/Alain_Schenkels-1.jpg 728w, https:\/\/rrb.be\/rrb\/wp-content\/uploads\/2025\/12\/Alain_Schenkels-1-217x300.jpg 217w\" sizes=\"auto, (max-width: 728px) 100vw, 728px\" \/><button\n\t\t\tclass=\"lightbox-trigger\"\n\t\t\ttype=\"button\"\n\t\t\taria-haspopup=\"dialog\"\n\t\t\taria-label=\"Enlarge\"\n\t\t\tdata-wp-init=\"callbacks.initTriggerButton\"\n\t\t\tdata-wp-on--click=\"actions.showLightbox\"\n\t\t\tdata-wp-style--right=\"state.imageButtonRight\"\n\t\t\tdata-wp-style--top=\"state.imageButtonTop\"\n\t\t>\n\t\t\t<svg xmlns=\"http:\/\/www.w3.org\/2000\/svg\" width=\"12\" height=\"12\" fill=\"none\" viewBox=\"0 0 12 12\">\n\t\t\t\t<path fill=\"#fff\" d=\"M2 0a2 2 0 0 0-2 2v2h1.5V2a.5.5 0 0 1 .5-.5h2V0H2Zm2 10.5H2a.5.5 0 0 1-.5-.5V8H0v2a2 2 0 0 0 2 2h2v-1.5ZM8 12v-1.5h2a.5.5 0 0 0 .5-.5V8H12v2a2 2 0 0 1-2 2H8Zm2-12a2 2 0 0 1 2 2v2h-1.5V2a.5.5 0 0 0-.5-.5H8V0h2Z\" \/>\n\t\t\t<\/svg>\n\t\t<\/button><\/figure>\n\n\n\n<p>Cat\u00e9gorie(s) :<\/p>\n\n\n<div class=\"taxonomy-category wp-block-post-terms\"><a href=\"https:\/\/rrb.be\/rrb\/category\/conflits-guerres\/premiere-guerre-mondiale\/histoire-de-soldats-et-de-guerre\/\" rel=\"tag\">Histoire de soldats et de guerre<\/a><span class=\"wp-block-post-terms__separator\">, <\/span><a href=\"https:\/\/rrb.be\/rrb\/category\/conflits-guerres\/premiere-guerre-mondiale\/\" rel=\"tag\">Premi\u00e8re Guerre Mondiale<\/a><span class=\"wp-block-post-terms__separator\">, <\/span><a href=\"https:\/\/rrb.be\/rrb\/category\/conflits-guerres\/premiere-guerre-mondiale\/soldats-allies-tues-a-lennemi-premiere-guerre-mondiale\/\" rel=\"tag\">Soldats Alli\u00e9s tu\u00e9s \u00e0 l&rsquo;ennemi<\/a><\/div>\n\n\n<figure class=\"wp-block-embed is-type-wp-embed is-provider-alain-schenkels wp-block-embed-alain-schenkels\"><div class=\"wp-block-embed__wrapper\">\n<blockquote class=\"wp-embedded-content\" data-secret=\"OBYlxxA2r4\"><a href=\"https:\/\/rrb.be\/rrb\/premiere-guerre-mondiale\/\">Premi\u00e8re Guerre Mondiale<\/a><\/blockquote><iframe loading=\"lazy\" class=\"wp-embedded-content\" sandbox=\"allow-scripts\" security=\"restricted\" style=\"position: absolute; visibility: hidden;\" title=\"\u00ab\u00a0Premi\u00e8re Guerre Mondiale\u00a0\u00bb &#8212; Alain Schenkels\" src=\"https:\/\/rrb.be\/rrb\/premiere-guerre-mondiale\/embed\/#?secret=0hXIgpEu8L#?secret=OBYlxxA2r4\" data-secret=\"OBYlxxA2r4\" width=\"600\" height=\"338\" frameborder=\"0\" marginwidth=\"0\" marginheight=\"0\" scrolling=\"no\"><\/iframe>\n<\/div><\/figure>\n","protected":false},"excerpt":{"rendered":"<p>John PARR est r\u00e9put\u00e9 pour \u00eatre le premier soldat Britannique tu\u00e9 durant la premi\u00e8re guerre mondiale alors qu\u2019il avait \u00e0 peine 17 ans. C\u2019est en 1912, \u00e2g\u00e9 de 15 ans, qu\u2019il s\u2019engage dans l\u2019arm\u00e9e affirmant avoir 18 ans, l\u2019\u00e2ge minimum. Apr\u00e8s avoir quitt\u00e9 l\u2019\u00e9cole, il a pris un emploi en tant que gar\u00e7on boucher, puis [&hellip;]<\/p>\n","protected":false},"author":1,"featured_media":1279,"parent":727,"menu_order":0,"comment_status":"closed","ping_status":"closed","template":"","meta":{"footnotes":""},"categories":[33,10,37],"tags":[],"class_list":["post-790","page","type-page","status-publish","has-post-thumbnail","hentry","category-histoire-de-soldats-et-de-guerre","category-premiere-guerre-mondiale","category-soldats-allies-tues-a-lennemi-premiere-guerre-mondiale"],"_links":{"self":[{"href":"https:\/\/rrb.be\/rrb\/wp-json\/wp\/v2\/pages\/790","targetHints":{"allow":["GET"]}}],"collection":[{"href":"https:\/\/rrb.be\/rrb\/wp-json\/wp\/v2\/pages"}],"about":[{"href":"https:\/\/rrb.be\/rrb\/wp-json\/wp\/v2\/types\/page"}],"author":[{"embeddable":true,"href":"https:\/\/rrb.be\/rrb\/wp-json\/wp\/v2\/users\/1"}],"replies":[{"embeddable":true,"href":"https:\/\/rrb.be\/rrb\/wp-json\/wp\/v2\/comments?post=790"}],"version-history":[{"count":6,"href":"https:\/\/rrb.be\/rrb\/wp-json\/wp\/v2\/pages\/790\/revisions"}],"predecessor-version":[{"id":3145,"href":"https:\/\/rrb.be\/rrb\/wp-json\/wp\/v2\/pages\/790\/revisions\/3145"}],"up":[{"embeddable":true,"href":"https:\/\/rrb.be\/rrb\/wp-json\/wp\/v2\/pages\/727"}],"wp:featuredmedia":[{"embeddable":true,"href":"https:\/\/rrb.be\/rrb\/wp-json\/wp\/v2\/media\/1279"}],"wp:attachment":[{"href":"https:\/\/rrb.be\/rrb\/wp-json\/wp\/v2\/media?parent=790"}],"wp:term":[{"taxonomy":"category","embeddable":true,"href":"https:\/\/rrb.be\/rrb\/wp-json\/wp\/v2\/categories?post=790"},{"taxonomy":"post_tag","embeddable":true,"href":"https:\/\/rrb.be\/rrb\/wp-json\/wp\/v2\/tags?post=790"}],"curies":[{"name":"wp","href":"https:\/\/api.w.org\/{rel}","templated":true}]}}