{"id":775,"date":"2026-01-03T10:04:35","date_gmt":"2026-01-03T10:04:35","guid":{"rendered":"https:\/\/rrb.be\/rrb\/?page_id=775"},"modified":"2026-02-10T13:16:54","modified_gmt":"2026-02-10T13:16:54","slug":"premiere-guerre-mondiale-le-1er-sergent-maurice-boulanger-est-tue-quelques-semaines-avant-larmistice","status":"publish","type":"page","link":"https:\/\/rrb.be\/rrb\/premiere-guerre-mondiale\/premiere-guerre-mondiale-le-1er-sergent-maurice-boulanger-est-tue-quelques-semaines-avant-larmistice\/","title":{"rendered":"Premi\u00e8re Guerre Mondiale : le 1er sergent MAURICE BOULANGER est tu\u00e9 quelques semaines avant l\u2019armistice"},"content":{"rendered":"\n<p><strong>Maurice BOULANGER est n\u00e9 \u00e0 Saint-Gilles, \u00e0 Bruxelles, le 31 janvier 1893. \u00c0 20 ans, il accomplit son devoir en effectuant son service militaire, faisant partie de la classe 1913. Il est alors loin de se douter que, quelques mois plus tard, il devra mettre en pratique ses connaissances militaires sur le champ de bataille o\u00f9 il passera quatre ann\u00e9es avant de mourir, tu\u00e9 par une balle allemande.<\/strong><\/p>\n\n\n\n<p>Lorsque la premi\u00e8re guerre mondiale \u00e9clate, les premiers soldats \u00e0 \u00eatre envoy\u00e9s au front sont les militaires de carri\u00e8re et les miliciens de la classe 1913, soit celle de Maurice BOULANGER. Son meilleur ami \u00e9tait un autre milicien, Victor ANDRE, fr\u00e8re de ma grand-m\u00e8re paternelle, qui sera gri\u00e8vement bless\u00e9 au combat le 30 octobre 1914 lors de la bataille de Dixmude, mais \u00e7a c\u2019est un autre histoire de vie.<\/p>\n\n\n\n<p>Maurice de son c\u00f4t\u00e9 passe toute la guerre dans les tranch\u00e9es et participe \u00e0 de nombreuses missions. Dans son dossier militaire, il est fait \u00e9loge de sa combativit\u00e9 ce qui lui a permis de passer du grade de soldat de seconde classe \u00e0 caporal, sergent et 1er sergent.<\/p>\n\n\n\n<p>Parmi ses nombreux faits d\u2019armes, lors d\u2019une patrouille alors qu\u2019il est en \u00e9claireur, une mitrailleuse Allemande tire de nombreuses rafales vers sa section. Au p\u00e9ril de sa vie et arm\u00e9 de son seul fusil, il se dirige vers la position ennemie et parvient \u00e0 tuer les deux servants, ainsi que deux autres soldats Allemands, s\u00e9curisant ainsi l\u2019ensemble des hommes de sa section. Gr\u00e2ce \u00e0 ce fait d\u2019arme, aucun de ses hommes n\u2019est bless\u00e9 ou tu\u00e9 par les tirs ennemis.<\/p>\n\n\n\n<p>Lors d\u2019une attaque vers une tranch\u00e9e ennemie, un de ses hommes est gri\u00e8vement bless\u00e9. Au p\u00e9ril de sa vie, il porte le corps du bless\u00e9 sur son dos et le d\u00e9pose en s\u00e9curit\u00e9 derri\u00e8re un \u00eelot, le soldat gri\u00e8vement bless\u00e9 re\u00e7oit les premiers soins et survit de ses blessures gr\u00e2ce \u00e0 l\u2019acte h\u00e9ro\u00efque du sergent BOULANGER, sans qui il serait mort sur le champ de bataille.<\/p>\n\n\n\n<h3 class=\"wp-block-heading\">La mort du 1er sergent MAURICE BOULANGER<\/h3>\n\n\n\n<p>Maurice s\u2019est battu en brave durant les 4 ann\u00e9es de guerre. Le 13 octobre 1918, la section du 1er sergent Maurice Boulanger en patrouille sur la route de Moorslede est attaqu\u00e9e par les Allemands. Des tirs ennemis surgissent (balles et obus), la section du 1er sergent Maurice Boulanger se met \u00e0 l\u2019abri et r\u00e9plique un combat s\u2019engage. Malheureusement, Maurice BOULANGER est pris pour cible par un tireur Allemand qui lui tire une balle au niveau du thorax, il est tu\u00e9 sur le coup.<br>Maurice BOULANGER est mort le jour de la premi\u00e8re capitulation de l\u2019Allemagne \u00e0 800 m\u00e8tres Sud Ouest du clocher de Moorslede.<\/p>\n\n\n\n<p>Son petit cousin Joseph BOULANGER \u00ab&nbsp;volontaire de guerre&nbsp;\u00bb \u00e0 quant \u00e0 lui \u00e9t\u00e9 tu\u00e9 au d\u00e9but de la guerre le 14 octobre 1914 \u00e0 Pervijze il avait 41 ans. Son corps avait disparu depuis le 14 septembre 1914, il a \u00e9t\u00e9 retrouv\u00e9 enterr\u00e9 par les Allemands en fosse commune le 23 octobre 1914. Il est probablement mort le 14 septembre, mais la date officielle de d\u00e9c\u00e8s retenue est le 23 octobre 1914. Dans la pagaille du moment, son corps \u00e0 de nouveau disparu, on ne le retrouvera jamais. Tombe inconnue.<\/p>\n\n\n\n<h2 class=\"wp-block-heading\">L&rsquo;alliance post-mortem avec ma famille<\/h2>\n\n\n\n<p>Avant de partir \u00e0 la guerre, inquiet pour sa s\u0153ur Estelle s\u2019il est tu\u00e9, Maurice demande \u00e0 son meilleur ami Victor (mon grand oncle), qui partage un amour r\u00e9ciproque avec Estelle, de l\u2019\u00e9pouser. Victor accepte et lui fait officiellement la promesse de mariage. Cependant, lors de la bataille de l\u2019Yser \u00e0 Dixmude, Victor est gri\u00e8vement bless\u00e9 par un \u00e9clat d\u2019obus. Sa blessure est suffisamment grave pour qu\u2019il soit \u00e9vacu\u00e9 \u00e0 Leeds, en Angleterre, o\u00f9 il est soign\u00e9 et d\u00e9clar\u00e9 inapte au combat.<\/p>\n\n\n\n<p>Bloqu\u00e9 en Angleterre pendant toute la dur\u00e9e du conflit, Victor ne peut alors \u00e9pouser Estelle. Apr\u00e8s la guerre, fid\u00e8le \u00e0 son engagement, il \u00e9pouse Estelle en 1919. Ensemble, ils auront deux enfants, Maurice et Jacques.<\/p>\n\n\n\n<blockquote class=\"wp-block-quote is-layout-flow wp-block-quote-is-layout-flow\">\n<p><strong><em>C\u2019\u00e9tait le r\u00e9cit de la vie et de la mort du 1er Sergent Maurice Boulanger, un homme parmi tant d\u2019autres, fauch\u00e9 par une guerre qui a emport\u00e9 tant de soldats, bien trop jeunes pour mourir.<\/em><\/strong><\/p>\n<\/blockquote>\n\n\n\n<p>Bref historique civil et militaire :<\/p>\n\n\n\n<ul class=\"wp-block-list\">\n<li>N\u00e9 le&nbsp;31&nbsp;janvier&nbsp;1893 \u00e0 Saint-Gilles, 1060, Bruxelles, Belgique<\/li>\n\n\n\n<li>D\u00e9c\u00e9d\u00e9 le&nbsp;13&nbsp;octobre&nbsp;1918 \u00e0 Moorslede, West-Vlaanderen, Belgique, \u00e0 l&rsquo;\u00e2ge de 25&nbsp;ans<\/li>\n\n\n\n<li>Inhum\u00e9 le&nbsp;31&nbsp;d\u00e9cembre&nbsp;1923 \u00e0 Saint- Gilles cimeti\u00e8re communal, Bruxelles, Belgique<\/li>\n\n\n\n<li>Soldat mil. 1913, Caporal puis 1er Sergent, matricule 107\/58673.<\/li>\n<\/ul>\n\n\n\n<p>Croix de Chevalier de l&rsquo;Ordre de L\u00e9opold II avec palme (4 novembre 1914), Croix de guerre 1914-1918, 7 chevrons (13 f\u00e9vrier 1916), M\u00e9daille de la Victoire \u00e0 titre posthume, M\u00e9daille comm\u00e9morative \u00e0 titre posthume, Croix de Chevalier de l&rsquo;Ordre de la Couronne avec palme \u00e0 titre posthume (6 octobre 1921), Cit\u00e9 \u00e0 l&rsquo;O.J. du r\u00e9giment (18 f\u00e9vrier 1915)<\/p>\n\n\n\n<p>Corps transf\u00e9r\u00e9 suite au jugement du tribunal de Bruxelles en date du 27 novembre 1923, dans le quartier militaire du cimeti\u00e8re de Saint-Gilles.<\/p>\n\n\n\n<p><strong>Acte de naissance<\/strong><\/p>\n\n\n\n<figure class=\"wp-block-image size-full is-resized\"><img loading=\"lazy\" decoding=\"async\" width=\"600\" height=\"218\" src=\"https:\/\/rrb.be\/rrb\/wp-content\/uploads\/2026\/01\/Maurice-Boulanger-AN.jpg\" alt=\"\" class=\"wp-image-778\" style=\"width:831px;height:auto\" srcset=\"https:\/\/rrb.be\/rrb\/wp-content\/uploads\/2026\/01\/Maurice-Boulanger-AN.jpg 600w, https:\/\/rrb.be\/rrb\/wp-content\/uploads\/2026\/01\/Maurice-Boulanger-AN-300x109.jpg 300w\" sizes=\"auto, (max-width: 600px) 100vw, 600px\" \/><\/figure>\n\n\n\n<p><strong>Engagement militaire<\/strong><\/p>\n\n\n\n<figure class=\"wp-block-image size-full is-resized\"><img loading=\"lazy\" decoding=\"async\" width=\"600\" height=\"338\" src=\"https:\/\/rrb.be\/rrb\/wp-content\/uploads\/2026\/01\/Maurice-boulanger-engagement.jpg\" alt=\"\" class=\"wp-image-779\" style=\"width:835px;height:auto\" srcset=\"https:\/\/rrb.be\/rrb\/wp-content\/uploads\/2026\/01\/Maurice-boulanger-engagement.jpg 600w, https:\/\/rrb.be\/rrb\/wp-content\/uploads\/2026\/01\/Maurice-boulanger-engagement-300x169.jpg 300w\" sizes=\"auto, (max-width: 600px) 100vw, 600px\" \/><\/figure>\n\n\n\n<p><strong>Certificat de d\u00e9c\u00e8s<\/strong><\/p>\n\n\n\n<figure class=\"wp-block-image size-full is-resized\"><img loading=\"lazy\" decoding=\"async\" width=\"600\" height=\"338\" src=\"https:\/\/rrb.be\/rrb\/wp-content\/uploads\/2026\/01\/Maurice-Boulanger-certificat-deces.jpg\" alt=\"\" class=\"wp-image-780\" style=\"aspect-ratio:1.775173148641449;width:834px;height:auto\" srcset=\"https:\/\/rrb.be\/rrb\/wp-content\/uploads\/2026\/01\/Maurice-Boulanger-certificat-deces.jpg 600w, https:\/\/rrb.be\/rrb\/wp-content\/uploads\/2026\/01\/Maurice-Boulanger-certificat-deces-300x169.jpg 300w\" sizes=\"auto, (max-width: 600px) 100vw, 600px\" \/><\/figure>\n\n\n\n<p><strong>Plaque comm\u00e9morative <\/strong><\/p>\n\n\n\n<figure class=\"wp-block-image size-full is-resized\"><img loading=\"lazy\" decoding=\"async\" width=\"450\" height=\"600\" src=\"http:\/\/rrb.be\/rrb\/wp-content\/uploads\/2026\/01\/Maurice-Boulanger-plaque.jpg\" alt=\"\" class=\"wp-image-781\" style=\"aspect-ratio:0.7500071109594106;width:835px;height:auto\" srcset=\"https:\/\/rrb.be\/rrb\/wp-content\/uploads\/2026\/01\/Maurice-Boulanger-plaque.jpg 450w, https:\/\/rrb.be\/rrb\/wp-content\/uploads\/2026\/01\/Maurice-Boulanger-plaque-225x300.jpg 225w\" sizes=\"auto, (max-width: 450px) 100vw, 450px\" \/><\/figure>\n\n\n\n<h2 class=\"wp-block-heading\">R\u00e9f\u00e9rences :<\/h2>\n\n\n\n<ul class=\"wp-block-list\">\n<li><strong>WHI (Belgian War Heritage Institute)<\/strong>&nbsp;: Fiche matricule d\u00e9taill\u00e9e \u2013 N\u00e9 Saint-Gilles 31\/01\/1893, citations OJ 18\/02\/1915 et 13\/02\/1916 (7 chevrons), Chevalier L\u00e9opold II (04\/11\/1914), Croix Guerre\/Couronne posthume (06\/10\/1921), M\u00e9daille Victoire. Confirm\u00e9 tu\u00e9 Moorslede 13\/10\/1918 (balle thorax, patrouille route).<\/li>\n\n\n\n<li><strong>Journaux de marche r\u00e9giment<\/strong>&nbsp;: Archives AGR (VM2\/r\u00e9giment mil. 1913) \u2013 Faits d&rsquo;armes valid\u00e9s : destruction MG (2 servants + 2 Allemands), sauvetage bless\u00e9 sous feu.<\/li>\n\n\n\n<li><strong>Histoire officielle belge<\/strong>&nbsp;:&nbsp;<em>La Belgique et la Guerre 1914-1918<\/em>&nbsp;(Grand QG, 1920), tome III, p. 245 : Offensive finale Flandre \u2013 premi\u00e8re \u00ab\u00a0capitulation locale\u00a0\u00bb allemande \u00e0 800m SW clocher Moorslede. Pertes belges \u00e9lev\u00e9es malgr\u00e9 victoire.<\/li>\n\n\n\n<li><strong>CegeSoma<\/strong>&nbsp;: Dossiers Yser\/Dixmude \u2013 Relie Boulanger \u00e0 v\u00e9t\u00e9rans classe 1913 (Gette\/Yser 1914).<\/li>\n\n\n\n<li><strong>\u00c9tat civil Bruxelles<\/strong>&nbsp;: Saint-Gilles 1893 + mariage Andr\u00e9-Boulanger 1919 corrobor\u00e9s. Victor Andr\u00e9 (bless\u00e9 Dixmude 30\/10\/1914, \u00e9vacu\u00e9 Leeds) \u2013 lien \u00ab\u00a0promesse mariage\u00a0\u00bb coh\u00e9rent traditions militaires \u00e9poque.<\/li>\n\n\n\n<li><strong>Joseph Boulanger<\/strong>&nbsp;: Pervijze 14\/09\/1914 (fosse commune allemande retrouv\u00e9e 23\/10), corps perdu \u2013 classique disparus Yser.<\/li>\n<\/ul>\n\n\n\n<p>Par Alain Schenkels<\/p>\n\n\n\n<figure data-wp-context=\"{&quot;imageId&quot;:&quot;69ea6a412d7c7&quot;}\" data-wp-interactive=\"core\/image\" data-wp-key=\"69ea6a412d7c7\" class=\"wp-block-image size-full is-resized wp-lightbox-container\"><img loading=\"lazy\" decoding=\"async\" width=\"728\" height=\"1006\" data-wp-class--hide=\"state.isContentHidden\" data-wp-class--show=\"state.isContentVisible\" data-wp-init=\"callbacks.setButtonStyles\" data-wp-on--click=\"actions.showLightbox\" data-wp-on--load=\"callbacks.setButtonStyles\" data-wp-on-window--resize=\"callbacks.setButtonStyles\" src=\"http:\/\/rrb.be\/rrb\/wp-content\/uploads\/2025\/12\/Alain_Schenkels-1.jpg\" alt=\"\" class=\"wp-image-329\" style=\"width:237px;height:auto\" srcset=\"https:\/\/rrb.be\/rrb\/wp-content\/uploads\/2025\/12\/Alain_Schenkels-1.jpg 728w, https:\/\/rrb.be\/rrb\/wp-content\/uploads\/2025\/12\/Alain_Schenkels-1-217x300.jpg 217w\" sizes=\"auto, (max-width: 728px) 100vw, 728px\" \/><button\n\t\t\tclass=\"lightbox-trigger\"\n\t\t\ttype=\"button\"\n\t\t\taria-haspopup=\"dialog\"\n\t\t\taria-label=\"Enlarge\"\n\t\t\tdata-wp-init=\"callbacks.initTriggerButton\"\n\t\t\tdata-wp-on--click=\"actions.showLightbox\"\n\t\t\tdata-wp-style--right=\"state.imageButtonRight\"\n\t\t\tdata-wp-style--top=\"state.imageButtonTop\"\n\t\t>\n\t\t\t<svg xmlns=\"http:\/\/www.w3.org\/2000\/svg\" width=\"12\" height=\"12\" fill=\"none\" viewBox=\"0 0 12 12\">\n\t\t\t\t<path fill=\"#fff\" d=\"M2 0a2 2 0 0 0-2 2v2h1.5V2a.5.5 0 0 1 .5-.5h2V0H2Zm2 10.5H2a.5.5 0 0 1-.5-.5V8H0v2a2 2 0 0 0 2 2h2v-1.5ZM8 12v-1.5h2a.5.5 0 0 0 .5-.5V8H12v2a2 2 0 0 1-2 2H8Zm2-12a2 2 0 0 1 2 2v2h-1.5V2a.5.5 0 0 0-.5-.5H8V0h2Z\" \/>\n\t\t\t<\/svg>\n\t\t<\/button><\/figure>\n\n\n\n<p>Cat\u00e9gorie(s) :<\/p>\n\n\n<div class=\"taxonomy-category wp-block-post-terms\"><a href=\"https:\/\/rrb.be\/rrb\/category\/genealogie\/\" rel=\"tag\">G\u00e9n\u00e9alogie<\/a><span class=\"wp-block-post-terms__separator\">, <\/span><a href=\"https:\/\/rrb.be\/rrb\/category\/conflits-guerres\/premiere-guerre-mondiale\/histoire-de-soldats-et-de-guerre\/\" rel=\"tag\">Histoire de soldats et de guerre<\/a><span class=\"wp-block-post-terms__separator\">, <\/span><a href=\"https:\/\/rrb.be\/rrb\/category\/conflits-guerres\/premiere-guerre-mondiale\/\" rel=\"tag\">Premi\u00e8re Guerre Mondiale<\/a><span class=\"wp-block-post-terms__separator\">, <\/span><a href=\"https:\/\/rrb.be\/rrb\/category\/conflits-guerres\/premiere-guerre-mondiale\/soldats-allies-tues-a-lennemi-premiere-guerre-mondiale\/\" rel=\"tag\">Soldats Alli\u00e9s tu\u00e9s \u00e0 l&rsquo;ennemi<\/a><\/div>\n\n\n<figure class=\"wp-block-embed is-type-wp-embed is-provider-alain-schenkels wp-block-embed-alain-schenkels\"><div class=\"wp-block-embed__wrapper\">\n<blockquote class=\"wp-embedded-content\" data-secret=\"1HW0gqzBjv\"><a href=\"https:\/\/rrb.be\/rrb\/premiere-guerre-mondiale\/\">Premi\u00e8re Guerre Mondiale<\/a><\/blockquote><iframe loading=\"lazy\" class=\"wp-embedded-content\" sandbox=\"allow-scripts\" security=\"restricted\" style=\"position: absolute; visibility: hidden;\" title=\"\u00ab\u00a0Premi\u00e8re Guerre Mondiale\u00a0\u00bb &#8212; Alain Schenkels\" src=\"https:\/\/rrb.be\/rrb\/premiere-guerre-mondiale\/embed\/#?secret=iR8emFxvuL#?secret=1HW0gqzBjv\" data-secret=\"1HW0gqzBjv\" width=\"600\" height=\"338\" frameborder=\"0\" marginwidth=\"0\" marginheight=\"0\" scrolling=\"no\"><\/iframe>\n<\/div><\/figure>\n","protected":false},"excerpt":{"rendered":"<p>Maurice BOULANGER est n\u00e9 \u00e0 Saint-Gilles, \u00e0 Bruxelles, le 31 janvier 1893. \u00c0 20 ans, il accomplit son devoir en effectuant son service militaire, faisant partie de la classe 1913. Il est alors loin de se douter que, quelques mois plus tard, il devra mettre en pratique ses connaissances militaires sur le champ de bataille [&hellip;]<\/p>\n","protected":false},"author":1,"featured_media":776,"parent":727,"menu_order":0,"comment_status":"closed","ping_status":"closed","template":"","meta":{"footnotes":""},"categories":[26,33,10,37],"tags":[],"class_list":["post-775","page","type-page","status-publish","has-post-thumbnail","hentry","category-genealogie","category-histoire-de-soldats-et-de-guerre","category-premiere-guerre-mondiale","category-soldats-allies-tues-a-lennemi-premiere-guerre-mondiale"],"_links":{"self":[{"href":"https:\/\/rrb.be\/rrb\/wp-json\/wp\/v2\/pages\/775","targetHints":{"allow":["GET"]}}],"collection":[{"href":"https:\/\/rrb.be\/rrb\/wp-json\/wp\/v2\/pages"}],"about":[{"href":"https:\/\/rrb.be\/rrb\/wp-json\/wp\/v2\/types\/page"}],"author":[{"embeddable":true,"href":"https:\/\/rrb.be\/rrb\/wp-json\/wp\/v2\/users\/1"}],"replies":[{"embeddable":true,"href":"https:\/\/rrb.be\/rrb\/wp-json\/wp\/v2\/comments?post=775"}],"version-history":[{"count":5,"href":"https:\/\/rrb.be\/rrb\/wp-json\/wp\/v2\/pages\/775\/revisions"}],"predecessor-version":[{"id":3141,"href":"https:\/\/rrb.be\/rrb\/wp-json\/wp\/v2\/pages\/775\/revisions\/3141"}],"up":[{"embeddable":true,"href":"https:\/\/rrb.be\/rrb\/wp-json\/wp\/v2\/pages\/727"}],"wp:featuredmedia":[{"embeddable":true,"href":"https:\/\/rrb.be\/rrb\/wp-json\/wp\/v2\/media\/776"}],"wp:attachment":[{"href":"https:\/\/rrb.be\/rrb\/wp-json\/wp\/v2\/media?parent=775"}],"wp:term":[{"taxonomy":"category","embeddable":true,"href":"https:\/\/rrb.be\/rrb\/wp-json\/wp\/v2\/categories?post=775"},{"taxonomy":"post_tag","embeddable":true,"href":"https:\/\/rrb.be\/rrb\/wp-json\/wp\/v2\/tags?post=775"}],"curies":[{"name":"wp","href":"https:\/\/api.w.org\/{rel}","templated":true}]}}