{"id":760,"date":"2026-01-03T09:00:28","date_gmt":"2026-01-03T09:00:28","guid":{"rendered":"https:\/\/rrb.be\/rrb\/?page_id=760"},"modified":"2026-02-10T13:18:55","modified_gmt":"2026-02-10T13:18:55","slug":"premiere-guerre-mondiale-cavalier-antoine-fonck-premier-soldat-belge-tue-le-4-aout-1914","status":"publish","type":"page","link":"https:\/\/rrb.be\/rrb\/premiere-guerre-mondiale\/premiere-guerre-mondiale-cavalier-antoine-fonck-premier-soldat-belge-tue-le-4-aout-1914\/","title":{"rendered":"Premi\u00e8re Guerre Mondiale : Cavalier Antoine FONCK, premier soldat belge tu\u00e9 le 4 ao\u00fbt 1914"},"content":{"rendered":"\n<ul class=\"wp-block-list\">\n<li>N\u00e9 le 10 janvier 1893 (mardi) \u2013 Verviers, Li\u00e8ge, Belgique<\/li>\n\n\n\n<li>Tu\u00e9 le 4 ao\u00fbt 1914 (mardi) \u2013 Henri-Chapelle, Li\u00e8ge, Belgique, \u00e0 l\u2019\u00e2ge de 21 ans<\/li>\n\n\n\n<li>Soldat magasinier, cavalier 2e r\u00e9giment de lanciers, matricule n\u00b0 140\/18318<\/li>\n\n\n\n<li>Domicile : Li\u00e8ge, rue des B\u00e9gards 2<\/li>\n<\/ul>\n\n\n\n<blockquote class=\"wp-block-quote is-layout-flow wp-block-quote-is-layout-flow\">\n<p><strong><em>Le soldat Antoine Fonck est r\u00e9put\u00e9 pour \u00eatre le premier soldat Belge tu\u00e9 lors de la Premi\u00e8re Guerre mondiale<\/em><\/strong><\/p>\n<\/blockquote>\n\n\n\n<h2 class=\"wp-block-heading\">Informations<\/h2>\n\n\n\n<p>Le soldat Antoine Fonck est reconnu comme le premier soldat Belge tu\u00e9 au combat lors de la Premi\u00e8re Guerre mondiale, atteint d\u2019une balle dans la nuque le 4 ao\u00fbt 1914 \u00e0 10 heures du matin. Il est \u00e9galement c\u00e9l\u00e8bre pour \u00eatre le premier \u00e0 avoir r\u00e9ussi \u00e0 tuer un soldat Allemand.<\/p>\n\n\n\n<p>En 1911, \u00e0 l\u2019\u00e2ge de 18 ans, Antoine s\u2019engage pour trois ans dans l\u2019arm\u00e9e belge en tant que cavalier au 2e r\u00e9giment de lanciers. Il quitte l\u2019arm\u00e9e en mai 1914. Le 28 juillet 1914, il est rappel\u00e9 au 2e r\u00e9giment de lanciers.<\/p>\n\n\n\n<p>Le 2 ao\u00fbt 1914, le 2e r\u00e9giment de lanciers re\u00e7oit l\u2019ordre de quitter sa caserne pour s\u2019\u00e9tablir dans ses cantonnements de mobilisation \u00e0 Milmort, o\u00f9 il doit assurer des missions de surveillance de la fronti\u00e8re.<\/p>\n\n\n\n<p>Le 4 ao\u00fbt, le 1er escadron est envoy\u00e9 \u00e0 Henri-Chapelle, pr\u00e8s de la bifurcation des routes de Battice \u2014 Henri-Chapelle et de Battice \u2014 Aubel. Une patrouille de quatre lanciers, dont Antoine Fonck, et un officier parcourent la route de Margensault pour obtenir des informations sur les mouvements ennemis. Sur la route de Stockis \u00e0 Battice, le lancier Fonck prend les devants et s\u2019\u00e9loigne du groupe.<\/p>\n\n\n\n<p>Sur le pont enjambant la ligne de chemin de fer, il rencontre le directeur du charbonnage de Battice et un mineur venus faire sauter le pont. Il poursuit sa route vers Henri-Chapelle. Arriv\u00e9 \u00e0 la ferme Bols\u00e9e, un fermier lui signale un groupe \u00ab gris\u00e2tre \u00bb. Il avance pour se rendre compte et aper\u00e7oit un groupe de cinq ou six soldats Allemands. Il met pied \u00e0 terre, attache son cheval \u00e0 une barri\u00e8re, prend son fusil, cach\u00e9 derri\u00e8re des arbres, il attend que l\u2019ennemi soit \u00e0 vue.<\/p>\n\n\n\n<h2 class=\"wp-block-heading\">La guerre d\u00e9bute avec ce premier combat<\/h2>\n\n\n\n<figure data-wp-context=\"{&quot;imageId&quot;:&quot;69ea96fd48b3e&quot;}\" data-wp-interactive=\"core\/image\" data-wp-key=\"69ea96fd48b3e\" class=\"wp-block-image size-full is-resized wp-lightbox-container\"><img loading=\"lazy\" decoding=\"async\" width=\"584\" height=\"960\" data-wp-class--hide=\"state.isContentHidden\" data-wp-class--show=\"state.isContentVisible\" data-wp-init=\"callbacks.setButtonStyles\" data-wp-on--click=\"actions.showLightbox\" data-wp-on--load=\"callbacks.setButtonStyles\" data-wp-on-window--resize=\"callbacks.setButtonStyles\" src=\"https:\/\/rrb.be\/rrb\/wp-content\/uploads\/2026\/01\/Cavalier-Antoine-FONCK-le-premier-soldat-belge-tue-2.jpg\" alt=\"\" class=\"wp-image-761\" style=\"width:301px;height:auto\" srcset=\"https:\/\/rrb.be\/rrb\/wp-content\/uploads\/2026\/01\/Cavalier-Antoine-FONCK-le-premier-soldat-belge-tue-2.jpg 584w, https:\/\/rrb.be\/rrb\/wp-content\/uploads\/2026\/01\/Cavalier-Antoine-FONCK-le-premier-soldat-belge-tue-2-183x300.jpg 183w\" sizes=\"auto, (max-width: 584px) 100vw, 584px\" \/><button\n\t\t\tclass=\"lightbox-trigger\"\n\t\t\ttype=\"button\"\n\t\t\taria-haspopup=\"dialog\"\n\t\t\taria-label=\"Enlarge\"\n\t\t\tdata-wp-init=\"callbacks.initTriggerButton\"\n\t\t\tdata-wp-on--click=\"actions.showLightbox\"\n\t\t\tdata-wp-style--right=\"state.imageButtonRight\"\n\t\t\tdata-wp-style--top=\"state.imageButtonTop\"\n\t\t>\n\t\t\t<svg xmlns=\"http:\/\/www.w3.org\/2000\/svg\" width=\"12\" height=\"12\" fill=\"none\" viewBox=\"0 0 12 12\">\n\t\t\t\t<path fill=\"#fff\" d=\"M2 0a2 2 0 0 0-2 2v2h1.5V2a.5.5 0 0 1 .5-.5h2V0H2Zm2 10.5H2a.5.5 0 0 1-.5-.5V8H0v2a2 2 0 0 0 2 2h2v-1.5ZM8 12v-1.5h2a.5.5 0 0 0 .5-.5V8H12v2a2 2 0 0 1-2 2H8Zm2-12a2 2 0 0 1 2 2v2h-1.5V2a.5.5 0 0 0-.5-.5H8V0h2Z\" \/>\n\t\t\t<\/svg>\n\t\t<\/button><\/figure>\n\n\n\n<p>Apr\u00e8s quelques instants, il aper\u00e7oit les soldats ennemis, il choisit sa cible et parvient \u00e0 tuer un des soldats Allemands, le reste du groupe ennemi se prot\u00e8ge et se disperse dans le bois.<\/p>\n\n\n\n<p>Attaquer seul ce groupe de soldats Allemands \u00e9tait une imprudence. Il aurait d\u00fb rebrousser chemin et alerter les trois autres lanciers. Ensemble, ils auraient pu organiser une embuscade et \u00e9liminer le groupe ennemi sans prendre de risques inutiles. Pour son premier combat, press\u00e9 d\u2019agir sans prendre le temps n\u00e9cessaire \u00e0 la r\u00e9flexion, il r\u00e9ussit \u00e0 abattre un soldat Allemand, mais ce sera aussi le dernier, car cette erreur strat\u00e9gique lui co\u00fbtera la vie.<\/p>\n\n\n\n<p>Antoine Fonck remonte sur sa monture et reprend sa progression, mais les soldats Allemands du 5e r\u00e9giment de Uhlans n\u2019ont pas l\u2019intention de le laisser s\u2019enfuir. Ils se rassemblent et lancent une contre-attaque. Son cheval est abattu, avec peine il s\u2019en d\u00e9gage et prend la fuite en longeant le foss\u00e9 de la route, essuyant des tirs Allemands. Il traverse la chauss\u00e9e pensant que le pont a \u00e9t\u00e9 d\u00e9truit, puis escalade l\u2019accotement pour franchir la haie.<\/p>\n\n\n\n<h2 class=\"wp-block-heading\">La mort de Antoine FONCK<\/h2>\n\n\n\n<p>\u00c0 ce moment, un soldat Allemand \u00e0 ses trousses l\u2019aper\u00e7oit, le vise et le tue d\u2019une balle dans la nuque. Il est 10 heures du matin au lieu-dit La Croix Polinard. Antoine Fonck devient ainsi le premier soldat Belge tu\u00e9 lors de la Premi\u00e8re Guerre mondiale.<\/p>\n\n\n\n<p>En avan\u00e7ant, l\u2019un des Allemands d\u00e9couvre le cadavre d\u2019Antoine Fonck. Il le retourne avec son pied et bien qu\u2019il soit mort, enfonce sa ba\u00efonnette dans le corps du soldat belge sous les yeux des habitants terrifi\u00e9s. \u00c0 coups de crosse, les Allemands obligent les habitants \u00e0 d\u00e9gager la route de ses obstacles, puis les placent devant eux pour qu\u2019ils servent de bouclier humain.<\/p>\n\n\n\n<p>Le 6 ao\u00fbt au matin, malgr\u00e9 la pr\u00e9sence ennemie, Thimister organise des fun\u00e9railles officielles et Antoine est enterr\u00e9 au cimeti\u00e8re communal. Pendant ces fun\u00e9railles, le baron de Menten de Horne, qui commande le 4e escadron du m\u00eame 2e R\u00e9giment de Lanciers, tombe au combat de Plainevaux. Il devient ainsi le premier officier belge \u00e0 \u00eatre tu\u00e9 durant la Grande Guerre.<\/p>\n\n\n\n<p><em>A noter que le WHI indique un soldat tu\u00e9 la veille : RABNLE Leon Alexandre Joseph n\u00e9 le 1er janvier 1890 \u00e0 Andenne et tu\u00e9 le 3 ao\u00fbt 1914 \u00e0 Fl\u00e9ron, num\u00e9ro de matricule 35254. En r\u00e9alit\u00e9 il n\u2019a pas \u00e9t\u00e9 tu\u00e9, mais est d\u00e9c\u00e9d\u00e9 accidentellement par noyade (erreur dans la DB du WHI).<\/em><\/p>\n\n\n\n<figure data-wp-context=\"{&quot;imageId&quot;:&quot;69ea96fd49133&quot;}\" data-wp-interactive=\"core\/image\" data-wp-key=\"69ea96fd49133\" class=\"wp-block-image size-full is-resized wp-lightbox-container\"><img loading=\"lazy\" decoding=\"async\" width=\"450\" height=\"600\" data-wp-class--hide=\"state.isContentHidden\" data-wp-class--show=\"state.isContentVisible\" data-wp-init=\"callbacks.setButtonStyles\" data-wp-on--click=\"actions.showLightbox\" data-wp-on--load=\"callbacks.setButtonStyles\" data-wp-on-window--resize=\"callbacks.setButtonStyles\" src=\"https:\/\/rrb.be\/rrb\/wp-content\/uploads\/2026\/01\/Cavalier-Antoine-FONCK-le-premier-soldat-belge-tue-3.jpg\" alt=\"\" class=\"wp-image-762\" style=\"width:234px;height:auto\" srcset=\"https:\/\/rrb.be\/rrb\/wp-content\/uploads\/2026\/01\/Cavalier-Antoine-FONCK-le-premier-soldat-belge-tue-3.jpg 450w, https:\/\/rrb.be\/rrb\/wp-content\/uploads\/2026\/01\/Cavalier-Antoine-FONCK-le-premier-soldat-belge-tue-3-225x300.jpg 225w\" sizes=\"auto, (max-width: 450px) 100vw, 450px\" \/><button\n\t\t\tclass=\"lightbox-trigger\"\n\t\t\ttype=\"button\"\n\t\t\taria-haspopup=\"dialog\"\n\t\t\taria-label=\"Enlarge\"\n\t\t\tdata-wp-init=\"callbacks.initTriggerButton\"\n\t\t\tdata-wp-on--click=\"actions.showLightbox\"\n\t\t\tdata-wp-style--right=\"state.imageButtonRight\"\n\t\t\tdata-wp-style--top=\"state.imageButtonTop\"\n\t\t>\n\t\t\t<svg xmlns=\"http:\/\/www.w3.org\/2000\/svg\" width=\"12\" height=\"12\" fill=\"none\" viewBox=\"0 0 12 12\">\n\t\t\t\t<path fill=\"#fff\" d=\"M2 0a2 2 0 0 0-2 2v2h1.5V2a.5.5 0 0 1 .5-.5h2V0H2Zm2 10.5H2a.5.5 0 0 1-.5-.5V8H0v2a2 2 0 0 0 2 2h2v-1.5ZM8 12v-1.5h2a.5.5 0 0 0 .5-.5V8H12v2a2 2 0 0 1-2 2H8Zm2-12a2 2 0 0 1 2 2v2h-1.5V2a.5.5 0 0 0-.5-.5H8V0h2Z\" \/>\n\t\t\t<\/svg>\n\t\t<\/button><\/figure>\n\n\n\n<h2 class=\"wp-block-heading\">R\u00e9f\u00e9rences :<\/h2>\n\n\n\n<ul class=\"wp-block-list\">\n<li>CegeSoma (Bruxelles) et \u00c9tat-major belge,&nbsp;<em>Rapports 2e Lanciers ao\u00fbt 1914<\/em> &#8211; Dossiers num\u00e9ris\u00e9s \u00ab\u00a0Bataille des forts de Li\u00e8ge\u00a0\u00bb, incluant fun\u00e9railles 6 ao\u00fbt malgr\u00e9 occupation et mort simultan\u00e9e du baron de Menten de Horne.<\/li>\n\n\n\n<li><em>Histoire du 2e R\u00e9giment de Lanciers<\/em>&nbsp;(1930) ; Christophe B\u00eachet, \u00e9tudes ULiege.<\/li>\n\n\n\n<li>Archives de l&rsquo;\u00c9tat belge (AGR, cotte VM 169\/2e Lanciers, ao\u00fbt 1914). R\u00e9cits d\u00e9taill\u00e9s de la patrouille \u00e0 Henri-Chapelle, du tir fatal de Fonck et de sa mort \u00e0 La Croix Polinard, confirm\u00e9s par t\u00e9moignages d&rsquo;officiers.<\/li>\n\n\n\n<li>\u00c9tat civil Thimister-Clermont (registre 1914) et WHI (Belgian War Heritage Institute) : matricule 140\/18318, n\u00e9 Verviers 10\/01\/1893, magasinier rue des B\u00e9gards 2, Li\u00e8ge.<\/li>\n\n\n\n<li><em>Histoire du 2e R\u00e9giment de Lanciers (1830-1940)<\/em>&nbsp;(publi\u00e9 par l&rsquo;Association des anciens, 1950), pp. 45-52. Analyse tactique de l&rsquo;imprudence de Fonck vs bravoure, avec extraits des rapports du g\u00e9n\u00e9ral Leman.<\/li>\n\n\n\n<li>Christophe B\u00eachet,&nbsp;<em>Les Premiers combats de la guerre 1914 en Belgique<\/em>&nbsp;(ULi\u00e8ge, 2014), p. 78 : confirme uhlans du 5e r\u00e9giment prussien, ba\u00efonnette post-mortem et civils en boucliers.<\/li>\n\n\n\n<li>Land of Memory (Thimister) : inscription compl\u00e8te de la plaque 1915 (\u00ab\u00a0premier soldat de l&rsquo;Arm\u00e9e belge mort \u00e0 l&rsquo;ennemi\u00a0\u00bb) ; ceinturon\/\u00e9peron expos\u00e9s ARVIA Herve. Hommages annuels 1er dimanche ao\u00fbt.<\/li>\n\n\n\n<li>Caserne Fonck (Li\u00e8ge, bd de la Constitution) : plaque inaugur\u00e9e post-1918 ; rue Cavalier Fonck \u00e0 Thimister-Clermont.<\/li>\n<\/ul>\n\n\n\n<p>Par Alain Schenkels<\/p>\n\n\n\n<figure data-wp-context=\"{&quot;imageId&quot;:&quot;69ea96fd49662&quot;}\" data-wp-interactive=\"core\/image\" data-wp-key=\"69ea96fd49662\" class=\"wp-block-image size-full is-resized wp-lightbox-container\"><img loading=\"lazy\" decoding=\"async\" width=\"728\" height=\"1006\" data-wp-class--hide=\"state.isContentHidden\" data-wp-class--show=\"state.isContentVisible\" data-wp-init=\"callbacks.setButtonStyles\" data-wp-on--click=\"actions.showLightbox\" data-wp-on--load=\"callbacks.setButtonStyles\" data-wp-on-window--resize=\"callbacks.setButtonStyles\" src=\"http:\/\/rrb.be\/rrb\/wp-content\/uploads\/2025\/12\/Alain_Schenkels-1.jpg\" alt=\"\" class=\"wp-image-329\" style=\"width:233px;height:auto\" srcset=\"https:\/\/rrb.be\/rrb\/wp-content\/uploads\/2025\/12\/Alain_Schenkels-1.jpg 728w, https:\/\/rrb.be\/rrb\/wp-content\/uploads\/2025\/12\/Alain_Schenkels-1-217x300.jpg 217w\" sizes=\"auto, (max-width: 728px) 100vw, 728px\" \/><button\n\t\t\tclass=\"lightbox-trigger\"\n\t\t\ttype=\"button\"\n\t\t\taria-haspopup=\"dialog\"\n\t\t\taria-label=\"Enlarge\"\n\t\t\tdata-wp-init=\"callbacks.initTriggerButton\"\n\t\t\tdata-wp-on--click=\"actions.showLightbox\"\n\t\t\tdata-wp-style--right=\"state.imageButtonRight\"\n\t\t\tdata-wp-style--top=\"state.imageButtonTop\"\n\t\t>\n\t\t\t<svg xmlns=\"http:\/\/www.w3.org\/2000\/svg\" width=\"12\" height=\"12\" fill=\"none\" viewBox=\"0 0 12 12\">\n\t\t\t\t<path fill=\"#fff\" d=\"M2 0a2 2 0 0 0-2 2v2h1.5V2a.5.5 0 0 1 .5-.5h2V0H2Zm2 10.5H2a.5.5 0 0 1-.5-.5V8H0v2a2 2 0 0 0 2 2h2v-1.5ZM8 12v-1.5h2a.5.5 0 0 0 .5-.5V8H12v2a2 2 0 0 1-2 2H8Zm2-12a2 2 0 0 1 2 2v2h-1.5V2a.5.5 0 0 0-.5-.5H8V0h2Z\" \/>\n\t\t\t<\/svg>\n\t\t<\/button><\/figure>\n\n\n\n<p>Cat\u00e9gorie(s) :<\/p>\n\n\n<div class=\"taxonomy-category wp-block-post-terms\"><a href=\"https:\/\/rrb.be\/rrb\/category\/conflits-guerres\/premiere-guerre-mondiale\/histoire-de-soldats-et-de-guerre\/\" rel=\"tag\">Histoire de soldats et de guerre<\/a><span class=\"wp-block-post-terms__separator\">, <\/span><a href=\"https:\/\/rrb.be\/rrb\/category\/conflits-guerres\/premiere-guerre-mondiale\/\" rel=\"tag\">Premi\u00e8re Guerre Mondiale<\/a><span class=\"wp-block-post-terms__separator\">, <\/span><a href=\"https:\/\/rrb.be\/rrb\/category\/conflits-guerres\/premiere-guerre-mondiale\/soldats-allies-tues-a-lennemi-premiere-guerre-mondiale\/\" rel=\"tag\">Soldats Alli\u00e9s tu\u00e9s \u00e0 l&rsquo;ennemi<\/a><\/div>\n\n\n<figure class=\"wp-block-embed is-type-wp-embed is-provider-alain-schenkels wp-block-embed-alain-schenkels\"><div class=\"wp-block-embed__wrapper\">\n<blockquote class=\"wp-embedded-content\" data-secret=\"1cuJ4LcSq6\"><a href=\"https:\/\/rrb.be\/rrb\/premiere-guerre-mondiale\/\">Premi\u00e8re Guerre Mondiale<\/a><\/blockquote><iframe loading=\"lazy\" class=\"wp-embedded-content\" sandbox=\"allow-scripts\" security=\"restricted\" style=\"position: absolute; visibility: hidden;\" title=\"\u00ab\u00a0Premi\u00e8re Guerre Mondiale\u00a0\u00bb &#8212; Alain Schenkels\" src=\"https:\/\/rrb.be\/rrb\/premiere-guerre-mondiale\/embed\/#?secret=O7U4UeKDg6#?secret=1cuJ4LcSq6\" data-secret=\"1cuJ4LcSq6\" width=\"600\" height=\"338\" frameborder=\"0\" marginwidth=\"0\" marginheight=\"0\" scrolling=\"no\"><\/iframe>\n<\/div><\/figure>\n","protected":false},"excerpt":{"rendered":"<p>Le soldat Antoine Fonck est r\u00e9put\u00e9 pour \u00eatre le premier soldat Belge tu\u00e9 lors de la Premi\u00e8re Guerre mondiale Informations Le soldat Antoine Fonck est reconnu comme le premier soldat Belge tu\u00e9 au combat lors de la Premi\u00e8re Guerre mondiale, atteint d\u2019une balle dans la nuque le 4 ao\u00fbt 1914 \u00e0 10 heures du matin. [&hellip;]<\/p>\n","protected":false},"author":1,"featured_media":763,"parent":727,"menu_order":0,"comment_status":"closed","ping_status":"closed","template":"","meta":{"footnotes":""},"categories":[33,10,37],"tags":[],"class_list":["post-760","page","type-page","status-publish","has-post-thumbnail","hentry","category-histoire-de-soldats-et-de-guerre","category-premiere-guerre-mondiale","category-soldats-allies-tues-a-lennemi-premiere-guerre-mondiale"],"_links":{"self":[{"href":"https:\/\/rrb.be\/rrb\/wp-json\/wp\/v2\/pages\/760","targetHints":{"allow":["GET"]}}],"collection":[{"href":"https:\/\/rrb.be\/rrb\/wp-json\/wp\/v2\/pages"}],"about":[{"href":"https:\/\/rrb.be\/rrb\/wp-json\/wp\/v2\/types\/page"}],"author":[{"embeddable":true,"href":"https:\/\/rrb.be\/rrb\/wp-json\/wp\/v2\/users\/1"}],"replies":[{"embeddable":true,"href":"https:\/\/rrb.be\/rrb\/wp-json\/wp\/v2\/comments?post=760"}],"version-history":[{"count":4,"href":"https:\/\/rrb.be\/rrb\/wp-json\/wp\/v2\/pages\/760\/revisions"}],"predecessor-version":[{"id":3142,"href":"https:\/\/rrb.be\/rrb\/wp-json\/wp\/v2\/pages\/760\/revisions\/3142"}],"up":[{"embeddable":true,"href":"https:\/\/rrb.be\/rrb\/wp-json\/wp\/v2\/pages\/727"}],"wp:featuredmedia":[{"embeddable":true,"href":"https:\/\/rrb.be\/rrb\/wp-json\/wp\/v2\/media\/763"}],"wp:attachment":[{"href":"https:\/\/rrb.be\/rrb\/wp-json\/wp\/v2\/media?parent=760"}],"wp:term":[{"taxonomy":"category","embeddable":true,"href":"https:\/\/rrb.be\/rrb\/wp-json\/wp\/v2\/categories?post=760"},{"taxonomy":"post_tag","embeddable":true,"href":"https:\/\/rrb.be\/rrb\/wp-json\/wp\/v2\/tags?post=760"}],"curies":[{"name":"wp","href":"https:\/\/api.w.org\/{rel}","templated":true}]}}