{"id":747,"date":"2026-01-03T08:46:43","date_gmt":"2026-01-03T08:46:43","guid":{"rendered":"https:\/\/rrb.be\/rrb\/?page_id=747"},"modified":"2026-02-10T13:11:44","modified_gmt":"2026-02-10T13:11:44","slug":"premiere-guerre-mondiale-la-deuxieme-bataille-dypres-du-22-avril-au-25-mai-1915-112-000-soldats-tues-en-un-mois","status":"publish","type":"page","link":"https:\/\/rrb.be\/rrb\/premiere-guerre-mondiale\/premiere-guerre-mondiale-la-deuxieme-bataille-dypres-du-22-avril-au-25-mai-1915-112-000-soldats-tues-en-un-mois\/","title":{"rendered":"Premi\u00e8re guerre mondiale : La deuxi\u00e8me bataille d\u2019Ypres du 22 avril au 25 mai 1915, 112 000 soldats tu\u00e9s en un mois"},"content":{"rendered":"\n<p><strong>La deuxi\u00e8me bataille d\u2019Ypres, qui s\u2019est d\u00e9roul\u00e9e du 22 avril au 25 mai 1915, a oppos\u00e9 la IVe Arm\u00e9e allemande aux troupes alli\u00e9es britanniques, belges et fran\u00e7aises.<\/strong><\/p>\n\n\n\n<p>Cette bataille marque la seconde tentative allemande pour prendre le contr\u00f4le de la ville flamande d\u2019Ypres en Belgique, apr\u00e8s celle de l\u2019automne 1914. C\u2019est lors de ces combats que l\u2019Arm\u00e9e allemande utilise pour la premi\u00e8re fois des gaz de combat toxiques \u00e0 grande \u00e9chelle sur le front de l\u2019Ouest.<\/p>\n\n\n\n<p><strong>Cette bataille peut \u00eatre divis\u00e9e en quatre parties distinctes :<\/strong><\/p>\n\n\n\n<ul class=\"wp-block-list\">\n<li>Bataille de Gravenstafel : 22 au 23 avril 1915<\/li>\n\n\n\n<li>Bataille de Saint-Julien : 24 avril \u2013 4 mai 1915<\/li>\n\n\n\n<li>Bataille de Frezenberg : 8 \u2013 13 mai 1915<\/li>\n\n\n\n<li>Bataille de Bellewaerde : 24 \u2013 25 mai 1915<\/li>\n<\/ul>\n\n\n\n<h2 class=\"wp-block-heading\">Bataille de Gravenstafel<\/h2>\n\n\n\n<p><strong>Le 22 avril<\/strong>, la deuxi\u00e8me bataille d\u2019Ypres constitue un bapt\u00eame du feu violent pour le Canada. Cette bataille d\u00e9fensive se d\u00e9roule \u00e0 un stade o\u00f9 les tranch\u00e9es sont encore peu d\u00e9velopp\u00e9es, car \u00e0 ce moment-l\u00e0, on croyait que la guerre ne durerait pas.<\/p>\n\n\n\n<p>Cette bataille repr\u00e9sente pour les Canadiens un apprentissage crucial de l\u2019assaut en tranch\u00e9e, annon\u00e7ant ainsi la fin des batailles rang\u00e9es et le d\u00e9but de la guerre des tranch\u00e9es. Ces assauts, caract\u00e9ris\u00e9s principalement par des initiatives h\u00e9ro\u00efques, mettent en \u00e9vidence plusieurs lacunes, en premier lieu le manque d\u2019appui de l\u2019artillerie.<\/p>\n\n\n\n<p><em>Charnier de cadavres de soldats Canadiens tu\u00e9s par les Allemands<\/em><\/p>\n\n\n\n<figure class=\"wp-block-image size-large is-resized\"><img loading=\"lazy\" decoding=\"async\" width=\"1024\" height=\"739\" src=\"https:\/\/rrb.be\/rrb\/wp-content\/uploads\/2026\/01\/La-deuxieme-bataille-dYpres-22-avril-au-25-mai-1915-4-1024x739.jpg\" alt=\"\" class=\"wp-image-748\" style=\"aspect-ratio:1.3857098669965975;width:782px;height:auto\" srcset=\"https:\/\/rrb.be\/rrb\/wp-content\/uploads\/2026\/01\/La-deuxieme-bataille-dYpres-22-avril-au-25-mai-1915-4-1024x739.jpg 1024w, https:\/\/rrb.be\/rrb\/wp-content\/uploads\/2026\/01\/La-deuxieme-bataille-dYpres-22-avril-au-25-mai-1915-4-300x217.jpg 300w, https:\/\/rrb.be\/rrb\/wp-content\/uploads\/2026\/01\/La-deuxieme-bataille-dYpres-22-avril-au-25-mai-1915-4-768x555.jpg 768w, https:\/\/rrb.be\/rrb\/wp-content\/uploads\/2026\/01\/La-deuxieme-bataille-dYpres-22-avril-au-25-mai-1915-4.jpg 1220w\" sizes=\"auto, (max-width: 1024px) 100vw, 1024px\" \/><\/figure>\n\n\n\n<p>Pour contrer cette menace, les soldats ont recours \u00e0 la grenade et au mortier. Cependant, le fusil Ross s\u2019av\u00e8re inefficace en raison de l\u2019obstruction par la boue et de probl\u00e8mes d\u2019enrayage dus \u00e0 une cadence de tir trop rapide.<\/p>\n\n\n\n<p>Cependant, un appui avec des mitrailleuses sur les flancs a contribu\u00e9 \u00e0 soutenir l\u2019assaut. Il est \u00e0 noter que parmi les soldats belges pr\u00e9sents,&nbsp;<strong>Louis Rolin<\/strong>&nbsp;a \u00e9t\u00e9 tu\u00e9 le premier jour de la bataille lors d\u2019une attaque Allemande dans sa tranch\u00e9e, \u00e0 l\u2019\u00e2ge de 28 ans. Selon une information non sourc\u00e9e, il aurait \u00e9t\u00e9 massacr\u00e9 par l\u2019ennemi \u00e0 l\u2019aide de coups de pelles port\u00e9s au niveau de sa t\u00eate. Cet objet \u00e9tait souvent utilis\u00e9 par les soldats des deux camps comme arme de substitution \u00e0 la ba\u00efonnette, jug\u00e9e trop imposante lors des attaques dans les tranch\u00e9es ennemies. Ils sont 5 fr\u00e8res \u00e0 avoir pris part aux combats durant cette premi\u00e8re guerre mondiale, trois y ont \u00e9t\u00e9 tu\u00e9&nbsp;!<\/p>\n\n\n\n<h2 class=\"wp-block-heading\">Bataille de Saint-Julien<\/h2>\n\n\n\n<p><strong>Le 24 avril<\/strong>, les Allemands lib\u00e8rent \u00e0 nouveau des nuages de gaz toxiques lors de leur offensive sur le saillant d\u2019Ypres. L\u2019attaque se concentre sur Saint-Julien, position tenue par la 1re division canadienne. Les soldats canadiens improvisent des protections en utilisant des mouchoirs imbib\u00e9s d\u2019eau ou d\u2019urine, emp\u00eachant ainsi une perc\u00e9e allemande.<\/p>\n\n\n\n<p><em>Au nord d\u2019Ypres en Belgique, ce cadavre d\u2019un soldat Fran\u00e7ais t\u00e9moigne des ravages caus\u00e9s par une attaque au gaz.<\/em><\/p>\n\n\n\n<figure class=\"wp-block-image size-large\"><img loading=\"lazy\" decoding=\"async\" width=\"1024\" height=\"498\" src=\"https:\/\/rrb.be\/rrb\/wp-content\/uploads\/2026\/01\/La-deuxieme-bataille-dYpres-22-avril-au-25-mai-1915-2-1024x498.jpg\" alt=\"\" class=\"wp-image-749\" style=\"aspect-ratio:2.0563035495716036\" srcset=\"https:\/\/rrb.be\/rrb\/wp-content\/uploads\/2026\/01\/La-deuxieme-bataille-dYpres-22-avril-au-25-mai-1915-2-1024x498.jpg 1024w, https:\/\/rrb.be\/rrb\/wp-content\/uploads\/2026\/01\/La-deuxieme-bataille-dYpres-22-avril-au-25-mai-1915-2-300x146.jpg 300w, https:\/\/rrb.be\/rrb\/wp-content\/uploads\/2026\/01\/La-deuxieme-bataille-dYpres-22-avril-au-25-mai-1915-2-768x374.jpg 768w, https:\/\/rrb.be\/rrb\/wp-content\/uploads\/2026\/01\/La-deuxieme-bataille-dYpres-22-avril-au-25-mai-1915-2.jpg 1190w\" sizes=\"auto, (max-width: 1024px) 100vw, 1024px\" \/><\/figure>\n\n\n\n<p><strong>Le 4 mai<\/strong>, les troupes canadiennes sont enfin relev\u00e9es par des troupes britanniques, fran\u00e7aises et indiens.<\/p>\n\n\n\n<p><strong>6 mai<\/strong>, Le g\u00e9n\u00e9ral Sir Horace Smith-Dorrien, commandant de la IIe arm\u00e9e britannique \u00e0 Ypres, est limog\u00e9 apr\u00e8s avoir sugg\u00e9r\u00e9 qu\u2019un retrait tactique pourrait r\u00e9duire la pression sur le saillant. Son sup\u00e9rieur, le mar\u00e9chal Sir John French, d\u00e9sapprouve et continue d\u2019ordonner des contre-attaques, mais aucune ne permet d\u2019avancer de fa\u00e7on significative. Smith-Dorrien est remplac\u00e9 par le g\u00e9n\u00e9ral Herbert Plumer.<\/p>\n\n\n\n<h2 class=\"wp-block-heading\">Bataille de Frezenberg<\/h2>\n\n\n\n<p><strong>Le 8 mai<\/strong>, Les Allemands s\u2019emparent de la cr\u00eate de Frezenberg, qu\u2019ils conservent malgr\u00e9 les contre-attaques alli\u00e9es.<\/p>\n\n\n\n<figure class=\"wp-block-image size-large\"><img loading=\"lazy\" decoding=\"async\" width=\"1024\" height=\"720\" src=\"https:\/\/rrb.be\/rrb\/wp-content\/uploads\/2026\/01\/La-deuxieme-bataille-dYpres-22-avril-au-25-mai-1915-5-1024x720.jpg\" alt=\"\" class=\"wp-image-750\" srcset=\"https:\/\/rrb.be\/rrb\/wp-content\/uploads\/2026\/01\/La-deuxieme-bataille-dYpres-22-avril-au-25-mai-1915-5-1024x720.jpg 1024w, https:\/\/rrb.be\/rrb\/wp-content\/uploads\/2026\/01\/La-deuxieme-bataille-dYpres-22-avril-au-25-mai-1915-5-300x211.jpg 300w, https:\/\/rrb.be\/rrb\/wp-content\/uploads\/2026\/01\/La-deuxieme-bataille-dYpres-22-avril-au-25-mai-1915-5-768x540.jpg 768w, https:\/\/rrb.be\/rrb\/wp-content\/uploads\/2026\/01\/La-deuxieme-bataille-dYpres-22-avril-au-25-mai-1915-5.jpg 1200w\" sizes=\"auto, (max-width: 1024px) 100vw, 1024px\" \/><\/figure>\n\n\n\n<h2 class=\"wp-block-heading\">Bataille de Bellewaerde<\/h2>\n\n\n\n<p><strong>Le 24 mai<\/strong>, l\u2019offensive allemande dirig\u00e9e contre la cr\u00eate de Bellewaerde, tenue par les Britanniques, permet de gagner des positions, mais les troupes allemandes doivent reculer \u00e0 la suite d\u2019une contre-attaque britannique. Les combats cessent le 25, marquant la fin de la deuxi\u00e8me bataille d\u2019Ypres.<\/p>\n\n\n\n<p>La bataille sur le front occidental commence avec l\u2019utilisation d\u2019un gaz toxique : le dichlore. Les Allemands avaient rassembl\u00e9 5 730 cylindres de ce gaz, que leur IVe arm\u00e9e utilise pour monter \u00e0 l\u2019attaque. Sans protection contre les gaz, les deux divisions fran\u00e7aises qui tiennent le flanc nord du saillant paniquent et s\u2019enfuient. Les Grenadiers belges de la 6e D.A. reprennent le terrain que les troupes fran\u00e7aises ont abandonn\u00e9. Les Fran\u00e7ais reviendront par trois fois \u00e0 la charge pour reprendre leur terrain perdu.<\/p>\n\n\n\n<p>Les combats de Steenstrate dureront trois jours et 900 soldats au r\u00e9giment belge des Grenadiers y sont tu\u00e9s. Cette attaque allemande ouvre ainsi une br\u00e8che de 8 km de large dans la ligne de front. Au centre, les troupes canadiennes devront se red\u00e9ployer pendant la nuit pour couvrir leur flanc expos\u00e9 par cette d\u00e9bandade.<\/p>\n\n\n\n<figure class=\"wp-block-image size-full is-resized\"><img loading=\"lazy\" decoding=\"async\" width=\"600\" height=\"417\" src=\"https:\/\/rrb.be\/rrb\/wp-content\/uploads\/2026\/01\/La-deuxieme-bataille-dYpres-22-avril-au-25-mai-1915-6.jpg\" alt=\"\" class=\"wp-image-751\" style=\"width:826px;height:auto\" srcset=\"https:\/\/rrb.be\/rrb\/wp-content\/uploads\/2026\/01\/La-deuxieme-bataille-dYpres-22-avril-au-25-mai-1915-6.jpg 600w, https:\/\/rrb.be\/rrb\/wp-content\/uploads\/2026\/01\/La-deuxieme-bataille-dYpres-22-avril-au-25-mai-1915-6-300x209.jpg 300w\" sizes=\"auto, (max-width: 600px) 100vw, 600px\" \/><\/figure>\n\n\n\n<h2 class=\"wp-block-heading\">Pertes humaines lors de cette deuxi\u00e8me bataille d\u2019Ypres<\/h2>\n\n\n\n<ul class=\"wp-block-list\">\n<li>C\u00f4t\u00e9 britannique : 58 000 soldats sont tu\u00e9s<\/li>\n\n\n\n<li>C\u00f4t\u00e9 fran\u00e7ais : 10 000 soldats sont tu\u00e9s<\/li>\n\n\n\n<li>C\u00f4t\u00e9 belge : 1 469 soldats sont tu\u00e9s, \u00e0 Steenstrade pr\u00e8s de 600 morts essentiellement suite aux attaques de gaz<\/li>\n\n\n\n<li>C\u00f4t\u00e9 canadiens : 6 713 soldats sont tu\u00e9s<\/li>\n\n\n\n<li>C\u00f4t\u00e9 allemand : 35 000 soldats sont tu\u00e9s<\/li>\n<\/ul>\n\n\n\n<p>En tout<strong>, 77 000 soldats Alli\u00e9s sont tu\u00e9s<\/strong>, pour <strong>35 000 soldats Allemands tu\u00e9s<\/strong>, totalisant ainsi plus de <strong>112 000 morts en un peu plus d\u2019un mois, rien qu\u2019\u00e0 Ypres. Le ratio 2 alli\u00e9s tu\u00e9 pour 1 tu\u00e9 allemand est acceptable aux yeux de l&rsquo;arm\u00e9e allemande. <\/strong><\/p>\n\n\n\n<p>Les troupes Britanniques ne reculent que de 5 km sur le front. \u00c0 la fin de la bataille, les troupes Belges, tenant un saillant en forme de crochet \u00e0 Steenstrate, parviennent \u00e0 contre-attaquer pour reconqu\u00e9rir les positions qu\u2019elles avaient perdues sous l\u2019effet de surprise.<\/p>\n\n\n\n<blockquote class=\"wp-block-quote is-layout-flow wp-block-quote-is-layout-flow\">\n<p><strong><em>Tous ces hommes morts pour quelques kilom\u00e8tres de terrain \u2026<\/em><\/strong><\/p>\n<\/blockquote>\n\n\n\n<p><em>Peinture d\u2019une sc\u00e8ne de combats durant la premi\u00e8re guerre mondiale par Richard Jack<\/em><\/p>\n\n\n\n<figure class=\"wp-block-image size-full\"><img loading=\"lazy\" decoding=\"async\" width=\"1024\" height=\"625\" src=\"https:\/\/rrb.be\/rrb\/wp-content\/uploads\/2026\/01\/La-deuxieme-bataille-dYpres-22-avril-au-25-mai-1915-7-1024x625-1.jpg\" alt=\"\" class=\"wp-image-752\" srcset=\"https:\/\/rrb.be\/rrb\/wp-content\/uploads\/2026\/01\/La-deuxieme-bataille-dYpres-22-avril-au-25-mai-1915-7-1024x625-1.jpg 1024w, https:\/\/rrb.be\/rrb\/wp-content\/uploads\/2026\/01\/La-deuxieme-bataille-dYpres-22-avril-au-25-mai-1915-7-1024x625-1-300x183.jpg 300w, https:\/\/rrb.be\/rrb\/wp-content\/uploads\/2026\/01\/La-deuxieme-bataille-dYpres-22-avril-au-25-mai-1915-7-1024x625-1-768x469.jpg 768w\" sizes=\"auto, (max-width: 1024px) 100vw, 1024px\" \/><\/figure>\n\n\n\n<h2 class=\"wp-block-heading\">R\u00e9f\u00e9rences :<\/h2>\n\n\n\n<ul class=\"wp-block-list\">\n<li>Pierre Bertin,&nbsp;<em>Ypres 1914-1918<\/em>&nbsp;(Imprimerie militaire, 1926), pp. 150-220. D\u00e9taille les 4 phases (Gravenstafel, St-Julien, Frezenberg, Bellewaerde) et l&rsquo;attaque au gaz du 22 avril par la IVe Arm\u00e9e allemande (5 730 bouteilles de chlore)<\/li>\n\n\n\n<li><em>Medical Services, Casualties and Medical Statistics<\/em>&nbsp;(HMSO, 1931), p. 47 : pertes britanniques 58 000 totales (dont ~7 000 tu\u00e9s), fran\u00e7aises 18 000, canadiennes 6 036 (dont 2 000 tu\u00e9s), belges ~3 000.<\/li>\n\n\n\n<li>In Flanders Fields Museum (Ypres) et CWGC :&nbsp;Archives num\u00e9ris\u00e9es sur Steenstrate et Grenadiers belges.<\/li>\n\n\n\n<li><em>The 16th Battalion (The Canadian Scottish)<\/em>&nbsp;(Glasgow Herald, 1931), pp. 45-60. Fusil Ross d\u00e9faillant (boue\/enrayages), improvisations (urine\/mouchoirs), r\u00f4le des mitrailleuses Vickers sur flancs.<\/li>\n\n\n\n<li>Archives CegeSoma (Bruxelles), dossier Grenadiers : 900 tu\u00e9s \u00e0 Steenstrate sur 3 jours, reprise du terrain fran\u00e7ais abandonn\u00e9. Louis Rolin (6e DA) : confirm\u00e9 tu\u00e9 le 22 avril, circonstances non sourc\u00e9es dans registres<\/li>\n\n\n\n<li>Pierre Berton,&nbsp;<em>Vimy<\/em>&nbsp;(McClelland &amp; Stewart, 1986), pp. 80-95 : rel\u00e8ve le 4 mai par Britanniques\/Indiens\/Fran\u00e7ais ; Smith-Dorrien limog\u00e9 le 6 mai pour suggestion de retraite.<\/li>\n\n\n\n<li>Cyril Falls,&nbsp;<em>Military Operations, France and Belgium 1915<\/em>&nbsp;(HMSO, 1927), vol. 2, p. 15 : cr\u00eate prise par Allemands malgr\u00e9 contre-attaques.<\/li>\n\n\n\n<li><em>La Deuxi\u00e8me Bataille d&rsquo;Ypres<\/em>&nbsp;(SHD, Vincennes), p. 112 : recul allemand sous contre-attaque britannique.<\/li>\n\n\n\n<li>CegeSoma [cegesoma.be\/ypres-1915] et Staatsciearchief Leuven : cartes Gette\/Yser, casques et pelles comme armes de tranch\u00e9e.<\/li>\n\n\n\n<li>Photo d&rsquo;ent\u00eate : Ypres 1915, soldat belge tu\u00e9 suite \u00e0 une attaque au gaz<\/li>\n<\/ul>\n\n\n\n<p>Par Alain Schenkels<\/p>\n\n\n\n<figure data-wp-context=\"{&quot;imageId&quot;:&quot;69ea96fdbe0c4&quot;}\" data-wp-interactive=\"core\/image\" data-wp-key=\"69ea96fdbe0c4\" class=\"wp-block-image size-full is-resized wp-lightbox-container\"><img loading=\"lazy\" decoding=\"async\" width=\"728\" height=\"1006\" data-wp-class--hide=\"state.isContentHidden\" data-wp-class--show=\"state.isContentVisible\" data-wp-init=\"callbacks.setButtonStyles\" data-wp-on--click=\"actions.showLightbox\" data-wp-on--load=\"callbacks.setButtonStyles\" data-wp-on-window--resize=\"callbacks.setButtonStyles\" src=\"http:\/\/rrb.be\/rrb\/wp-content\/uploads\/2025\/12\/Alain_Schenkels-1.jpg\" alt=\"\" class=\"wp-image-329\" style=\"aspect-ratio:0.7236767447515603;width:245px;height:auto\" srcset=\"https:\/\/rrb.be\/rrb\/wp-content\/uploads\/2025\/12\/Alain_Schenkels-1.jpg 728w, https:\/\/rrb.be\/rrb\/wp-content\/uploads\/2025\/12\/Alain_Schenkels-1-217x300.jpg 217w\" sizes=\"auto, (max-width: 728px) 100vw, 728px\" \/><button\n\t\t\tclass=\"lightbox-trigger\"\n\t\t\ttype=\"button\"\n\t\t\taria-haspopup=\"dialog\"\n\t\t\taria-label=\"Enlarge\"\n\t\t\tdata-wp-init=\"callbacks.initTriggerButton\"\n\t\t\tdata-wp-on--click=\"actions.showLightbox\"\n\t\t\tdata-wp-style--right=\"state.imageButtonRight\"\n\t\t\tdata-wp-style--top=\"state.imageButtonTop\"\n\t\t>\n\t\t\t<svg xmlns=\"http:\/\/www.w3.org\/2000\/svg\" width=\"12\" height=\"12\" fill=\"none\" viewBox=\"0 0 12 12\">\n\t\t\t\t<path fill=\"#fff\" d=\"M2 0a2 2 0 0 0-2 2v2h1.5V2a.5.5 0 0 1 .5-.5h2V0H2Zm2 10.5H2a.5.5 0 0 1-.5-.5V8H0v2a2 2 0 0 0 2 2h2v-1.5ZM8 12v-1.5h2a.5.5 0 0 0 .5-.5V8H12v2a2 2 0 0 1-2 2H8Zm2-12a2 2 0 0 1 2 2v2h-1.5V2a.5.5 0 0 0-.5-.5H8V0h2Z\" \/>\n\t\t\t<\/svg>\n\t\t<\/button><\/figure>\n\n\n\n<p>Cat\u00e9gorie(s) :<\/p>\n\n\n<div class=\"taxonomy-category wp-block-post-terms\"><a href=\"https:\/\/rrb.be\/rrb\/category\/conflits-guerres\/premiere-guerre-mondiale\/histoire-de-soldats-et-de-guerre\/\" rel=\"tag\">Histoire de soldats et de guerre<\/a><span class=\"wp-block-post-terms__separator\">, <\/span><a href=\"https:\/\/rrb.be\/rrb\/category\/conflits-guerres\/premiere-guerre-mondiale\/\" rel=\"tag\">Premi\u00e8re Guerre Mondiale<\/a><\/div>\n\n\n<figure class=\"wp-block-embed is-type-wp-embed is-provider-alain-schenkels wp-block-embed-alain-schenkels\"><div class=\"wp-block-embed__wrapper\">\n<blockquote class=\"wp-embedded-content\" data-secret=\"rcVouyn5jd\"><a href=\"https:\/\/rrb.be\/rrb\/premiere-guerre-mondiale\/\">Premi\u00e8re Guerre Mondiale<\/a><\/blockquote><iframe loading=\"lazy\" class=\"wp-embedded-content\" sandbox=\"allow-scripts\" security=\"restricted\" style=\"position: absolute; visibility: hidden;\" title=\"\u00ab\u00a0Premi\u00e8re Guerre Mondiale\u00a0\u00bb &#8212; Alain Schenkels\" src=\"https:\/\/rrb.be\/rrb\/premiere-guerre-mondiale\/embed\/#?secret=1HNMSKdng3#?secret=rcVouyn5jd\" data-secret=\"rcVouyn5jd\" width=\"600\" height=\"338\" frameborder=\"0\" marginwidth=\"0\" marginheight=\"0\" scrolling=\"no\"><\/iframe>\n<\/div><\/figure>\n\n\n\n<p><\/p>\n","protected":false},"excerpt":{"rendered":"<p>La deuxi\u00e8me bataille d\u2019Ypres, qui s\u2019est d\u00e9roul\u00e9e du 22 avril au 25 mai 1915, a oppos\u00e9 la IVe Arm\u00e9e allemande aux troupes alli\u00e9es britanniques, belges et fran\u00e7aises. Cette bataille marque la seconde tentative allemande pour prendre le contr\u00f4le de la ville flamande d\u2019Ypres en Belgique, apr\u00e8s celle de l\u2019automne 1914. C\u2019est lors de ces combats [&hellip;]<\/p>\n","protected":false},"author":1,"featured_media":753,"parent":727,"menu_order":0,"comment_status":"closed","ping_status":"closed","template":"","meta":{"footnotes":""},"categories":[33,10],"tags":[],"class_list":["post-747","page","type-page","status-publish","has-post-thumbnail","hentry","category-histoire-de-soldats-et-de-guerre","category-premiere-guerre-mondiale"],"_links":{"self":[{"href":"https:\/\/rrb.be\/rrb\/wp-json\/wp\/v2\/pages\/747","targetHints":{"allow":["GET"]}}],"collection":[{"href":"https:\/\/rrb.be\/rrb\/wp-json\/wp\/v2\/pages"}],"about":[{"href":"https:\/\/rrb.be\/rrb\/wp-json\/wp\/v2\/types\/page"}],"author":[{"embeddable":true,"href":"https:\/\/rrb.be\/rrb\/wp-json\/wp\/v2\/users\/1"}],"replies":[{"embeddable":true,"href":"https:\/\/rrb.be\/rrb\/wp-json\/wp\/v2\/comments?post=747"}],"version-history":[{"count":8,"href":"https:\/\/rrb.be\/rrb\/wp-json\/wp\/v2\/pages\/747\/revisions"}],"predecessor-version":[{"id":3137,"href":"https:\/\/rrb.be\/rrb\/wp-json\/wp\/v2\/pages\/747\/revisions\/3137"}],"up":[{"embeddable":true,"href":"https:\/\/rrb.be\/rrb\/wp-json\/wp\/v2\/pages\/727"}],"wp:featuredmedia":[{"embeddable":true,"href":"https:\/\/rrb.be\/rrb\/wp-json\/wp\/v2\/media\/753"}],"wp:attachment":[{"href":"https:\/\/rrb.be\/rrb\/wp-json\/wp\/v2\/media?parent=747"}],"wp:term":[{"taxonomy":"category","embeddable":true,"href":"https:\/\/rrb.be\/rrb\/wp-json\/wp\/v2\/categories?post=747"},{"taxonomy":"post_tag","embeddable":true,"href":"https:\/\/rrb.be\/rrb\/wp-json\/wp\/v2\/tags?post=747"}],"curies":[{"name":"wp","href":"https:\/\/api.w.org\/{rel}","templated":true}]}}