{"id":727,"date":"2026-01-03T07:57:54","date_gmt":"2026-01-03T07:57:54","guid":{"rendered":"https:\/\/rrb.be\/rrb\/?page_id=727"},"modified":"2026-02-11T13:12:35","modified_gmt":"2026-02-11T13:12:35","slug":"premiere-guerre-mondiale","status":"publish","type":"page","link":"https:\/\/rrb.be\/rrb\/premiere-guerre-mondiale\/","title":{"rendered":"Premi\u00e8re Guerre Mondiale"},"content":{"rendered":"\n<blockquote class=\"wp-block-quote is-layout-flow wp-block-quote-is-layout-flow\">\n<p>Avant propos<\/p>\n<\/blockquote>\n\n\n\n<p><strong>J\u2019accorde une importance capitale aux destins des hommes et des femmes afin de rappeler le drame humain que toute guerre repr\u00e9sente pour les militaires et les civils. Dans les affres de la guerre, l\u2019amour et la tristesse, le bonheur et le malheur, la vie et la mort s\u2019entrelacent inexorablement.<\/strong><\/p>\n\n\n\n<p>Bien que l\u2019invasion allemande ait caus\u00e9 d\u2019innombrables souffrances et destructions, il ne s\u2019agit pas de condamner le soldat allemand en tant qu\u2019individu, mais de replacer les \u00e9v\u00e9nements meurtriers dans leur contexte.<\/p>\n\n\n\n<p>Mon existence est la r\u00e9sultante du pass\u00e9 et donc entre autre de la premi\u00e8re guerre mondiale qui a fa\u00e7onn\u00e9 l\u2019humanit\u00e9 tout enti\u00e8re.<\/p>\n\n\n\n<p>Je m\u2019int\u00e9resse \u00e0 l\u2019histoire des guerres qui ont jou\u00e9 un r\u00f4le capital dans la construction du monde et de notre civilisation. Toutes les soci\u00e9t\u00e9s humaines, anciennes et modernes, simples ou sophistiqu\u00e9es, ont pratiqu\u00e9 la guerre. La guerre est d\u2019abord et surtout un ph\u00e9nom\u00e8ne soci\u00e9tal et politique. Si l\u2019histoire d\u00e9montre que nombre de guerres sont provoqu\u00e9es pour des raisons telles que la concurrence pour les ressources, les diff\u00e9rences culturelles, les rivalit\u00e9s territoriales, les id\u00e9ologies politiques, les croyances religieuses, le pouvoir, conqu\u00e9rir de nouveaux territoires, entrer en guerre peut aussi \u00eatre l\u2019unique solution pour contrer des menaces telles que les dictatures, int\u00e9grismes religieux et autre envahisseurs.<\/p>\n\n\n\n<p>Si nos a\u00efeux ne s\u2019\u00e9taient pas battus lors de cette premi\u00e8re guerre mondiale, ils auraient \u00e9t\u00e9 asservis dans une Allemagne ennemie, n\u2019oublions jamais leur sacrifice qui nous permet aujourd\u2019hui de vivre libre&nbsp;! Constituant mon arbre g\u00e9n\u00e9alogique avec des cousins avec anc\u00eatre commun, je suis abasourdi en constatant non seulement le nombre d\u2019hommes qui ont combattu, mais surtout par le nombre d\u2019entre eux qui y ont laiss\u00e9 leur vie, sans compter les prisonniers et bless\u00e9s qui ne sont que rarement r\u00e9pertori\u00e9s.<br>Pour l\u2019heure, je comptabilise 29 tu\u00e9s pour seulement 32 survivants y compris les bless\u00e9s, prisonniers et&nbsp;malheureusement aussi un d\u00e9serteur par insoumission.<\/p>\n\n\n\n<p>Mon objectif est essentiellement de rendre hommage aux soldats alli\u00e9s qui ont souffert, parfois bless\u00e9s, captur\u00e9s ou tu\u00e9s pour notre libert\u00e9.<\/p>\n\n\n\n<h2 class=\"wp-block-heading\">Remerciements :<\/h2>\n\n\n\n<ul class=\"wp-block-list\">\n<li><strong>Christian JANSSENS<\/strong>, historien sp\u00e9cialis\u00e9 dans les deux guerres mondiales et dans les conflits en g\u00e9n\u00e9ral.<\/li>\n\n\n\n<li><strong>S. AB<\/strong>, sous-officier, pour sa vision et son aide pr\u00e9cieuse concernant les r\u00e8glements et les lois de la guerre (DIH, ROE).<\/li>\n\n\n\n<li><a href=\"https:\/\/rrb.be\/rrb\/presentation-de-dimitri-abramovitch-belgo-russe-juif-bachelier-en-histoire-et-langues-etrangeres\/\"><strong>Dimitri ABRAMOVITCH<\/strong>,<\/a> Belgo-Russe juif, bachelier en Histoire et langues \u00e9trang\u00e8res. Fervent d\u00e9fenseur de l\u2019Ukraine face \u00e0 l\u2019agression de la Russie, son pays d\u2019origine.<\/li>\n\n\n\n<li><strong><a href=\"https:\/\/rrb.be\/rrb\/seconde-guerre-mondiale\/soldat-camille-20-ans-72-heures-dans-lenfer-de-la-campagne-des-18-jours\/\">Antoine COLLEMAN<\/a><\/strong>, \u00e9tudiant en bachelier d\u2019Histoire, sciences humaines et sociales et \u00e9crivain.<\/li>\n<\/ul>\n\n\n\n<hr class=\"wp-block-separator has-alpha-channel-opacity\"\/>\n\n\n\n<h2 class=\"wp-block-heading\">Sommaire des articles :<\/h2>\n\n\n\n<ul class=\"wp-block-list\">\n<li><a href=\"https:\/\/rrb.be\/rrb\/premiere-guerre-mondiale-en-belgique-4-aout-1914-11-novembre-1918\/\">Premi\u00e8re guerre mondiale en Belgique : 4 ao\u00fbt 1914 \u2013 11 novembre 1918<\/a><\/li>\n\n\n\n<li><a href=\"https:\/\/rrb.be\/rrb\/premiere-guerre-mondiale-22-aout-1914-massacres-a-morhange-charleroi-et-rossignol\/\">22 ao\u00fbt 1914, Massacres \u00e0 Morhange, Charleroi et Rossignol<\/a><\/li>\n\n\n\n<li><a href=\"https:\/\/rrb.be\/rrb\/la-bataille-des-casques-dargent-et-la-victoire-belge\/\">La bataille des Casques d\u2019argent et la victoire belge<\/a><\/li>\n\n\n\n<li><a href=\"https:\/\/rrb.be\/rrb\/premiere-guerre-mondiale-la-deuxieme-bataille-dypres-du-22-avril-au-25-mai-1915-112-000-soldats-tues-en-un-mois\/\">La deuxi\u00e8me bataille d\u2019Ypres du 22 avril au 25 mai 1915, 112 000 soldats tu\u00e9s en un mois<\/a><\/li>\n\n\n\n<li><a href=\"https:\/\/rrb.be\/rrb\/premiere-guerre-mondiale-1914-un-mitrailleur-belge-en-action\/\">1914 \u2013 Un mitrailleur belge en action<\/a><\/li>\n\n\n\n<li><a href=\"https:\/\/rrb.be\/rrb\/1918-le-soldat-john-kelly-1898-1957-du-corps-des-marines-elimine-deux-mitrailleurs-allemands-et-fait-huit-prisonniers\/\">1918, le soldat John Kelly du corps des Marines abat deux mitrailleurs ennemis et fait 8 prisonniers<\/a> <\/li>\n\n\n\n<li>(Dossier) <a href=\"https:\/\/rrb.be\/rrb\/les-progres-de-laviation-lors-de-la-premiere-guerre-mondiale\/\">Les progr\u00e8s de l\u2019aviation lors de la premi\u00e8re guerre mondiale<\/a><\/li>\n<\/ul>\n\n\n\n<h2 class=\"wp-block-heading\">Histoires de soldats belges et alli\u00e9s :<\/h2>\n\n\n\n<ol class=\"wp-block-list\">\n<li>Histoires familiales de nos soldats et civils :<\/li>\n<\/ol>\n\n\n\n<ul class=\"wp-block-list\">\n<li><a href=\"https:\/\/rrb.be\/rrb\/premiere-guerre-mondiale-alfred-ureel-sengage-en-tant-quinfirmier-il-est-tue-a-29-ans\/\">Alfred UREEL s\u2019engage en tant qu\u2019infirmier, il est tu\u00e9 le 3 avril 1916 \u00e0 l&rsquo;\u00e2ge de 29 ans<\/a><\/li>\n\n\n\n<li>Oscar UREEL s&rsquo;engage dans l&rsquo;artillerie, transf\u00e9r\u00e9 aux chemins de fer fran\u00e7ais, il n&rsquo;est jamais appel\u00e9. <\/li>\n\n\n\n<li>Victor ANDRE, soldat gri\u00e8vement bless\u00e9 le 30 octobre 1914 par \u00e9clat d&rsquo;obus, \u00e0 21 ans, il a surv\u00e9cu.<\/li>\n\n\n\n<li><a href=\"https:\/\/rrb.be\/rrb\/premiere-guerre-mondiale-le-1er-sergent-maurice-boulanger-est-tue-quelques-semaines-avant-larmistice\/\">Le 1er sergent Maurice BOULANGER, tu\u00e9 par balle le 13 octobre 1918, \u00e0 l&rsquo;\u00e2ge de 25 ans<\/a><\/li>\n\n\n\n<li>Jacob SCHENKELS, civil tu\u00e9 par balle le 13 octobre 1918, \u00e0 l&rsquo;\u00e2ge de 28 ans<\/li>\n<\/ul>\n\n\n\n<p>Histoires de soldats belges et alli\u00e9s tu\u00e9s en Belgique :<\/p>\n\n\n\n<ul class=\"wp-block-list\">\n<li><a href=\"https:\/\/rrb.be\/rrb\/premiere-guerre-mondiale-cavalier-antoine-fonck-premier-soldat-belge-tue-le-4-aout-1914\/\">Cavalier Antoine FONCK, premier soldat belge tu\u00e9 le 4 ao\u00fbt 1914, \u00e0 l&rsquo;\u00e2ge de 21 ans<\/a><\/li>\n\n\n\n<li><a href=\"https:\/\/rrb.be\/rrb\/premiere-guerre-mondiale-john-parr-le-premier-soldat-britannique-tue-en-belgique-a-seulement-17-ans\/\">John PARR, le premier soldat Britannique tu\u00e9 en Belgique \u00e0 l&rsquo;\u00e2ge de 17 ans<\/a><\/li>\n\n\n\n<li><a href=\"https:\/\/rrb.be\/rrb\/premiere-guerre-mondiale-le-dernier-soldat-belge-tue-le-1-novembre-1918-le-tragique-destin-du-caporal-marcel-terfve\/\">Le dernier soldat belge tu\u00e9 le 1 novembre 1918, le tragique destin du caporal Marcel TERFVE, 24 ans<\/a><\/li>\n\n\n\n<li><a href=\"https:\/\/rrb.be\/rrb\/premiere-guerre-mondiale-soldat-britannique-george-ellison-tue-a-mons-le-11-novembre-1918-a-9h30\/\">Soldat Britannique George ELLISON, tu\u00e9 \u00e0 Mons le 11 novembre 1918 \u00e0 9H30, \u00e0 l&rsquo;\u00e2ge de 40 ans<\/a><\/li>\n\n\n\n<li><a href=\"https:\/\/rrb.be\/rrb\/premiere-guerre-mondiale-soldat-canadien-george-price-tue-en-belgique-deux-minutes-avant-le-cesse-de-feu\/\">Soldat Canadien George PRICE tu\u00e9 en Belgique deux minutes avant le cess\u00e9 de feu \u00e0 l&rsquo;\u00e2ge de 25 ans<\/a><\/li>\n<\/ul>\n\n\n\n<p>2. Histoires de soldats alli\u00e9s tu\u00e9s hors de Belgique<\/p>\n\n\n\n<ul class=\"wp-block-list\">\n<li><a href=\"https:\/\/rrb.be\/rrb\/premiere-guerre-mondiale-les-tragiques-destins-croises-caporal-francais-jules-peugeot-et-sous-lieutenant-allemand-albert-mayer\/\">Les tragiques destins crois\u00e9s caporal Fran\u00e7ais Jules PEUGEOT et sous-lieutenant Allemand Albert MAYER<\/a><\/li>\n\n\n\n<li><a href=\"https:\/\/rrb.be\/rrb\/premiere-guerre-mondiale-lhistoire-du-caporal-francais-emile-le-pahun-fusille-par-les-siens-en-1916\/\">L\u2019histoire du caporal fran\u00e7ais Emile LE PAHUN fusill\u00e9 par les siens en 1916<\/a><\/li>\n\n\n\n<li><a href=\"https:\/\/rrb.be\/rrb\/premiere-guerre-mondiale-les-trois-premiers-soldats-americains-tues-en-france-en-1917\/\">Les trois premiers soldats Am\u00e9ricains tu\u00e9s en France en 1917<\/a><\/li>\n\n\n\n<li><a href=\"https:\/\/rrb.be\/rrb\/premiere-guerre-mondiale-augustin-trebuchon-soldat-francais-abattu-5-minutes-avant-lheure-du-cessez-le-feu\/\">Augustin TREBUCHON, 40 ans, soldat fran\u00e7ais abattu 5 minutes avant l\u2019heure du cessez-le-feu<\/a><\/li>\n\n\n\n<li><a href=\"https:\/\/rrb.be\/rrb\/premiere-guerre-mondiale-le-suicide-du-soldat-americain-henry-gunther-abattu-a-une-minute-de-larmistice\/\">Le suicide du soldat Am\u00e9ricain Henry GUNTHER, abattu \u00e0 une minute de l\u2019armistice \u00e0 l&rsquo;\u00e2ge de 23 ans<\/a><\/li>\n<\/ul>\n\n\n\n<p>3. L&rsquo;histoire d&rsquo;un soldat Allemand tu\u00e9 par accident ou imprudence<\/p>\n\n\n\n<ul class=\"wp-block-list\">\n<li><a href=\"https:\/\/rrb.be\/rrb\/premiere-guerre-mondiale-lieutenant-allemand-erwin-thoma-tragiquement-abattu-apres-larmistice\/\">Lieutenant Allemand Erwin THOM\u00c4, abattu apr\u00e8s l\u2019armistice, \u00e0 l&rsquo;\u00e2ge de 22 ans<\/a><\/li>\n<\/ul>\n\n\n\n<p>Par Alain Schenkels<\/p>\n\n\n\n<figure data-wp-context=\"{&quot;imageId&quot;:&quot;69ea81263147b&quot;}\" data-wp-interactive=\"core\/image\" data-wp-key=\"69ea81263147b\" class=\"wp-block-image size-full is-resized wp-lightbox-container\"><img loading=\"lazy\" decoding=\"async\" width=\"728\" height=\"1006\" data-wp-class--hide=\"state.isContentHidden\" data-wp-class--show=\"state.isContentVisible\" data-wp-init=\"callbacks.setButtonStyles\" data-wp-on--click=\"actions.showLightbox\" data-wp-on--load=\"callbacks.setButtonStyles\" data-wp-on-window--resize=\"callbacks.setButtonStyles\" src=\"http:\/\/rrb.be\/rrb\/wp-content\/uploads\/2025\/12\/Alain_Schenkels-1.jpg\" alt=\"\" class=\"wp-image-329\" style=\"width:225px;height:auto\" srcset=\"https:\/\/rrb.be\/rrb\/wp-content\/uploads\/2025\/12\/Alain_Schenkels-1.jpg 728w, https:\/\/rrb.be\/rrb\/wp-content\/uploads\/2025\/12\/Alain_Schenkels-1-217x300.jpg 217w\" sizes=\"auto, (max-width: 728px) 100vw, 728px\" \/><button\n\t\t\tclass=\"lightbox-trigger\"\n\t\t\ttype=\"button\"\n\t\t\taria-haspopup=\"dialog\"\n\t\t\taria-label=\"Enlarge\"\n\t\t\tdata-wp-init=\"callbacks.initTriggerButton\"\n\t\t\tdata-wp-on--click=\"actions.showLightbox\"\n\t\t\tdata-wp-style--right=\"state.imageButtonRight\"\n\t\t\tdata-wp-style--top=\"state.imageButtonTop\"\n\t\t>\n\t\t\t<svg xmlns=\"http:\/\/www.w3.org\/2000\/svg\" width=\"12\" height=\"12\" fill=\"none\" viewBox=\"0 0 12 12\">\n\t\t\t\t<path fill=\"#fff\" d=\"M2 0a2 2 0 0 0-2 2v2h1.5V2a.5.5 0 0 1 .5-.5h2V0H2Zm2 10.5H2a.5.5 0 0 1-.5-.5V8H0v2a2 2 0 0 0 2 2h2v-1.5ZM8 12v-1.5h2a.5.5 0 0 0 .5-.5V8H12v2a2 2 0 0 1-2 2H8Zm2-12a2 2 0 0 1 2 2v2h-1.5V2a.5.5 0 0 0-.5-.5H8V0h2Z\" \/>\n\t\t\t<\/svg>\n\t\t<\/button><\/figure>\n\n\n\n<p>(Photo ent\u00eate : En garde dans la marche de la mort vers 1917 &#8211; libre de droit)<\/p>\n","protected":false},"excerpt":{"rendered":"<p>Avant propos J\u2019accorde une importance capitale aux destins des hommes et des femmes afin de rappeler le drame humain que toute guerre repr\u00e9sente pour les militaires et les civils. Dans les affres de la guerre, l\u2019amour et la tristesse, le bonheur et le malheur, la vie et la mort s\u2019entrelacent inexorablement. Bien que l\u2019invasion allemande [&hellip;]<\/p>\n","protected":false},"author":1,"featured_media":719,"parent":0,"menu_order":0,"comment_status":"closed","ping_status":"closed","template":"","meta":{"footnotes":""},"categories":[10],"tags":[],"class_list":["post-727","page","type-page","status-publish","has-post-thumbnail","hentry","category-premiere-guerre-mondiale"],"_links":{"self":[{"href":"https:\/\/rrb.be\/rrb\/wp-json\/wp\/v2\/pages\/727","targetHints":{"allow":["GET"]}}],"collection":[{"href":"https:\/\/rrb.be\/rrb\/wp-json\/wp\/v2\/pages"}],"about":[{"href":"https:\/\/rrb.be\/rrb\/wp-json\/wp\/v2\/types\/page"}],"author":[{"embeddable":true,"href":"https:\/\/rrb.be\/rrb\/wp-json\/wp\/v2\/users\/1"}],"replies":[{"embeddable":true,"href":"https:\/\/rrb.be\/rrb\/wp-json\/wp\/v2\/comments?post=727"}],"version-history":[{"count":40,"href":"https:\/\/rrb.be\/rrb\/wp-json\/wp\/v2\/pages\/727\/revisions"}],"predecessor-version":[{"id":3259,"href":"https:\/\/rrb.be\/rrb\/wp-json\/wp\/v2\/pages\/727\/revisions\/3259"}],"wp:featuredmedia":[{"embeddable":true,"href":"https:\/\/rrb.be\/rrb\/wp-json\/wp\/v2\/media\/719"}],"wp:attachment":[{"href":"https:\/\/rrb.be\/rrb\/wp-json\/wp\/v2\/media?parent=727"}],"wp:term":[{"taxonomy":"category","embeddable":true,"href":"https:\/\/rrb.be\/rrb\/wp-json\/wp\/v2\/categories?post=727"},{"taxonomy":"post_tag","embeddable":true,"href":"https:\/\/rrb.be\/rrb\/wp-json\/wp\/v2\/tags?post=727"}],"curies":[{"name":"wp","href":"https:\/\/api.w.org\/{rel}","templated":true}]}}