{"id":692,"date":"2026-01-02T11:33:10","date_gmt":"2026-01-02T11:33:10","guid":{"rendered":"https:\/\/rrb.be\/rrb\/?page_id=692"},"modified":"2026-02-08T19:07:26","modified_gmt":"2026-02-08T19:07:26","slug":"premiere-guerre-mondiale-en-belgique-4-aout-1914-11-novembre-1918","status":"publish","type":"page","link":"https:\/\/rrb.be\/rrb\/premiere-guerre-mondiale\/premiere-guerre-mondiale-en-belgique-4-aout-1914-11-novembre-1918\/","title":{"rendered":"Premi\u00e8re guerre mondiale en Belgique : 4 ao\u00fbt 1914 \u2013 11 novembre 1918"},"content":{"rendered":"\n<p><strong>Le 4 ao\u00fbt 1914, la Belgique, fid\u00e8le \u00e0 sa neutralit\u00e9, est brutalement envahie par les arm\u00e9es allemandes. Le 11 novembre 1918, la victoire alli\u00e9e met fin \u00e0 quatre ann\u00e9es d&rsquo;un conflit qui r\u00e9v\u00e9la la trag\u00e9die de la guerre moderne.<\/strong><\/p>\n\n\n\n<p><strong>Le sacrifice belge en chiffres implacables :<\/strong><\/p>\n\n\n\n<ul class=\"wp-block-list\">\n<li>42 987 soldats belges tu\u00e9s, trois quarts fauch\u00e9s par les \u00e9clats d&rsquo;obus, hors d\u00e9c\u00e8s ult\u00e9rieurs des blessures.<\/li>\n\n\n\n<li>44 686 bless\u00e9s, dont beaucoup marqu\u00e9s \u00e0 vie.<\/li>\n\n\n\n<li>62 000 civils belges \u2013 hommes, femmes, enfants \u2013 arrach\u00e9s \u00e0 la vie.<\/li>\n<\/ul>\n\n\n\n<p>Au d\u00e9part port\u00e9s par des militaires de carri\u00e8re et miliciens de 1913, de jeunes volontaires patriotiques, avides d&rsquo;aventure, crurent \u00e0 une campagne br\u00e8ve. L&rsquo;Allemagne seule ma\u00eetrisait l&rsquo;art de la guerre industrielle, la Belgique, surprise, affronta&nbsp;<strong>800 000 envahisseurs<\/strong>&nbsp;franchissant sa fronti\u00e8re wallonne sans d\u00e9claration de guerre.<\/p>\n\n\n\n<p>Une r\u00e9sistance h\u00e9ro\u00efque s&rsquo;opposa aux allemands, au prix d&rsquo;un tribut humain effroyable : 5 500 civils massacr\u00e9s, parfois tortur\u00e9s, viol\u00e9s, tandis que des centaines de milliers fuyaient l&rsquo;exil. Quatre ans d&rsquo;occupation, les tranch\u00e9es \u2013 ces enfers boueux o\u00f9 faim, crasse et maladies rongeaient les corps belges luttant pour la libert\u00e9 et la survie.<\/p>\n\n\n\n<p>\u00c0 quelques m\u00e8tres de l&rsquo;ennemi, l&rsquo;odeur putride des cadavres alli\u00e9s et ennemis empil\u00e9s mettait \u00e0 l&rsquo;\u00e9preuve toute endurance humaine. Vie suspendue \u00e0 un fil, bombardements incessants, assauts au corps \u00e0 corps, la ba\u00efonnette, souvent remplac\u00e9e par des armes blanches, et m\u00eame les pelles devenaient des instruments pour massacrer l&rsquo;ennemi et ainsi de tenter d&rsquo;assurer leur survie, ces soldats pour la plupart bien jeunes qui d\u00e9fendaient leur sol et leur libert\u00e9.<\/p>\n\n\n\n<p>Le seul r\u00e9confort de ces soldats r\u00e9sidait dans la certitude que l&rsquo;ennemi endurait le m\u00eame enfer quotidien \u2013 bombardements, assauts incessants. Jamais l&rsquo;arm\u00e9e belge ne capitula. Ces hommes, dans des conditions d&rsquo;une duret\u00e9 extr\u00eame, tinrent bon, anim\u00e9s par la volont\u00e9 de repousser et vaincre l&rsquo;envahisseur.<\/p>\n\n\n\n<figure class=\"wp-block-image size-full\"><img loading=\"lazy\" decoding=\"async\" width=\"564\" height=\"413\" src=\"https:\/\/rrb.be\/rrb\/wp-content\/uploads\/2026\/01\/4-5.jpg\" alt=\"\" class=\"wp-image-704\" srcset=\"https:\/\/rrb.be\/rrb\/wp-content\/uploads\/2026\/01\/4-5.jpg 564w, https:\/\/rrb.be\/rrb\/wp-content\/uploads\/2026\/01\/4-5-300x220.jpg 300w\" sizes=\"auto, (max-width: 564px) 100vw, 564px\" \/><figcaption class=\"wp-element-caption\"><em><em>Soldat Belge capturant un soldat Allemand dans une tranch\u00e9e<\/em><\/em><\/figcaption><\/figure>\n\n\n\n<p>Plus d&rsquo;un si\u00e8cle apr\u00e8s 1918, plus de 75 ans apr\u00e8s 1945, les Allemands sont devenus nos alli\u00e9s pr\u00e9cieux. Pourtant, la m\u00e9moire du XXe si\u00e8cle nous impose la vigilance, l&rsquo;objectif allemand fut jadis de subvertir notre d\u00e9mocratie, notre mode de vie. <br>La m\u00e9moire du XXe si\u00e8cle commande n\u00e9anmoins la lucidit\u00e9. Jadis, Berlin visa notre d\u00e9mocratie, notre existence m\u00eame. De nos jours d&rsquo;autres menaces r\u00f4dent, la guerre peut revenir \u00e0 nous par l&rsquo;interm\u00e9diaire d&rsquo;autres ennemis, l&rsquo;Islamisme ou puissance \u00e9trang\u00e8re, la paix exige vigilance \u00e9ternelle.<\/p>\n\n\n\n<p>Souvenons-nous de ces soldats qui risqu\u00e8rent tout pour la patrie, au p\u00e9ril de leurs vies. <br>Tu\u00e9s, captur\u00e9s, bless\u00e9s physiquement et\/ou mentalement, ils forg\u00e8rent notre pr\u00e9sent. <br>Rendons hommage \u00e0 ces jeunes qui sacrifi\u00e8rent leur jeunesse, leur vie m\u00eame, pour la Belgique.<\/p>\n\n\n\n<p><strong>En explorant mon arbre g\u00e9n\u00e9alogique \u2013 cousins proches ou \u00e9loign\u00e9s \u2013, je reste abasourdi par l&rsquo;ampleur du sacrifice familial.<\/strong><\/p>\n\n\n\n<p>\u00c0 ce jour, j&rsquo;ai recens\u00e9&nbsp;<strong>27 soldats tu\u00e9s<\/strong>&nbsp;et&nbsp;<strong>3 civils<\/strong>, tous li\u00e9s, sans compter les innombrables bless\u00e9s \u2013 comme le fr\u00e8re de ma grand-m\u00e8re, touch\u00e9 par un \u00e9clat d&rsquo;obus \u00e0 la bataille de l&rsquo;Yser \u2013 et les prisonniers. Deux rescap\u00e9s de la Grande Guerre p\u00e9rirent lors de la Seconde, l&rsquo;un officier de carri\u00e8re, durant la campagne des 18 jours, l&rsquo;autre, r\u00e9sistant, fusill\u00e9 par les nazis. Ce fil rouge familial m\u00e9dite l&rsquo;Histoire impitoyable et incarne la trag\u00e9die silencieuse de g\u00e9n\u00e9rations confront\u00e9es \u00e0 l&rsquo;Histoire.<\/p>\n\n\n\n<p>La victoire alli\u00e9e scella 1918, mais \u00e0 un co\u00fbt humain et \u00e9conomique d\u00e9vastateur. <br>Avant-guerre, la Belgique rayonnait comme puissance \u00e9conomique ; apr\u00e8s, elle gisait ruin\u00e9e, incapable de retrouver son \u00e9clat d&rsquo;antan. 150 000 militaires et civils touch\u00e9s \u2013 tu\u00e9s, captur\u00e9s, bless\u00e9s \u2013 laiss\u00e8rent des familles bris\u00e9es et un pays exsangue. Nul conflit n&rsquo;\u00e9gala ce d\u00e9sastre humain, mat\u00e9riel, financier.<\/p>\n\n\n\n<p><strong>S<em>oldats Belges captur\u00e9s par les Allemands le 5 ao\u00fbt 1914, soit le lendemain du d\u00e9but de la guerre.<\/em><\/strong><\/p>\n\n\n\n<figure class=\"wp-block-image size-full is-resized\"><img loading=\"lazy\" decoding=\"async\" width=\"768\" height=\"511\" src=\"https:\/\/rrb.be\/rrb\/wp-content\/uploads\/2026\/01\/8-4.jpg\" alt=\"\" class=\"wp-image-701\" style=\"width:768px;height:auto\" srcset=\"https:\/\/rrb.be\/rrb\/wp-content\/uploads\/2026\/01\/8-4.jpg 768w, https:\/\/rrb.be\/rrb\/wp-content\/uploads\/2026\/01\/8-4-300x200.jpg 300w\" sizes=\"auto, (max-width: 768px) 100vw, 768px\" \/><\/figure>\n\n\n\n<blockquote class=\"wp-block-quote is-layout-flow wp-block-quote-is-layout-flow\">\n<p>La captivit\u00e9, frustrante, \u00e9pargnait pourtant les tranch\u00e9es, survie accrue malgr\u00e9 les \u00e9preuves. <br>Mutil\u00e9s, br\u00fbl\u00e9s, oubli\u00e9s des chiffres, ils rappellent l&rsquo;\u00e9tendue du calvaire. <br><strong>La majorit\u00e9 des soldats pr\u00e9f\u00e9ra le front par fid\u00e9lit\u00e9 patriotique que la capture<\/strong>, mais le soldat ne choisi pas, son destin \u00e9tant entre les mains de son ennemi.<\/p>\n<\/blockquote>\n\n\n\n<p>La guerre s&rsquo;\u00e9teignit sans fanfare, les Allemands occupaient encore la Belgique lorsque la grippe espagnole frappa en mars 1918, fauchant d&rsquo;abord les soldats affaiblis par les privations. Sa seconde vague, en ao\u00fbt avec le retour des prisonniers, fut cataclysmique. Le m\u00e9decin militaire Colard \u00e9voquait une \u00ab mortalit\u00e9 effrayante, comparable aux grandes pand\u00e9mies m\u00e9di\u00e9vales, atteignant 30 \u00e0 40% de d\u00e9c\u00e8s par jour \u00bb. Certains historiens estiment que la grippe tua plus que les combats eux-m\u00eames, ravageant militaires et civils indistinctement.<\/p>\n\n\n\n<figure data-wp-context=\"{&quot;imageId&quot;:&quot;69ea96fd48458&quot;}\" data-wp-interactive=\"core\/image\" data-wp-key=\"69ea96fd48458\" class=\"wp-block-image size-full is-resized wp-lightbox-container\"><img loading=\"lazy\" decoding=\"async\" width=\"600\" height=\"755\" data-wp-class--hide=\"state.isContentHidden\" data-wp-class--show=\"state.isContentVisible\" data-wp-init=\"callbacks.setButtonStyles\" data-wp-on--click=\"actions.showLightbox\" data-wp-on--load=\"callbacks.setButtonStyles\" data-wp-on-window--resize=\"callbacks.setButtonStyles\" src=\"https:\/\/rrb.be\/rrb\/wp-content\/uploads\/2026\/01\/5-6.jpg\" alt=\"\" class=\"wp-image-703\" style=\"width:292px;height:auto\" srcset=\"https:\/\/rrb.be\/rrb\/wp-content\/uploads\/2026\/01\/5-6.jpg 600w, https:\/\/rrb.be\/rrb\/wp-content\/uploads\/2026\/01\/5-6-238x300.jpg 238w\" sizes=\"auto, (max-width: 600px) 100vw, 600px\" \/><button\n\t\t\tclass=\"lightbox-trigger\"\n\t\t\ttype=\"button\"\n\t\t\taria-haspopup=\"dialog\"\n\t\t\taria-label=\"Enlarge\"\n\t\t\tdata-wp-init=\"callbacks.initTriggerButton\"\n\t\t\tdata-wp-on--click=\"actions.showLightbox\"\n\t\t\tdata-wp-style--right=\"state.imageButtonRight\"\n\t\t\tdata-wp-style--top=\"state.imageButtonTop\"\n\t\t>\n\t\t\t<svg xmlns=\"http:\/\/www.w3.org\/2000\/svg\" width=\"12\" height=\"12\" fill=\"none\" viewBox=\"0 0 12 12\">\n\t\t\t\t<path fill=\"#fff\" d=\"M2 0a2 2 0 0 0-2 2v2h1.5V2a.5.5 0 0 1 .5-.5h2V0H2Zm2 10.5H2a.5.5 0 0 1-.5-.5V8H0v2a2 2 0 0 0 2 2h2v-1.5ZM8 12v-1.5h2a.5.5 0 0 0 .5-.5V8H12v2a2 2 0 0 1-2 2H8Zm2-12a2 2 0 0 1 2 2v2h-1.5V2a.5.5 0 0 0-.5-.5H8V0h2Z\" \/>\n\t\t\t<\/svg>\n\t\t<\/button><\/figure>\n\n\n\n<p><strong>L&rsquo;armistice du 11 novembre 1918<\/strong>, sign\u00e9 \u00e0 5h15, suspendit provisoirement les hostilit\u00e9s pour 36 jours, renouvel\u00e9s ensuite. Il consacra la victoire alli\u00e9e et la d\u00e9faite allemande. La Belgique d\u00e9plora 42 987 soldats et 62 000 civils morts \u2013 pr\u00e8s de 105 000 \u00e2mes, soit 7,4% de sa population \u2013, plus 44 686 bless\u00e9s, dont certains succomb\u00e8rent plus tard.<\/p>\n\n\n\n<p><strong>Pertes alli\u00e9es :<\/strong><br>Australie : 61 928 tu\u00e9s \/ 152 171 bless\u00e9s \/ 0 civils<br>Belgique : 42 987 tu\u00e9s \/ 44 686 bless\u00e9s \/ 62 000 civils<br>Canada : 64 944 tu\u00e9s \/ 149 732 bless\u00e9s \/ 2 000 civils<br>\u00c9tats-Unis : 116 708 tu\u00e9s \/ 205 690 bless\u00e9s \/ 757 civils<br>France : 1 397 800 tu\u00e9s \/ 4 266 000 bless\u00e9s \/ 300 000 civils<br>Gr\u00e8ce : 26 000 tu\u00e9s \/ 21 000 bless\u00e9s \/ 150 000 civils<br>Empire des Indes : 74 187 tu\u00e9s \/ 69 214 bless\u00e9s \/ 0 civils<br>Italie : 651 010 tu\u00e9s \/ 953 886 bless\u00e9s \/ 589 000 civils<br>Japon : 14 000 tu\u00e9s \/ 907 bless\u00e9s \/ 0 civils<br>Mont\u00e9n\u00e9gro : 3 000 tu\u00e9s \/ 10 000 bless\u00e9s \/ 0 civils<br>Nouvelle-Z\u00e9lande : 18 050 tu\u00e9s \/ 41 317 bless\u00e9s \/ 0 civils<br>Portugal : 7 222 tu\u00e9s \/ 13 751 bless\u00e9s \/ 82 000 civils<br>Roumanie : 250 000 tu\u00e9s \/ 120 000 bless\u00e9s \/ 430 000 civils<br>Royaume-Uni et Irlande : 885 138 tu\u00e9s \/ 1 663 435 bless\u00e9s \/ 109 000 civils<br>Terre-Neuve : 1 204 tu\u00e9s \/ 2 314 bless\u00e9s \/ 0 civils<br>Russie : 1 811 000 tu\u00e9s \/ 4 950 000 bless\u00e9s \/ 1 500 000 civils<br>Serbie : 450 000 tu\u00e9s \/ 133 148 bless\u00e9s \/ 800 000 civils<br>Union d&rsquo;Afrique du Sud : 9 463 tu\u00e9s \/ 12 029 bless\u00e9s \/ 0 civils<br><strong>Total Alli\u00e9s : 5 696 056 soldats tu\u00e9s \/ 12 809 280 soldats bless\u00e9s \/ 3 674 757 civils tu\u00e9s<\/strong><\/p>\n\n\n\n<p><strong>Pertes ennemies :<\/strong><br>Allemagne : 2 036 897 tu\u00e9s \/ 4 247 143 bless\u00e9s \/ 426 000 civils<br>Autriche-Hongrie : 1 100 000 tu\u00e9s \/ 3 620 000 bless\u00e9s \/ 467 000 civils<br>Bulgarie : 87 500 tu\u00e9s \/ 152 390 bless\u00e9s \/ 100 000 civils<br>Empire Ottoman : 800 000 tu\u00e9s \/ 400 000 bless\u00e9s \/ 4 200 000 civils<br><strong>Total ennemis : 4 024 397 soldats tu\u00e9s \/ 8 419 533 soldats bless\u00e9s \/ 5 193 000 civils tu\u00e9s<\/strong><\/p>\n\n\n\n<p><strong>Total approximatif de tu\u00e9s et bless\u00e9s toutes nations confondues :<\/strong><\/p>\n\n\n\n<ul class=\"wp-block-list\">\n<li>10 millions de soldats tu\u00e9s<\/li>\n\n\n\n<li>10 millions de civils tu\u00e9s<\/li>\n\n\n\n<li>20 millions de soldats bless\u00e9s<\/li>\n\n\n\n<li>8 millions de soldats prisonniers<\/li>\n<\/ul>\n\n\n\n<blockquote class=\"wp-block-quote is-layout-flow wp-block-quote-is-layout-flow\">\n<p><strong>Soit un total approximatif de 48 millions de personnes militaires et civiles directement victimes de la premi\u00e8re guerre mondiale<\/strong><\/p>\n<\/blockquote>\n\n\n\n<hr class=\"wp-block-separator has-alpha-channel-opacity\"\/>\n\n\n\n<p><strong>Deux destins crois\u00e9s de soldats, le premier belge, le second allemand<\/strong> &nbsp;<\/p>\n\n\n\n<figure class=\"wp-block-image size-full\"><img loading=\"lazy\" decoding=\"async\" width=\"1024\" height=\"373\" src=\"https:\/\/rrb.be\/rrb\/wp-content\/uploads\/2026\/01\/9-5-1024x373-1.jpg\" alt=\"\" class=\"wp-image-700\" srcset=\"https:\/\/rrb.be\/rrb\/wp-content\/uploads\/2026\/01\/9-5-1024x373-1.jpg 1024w, https:\/\/rrb.be\/rrb\/wp-content\/uploads\/2026\/01\/9-5-1024x373-1-300x109.jpg 300w, https:\/\/rrb.be\/rrb\/wp-content\/uploads\/2026\/01\/9-5-1024x373-1-768x280.jpg 768w\" sizes=\"auto, (max-width: 1024px) 100vw, 1024px\" \/><\/figure>\n\n\n\n<p><strong>\u00c0 gauche<\/strong>, un cycliste belge abattu, son sacrifice immortalis\u00e9 par la propagande allemande. il \u00e9tait membre de la brigade des cyclistes de reconnaissance. Il a perdu la vie en patrouillant pour rep\u00e9rer l\u2019ennemi. Il est mort pour sa patrie, pour notre libert\u00e9, nous ne devons jamais l\u2019oublier ! Cette photo a \u00e9t\u00e9 prise par les Allemands. Selon les experts, son corps a \u00e9t\u00e9 manipul\u00e9, le fusil plac\u00e9 contre lui pour les besoins de la photo, car la position du corps du soldat Belge apr\u00e8s \u00eatre tomb\u00e9 du v\u00e9lo suite \u00e0 la balle qui l\u2019a frapp\u00e9 ne correspond pas \u00e0 sa position r\u00e9elle. Il n\u2019est pas rare que des cadavres de soldats soient mis en sc\u00e8ne pour renforcer l\u2019impact des photos de propagande.<br><strong>\u00c0 droite<\/strong>, un soldat allemand abattu dans une tranch\u00e9e par un vaillant d\u00e9fenseur belge. Sur le plan humain, c&rsquo;est tout autant un drame pour cet homme dont la vie a \u00e9t\u00e9 fauch\u00e9 bien trop t\u00f4t, mais sa mise \u00e0 mort fut l\u00e9gitime et indispensable pour prot\u00e9ger la vie de nos soldats. Il \u00e9tait l&rsquo;ennemi, sa neutralisation d\u00e9finitive \u00e9tait le prix \u00e0 payer pour contrer l&rsquo;envahisseur et tenter de r\u00e9tablir la paix.<\/p>\n\n\n\n<p>Pr\u00e8s de&nbsp;<strong>50 millions de victimes directes<\/strong>&nbsp;\u2013 et des centaines de millions indirectement touch\u00e9es \u2013, dont&nbsp;<strong>plus de 20 millions de familles endeuill\u00e9es<\/strong>, trop souvent oubli\u00e9es dans l&rsquo;ombre des chiffres.<\/p>\n\n\n\n<p>La grippe espagnole (1918-1919) en ajoute&nbsp;<strong>30 \u00e0 50 millions<\/strong>&nbsp;selon l\u2019Institut Pasteur, voire&nbsp;<strong>100 millions<\/strong>&nbsp;d\u2019apr\u00e8s les estimations 2020 \u2013 environ 5% de la population mondiale. Avec les morts de guerre, cela porte le bilan \u00e0&nbsp;<strong>120 millions de disparus en cinq ans<\/strong>&nbsp;: une h\u00e9catombe proprement vertigineuse.<\/p>\n\n\n\n<blockquote class=\"wp-block-quote is-layout-flow wp-block-quote-is-layout-flow\">\n<p>\u00ab Plus jamais \u00e7a \u00bb, jur\u00e8rent-ils\u2026 Un quart de si\u00e8cle plus tard, l\u2019homme r\u00e9cidivait avec la Seconde Guerre mondiale, pulv\u00e9risant le funeste record de tu\u00e9s, militaires comme civils.<\/p>\n<\/blockquote>\n\n\n\n<figure class=\"wp-block-image size-full\"><img loading=\"lazy\" decoding=\"async\" width=\"1024\" height=\"508\" src=\"https:\/\/rrb.be\/rrb\/wp-content\/uploads\/2026\/01\/10-4-1024x508-1.jpg\" alt=\"\" class=\"wp-image-705\" srcset=\"https:\/\/rrb.be\/rrb\/wp-content\/uploads\/2026\/01\/10-4-1024x508-1.jpg 1024w, https:\/\/rrb.be\/rrb\/wp-content\/uploads\/2026\/01\/10-4-1024x508-1-300x149.jpg 300w, https:\/\/rrb.be\/rrb\/wp-content\/uploads\/2026\/01\/10-4-1024x508-1-768x381.jpg 768w\" sizes=\"auto, (max-width: 1024px) 100vw, 1024px\" \/><figcaption class=\"wp-element-caption\"><em>soldats belges dans une tranch\u00e9e<\/em><\/figcaption><\/figure>\n\n\n\n<p><strong>Tant qu\u2019il y aura des hommes, il y aura des guerres\u2026<\/strong><\/p>\n\n\n\n<p>La guerre est effroyable ; il faut tout tenter pour l\u2019\u00e9viter. Mais face \u00e0 un ennemi d\u00e9pourvu de tout sens de l\u2019humanit\u00e9, nous devons \u00eatre pr\u00eats \u00e0 l\u2019affronter, comme lors des Premi\u00e8re et Seconde Guerres mondiales, afin de l\u2019emp\u00eacher de nous envahir et de nous imposer des valeurs \u00e9trang\u00e8res aux n\u00f4tres.<\/p>\n\n\n\n<p>Le service militaire obligatoire en Belgique, ainsi que dans tous les pays d\u2019Europe, devra, \u00e0 terme, \u00eatre r\u00e9tabli pour nous assurer une d\u00e9fense de qualit\u00e9, tant en hommes qu\u2019en armement. Tel est le prix \u00e0 payer pour la sauvegarde de nos libert\u00e9s individuelles et de la d\u00e9mocratie.<\/p>\n\n\n\n<p>Voir ma carte blanche : <a href=\"https:\/\/www.21news.be\/le-retour-du-service-militaire-obligatoire-pourquoi-pas-opinion\/\" target=\"_blank\" rel=\"noreferrer noopener\">Le retour du service militaire obligatoire, pourquoi pas ? (Opinion 21News)<\/a><\/p>\n\n\n\n<figure class=\"wp-block-image size-full is-resized\"><img loading=\"lazy\" decoding=\"async\" width=\"1024\" height=\"738\" src=\"https:\/\/rrb.be\/rrb\/wp-content\/uploads\/2026\/01\/7-5-1024x738-1.jpg\" alt=\"\" class=\"wp-image-706\" style=\"aspect-ratio:1.3875696882097872;width:432px;height:auto\" srcset=\"https:\/\/rrb.be\/rrb\/wp-content\/uploads\/2026\/01\/7-5-1024x738-1.jpg 1024w, https:\/\/rrb.be\/rrb\/wp-content\/uploads\/2026\/01\/7-5-1024x738-1-300x216.jpg 300w, https:\/\/rrb.be\/rrb\/wp-content\/uploads\/2026\/01\/7-5-1024x738-1-768x554.jpg 768w\" sizes=\"auto, (max-width: 1024px) 100vw, 1024px\" \/><figcaption class=\"wp-element-caption\"><em>Soldat belge saluant le drapeau national<\/em><\/figcaption><\/figure>\n\n\n\n<p>Par Alain Schenkels<\/p>\n\n\n\n<figure data-wp-context=\"{&quot;imageId&quot;:&quot;69ea96fd48c3c&quot;}\" data-wp-interactive=\"core\/image\" data-wp-key=\"69ea96fd48c3c\" class=\"wp-block-image size-full is-resized wp-lightbox-container\"><img loading=\"lazy\" decoding=\"async\" width=\"728\" height=\"1006\" data-wp-class--hide=\"state.isContentHidden\" data-wp-class--show=\"state.isContentVisible\" data-wp-init=\"callbacks.setButtonStyles\" data-wp-on--click=\"actions.showLightbox\" data-wp-on--load=\"callbacks.setButtonStyles\" data-wp-on-window--resize=\"callbacks.setButtonStyles\" src=\"http:\/\/rrb.be\/rrb\/wp-content\/uploads\/2025\/12\/Alain_Schenkels-1.jpg\" alt=\"\" class=\"wp-image-329\" style=\"width:229px;height:auto\" srcset=\"https:\/\/rrb.be\/rrb\/wp-content\/uploads\/2025\/12\/Alain_Schenkels-1.jpg 728w, https:\/\/rrb.be\/rrb\/wp-content\/uploads\/2025\/12\/Alain_Schenkels-1-217x300.jpg 217w\" sizes=\"auto, (max-width: 728px) 100vw, 728px\" \/><button\n\t\t\tclass=\"lightbox-trigger\"\n\t\t\ttype=\"button\"\n\t\t\taria-haspopup=\"dialog\"\n\t\t\taria-label=\"Enlarge\"\n\t\t\tdata-wp-init=\"callbacks.initTriggerButton\"\n\t\t\tdata-wp-on--click=\"actions.showLightbox\"\n\t\t\tdata-wp-style--right=\"state.imageButtonRight\"\n\t\t\tdata-wp-style--top=\"state.imageButtonTop\"\n\t\t>\n\t\t\t<svg xmlns=\"http:\/\/www.w3.org\/2000\/svg\" width=\"12\" height=\"12\" fill=\"none\" viewBox=\"0 0 12 12\">\n\t\t\t\t<path fill=\"#fff\" d=\"M2 0a2 2 0 0 0-2 2v2h1.5V2a.5.5 0 0 1 .5-.5h2V0H2Zm2 10.5H2a.5.5 0 0 1-.5-.5V8H0v2a2 2 0 0 0 2 2h2v-1.5ZM8 12v-1.5h2a.5.5 0 0 0 .5-.5V8H12v2a2 2 0 0 1-2 2H8Zm2-12a2 2 0 0 1 2 2v2h-1.5V2a.5.5 0 0 0-.5-.5H8V0h2Z\" \/>\n\t\t\t<\/svg>\n\t\t<\/button><\/figure>\n\n\n\n<p>Cat\u00e9gorie(s) :<\/p>\n\n\n<div class=\"taxonomy-category wp-block-post-terms\"><a href=\"https:\/\/rrb.be\/rrb\/category\/conflits-guerres\/premiere-guerre-mondiale\/histoire-de-soldats-et-de-guerre\/\" rel=\"tag\">Histoire de soldats et de guerre<\/a><span class=\"wp-block-post-terms__separator\">, <\/span><a href=\"https:\/\/rrb.be\/rrb\/category\/conflits-guerres\/premiere-guerre-mondiale\/\" rel=\"tag\">Premi\u00e8re Guerre Mondiale<\/a><\/div>","protected":false},"excerpt":{"rendered":"<p>Le 4 ao\u00fbt 1914, la Belgique, fid\u00e8le \u00e0 sa neutralit\u00e9, est brutalement envahie par les arm\u00e9es allemandes. Le 11 novembre 1918, la victoire alli\u00e9e met fin \u00e0 quatre ann\u00e9es d&rsquo;un conflit qui r\u00e9v\u00e9la la trag\u00e9die de la guerre moderne. Le sacrifice belge en chiffres implacables : Au d\u00e9part port\u00e9s par des militaires de carri\u00e8re et [&hellip;]<\/p>\n","protected":false},"author":1,"featured_media":695,"parent":727,"menu_order":0,"comment_status":"closed","ping_status":"closed","template":"","meta":{"footnotes":""},"categories":[33,10],"tags":[],"class_list":["post-692","page","type-page","status-publish","has-post-thumbnail","hentry","category-histoire-de-soldats-et-de-guerre","category-premiere-guerre-mondiale"],"_links":{"self":[{"href":"https:\/\/rrb.be\/rrb\/wp-json\/wp\/v2\/pages\/692","targetHints":{"allow":["GET"]}}],"collection":[{"href":"https:\/\/rrb.be\/rrb\/wp-json\/wp\/v2\/pages"}],"about":[{"href":"https:\/\/rrb.be\/rrb\/wp-json\/wp\/v2\/types\/page"}],"author":[{"embeddable":true,"href":"https:\/\/rrb.be\/rrb\/wp-json\/wp\/v2\/users\/1"}],"replies":[{"embeddable":true,"href":"https:\/\/rrb.be\/rrb\/wp-json\/wp\/v2\/comments?post=692"}],"version-history":[{"count":17,"href":"https:\/\/rrb.be\/rrb\/wp-json\/wp\/v2\/pages\/692\/revisions"}],"predecessor-version":[{"id":2622,"href":"https:\/\/rrb.be\/rrb\/wp-json\/wp\/v2\/pages\/692\/revisions\/2622"}],"up":[{"embeddable":true,"href":"https:\/\/rrb.be\/rrb\/wp-json\/wp\/v2\/pages\/727"}],"wp:featuredmedia":[{"embeddable":true,"href":"https:\/\/rrb.be\/rrb\/wp-json\/wp\/v2\/media\/695"}],"wp:attachment":[{"href":"https:\/\/rrb.be\/rrb\/wp-json\/wp\/v2\/media?parent=692"}],"wp:term":[{"taxonomy":"category","embeddable":true,"href":"https:\/\/rrb.be\/rrb\/wp-json\/wp\/v2\/categories?post=692"},{"taxonomy":"post_tag","embeddable":true,"href":"https:\/\/rrb.be\/rrb\/wp-json\/wp\/v2\/tags?post=692"}],"curies":[{"name":"wp","href":"https:\/\/api.w.org\/{rel}","templated":true}]}}