{"id":3158,"date":"2025-12-26T13:41:23","date_gmt":"2025-12-26T13:41:23","guid":{"rendered":"https:\/\/rrb.be\/rrb\/?page_id=3158"},"modified":"2026-02-10T13:47:16","modified_gmt":"2026-02-10T13:47:16","slug":"1918-le-soldat-john-kelly-1898-1957-du-corps-des-marines-elimine-deux-mitrailleurs-allemands-et-fait-huit-prisonniers","status":"publish","type":"page","link":"https:\/\/rrb.be\/rrb\/1918-le-soldat-john-kelly-1898-1957-du-corps-des-marines-elimine-deux-mitrailleurs-allemands-et-fait-huit-prisonniers\/","title":{"rendered":"1918, le soldat John Kelly (1898-1957) du corps des Marines \u00e9limine deux mitrailleurs allemands et fait huit prisonniers"},"content":{"rendered":"\n<blockquote class=\"wp-block-quote is-layout-flow wp-block-quote-is-layout-flow\">\n<p>1918, \u00e0 Reims, le soldat John Kelly du corps des Marines court sur 100 m\u00e8tres en direction des tranch\u00e9es allemandes et abat deux mitrailleurs ennemis et fait huit prisonniers.<\/p>\n<\/blockquote>\n\n\n\n<p><strong>Le 3 octobre 1918, en pleine offensive sur le secteur de Blanc Mont Ridge, au nord-est de Reims, la guerre fait rage. Les troupes am\u00e9ricaines avancent sous un feu nourri, progressant p\u00e9niblement \u00e0 travers terres boulevers\u00e9es et barbel\u00e9s. Parmi ces hommes se trouve le soldat John Joseph Kelly, tout juste \u00e2g\u00e9 de 20 ans, engag\u00e9 dans le l\u00e9gendaire 6\u1d49 R\u00e9giment du corps des Marines.<\/strong><\/p>\n\n\n\n<p>Soudain, un puissant nid de mitrailleuses allemandes cloue au sol la progression am\u00e9ricaine, mena\u00e7ant de d\u00e9cimer la compagnie. Fait unique, John Kelly se d\u00e9tache de ses camarades, s\u2019\u00e9lance seul, traversant \u00e0 d\u00e9couvert pr\u00e8s de 100 m\u00e8tres de terrain expos\u00e9, franchissant m\u00eame le barrage d\u2019artillerie am\u00e9ricain. Sous une pluie d\u2019\u00e9clats et de balles, Kelly atteint miraculeusement la position ennemie.<\/p>\n\n\n\n<p>Arriv\u00e9 sur la tranch\u00e9e, il lance une grenade qui tue le premier servant de la mitrailleuse. Instantan\u00e9ment, r\u00e9agissant avec sang-froid, il abat le second tireur avec son pistolet. Son audace d\u00e9stabilise les d\u00e9fenseurs allemands, permettant au jeune Marine de capturer huit soldats ennemis stup\u00e9faits. Il les rassemble sans perdre de temps et, d\u00e9fiant \u00e0 nouveau le danger, ram\u00e8ne ses prisonniers jusqu\u2019aux lignes am\u00e9ricaines en traversant une deuxi\u00e8me fois la zone de barrage.<\/p>\n\n\n\n<p>Cet acte de bravoure absolue, men\u00e9 sous les yeux de ses sup\u00e9rieurs et au c\u0153ur des combats, \u00e9veille l\u2019admiration de tous. John Kelly a non seulement sauv\u00e9 de nombreuses vies am\u00e9ricaines, mais il a aussi contribu\u00e9 \u00e0 briser la r\u00e9sistance allemande sur ce secteur crucial.<\/p>\n\n\n\n<p>Son courage exceptionnel et son audace lui valent d\u2019\u00eatre d\u00e9cor\u00e9 de la \u201cMedal of Honor\u201d par le g\u00e9n\u00e9ral John J. Pershing en personne, alors qu\u2019il n\u2019a encore que 20 ans. La France, saluant son exploit, lui remet \u00e9galement la Croix de guerre avec palme. \u00c0 travers son geste, John Kelly symbolise la d\u00e9termination et l\u2019engagement des Marines am\u00e9ricains sur le sol fran\u00e7ais, au sommet de la Premi\u00e8re Guerre mondiale.<\/p>\n\n\n\n<h2 class=\"wp-block-heading\">Son histoire personnelle<\/h2>\n\n\n\n<p>John Joseph Kelly est n\u00e9 \u00e0 Chicago le 24 juin 1898. Il s\u2019est engag\u00e9 volontairement dans le Marine Corps le 15 mai 1917 \u00e0 Port Royal, en Caroline du Sud.<\/p>\n\n\n\n<p>Il rejoint la 7e compagnie, 6e r\u00e9giment, au camp Quantico en Virginie en septembre 1917, avant d\u2019\u00eatre transf\u00e9r\u00e9 \u00e0 la 78e compagnie. Son r\u00e9giment est embarqu\u00e9 en janvier 1918 et arrive \u00e0 Saint-Nazaire, en France, en f\u00e9vrier 1918, pour participer aux combats. Il a pris part \u00e0 plusieurs batailles majeures telles que Ch\u00e2teau-Thierry, Saint-Mihiel, Blanc Mont Ridge et la Meuse-Argonne. Lors de la bataille de Blanc Mont Ridge, le 3 octobre 1918, il accomplit l\u2019exploit pour lequel il sera doublement d\u00e9cor\u00e9 : il court \u00e0 d\u00e9couvert sur 100 m\u00e8tres, attaque un nid de mitrailleuses allemands tuant ses deux servant et capture huit prisonniers en d\u00e9pit du feu ennemi.<\/p>\n\n\n\n<p>Pour cet acte de bravoure, John Kelly re\u00e7oit la Medal of Honor aussi bien de l\u2019Arm\u00e9e am\u00e9ricaine que de la Marine, distinction rare pour une seule action. La remise lui est faite par le g\u00e9n\u00e9ral John J. Pershing en personne, lors de l\u2019occupation en Allemagne apr\u00e8s la guerre. En plus de ces prestigieuses d\u00e9corations am\u00e9ricaines, il re\u00e7oit aussi plusieurs d\u00e9corations \u00e9trang\u00e8res comme la Croix de Guerre avec palme et \u00e9toile de bronze de la France, la M\u00e9daille militaire fran\u00e7aise, la Croix de guerre italienne et la M\u00e9daille de bravoure du Mont\u00e9n\u00e9gro.<\/p>\n\n\n\n<p>John Kelly participe \u00e9galement \u00e0 la marche vers le Rhin et \u00e0 l\u2019occupation de la r\u00e9gion de Coblenz avant d\u2019\u00eatre d\u00e9mobilis\u00e9 en ao\u00fbt 1919, avec un caract\u00e8re de service qualifi\u00e9 d\u2019\u201cexcellent\u201d. Il d\u00e9c\u00e8de le 20 novembre 1957 \u00e0 Chicago, o\u00f9 il est inhum\u00e9 au cimeti\u00e8re All Saints de Des Plaines dans l\u2019Illinois.<\/p>\n\n\n\n<p>Par Alain Schenkels<\/p>\n\n\n\n<figure class=\"wp-block-image size-full is-resized\"><img loading=\"lazy\" decoding=\"async\" width=\"284\" height=\"320\" src=\"http:\/\/rrb.be\/rrb\/wp-content\/uploads\/2026\/02\/Alain-Schenkels-les-hommes-et-les-guerres.jpg\" alt=\"\" class=\"wp-image-2265\" style=\"width:227px;height:auto\" srcset=\"https:\/\/rrb.be\/rrb\/wp-content\/uploads\/2026\/02\/Alain-Schenkels-les-hommes-et-les-guerres.jpg 284w, https:\/\/rrb.be\/rrb\/wp-content\/uploads\/2026\/02\/Alain-Schenkels-les-hommes-et-les-guerres-266x300.jpg 266w\" sizes=\"auto, (max-width: 284px) 100vw, 284px\" \/><\/figure>\n\n\n\n<p>Cat\u00e9gorie(s) :<\/p>\n\n\n<div class=\"taxonomy-category wp-block-post-terms\"><a href=\"https:\/\/rrb.be\/rrb\/category\/conflits-guerres\/premiere-guerre-mondiale\/histoire-de-soldats-et-de-guerre\/\" rel=\"tag\">Histoire de soldats et de guerre<\/a><span class=\"wp-block-post-terms__separator\">, <\/span><a href=\"https:\/\/rrb.be\/rrb\/category\/conflits-guerres\/premiere-guerre-mondiale\/\" rel=\"tag\">Premi\u00e8re Guerre Mondiale<\/a><\/div>\n\n\n<figure class=\"wp-block-embed is-type-wp-embed is-provider-alain-schenkels wp-block-embed-alain-schenkels\"><div class=\"wp-block-embed__wrapper\">\n<blockquote class=\"wp-embedded-content\" data-secret=\"uPlEMblryH\"><a href=\"https:\/\/rrb.be\/rrb\/premiere-guerre-mondiale\/\">Premi\u00e8re Guerre Mondiale<\/a><\/blockquote><iframe loading=\"lazy\" class=\"wp-embedded-content\" sandbox=\"allow-scripts\" security=\"restricted\" style=\"position: absolute; visibility: hidden;\" title=\"\u00ab\u00a0Premi\u00e8re Guerre Mondiale\u00a0\u00bb &#8212; Alain Schenkels\" src=\"https:\/\/rrb.be\/rrb\/premiere-guerre-mondiale\/embed\/#?secret=mx9kct5Mes#?secret=uPlEMblryH\" data-secret=\"uPlEMblryH\" width=\"600\" height=\"338\" frameborder=\"0\" marginwidth=\"0\" marginheight=\"0\" scrolling=\"no\"><\/iframe>\n<\/div><\/figure>\n","protected":false},"excerpt":{"rendered":"<p>1918, \u00e0 Reims, le soldat John Kelly du corps des Marines court sur 100 m\u00e8tres en direction des tranch\u00e9es allemandes et abat deux mitrailleurs ennemis et fait huit prisonniers. Le 3 octobre 1918, en pleine offensive sur le secteur de Blanc Mont Ridge, au nord-est de Reims, la guerre fait rage. Les troupes am\u00e9ricaines avancent [&hellip;]<\/p>\n","protected":false},"author":1,"featured_media":3159,"parent":0,"menu_order":0,"comment_status":"closed","ping_status":"closed","template":"","meta":{"footnotes":""},"categories":[33,10],"tags":[],"class_list":["post-3158","page","type-page","status-publish","has-post-thumbnail","hentry","category-histoire-de-soldats-et-de-guerre","category-premiere-guerre-mondiale"],"_links":{"self":[{"href":"https:\/\/rrb.be\/rrb\/wp-json\/wp\/v2\/pages\/3158","targetHints":{"allow":["GET"]}}],"collection":[{"href":"https:\/\/rrb.be\/rrb\/wp-json\/wp\/v2\/pages"}],"about":[{"href":"https:\/\/rrb.be\/rrb\/wp-json\/wp\/v2\/types\/page"}],"author":[{"embeddable":true,"href":"https:\/\/rrb.be\/rrb\/wp-json\/wp\/v2\/users\/1"}],"replies":[{"embeddable":true,"href":"https:\/\/rrb.be\/rrb\/wp-json\/wp\/v2\/comments?post=3158"}],"version-history":[{"count":1,"href":"https:\/\/rrb.be\/rrb\/wp-json\/wp\/v2\/pages\/3158\/revisions"}],"predecessor-version":[{"id":3160,"href":"https:\/\/rrb.be\/rrb\/wp-json\/wp\/v2\/pages\/3158\/revisions\/3160"}],"wp:featuredmedia":[{"embeddable":true,"href":"https:\/\/rrb.be\/rrb\/wp-json\/wp\/v2\/media\/3159"}],"wp:attachment":[{"href":"https:\/\/rrb.be\/rrb\/wp-json\/wp\/v2\/media?parent=3158"}],"wp:term":[{"taxonomy":"category","embeddable":true,"href":"https:\/\/rrb.be\/rrb\/wp-json\/wp\/v2\/categories?post=3158"},{"taxonomy":"post_tag","embeddable":true,"href":"https:\/\/rrb.be\/rrb\/wp-json\/wp\/v2\/tags?post=3158"}],"curies":[{"name":"wp","href":"https:\/\/api.w.org\/{rel}","templated":true}]}}