{"id":2601,"date":"2025-08-06T17:05:46","date_gmt":"2025-08-06T17:05:46","guid":{"rendered":"https:\/\/rrb.be\/rrb\/?page_id=2601"},"modified":"2026-02-08T22:12:54","modified_gmt":"2026-02-08T22:12:54","slug":"des-fantassins-de-larmee-australienne-se-reposent-en-juin-1945-pendant-la-campagne-de-borneo","status":"publish","type":"page","link":"https:\/\/rrb.be\/rrb\/des-fantassins-de-larmee-australienne-se-reposent-en-juin-1945-pendant-la-campagne-de-borneo\/","title":{"rendered":"Des fantassins de l&rsquo;arm\u00e9e australienne se reposent en juin 1945 pendant la campagne de Born\u00e9o"},"content":{"rendered":"\n<p><strong>Un moment de r\u00e9pit pour les fantassins de la 9e division de l&rsquo;arm\u00e9e australienne, appartenant \u00e0 la deuxi\u00e8me force imp\u00e9riale australienne (2e FIA), en juin 1945, sur l&rsquo;\u00eele de Labuan, pendant la campagne de Born\u00e9o. Apr\u00e8s avoir d\u00e9barqu\u00e9 leur \u00e9quipement, ces soldats profitent d&rsquo;un instant de calme au milieu du chaos de la guerre.<\/strong><\/p>\n\n\n\n<p>La campagne de Born\u00e9o en 1945 est une s\u00e9rie d&rsquo;op\u00e9rations militaires men\u00e9es par les forces alli\u00e9es, principalement australiennes, qui visait \u00e0 lib\u00e9rer l&rsquo;\u00eele de Born\u00e9o de l&rsquo;occupation japonaise. Elle s&rsquo;inscrit dans la phase finale de la Seconde Guerre mondiale dans le Pacifique.<\/p>\n\n\n\n<p>Situ\u00e9e au large de la c\u00f4te de Born\u00e9o, Labuan avait une importance strat\u00e9gique en raison de son a\u00e9rodrome et de son port. Sa capture \u00e9tait cruciale pour les Alli\u00e9s afin de s\u00e9curiser la r\u00e9gion et de faciliter les op\u00e9rations ult\u00e9rieures. La deuxi\u00e8me force imp\u00e9riale australienne (2e FIA) \u00e9tait une force exp\u00e9ditionnaire de l&rsquo;arm\u00e9e australienne form\u00e9e pour servir outre-mer.<\/p>\n\n\n\n<p>La 9e division de l&rsquo;arm\u00e9e australienne &#8211; dont ces hommes faisaient partie &#8211; a jou\u00e9 un r\u00f4le essentiel dans la campagne de Born\u00e9o, participant \u00e0 des combats intenses pour reprendre le contr\u00f4le de l&rsquo;\u00eele.<\/p>\n\n\n\n<p>La photographie t\u00e9moigne de la fatigue et l&rsquo;\u00e9puisement des soldats apr\u00e8s les op\u00e9rations de d\u00e9barquement. Elle refl\u00e8te le r\u00f4le crucial des soldats, qui \u00e9taient en premi\u00e8re ligne dans les combats. Un moment de calme relatif, mais la tension de la guerre reste palpable.<\/p>\n\n\n\n<p>J&rsquo;ai choisi cette photographie &#8211; loin des canons, combats et des morts &#8211; pour rendre hommage aux soldats australiens, le courage et le sacrifice de ces hommes qui ont combattu dans des conditions difficiles illustre un moment qui permet de mieux comprendre la campagne de Born\u00e9o, elle nous permet d&rsquo;appr\u00e9hender les conditions de vie des soldats durant cette guerre, la fatigue permanente, le stress, peut-\u00eatre aussi leur mort prochaine sous les balles ennemies.<\/p>\n\n\n\n<p><strong>Contexte militaire : l\u2019homme de gauche m\u00e9rite une r\u00e9primande l\u00e9gitime \u2014 il ne porte pas ses plaquettes d\u2019identification, contrairement \u00e0 celui de droite.<\/strong><br>Les ROE exigent que tout militaire garde ses plaquettes d\u2019identification (et son arme \u00e0 port\u00e9e de main) en permanence. En cas d\u2019obus ou de tir isol\u00e9, torse nu et sans uniforme, son identification serait impossible \u2014 l\u2019ADN n\u2019existant pas \u00e0 l\u2019\u00e9poque et en cas de blessure, impossibilit\u00e9 de conna\u00eetre son groupe sanguin.<br><strong>En guerre, aucun r\u00e9pit n\u2019existe.<\/strong>&nbsp;M\u00eame en zone calme ou s\u00e9curis\u00e9e, une attaque surprise peut surgir \u00e0 tout moment. La vigilance reste absolue et les r\u00e8gles doivent \u00eatres observ\u00e9es par tous les soldats.<\/p>\n\n\n\n<p>Par Alain Schenkels<\/p>\n\n\n\n<figure data-wp-context=\"{&quot;imageId&quot;:&quot;69ea7ddfc579e&quot;}\" data-wp-interactive=\"core\/image\" data-wp-key=\"69ea7ddfc579e\" class=\"wp-block-image size-full is-resized wp-lightbox-container\"><img loading=\"lazy\" decoding=\"async\" width=\"412\" height=\"421\" data-wp-class--hide=\"state.isContentHidden\" data-wp-class--show=\"state.isContentVisible\" data-wp-init=\"callbacks.setButtonStyles\" data-wp-on--click=\"actions.showLightbox\" data-wp-on--load=\"callbacks.setButtonStyles\" data-wp-on-window--resize=\"callbacks.setButtonStyles\" src=\"http:\/\/rrb.be\/rrb\/wp-content\/uploads\/2026\/01\/Alain-Schenkels-rond.png\" alt=\"\" class=\"wp-image-2009\" style=\"width:219px;height:auto\" srcset=\"https:\/\/rrb.be\/rrb\/wp-content\/uploads\/2026\/01\/Alain-Schenkels-rond.png 412w, https:\/\/rrb.be\/rrb\/wp-content\/uploads\/2026\/01\/Alain-Schenkels-rond-294x300.png 294w\" sizes=\"auto, (max-width: 412px) 100vw, 412px\" \/><button\n\t\t\tclass=\"lightbox-trigger\"\n\t\t\ttype=\"button\"\n\t\t\taria-haspopup=\"dialog\"\n\t\t\taria-label=\"Enlarge\"\n\t\t\tdata-wp-init=\"callbacks.initTriggerButton\"\n\t\t\tdata-wp-on--click=\"actions.showLightbox\"\n\t\t\tdata-wp-style--right=\"state.imageButtonRight\"\n\t\t\tdata-wp-style--top=\"state.imageButtonTop\"\n\t\t>\n\t\t\t<svg xmlns=\"http:\/\/www.w3.org\/2000\/svg\" width=\"12\" height=\"12\" fill=\"none\" viewBox=\"0 0 12 12\">\n\t\t\t\t<path fill=\"#fff\" d=\"M2 0a2 2 0 0 0-2 2v2h1.5V2a.5.5 0 0 1 .5-.5h2V0H2Zm2 10.5H2a.5.5 0 0 1-.5-.5V8H0v2a2 2 0 0 0 2 2h2v-1.5ZM8 12v-1.5h2a.5.5 0 0 0 .5-.5V8H12v2a2 2 0 0 1-2 2H8Zm2-12a2 2 0 0 1 2 2v2h-1.5V2a.5.5 0 0 0-.5-.5H8V0h2Z\" \/>\n\t\t\t<\/svg>\n\t\t<\/button><\/figure>\n\n\n\n<p>Cat\u00e9gorie(s) :<\/p>\n\n\n<div class=\"taxonomy-category wp-block-post-terms\"><a href=\"https:\/\/rrb.be\/rrb\/category\/conflits-guerres\/seconde-guerre-mondiale\/histoires-de-soldats-et-de-guerre\/\" rel=\"tag\">Histoires de soldats et de guerre<\/a><span class=\"wp-block-post-terms__separator\">, <\/span><a href=\"https:\/\/rrb.be\/rrb\/category\/conflits-guerres\/seconde-guerre-mondiale\/\" rel=\"tag\">Seconde guerre mondiale<\/a><\/div>\n\n\n<figure class=\"wp-block-embed is-type-wp-embed is-provider-alain-schenkels wp-block-embed-alain-schenkels\"><div class=\"wp-block-embed__wrapper\">\n<blockquote class=\"wp-embedded-content\" data-secret=\"MklU871jBt\"><a href=\"https:\/\/rrb.be\/rrb\/seconde-guerre-mondiale\/\">Seconde Guerre Mondiale<\/a><\/blockquote><iframe loading=\"lazy\" class=\"wp-embedded-content\" sandbox=\"allow-scripts\" security=\"restricted\" style=\"position: absolute; visibility: hidden;\" title=\"\u00ab\u00a0Seconde Guerre Mondiale\u00a0\u00bb &#8212; Alain Schenkels\" src=\"https:\/\/rrb.be\/rrb\/seconde-guerre-mondiale\/embed\/#?secret=piVf9LZXoZ#?secret=MklU871jBt\" data-secret=\"MklU871jBt\" width=\"600\" height=\"338\" frameborder=\"0\" marginwidth=\"0\" marginheight=\"0\" scrolling=\"no\"><\/iframe>\n<\/div><\/figure>\n","protected":false},"excerpt":{"rendered":"<p>Un moment de r\u00e9pit pour les fantassins de la 9e division de l&rsquo;arm\u00e9e australienne, appartenant \u00e0 la deuxi\u00e8me force imp\u00e9riale australienne (2e FIA), en juin 1945, sur l&rsquo;\u00eele de Labuan, pendant la campagne de Born\u00e9o. Apr\u00e8s avoir d\u00e9barqu\u00e9 leur \u00e9quipement, ces soldats profitent d&rsquo;un instant de calme au milieu du chaos de la guerre. La [&hellip;]<\/p>\n","protected":false},"author":1,"featured_media":2602,"parent":0,"menu_order":0,"comment_status":"closed","ping_status":"closed","template":"","meta":{"footnotes":""},"categories":[31,20],"tags":[],"class_list":["post-2601","page","type-page","status-publish","has-post-thumbnail","hentry","category-histoires-de-soldats-et-de-guerre","category-seconde-guerre-mondiale"],"_links":{"self":[{"href":"https:\/\/rrb.be\/rrb\/wp-json\/wp\/v2\/pages\/2601","targetHints":{"allow":["GET"]}}],"collection":[{"href":"https:\/\/rrb.be\/rrb\/wp-json\/wp\/v2\/pages"}],"about":[{"href":"https:\/\/rrb.be\/rrb\/wp-json\/wp\/v2\/types\/page"}],"author":[{"embeddable":true,"href":"https:\/\/rrb.be\/rrb\/wp-json\/wp\/v2\/users\/1"}],"replies":[{"embeddable":true,"href":"https:\/\/rrb.be\/rrb\/wp-json\/wp\/v2\/comments?post=2601"}],"version-history":[{"count":3,"href":"https:\/\/rrb.be\/rrb\/wp-json\/wp\/v2\/pages\/2601\/revisions"}],"predecessor-version":[{"id":2666,"href":"https:\/\/rrb.be\/rrb\/wp-json\/wp\/v2\/pages\/2601\/revisions\/2666"}],"wp:featuredmedia":[{"embeddable":true,"href":"https:\/\/rrb.be\/rrb\/wp-json\/wp\/v2\/media\/2602"}],"wp:attachment":[{"href":"https:\/\/rrb.be\/rrb\/wp-json\/wp\/v2\/media?parent=2601"}],"wp:term":[{"taxonomy":"category","embeddable":true,"href":"https:\/\/rrb.be\/rrb\/wp-json\/wp\/v2\/categories?post=2601"},{"taxonomy":"post_tag","embeddable":true,"href":"https:\/\/rrb.be\/rrb\/wp-json\/wp\/v2\/tags?post=2601"}],"curies":[{"name":"wp","href":"https:\/\/api.w.org\/{rel}","templated":true}]}}