{"id":2592,"date":"2025-11-13T16:50:25","date_gmt":"2025-11-13T16:50:25","guid":{"rendered":"https:\/\/rrb.be\/rrb\/?page_id=2592"},"modified":"2026-02-08T22:01:40","modified_gmt":"2026-02-08T22:01:40","slug":"les-soldats-belges-sentrainent-a-teny-beach-en-angleterre","status":"publish","type":"page","link":"https:\/\/rrb.be\/rrb\/les-soldats-belges-sentrainent-a-teny-beach-en-angleterre\/","title":{"rendered":"Les soldats belges s&rsquo;entrainent \u00e0 Teny Beach en Angleterre"},"content":{"rendered":"\n<p><strong>Face \u00e0 l&rsquo;invasion de la Belgique par l&rsquo;Allemagne le 10 mai 1940, un point de ralliement militaire belge a \u00e9merg\u00e9 \u00e0 Tenby le 16 mai 1940. Sous la direction du Lieutenant-G\u00e9n\u00e9ral Victor Van Strydonck de Burkel, ce lieu est devenu un creuset pour ceux qui refusaient la soumission \u00e0 l&rsquo;occupant allemand.<\/strong><\/p>\n\n\n\n<p>Tenby s&rsquo;est transform\u00e9 en un laboratoire de r\u00e9silience, o\u00f9 les forces terrestres belges ont \u00e9t\u00e9 r\u00e9invent\u00e9es. Les individus qui les composaient ont \u00e9t\u00e9 soumis \u00e0 un entra\u00eenement rigoureux, tandis que les Britanniques concentraient leurs efforts sur la d\u00e9fense de leur territoire contre les assauts a\u00e9riens allemands.<\/p>\n\n\n\n<p>Ce lieu a jou\u00e9 un r\u00f4le crucial dans la renaissance d&rsquo;une force combattante, servant de matrice pour la future Brigade Piron et d&rsquo;autres initiatives militaires et de renseignement.<\/p>\n\n\n\n<p>De nombreux belges ont choisi de s&rsquo;engager comme volontaires de guerre dans cette lutte, rejoignant ainsi la Brigade Piron. Il y a ceux qui sont revenus vivants et les bless\u00e9s portant les marques ind\u00e9l\u00e9biles de cette \u00e9preuve, et il y a les morts, tu\u00e9s sous le feu ennemi. Tous ont forg\u00e9 leur d\u00e9termination sur les plages de Tenby, avant de faire face \u00e0 l&rsquo;adversit\u00e9.<\/p>\n\n\n\n<p>Il est de notre devoir de nous souvenir et d&rsquo;honorer ces hommes qui, au p\u00e9ril de leur vie, ont choisi de quitter leur patrie pour rejoindre l&rsquo;Angleterre. Leur engagement en tant que volontaires de guerre, leur d\u00e9termination \u00e0 chasser la menace nazie, t\u00e9moignent d&rsquo;un courage et d&rsquo;une abn\u00e9gation exceptionnels. <\/p>\n\n\n\n<p>Ces hommes ont incarn\u00e9 l&rsquo;esprit de r\u00e9sistance face \u00e0 l&rsquo;oppression, et leur sacrifice a contribu\u00e9 \u00e0 la lib\u00e9ration de l&rsquo;Europe. Leur m\u00e9moire doit \u00eatre pr\u00e9serv\u00e9e et transmise aux g\u00e9n\u00e9rations futures, afin que jamais ne s&rsquo;\u00e9teigne la flamme de leur courage et de leur id\u00e9al de libert\u00e9.<\/p>\n\n\n\n<p>Par Alain Schenkels<\/p>\n\n\n\n<figure data-wp-context=\"{&quot;imageId&quot;:&quot;69ea7b4e34700&quot;}\" data-wp-interactive=\"core\/image\" data-wp-key=\"69ea7b4e34700\" class=\"wp-block-image size-full is-resized wp-lightbox-container\"><img loading=\"lazy\" decoding=\"async\" width=\"412\" height=\"421\" data-wp-class--hide=\"state.isContentHidden\" data-wp-class--show=\"state.isContentVisible\" data-wp-init=\"callbacks.setButtonStyles\" data-wp-on--click=\"actions.showLightbox\" data-wp-on--load=\"callbacks.setButtonStyles\" data-wp-on-window--resize=\"callbacks.setButtonStyles\" src=\"http:\/\/rrb.be\/rrb\/wp-content\/uploads\/2026\/01\/Alain-Schenkels-rond.png\" alt=\"\" class=\"wp-image-2009\" style=\"width:258px;height:auto\" srcset=\"https:\/\/rrb.be\/rrb\/wp-content\/uploads\/2026\/01\/Alain-Schenkels-rond.png 412w, https:\/\/rrb.be\/rrb\/wp-content\/uploads\/2026\/01\/Alain-Schenkels-rond-294x300.png 294w\" sizes=\"auto, (max-width: 412px) 100vw, 412px\" \/><button\n\t\t\tclass=\"lightbox-trigger\"\n\t\t\ttype=\"button\"\n\t\t\taria-haspopup=\"dialog\"\n\t\t\taria-label=\"Enlarge\"\n\t\t\tdata-wp-init=\"callbacks.initTriggerButton\"\n\t\t\tdata-wp-on--click=\"actions.showLightbox\"\n\t\t\tdata-wp-style--right=\"state.imageButtonRight\"\n\t\t\tdata-wp-style--top=\"state.imageButtonTop\"\n\t\t>\n\t\t\t<svg xmlns=\"http:\/\/www.w3.org\/2000\/svg\" width=\"12\" height=\"12\" fill=\"none\" viewBox=\"0 0 12 12\">\n\t\t\t\t<path fill=\"#fff\" d=\"M2 0a2 2 0 0 0-2 2v2h1.5V2a.5.5 0 0 1 .5-.5h2V0H2Zm2 10.5H2a.5.5 0 0 1-.5-.5V8H0v2a2 2 0 0 0 2 2h2v-1.5ZM8 12v-1.5h2a.5.5 0 0 0 .5-.5V8H12v2a2 2 0 0 1-2 2H8Zm2-12a2 2 0 0 1 2 2v2h-1.5V2a.5.5 0 0 0-.5-.5H8V0h2Z\" \/>\n\t\t\t<\/svg>\n\t\t<\/button><\/figure>\n\n\n\n<p>Cat\u00e9gorie(s) :<\/p>\n\n\n<div class=\"taxonomy-category wp-block-post-terms\"><a href=\"https:\/\/rrb.be\/rrb\/category\/conflits-guerres\/seconde-guerre-mondiale\/brigade-piron\/\" rel=\"tag\">Brigade Piron<\/a><span class=\"wp-block-post-terms__separator\">, <\/span><a href=\"https:\/\/rrb.be\/rrb\/category\/conflits-guerres\/seconde-guerre-mondiale\/histoires-de-soldats-et-de-guerre\/\" rel=\"tag\">Histoires de soldats et de guerre<\/a><span class=\"wp-block-post-terms__separator\">, <\/span><a href=\"https:\/\/rrb.be\/rrb\/category\/conflits-guerres\/seconde-guerre-mondiale\/\" rel=\"tag\">Seconde guerre mondiale<\/a><\/div>\n\n\n<figure class=\"wp-block-embed is-type-wp-embed is-provider-alain-schenkels wp-block-embed-alain-schenkels\"><div class=\"wp-block-embed__wrapper\">\n<blockquote class=\"wp-embedded-content\" data-secret=\"zQQLBvY0iy\"><a href=\"https:\/\/rrb.be\/rrb\/seconde-guerre-mondiale\/\">Seconde Guerre Mondiale<\/a><\/blockquote><iframe loading=\"lazy\" class=\"wp-embedded-content\" sandbox=\"allow-scripts\" security=\"restricted\" style=\"position: absolute; visibility: hidden;\" title=\"\u00ab\u00a0Seconde Guerre Mondiale\u00a0\u00bb &#8212; Alain Schenkels\" src=\"https:\/\/rrb.be\/rrb\/seconde-guerre-mondiale\/embed\/#?secret=C1kUnwSczC#?secret=zQQLBvY0iy\" data-secret=\"zQQLBvY0iy\" width=\"600\" height=\"338\" frameborder=\"0\" marginwidth=\"0\" marginheight=\"0\" scrolling=\"no\"><\/iframe>\n<\/div><\/figure>\n","protected":false},"excerpt":{"rendered":"<p>Face \u00e0 l&rsquo;invasion de la Belgique par l&rsquo;Allemagne le 10 mai 1940, un point de ralliement militaire belge a \u00e9merg\u00e9 \u00e0 Tenby le 16 mai 1940. Sous la direction du Lieutenant-G\u00e9n\u00e9ral Victor Van Strydonck de Burkel, ce lieu est devenu un creuset pour ceux qui refusaient la soumission \u00e0 l&rsquo;occupant allemand. Tenby s&rsquo;est transform\u00e9 en [&hellip;]<\/p>\n","protected":false},"author":1,"featured_media":2593,"parent":0,"menu_order":0,"comment_status":"closed","ping_status":"closed","template":"","meta":{"footnotes":""},"categories":[28,31,20],"tags":[],"class_list":["post-2592","page","type-page","status-publish","has-post-thumbnail","hentry","category-brigade-piron","category-histoires-de-soldats-et-de-guerre","category-seconde-guerre-mondiale"],"_links":{"self":[{"href":"https:\/\/rrb.be\/rrb\/wp-json\/wp\/v2\/pages\/2592","targetHints":{"allow":["GET"]}}],"collection":[{"href":"https:\/\/rrb.be\/rrb\/wp-json\/wp\/v2\/pages"}],"about":[{"href":"https:\/\/rrb.be\/rrb\/wp-json\/wp\/v2\/types\/page"}],"author":[{"embeddable":true,"href":"https:\/\/rrb.be\/rrb\/wp-json\/wp\/v2\/users\/1"}],"replies":[{"embeddable":true,"href":"https:\/\/rrb.be\/rrb\/wp-json\/wp\/v2\/comments?post=2592"}],"version-history":[{"count":2,"href":"https:\/\/rrb.be\/rrb\/wp-json\/wp\/v2\/pages\/2592\/revisions"}],"predecessor-version":[{"id":2634,"href":"https:\/\/rrb.be\/rrb\/wp-json\/wp\/v2\/pages\/2592\/revisions\/2634"}],"wp:featuredmedia":[{"embeddable":true,"href":"https:\/\/rrb.be\/rrb\/wp-json\/wp\/v2\/media\/2593"}],"wp:attachment":[{"href":"https:\/\/rrb.be\/rrb\/wp-json\/wp\/v2\/media?parent=2592"}],"wp:term":[{"taxonomy":"category","embeddable":true,"href":"https:\/\/rrb.be\/rrb\/wp-json\/wp\/v2\/categories?post=2592"},{"taxonomy":"post_tag","embeddable":true,"href":"https:\/\/rrb.be\/rrb\/wp-json\/wp\/v2\/tags?post=2592"}],"curies":[{"name":"wp","href":"https:\/\/api.w.org\/{rel}","templated":true}]}}