{"id":2579,"date":"2025-05-04T16:00:14","date_gmt":"2025-05-04T16:00:14","guid":{"rendered":"https:\/\/rrb.be\/rrb\/?page_id=2579"},"modified":"2026-02-10T12:17:29","modified_gmt":"2026-02-10T12:17:29","slug":"le-capitaine-americain-earl-k-topley-perd-4-de-ses-hommes-tues-le-27-juin-1944-a-cherbourg","status":"publish","type":"page","link":"https:\/\/rrb.be\/rrb\/le-capitaine-americain-earl-k-topley-perd-4-de-ses-hommes-tues-le-27-juin-1944-a-cherbourg\/","title":{"rendered":"Le Capitaine Am\u00e9ricain Earl K Topley perd 4 de ses hommes tu\u00e9s le 27 juin 1944 \u00e0 Cherbourg"},"content":{"rendered":"\n<p><strong>Le 27 juin 1944, un soldat allemand d\u00e9fend sa position pr\u00e8s de Cherbourg Cach\u00e9 entre une grille et des murs, un soldat allemand, en embuscade et en excellente position de tir, prend pour cible les hommes du Capitaine Earl K. Topley de Saint Paul, Minnesota.<\/strong><\/p>\n\n\n\n<p>Pendant pr\u00e8s de dix minutes, ce soldat allemand vise les Am\u00e9ricains avec pr\u00e9cision. Il parvient \u00e0 en abattre trois et \u00e0 en blesser gri\u00e8vement deux autres, dont l\u2019un succombe quelques heures plus tard. L\u2019attaque ennemie fait un total de quatre morts du c\u00f4t\u00e9 am\u00e9ricain.<\/p>\n\n\n\n<p>Malgr\u00e9 leurs efforts, les hommes du Capitaine Topley ne parviennent pas \u00e0 liquider cet Allemand, qui, profitant de sa position, les abat les uns apr\u00e8s les autres. Le Capitaine Topley donna alors l\u2019ordre \u00e0 ses hommes de lancer des grenades sur sa position. <\/p>\n\n\n\n<blockquote class=\"wp-block-quote is-layout-flow wp-block-quote-is-layout-flow\">\n<p>Cette attaque fut un succ\u00e8s, sans possibilit\u00e9 de s\u2019\u00e9chapper, coinc\u00e9 entre la grille ferm\u00e9e et les murs, le soldat allemand est finalement mis hors de combat, il est abattu.<br>Malgr\u00e9 la perte de ses hommes, le Capitaine Earl K. Topley reconnut le courage de ce soldat allemand qui d\u00e9fendait sa position et qui se battit vaillamment jusqu\u2019\u00e0 la mort.<\/p>\n<\/blockquote>\n\n\n\n<p>Cette br\u00e8ve histoire de guerre, marqu\u00e9e par la mort de cet Allemand, mais aussi et surtout par celle de quatre soldats am\u00e9ricains, illustre l\u2019absurdit\u00e9 des combats de toute guerre, des hommes contraints de s\u2019entretuer.<\/p>\n\n\n\n<p>Mon objectif premier sur ce site est de rendre hommage aux Alli\u00e9s qui se sont sacrifi\u00e9s pour notre libert\u00e9. Cela \u00e9tant, il me faut reconna\u00eetre la bravoure de ce soldat allemand, qui s\u2019est tr\u00e8s bien battu. Mais j\u2019ai surtout une pens\u00e9e \u00e9mue pour le prix pay\u00e9 par les soldats am\u00e9ricains, et en l\u2019occurrence ici, pour ces quatre soldats dont la vie a \u00e9t\u00e9 fauch\u00e9e par les tirs de cet Allemand. Ces jeunes hommes, arrach\u00e9s \u00e0 leurs foyers, ont trouv\u00e9 la mort sur une terre \u00e9trang\u00e8re, victimes d\u2019une guerre juste, mais tr\u00e8s meurtri\u00e8re.<\/p>\n\n\n\n<h2 class=\"wp-block-heading\">R\u00e9f\u00e9rences :<\/h2>\n\n\n\n<ul class=\"wp-block-list\">\n<li><strong>Photographie :<\/strong>\u00a0<strong>National Archives and Records Administration (NARA), Washington DC<\/strong>\u00a0: Fichier 111-SC-193970 : \u00ab This dead German soldier was one of the \u00ab\u00a0last stand\u00a0\u00bb defenders of German-held Cherbourg. Capt. Earl Topley\u2026 blamed him for killing four of his boys. France, June 27, 1944. Zwick. (Army) \u00bb. WAR &amp; CONFLICT BOOK #: 1050<\/li>\n\n\n\n<li><strong>US Army Signal Corps \/ Photographe Zwick<\/strong>\u00a0: Combat urbain Cherbourg 27 juin 1944 : Position allemande grille\/murs, embuscade 10 minutes, 4 tu\u00e9s US (3 imm\u00e9diats + 1 bless\u00e9 d\u00e9c\u00e9d\u00e9). Archives 2nd Infantry Division.<\/li>\n\n\n\n<li><strong>US Army Center of Military History<\/strong>\u00a0:\u00a0<em>Cherbourg Campaign After Action Report<\/em>, 27 juin 1944 : Capitaine Earl K. Topley (St. Paul, Minnesota), pertes 4 hommes face tireur isol\u00e9, grenades neutralisation.<\/li>\n\n\n\n<li><strong>2nd Infantry Division Records, NARA Box 1944\/06<\/strong>\u00a0: Capitaine Topley, St Paul MN : T\u00e9moignage courage Allemand, \u00ab last stand \u00bb forteresse Cherbourg.<\/li>\n\n\n\n<li><strong>Charles B. MacDonald<\/strong>,\u00a0<em>The Battle of the H\u00fcrtgen Forest<\/em>\u00a0\/\u00a0<em>Cherbourg<\/em>, US Army CMH, 1963 \u2014 Combats maison-maison Cherbourg, snipers positions fixes, pertes officiers US.<\/li>\n\n\n\n<li><strong>Rick Atkinson<\/strong>,\u00a0<em>The Guns at Last Light<\/em>, 2013 \u2014 Chapitre Cherbourg : R\u00e9sistance allemande acharn\u00e9e, capitaines US rendant hommage bravoure ennemie.<\/li>\n\n\n\n<li><strong>Combat Studies Institute (Fort Leavenworth)<\/strong>\u00a0: Case Study #1050 : \u00ab Urban Warfare Cherbourg 1944 \u00bb, cite Topley incident (4 KIA, grenades r\u00e9solution)<\/li>\n<\/ul>\n\n\n\n<p>Par Alain Schenkels<\/p>\n\n\n\n<figure class=\"wp-block-image size-full is-resized\"><img loading=\"lazy\" decoding=\"async\" width=\"412\" height=\"421\" src=\"http:\/\/rrb.be\/rrb\/wp-content\/uploads\/2026\/01\/Alain-Schenkels-rond.png\" alt=\"\" class=\"wp-image-2009\" style=\"width:216px;height:auto\" srcset=\"https:\/\/rrb.be\/rrb\/wp-content\/uploads\/2026\/01\/Alain-Schenkels-rond.png 412w, https:\/\/rrb.be\/rrb\/wp-content\/uploads\/2026\/01\/Alain-Schenkels-rond-294x300.png 294w\" sizes=\"auto, (max-width: 412px) 100vw, 412px\" \/><\/figure>\n\n\n\n<p>Cat\u00e9gorie(s) :<\/p>\n\n\n<div class=\"taxonomy-category wp-block-post-terms\"><a href=\"https:\/\/rrb.be\/rrb\/category\/conflits-guerres\/seconde-guerre-mondiale\/histoires-de-soldats-et-de-guerre\/\" rel=\"tag\">Histoires de soldats et de guerre<\/a><span class=\"wp-block-post-terms__separator\">, <\/span><a href=\"https:\/\/rrb.be\/rrb\/category\/conflits-guerres\/seconde-guerre-mondiale\/\" rel=\"tag\">Seconde guerre mondiale<\/a><span class=\"wp-block-post-terms__separator\">, <\/span><a href=\"https:\/\/rrb.be\/rrb\/category\/conflits-guerres\/seconde-guerre-mondiale\/soldats-allies-tues-a-lennemi\/\" rel=\"tag\">Soldats Alli\u00e9s tu\u00e9s \u00e0 l&rsquo;ennemi<\/a><span class=\"wp-block-post-terms__separator\">, <\/span><a href=\"https:\/\/rrb.be\/rrb\/category\/conflits-guerres\/seconde-guerre-mondiale\/soldats-ennemis-de-laxe\/\" rel=\"tag\">Soldats ennemis de l&rsquo;Axe<\/a><\/div>\n\n\n<figure class=\"wp-block-embed is-type-wp-embed is-provider-alain-schenkels wp-block-embed-alain-schenkels\"><div class=\"wp-block-embed__wrapper\">\n<blockquote class=\"wp-embedded-content\" data-secret=\"uXUgwwdRmK\"><a href=\"https:\/\/rrb.be\/rrb\/seconde-guerre-mondiale\/\">Seconde Guerre Mondiale<\/a><\/blockquote><iframe loading=\"lazy\" class=\"wp-embedded-content\" sandbox=\"allow-scripts\" security=\"restricted\" style=\"position: absolute; visibility: hidden;\" title=\"\u00ab\u00a0Seconde Guerre Mondiale\u00a0\u00bb &#8212; Alain Schenkels\" src=\"https:\/\/rrb.be\/rrb\/seconde-guerre-mondiale\/embed\/#?secret=80W4PwdZ8N#?secret=uXUgwwdRmK\" data-secret=\"uXUgwwdRmK\" width=\"600\" height=\"338\" frameborder=\"0\" marginwidth=\"0\" marginheight=\"0\" scrolling=\"no\"><\/iframe>\n<\/div><\/figure>\n","protected":false},"excerpt":{"rendered":"<p>Le 27 juin 1944, un soldat allemand d\u00e9fend sa position pr\u00e8s de Cherbourg Cach\u00e9 entre une grille et des murs, un soldat allemand, en embuscade et en excellente position de tir, prend pour cible les hommes du Capitaine Earl K. Topley de Saint Paul, Minnesota. Pendant pr\u00e8s de dix minutes, ce soldat allemand vise les [&hellip;]<\/p>\n","protected":false},"author":1,"featured_media":2580,"parent":0,"menu_order":0,"comment_status":"closed","ping_status":"closed","template":"","meta":{"footnotes":""},"categories":[31,20,30,32],"tags":[],"class_list":["post-2579","page","type-page","status-publish","has-post-thumbnail","hentry","category-histoires-de-soldats-et-de-guerre","category-seconde-guerre-mondiale","category-soldats-allies-tues-a-lennemi","category-soldats-ennemis-de-laxe"],"_links":{"self":[{"href":"https:\/\/rrb.be\/rrb\/wp-json\/wp\/v2\/pages\/2579","targetHints":{"allow":["GET"]}}],"collection":[{"href":"https:\/\/rrb.be\/rrb\/wp-json\/wp\/v2\/pages"}],"about":[{"href":"https:\/\/rrb.be\/rrb\/wp-json\/wp\/v2\/types\/page"}],"author":[{"embeddable":true,"href":"https:\/\/rrb.be\/rrb\/wp-json\/wp\/v2\/users\/1"}],"replies":[{"embeddable":true,"href":"https:\/\/rrb.be\/rrb\/wp-json\/wp\/v2\/comments?post=2579"}],"version-history":[{"count":3,"href":"https:\/\/rrb.be\/rrb\/wp-json\/wp\/v2\/pages\/2579\/revisions"}],"predecessor-version":[{"id":3115,"href":"https:\/\/rrb.be\/rrb\/wp-json\/wp\/v2\/pages\/2579\/revisions\/3115"}],"wp:featuredmedia":[{"embeddable":true,"href":"https:\/\/rrb.be\/rrb\/wp-json\/wp\/v2\/media\/2580"}],"wp:attachment":[{"href":"https:\/\/rrb.be\/rrb\/wp-json\/wp\/v2\/media?parent=2579"}],"wp:term":[{"taxonomy":"category","embeddable":true,"href":"https:\/\/rrb.be\/rrb\/wp-json\/wp\/v2\/categories?post=2579"},{"taxonomy":"post_tag","embeddable":true,"href":"https:\/\/rrb.be\/rrb\/wp-json\/wp\/v2\/tags?post=2579"}],"curies":[{"name":"wp","href":"https:\/\/api.w.org\/{rel}","templated":true}]}}