{"id":2572,"date":"2025-06-12T15:58:25","date_gmt":"2025-06-12T15:58:25","guid":{"rendered":"https:\/\/rrb.be\/rrb\/?page_id=2572"},"modified":"2026-02-08T22:13:30","modified_gmt":"2026-02-08T22:13:30","slug":"un-soldat-du-loyal-edmonton-regiment-canada-tire-sur-une-position-allemande-dortona-en-decembre-1943","status":"publish","type":"page","link":"https:\/\/rrb.be\/rrb\/un-soldat-du-loyal-edmonton-regiment-canada-tire-sur-une-position-allemande-dortona-en-decembre-1943\/","title":{"rendered":"Un soldat du Loyal Edmonton Regiment Canada tire sur une position allemande d\u2019Ortona en d\u00e9cembre 1943"},"content":{"rendered":"\n<p><strong>La campagne d\u2019Italie, qui a suivi le d\u00e9barquement alli\u00e9 en Sicile, a \u00e9t\u00e9 un th\u00e9\u00e2tre d\u2019op\u00e9rations particuli\u00e8rement difficile. Les forces alli\u00e9es, progressant vers le nord de la p\u00e9ninsule, se sont heurt\u00e9es \u00e0 une r\u00e9sistance allemande tenace. Ortona, une petite ville c\u00f4ti\u00e8re des Abruzzes, a acquis une importance strat\u00e9gique en raison de sa position sur la ligne Gustav, une s\u00e9rie de fortifications allemandes. La prise d\u2019Ortona \u00e9tait donc essentielle pour la progression alli\u00e9e, quelqu\u2019en soit le prix humain \u00e0 payer.<\/strong><\/p>\n\n\n\n<p>En d\u00e9cembre 1943, les troupes canadiennes, notamment le Loyal Edmonton Regiment et le Seaforth Highlanders of Canada dont cet homme fait partie, ont \u00e9t\u00e9 charg\u00e9es de s\u2019emparer d\u2019Ortona. Ce qui devait \u00eatre une op\u00e9ration rapide s\u2019est transform\u00e9 en une bataille de rue acharn\u00e9e. Les Allemands se sont retranch\u00e9s dans les b\u00e2timents et utilisaient des tactiques de gu\u00e9rilla urbaine, ils ont transform\u00e9 chaque rue, chaque maison en un champ de bataille.<\/p>\n\n\n\n<p>Les Canadiens ont d\u00fb avancer lentement, maison par maison, en utilisant des techniques innovantes comme le \u00abmouse-holing\u00bb (ils cr\u00e9ent des passages \u00e0 travers les murs des b\u00e2timents pour se d\u00e9placer sans s\u2019exposer aux tirs ennemis dans les rues). La violence des combats \u00e9tait telle que la bataille a \u00e9t\u00e9 surnomm\u00e9e \u00able petit Stalingrad\u00bb, les Canadiens ne s\u2019y \u00e9taient pas pr\u00e9par\u00e9s.<\/p>\n\n\n\n<p>Les photographies prises pendant la bataille d\u2019Ortona t\u00e9moignent de la violence des combats et du courage des soldats canadiens. L\u2019une d\u2019elles, montrant un soldat du Loyal Edmonton Regiment tirant sur une position allemande, est devenue un symbole de la bataille. La photographie \u00ab The Mystery of the Christmas Day Photo Revealed \u00bb qui est une photographie prise lors du diner de Noel de 1943, a aussi une grande importance pour les canadiens.<\/p>\n\n\n\n<figure class=\"wp-block-image size-full\"><img loading=\"lazy\" decoding=\"async\" width=\"515\" height=\"444\" src=\"https:\/\/rrb.be\/rrb\/wp-content\/uploads\/2026\/02\/The-Mystery-of-the-Christmas-Day-Photo-Revealed-noel-1943.jpeg\" alt=\"\" class=\"wp-image-2574\" srcset=\"https:\/\/rrb.be\/rrb\/wp-content\/uploads\/2026\/02\/The-Mystery-of-the-Christmas-Day-Photo-Revealed-noel-1943.jpeg 515w, https:\/\/rrb.be\/rrb\/wp-content\/uploads\/2026\/02\/The-Mystery-of-the-Christmas-Day-Photo-Revealed-noel-1943-300x259.jpeg 300w\" sizes=\"auto, (max-width: 515px) 100vw, 515px\" \/><\/figure>\n\n\n\n<p>Cette bataille qui a dur\u00e9 du 20 au 28 d\u00e9cembre 1943, a \u00e9t\u00e9 un tournant dans la campagne d\u2019Italie. Elle a d\u00e9montr\u00e9 la d\u00e9termination des troupes canadiennes et la f\u00e9rocit\u00e9 des combats. Cependant, elle a \u00e9galement mis en \u00e9vidence les d\u00e9fis de la guerre urbaine, qui n\u00e9cessitait des tactiques et des \u00e9quipements sp\u00e9cifiques.<\/p>\n\n\n\n<p>Elle a laiss\u00e9 une marque ind\u00e9l\u00e9bile dans l\u2019histoire militaire canadienne et dans la m\u00e9moire collective du pays. Les Canadiens ont perdu 1 375 hommes et 964 bless\u00e9s. Pire, Ortona n\u2019a pas \u00e9t\u00e9 \u00e9vacu\u00e9e avant le d\u00e9but des combats, ce qui a entra\u00een\u00e9 la mort de plus de 1 300 civils sans compter les bless\u00e9s. Les Allemands de leur c\u00f4t\u00e9 malgr\u00e9 la d\u00e9faite ont subi de moins lourdes pertes, seuls 867 hommes sont tu\u00e9s, bless\u00e9s ou captur\u00e9s.<\/p>\n\n\n\n<figure class=\"wp-block-image size-full\"><img loading=\"lazy\" decoding=\"async\" width=\"640\" height=\"478\" src=\"https:\/\/rrb.be\/rrb\/wp-content\/uploads\/2026\/02\/Tombes-de-soldats-du-Loyal-Edmonton-Regiment-apres-la-bataille-dOrtona.jpg\" alt=\"\" class=\"wp-image-2575\" srcset=\"https:\/\/rrb.be\/rrb\/wp-content\/uploads\/2026\/02\/Tombes-de-soldats-du-Loyal-Edmonton-Regiment-apres-la-bataille-dOrtona.jpg 640w, https:\/\/rrb.be\/rrb\/wp-content\/uploads\/2026\/02\/Tombes-de-soldats-du-Loyal-Edmonton-Regiment-apres-la-bataille-dOrtona-300x224.jpg 300w\" sizes=\"auto, (max-width: 640px) 100vw, 640px\" \/><figcaption class=\"wp-element-caption\">Tombes de soldats du Loyal Edmonton Regiment apr\u00e8s la bataille d\u2019Ortona.<br>(Photo prise par Alexander M. Stirton.<br>Avec la permission du D\u00e9partement de la D\u00e9fence nationale et de Biblioth\u00e8que et Archives Canada)<\/figcaption><\/figure>\n\n\n\n<blockquote class=\"wp-block-quote is-layout-flow wp-block-quote-is-layout-flow\">\n<p><em>Chaque bataille, chaque petit bout de territoire, se solde par la mort de nombreux hommes. C\u2019est \u00e0 ce prix qu\u2019on peut gagner la guerre. Bien que chaque perte humaine soit une trag\u00e9die individuelle, la victoire finale \u2013 pour retrouver la paix \u2013 justifie le sacrifice ultime de tous ces soldats.<\/em><\/p>\n<\/blockquote>\n\n\n\n<p>Par Alain Schenkels<\/p>\n\n\n\n<figure data-wp-context=\"{&quot;imageId&quot;:&quot;69ea7e385ef38&quot;}\" data-wp-interactive=\"core\/image\" data-wp-key=\"69ea7e385ef38\" class=\"wp-block-image size-full is-resized wp-lightbox-container\"><img loading=\"lazy\" decoding=\"async\" width=\"412\" height=\"421\" data-wp-class--hide=\"state.isContentHidden\" data-wp-class--show=\"state.isContentVisible\" data-wp-init=\"callbacks.setButtonStyles\" data-wp-on--click=\"actions.showLightbox\" data-wp-on--load=\"callbacks.setButtonStyles\" data-wp-on-window--resize=\"callbacks.setButtonStyles\" src=\"http:\/\/rrb.be\/rrb\/wp-content\/uploads\/2026\/01\/Alain-Schenkels-rond.png\" alt=\"\" class=\"wp-image-2009\" style=\"width:223px;height:auto\" srcset=\"https:\/\/rrb.be\/rrb\/wp-content\/uploads\/2026\/01\/Alain-Schenkels-rond.png 412w, https:\/\/rrb.be\/rrb\/wp-content\/uploads\/2026\/01\/Alain-Schenkels-rond-294x300.png 294w\" sizes=\"auto, (max-width: 412px) 100vw, 412px\" \/><button\n\t\t\tclass=\"lightbox-trigger\"\n\t\t\ttype=\"button\"\n\t\t\taria-haspopup=\"dialog\"\n\t\t\taria-label=\"Enlarge\"\n\t\t\tdata-wp-init=\"callbacks.initTriggerButton\"\n\t\t\tdata-wp-on--click=\"actions.showLightbox\"\n\t\t\tdata-wp-style--right=\"state.imageButtonRight\"\n\t\t\tdata-wp-style--top=\"state.imageButtonTop\"\n\t\t>\n\t\t\t<svg xmlns=\"http:\/\/www.w3.org\/2000\/svg\" width=\"12\" height=\"12\" fill=\"none\" viewBox=\"0 0 12 12\">\n\t\t\t\t<path fill=\"#fff\" d=\"M2 0a2 2 0 0 0-2 2v2h1.5V2a.5.5 0 0 1 .5-.5h2V0H2Zm2 10.5H2a.5.5 0 0 1-.5-.5V8H0v2a2 2 0 0 0 2 2h2v-1.5ZM8 12v-1.5h2a.5.5 0 0 0 .5-.5V8H12v2a2 2 0 0 1-2 2H8Zm2-12a2 2 0 0 1 2 2v2h-1.5V2a.5.5 0 0 0-.5-.5H8V0h2Z\" \/>\n\t\t\t<\/svg>\n\t\t<\/button><\/figure>\n\n\n\n<p>Cat\u00e9gorie(s) :<\/p>\n\n\n<div class=\"taxonomy-category wp-block-post-terms\"><a href=\"https:\/\/rrb.be\/rrb\/category\/conflits-guerres\/seconde-guerre-mondiale\/histoires-de-soldats-et-de-guerre\/\" rel=\"tag\">Histoires de soldats et de guerre<\/a><span class=\"wp-block-post-terms__separator\">, <\/span><a href=\"https:\/\/rrb.be\/rrb\/category\/conflits-guerres\/seconde-guerre-mondiale\/\" rel=\"tag\">Seconde guerre mondiale<\/a><\/div>\n\n\n<figure class=\"wp-block-embed is-type-wp-embed is-provider-alain-schenkels wp-block-embed-alain-schenkels\"><div class=\"wp-block-embed__wrapper\">\n<blockquote class=\"wp-embedded-content\" data-secret=\"n1t9SrTqyt\"><a href=\"https:\/\/rrb.be\/rrb\/seconde-guerre-mondiale\/\">Seconde Guerre Mondiale<\/a><\/blockquote><iframe loading=\"lazy\" class=\"wp-embedded-content\" sandbox=\"allow-scripts\" security=\"restricted\" style=\"position: absolute; visibility: hidden;\" title=\"\u00ab\u00a0Seconde Guerre Mondiale\u00a0\u00bb &#8212; Alain Schenkels\" src=\"https:\/\/rrb.be\/rrb\/seconde-guerre-mondiale\/embed\/#?secret=Q6er8ELt4k#?secret=n1t9SrTqyt\" data-secret=\"n1t9SrTqyt\" width=\"600\" height=\"338\" frameborder=\"0\" marginwidth=\"0\" marginheight=\"0\" scrolling=\"no\"><\/iframe>\n<\/div><\/figure>\n","protected":false},"excerpt":{"rendered":"<p>La campagne d\u2019Italie, qui a suivi le d\u00e9barquement alli\u00e9 en Sicile, a \u00e9t\u00e9 un th\u00e9\u00e2tre d\u2019op\u00e9rations particuli\u00e8rement difficile. Les forces alli\u00e9es, progressant vers le nord de la p\u00e9ninsule, se sont heurt\u00e9es \u00e0 une r\u00e9sistance allemande tenace. Ortona, une petite ville c\u00f4ti\u00e8re des Abruzzes, a acquis une importance strat\u00e9gique en raison de sa position sur la [&hellip;]<\/p>\n","protected":false},"author":1,"featured_media":2573,"parent":0,"menu_order":0,"comment_status":"closed","ping_status":"closed","template":"","meta":{"footnotes":""},"categories":[31,20],"tags":[],"class_list":["post-2572","page","type-page","status-publish","has-post-thumbnail","hentry","category-histoires-de-soldats-et-de-guerre","category-seconde-guerre-mondiale"],"_links":{"self":[{"href":"https:\/\/rrb.be\/rrb\/wp-json\/wp\/v2\/pages\/2572","targetHints":{"allow":["GET"]}}],"collection":[{"href":"https:\/\/rrb.be\/rrb\/wp-json\/wp\/v2\/pages"}],"about":[{"href":"https:\/\/rrb.be\/rrb\/wp-json\/wp\/v2\/types\/page"}],"author":[{"embeddable":true,"href":"https:\/\/rrb.be\/rrb\/wp-json\/wp\/v2\/users\/1"}],"replies":[{"embeddable":true,"href":"https:\/\/rrb.be\/rrb\/wp-json\/wp\/v2\/comments?post=2572"}],"version-history":[{"count":2,"href":"https:\/\/rrb.be\/rrb\/wp-json\/wp\/v2\/pages\/2572\/revisions"}],"predecessor-version":[{"id":2668,"href":"https:\/\/rrb.be\/rrb\/wp-json\/wp\/v2\/pages\/2572\/revisions\/2668"}],"wp:featuredmedia":[{"embeddable":true,"href":"https:\/\/rrb.be\/rrb\/wp-json\/wp\/v2\/media\/2573"}],"wp:attachment":[{"href":"https:\/\/rrb.be\/rrb\/wp-json\/wp\/v2\/media?parent=2572"}],"wp:term":[{"taxonomy":"category","embeddable":true,"href":"https:\/\/rrb.be\/rrb\/wp-json\/wp\/v2\/categories?post=2572"},{"taxonomy":"post_tag","embeddable":true,"href":"https:\/\/rrb.be\/rrb\/wp-json\/wp\/v2\/tags?post=2572"}],"curies":[{"name":"wp","href":"https:\/\/api.w.org\/{rel}","templated":true}]}}