{"id":2567,"date":"2025-06-04T15:48:39","date_gmt":"2025-06-04T15:48:39","guid":{"rendered":"https:\/\/rrb.be\/rrb\/?page_id=2567"},"modified":"2026-02-08T22:14:01","modified_gmt":"2026-02-08T22:14:01","slug":"trois-membres-dequipages-dun-grumman-tbf-avenger-blesses-lors-dun-combat-a-raboul-en-1943","status":"publish","type":"page","link":"https:\/\/rrb.be\/rrb\/trois-membres-dequipages-dun-grumman-tbf-avenger-blesses-lors-dun-combat-a-raboul-en-1943\/","title":{"rendered":"Trois membres d\u2019\u00e9quipages d\u2019un Grumman TBF Avenger bless\u00e9s lors d\u2019un combat \u00e0 Raboul en 1943"},"content":{"rendered":"\n<blockquote class=\"wp-block-quote is-layout-flow wp-block-quote-is-layout-flow\">\n<p><strong><em>Les membres d\u2019\u00e9quipage \u00e0 bord de l\u2019USS Saratoga (porte-avions) sortent le matelot de deuxi\u00e8me classe Kenneth Bratton de la tourelle arri\u00e8re d\u2019un TBF Avenger (bombardier-torpilleur) apr\u00e8s un raid sur Rabaul le 5 novembre 1943.<\/em><\/strong><\/p>\n<\/blockquote>\n\n\n\n<p>Cet homme \u00e9tait le radioman et mitrailleur de la tourelle ventrale. Il a \u00e9t\u00e9 bless\u00e9 par un avion japonais \u00ab&nbsp;Z\u00e9ro&nbsp;\u00bb par des balles de 7,7 mm au genou gauche et \u00e0 la cuisse sup\u00e9rieure. Heureusement, il n\u2019a re\u00e7u aucune balle au niveau du torse ou de la t\u00eate, ce qui l\u2019a sauv\u00e9.<\/p>\n\n\n\n<p>Cet avion, ainsi qu\u2019un F6F Hellcat amical (LTJG Stanley K. Crockett), ont r\u00e9ussi \u00e0 repousser huit Z\u00e9ros attaquants en en abattant trois. Le F6F de Crockett avait subi 268 impacts de balles (54 dans la zone du cockpit), tandis que le TBF \u00ab&nbsp;19&nbsp;\u00bb du VT-19 avait 109 impacts de balles, avec les syst\u00e8mes hydrauliques, les gouvernes et l\u2019intercom endommag\u00e9s. Malgr\u00e9 cela, le pilote, le commandant Henry Caldwell, a effectu\u00e9 un atterrissage presque parfait avec un train d\u2019atterrissage baiss\u00e9 d\u2019un c\u00f4t\u00e9.<\/p>\n\n\n\n<p>Les trois membres d\u2019\u00e9quipage : Kenneth Bratton que j\u2019ai pr\u00e9sent\u00e9 plus haut, Robert W. Morey, qui est un v\u00e9ritable miracul\u00e9 eu \u00e9gard \u00e0 ses blessures, \u00e9tait mitrailleur \u00e0 l\u2019arri\u00e8re \u00e0 la pire place et a \u00e9t\u00e9 gri\u00e8vement bless\u00e9 \u00e0 l\u2019\u00e9paule, au visage et au cou par des balles de 7,7 mm. Le dernier homme, notre pilote Caldwell, n\u2019a pas \u00e9t\u00e9 bless\u00e9, ce qui lui a permis de poser l\u2019avion sur le porte-avions. Les trois hommes ont surv\u00e9cu.<\/p>\n\n\n\n<p>TBF Avenger lanc\u00e9 de l\u2019USS Hollandia en 1944<\/p>\n\n\n\n<figure data-wp-context=\"{&quot;imageId&quot;:&quot;69ea7c3b12928&quot;}\" data-wp-interactive=\"core\/image\" data-wp-key=\"69ea7c3b12928\" class=\"wp-block-image size-full is-resized wp-lightbox-container\"><img loading=\"lazy\" decoding=\"async\" width=\"902\" height=\"508\" data-wp-class--hide=\"state.isContentHidden\" data-wp-class--show=\"state.isContentVisible\" data-wp-init=\"callbacks.setButtonStyles\" data-wp-on--click=\"actions.showLightbox\" data-wp-on--load=\"callbacks.setButtonStyles\" data-wp-on-window--resize=\"callbacks.setButtonStyles\" src=\"https:\/\/rrb.be\/rrb\/wp-content\/uploads\/2026\/02\/TBF-Avenger-lance-de-lUSS-Hollandia-en-1944.jpg\" alt=\"\" class=\"wp-image-2569\" style=\"aspect-ratio:1.775663892191835;width:386px;height:auto\" srcset=\"https:\/\/rrb.be\/rrb\/wp-content\/uploads\/2026\/02\/TBF-Avenger-lance-de-lUSS-Hollandia-en-1944.jpg 902w, https:\/\/rrb.be\/rrb\/wp-content\/uploads\/2026\/02\/TBF-Avenger-lance-de-lUSS-Hollandia-en-1944-300x169.jpg 300w, https:\/\/rrb.be\/rrb\/wp-content\/uploads\/2026\/02\/TBF-Avenger-lance-de-lUSS-Hollandia-en-1944-768x433.jpg 768w\" sizes=\"auto, (max-width: 902px) 100vw, 902px\" \/><button\n\t\t\tclass=\"lightbox-trigger\"\n\t\t\ttype=\"button\"\n\t\t\taria-haspopup=\"dialog\"\n\t\t\taria-label=\"Enlarge\"\n\t\t\tdata-wp-init=\"callbacks.initTriggerButton\"\n\t\t\tdata-wp-on--click=\"actions.showLightbox\"\n\t\t\tdata-wp-style--right=\"state.imageButtonRight\"\n\t\t\tdata-wp-style--top=\"state.imageButtonTop\"\n\t\t>\n\t\t\t<svg xmlns=\"http:\/\/www.w3.org\/2000\/svg\" width=\"12\" height=\"12\" fill=\"none\" viewBox=\"0 0 12 12\">\n\t\t\t\t<path fill=\"#fff\" d=\"M2 0a2 2 0 0 0-2 2v2h1.5V2a.5.5 0 0 1 .5-.5h2V0H2Zm2 10.5H2a.5.5 0 0 1-.5-.5V8H0v2a2 2 0 0 0 2 2h2v-1.5ZM8 12v-1.5h2a.5.5 0 0 0 .5-.5V8H12v2a2 2 0 0 1-2 2H8Zm2-12a2 2 0 0 1 2 2v2h-1.5V2a.5.5 0 0 0-.5-.5H8V0h2Z\" \/>\n\t\t\t<\/svg>\n\t\t<\/button><\/figure>\n\n\n\n<p>Le 5 novembre 1943, le photographe Paul Barnett, qui a pris cette photo en tant que ma\u00eetre de premi\u00e8re classe sp\u00e9cialis\u00e9 dans la photographie (num\u00e9ro 6241744), a \u00e9t\u00e9 tu\u00e9 lors d\u2019un vol. Initialement \u00ab&nbsp;disparu en mer&nbsp;\u00bb, il a finalement \u00e9t\u00e9 retrouv\u00e9 avec l\u2019arri\u00e8re de sa t\u00eate arrach\u00e9 par une balle japonaise de 7,7 mm.<\/p>\n\n\n\n<h2 class=\"wp-block-heading\">Historique des \u00e9v\u00e9nements \u00e0 Raboul en 1943<\/h2>\n\n\n\n<p><strong>Situ\u00e9 sur l\u2019\u00eele de la Nouvelle-Bretagne, Raboul \u00e9tait une base militaire majeure pour les forces japonaises dans le Pacifique. En r\u00e9ponse \u00e0 l\u2019invasion alli\u00e9e de Bougainville, les Japonais ont d\u00e9plac\u00e9 une forte concentration de croiseurs depuis Truk vers Rabaul pour pr\u00e9parer une attaque nocturne contre les lignes de ravitaillement alli\u00e9es.<\/strong><\/p>\n\n\n\n<p>Les Alli\u00e9s, men\u00e9s par les \u00c9tats-Unis, l\u2019Australie et la Nouvelle-Z\u00e9lande, ont lanc\u00e9 une s\u00e9rie d\u2019attaques a\u00e9riennes contre les navires japonais et les infrastructures de Rabaul. Ces attaques ont impliqu\u00e9 des avions bas\u00e9s \u00e0 terre ainsi que des porte-avions. Le 5 novembre 1943, des avions alli\u00e9s ont attaqu\u00e9 les croiseurs japonais dans le port, malgr\u00e9 de fortes d\u00e9fenses antia\u00e9riennes. Le croiseur Maya a \u00e9t\u00e9 endommag\u00e9, tandis que les croiseurs Atago, Takao et Mogami ont subi des dommages. C\u2019est ce jour l\u00e0 que le photographe Paul Barnett a \u00e9t\u00e9 tu\u00e9.<\/p>\n\n\n\n<p>Le bombardement a emp\u00each\u00e9 les forces navales japonaises de menacer les d\u00e9barquements alli\u00e9s \u00e0 Bougainville. Les Japonais ont ensuite repli\u00e9 leurs grandes unit\u00e9s vers Truk, r\u00e9duisant consid\u00e9rablement l\u2019importance op\u00e9rationnelle de Rabaul comme base navale. Les raids ont \u00e9galement contribu\u00e9 \u00e0 isoler Rabaul, qui est devenu une base difficile \u00e0 approvisionner et moins dangereuse pour les op\u00e9rations alli\u00e9es dans la r\u00e9gion.<\/p>\n\n\n\n<p>En plus du bombardement, Rabaul a \u00e9t\u00e9 le th\u00e9\u00e2tre d\u2019autres \u00e9v\u00e9nements importants en 1943, notamment des raids a\u00e9riens r\u00e9p\u00e9t\u00e9s qui ont affaibli la base japonaise. Les Am\u00e9ricains ont \u00e9galement d\u00e9barqu\u00e9 \u00e0 Cape Gloucester et Arawe en d\u00e9cembre 1943, r\u00e9duisant encore le potentiel militaire japonais dans la r\u00e9gion.<\/p>\n\n\n\n<hr class=\"wp-block-separator has-alpha-channel-opacity\"\/>\n\n\n\n<p><strong>Pour les Europ\u00e9ens, la guerre du Pacifique a longtemps \u00e9t\u00e9 per\u00e7ue comme un conflit lointain et secondaire, une sorte de guerre parall\u00e8le. Mais il faut tenir compte que l\u2019Allemagne, l\u2019Italie et le Japon \u00e9taient li\u00e9s par le Pacte tripartite, une alliance qui soulignait l\u2019interconnexion des conflits en Europe et dans le Pacifique, ils partageaient des objectifs expansionnistes et imp\u00e9rialistes et leurs actions \u00e9taient coordonn\u00e9es dans une certaine mesure.<\/strong><\/p>\n\n\n\n<p>La guerre du Pacifique a \u00e9galement eu des cons\u00e9quences \u00e9conomiques pour l\u2019Europe, notamment en perturbant les cha\u00eenes d\u2019approvisionnement et en affectant le commerce international et l\u2019entr\u00e9e en guerre des \u00c9tats-Unis a fourni aux Alli\u00e9s europ\u00e9ens un soutien mat\u00e9riel et humain crucial, contribuant \u00e0 l\u2019effort de guerre contre l\u2019Allemagne nazie.<\/p>\n\n\n\n<p>En d\u00e9finitive, sans la guerre du Pacifique, les Am\u00e9ricains n\u2019auraient pas \u00e9t\u00e9 en guerre depuis des ann\u00e9es et probablement moins int\u00e9ress\u00e9s \u00e0 venir en aide aux alli\u00e9s europ\u00e9ens, m\u00eame si l\u2019Allemagne \u00e9tait une menace grandissante. Nul ne sait ce que nous serions devenu sans la guerre dans le Pacifique.<\/p>\n\n\n\n<p>Par Alain Schenkels<\/p>\n\n\n\n<figure data-wp-context=\"{&quot;imageId&quot;:&quot;69ea7c3b12e47&quot;}\" data-wp-interactive=\"core\/image\" data-wp-key=\"69ea7c3b12e47\" class=\"wp-block-image size-full is-resized wp-lightbox-container\"><img loading=\"lazy\" decoding=\"async\" width=\"412\" height=\"421\" data-wp-class--hide=\"state.isContentHidden\" data-wp-class--show=\"state.isContentVisible\" data-wp-init=\"callbacks.setButtonStyles\" data-wp-on--click=\"actions.showLightbox\" data-wp-on--load=\"callbacks.setButtonStyles\" data-wp-on-window--resize=\"callbacks.setButtonStyles\" src=\"http:\/\/rrb.be\/rrb\/wp-content\/uploads\/2026\/01\/Alain-Schenkels-rond.png\" alt=\"\" class=\"wp-image-2009\" style=\"width:204px;height:auto\" srcset=\"https:\/\/rrb.be\/rrb\/wp-content\/uploads\/2026\/01\/Alain-Schenkels-rond.png 412w, https:\/\/rrb.be\/rrb\/wp-content\/uploads\/2026\/01\/Alain-Schenkels-rond-294x300.png 294w\" sizes=\"auto, (max-width: 412px) 100vw, 412px\" \/><button\n\t\t\tclass=\"lightbox-trigger\"\n\t\t\ttype=\"button\"\n\t\t\taria-haspopup=\"dialog\"\n\t\t\taria-label=\"Enlarge\"\n\t\t\tdata-wp-init=\"callbacks.initTriggerButton\"\n\t\t\tdata-wp-on--click=\"actions.showLightbox\"\n\t\t\tdata-wp-style--right=\"state.imageButtonRight\"\n\t\t\tdata-wp-style--top=\"state.imageButtonTop\"\n\t\t>\n\t\t\t<svg xmlns=\"http:\/\/www.w3.org\/2000\/svg\" width=\"12\" height=\"12\" fill=\"none\" viewBox=\"0 0 12 12\">\n\t\t\t\t<path fill=\"#fff\" d=\"M2 0a2 2 0 0 0-2 2v2h1.5V2a.5.5 0 0 1 .5-.5h2V0H2Zm2 10.5H2a.5.5 0 0 1-.5-.5V8H0v2a2 2 0 0 0 2 2h2v-1.5ZM8 12v-1.5h2a.5.5 0 0 0 .5-.5V8H12v2a2 2 0 0 1-2 2H8Zm2-12a2 2 0 0 1 2 2v2h-1.5V2a.5.5 0 0 0-.5-.5H8V0h2Z\" \/>\n\t\t\t<\/svg>\n\t\t<\/button><\/figure>\n\n\n\n<p>Cat\u00e9gorie(s) :<\/p>\n\n\n<div class=\"taxonomy-category wp-block-post-terms\"><a href=\"https:\/\/rrb.be\/rrb\/category\/conflits-guerres\/seconde-guerre-mondiale\/histoires-de-soldats-et-de-guerre\/\" rel=\"tag\">Histoires de soldats et de guerre<\/a><span class=\"wp-block-post-terms__separator\">, <\/span><a href=\"https:\/\/rrb.be\/rrb\/category\/conflits-guerres\/seconde-guerre-mondiale\/\" rel=\"tag\">Seconde guerre mondiale<\/a><\/div>\n\n\n<figure class=\"wp-block-embed is-type-wp-embed is-provider-alain-schenkels wp-block-embed-alain-schenkels\"><div class=\"wp-block-embed__wrapper\">\n<blockquote class=\"wp-embedded-content\" data-secret=\"yKt6T6Nyz6\"><a href=\"https:\/\/rrb.be\/rrb\/seconde-guerre-mondiale\/\">Seconde Guerre Mondiale<\/a><\/blockquote><iframe loading=\"lazy\" class=\"wp-embedded-content\" sandbox=\"allow-scripts\" security=\"restricted\" style=\"position: absolute; visibility: hidden;\" title=\"\u00ab\u00a0Seconde Guerre Mondiale\u00a0\u00bb &#8212; Alain Schenkels\" src=\"https:\/\/rrb.be\/rrb\/seconde-guerre-mondiale\/embed\/#?secret=oKkWZMtAfX#?secret=yKt6T6Nyz6\" data-secret=\"yKt6T6Nyz6\" width=\"600\" height=\"338\" frameborder=\"0\" marginwidth=\"0\" marginheight=\"0\" scrolling=\"no\"><\/iframe>\n<\/div><\/figure>\n","protected":false},"excerpt":{"rendered":"<p>Les membres d\u2019\u00e9quipage \u00e0 bord de l\u2019USS Saratoga (porte-avions) sortent le matelot de deuxi\u00e8me classe Kenneth Bratton de la tourelle arri\u00e8re d\u2019un TBF Avenger (bombardier-torpilleur) apr\u00e8s un raid sur Rabaul le 5 novembre 1943. Cet homme \u00e9tait le radioman et mitrailleur de la tourelle ventrale. Il a \u00e9t\u00e9 bless\u00e9 par un avion japonais \u00ab&nbsp;Z\u00e9ro&nbsp;\u00bb par [&hellip;]<\/p>\n","protected":false},"author":1,"featured_media":2568,"parent":0,"menu_order":0,"comment_status":"closed","ping_status":"closed","template":"","meta":{"footnotes":""},"categories":[31,20],"tags":[],"class_list":["post-2567","page","type-page","status-publish","has-post-thumbnail","hentry","category-histoires-de-soldats-et-de-guerre","category-seconde-guerre-mondiale"],"_links":{"self":[{"href":"https:\/\/rrb.be\/rrb\/wp-json\/wp\/v2\/pages\/2567","targetHints":{"allow":["GET"]}}],"collection":[{"href":"https:\/\/rrb.be\/rrb\/wp-json\/wp\/v2\/pages"}],"about":[{"href":"https:\/\/rrb.be\/rrb\/wp-json\/wp\/v2\/types\/page"}],"author":[{"embeddable":true,"href":"https:\/\/rrb.be\/rrb\/wp-json\/wp\/v2\/users\/1"}],"replies":[{"embeddable":true,"href":"https:\/\/rrb.be\/rrb\/wp-json\/wp\/v2\/comments?post=2567"}],"version-history":[{"count":2,"href":"https:\/\/rrb.be\/rrb\/wp-json\/wp\/v2\/pages\/2567\/revisions"}],"predecessor-version":[{"id":2670,"href":"https:\/\/rrb.be\/rrb\/wp-json\/wp\/v2\/pages\/2567\/revisions\/2670"}],"wp:featuredmedia":[{"embeddable":true,"href":"https:\/\/rrb.be\/rrb\/wp-json\/wp\/v2\/media\/2568"}],"wp:attachment":[{"href":"https:\/\/rrb.be\/rrb\/wp-json\/wp\/v2\/media?parent=2567"}],"wp:term":[{"taxonomy":"category","embeddable":true,"href":"https:\/\/rrb.be\/rrb\/wp-json\/wp\/v2\/categories?post=2567"},{"taxonomy":"post_tag","embeddable":true,"href":"https:\/\/rrb.be\/rrb\/wp-json\/wp\/v2\/tags?post=2567"}],"curies":[{"name":"wp","href":"https:\/\/api.w.org\/{rel}","templated":true}]}}