{"id":2563,"date":"2025-09-03T15:37:41","date_gmt":"2025-09-03T15:37:41","guid":{"rendered":"https:\/\/rrb.be\/rrb\/?p=2563"},"modified":"2026-02-08T22:12:37","modified_gmt":"2026-02-08T22:12:37","slug":"le-lieutenant-paul-rogez-grievement-blesse-par-une-balle-dans-la-machoire-paris-25-aout-1944","status":"publish","type":"page","link":"https:\/\/rrb.be\/rrb\/le-lieutenant-paul-rogez-grievement-blesse-par-une-balle-dans-la-machoire-paris-25-aout-1944\/","title":{"rendered":"Le lieutenant Paul Rogez gri\u00e8vement bless\u00e9 par une balle dans la m\u00e2choire, Paris 25 ao\u00fbt 1944"},"content":{"rendered":"\n<p><strong>Le 25 ao\u00fbt 1944, \u00e0 Paris, le lieutenant Paul Rogez, (chef du char Sherman M4A3 105 mm n\u00b0 53 \u00ab&nbsp;Coutances&nbsp;\u00bb du 4e escadron du 12e r\u00e9giment de cuirassiers de la 2e DB), lance une attaque contre un blockhaus lourdement fortifi\u00e9 devant l\u2019\u00c9cole militaire, dans le cadre des combats de rue et des op\u00e9rations de lib\u00e9ration men\u00e9es par la R\u00e9sistance et les forces r\u00e9guli\u00e8res fran\u00e7aises.<\/strong><\/p>\n\n\n\n<p>La fum\u00e9e g\u00eanant sa visibilit\u00e9, il sort de sa tourelle pour \u00e9valuer lui-m\u00eame l\u2019efficacit\u00e9 de ses tirs et permettre \u00e0 l\u2019infanterie d\u2019avancer. \u00c0 ce moment pr\u00e9cis, une balle allemande, probablement tir\u00e9e par un tireur embusqu\u00e9, le frappe, lui brisant la m\u00e2choire (mutilation du visage par fracture de la branche horizontale gauche du maxillaire inf\u00e9rieur).<\/p>\n\n\n\n<p>Malgr\u00e9 la gravit\u00e9 de cette blessure de guerre, il survit, \u00e9chappant de peu \u00e0 la mort. Ce type de blessure cause des dommages consid\u00e9rables, mais avec des soins rapides, les soldats en r\u00e9chappent g\u00e9n\u00e9ralement. Le lieutenant Paul Rogez doit cependant subir d\u2019importantes interventions chirurgicales.<\/p>\n\n\n\n<p>Malgr\u00e9 sa blessure grave, le lieutenant Rogez a fait preuve d\u2019un courage et d\u2019une d\u00e9termination remarquables, \u00e0 l\u2019image des soldats de la 2e DB. Il n\u2019a pas h\u00e9sit\u00e9 \u00e0 se mettre en danger pour guider les tirs, ce qui a permis \u00e0 l\u2019infanterie d\u2019avancer face \u00e0 un ennemi bien retranch\u00e9.<\/p>\n\n\n\n<p>Son engagement, jusqu\u2019au bout, montre \u00e0 quel point ces hommes \u00e9taient pr\u00eats \u00e0 tout pour lib\u00e9rer Paris. Son histoire est un bel exemple de la bravoure et du sens du sacrifice qui ont permis de repousser l\u2019occupant.<\/p>\n\n\n\n<p><strong><em>Survivre \u00e0 une blessure de guerre est vraiment une question de chance. Si la balle s\u2019\u00e9tait plac\u00e9e vers son oreille, sa tempe, ou plus bas dans sa gorge, cet homme serait mort\u2026<\/em><\/strong><\/p>\n\n\n\n<p>Par Alain Schenkels<\/p>\n\n\n\n<figure data-wp-context=\"{&quot;imageId&quot;:&quot;69ea7df459b6f&quot;}\" data-wp-interactive=\"core\/image\" data-wp-key=\"69ea7df459b6f\" class=\"wp-block-image size-full is-resized wp-lightbox-container\"><img loading=\"lazy\" decoding=\"async\" width=\"412\" height=\"421\" data-wp-class--hide=\"state.isContentHidden\" data-wp-class--show=\"state.isContentVisible\" data-wp-init=\"callbacks.setButtonStyles\" data-wp-on--click=\"actions.showLightbox\" data-wp-on--load=\"callbacks.setButtonStyles\" data-wp-on-window--resize=\"callbacks.setButtonStyles\" src=\"http:\/\/rrb.be\/rrb\/wp-content\/uploads\/2026\/01\/Alain-Schenkels-rond.png\" alt=\"\" class=\"wp-image-2009\" style=\"width:225px;height:auto\" srcset=\"https:\/\/rrb.be\/rrb\/wp-content\/uploads\/2026\/01\/Alain-Schenkels-rond.png 412w, https:\/\/rrb.be\/rrb\/wp-content\/uploads\/2026\/01\/Alain-Schenkels-rond-294x300.png 294w\" sizes=\"auto, (max-width: 412px) 100vw, 412px\" \/><button\n\t\t\tclass=\"lightbox-trigger\"\n\t\t\ttype=\"button\"\n\t\t\taria-haspopup=\"dialog\"\n\t\t\taria-label=\"Enlarge\"\n\t\t\tdata-wp-init=\"callbacks.initTriggerButton\"\n\t\t\tdata-wp-on--click=\"actions.showLightbox\"\n\t\t\tdata-wp-style--right=\"state.imageButtonRight\"\n\t\t\tdata-wp-style--top=\"state.imageButtonTop\"\n\t\t>\n\t\t\t<svg xmlns=\"http:\/\/www.w3.org\/2000\/svg\" width=\"12\" height=\"12\" fill=\"none\" viewBox=\"0 0 12 12\">\n\t\t\t\t<path fill=\"#fff\" d=\"M2 0a2 2 0 0 0-2 2v2h1.5V2a.5.5 0 0 1 .5-.5h2V0H2Zm2 10.5H2a.5.5 0 0 1-.5-.5V8H0v2a2 2 0 0 0 2 2h2v-1.5ZM8 12v-1.5h2a.5.5 0 0 0 .5-.5V8H12v2a2 2 0 0 1-2 2H8Zm2-12a2 2 0 0 1 2 2v2h-1.5V2a.5.5 0 0 0-.5-.5H8V0h2Z\" \/>\n\t\t\t<\/svg>\n\t\t<\/button><\/figure>\n\n\n\n<p>Cat\u00e9gorie(s) :<\/p>\n\n\n<div class=\"taxonomy-category wp-block-post-terms\"><a href=\"https:\/\/rrb.be\/rrb\/category\/conflits-guerres\/seconde-guerre-mondiale\/histoires-de-soldats-et-de-guerre\/\" rel=\"tag\">Histoires de soldats et de guerre<\/a><span class=\"wp-block-post-terms__separator\">, <\/span><a href=\"https:\/\/rrb.be\/rrb\/category\/conflits-guerres\/seconde-guerre-mondiale\/\" rel=\"tag\">Seconde guerre mondiale<\/a><\/div>\n\n\n<figure class=\"wp-block-embed is-type-wp-embed is-provider-alain-schenkels wp-block-embed-alain-schenkels\"><div class=\"wp-block-embed__wrapper\">\n<blockquote class=\"wp-embedded-content\" data-secret=\"sX9DJoDSwA\"><a href=\"https:\/\/rrb.be\/rrb\/seconde-guerre-mondiale\/\">Seconde Guerre Mondiale<\/a><\/blockquote><iframe loading=\"lazy\" class=\"wp-embedded-content\" sandbox=\"allow-scripts\" security=\"restricted\" style=\"position: absolute; visibility: hidden;\" title=\"\u00ab\u00a0Seconde Guerre Mondiale\u00a0\u00bb &#8212; Alain Schenkels\" src=\"https:\/\/rrb.be\/rrb\/seconde-guerre-mondiale\/embed\/#?secret=e15sLutwdB#?secret=sX9DJoDSwA\" data-secret=\"sX9DJoDSwA\" width=\"600\" height=\"338\" frameborder=\"0\" marginwidth=\"0\" marginheight=\"0\" scrolling=\"no\"><\/iframe>\n<\/div><\/figure>\n","protected":false},"excerpt":{"rendered":"<p>Le 25 ao\u00fbt 1944, \u00e0 Paris, le lieutenant Paul Rogez, (chef du char Sherman M4A3 105 mm n\u00b0 53 \u00ab&nbsp;Coutances&nbsp;\u00bb du 4e escadron du 12e r\u00e9giment de cuirassiers de la 2e DB), lance une attaque contre un blockhaus lourdement fortifi\u00e9 devant l\u2019\u00c9cole militaire, dans le cadre des combats de rue et des op\u00e9rations de lib\u00e9ration [&hellip;]<\/p>\n","protected":false},"author":1,"featured_media":2564,"parent":0,"menu_order":0,"comment_status":"closed","ping_status":"open","template":"","meta":{"footnotes":""},"categories":[31,20],"tags":[],"class_list":["post-2563","page","type-page","status-publish","has-post-thumbnail","hentry","category-histoires-de-soldats-et-de-guerre","category-seconde-guerre-mondiale"],"_links":{"self":[{"href":"https:\/\/rrb.be\/rrb\/wp-json\/wp\/v2\/pages\/2563","targetHints":{"allow":["GET"]}}],"collection":[{"href":"https:\/\/rrb.be\/rrb\/wp-json\/wp\/v2\/pages"}],"about":[{"href":"https:\/\/rrb.be\/rrb\/wp-json\/wp\/v2\/types\/page"}],"author":[{"embeddable":true,"href":"https:\/\/rrb.be\/rrb\/wp-json\/wp\/v2\/users\/1"}],"replies":[{"embeddable":true,"href":"https:\/\/rrb.be\/rrb\/wp-json\/wp\/v2\/comments?post=2563"}],"version-history":[{"count":2,"href":"https:\/\/rrb.be\/rrb\/wp-json\/wp\/v2\/pages\/2563\/revisions"}],"predecessor-version":[{"id":2665,"href":"https:\/\/rrb.be\/rrb\/wp-json\/wp\/v2\/pages\/2563\/revisions\/2665"}],"wp:featuredmedia":[{"embeddable":true,"href":"https:\/\/rrb.be\/rrb\/wp-json\/wp\/v2\/media\/2564"}],"wp:attachment":[{"href":"https:\/\/rrb.be\/rrb\/wp-json\/wp\/v2\/media?parent=2563"}],"wp:term":[{"taxonomy":"category","embeddable":true,"href":"https:\/\/rrb.be\/rrb\/wp-json\/wp\/v2\/categories?post=2563"},{"taxonomy":"post_tag","embeddable":true,"href":"https:\/\/rrb.be\/rrb\/wp-json\/wp\/v2\/tags?post=2563"}],"curies":[{"name":"wp","href":"https:\/\/api.w.org\/{rel}","templated":true}]}}