{"id":2554,"date":"2025-10-08T15:28:00","date_gmt":"2025-10-08T15:28:00","guid":{"rendered":"https:\/\/rrb.be\/rrb\/?page_id=2554"},"modified":"2026-02-08T22:11:27","modified_gmt":"2026-02-08T22:11:27","slug":"jacob-nacken-le-plus-grand-homme-du-monde-enrole-dans-la-wehrmacht","status":"publish","type":"page","link":"https:\/\/rrb.be\/rrb\/jacob-nacken-le-plus-grand-homme-du-monde-enrole-dans-la-wehrmacht\/","title":{"rendered":"Jacob NACKEN, le plus grand homme du monde enr\u00f4l\u00e9 dans la Wehrmacht"},"content":{"rendered":"\n<p><strong>Enr\u00f4l\u00e9 \u00ab&nbsp;de force&nbsp;\u00bb dans l\u2019arm\u00e9e Allemande (sa femme est belge) et avec la particularit\u00e9 qui est la sienne, cette page lui est consacr\u00e9e. Un peu d\u2019humour avec cet homme g\u00e9ant dans cette guerre meurtri\u00e8re.<\/strong><\/p>\n\n\n\n<ul class=\"wp-block-list\">\n<li>N\u00e9 le 15 f\u00e9vrier 1906 (jeudi) \u2013 D\u00fcsseldorf, Nordrhein-Westfalen, Allemagne<\/li>\n\n\n\n<li>D\u00e9c\u00e9d\u00e9 le 29 mars 1987 (dimanche) en Italie, \u00e0 l\u2019\u00e2ge de 81 ans<\/li>\n\n\n\n<li>Soldat Allemand r\u00e9giment d\u2019Artillerie<\/li>\n\n\n\n<li>Profession (civil) : Acrobate de cirque<\/li>\n<\/ul>\n\n\n\n<h2 class=\"wp-block-heading\">Mariage<\/h2>\n\n\n\n<ul class=\"wp-block-list\">\n<li>le 10 ao\u00fbt 1927 (mercredi) \u00e0 Bruxelles avec une Maria de nationalit\u00e9 belge<\/li>\n<\/ul>\n\n\n\n<p>Propos\u00e9 par Ga\u00ebtan O\u2019Keffe, dates et informations mariage avec l\u2019aide de Alain Schenkels, g\u00e9n\u00e9alogiste amateur.<\/p>\n\n\n\n<h2 class=\"wp-block-heading\">Informations<\/h2>\n\n\n\n<p>Avant la guerre, Jakob NACKEN \u00e9tait acrobate dans un cirque ambulant \u00e0 New York, donc aux \u00c9tats-Unis. Lorsque la guerre s\u2019annonce, Jakob, de nationalit\u00e9 Allemande, n\u2019est plus le bienvenu aux \u00c9tats-Unis et ne s\u2019y sent plus en s\u00e9curit\u00e9. Craignant d\u2019\u00eatre arr\u00eat\u00e9, il retourne vivre en Allemagne avec sa femme.<\/p>\n\n\n\n<p>La guerre \u00e9clate, en 1940 il est enr\u00f4l\u00e9 dans la Wehrmacht. Sa femme \u00e9tant belge, il ne veut pas prendre part aux combats, mais l\u2019arm\u00e9e Allemande ne lui laisse pas le choix. Il est donc enr\u00f4l\u00e9 comme soldat artilleur.<\/p>\n\n\n\n<p>Il remplit son r\u00f4le de soldat et c\u2019est tout naturellement qu\u2019il se bat durant quatre ans contre les Alli\u00e9s. Le 26 septembre 1944, alors \u00e2g\u00e9 de 38 ans, il est fait prisonnier \u00e0 Calais par le caporal canadien Eldon \u00ab Bob \u00bb Roberts, qui commande un groupe de sept hommes. Deux cent cinquante autres nazis sont captur\u00e9s ce jour-l\u00e0 par ce petit groupe, une belle victoire pour les Alli\u00e9s. Jakob est prisonnier de guerre, mais il est vivant.<\/p>\n\n\n\n<p><strong>Cette banale histoire de soldat n\u2019aurait aucun int\u00e9r\u00eat sans la particularit\u00e9 de cet homme.<\/strong><br>Jakob Nacken \u00e9tait r\u00e9put\u00e9 avant-guerre pour \u00eatre le plus grand homme de la terre avec ses 2,21 m\u00e8tres. La photo prise avec le soldat JW Butler qui le fouille (ent\u00eate\u00e0 fait le tour du monde. Une autre photo ci-dessous est publi\u00e9e alors qu\u2019il discute avec Eddie Worth (1,70 m\u00e8tre), photographe pour l\u2019AP.<\/p>\n\n\n\n<figure class=\"wp-block-image size-full\"><img loading=\"lazy\" decoding=\"async\" width=\"228\" height=\"320\" src=\"https:\/\/rrb.be\/rrb\/wp-content\/uploads\/2026\/02\/Jacob-NACKEN-le-plus-grand-homme-du-monde-enrole-dans-la-Wehrmacht-2.jpg\" alt=\"\" class=\"wp-image-2556\" srcset=\"https:\/\/rrb.be\/rrb\/wp-content\/uploads\/2026\/02\/Jacob-NACKEN-le-plus-grand-homme-du-monde-enrole-dans-la-Wehrmacht-2.jpg 228w, https:\/\/rrb.be\/rrb\/wp-content\/uploads\/2026\/02\/Jacob-NACKEN-le-plus-grand-homme-du-monde-enrole-dans-la-Wehrmacht-2-214x300.jpg 214w\" sizes=\"auto, (max-width: 228px) 100vw, 228px\" \/><\/figure>\n\n\n\n<p><strong>Jakob NACKEN et les autres soldats sont emmen\u00e9s en Angleterre comme prisonniers et y restent jusqu\u2019\u00e0 la fin de la guerre.<\/strong><\/p>\n\n\n\n<p>En ao\u00fbt 1949, les journaux annoncent que Jakob Nacken et sa femme retournent aux \u00c9tats-Unis. Jakob souhaite quitter l\u2019Allemagne d\u2019apr\u00e8s-guerre. La s\u0153ur de Nacken, qui vivait d\u00e9j\u00e0 aux \u00c9tats-Unis, a pr\u00e9par\u00e9 un logement pour lui et sa femme \u00e0 Paterson, New Jersey. Jakob et sa femme ont \u00e9migr\u00e9 aux \u00c9tats-Unis \u00e0 bord du SS Atlantic depuis G\u00eanes, en Italie, et sont arriv\u00e9s dans le port de New York le 6 d\u00e9cembre 1950.<\/p>\n\n\n\n<p>Le 16 d\u00e9cembre 1955 est une date cl\u00e9 dans la vie de Jakob, puisqu\u2019il est officiellement naturalis\u00e9 citoyen Am\u00e9ricain.<\/p>\n\n\n\n<p>Jakob \u00e0 17 ans :<\/p>\n\n\n\n<figure class=\"wp-block-image size-full is-resized\"><img loading=\"lazy\" decoding=\"async\" width=\"203\" height=\"320\" src=\"https:\/\/rrb.be\/rrb\/wp-content\/uploads\/2026\/02\/Jacob-NACKEN-le-plus-grand-homme-du-monde-enrole-dans-la-Wehrmacht-3.jpg\" alt=\"\" class=\"wp-image-2557\" style=\"width:341px;height:auto\" srcset=\"https:\/\/rrb.be\/rrb\/wp-content\/uploads\/2026\/02\/Jacob-NACKEN-le-plus-grand-homme-du-monde-enrole-dans-la-Wehrmacht-3.jpg 203w, https:\/\/rrb.be\/rrb\/wp-content\/uploads\/2026\/02\/Jacob-NACKEN-le-plus-grand-homme-du-monde-enrole-dans-la-Wehrmacht-3-190x300.jpg 190w\" sizes=\"auto, (max-width: 203px) 100vw, 203px\" \/><\/figure>\n\n\n\n<p>Aux c\u00f4t\u00e9s de tous ces r\u00e9cits de soldats, souvent morts \u00e0 la guerre, il est r\u00e9confortant de raconter l\u2019histoire de cet homme, qui n\u2019\u00e9tait pas un nazi convaincu, mais un ennemi malgr\u00e9 lui, ayant eu la chance de survivre.<\/p>\n\n\n\n<p>J\u2019ignore tout de son parcours militaire pendant la guerre, il \u00e9tait soldat allemand, il a probablement tir\u00e9 des tirs d\u2019artillerie sur les Alli\u00e9s, c\u2019\u00e9tait la guerre, il devait se d\u00e9fendre et accomplir son devoir de soldat. <\/p>\n\n\n\n<p><strong>Je ne vais pas le glorifier pour ces faits en tant que soldat ennemi, mais ce n\u2019est pas le sujet de cet article, qui se veut bien plus l\u00e9ger.<\/strong><\/p>\n\n\n\n<p>Par Alain Schenkels<\/p>\n\n\n\n<figure data-wp-context=\"{&quot;imageId&quot;:&quot;69ea7df42e125&quot;}\" data-wp-interactive=\"core\/image\" data-wp-key=\"69ea7df42e125\" class=\"wp-block-image size-full is-resized wp-lightbox-container\"><img loading=\"lazy\" decoding=\"async\" width=\"412\" height=\"421\" data-wp-class--hide=\"state.isContentHidden\" data-wp-class--show=\"state.isContentVisible\" data-wp-init=\"callbacks.setButtonStyles\" data-wp-on--click=\"actions.showLightbox\" data-wp-on--load=\"callbacks.setButtonStyles\" data-wp-on-window--resize=\"callbacks.setButtonStyles\" src=\"http:\/\/rrb.be\/rrb\/wp-content\/uploads\/2026\/01\/Alain-Schenkels-rond.png\" alt=\"\" class=\"wp-image-2009\" style=\"width:190px;height:auto\" srcset=\"https:\/\/rrb.be\/rrb\/wp-content\/uploads\/2026\/01\/Alain-Schenkels-rond.png 412w, https:\/\/rrb.be\/rrb\/wp-content\/uploads\/2026\/01\/Alain-Schenkels-rond-294x300.png 294w\" sizes=\"auto, (max-width: 412px) 100vw, 412px\" \/><button\n\t\t\tclass=\"lightbox-trigger\"\n\t\t\ttype=\"button\"\n\t\t\taria-haspopup=\"dialog\"\n\t\t\taria-label=\"Enlarge\"\n\t\t\tdata-wp-init=\"callbacks.initTriggerButton\"\n\t\t\tdata-wp-on--click=\"actions.showLightbox\"\n\t\t\tdata-wp-style--right=\"state.imageButtonRight\"\n\t\t\tdata-wp-style--top=\"state.imageButtonTop\"\n\t\t>\n\t\t\t<svg xmlns=\"http:\/\/www.w3.org\/2000\/svg\" width=\"12\" height=\"12\" fill=\"none\" viewBox=\"0 0 12 12\">\n\t\t\t\t<path fill=\"#fff\" d=\"M2 0a2 2 0 0 0-2 2v2h1.5V2a.5.5 0 0 1 .5-.5h2V0H2Zm2 10.5H2a.5.5 0 0 1-.5-.5V8H0v2a2 2 0 0 0 2 2h2v-1.5ZM8 12v-1.5h2a.5.5 0 0 0 .5-.5V8H12v2a2 2 0 0 1-2 2H8Zm2-12a2 2 0 0 1 2 2v2h-1.5V2a.5.5 0 0 0-.5-.5H8V0h2Z\" \/>\n\t\t\t<\/svg>\n\t\t<\/button><\/figure>\n\n\n\n<p>Cat\u00e9gorie(s) :<\/p>\n\n\n<div class=\"taxonomy-category wp-block-post-terms\"><a href=\"https:\/\/rrb.be\/rrb\/category\/culture\/\" rel=\"tag\">Culture<\/a><span class=\"wp-block-post-terms__separator\">, <\/span><a href=\"https:\/\/rrb.be\/rrb\/category\/conflits-guerres\/seconde-guerre-mondiale\/histoires-de-soldats-et-de-guerre\/\" rel=\"tag\">Histoires de soldats et de guerre<\/a><span class=\"wp-block-post-terms__separator\">, <\/span><a href=\"https:\/\/rrb.be\/rrb\/category\/conflits-guerres\/seconde-guerre-mondiale\/\" rel=\"tag\">Seconde guerre mondiale<\/a><span class=\"wp-block-post-terms__separator\">, <\/span><a href=\"https:\/\/rrb.be\/rrb\/category\/conflits-guerres\/seconde-guerre-mondiale\/soldats-ennemis-de-laxe\/\" rel=\"tag\">Soldats ennemis de l&rsquo;Axe<\/a><\/div>\n\n\n<figure class=\"wp-block-embed is-type-wp-embed is-provider-alain-schenkels wp-block-embed-alain-schenkels\"><div class=\"wp-block-embed__wrapper\">\n<blockquote class=\"wp-embedded-content\" data-secret=\"Mo4wgwr8zr\"><a href=\"https:\/\/rrb.be\/rrb\/seconde-guerre-mondiale\/\">Seconde Guerre Mondiale<\/a><\/blockquote><iframe loading=\"lazy\" class=\"wp-embedded-content\" sandbox=\"allow-scripts\" security=\"restricted\" style=\"position: absolute; visibility: hidden;\" title=\"\u00ab\u00a0Seconde Guerre Mondiale\u00a0\u00bb &#8212; Alain Schenkels\" src=\"https:\/\/rrb.be\/rrb\/seconde-guerre-mondiale\/embed\/#?secret=O5ZOlVpTV6#?secret=Mo4wgwr8zr\" data-secret=\"Mo4wgwr8zr\" width=\"600\" height=\"338\" frameborder=\"0\" marginwidth=\"0\" marginheight=\"0\" scrolling=\"no\"><\/iframe>\n<\/div><\/figure>\n","protected":false},"excerpt":{"rendered":"<p>Enr\u00f4l\u00e9 \u00ab&nbsp;de force&nbsp;\u00bb dans l\u2019arm\u00e9e Allemande (sa femme est belge) et avec la particularit\u00e9 qui est la sienne, cette page lui est consacr\u00e9e. Un peu d\u2019humour avec cet homme g\u00e9ant dans cette guerre meurtri\u00e8re. Mariage Propos\u00e9 par Ga\u00ebtan O\u2019Keffe, dates et informations mariage avec l\u2019aide de Alain Schenkels, g\u00e9n\u00e9alogiste amateur. Informations Avant la guerre, Jakob [&hellip;]<\/p>\n","protected":false},"author":1,"featured_media":2555,"parent":0,"menu_order":0,"comment_status":"closed","ping_status":"closed","template":"","meta":{"footnotes":""},"categories":[15,31,20,32],"tags":[],"class_list":["post-2554","page","type-page","status-publish","has-post-thumbnail","hentry","category-culture","category-histoires-de-soldats-et-de-guerre","category-seconde-guerre-mondiale","category-soldats-ennemis-de-laxe"],"_links":{"self":[{"href":"https:\/\/rrb.be\/rrb\/wp-json\/wp\/v2\/pages\/2554","targetHints":{"allow":["GET"]}}],"collection":[{"href":"https:\/\/rrb.be\/rrb\/wp-json\/wp\/v2\/pages"}],"about":[{"href":"https:\/\/rrb.be\/rrb\/wp-json\/wp\/v2\/types\/page"}],"author":[{"embeddable":true,"href":"https:\/\/rrb.be\/rrb\/wp-json\/wp\/v2\/users\/1"}],"replies":[{"embeddable":true,"href":"https:\/\/rrb.be\/rrb\/wp-json\/wp\/v2\/comments?post=2554"}],"version-history":[{"count":4,"href":"https:\/\/rrb.be\/rrb\/wp-json\/wp\/v2\/pages\/2554\/revisions"}],"predecessor-version":[{"id":2661,"href":"https:\/\/rrb.be\/rrb\/wp-json\/wp\/v2\/pages\/2554\/revisions\/2661"}],"wp:featuredmedia":[{"embeddable":true,"href":"https:\/\/rrb.be\/rrb\/wp-json\/wp\/v2\/media\/2555"}],"wp:attachment":[{"href":"https:\/\/rrb.be\/rrb\/wp-json\/wp\/v2\/media?parent=2554"}],"wp:term":[{"taxonomy":"category","embeddable":true,"href":"https:\/\/rrb.be\/rrb\/wp-json\/wp\/v2\/categories?post=2554"},{"taxonomy":"post_tag","embeddable":true,"href":"https:\/\/rrb.be\/rrb\/wp-json\/wp\/v2\/tags?post=2554"}],"curies":[{"name":"wp","href":"https:\/\/api.w.org\/{rel}","templated":true}]}}