{"id":2549,"date":"2025-07-10T15:21:41","date_gmt":"2025-07-10T15:21:41","guid":{"rendered":"https:\/\/rrb.be\/rrb\/?page_id=2549"},"modified":"2026-02-08T22:13:12","modified_gmt":"2026-02-08T22:13:12","slug":"grievement-blesse-le-sergent-chef-george-peterson-elimine-11-allemands-avant-de-mourir-a-lage-de-32-ans","status":"publish","type":"page","link":"https:\/\/rrb.be\/rrb\/grievement-blesse-le-sergent-chef-george-peterson-elimine-11-allemands-avant-de-mourir-a-lage-de-32-ans\/","title":{"rendered":"Gri\u00e8vement bless\u00e9,\u00a0le sergent-chef George Peterson \u00e9limine 11 allemands avant de mourir, \u00e0 l\u2019\u00e2ge de 32 ans"},"content":{"rendered":"\n<p><strong>Le sergent-chef (S\/SGT) George Peterson n\u00e9 le 28 mai 1912 \u00e0 Brooklyn, New York, s&rsquo;est enr\u00f4l\u00e9 dans l&rsquo;arm\u00e9e am\u00e9ricaine en 1933. Seconde guerre mondiale, il est tu\u00e9 au combat en Allemagne le 30 mars 1945 pr\u00e8s d\u2019Eisern, alors qu\u2019il servait au sein de la compagnie K, 18e r\u00e9giment d\u2019infanterie, 1re division d\u2019infanterie, il avait 32 ans\u2026<\/strong><\/p>\n\n\n\n<h2 class=\"wp-block-heading\">La citation de la M\u00e9daille d\u2019honneur de Peterson se lit comme suit:<\/h2>\n\n\n\n<p>\u00ab Il \u00e9tait sergent de section par int\u00e9rim au sein de la compagnie K, pr\u00e8s d\u2019Eisern, en Allemagne. Lorsque sa compagnie a rencontr\u00e9 un bataillon ennemi et a essuy\u00e9 des tirs nourris d\u2019armes l\u00e9g\u00e8res, de mitrailleuses et de mortiers, la 2e section a re\u00e7u pour mission de flanquer les positions ennemies tandis que les unit\u00e9s restantes attaquaient de front.<\/p>\n\n\n\n<p>Le sergent-chef Peterson a ramp\u00e9 et s\u2019est tra\u00een\u00e9 jusqu\u2019\u00e0 une position en t\u00eate et a fait signe \u00e0 la 2e section de le suivre. Un obus de mortier est tomb\u00e9 \u00e0 proximit\u00e9 et l\u2019a gri\u00e8vement bless\u00e9 aux jambes, mais, bien qu\u2019il saign\u00e2t et souffr\u00eet de douleurs intenses, il a refus\u00e9 de se retirer et a continu\u00e9 d\u2019avancer.<\/p>\n\n\n\n<p>Deux mitrailleuses ennemies sont entr\u00e9es en action \u00e0 courte port\u00e9e. Bravant ces tirs rasants, il a ramp\u00e9 r\u00e9guli\u00e8rement vers les armes et s\u2019est fray\u00e9 un chemin seul jusqu\u2019\u00e0 un foss\u00e9 peu profond o\u00f9, malgr\u00e9 la pluie de balles, il s\u2019est mis \u00e0 genoux et a lanc\u00e9 une grenade dans le nid de mitrailleuse le plus proche, r\u00e9duisant l\u2019arme au silence et tuant les 4 Allemands.<\/p>\n\n\n\n<p>La deuxi\u00e8me arme a imm\u00e9diatement \u00e9t\u00e9 tourn\u00e9e vers lui, mais il a calmement et d\u00e9lib\u00e9r\u00e9ment lanc\u00e9 une deuxi\u00e8me grenade qui a secou\u00e9 la position et tu\u00e9 les 4 autres soldats Allemands qui l\u2019occupaient. Alors qu\u2019il continuait d\u2019avancer, il a \u00e9t\u00e9 rep\u00e9r\u00e9 par un fusilier ennemi, qui lui a tir\u00e9 une balle dans le bras. In\u00e9branlable, il a ramp\u00e9 sur une vingtaine de m\u00e8tres jusqu\u2019\u00e0 ce qu\u2019une troisi\u00e8me mitrailleuse ouvre le feu sur lui.<\/p>\n\n\n\n<p>Par un effort presque surhumain, affaibli par la perte de sang et souffrant de grandes douleurs, il s\u2019est de nouveau mis \u00e0 genoux et a tir\u00e9 une grenade avec son fusil, tuant 3 Allemands suppl\u00e9mentaires et for\u00e7ant le dernier \u00e0 fuir. Le premier objectif \u00e9tant atteint, il est soign\u00e9 par le secouriste de la compagnie lorsqu\u2019il observe l\u2019un de ses hommes de poste avanc\u00e9 gri\u00e8vement bless\u00e9 par une explosion de mortier. Il s\u2019est arrach\u00e9 des mains du secouriste et a commenc\u00e9 \u00e0 ramper pour aider son camarade, qu\u2019il avait presque atteint lorsqu\u2019il a \u00e9t\u00e9 tu\u00e9 par une balle ennemie.<\/p>\n\n\n\n<p>Le sergent-chef Peterson, par ses actions courageuses et intr\u00e9pides, son esprit combatif implacable et son initiative remarquable, a r\u00e9duit au silence 3 mitrailleuses ennemies et abattu 11 Allemands alors qu\u2019il souffrait de graves blessures, permettant \u00e0 sa compagnie d\u2019avancer avec un minimum de pertes. \u00bb<\/p>\n\n\n\n<p>Par Alain Schenkels<\/p>\n\n\n\n<figure data-wp-context=\"{&quot;imageId&quot;:&quot;69ea7df4cadd5&quot;}\" data-wp-interactive=\"core\/image\" data-wp-key=\"69ea7df4cadd5\" class=\"wp-block-image size-full is-resized wp-lightbox-container\"><img loading=\"lazy\" decoding=\"async\" width=\"412\" height=\"421\" data-wp-class--hide=\"state.isContentHidden\" data-wp-class--show=\"state.isContentVisible\" data-wp-init=\"callbacks.setButtonStyles\" data-wp-on--click=\"actions.showLightbox\" data-wp-on--load=\"callbacks.setButtonStyles\" data-wp-on-window--resize=\"callbacks.setButtonStyles\" src=\"http:\/\/rrb.be\/rrb\/wp-content\/uploads\/2026\/01\/Alain-Schenkels-rond.png\" alt=\"\" class=\"wp-image-2009\" style=\"width:221px;height:auto\" srcset=\"https:\/\/rrb.be\/rrb\/wp-content\/uploads\/2026\/01\/Alain-Schenkels-rond.png 412w, https:\/\/rrb.be\/rrb\/wp-content\/uploads\/2026\/01\/Alain-Schenkels-rond-294x300.png 294w\" sizes=\"auto, (max-width: 412px) 100vw, 412px\" \/><button\n\t\t\tclass=\"lightbox-trigger\"\n\t\t\ttype=\"button\"\n\t\t\taria-haspopup=\"dialog\"\n\t\t\taria-label=\"Enlarge\"\n\t\t\tdata-wp-init=\"callbacks.initTriggerButton\"\n\t\t\tdata-wp-on--click=\"actions.showLightbox\"\n\t\t\tdata-wp-style--right=\"state.imageButtonRight\"\n\t\t\tdata-wp-style--top=\"state.imageButtonTop\"\n\t\t>\n\t\t\t<svg xmlns=\"http:\/\/www.w3.org\/2000\/svg\" width=\"12\" height=\"12\" fill=\"none\" viewBox=\"0 0 12 12\">\n\t\t\t\t<path fill=\"#fff\" d=\"M2 0a2 2 0 0 0-2 2v2h1.5V2a.5.5 0 0 1 .5-.5h2V0H2Zm2 10.5H2a.5.5 0 0 1-.5-.5V8H0v2a2 2 0 0 0 2 2h2v-1.5ZM8 12v-1.5h2a.5.5 0 0 0 .5-.5V8H12v2a2 2 0 0 1-2 2H8Zm2-12a2 2 0 0 1 2 2v2h-1.5V2a.5.5 0 0 0-.5-.5H8V0h2Z\" \/>\n\t\t\t<\/svg>\n\t\t<\/button><\/figure>\n\n\n\n<p>Cat\u00e9gorie(s) :<\/p>\n\n\n<div class=\"taxonomy-category wp-block-post-terms\"><a href=\"https:\/\/rrb.be\/rrb\/category\/conflits-guerres\/seconde-guerre-mondiale\/histoires-de-soldats-et-de-guerre\/\" rel=\"tag\">Histoires de soldats et de guerre<\/a><span class=\"wp-block-post-terms__separator\">, <\/span><a href=\"https:\/\/rrb.be\/rrb\/category\/conflits-guerres\/seconde-guerre-mondiale\/\" rel=\"tag\">Seconde guerre mondiale<\/a><span class=\"wp-block-post-terms__separator\">, <\/span><a href=\"https:\/\/rrb.be\/rrb\/category\/conflits-guerres\/seconde-guerre-mondiale\/soldats-allies-tues-a-lennemi\/\" rel=\"tag\">Soldats Alli\u00e9s tu\u00e9s \u00e0 l&rsquo;ennemi<\/a><\/div>\n\n\n<figure class=\"wp-block-embed is-type-wp-embed is-provider-alain-schenkels wp-block-embed-alain-schenkels\"><div class=\"wp-block-embed__wrapper\">\n<blockquote class=\"wp-embedded-content\" data-secret=\"Nfqt7p0AII\"><a href=\"https:\/\/rrb.be\/rrb\/seconde-guerre-mondiale\/\">Seconde Guerre Mondiale<\/a><\/blockquote><iframe loading=\"lazy\" class=\"wp-embedded-content\" sandbox=\"allow-scripts\" security=\"restricted\" style=\"position: absolute; visibility: hidden;\" title=\"\u00ab\u00a0Seconde Guerre Mondiale\u00a0\u00bb &#8212; Alain Schenkels\" src=\"https:\/\/rrb.be\/rrb\/seconde-guerre-mondiale\/embed\/#?secret=4jf76JgNfe#?secret=Nfqt7p0AII\" data-secret=\"Nfqt7p0AII\" width=\"600\" height=\"338\" frameborder=\"0\" marginwidth=\"0\" marginheight=\"0\" scrolling=\"no\"><\/iframe>\n<\/div><\/figure>\n","protected":false},"excerpt":{"rendered":"<p>Le sergent-chef (S\/SGT) George Peterson n\u00e9 le 28 mai 1912 \u00e0 Brooklyn, New York, s&rsquo;est enr\u00f4l\u00e9 dans l&rsquo;arm\u00e9e am\u00e9ricaine en 1933. Seconde guerre mondiale, il est tu\u00e9 au combat en Allemagne le 30 mars 1945 pr\u00e8s d\u2019Eisern, alors qu\u2019il servait au sein de la compagnie K, 18e r\u00e9giment d\u2019infanterie, 1re division d\u2019infanterie, il avait 32 [&hellip;]<\/p>\n","protected":false},"author":1,"featured_media":2551,"parent":0,"menu_order":0,"comment_status":"closed","ping_status":"closed","template":"","meta":{"footnotes":""},"categories":[31,20,30],"tags":[],"class_list":["post-2549","page","type-page","status-publish","has-post-thumbnail","hentry","category-histoires-de-soldats-et-de-guerre","category-seconde-guerre-mondiale","category-soldats-allies-tues-a-lennemi"],"_links":{"self":[{"href":"https:\/\/rrb.be\/rrb\/wp-json\/wp\/v2\/pages\/2549","targetHints":{"allow":["GET"]}}],"collection":[{"href":"https:\/\/rrb.be\/rrb\/wp-json\/wp\/v2\/pages"}],"about":[{"href":"https:\/\/rrb.be\/rrb\/wp-json\/wp\/v2\/types\/page"}],"author":[{"embeddable":true,"href":"https:\/\/rrb.be\/rrb\/wp-json\/wp\/v2\/users\/1"}],"replies":[{"embeddable":true,"href":"https:\/\/rrb.be\/rrb\/wp-json\/wp\/v2\/comments?post=2549"}],"version-history":[{"count":2,"href":"https:\/\/rrb.be\/rrb\/wp-json\/wp\/v2\/pages\/2549\/revisions"}],"predecessor-version":[{"id":2667,"href":"https:\/\/rrb.be\/rrb\/wp-json\/wp\/v2\/pages\/2549\/revisions\/2667"}],"wp:featuredmedia":[{"embeddable":true,"href":"https:\/\/rrb.be\/rrb\/wp-json\/wp\/v2\/media\/2551"}],"wp:attachment":[{"href":"https:\/\/rrb.be\/rrb\/wp-json\/wp\/v2\/media?parent=2549"}],"wp:term":[{"taxonomy":"category","embeddable":true,"href":"https:\/\/rrb.be\/rrb\/wp-json\/wp\/v2\/categories?post=2549"},{"taxonomy":"post_tag","embeddable":true,"href":"https:\/\/rrb.be\/rrb\/wp-json\/wp\/v2\/tags?post=2549"}],"curies":[{"name":"wp","href":"https:\/\/api.w.org\/{rel}","templated":true}]}}