{"id":2545,"date":"2025-06-08T15:16:00","date_gmt":"2025-06-08T15:16:00","guid":{"rendered":"https:\/\/rrb.be\/rrb\/?page_id=2545"},"modified":"2026-02-08T22:13:45","modified_gmt":"2026-02-08T22:13:45","slug":"general-de-division-americain-maurice-rose-tue-au-combat-en-allemagne-le-30-mars-1945-a-lage-de-49-ans","status":"publish","type":"page","link":"https:\/\/rrb.be\/rrb\/general-de-division-americain-maurice-rose-tue-au-combat-en-allemagne-le-30-mars-1945-a-lage-de-49-ans\/","title":{"rendered":"G\u00e9n\u00e9ral de division Am\u00e9ricain Maurice Rose, tu\u00e9 au combat en Allemagne le 30 mars 1945 \u00e0 l\u2019\u00e2ge de 49 ans"},"content":{"rendered":"\n<p><strong>Maurice Rose est n\u00e9 le 26 novembre 1895 \u00e0 Middletown, Connecticut et \u00e0 \u00e9t\u00e9 tu\u00e9 le 30 mars 1945 \u00e0 Paderborn en Allemagne \u00e0 49 ans. Il \u00e9tait le fils de de Rabbi Samuel et Katherine \u00abKaty\u00bb Rose.<\/strong><\/p>\n\n\n\n<p>Il s\u2019est engag\u00e9 dans l\u2019arm\u00e9e en 1917 et \u00e9tait un officier de carri\u00e8re dans l\u2019arm\u00e9e am\u00e9ricaine qui a gravi les \u00e9chelons. Rose commandait la 3e division blind\u00e9e lorsqu\u2019il a \u00e9t\u00e9 tu\u00e9 au combat, devenant ainsi l\u2019officier am\u00e9ricain de plus haut rang tu\u00e9 par le feu ennemi en Europe pendant la Seconde Guerre mondiale.<\/p>\n\n\n\n<p>Le 30 mars 1945, Rose se d\u00e9pla\u00e7ait avec des membres de son \u00e9tat-major avec une colonne de la 3e division blind\u00e9e au sud de Paderborn. Apr\u00e8s avoir re\u00e7u des informations selon lesquelles des unit\u00e9s \u00e9taient coup\u00e9es, ils ont fait demi-tour pour enqu\u00eater et ont soudainement \u00e9t\u00e9 pris sous le feu ennemi.<\/p>\n\n\n\n<p>Rose et son \u00e9tat-major ont saut\u00e9 dans un foss\u00e9 voisin lorsque le char en t\u00eate de leur colonne a \u00e9t\u00e9 touch\u00e9 de plein fouet. R\u00e9alisant qu\u2019ils \u00e9taient sur le point d\u2019\u00eatre encercl\u00e9s par des chars allemands, ils sont remont\u00e9s dans leurs v\u00e9hicules et ont travers\u00e9 un champ voisin.<\/p>\n\n\n\n<p>Le conducteur de la jeep de t\u00eate du groupe de Rose a acc\u00e9l\u00e9r\u00e9 et a r\u00e9ussi de justesse \u00e0 d\u00e9passer les chars allemands qui bloquaient leur sortie. Le conducteur de la jeep de Rose a tent\u00e9 la m\u00eame man\u0153uvre, mais un des chars allemands les a coup\u00e9s. Rose et les autres passagers ont mis pied \u00e0 terre, et le commandant du char allemand a ouvert sa trappe et a ouvert le feu avec un pistolet mitrailleur.<\/p>\n\n\n\n<p>Rose a \u00e9t\u00e9 touch\u00e9 de 14 balles alors qu\u2019il tentait de saisir son pistolet. Les autres passagers de la jeep se sont enfuis dans les bois, se sont cach\u00e9s pendant la nuit et ont rejoint les unit\u00e9s am\u00e9ricaines le lendemain matin. Ils sont revenus plus tard pour r\u00e9cup\u00e9rer le corps de Rose et les documents qu\u2019il transportait.<\/p>\n\n\n\n<p>Les enqu\u00eateurs ont examin\u00e9 les circonstances de la mort de Rose et ont conclu que l\u2019\u00e9quipage du char allemand pensait probablement que Rose avait l\u2019intention de se battre et qu\u2019il n\u2019avait aucune id\u00e9e qu\u2019ils avaient tu\u00e9 un commandant de haut rang, car les documents sensibles qu\u2019il transportait n\u2019ont pas \u00e9t\u00e9 r\u00e9cup\u00e9r\u00e9 par les allemands.<\/p>\n\n\n\n<p>Rose est enterr\u00e9 au cimeti\u00e8re et m\u00e9morial am\u00e9ricain des Pays-Bas \u00e0 Limbourg, aux Pays-Bas.<\/p>\n\n\n\n<p><strong>Ses r\u00e9compenses comprenaient :<\/strong><br>La Croix du Service Distingu\u00e9, la M\u00e9daille du Service Distingu\u00e9, l\u2019\u00c9toile d\u2019Argent (2), la L\u00e9gion du M\u00e9rite (2), le C\u0153ur Pourpre (2), la M\u00e9daille de l\u2019\u00c9toile de Bronze (2), la L\u00e9gion d\u2019Honneur et la Croix de Guerre fran\u00e7aises, et la Croix de Guerre belge.<\/p>\n\n\n\n<p>Rose a \u00e9t\u00e9 mari\u00e9 deux fois et a eu deux fils :<br>\u2013 Maurice \u00ab Mike \u00bb Rose (1925-2010), un officier de carri\u00e8re dans le Corps des Marines des \u00c9tats-Unis qui a atteint le grade de colonel et \u00e9tait un v\u00e9t\u00e9ran de la Seconde Guerre mondiale, de la guerre de Cor\u00e9e et de la guerre du Vietnam.<br>\u2013 Maurice Roderick \u00ab Reece \u00bb Rose (1941-2020), qui a pass\u00e9 sa carri\u00e8re dans les forces de l\u2019ordre, notamment en tant que chef de la police de l\u2019a\u00e9roport international de San Antonio.<\/p>\n\n\n\n<p>Par Alain Schenkels<\/p>\n\n\n\n<figure data-wp-context=\"{&quot;imageId&quot;:&quot;69ea7ddfc5ce8&quot;}\" data-wp-interactive=\"core\/image\" data-wp-key=\"69ea7ddfc5ce8\" class=\"wp-block-image size-full is-resized wp-lightbox-container\"><img loading=\"lazy\" decoding=\"async\" width=\"412\" height=\"421\" data-wp-class--hide=\"state.isContentHidden\" data-wp-class--show=\"state.isContentVisible\" data-wp-init=\"callbacks.setButtonStyles\" data-wp-on--click=\"actions.showLightbox\" data-wp-on--load=\"callbacks.setButtonStyles\" data-wp-on-window--resize=\"callbacks.setButtonStyles\" src=\"http:\/\/rrb.be\/rrb\/wp-content\/uploads\/2026\/01\/Alain-Schenkels-rond.png\" alt=\"\" class=\"wp-image-2009\" style=\"width:247px;height:auto\" srcset=\"https:\/\/rrb.be\/rrb\/wp-content\/uploads\/2026\/01\/Alain-Schenkels-rond.png 412w, https:\/\/rrb.be\/rrb\/wp-content\/uploads\/2026\/01\/Alain-Schenkels-rond-294x300.png 294w\" sizes=\"auto, (max-width: 412px) 100vw, 412px\" \/><button\n\t\t\tclass=\"lightbox-trigger\"\n\t\t\ttype=\"button\"\n\t\t\taria-haspopup=\"dialog\"\n\t\t\taria-label=\"Enlarge\"\n\t\t\tdata-wp-init=\"callbacks.initTriggerButton\"\n\t\t\tdata-wp-on--click=\"actions.showLightbox\"\n\t\t\tdata-wp-style--right=\"state.imageButtonRight\"\n\t\t\tdata-wp-style--top=\"state.imageButtonTop\"\n\t\t>\n\t\t\t<svg xmlns=\"http:\/\/www.w3.org\/2000\/svg\" width=\"12\" height=\"12\" fill=\"none\" viewBox=\"0 0 12 12\">\n\t\t\t\t<path fill=\"#fff\" d=\"M2 0a2 2 0 0 0-2 2v2h1.5V2a.5.5 0 0 1 .5-.5h2V0H2Zm2 10.5H2a.5.5 0 0 1-.5-.5V8H0v2a2 2 0 0 0 2 2h2v-1.5ZM8 12v-1.5h2a.5.5 0 0 0 .5-.5V8H12v2a2 2 0 0 1-2 2H8Zm2-12a2 2 0 0 1 2 2v2h-1.5V2a.5.5 0 0 0-.5-.5H8V0h2Z\" \/>\n\t\t\t<\/svg>\n\t\t<\/button><\/figure>\n\n\n\n<p><em>(Photo ent\u00eate : Le g\u00e9n\u00e9ral Maurice Rose \u00e0 Cologne \/ K\u00f6ln, Allemagne \u2013 mars 1945<br>Archives du magazine LIFE \u2013 Photographe John Florea WWP-PD)<\/em><\/p>\n\n\n\n<p>Cat\u00e9gorie(s) : <\/p>\n\n\n<div class=\"taxonomy-category wp-block-post-terms\"><a href=\"https:\/\/rrb.be\/rrb\/category\/conflits-guerres\/seconde-guerre-mondiale\/histoires-de-soldats-et-de-guerre\/\" rel=\"tag\">Histoires de soldats et de guerre<\/a><span class=\"wp-block-post-terms__separator\">, <\/span><a href=\"https:\/\/rrb.be\/rrb\/category\/conflits-guerres\/seconde-guerre-mondiale\/\" rel=\"tag\">Seconde guerre mondiale<\/a><span class=\"wp-block-post-terms__separator\">, <\/span><a href=\"https:\/\/rrb.be\/rrb\/category\/conflits-guerres\/seconde-guerre-mondiale\/soldats-allies-tues-a-lennemi\/\" rel=\"tag\">Soldats Alli\u00e9s tu\u00e9s \u00e0 l&rsquo;ennemi<\/a><\/div>\n\n\n<figure class=\"wp-block-embed is-type-wp-embed is-provider-alain-schenkels wp-block-embed-alain-schenkels\"><div class=\"wp-block-embed__wrapper\">\n<blockquote class=\"wp-embedded-content\" data-secret=\"J1tflyLxlr\"><a href=\"https:\/\/rrb.be\/rrb\/seconde-guerre-mondiale\/\">Seconde Guerre Mondiale<\/a><\/blockquote><iframe loading=\"lazy\" class=\"wp-embedded-content\" sandbox=\"allow-scripts\" security=\"restricted\" style=\"position: absolute; visibility: hidden;\" title=\"\u00ab\u00a0Seconde Guerre Mondiale\u00a0\u00bb &#8212; Alain Schenkels\" src=\"https:\/\/rrb.be\/rrb\/seconde-guerre-mondiale\/embed\/#?secret=e6yYvHaxPP#?secret=J1tflyLxlr\" data-secret=\"J1tflyLxlr\" width=\"600\" height=\"338\" frameborder=\"0\" marginwidth=\"0\" marginheight=\"0\" scrolling=\"no\"><\/iframe>\n<\/div><\/figure>\n","protected":false},"excerpt":{"rendered":"<p>Maurice Rose est n\u00e9 le 26 novembre 1895 \u00e0 Middletown, Connecticut et \u00e0 \u00e9t\u00e9 tu\u00e9 le 30 mars 1945 \u00e0 Paderborn en Allemagne \u00e0 49 ans. Il \u00e9tait le fils de de Rabbi Samuel et Katherine \u00abKaty\u00bb Rose. Il s\u2019est engag\u00e9 dans l\u2019arm\u00e9e en 1917 et \u00e9tait un officier de carri\u00e8re dans l\u2019arm\u00e9e am\u00e9ricaine qui [&hellip;]<\/p>\n","protected":false},"author":1,"featured_media":2546,"parent":0,"menu_order":0,"comment_status":"closed","ping_status":"closed","template":"","meta":{"footnotes":""},"categories":[31,20,30],"tags":[],"class_list":["post-2545","page","type-page","status-publish","has-post-thumbnail","hentry","category-histoires-de-soldats-et-de-guerre","category-seconde-guerre-mondiale","category-soldats-allies-tues-a-lennemi"],"_links":{"self":[{"href":"https:\/\/rrb.be\/rrb\/wp-json\/wp\/v2\/pages\/2545","targetHints":{"allow":["GET"]}}],"collection":[{"href":"https:\/\/rrb.be\/rrb\/wp-json\/wp\/v2\/pages"}],"about":[{"href":"https:\/\/rrb.be\/rrb\/wp-json\/wp\/v2\/types\/page"}],"author":[{"embeddable":true,"href":"https:\/\/rrb.be\/rrb\/wp-json\/wp\/v2\/users\/1"}],"replies":[{"embeddable":true,"href":"https:\/\/rrb.be\/rrb\/wp-json\/wp\/v2\/comments?post=2545"}],"version-history":[{"count":3,"href":"https:\/\/rrb.be\/rrb\/wp-json\/wp\/v2\/pages\/2545\/revisions"}],"predecessor-version":[{"id":2669,"href":"https:\/\/rrb.be\/rrb\/wp-json\/wp\/v2\/pages\/2545\/revisions\/2669"}],"wp:featuredmedia":[{"embeddable":true,"href":"https:\/\/rrb.be\/rrb\/wp-json\/wp\/v2\/media\/2546"}],"wp:attachment":[{"href":"https:\/\/rrb.be\/rrb\/wp-json\/wp\/v2\/media?parent=2545"}],"wp:term":[{"taxonomy":"category","embeddable":true,"href":"https:\/\/rrb.be\/rrb\/wp-json\/wp\/v2\/categories?post=2545"},{"taxonomy":"post_tag","embeddable":true,"href":"https:\/\/rrb.be\/rrb\/wp-json\/wp\/v2\/tags?post=2545"}],"curies":[{"name":"wp","href":"https:\/\/api.w.org\/{rel}","templated":true}]}}