{"id":2533,"date":"2025-11-05T14:56:26","date_gmt":"2025-11-05T14:56:26","guid":{"rendered":"https:\/\/rrb.be\/rrb\/?page_id=2533"},"modified":"2026-02-08T22:10:30","modified_gmt":"2026-02-08T22:10:30","slug":"6-juin-1944-le-matelot-marcel-labas-une-existence-fauchee-a-ouistreham","status":"publish","type":"page","link":"https:\/\/rrb.be\/rrb\/6-juin-1944-le-matelot-marcel-labas-une-existence-fauchee-a-ouistreham\/","title":{"rendered":"6 juin 1944, le matelot Marcel Labas, une existence fauch\u00e9e \u00e0 Ouistreham"},"content":{"rendered":"\n<p><strong>Le matin du 6 juin 1944, sur les c\u00f4tes normandes pendant l\u2019assaut men\u00e9 contre le casino de Ouistreham en Normandie, un individu, le matelot Marcel Labas, membre du prestigieux \u00abCommando Kieffer\u00bb, voit son existence brutalement interrompue par un tireur embusqu\u00e9 ennemi. Cet \u00e9v\u00e9nement, parmi tant d&rsquo;autres, s&rsquo;inscrit dans le chaos du d\u00e9barquement, une tentative de renverser un ordre oppressif.<\/strong><\/p>\n\n\n\n<p>Quelques semaines auparavant, Labas, conscient de la pr\u00e9carit\u00e9 de sa situation, exprime dans une lettre adress\u00e9e \u00e0 ses parents une forme de d\u00e9tachement face \u00e0 la mort. Son d\u00e9sir le plus ardent n&rsquo;est pas la survie, mais la possibilit\u00e9 pour ses proches de se souvenir de lui sans honte. Il \u00e9voque un sentiment de profonde aversion envers ceux qu&rsquo;il per\u00e7oit comme des oppresseurs, responsables de souffrances indicibles et d&rsquo;une volont\u00e9 d&rsquo;an\u00e9antissement.<\/p>\n\n\n\n<p>Cette lettre r\u00e9v\u00e8le des questions fondamentales sur la nature de l&rsquo;existence, la violence et la m\u00e9moire. Labas, confront\u00e9 \u00e0 la possibilit\u00e9 de sa propre disparition, cherche \u00e0 donner un sens \u00e0 son sacrifice. Sa haine, loin d&rsquo;\u00eatre une simple \u00e9motion brute, semble \u00eatre une r\u00e9ponse \u00e0 une injustice profonde, une tentative de justifier son engagement dans un conflit destructeur.<\/p>\n\n\n\n<blockquote class=\"wp-block-quote is-layout-flow wp-block-quote-is-layout-flow\">\n<p>Ainsi, la mort de Marcel Labas n\u2019est pas seulement un fait historique, mais aussi une question pos\u00e9e sur la condition humaine, la fa\u00e7on dont chacun affronte l&rsquo;imminence possible de sa mort et cherche un sens dans la guerre.  <br>Cela me donne une id\u00e9e de l&rsquo;\u00e9criture d&rsquo;un essai philosophique sur le sujet.<\/p>\n<\/blockquote>\n\n\n\n<p><strong>Extrait de la lettre envoy\u00e9e \u00e0 ses parents un mois avant qui ne soit tu\u00e9 :<\/strong><\/p>\n\n\n\n<p><em>\u00ab\u00a0Que m\u2019importe de mourir, je n\u2019ai pas peur des balles, mais je veux qu\u2019apr\u00e8s la guerre vous n\u2019ayez pas peur de citer le nom de votre fils et \u00e0 en rougir. La haine du boche nous tient tous au c\u0153ur, car nous savons qu\u2019ils vous ont tortur\u00e9. Ils ont assassin\u00e9 beaucoup des n\u00f4tres, affaibli la France. Ils veulent notre mort \u00e0 tous. C\u2019est pourquoi il faut en finir avec eux et les traitres de chez nous.\u00a0\u00bb<\/em><\/p>\n\n\n\n<p>Par Alain Schenkels<\/p>\n\n\n\n<figure class=\"wp-block-image size-full\"><img loading=\"lazy\" decoding=\"async\" width=\"184\" height=\"184\" src=\"http:\/\/rrb.be\/rrb\/wp-content\/uploads\/2026\/01\/Alain-Schenkels-meditation.png\" alt=\"\" class=\"wp-image-2011\" srcset=\"https:\/\/rrb.be\/rrb\/wp-content\/uploads\/2026\/01\/Alain-Schenkels-meditation.png 184w, https:\/\/rrb.be\/rrb\/wp-content\/uploads\/2026\/01\/Alain-Schenkels-meditation-150x150.png 150w\" sizes=\"auto, (max-width: 184px) 100vw, 184px\" \/><\/figure>\n\n\n\n<p>Cat\u00e9gorie(s) : <\/p>\n\n\n<div class=\"taxonomy-category wp-block-post-terms\"><a href=\"https:\/\/rrb.be\/rrb\/category\/conflits-guerres\/seconde-guerre-mondiale\/histoires-de-soldats-et-de-guerre\/\" rel=\"tag\">Histoires de soldats et de guerre<\/a><span class=\"wp-block-post-terms__separator\">, <\/span><a href=\"https:\/\/rrb.be\/rrb\/category\/conflits-guerres\/seconde-guerre-mondiale\/\" rel=\"tag\">Seconde guerre mondiale<\/a><span class=\"wp-block-post-terms__separator\">, <\/span><a href=\"https:\/\/rrb.be\/rrb\/category\/conflits-guerres\/seconde-guerre-mondiale\/soldats-allies-tues-a-lennemi\/\" rel=\"tag\">Soldats Alli\u00e9s tu\u00e9s \u00e0 l&rsquo;ennemi<\/a><\/div>\n\n\n<figure class=\"wp-block-embed is-type-wp-embed is-provider-alain-schenkels wp-block-embed-alain-schenkels\"><div class=\"wp-block-embed__wrapper\">\n<blockquote class=\"wp-embedded-content\" data-secret=\"PQFSzNoyRg\"><a href=\"https:\/\/rrb.be\/rrb\/seconde-guerre-mondiale\/\">Seconde Guerre Mondiale<\/a><\/blockquote><iframe loading=\"lazy\" class=\"wp-embedded-content\" sandbox=\"allow-scripts\" security=\"restricted\" style=\"position: absolute; visibility: hidden;\" title=\"\u00ab\u00a0Seconde Guerre Mondiale\u00a0\u00bb &#8212; Alain Schenkels\" src=\"https:\/\/rrb.be\/rrb\/seconde-guerre-mondiale\/embed\/#?secret=rsmiXko0e9#?secret=PQFSzNoyRg\" data-secret=\"PQFSzNoyRg\" width=\"600\" height=\"338\" frameborder=\"0\" marginwidth=\"0\" marginheight=\"0\" scrolling=\"no\"><\/iframe>\n<\/div><\/figure>\n","protected":false},"excerpt":{"rendered":"<p>Le matin du 6 juin 1944, sur les c\u00f4tes normandes pendant l\u2019assaut men\u00e9 contre le casino de Ouistreham en Normandie, un individu, le matelot Marcel Labas, membre du prestigieux \u00abCommando Kieffer\u00bb, voit son existence brutalement interrompue par un tireur embusqu\u00e9 ennemi. Cet \u00e9v\u00e9nement, parmi tant d&rsquo;autres, s&rsquo;inscrit dans le chaos du d\u00e9barquement, une tentative de [&hellip;]<\/p>\n","protected":false},"author":1,"featured_media":2534,"parent":0,"menu_order":0,"comment_status":"closed","ping_status":"closed","template":"","meta":{"footnotes":""},"categories":[31,20,30],"tags":[],"class_list":["post-2533","page","type-page","status-publish","has-post-thumbnail","hentry","category-histoires-de-soldats-et-de-guerre","category-seconde-guerre-mondiale","category-soldats-allies-tues-a-lennemi"],"_links":{"self":[{"href":"https:\/\/rrb.be\/rrb\/wp-json\/wp\/v2\/pages\/2533","targetHints":{"allow":["GET"]}}],"collection":[{"href":"https:\/\/rrb.be\/rrb\/wp-json\/wp\/v2\/pages"}],"about":[{"href":"https:\/\/rrb.be\/rrb\/wp-json\/wp\/v2\/types\/page"}],"author":[{"embeddable":true,"href":"https:\/\/rrb.be\/rrb\/wp-json\/wp\/v2\/users\/1"}],"replies":[{"embeddable":true,"href":"https:\/\/rrb.be\/rrb\/wp-json\/wp\/v2\/comments?post=2533"}],"version-history":[{"count":3,"href":"https:\/\/rrb.be\/rrb\/wp-json\/wp\/v2\/pages\/2533\/revisions"}],"predecessor-version":[{"id":2658,"href":"https:\/\/rrb.be\/rrb\/wp-json\/wp\/v2\/pages\/2533\/revisions\/2658"}],"wp:featuredmedia":[{"embeddable":true,"href":"https:\/\/rrb.be\/rrb\/wp-json\/wp\/v2\/media\/2534"}],"wp:attachment":[{"href":"https:\/\/rrb.be\/rrb\/wp-json\/wp\/v2\/media?parent=2533"}],"wp:term":[{"taxonomy":"category","embeddable":true,"href":"https:\/\/rrb.be\/rrb\/wp-json\/wp\/v2\/categories?post=2533"},{"taxonomy":"post_tag","embeddable":true,"href":"https:\/\/rrb.be\/rrb\/wp-json\/wp\/v2\/tags?post=2533"}],"curies":[{"name":"wp","href":"https:\/\/api.w.org\/{rel}","templated":true}]}}