{"id":2523,"date":"2026-02-08T14:42:15","date_gmt":"2026-02-08T14:42:15","guid":{"rendered":"https:\/\/rrb.be\/rrb\/?page_id=2523"},"modified":"2026-02-08T22:02:34","modified_gmt":"2026-02-08T22:02:34","slug":"jack-bailey-sniper-canadien-qui-a-abattu-en-italie-entre-200-et-300-soldats-allemands-avant-detre-tue-le-28-mai-1944","status":"publish","type":"page","link":"https:\/\/rrb.be\/rrb\/jack-bailey-sniper-canadien-qui-a-abattu-en-italie-entre-200-et-300-soldats-allemands-avant-detre-tue-le-28-mai-1944\/","title":{"rendered":"Jack BAILEY, sniper Canadien qui a abattu en Italie entre 200 et 300 soldats allemands avant d&rsquo;\u00eatre tu\u00e9 le 28 mai 1944"},"content":{"rendered":"\n<ul class=\"wp-block-list\">\n<li>N\u00e9 le 6 ao\u00fbt 1914 (jeudi) &#8211; Canada<\/li>\n\n\n\n<li>Tu\u00e9 le 28 mai 1944 (dimanche) &#8211; Cassino, Frosinone, Lazio, Italie, \u00e0 l&rsquo;\u00e2ge de 29 ans<\/li>\n\n\n\n<li>Sniper Canadien, matricule A\/11298 Perth Regiment, R.C.I.C<\/li>\n<\/ul>\n\n\n\n<h2 class=\"wp-block-heading\">Informations<\/h2>\n\n\n\n<p>Tireur d&rsquo;\u00e9lite, Jack BAILEY est un sniper Canadien r\u00e9put\u00e9 pour avoir abattu entre 200 et 300 soldats nazis en seulement 4 mois, entre son arriv\u00e9e le 18 janvier 1944 et le jour de sa mort le 28 mai 1944.<\/p>\n\n\n\n<p>Sur la photo en ent\u00eate prise le 29 janvier 1944, Jack est en action tirant sur des troupes ennemies \u00e0 Orsogna avec un fusil US Rifle M1917 (Mod\u00e8le 1914 Enfield) et un viseur optique \u00ab\u00a0Warner et Suezi\u00a0\u00bb dans le grenier d&rsquo;une maison lors de la bataille d&rsquo;Italie. \u00c0 c\u00f4t\u00e9 de Jack se trouve une arme de poing anglaise Bren.<\/p>\n\n\n\n<p><strong>19 f\u00e9vrier 1944<\/strong><\/p>\n\n\n\n<figure data-wp-context=\"{&quot;imageId&quot;:&quot;69ea8158b314c&quot;}\" data-wp-interactive=\"core\/image\" data-wp-key=\"69ea8158b314c\" class=\"wp-block-image size-large is-resized wp-lightbox-container\"><img loading=\"lazy\" decoding=\"async\" width=\"1024\" height=\"692\" data-wp-class--hide=\"state.isContentHidden\" data-wp-class--show=\"state.isContentVisible\" data-wp-init=\"callbacks.setButtonStyles\" data-wp-on--click=\"actions.showLightbox\" data-wp-on--load=\"callbacks.setButtonStyles\" data-wp-on-window--resize=\"callbacks.setButtonStyles\" src=\"https:\/\/rrb.be\/rrb\/wp-content\/uploads\/2026\/02\/Jack-BAILEY-sniper-Canadien-qui-a-abattu-en-Italie-entre-200-et-300-soldats-allemands-2-1024x692.jpg\" alt=\"\" class=\"wp-image-2525\" style=\"aspect-ratio:1.4798095185664346;width:315px;height:auto\" srcset=\"https:\/\/rrb.be\/rrb\/wp-content\/uploads\/2026\/02\/Jack-BAILEY-sniper-Canadien-qui-a-abattu-en-Italie-entre-200-et-300-soldats-allemands-2-1024x692.jpg 1024w, https:\/\/rrb.be\/rrb\/wp-content\/uploads\/2026\/02\/Jack-BAILEY-sniper-Canadien-qui-a-abattu-en-Italie-entre-200-et-300-soldats-allemands-2-300x203.jpg 300w, https:\/\/rrb.be\/rrb\/wp-content\/uploads\/2026\/02\/Jack-BAILEY-sniper-Canadien-qui-a-abattu-en-Italie-entre-200-et-300-soldats-allemands-2-768x519.jpg 768w, https:\/\/rrb.be\/rrb\/wp-content\/uploads\/2026\/02\/Jack-BAILEY-sniper-Canadien-qui-a-abattu-en-Italie-entre-200-et-300-soldats-allemands-2.jpg 1196w\" sizes=\"auto, (max-width: 1024px) 100vw, 1024px\" \/><button\n\t\t\tclass=\"lightbox-trigger\"\n\t\t\ttype=\"button\"\n\t\t\taria-haspopup=\"dialog\"\n\t\t\taria-label=\"Enlarge\"\n\t\t\tdata-wp-init=\"callbacks.initTriggerButton\"\n\t\t\tdata-wp-on--click=\"actions.showLightbox\"\n\t\t\tdata-wp-style--right=\"state.imageButtonRight\"\n\t\t\tdata-wp-style--top=\"state.imageButtonTop\"\n\t\t>\n\t\t\t<svg xmlns=\"http:\/\/www.w3.org\/2000\/svg\" width=\"12\" height=\"12\" fill=\"none\" viewBox=\"0 0 12 12\">\n\t\t\t\t<path fill=\"#fff\" d=\"M2 0a2 2 0 0 0-2 2v2h1.5V2a.5.5 0 0 1 .5-.5h2V0H2Zm2 10.5H2a.5.5 0 0 1-.5-.5V8H0v2a2 2 0 0 0 2 2h2v-1.5ZM8 12v-1.5h2a.5.5 0 0 0 .5-.5V8H12v2a2 2 0 0 1-2 2H8Zm2-12a2 2 0 0 1 2 2v2h-1.5V2a.5.5 0 0 0-.5-.5H8V0h2Z\" \/>\n\t\t\t<\/svg>\n\t\t<\/button><\/figure>\n\n\n\n<p>Jack BAILEY de son nid situ\u00e9 au deuxi\u00e8me \u00e9tage d&rsquo;une maison en ruine, aper\u00e7oit un soldat Allemand et tire, ce juste au moment ou la photo est prise. Il quitte l&rsquo;endroit pour ne pas \u00eatre rep\u00e9r\u00e9 et se place ensuite sur le toit d&rsquo;une ancienne \u00e9cole. Quelques heures plus tard, il aper\u00e7oit une escouade de six nazis, ils sont abattus en quelques secondes. Jack Bailey utilise un fusil \u00e0 verrou Enfield mod\u00e8le 1914 \u00e9quip\u00e9 d&rsquo;une lunette de vis\u00e9e.<\/p>\n\n\n\n<p>Il n&rsquo;y a aucun d\u00e9compte officiel du nombre de soldats Allemands tu\u00e9s par Jack, mais sur base de d\u00e9clarations de l&rsquo;\u00e9poque, il en tuait presque chaque jours.<\/p>\n\n\n\n<p><strong>28 mai 1944<\/strong><br>La bataille de Monte Cassino qui a d\u00e9but\u00e9 le 17 janvier s&rsquo;est achev\u00e9e par la victoire des alli\u00e9s le 19 mai 1944. Cependant, des allemands se trouvent toujours \u00e0 Cassino, Jack d\u00e9cide de sa propre initiative de monter la garde pour \u00e9liminer ceux qui refusent de se rendre. Le 28 mai 1944, la r\u00e9gion est calme depuis plusieurs jours, mais Jack s&rsquo;installe comme chaque jour \u00e0 son poste d&rsquo;observation, un endroit qui domine les environs de Cassino.<\/p>\n\n\n\n<p>Il est probable qu&rsquo;il a \u00e9t\u00e9 rep\u00e9r\u00e9 la veille par l&rsquo;ennemi. Au moment de s&rsquo;installer, avant m\u00eame d&rsquo;avoir l&rsquo;occasion de pr\u00e9parer son arme, il est tu\u00e9 par un tireur d&rsquo;\u00e9lite Allemand. Deux coups de feu sont tir\u00e9s en une fraction de seconde, il re\u00e7oit une balle en plein coeur et une seconde dans la figure, il tombe en arri\u00e8re mort sur le coup \u00e0 l&rsquo;\u00e2ge de 29 ans.<\/p>\n\n\n\n<p>Jack BAILEY \u00e9tait un excellent tireur d&rsquo;\u00e9lite, un soldat qui a permis d&rsquo;\u00e9liminer \u00e0 lui seul de tr\u00e8s nombreuses menaces ennemies, il l&rsquo;a malheureusement pay\u00e9 au prix de sa vie.<\/p>\n\n\n\n<p>La tombe de Jack BAILLEY :<\/p>\n\n\n\n<figure data-wp-context=\"{&quot;imageId&quot;:&quot;69ea8158b36d6&quot;}\" data-wp-interactive=\"core\/image\" data-wp-key=\"69ea8158b36d6\" class=\"wp-block-image size-full is-resized wp-lightbox-container\"><img loading=\"lazy\" decoding=\"async\" width=\"615\" height=\"822\" data-wp-class--hide=\"state.isContentHidden\" data-wp-class--show=\"state.isContentVisible\" data-wp-init=\"callbacks.setButtonStyles\" data-wp-on--click=\"actions.showLightbox\" data-wp-on--load=\"callbacks.setButtonStyles\" data-wp-on-window--resize=\"callbacks.setButtonStyles\" src=\"https:\/\/rrb.be\/rrb\/wp-content\/uploads\/2026\/02\/Jack-BAILEY-sniper-Canadien-qui-a-abattu-en-Italie-entre-200-et-300-soldats-allemands-tombe.jpg\" alt=\"\" class=\"wp-image-2526\" style=\"width:263px;height:auto\" srcset=\"https:\/\/rrb.be\/rrb\/wp-content\/uploads\/2026\/02\/Jack-BAILEY-sniper-Canadien-qui-a-abattu-en-Italie-entre-200-et-300-soldats-allemands-tombe.jpg 615w, https:\/\/rrb.be\/rrb\/wp-content\/uploads\/2026\/02\/Jack-BAILEY-sniper-Canadien-qui-a-abattu-en-Italie-entre-200-et-300-soldats-allemands-tombe-224x300.jpg 224w\" sizes=\"auto, (max-width: 615px) 100vw, 615px\" \/><button\n\t\t\tclass=\"lightbox-trigger\"\n\t\t\ttype=\"button\"\n\t\t\taria-haspopup=\"dialog\"\n\t\t\taria-label=\"Enlarge\"\n\t\t\tdata-wp-init=\"callbacks.initTriggerButton\"\n\t\t\tdata-wp-on--click=\"actions.showLightbox\"\n\t\t\tdata-wp-style--right=\"state.imageButtonRight\"\n\t\t\tdata-wp-style--top=\"state.imageButtonTop\"\n\t\t>\n\t\t\t<svg xmlns=\"http:\/\/www.w3.org\/2000\/svg\" width=\"12\" height=\"12\" fill=\"none\" viewBox=\"0 0 12 12\">\n\t\t\t\t<path fill=\"#fff\" d=\"M2 0a2 2 0 0 0-2 2v2h1.5V2a.5.5 0 0 1 .5-.5h2V0H2Zm2 10.5H2a.5.5 0 0 1-.5-.5V8H0v2a2 2 0 0 0 2 2h2v-1.5ZM8 12v-1.5h2a.5.5 0 0 0 .5-.5V8H12v2a2 2 0 0 1-2 2H8Zm2-12a2 2 0 0 1 2 2v2h-1.5V2a.5.5 0 0 0-.5-.5H8V0h2Z\" \/>\n\t\t\t<\/svg>\n\t\t<\/button><\/figure>\n\n\n\n<p>Jack BAILEY est mort \u00e0 l&rsquo;\u00e2ge de 29 ans. Il \u00e9tait le fils de Isaac et Elisabeth BAILEY, il s&rsquo;\u00e9tait mari\u00e9 avant guerre avec Laura Alberta HUTCHINSON et laisse derri\u00e8re lui une fille nomm\u00e9e Gloria Ann BAILEY.<\/p>\n\n\n\n<p><strong>Petit bout d&rsquo;histoire de la bataille de Monte Cassino<\/strong><br>L&rsquo;objectif principal des Alli\u00e9s \u00e9tait de briser la ligne Gustave, une solide ligne d\u00e9fensive allemande, pour progresser vers Rome. Monte Cassino, avec son abbaye historique, \u00e9tait un point strat\u00e9gique cl\u00e9 de cette ligne. Les Alli\u00e9s comprenaient des troupes de plusieurs pays, notamment les \u00c9tats-Unis, le Royaume-Uni, la Pologne, et la France libre. Quand aux forces allemandes, ils \u00e9taient bien retranch\u00e9es et naturellement d\u00e9termin\u00e9es \u00e0 d\u00e9fendre leur position.<\/p>\n\n\n\n<p>Jack BAILEY fait partie des 55 000 soldats alli\u00e9es tu\u00e9s sur les 240 000 hommes en pr\u00e9sence pour 20 000 soldats tu\u00e9s du c\u00f4t\u00e9 allemand sur les 100 000 hommes en pr\u00e9sence, mais avec un victoire militaire \u00e0 cl\u00e9 puisqu&rsquo;elle a ouvert la voie \u00e0 la lib\u00e9ration de Rome, qui a eu lieu le 4 juin 1944. Cela a marqu\u00e9 un tournant dans la campagne d&rsquo;Italie et a contribu\u00e9 \u00e0 affaiblir la pr\u00e9sence allemande dans la r\u00e9gion.<\/p>\n\n\n\n<p>Le chiffre de 55 000 soldats alli\u00e9s morts peut sembler \u00e9lev\u00e9, mais c&rsquo;\u00e9tait le prix \u00e0 payer pour briser la ligne Gustave et ouvrir la route vers Rome. Cette phase finale de la bataille de Monte Cassino, avec une offensive alli\u00e9e massive, une man\u0153uvre fran\u00e7aise audacieuse et un assaut polonais d\u00e9cisif ont \u00e9t\u00e9 la cl\u00e9 de cette victoire militaire.<\/p>\n\n\n\n<p>Par Alain Schenkels<\/p>\n\n\n\n<figure data-wp-context=\"{&quot;imageId&quot;:&quot;69ea8158b3ade&quot;}\" data-wp-interactive=\"core\/image\" data-wp-key=\"69ea8158b3ade\" class=\"wp-block-image size-full is-resized wp-lightbox-container\"><img loading=\"lazy\" decoding=\"async\" width=\"728\" height=\"1006\" data-wp-class--hide=\"state.isContentHidden\" data-wp-class--show=\"state.isContentVisible\" data-wp-init=\"callbacks.setButtonStyles\" data-wp-on--click=\"actions.showLightbox\" data-wp-on--load=\"callbacks.setButtonStyles\" data-wp-on-window--resize=\"callbacks.setButtonStyles\" src=\"http:\/\/rrb.be\/rrb\/wp-content\/uploads\/2025\/12\/Alain_Schenkels-1.jpg\" alt=\"\" class=\"wp-image-329\" style=\"width:206px;height:auto\" srcset=\"https:\/\/rrb.be\/rrb\/wp-content\/uploads\/2025\/12\/Alain_Schenkels-1.jpg 728w, https:\/\/rrb.be\/rrb\/wp-content\/uploads\/2025\/12\/Alain_Schenkels-1-217x300.jpg 217w\" sizes=\"auto, (max-width: 728px) 100vw, 728px\" \/><button\n\t\t\tclass=\"lightbox-trigger\"\n\t\t\ttype=\"button\"\n\t\t\taria-haspopup=\"dialog\"\n\t\t\taria-label=\"Enlarge\"\n\t\t\tdata-wp-init=\"callbacks.initTriggerButton\"\n\t\t\tdata-wp-on--click=\"actions.showLightbox\"\n\t\t\tdata-wp-style--right=\"state.imageButtonRight\"\n\t\t\tdata-wp-style--top=\"state.imageButtonTop\"\n\t\t>\n\t\t\t<svg xmlns=\"http:\/\/www.w3.org\/2000\/svg\" width=\"12\" height=\"12\" fill=\"none\" viewBox=\"0 0 12 12\">\n\t\t\t\t<path fill=\"#fff\" d=\"M2 0a2 2 0 0 0-2 2v2h1.5V2a.5.5 0 0 1 .5-.5h2V0H2Zm2 10.5H2a.5.5 0 0 1-.5-.5V8H0v2a2 2 0 0 0 2 2h2v-1.5ZM8 12v-1.5h2a.5.5 0 0 0 .5-.5V8H12v2a2 2 0 0 1-2 2H8Zm2-12a2 2 0 0 1 2 2v2h-1.5V2a.5.5 0 0 0-.5-.5H8V0h2Z\" \/>\n\t\t\t<\/svg>\n\t\t<\/button><\/figure>\n\n\n\n<p>Cat\u00e9gorie(s) : <\/p>\n\n\n<div class=\"taxonomy-category wp-block-post-terms\"><a href=\"https:\/\/rrb.be\/rrb\/category\/conflits-guerres\/seconde-guerre-mondiale\/histoires-de-soldats-et-de-guerre\/\" rel=\"tag\">Histoires de soldats et de guerre<\/a><span class=\"wp-block-post-terms__separator\">, <\/span><a href=\"https:\/\/rrb.be\/rrb\/category\/conflits-guerres\/seconde-guerre-mondiale\/\" rel=\"tag\">Seconde guerre mondiale<\/a><span class=\"wp-block-post-terms__separator\">, <\/span><a href=\"https:\/\/rrb.be\/rrb\/category\/conflits-guerres\/seconde-guerre-mondiale\/soldats-allies-tues-a-lennemi\/\" rel=\"tag\">Soldats Alli\u00e9s tu\u00e9s \u00e0 l&rsquo;ennemi<\/a><\/div>\n\n\n<figure class=\"wp-block-embed is-type-wp-embed is-provider-alain-schenkels wp-block-embed-alain-schenkels\"><div class=\"wp-block-embed__wrapper\">\n<blockquote class=\"wp-embedded-content\" data-secret=\"MgDKYmISE0\"><a href=\"https:\/\/rrb.be\/rrb\/seconde-guerre-mondiale\/\">Seconde Guerre Mondiale<\/a><\/blockquote><iframe loading=\"lazy\" class=\"wp-embedded-content\" sandbox=\"allow-scripts\" security=\"restricted\" style=\"position: absolute; visibility: hidden;\" title=\"\u00ab\u00a0Seconde Guerre Mondiale\u00a0\u00bb &#8212; Alain Schenkels\" src=\"https:\/\/rrb.be\/rrb\/seconde-guerre-mondiale\/embed\/#?secret=vIWhWk8AMA#?secret=MgDKYmISE0\" data-secret=\"MgDKYmISE0\" width=\"600\" height=\"338\" frameborder=\"0\" marginwidth=\"0\" marginheight=\"0\" scrolling=\"no\"><\/iframe>\n<\/div><\/figure>\n","protected":false},"excerpt":{"rendered":"<p>Informations Tireur d&rsquo;\u00e9lite, Jack BAILEY est un sniper Canadien r\u00e9put\u00e9 pour avoir abattu entre 200 et 300 soldats nazis en seulement 4 mois, entre son arriv\u00e9e le 18 janvier 1944 et le jour de sa mort le 28 mai 1944. Sur la photo en ent\u00eate prise le 29 janvier 1944, Jack est en action tirant [&hellip;]<\/p>\n","protected":false},"author":1,"featured_media":2524,"parent":0,"menu_order":0,"comment_status":"closed","ping_status":"closed","template":"","meta":{"footnotes":""},"categories":[31,20,30],"tags":[],"class_list":["post-2523","page","type-page","status-publish","has-post-thumbnail","hentry","category-histoires-de-soldats-et-de-guerre","category-seconde-guerre-mondiale","category-soldats-allies-tues-a-lennemi"],"_links":{"self":[{"href":"https:\/\/rrb.be\/rrb\/wp-json\/wp\/v2\/pages\/2523","targetHints":{"allow":["GET"]}}],"collection":[{"href":"https:\/\/rrb.be\/rrb\/wp-json\/wp\/v2\/pages"}],"about":[{"href":"https:\/\/rrb.be\/rrb\/wp-json\/wp\/v2\/types\/page"}],"author":[{"embeddable":true,"href":"https:\/\/rrb.be\/rrb\/wp-json\/wp\/v2\/users\/1"}],"replies":[{"embeddable":true,"href":"https:\/\/rrb.be\/rrb\/wp-json\/wp\/v2\/comments?post=2523"}],"version-history":[{"count":4,"href":"https:\/\/rrb.be\/rrb\/wp-json\/wp\/v2\/pages\/2523\/revisions"}],"predecessor-version":[{"id":2635,"href":"https:\/\/rrb.be\/rrb\/wp-json\/wp\/v2\/pages\/2523\/revisions\/2635"}],"wp:featuredmedia":[{"embeddable":true,"href":"https:\/\/rrb.be\/rrb\/wp-json\/wp\/v2\/media\/2524"}],"wp:attachment":[{"href":"https:\/\/rrb.be\/rrb\/wp-json\/wp\/v2\/media?parent=2523"}],"wp:term":[{"taxonomy":"category","embeddable":true,"href":"https:\/\/rrb.be\/rrb\/wp-json\/wp\/v2\/categories?post=2523"},{"taxonomy":"post_tag","embeddable":true,"href":"https:\/\/rrb.be\/rrb\/wp-json\/wp\/v2\/tags?post=2523"}],"curies":[{"name":"wp","href":"https:\/\/api.w.org\/{rel}","templated":true}]}}