{"id":2518,"date":"2025-12-18T14:32:03","date_gmt":"2025-12-18T14:32:03","guid":{"rendered":"https:\/\/rrb.be\/rrb\/?page_id=2518"},"modified":"2026-02-08T22:16:12","modified_gmt":"2026-02-08T22:16:12","slug":"lepa-radic-resistante-pendue-a-17-ans-par-les-nazis","status":"publish","type":"page","link":"https:\/\/rrb.be\/rrb\/lepa-radic-resistante-pendue-a-17-ans-par-les-nazis\/","title":{"rendered":"Lepa Radi\u0107, r\u00e9sistante pendue \u00e0 17 ans par les nazis"},"content":{"rendered":"\n<ul class=\"wp-block-list\">\n<li>N\u00e9e le 19 d\u00e9cembre 1925 \u00e0 Ga\u0161nica, village de Bosnie-Herz\u00e9govine<\/li>\n\n\n\n<li>Ex\u00e9cut\u00e9e le 8 f\u00e9vrier 1943 \u00e0 Bosanska Krupa, Bosnie-Herz\u00e9govine \u00e0 l\u2019\u00e2ge de 17 ans<\/li>\n\n\n\n<li>WWII : R\u00e9sistante, membre arm\u00e9e des&nbsp;partisans yougoslaves&nbsp;<\/li>\n\n\n\n<li>Civil : \u2013<\/li>\n\n\n\n<li>Type de mort si pr\u00e9cis\u00e9 : Pendaison<\/li>\n<\/ul>\n\n\n\n<blockquote class=\"wp-block-quote is-layout-flow wp-block-quote-is-layout-flow\">\n<p><strong><em>En f\u00e9vrier 1943, dans un village de Bosnie occup\u00e9 par l\u2019arm\u00e9e allemande, une jeune fille avance vers une estrade dress\u00e9e au centre de la place. Elle a le visage marqu\u00e9 par les coups, les mains li\u00e9es deri\u00e8re le dos, mais elle ne baisse pas les yeux. Autour d\u2019elle, des soldats allemands surveillent, leurs fusils pos\u00e9s. Des habitants du village ont \u00e9t\u00e9 oblig\u00e9s de venir regarder. Un officier s\u2019approche et lui demande encore une fois de donner des noms. Elle refuse. Quelques instants plus tard, Lepa Radi\u0107, qui n\u2019a que 17 ans, est pendue. Mais son courage continue d\u2019inspirer longtemps apr\u00e8s sa mort.<\/em><\/strong><\/p>\n<\/blockquote>\n\n\n\n<p>Lepa est n\u00e9e en 1925 \u00e0 Ga\u0161nica, un petit village pr\u00e8s de Bosanska Gradi\u0161ka, dans ce qui est aujourd\u2019hui la Bosnie-Herz\u00e9govine. Sa famille n\u2019est pas riche, mais elle lui apprend l\u2019importance de l\u2019\u00e9ducation, de la justice et de la libert\u00e9. Quand l\u2019arm\u00e9e allemande envahit la Yougoslavie en avril 1941, Lepa n\u2019a que 16 ans. Au lieu de se laisser paralyser par la peur, elle d\u00e9cide d\u2019agir. Elle rejoint alors les partisans yougoslaves, un groupe de r\u00e9sistants communistes dirig\u00e9 par Tito. Ce mouvement est l\u2019un des plus importants d\u2019Europe occup\u00e9e.<\/p>\n\n\n\n<p>Tr\u00e8s vite, Lepa ne se contente plus de suivre les ordres. Elle transmet des messages, transporte des armes, aide les bless\u00e9s et organise la distribution de nourriture. Son courage et sa maturit\u00e9 impressionnent tout le monde. \u00c0 seulement 15 ans, elle parle et agit d\u00e9j\u00e0 comme une adulte responsable. \u00c0 16 ans, elle dirige un petit groupe de r\u00e9sistants. \u00c0 17 ans, elle se bat dans les montagnes pr\u00e8s de Bosanska Krupa. C\u2019est l\u00e0, au cours d\u2019un combat, qu\u2019elle est captur\u00e9e par les soldats allemands.<\/p>\n\n\n\n<p>Emmen\u00e9e dans un poste dirig\u00e9 par les nazis, elle est interrog\u00e9e, frapp\u00e9e et tortur\u00e9e. On lui promet la vie sauve si elle d\u00e9nonce ses amis. On lui dit que ses camarades l\u2019ont abandonn\u00e9e, qu\u2019elle va mourir pour rien. Mais elle refuse de parler. M\u00eame au moment o\u00f9 elle sait qu\u2019elle va mourir, elle reste fid\u00e8le \u00e0 ses id\u00e9es. Ce n\u2019est pas la haine qui la guide, mais la volont\u00e9 de d\u00e9fendre ce qui est juste.<\/p>\n\n\n\n<p>Le jour de son ex\u00e9cution, les Nazis veulent faire un exemple. Ils installent une potence sur la place du village et obligent tout le monde \u00e0 venir regarder. Avant de tirer sur le levier, l\u2019officier lui demande une derni\u00e8re fois de parler. C\u2019est \u00e0 ce moment pr\u00e9cis que Lepa Radi\u0107 prononce ses derniers mots : \u00ab Je ne suis pas une tra\u00eetre \u00e0 mon peuple. Ceux que vous cherchez se montreront quand ils auront arr\u00eat\u00e9 tous les criminels. \u00bb<\/p>\n\n\n\n<p>Quelques secondes plus tard, le plancher se retire de ses jambes, elle tombe pendue la corde autour de son coup et elle meurt. Mais son visage reste grav\u00e9 dans la m\u00e9moire de ceux qui l\u2019ont vue mourir debout, sans jamais avoir peur.<\/p>\n\n\n\n<p>Apr\u00e8s la guerre, la Yougoslavie rend hommage \u00e0 son courage. Lepa Radi\u0107 est d\u00e9clar\u00e9e H\u00e9ro\u00efne nationale, devenant la plus jeune \u00e0 recevoir ce titre. Son nom est inscrit dans les \u00e9coles, sur les monuments et dans les livres d\u2019histoire. Ce n\u2019est pas pour glorifier la guerre, mais pour rappeler que le courage n\u2019a pas d\u2019\u00e2ge et que la libert\u00e9 peut s\u2019incarner m\u00eame dans le regard d\u2019une jeune fille de 17 ans.<\/p>\n\n\n\n<p>Lepa n\u2019est pas morte pour devenir c\u00e9l\u00e8bre. Elle est morte pour prot\u00e9ger les siens et pour rester fid\u00e8le \u00e0 ce qu\u2019elle croyait juste. Son histoire montre que, m\u00eame face \u00e0 la violence et \u00e0 l\u2019injustice, il est possible de rester debout et d\u2019agir avec courage.<\/p>\n\n\n\n<figure data-wp-context=\"{&quot;imageId&quot;:&quot;69ea68838b720&quot;}\" data-wp-interactive=\"core\/image\" data-wp-key=\"69ea68838b720\" class=\"wp-block-image size-large is-resized wp-lightbox-container\"><img loading=\"lazy\" decoding=\"async\" width=\"653\" height=\"1024\" data-wp-class--hide=\"state.isContentHidden\" data-wp-class--show=\"state.isContentVisible\" data-wp-init=\"callbacks.setButtonStyles\" data-wp-on--click=\"actions.showLightbox\" data-wp-on--load=\"callbacks.setButtonStyles\" data-wp-on-window--resize=\"callbacks.setButtonStyles\" src=\"https:\/\/rrb.be\/rrb\/wp-content\/uploads\/2026\/02\/Lepa-Radic-resistante-pendue-a-17-ans-par-les-nazis-2-653x1024.jpg\" alt=\"\" class=\"wp-image-2520\" style=\"width:282px;height:auto\" srcset=\"https:\/\/rrb.be\/rrb\/wp-content\/uploads\/2026\/02\/Lepa-Radic-resistante-pendue-a-17-ans-par-les-nazis-2-653x1024.jpg 653w, https:\/\/rrb.be\/rrb\/wp-content\/uploads\/2026\/02\/Lepa-Radic-resistante-pendue-a-17-ans-par-les-nazis-2-191x300.jpg 191w, https:\/\/rrb.be\/rrb\/wp-content\/uploads\/2026\/02\/Lepa-Radic-resistante-pendue-a-17-ans-par-les-nazis-2.jpg 768w\" sizes=\"auto, (max-width: 653px) 100vw, 653px\" \/><button\n\t\t\tclass=\"lightbox-trigger\"\n\t\t\ttype=\"button\"\n\t\t\taria-haspopup=\"dialog\"\n\t\t\taria-label=\"Enlarge\"\n\t\t\tdata-wp-init=\"callbacks.initTriggerButton\"\n\t\t\tdata-wp-on--click=\"actions.showLightbox\"\n\t\t\tdata-wp-style--right=\"state.imageButtonRight\"\n\t\t\tdata-wp-style--top=\"state.imageButtonTop\"\n\t\t>\n\t\t\t<svg xmlns=\"http:\/\/www.w3.org\/2000\/svg\" width=\"12\" height=\"12\" fill=\"none\" viewBox=\"0 0 12 12\">\n\t\t\t\t<path fill=\"#fff\" d=\"M2 0a2 2 0 0 0-2 2v2h1.5V2a.5.5 0 0 1 .5-.5h2V0H2Zm2 10.5H2a.5.5 0 0 1-.5-.5V8H0v2a2 2 0 0 0 2 2h2v-1.5ZM8 12v-1.5h2a.5.5 0 0 0 .5-.5V8H12v2a2 2 0 0 1-2 2H8Zm2-12a2 2 0 0 1 2 2v2h-1.5V2a.5.5 0 0 0-.5-.5H8V0h2Z\" \/>\n\t\t\t<\/svg>\n\t\t<\/button><\/figure>\n\n\n\n<p>Par Alain Schenkels<\/p>\n\n\n\n<figure data-wp-context=\"{&quot;imageId&quot;:&quot;69ea68838baeb&quot;}\" data-wp-interactive=\"core\/image\" data-wp-key=\"69ea68838baeb\" class=\"wp-block-image size-full is-resized wp-lightbox-container\"><img loading=\"lazy\" decoding=\"async\" width=\"728\" height=\"1006\" data-wp-class--hide=\"state.isContentHidden\" data-wp-class--show=\"state.isContentVisible\" data-wp-init=\"callbacks.setButtonStyles\" data-wp-on--click=\"actions.showLightbox\" data-wp-on--load=\"callbacks.setButtonStyles\" data-wp-on-window--resize=\"callbacks.setButtonStyles\" src=\"http:\/\/rrb.be\/rrb\/wp-content\/uploads\/2025\/12\/Alain_Schenkels-2.jpg\" alt=\"\" class=\"wp-image-484\" style=\"width:200px;height:auto\" srcset=\"https:\/\/rrb.be\/rrb\/wp-content\/uploads\/2025\/12\/Alain_Schenkels-2.jpg 728w, https:\/\/rrb.be\/rrb\/wp-content\/uploads\/2025\/12\/Alain_Schenkels-2-217x300.jpg 217w\" sizes=\"auto, (max-width: 728px) 100vw, 728px\" \/><button\n\t\t\tclass=\"lightbox-trigger\"\n\t\t\ttype=\"button\"\n\t\t\taria-haspopup=\"dialog\"\n\t\t\taria-label=\"Enlarge\"\n\t\t\tdata-wp-init=\"callbacks.initTriggerButton\"\n\t\t\tdata-wp-on--click=\"actions.showLightbox\"\n\t\t\tdata-wp-style--right=\"state.imageButtonRight\"\n\t\t\tdata-wp-style--top=\"state.imageButtonTop\"\n\t\t>\n\t\t\t<svg xmlns=\"http:\/\/www.w3.org\/2000\/svg\" width=\"12\" height=\"12\" fill=\"none\" viewBox=\"0 0 12 12\">\n\t\t\t\t<path fill=\"#fff\" d=\"M2 0a2 2 0 0 0-2 2v2h1.5V2a.5.5 0 0 1 .5-.5h2V0H2Zm2 10.5H2a.5.5 0 0 1-.5-.5V8H0v2a2 2 0 0 0 2 2h2v-1.5ZM8 12v-1.5h2a.5.5 0 0 0 .5-.5V8H12v2a2 2 0 0 1-2 2H8Zm2-12a2 2 0 0 1 2 2v2h-1.5V2a.5.5 0 0 0-.5-.5H8V0h2Z\" \/>\n\t\t\t<\/svg>\n\t\t<\/button><\/figure>\n\n\n\n<p>Cat\u00e9gorie(s) :<\/p>\n\n\n<div class=\"taxonomy-category wp-block-post-terms\"><a href=\"https:\/\/rrb.be\/rrb\/category\/conflits-guerres\/seconde-guerre-mondiale\/resistance\/\" rel=\"tag\">R\u00e9sistance<\/a><span class=\"wp-block-post-terms__separator\">, <\/span><a href=\"https:\/\/rrb.be\/rrb\/category\/conflits-guerres\/seconde-guerre-mondiale\/\" rel=\"tag\">Seconde guerre mondiale<\/a><\/div>\n\n\n<figure class=\"wp-block-embed is-type-wp-embed is-provider-alain-schenkels wp-block-embed-alain-schenkels\"><div class=\"wp-block-embed__wrapper\">\n<blockquote class=\"wp-embedded-content\" data-secret=\"nWUH0jK38i\"><a href=\"https:\/\/rrb.be\/rrb\/seconde-guerre-mondiale\/\">Seconde Guerre Mondiale<\/a><\/blockquote><iframe loading=\"lazy\" class=\"wp-embedded-content\" sandbox=\"allow-scripts\" security=\"restricted\" style=\"position: absolute; visibility: hidden;\" title=\"\u00ab\u00a0Seconde Guerre Mondiale\u00a0\u00bb &#8212; Alain Schenkels\" src=\"https:\/\/rrb.be\/rrb\/seconde-guerre-mondiale\/embed\/#?secret=IxBgLzX3ai#?secret=nWUH0jK38i\" data-secret=\"nWUH0jK38i\" width=\"600\" height=\"338\" frameborder=\"0\" marginwidth=\"0\" marginheight=\"0\" scrolling=\"no\"><\/iframe>\n<\/div><\/figure>\n","protected":false},"excerpt":{"rendered":"<p>En f\u00e9vrier 1943, dans un village de Bosnie occup\u00e9 par l\u2019arm\u00e9e allemande, une jeune fille avance vers une estrade dress\u00e9e au centre de la place. Elle a le visage marqu\u00e9 par les coups, les mains li\u00e9es deri\u00e8re le dos, mais elle ne baisse pas les yeux. Autour d\u2019elle, des soldats allemands surveillent, leurs fusils pos\u00e9s. [&hellip;]<\/p>\n","protected":false},"author":1,"featured_media":2519,"parent":0,"menu_order":0,"comment_status":"closed","ping_status":"closed","template":"","meta":{"footnotes":""},"categories":[29,20],"tags":[],"class_list":["post-2518","page","type-page","status-publish","has-post-thumbnail","hentry","category-resistance","category-seconde-guerre-mondiale"],"_links":{"self":[{"href":"https:\/\/rrb.be\/rrb\/wp-json\/wp\/v2\/pages\/2518","targetHints":{"allow":["GET"]}}],"collection":[{"href":"https:\/\/rrb.be\/rrb\/wp-json\/wp\/v2\/pages"}],"about":[{"href":"https:\/\/rrb.be\/rrb\/wp-json\/wp\/v2\/types\/page"}],"author":[{"embeddable":true,"href":"https:\/\/rrb.be\/rrb\/wp-json\/wp\/v2\/users\/1"}],"replies":[{"embeddable":true,"href":"https:\/\/rrb.be\/rrb\/wp-json\/wp\/v2\/comments?post=2518"}],"version-history":[{"count":2,"href":"https:\/\/rrb.be\/rrb\/wp-json\/wp\/v2\/pages\/2518\/revisions"}],"predecessor-version":[{"id":2676,"href":"https:\/\/rrb.be\/rrb\/wp-json\/wp\/v2\/pages\/2518\/revisions\/2676"}],"wp:featuredmedia":[{"embeddable":true,"href":"https:\/\/rrb.be\/rrb\/wp-json\/wp\/v2\/media\/2519"}],"wp:attachment":[{"href":"https:\/\/rrb.be\/rrb\/wp-json\/wp\/v2\/media?parent=2518"}],"wp:term":[{"taxonomy":"category","embeddable":true,"href":"https:\/\/rrb.be\/rrb\/wp-json\/wp\/v2\/categories?post=2518"},{"taxonomy":"post_tag","embeddable":true,"href":"https:\/\/rrb.be\/rrb\/wp-json\/wp\/v2\/tags?post=2518"}],"curies":[{"name":"wp","href":"https:\/\/api.w.org\/{rel}","templated":true}]}}