{"id":1803,"date":"2026-01-14T12:43:50","date_gmt":"2026-01-14T12:43:50","guid":{"rendered":"https:\/\/rrb.be\/rrb\/?page_id=1803"},"modified":"2026-02-08T22:03:09","modified_gmt":"2026-02-08T22:03:09","slug":"seconde-guerre-mondiale-leadership-et-sacrifice-lhistoire-du-major-henry-courtney-tue-a-okinawa-au-japon-le-15-mai-1945-a-lage-de-29-ans","status":"publish","type":"page","link":"https:\/\/rrb.be\/rrb\/seconde-guerre-mondiale\/seconde-guerre-mondiale-leadership-et-sacrifice-lhistoire-du-major-henry-courtney-tue-a-okinawa-au-japon-le-15-mai-1945-a-lage-de-29-ans\/","title":{"rendered":"Seconde Guerre Mondiale : Leadership et Sacrifice : L\u2019Histoire du Major Henry Courtney, tu\u00e9 \u00e0 Okinawa au Japon le 15 mai 1945, \u00e0 l\u2019\u00e2ge de 29 ans"},"content":{"rendered":"\n<p><strong>Henry Alexius Courtney Jr est n\u00e9 le 6 janvier 1916 \u00e0 Duluth, Minnesota, US. Dans la vie civile il exer\u00e7ait la profession d&rsquo;avocat. Seconde guerre mondiale, officier de r\u00e9serve du corps des Marines, il est int\u00e9gr\u00e9 en tant que Major au 22e r\u00e9giment de Marines , 6e division et est envoy\u00e9 au Japon dans la bataille du Pacifique. Le 15 mai 1945, une explosion d&rsquo;obus de mortier, Henry Courtney est tu\u00e9  \u00e0 Okinawa, \u00e0 l\u2019\u00e2ge de 29 ans<\/strong><\/p>\n\n\n\n<p>Le 14 mai 1945, le Major Henry Alexius Courtney Jr., servant comme officier ex\u00e9cutif du 2e Bataillon, 22e Marines, 6e Division de Marines, mena un assaut lors de la bataille d\u2019Okinawa. L\u2019objectif \u00e9tait Sugar Loaf Hill, une position fortement fortifi\u00e9e qui avait caus\u00e9 de lourdes pertes aux Marines tout au long de la journ\u00e9e.<\/p>\n\n\n\n<p>Sugar Loaf Hill \u00e9tait petite mais d\u2019une importance strat\u00e9gique. Les forces japonaises en avaient fait un pi\u00e8ge mortel, y installant des nids de mitrailleuses, des positions de mortiers et des bunkers camoufl\u00e9s. Les Marines avaient d\u00e9j\u00e0 tent\u00e9 \u00e0 plusieurs reprises de prendre la colline, mais chaque fois, ils \u00e9taient repouss\u00e9s avec des pertes. Les d\u00e9fenses japonaises formaient des champs de tir crois\u00e9s qui fauchaient quiconque tentait de gravir la pente.<\/p>\n\n\n\n<p>Ce soir-l\u00e0, alors que les Marines se regroupaient et se pr\u00e9paraient \u00e0 tenir une ligne d\u00e9fensive derri\u00e8re la colline, le Major Courtney \u00e9valua la situation. Il comprit que les Japonais tenteraient probablement une contre-attaque pendant la nuit pour reprendre le terrain perdu. Attendre que cela se produise co\u00fbterait encore plus de vies. Au lieu de cela, Courtney proposa de prendre l\u2019initiative et d\u2019attaquer l\u2019ennemi. Apr\u00e8s avoir re\u00e7u l\u2019autorisation, il rassembla un groupe de Marines capables d\u2019avancer malgr\u00e9 l\u2019\u00e9puisement et les combats pr\u00e9c\u00e9dents.<\/p>\n\n\n\n<p>Il fit un briefing \u00e0 ses hommes, leur expliquant qu\u2019une attaque rapide et agressive pourrait prendre l\u2019ennemi par surprise. Il leur fit comprendre qu\u2019il fallait s\u2019emparer de la colline avant que les Japonais ne puissent organiser une nouvelle attaque. Juste apr\u00e8s la tomb\u00e9e de la nuit, Courtney mena ses hommes dans un assaut direct contre les positions ennemies. <\/p>\n\n\n\n<blockquote class=\"wp-block-quote is-layout-flow wp-block-quote-is-layout-flow\">\n<p>Alors qu\u2019ils gravissaient la pente, les Japonais ouvrirent le feu. Mitrailleuses et mortiers cibl\u00e8rent les Marines en progression, et plusieurs hommes tomb\u00e8rent presque imm\u00e9diatement.<\/p>\n<\/blockquote>\n\n\n\n<p><strong>Courtney continua d\u2019avancer, criant \u00e0 ses hommes de ne pas s\u2019arr\u00eater.<\/strong> <br>Il mena personnellement la charge, lan\u00e7ant des grenades dans les bunkers ennemis et tirant avec son arme en avan\u00e7ant. Il n\u2019h\u00e9sita pas lorsque les tirs ennemis se rapproch\u00e8rent, traversant des zones \u00e0 d\u00e9couvert pour diriger ses hommes et maintenir l\u2019assaut. Un bunker ennemi continua de tirer malgr\u00e9 l\u2019avanc\u00e9e des Marines. Courtney rampe jusqu\u2019\u00e0 port\u00e9e de grenade, d\u00e9goupilla et lan\u00e7a la grenade directement dans l\u2019ouverture. L\u2019explosion r\u00e9duisit la mitrailleuse au silence, tous les servants sont tu\u00e9s et ses hommes le suivirent alors qu\u2019il se dirigeait vers le bunker suivant.<\/p>\n\n\n\n<p>Les Japonais lanc\u00e8rent leur propre contre-attaque, esp\u00e9rant repousser les Marines en bas de la colline. Courtney ordonna \u00e0 ses hommes de tenir la ligne et dirigea le feu des mitrailleuses pour briser l\u2019avanc\u00e9e ennemie. Se d\u00e9pla\u00e7ant de position en position, il coordonna la d\u00e9fense, s\u2019exposant souvent pour garder ses hommes concentr\u00e9s. <strong>\u00c0 un moment donn\u00e9, un obus de mortier explosa \u00e0 proximit\u00e9 et le blessa<\/strong>. Malgr\u00e9 sa blessure, il resta debout, refusant de se laisser ralentir par la douleur.<\/p>\n\n\n\n<p>Tout au long de la nuit, Courtney maintint l\u2019engagement des Marines, repoussant chaque tentative japonaise de percer. L\u2019ennemi mena plusieurs charges, mais \u00e0 chaque fois, son leadership emp\u00eacha la ligne de c\u00e9der. Pr\u00e8s de l\u2019aube, les Japonais lanc\u00e8rent une derni\u00e8re attaque d\u00e9sesp\u00e9r\u00e9e. Courtney se d\u00e9pla\u00e7ait entre les positions, encourageant ses hommes \u00e0 tenir bon.<\/p>\n\n\n\n<blockquote class=\"wp-block-quote is-layout-flow wp-block-quote-is-layout-flow\">\n<p>Un obus de mortier explose \u00e0 proximit\u00e9, notre Major est tu\u00e9 sur le coup.<\/p>\n<\/blockquote>\n\n\n\n<p>Les Marines tinrent leur position, port\u00e9s par la d\u00e9termination et l\u2019exemple du Major Courtney. Au matin, Sugar Loaf Hill \u00e9tait s\u00e9curis\u00e9e et les Japonais s\u2019\u00e9taient retir\u00e9s de la zone imm\u00e9diate. Son leadership et sa d\u00e9cision de passer \u00e0 l\u2019offensive avaient emp\u00each\u00e9 l\u2019ennemi de reprendre la position.<\/p>\n\n\n\n<p>Le Major Henry Alexius Courtney Jr. ne surv\u00e9cut pas \u00e0 la bataille. Il fut tu\u00e9 lors de la phase finale du combat pour tenir la colline. Pour ses actions et son leadership, il re\u00e7ut \u00e0 titre posthume la M\u00e9daille d\u2019Honneur. La m\u00e9daille fut remise \u00e0 sa famille par le pr\u00e9sident Harry S. Truman. Il fut enterr\u00e9 au Calvary Cemetery \u00e0 Duluth, Minnesota.<\/p>\n\n\n\n<h2 class=\"wp-block-heading\">R\u00e9f\u00e9rences :<\/h2>\n\n\n\n<ul class=\"wp-block-list\">\n<li><strong>U.S. Marine Corps History Division<\/strong>&nbsp;\u2013&nbsp;<em>Medal of Honor Recipients: World War II (A\u2013L)<\/em>, Marine Barracks, Washington D.C.<\/li>\n\n\n\n<li><strong>U.S. Army Center of Military History (CMH)<\/strong>&nbsp;\u2013&nbsp;<em>Medal of Honor Recipients, World War II (A\u2013L)<\/em>, fiche officielle : Major Henry A. Courtney Jr.<\/li>\n\n\n\n<li><strong>National Archives and Records Administration (NARA)<\/strong>&nbsp;\u2013&nbsp;<em>World War II U.S. Marine Corps Service Record, Henry A. Courtney Jr.<\/em>, Serial No. 0-006190.<\/li>\n\n\n\n<li><strong>American Battle Monuments Commission (ABMC)<\/strong>&nbsp;\u2013&nbsp;<em>Honored Dead of World War II<\/em>, fichier comm\u00e9moratif du Major Courtney.<\/li>\n\n\n\n<li><strong>Find a Grave<\/strong>&nbsp;\u2013&nbsp;<em>Major Henry Alexius Courtney Jr.<\/em>, Calvary Cemetery, Duluth, Minnesota.<\/li>\n\n\n\n<li><strong>War Department General Orders No. 90 (December 1945)<\/strong>&nbsp;\u2013 Citation officielle de la&nbsp;<em>Medal of Honor<\/em>&nbsp;d\u00e9cern\u00e9e \u00e0 Henry A. Courtney Jr. (Archives du CMH).<\/li>\n\n\n\n<li><strong>Bureau of Naval Personnel<\/strong>,&nbsp;<em>Register of Commissioned and Warrant Officers of the United States Navy and Marine Corps<\/em>, 1945. (R\u00e9pertoire listant le Major Courtney au 22nd Marines, 6th Marine Division.)<\/li>\n\n\n\n<li><strong>Minnesota Historical Society Archives (MNHS)<\/strong>&nbsp;\u2013&nbsp;<em>Henry A. Courtney Jr. Collection<\/em>&nbsp;(Correspondance, photos et citations).<\/li>\n\n\n\n<li><strong>Marine Corps War Memorial (Arlington, VA)<\/strong>&nbsp;\u2013 Dossier biographique \u201cMajor Henry A. Courtney Jr., USMC (1916\u20131945)\u201d.<\/li>\n\n\n\n<li><strong>Veterans Affairs Memorial Tribute Database<\/strong>&nbsp;\u2013&nbsp;<em>Major Henry A. Courtney Jr., Medal of Honor Recipient Profile<\/em>.<\/li>\n<\/ul>\n\n\n\n<p>Par Alain Schenkels<\/p>\n\n\n\n<figure data-wp-context=\"{&quot;imageId&quot;:&quot;69ea6a602c09c&quot;}\" data-wp-interactive=\"core\/image\" data-wp-key=\"69ea6a602c09c\" class=\"wp-block-image size-full is-resized wp-lightbox-container\"><img loading=\"lazy\" decoding=\"async\" width=\"728\" height=\"1006\" data-wp-class--hide=\"state.isContentHidden\" data-wp-class--show=\"state.isContentVisible\" data-wp-init=\"callbacks.setButtonStyles\" data-wp-on--click=\"actions.showLightbox\" data-wp-on--load=\"callbacks.setButtonStyles\" data-wp-on-window--resize=\"callbacks.setButtonStyles\" src=\"http:\/\/rrb.be\/rrb\/wp-content\/uploads\/2025\/12\/Alain_Schenkels-1.jpg\" alt=\"\" class=\"wp-image-329\" style=\"width:228px;height:auto\" srcset=\"https:\/\/rrb.be\/rrb\/wp-content\/uploads\/2025\/12\/Alain_Schenkels-1.jpg 728w, https:\/\/rrb.be\/rrb\/wp-content\/uploads\/2025\/12\/Alain_Schenkels-1-217x300.jpg 217w\" sizes=\"auto, (max-width: 728px) 100vw, 728px\" \/><button\n\t\t\tclass=\"lightbox-trigger\"\n\t\t\ttype=\"button\"\n\t\t\taria-haspopup=\"dialog\"\n\t\t\taria-label=\"Enlarge\"\n\t\t\tdata-wp-init=\"callbacks.initTriggerButton\"\n\t\t\tdata-wp-on--click=\"actions.showLightbox\"\n\t\t\tdata-wp-style--right=\"state.imageButtonRight\"\n\t\t\tdata-wp-style--top=\"state.imageButtonTop\"\n\t\t>\n\t\t\t<svg xmlns=\"http:\/\/www.w3.org\/2000\/svg\" width=\"12\" height=\"12\" fill=\"none\" viewBox=\"0 0 12 12\">\n\t\t\t\t<path fill=\"#fff\" d=\"M2 0a2 2 0 0 0-2 2v2h1.5V2a.5.5 0 0 1 .5-.5h2V0H2Zm2 10.5H2a.5.5 0 0 1-.5-.5V8H0v2a2 2 0 0 0 2 2h2v-1.5ZM8 12v-1.5h2a.5.5 0 0 0 .5-.5V8H12v2a2 2 0 0 1-2 2H8Zm2-12a2 2 0 0 1 2 2v2h-1.5V2a.5.5 0 0 0-.5-.5H8V0h2Z\" \/>\n\t\t\t<\/svg>\n\t\t<\/button><\/figure>\n\n\n\n<p>Cat\u00e9gorie(s) :<\/p>\n\n\n<div class=\"taxonomy-category wp-block-post-terms\"><a href=\"https:\/\/rrb.be\/rrb\/category\/conflits-guerres\/seconde-guerre-mondiale\/histoires-de-soldats-et-de-guerre\/\" rel=\"tag\">Histoires de soldats et de guerre<\/a><span class=\"wp-block-post-terms__separator\">, <\/span><a href=\"https:\/\/rrb.be\/rrb\/category\/conflits-guerres\/seconde-guerre-mondiale\/\" rel=\"tag\">Seconde guerre mondiale<\/a><span class=\"wp-block-post-terms__separator\">, <\/span><a href=\"https:\/\/rrb.be\/rrb\/category\/conflits-guerres\/seconde-guerre-mondiale\/soldats-allies-tues-a-lennemi\/\" rel=\"tag\">Soldats Alli\u00e9s tu\u00e9s \u00e0 l&rsquo;ennemi<\/a><\/div>\n\n\n<figure class=\"wp-block-embed is-type-wp-embed is-provider-alain-schenkels wp-block-embed-alain-schenkels\"><div class=\"wp-block-embed__wrapper\">\n<blockquote class=\"wp-embedded-content\" data-secret=\"ZT22Un4DaV\"><a href=\"https:\/\/rrb.be\/rrb\/seconde-guerre-mondiale\/\">Seconde Guerre Mondiale<\/a><\/blockquote><iframe loading=\"lazy\" class=\"wp-embedded-content\" sandbox=\"allow-scripts\" security=\"restricted\" style=\"position: absolute; visibility: hidden;\" title=\"\u00ab\u00a0Seconde Guerre Mondiale\u00a0\u00bb &#8212; Alain Schenkels\" src=\"https:\/\/rrb.be\/rrb\/seconde-guerre-mondiale\/embed\/#?secret=lA4x5fzEFr#?secret=ZT22Un4DaV\" data-secret=\"ZT22Un4DaV\" width=\"600\" height=\"338\" frameborder=\"0\" marginwidth=\"0\" marginheight=\"0\" scrolling=\"no\"><\/iframe>\n<\/div><\/figure>\n","protected":false},"excerpt":{"rendered":"<p>Henry Alexius Courtney Jr est n\u00e9 le 6 janvier 1916 \u00e0 Duluth, Minnesota, US. Dans la vie civile il exer\u00e7ait la profession d&rsquo;avocat. Seconde guerre mondiale, officier de r\u00e9serve du corps des Marines, il est int\u00e9gr\u00e9 en tant que Major au 22e r\u00e9giment de Marines , 6e division et est envoy\u00e9 au Japon dans la [&hellip;]<\/p>\n","protected":false},"author":1,"featured_media":1804,"parent":886,"menu_order":0,"comment_status":"closed","ping_status":"closed","template":"","meta":{"footnotes":""},"categories":[31,20,30],"tags":[],"class_list":["post-1803","page","type-page","status-publish","has-post-thumbnail","hentry","category-histoires-de-soldats-et-de-guerre","category-seconde-guerre-mondiale","category-soldats-allies-tues-a-lennemi"],"_links":{"self":[{"href":"https:\/\/rrb.be\/rrb\/wp-json\/wp\/v2\/pages\/1803","targetHints":{"allow":["GET"]}}],"collection":[{"href":"https:\/\/rrb.be\/rrb\/wp-json\/wp\/v2\/pages"}],"about":[{"href":"https:\/\/rrb.be\/rrb\/wp-json\/wp\/v2\/types\/page"}],"author":[{"embeddable":true,"href":"https:\/\/rrb.be\/rrb\/wp-json\/wp\/v2\/users\/1"}],"replies":[{"embeddable":true,"href":"https:\/\/rrb.be\/rrb\/wp-json\/wp\/v2\/comments?post=1803"}],"version-history":[{"count":5,"href":"https:\/\/rrb.be\/rrb\/wp-json\/wp\/v2\/pages\/1803\/revisions"}],"predecessor-version":[{"id":2637,"href":"https:\/\/rrb.be\/rrb\/wp-json\/wp\/v2\/pages\/1803\/revisions\/2637"}],"up":[{"embeddable":true,"href":"https:\/\/rrb.be\/rrb\/wp-json\/wp\/v2\/pages\/886"}],"wp:featuredmedia":[{"embeddable":true,"href":"https:\/\/rrb.be\/rrb\/wp-json\/wp\/v2\/media\/1804"}],"wp:attachment":[{"href":"https:\/\/rrb.be\/rrb\/wp-json\/wp\/v2\/media?parent=1803"}],"wp:term":[{"taxonomy":"category","embeddable":true,"href":"https:\/\/rrb.be\/rrb\/wp-json\/wp\/v2\/categories?post=1803"},{"taxonomy":"post_tag","embeddable":true,"href":"https:\/\/rrb.be\/rrb\/wp-json\/wp\/v2\/tags?post=1803"}],"curies":[{"name":"wp","href":"https:\/\/api.w.org\/{rel}","templated":true}]}}