{"id":1793,"date":"2026-01-14T11:26:56","date_gmt":"2026-01-14T11:26:56","guid":{"rendered":"https:\/\/rrb.be\/rrb\/?page_id=1793"},"modified":"2026-02-08T22:03:39","modified_gmt":"2026-02-08T22:03:39","slug":"seconde-guerre-mondiale-sergent-chef-americain-frank-peregory-le-jour-j-auteur-dactes-heroiques-tue-le-14-juin-1944-a-lage-de-28-ans","status":"publish","type":"page","link":"https:\/\/rrb.be\/rrb\/seconde-guerre-mondiale\/seconde-guerre-mondiale-sergent-chef-americain-frank-peregory-le-jour-j-auteur-dactes-heroiques-tue-le-14-juin-1944-a-lage-de-28-ans\/","title":{"rendered":"Seconde Guerre Mondiale : Sergent-chef am\u00e9ricain Frank PEREGORY, le jour J auteur d\u2019actes h\u00e9ro\u00efques, tu\u00e9 le 14 juin 1944, \u00e0 l\u2019\u00e2ge de 28 ans"},"content":{"rendered":"\n<p><strong>Frank PEREGORY est n\u00e9 le 10 avril 1916 \u00e0 Esmont, en Virginie, USA. Il \u00e9tait mari\u00e9 avec Bessie Geneva&nbsp;<em>Kirby<\/em>&nbsp;PEREGOY. Lors de la seconde guerre mondiale, le 3 f\u00e9vrier 1941, il est incorpor\u00e9 \u00e0&nbsp;Charlottesville VIRGINIA, sous le n\u00b0 de matricule : 20365455. Il est nomm\u00e9 sergent chef compagnie K, 3e bataillon du 116e r\u00e9giment d\u2019infanterie, 29e division d\u2019infanterie. Apr\u00e8s \u00eatre parvenu \u00e0 \u00e9liminer de nombreux soldats allemands et en avoir captur\u00e9 une trentaine, il est tu\u00e9 lors d&rsquo;un combat &nbsp;le 14 juin 1944 \u00e0 Couvain, Normandie, France, \u00e0 l\u2019\u00e2ge de 28 ans. Frank PEREGORY est Inhum\u00e9 au NORMANDY AMERICAN CEMETERY de Colleville.<\/strong><\/p>\n\n\n\n<blockquote class=\"wp-block-quote is-layout-flow wp-block-quote-is-layout-flow\">\n<p>Frank Peregory, int\u00e9gr\u00e9 \u00e0 la 29th Division, a rejoint Fort Meade avec son unit\u00e9, o\u00f9 ils ont entam\u00e9 leur pr\u00e9paration militaire en vue de leur engagement dans le conflit mondial. Peu apr\u00e8s l\u2019attaque de Pearl Harbor, alors qu\u2019il effectuait une patrouille sur une plage de Caroline du Nord, il est intervenu pour sauver un compagnon d\u2019armes en difficult\u00e9 dans l\u2019eau. Pour ce geste h\u00e9ro\u00efque, accompli sans consid\u00e9ration pour sa propre s\u00e9curit\u00e9, il s\u2019est vu d\u00e9cerner la Soldiers Medal, distinction la plus \u00e9lev\u00e9e attribu\u00e9e \u00e0 un soldat pour un acte de sauvetage en dehors d\u2019un contexte de combat.<\/p>\n<\/blockquote>\n\n\n\n<p>Le 8 juin 1944, le sergent-chef Frank D. Peregory, \u00e2g\u00e9 de 28 ans, combat avec sa compagnie pr\u00e8s de Grandcamp-Maisy, en France, deux jours apr\u00e8s avoir d\u00e9barqu\u00e9 en Normandie. L\u2019avance de son bataillon est stopp\u00e9e. Des mitrailleurs allemands sont retranch\u00e9s dans des lignes de tranch\u00e9es fortifi\u00e9es sur les hauteurs. La position ennemie couvre la route et les champs environnants. Les Am\u00e9ricains sont clou\u00e9s au sol. Les tirs d\u2019artillerie et de chars ont \u00e9chou\u00e9 \u00e0 neutraliser le point fortifi\u00e9. Chaque tentative d\u2019avancer est accueillie par un feu mortel.<\/p>\n\n\n\n<p><strong>Frank Peregory passe \u00e0 l\u2019action<\/strong>. <br>Seul, sous le feu direct de l\u2019ennemi, il progresse en rampant sur la pente. Il se faufile \u00e0 travers les haies et les foss\u00e9s, se rapprochant de la ligne de tranch\u00e9es. Lorsqu\u2019il atteint la cr\u00eate, il p\u00e9n\u00e8tre dans la tranch\u00e9e par le flanc. \u00c0 l\u2019int\u00e9rieur, avan\u00e7ant dans la position accroupie. Il fait alors face \u00e0 un d\u00e9tachement de fantassins ennemis. Sans attendre, il fonce sur les Allemands, attaque \u00e0 la ba\u00efonnette et lance plusieurs grenades. \u00c0 l\u2019issue de l\u2019affrontement, huit soldats Allemands sont tu\u00e9s et trois autres sont captur\u00e9s.<\/p>\n\n\n\n<p>Il ne s\u2019arr\u00eate pas l\u00e0. Il continue \u00e0 avancer le long de la tranch\u00e9e, la nettoyant section par section. Il continue \u00e0 lancer des grenades et \u00e0 tirer dans les abris. \u00c0 chaque point de contact, des soldats allemands se rendent ou sont tu\u00e9s. Lorsqu\u2019il atteint les \u00e9quipes de mitrailleurs, les survivants capitulent. Il les d\u00e9sarme et leur ordonne de sortir.<\/p>\n\n\n\n<p>Au total, Peregory est parvenu \u00e0 \u00e9liminer de nombreux soldats ennemis et en a captur\u00e9 plus de trente autres, \u00e0 lui seul. Son action brise l\u2019emprise allemande sur la cr\u00eate. Sa compagnie avance et prend le terrain permettant aux hommes de son unit\u00e9 de lib\u00e9rer le village de Grandcamp tout en r\u00e9cup\u00e9rant les redoutables mitrailleuses allemandes.<\/p>\n\n\n\n<p><strong>Six jours plus tard, le 14 juin 1944, lors de combats continus pr\u00e8s de Couvains, en France, le sergent-chef Frank D. Peregory est tu\u00e9 au combat lors d\u2019un accrochage avec l\u2019ennemi.<\/strong><\/p>\n\n\n\n<blockquote class=\"wp-block-quote is-layout-flow wp-block-quote-is-layout-flow\">\n<p>Pour ses actions du 8 juin 1944, il fut d\u00e9cor\u00e9 \u00e0 titre posthume de la Medal of Honor.<\/p>\n<\/blockquote>\n\n\n\n<figure data-wp-context=\"{&quot;imageId&quot;:&quot;69ea6a602bde1&quot;}\" data-wp-interactive=\"core\/image\" data-wp-key=\"69ea6a602bde1\" class=\"wp-block-image size-large is-resized wp-lightbox-container\"><img loading=\"lazy\" decoding=\"async\" width=\"743\" height=\"1024\" data-wp-class--hide=\"state.isContentHidden\" data-wp-class--show=\"state.isContentVisible\" data-wp-init=\"callbacks.setButtonStyles\" data-wp-on--click=\"actions.showLightbox\" data-wp-on--load=\"callbacks.setButtonStyles\" data-wp-on-window--resize=\"callbacks.setButtonStyles\" src=\"https:\/\/rrb.be\/rrb\/wp-content\/uploads\/2026\/01\/Tombe-de-Frank-D-Peregory-sergent-chef-tue-le-14-juin-1944-743x1024.jpg\" alt=\"\" class=\"wp-image-1795\" style=\"width:231px;height:auto\" srcset=\"https:\/\/rrb.be\/rrb\/wp-content\/uploads\/2026\/01\/Tombe-de-Frank-D-Peregory-sergent-chef-tue-le-14-juin-1944-743x1024.jpg 743w, https:\/\/rrb.be\/rrb\/wp-content\/uploads\/2026\/01\/Tombe-de-Frank-D-Peregory-sergent-chef-tue-le-14-juin-1944-218x300.jpg 218w, https:\/\/rrb.be\/rrb\/wp-content\/uploads\/2026\/01\/Tombe-de-Frank-D-Peregory-sergent-chef-tue-le-14-juin-1944-768x1058.jpg 768w, https:\/\/rrb.be\/rrb\/wp-content\/uploads\/2026\/01\/Tombe-de-Frank-D-Peregory-sergent-chef-tue-le-14-juin-1944.jpg 1070w\" sizes=\"auto, (max-width: 743px) 100vw, 743px\" \/><button\n\t\t\tclass=\"lightbox-trigger\"\n\t\t\ttype=\"button\"\n\t\t\taria-haspopup=\"dialog\"\n\t\t\taria-label=\"Enlarge\"\n\t\t\tdata-wp-init=\"callbacks.initTriggerButton\"\n\t\t\tdata-wp-on--click=\"actions.showLightbox\"\n\t\t\tdata-wp-style--right=\"state.imageButtonRight\"\n\t\t\tdata-wp-style--top=\"state.imageButtonTop\"\n\t\t>\n\t\t\t<svg xmlns=\"http:\/\/www.w3.org\/2000\/svg\" width=\"12\" height=\"12\" fill=\"none\" viewBox=\"0 0 12 12\">\n\t\t\t\t<path fill=\"#fff\" d=\"M2 0a2 2 0 0 0-2 2v2h1.5V2a.5.5 0 0 1 .5-.5h2V0H2Zm2 10.5H2a.5.5 0 0 1-.5-.5V8H0v2a2 2 0 0 0 2 2h2v-1.5ZM8 12v-1.5h2a.5.5 0 0 0 .5-.5V8H12v2a2 2 0 0 1-2 2H8Zm2-12a2 2 0 0 1 2 2v2h-1.5V2a.5.5 0 0 0-.5-.5H8V0h2Z\" \/>\n\t\t\t<\/svg>\n\t\t<\/button><\/figure>\n\n\n\n<p><strong><em>Citation officielle :<\/em><\/strong><br><em>Le 8 juin 1944, le 3\u00e8me bataillon du 116\u00e8me R\u00e9giment d\u2019Infanterie avan\u00e7ait sur les d\u00e9fenses allemandes fortement tenues \u00e0 Grandcampe, en France, lorsque les \u00e9l\u00e9ments de t\u00eate furent soudainement stopp\u00e9s par un feu de mitrailleuses meurtrier provenant d\u2019une force ennemie solidement retranch\u00e9e sur les hauteurs surplombant la ville. Apr\u00e8s que de nombreuses tentatives pour neutraliser la position ennemie \u00e0 l\u2019aide de tirs d\u2019artillerie et de chars de soutien se soient r\u00e9v\u00e9l\u00e9es inefficaces, le Sergent-chef (T\/Sgt.) Peregory, de sa propre initiative, progressa sur la colline sous un feu d\u00e9vastateur et se fraya un chemin jusqu\u2019au sommet, o\u00f9 il d\u00e9couvrit une tranch\u00e9e menant aux principales fortifications ennemies situ\u00e9es \u00e0 environ 200 m\u00e8tres. Sans h\u00e9siter, il sauta dans la tranch\u00e9e et avan\u00e7a vers l\u2019emplacement. Rencontrant un groupe de soldats ennemis arm\u00e9s de fusils, il les attaqua sans peur \u00e0 l\u2019aide de grenades et de la ba\u00efonnette, en tua huit et for\u00e7a trois autres \u00e0 se rendre. Continuant le long de la tranch\u00e9e, il contraignit \u00e0 lui seul trente-deux autres fusiliers \u00e0 se rendre, captura les mitrailleurs, et ouvrit la voie aux \u00e9l\u00e9ments de t\u00eate du bataillon pour qu\u2019ils puissent avancer et s\u00e9curiser leur objectif. La bravoure et l\u2019agressivit\u00e9 extraordinaires dont a fait preuve le Sergent-chef Peregory sont exemplaires de la plus haute tradition des forces arm\u00e9es.<\/em><\/p>\n\n\n\n<h2 class=\"wp-block-heading\">R\u00e9f\u00e9rences :<\/h2>\n\n\n\n<ul class=\"wp-block-list\">\n<li><strong>U.S. Army Center of Military History (CMH)<\/strong>&nbsp;\u2013&nbsp;<em>Medal of Honor Recipients: World War II (M\u2013Z)<\/em>, Washington D.C.<\/li>\n\n\n\n<li><strong>Find a Grave \/ Normandy American Cemetery and Memorial (Colleville-sur-Mer)<\/strong>&nbsp;\u2013 Fiche du Sergent-chef Frank D. Peregory.<\/li>\n\n\n\n<li><strong>American Battle Monuments Commission (ABMC)<\/strong>&nbsp;\u2013&nbsp;<em>Normandy American Cemetery and Memorial<\/em>, fiche comm\u00e9morative officielle du Sgt. T\/Frank D. Peregory.<\/li>\n\n\n\n<li><strong>National Archives and Records Administration (NARA)<\/strong>&nbsp;\u2013&nbsp;<em>Official Military Personnel File<\/em>, U.S. Army, WWII, Serial No. 20365455, T\/Sgt. Peregory, Frank D.&nbsp;<\/li>\n\n\n\n<li><strong>War Department General Orders No. 62 (August 1944)<\/strong>&nbsp;\u2013 Attribution de la&nbsp;<em>Medal of Honor<\/em>&nbsp;\u00e0 Frank D. Peregory, U.S. Army. (Document historique de r\u00e9f\u00e9rence conserv\u00e9 au CMH)<\/li>\n\n\n\n<li><strong>Virginia War Memorial Foundation<\/strong>,&nbsp;<em>Profiles of Valor: Virginia Medal of Honor Recipients<\/em>, Richmond (VA), 2017. (Chapitre sur Frank D. Peregory, natif d\u2019Esmont, Albemarle County).<\/li>\n\n\n\n<li><strong>U.S. Army Infantry Museum (Fort Benning, Georgia)<\/strong>&nbsp;\u2013 Section \u201cValor and Sacrifice: Medal of Honor Gallery\u201d.<\/li>\n\n\n\n<li><strong>Archives militaires du Commonwealth de Virginie (Virginia Military Archives)<\/strong>&nbsp;\u2013&nbsp;<em>World War II Casualty Cards and Service Records<\/em>, s\u00e9rie WW2\u201320365455.<\/li>\n<\/ul>\n\n\n\n<p>Par Alain Schenkels<\/p>\n\n\n\n<figure data-wp-context=\"{&quot;imageId&quot;:&quot;69ea6a602c4e2&quot;}\" data-wp-interactive=\"core\/image\" data-wp-key=\"69ea6a602c4e2\" class=\"wp-block-image size-full is-resized wp-lightbox-container\"><img loading=\"lazy\" decoding=\"async\" width=\"728\" height=\"1006\" data-wp-class--hide=\"state.isContentHidden\" data-wp-class--show=\"state.isContentVisible\" data-wp-init=\"callbacks.setButtonStyles\" data-wp-on--click=\"actions.showLightbox\" data-wp-on--load=\"callbacks.setButtonStyles\" data-wp-on-window--resize=\"callbacks.setButtonStyles\" src=\"http:\/\/rrb.be\/rrb\/wp-content\/uploads\/2025\/12\/Alain_Schenkels-1.jpg\" alt=\"\" class=\"wp-image-329\" style=\"width:243px;height:auto\" srcset=\"https:\/\/rrb.be\/rrb\/wp-content\/uploads\/2025\/12\/Alain_Schenkels-1.jpg 728w, https:\/\/rrb.be\/rrb\/wp-content\/uploads\/2025\/12\/Alain_Schenkels-1-217x300.jpg 217w\" sizes=\"auto, (max-width: 728px) 100vw, 728px\" \/><button\n\t\t\tclass=\"lightbox-trigger\"\n\t\t\ttype=\"button\"\n\t\t\taria-haspopup=\"dialog\"\n\t\t\taria-label=\"Enlarge\"\n\t\t\tdata-wp-init=\"callbacks.initTriggerButton\"\n\t\t\tdata-wp-on--click=\"actions.showLightbox\"\n\t\t\tdata-wp-style--right=\"state.imageButtonRight\"\n\t\t\tdata-wp-style--top=\"state.imageButtonTop\"\n\t\t>\n\t\t\t<svg xmlns=\"http:\/\/www.w3.org\/2000\/svg\" width=\"12\" height=\"12\" fill=\"none\" viewBox=\"0 0 12 12\">\n\t\t\t\t<path fill=\"#fff\" d=\"M2 0a2 2 0 0 0-2 2v2h1.5V2a.5.5 0 0 1 .5-.5h2V0H2Zm2 10.5H2a.5.5 0 0 1-.5-.5V8H0v2a2 2 0 0 0 2 2h2v-1.5ZM8 12v-1.5h2a.5.5 0 0 0 .5-.5V8H12v2a2 2 0 0 1-2 2H8Zm2-12a2 2 0 0 1 2 2v2h-1.5V2a.5.5 0 0 0-.5-.5H8V0h2Z\" \/>\n\t\t\t<\/svg>\n\t\t<\/button><\/figure>\n\n\n\n<p>Cat\u00e9gorie(s) :<\/p>\n\n\n<div class=\"taxonomy-category wp-block-post-terms\"><a href=\"https:\/\/rrb.be\/rrb\/category\/conflits-guerres\/seconde-guerre-mondiale\/histoires-de-soldats-et-de-guerre\/\" rel=\"tag\">Histoires de soldats et de guerre<\/a><span class=\"wp-block-post-terms__separator\">, <\/span><a href=\"https:\/\/rrb.be\/rrb\/category\/conflits-guerres\/seconde-guerre-mondiale\/\" rel=\"tag\">Seconde guerre mondiale<\/a><span class=\"wp-block-post-terms__separator\">, <\/span><a href=\"https:\/\/rrb.be\/rrb\/category\/conflits-guerres\/seconde-guerre-mondiale\/soldats-allies-tues-a-lennemi\/\" rel=\"tag\">Soldats Alli\u00e9s tu\u00e9s \u00e0 l&rsquo;ennemi<\/a><\/div>\n\n\n<figure class=\"wp-block-embed is-type-wp-embed is-provider-alain-schenkels wp-block-embed-alain-schenkels\"><div class=\"wp-block-embed__wrapper\">\n<blockquote class=\"wp-embedded-content\" data-secret=\"rE9wNwBFJp\"><a href=\"https:\/\/rrb.be\/rrb\/seconde-guerre-mondiale\/\">Seconde Guerre Mondiale<\/a><\/blockquote><iframe loading=\"lazy\" class=\"wp-embedded-content\" sandbox=\"allow-scripts\" security=\"restricted\" style=\"position: absolute; visibility: hidden;\" title=\"\u00ab\u00a0Seconde Guerre Mondiale\u00a0\u00bb &#8212; Alain Schenkels\" src=\"https:\/\/rrb.be\/rrb\/seconde-guerre-mondiale\/embed\/#?secret=02XfJR3bfZ#?secret=rE9wNwBFJp\" data-secret=\"rE9wNwBFJp\" width=\"600\" height=\"338\" frameborder=\"0\" marginwidth=\"0\" marginheight=\"0\" scrolling=\"no\"><\/iframe>\n<\/div><\/figure>\n","protected":false},"excerpt":{"rendered":"<p>Frank PEREGORY est n\u00e9 le 10 avril 1916 \u00e0 Esmont, en Virginie, USA. Il \u00e9tait mari\u00e9 avec Bessie Geneva&nbsp;Kirby&nbsp;PEREGOY. Lors de la seconde guerre mondiale, le 3 f\u00e9vrier 1941, il est incorpor\u00e9 \u00e0&nbsp;Charlottesville VIRGINIA, sous le n\u00b0 de matricule : 20365455. Il est nomm\u00e9 sergent chef compagnie K, 3e bataillon du 116e r\u00e9giment d\u2019infanterie, 29e [&hellip;]<\/p>\n","protected":false},"author":1,"featured_media":1794,"parent":886,"menu_order":0,"comment_status":"closed","ping_status":"closed","template":"","meta":{"footnotes":""},"categories":[31,20,30],"tags":[],"class_list":["post-1793","page","type-page","status-publish","has-post-thumbnail","hentry","category-histoires-de-soldats-et-de-guerre","category-seconde-guerre-mondiale","category-soldats-allies-tues-a-lennemi"],"_links":{"self":[{"href":"https:\/\/rrb.be\/rrb\/wp-json\/wp\/v2\/pages\/1793","targetHints":{"allow":["GET"]}}],"collection":[{"href":"https:\/\/rrb.be\/rrb\/wp-json\/wp\/v2\/pages"}],"about":[{"href":"https:\/\/rrb.be\/rrb\/wp-json\/wp\/v2\/types\/page"}],"author":[{"embeddable":true,"href":"https:\/\/rrb.be\/rrb\/wp-json\/wp\/v2\/users\/1"}],"replies":[{"embeddable":true,"href":"https:\/\/rrb.be\/rrb\/wp-json\/wp\/v2\/comments?post=1793"}],"version-history":[{"count":4,"href":"https:\/\/rrb.be\/rrb\/wp-json\/wp\/v2\/pages\/1793\/revisions"}],"predecessor-version":[{"id":2638,"href":"https:\/\/rrb.be\/rrb\/wp-json\/wp\/v2\/pages\/1793\/revisions\/2638"}],"up":[{"embeddable":true,"href":"https:\/\/rrb.be\/rrb\/wp-json\/wp\/v2\/pages\/886"}],"wp:featuredmedia":[{"embeddable":true,"href":"https:\/\/rrb.be\/rrb\/wp-json\/wp\/v2\/media\/1794"}],"wp:attachment":[{"href":"https:\/\/rrb.be\/rrb\/wp-json\/wp\/v2\/media?parent=1793"}],"wp:term":[{"taxonomy":"category","embeddable":true,"href":"https:\/\/rrb.be\/rrb\/wp-json\/wp\/v2\/categories?post=1793"},{"taxonomy":"post_tag","embeddable":true,"href":"https:\/\/rrb.be\/rrb\/wp-json\/wp\/v2\/tags?post=1793"}],"curies":[{"name":"wp","href":"https:\/\/api.w.org\/{rel}","templated":true}]}}