{"id":1619,"date":"2026-01-11T15:25:52","date_gmt":"2026-01-11T15:25:52","guid":{"rendered":"https:\/\/rrb.be\/rrb\/?page_id=1619"},"modified":"2026-02-14T12:20:11","modified_gmt":"2026-02-14T12:20:11","slug":"histoire-de-la-belgique","status":"publish","type":"page","link":"https:\/\/rrb.be\/rrb\/histoire-de-la-belgique\/","title":{"rendered":"Histoire de la Belgique"},"content":{"rendered":"\n<p><strong>Sommaire :<\/strong><\/p>\n\n\n\n<ul class=\"wp-block-list\">\n<li><a href=\"https:\/\/rrb.be\/rrb\/25-aout-1830-21-juillet-1831-la-revolution-belge\/\">25 ao\u00fbt 1830 \u2013 21 juillet 1831 La R\u00e9volution belge<\/a><\/li>\n\n\n\n<li><a href=\"https:\/\/rrb.be\/rrb\/alexandre-gendebien-et-la-revolution-belge\/\">Alexandre GENDEBIEN et la R\u00e9volution belge<\/a><\/li>\n\n\n\n<li><a href=\"https:\/\/rrb.be\/rrb\/le-patriotisme-un-heritage-que-je-porte-fierement-dans-mon-coeur\/\">Le patriotisme, un h\u00e9ritage que je porte fi\u00e8rement dans mon c\u0153ur<\/a><\/li>\n\n\n\n<li><a href=\"https:\/\/rrb.be\/rrb\/premiere-guerre-mondiale\/\">Premi\u00e8re Guerre Mondiale<\/a><\/li>\n\n\n\n<li><a href=\"https:\/\/rrb.be\/rrb\/seconde-guerre-mondiale\/\">Seconde Guerre Mondiale<\/a><\/li>\n\n\n\n<li><a href=\"https:\/\/rrb.be\/rrb\/genocide-rwandais-le-7-avril-1994-10-de-nos-soldats-executes-800-000-personnes-assassinees\/\">G\u00e9nocide rwandais : Le 7 avril 1994, 10 de nos soldats ex\u00e9cut\u00e9s, 800 000 personnes assassin\u00e9es<\/a><\/li>\n\n\n\n<li>Autres sujets \u00e0 venir<\/li>\n<\/ul>\n\n\n\n<p>Par Alain Schenkels<\/p>\n\n\n\n<figure data-wp-context=\"{&quot;imageId&quot;:&quot;69f0ed8daa39e&quot;}\" data-wp-interactive=\"core\/image\" data-wp-key=\"69f0ed8daa39e\" class=\"wp-block-image size-full is-resized wp-lightbox-container\"><img loading=\"lazy\" decoding=\"async\" width=\"728\" height=\"1006\" data-wp-class--hide=\"state.isContentHidden\" data-wp-class--show=\"state.isContentVisible\" data-wp-init=\"callbacks.setButtonStyles\" data-wp-on--click=\"actions.showLightbox\" data-wp-on--load=\"callbacks.setButtonStyles\" data-wp-on-window--resize=\"callbacks.setButtonStyles\" src=\"http:\/\/rrb.be\/rrb\/wp-content\/uploads\/2025\/12\/Alain_Schenkels-1.jpg\" alt=\"\" class=\"wp-image-329\" style=\"width:253px;height:auto\" srcset=\"https:\/\/rrb.be\/rrb\/wp-content\/uploads\/2025\/12\/Alain_Schenkels-1.jpg 728w, https:\/\/rrb.be\/rrb\/wp-content\/uploads\/2025\/12\/Alain_Schenkels-1-217x300.jpg 217w\" sizes=\"auto, (max-width: 728px) 100vw, 728px\" \/><button\n\t\t\tclass=\"lightbox-trigger\"\n\t\t\ttype=\"button\"\n\t\t\taria-haspopup=\"dialog\"\n\t\t\taria-label=\"Enlarge\"\n\t\t\tdata-wp-init=\"callbacks.initTriggerButton\"\n\t\t\tdata-wp-on--click=\"actions.showLightbox\"\n\t\t\tdata-wp-style--right=\"state.imageButtonRight\"\n\t\t\tdata-wp-style--top=\"state.imageButtonTop\"\n\t\t>\n\t\t\t<svg xmlns=\"http:\/\/www.w3.org\/2000\/svg\" width=\"12\" height=\"12\" fill=\"none\" viewBox=\"0 0 12 12\">\n\t\t\t\t<path fill=\"#fff\" d=\"M2 0a2 2 0 0 0-2 2v2h1.5V2a.5.5 0 0 1 .5-.5h2V0H2Zm2 10.5H2a.5.5 0 0 1-.5-.5V8H0v2a2 2 0 0 0 2 2h2v-1.5ZM8 12v-1.5h2a.5.5 0 0 0 .5-.5V8H12v2a2 2 0 0 1-2 2H8Zm2-12a2 2 0 0 1 2 2v2h-1.5V2a.5.5 0 0 0-.5-.5H8V0h2Z\" \/>\n\t\t\t<\/svg>\n\t\t<\/button><\/figure>\n","protected":false},"excerpt":{"rendered":"<p>Sommaire : Par Alain Schenkels<\/p>\n","protected":false},"author":1,"featured_media":1620,"parent":0,"menu_order":0,"comment_status":"closed","ping_status":"closed","template":"","meta":{"footnotes":""},"categories":[],"tags":[],"class_list":["post-1619","page","type-page","status-publish","has-post-thumbnail","hentry"],"_links":{"self":[{"href":"https:\/\/rrb.be\/rrb\/wp-json\/wp\/v2\/pages\/1619","targetHints":{"allow":["GET"]}}],"collection":[{"href":"https:\/\/rrb.be\/rrb\/wp-json\/wp\/v2\/pages"}],"about":[{"href":"https:\/\/rrb.be\/rrb\/wp-json\/wp\/v2\/types\/page"}],"author":[{"embeddable":true,"href":"https:\/\/rrb.be\/rrb\/wp-json\/wp\/v2\/users\/1"}],"replies":[{"embeddable":true,"href":"https:\/\/rrb.be\/rrb\/wp-json\/wp\/v2\/comments?post=1619"}],"version-history":[{"count":7,"href":"https:\/\/rrb.be\/rrb\/wp-json\/wp\/v2\/pages\/1619\/revisions"}],"predecessor-version":[{"id":3458,"href":"https:\/\/rrb.be\/rrb\/wp-json\/wp\/v2\/pages\/1619\/revisions\/3458"}],"wp:featuredmedia":[{"embeddable":true,"href":"https:\/\/rrb.be\/rrb\/wp-json\/wp\/v2\/media\/1620"}],"wp:attachment":[{"href":"https:\/\/rrb.be\/rrb\/wp-json\/wp\/v2\/media?parent=1619"}],"wp:term":[{"taxonomy":"category","embeddable":true,"href":"https:\/\/rrb.be\/rrb\/wp-json\/wp\/v2\/categories?post=1619"},{"taxonomy":"post_tag","embeddable":true,"href":"https:\/\/rrb.be\/rrb\/wp-json\/wp\/v2\/tags?post=1619"}],"curies":[{"name":"wp","href":"https:\/\/api.w.org\/{rel}","templated":true}]}}