{"id":1587,"date":"2026-01-11T12:01:58","date_gmt":"2026-01-11T12:01:58","guid":{"rendered":"https:\/\/rrb.be\/rrb\/?page_id=1587"},"modified":"2026-02-08T22:04:19","modified_gmt":"2026-02-08T22:04:19","slug":"la-reddition-a-el-alamein-en-novembre-1942-dun-soldat-italien-histoire-de-cette-bataille","status":"publish","type":"page","link":"https:\/\/rrb.be\/rrb\/seconde-guerre-mondiale\/la-reddition-a-el-alamein-en-novembre-1942-dun-soldat-italien-histoire-de-cette-bataille\/","title":{"rendered":"Seconde Guerre Mondiale : La reddition \u00e0 El-Alamein en novembre 1942 d\u2019un soldat Italien \u2013 Histoire de cette bataille"},"content":{"rendered":"\n<p><strong>Un soldat italien, les mains en l\u2019air, se rend aux Alli\u00e9s en novembre 1942, lors de la seconde bataille d\u2019El-Alamein. \u00c0 travers cette image, c\u2019est tout un pan de la guerre du d\u00e9sert qui resurgit, un moment charni\u00e8re o\u00f9 la sup\u00e9riorit\u00e9 alli\u00e9e force les troupes italo-allemandes \u00e0 battre en retraite.<\/strong><\/p>\n\n\n\n<p>Le visage de ce soldat, marqu\u00e9 par la fatigue et la r\u00e9signation, refl\u00e8te le sort de milliers d\u2019autres hommes. Pr\u00e8s de 30\u202f000 soldats de l\u2019Axe se sont rendus \u00e0 une arm\u00e9e alli\u00e9e qui rassemblait plus de 200\u202f000 hommes \u2013 un chiffre qui d\u00e9montre du d\u00e9s\u00e9quilibre des forces et du d\u00e9sarroi r\u00e9gnant chez les d\u00e9fenseurs de l\u2019Axe.<\/p>\n\n\n\n<p>Cet homme a surv\u00e9cu, contrairement \u00e0 plus de 20\u202f000 de ses camarades, tu\u00e9s avant la fin de cette bataille. L\u2019image de sa reddition d\u00e9montre \u00e0 la fois de la violence extr\u00eame du conflit et de la fin brutale de l\u2019avanc\u00e9e italo-allemande en Afrique du Nord, victoire marquante des Alli\u00e9s.<\/p>\n\n\n\n<p>La bataille d\u2019El-Alamein s\u2019est d\u00e9roul\u00e9e en deux temps\u202f: d\u2019abord durant l\u2019\u00e9t\u00e9, puis \u00e0 l\u2019automne 1942, sous le commandement du c\u00e9l\u00e8bre g\u00e9n\u00e9ral Rommel pour l\u2019Axe et du g\u00e9n\u00e9ral Montgomery pour les Alli\u00e9s. <br>La sup\u00e9riorit\u00e9 en hommes et en mat\u00e9riel, conjugu\u00e9e \u00e0 l\u2019habilet\u00e9 strat\u00e9gique alli\u00e9e, a fini par briser la r\u00e9sistance des troupes ennemies et entra\u00eener leur repli vers l\u2019Italie.<\/p>\n\n\n\n<p>Le geste de ce soldat, comme celui de milliers d\u2019autres, symbolise le basculement de la guerre. <br>La d\u00e9route de l\u2019Axe \u00e0 El-Alamein a ouvert la voie \u00e0 la reconqu\u00eate de la Libye et de la Tunisie, affaiblissant durablement les espoirs allemands et italiens sur ce front.<\/p>\n\n\n\n<h2 class=\"wp-block-heading\">La seconde&nbsp;bataille d\u2019El-Alamein :&nbsp;<br>Histoire et d\u00e9roulement des combats<\/h2>\n\n\n\n<figure data-wp-context=\"{&quot;imageId&quot;:&quot;69ea6a99bbf8b&quot;}\" data-wp-interactive=\"core\/image\" data-wp-key=\"69ea6a99bbf8b\" class=\"wp-block-image size-full is-resized wp-lightbox-container\"><img loading=\"lazy\" decoding=\"async\" width=\"612\" height=\"484\" data-wp-class--hide=\"state.isContentHidden\" data-wp-class--show=\"state.isContentVisible\" data-wp-init=\"callbacks.setButtonStyles\" data-wp-on--click=\"actions.showLightbox\" data-wp-on--load=\"callbacks.setButtonStyles\" data-wp-on-window--resize=\"callbacks.setButtonStyles\" src=\"https:\/\/rrb.be\/rrb\/wp-content\/uploads\/2026\/01\/El-Alamein-soldat-ennemi-tue.jpeg\" alt=\"\" class=\"wp-image-1589\" style=\"width:319px;height:auto\" srcset=\"https:\/\/rrb.be\/rrb\/wp-content\/uploads\/2026\/01\/El-Alamein-soldat-ennemi-tue.jpeg 612w, https:\/\/rrb.be\/rrb\/wp-content\/uploads\/2026\/01\/El-Alamein-soldat-ennemi-tue-300x237.jpeg 300w\" sizes=\"auto, (max-width: 612px) 100vw, 612px\" \/><button\n\t\t\tclass=\"lightbox-trigger\"\n\t\t\ttype=\"button\"\n\t\t\taria-haspopup=\"dialog\"\n\t\t\taria-label=\"Enlarge\"\n\t\t\tdata-wp-init=\"callbacks.initTriggerButton\"\n\t\t\tdata-wp-on--click=\"actions.showLightbox\"\n\t\t\tdata-wp-style--right=\"state.imageButtonRight\"\n\t\t\tdata-wp-style--top=\"state.imageButtonTop\"\n\t\t>\n\t\t\t<svg xmlns=\"http:\/\/www.w3.org\/2000\/svg\" width=\"12\" height=\"12\" fill=\"none\" viewBox=\"0 0 12 12\">\n\t\t\t\t<path fill=\"#fff\" d=\"M2 0a2 2 0 0 0-2 2v2h1.5V2a.5.5 0 0 1 .5-.5h2V0H2Zm2 10.5H2a.5.5 0 0 1-.5-.5V8H0v2a2 2 0 0 0 2 2h2v-1.5ZM8 12v-1.5h2a.5.5 0 0 0 .5-.5V8H12v2a2 2 0 0 1-2 2H8Zm2-12a2 2 0 0 1 2 2v2h-1.5V2a.5.5 0 0 0-.5-.5H8V0h2Z\" \/>\n\t\t\t<\/svg>\n\t\t<\/button><\/figure>\n\n\n\n<p>Elle s\u2019est d\u00e9roul\u00e9e du 23 octobre au 4 novembre 1942, en \u00c9gypte, dans le cadre de la campagne d\u2019Afrique du Nord. Elle a oppos\u00e9 la 8\u1d49 arm\u00e9e britannique, command\u00e9e par le g\u00e9n\u00e9ral Bernard Montgomery, aux forces de l\u2019Axe dirig\u00e9es par le mar\u00e9chal Erwin Rommel. Ce conflit a \u00e9t\u00e9 d\u00e9cisif car il a marqu\u00e9 un point de bascule dans la guerre, mettant fin \u00e0 l\u2019avanc\u00e9e germano-italienne vers le canal de Suez.<\/p>\n\n\n\n<p>Avant le d\u00e9clenchement de l\u2019offensive alli\u00e9e, les deux camps ont renforc\u00e9 leurs dispositifs. Montgomery disposait d\u2019environ 200\u202f000 hommes et plus de 1\u202f000 chars, contre 104\u202f000 hommes et pr\u00e8s de 500 chars (principalement italiens) pour Rommel. Toutefois, ce dernier souffrait de p\u00e9nuries chroniques de carburant, de munitions et de mat\u00e9riels du fait de l\u2019efficacit\u00e9 du blocus britannique en M\u00e9diterran\u00e9e.<\/p>\n\n\n\n<p>Montgomery lance l\u2019op\u00e9ration&nbsp;Lightfoot&nbsp;le 23 octobre 1942, commen\u00e7ant par un violent bombardement d\u2019artillerie destin\u00e9 \u00e0 d\u00e9sorganiser les lignes ennemies. Son plan consiste \u00e0 ouvrir deux larges couloirs \u00e0 travers les champs de mines du front nord, ce qui devait permettre ensuite l\u2019engagement massif des blind\u00e9s britanniques. Parall\u00e8lement, des op\u00e9rations de diversion sont men\u00e9es sur d\u2019autres secteurs pour tromper les forces de l\u2019Axe.<\/p>\n\n\n\n<p>Les premi\u00e8res 48 heures voient des progr\u00e8s difficiles, l\u2019avanc\u00e9e butant sur la r\u00e9sistance acharn\u00e9e et les champs de mines. N\u00e9anmoins, l\u2019infanterie, soutenue par l\u2019artillerie et l\u2019aviation alli\u00e9es, finit par cr\u00e9er des br\u00e8ches, permettant aux tanks de percer plus au centre.<\/p>\n\n\n\n<p>Les combats deviennent particuli\u00e8rement f\u00e9roces \u00e0 partir de la fin octobre. Les pertes en hommes et en mat\u00e9riel sont s\u00e9v\u00e8res des deux c\u00f4t\u00e9s\u202f: on estime que plus de 330 chars et plus de 110 canons furent d\u00e9truits rien que pour les Alli\u00e9s, tandis que l\u2019Axe perdit entre 330 et 450 chars, et plus de mille canons de diverses cat\u00e9gories.<\/p>\n\n\n\n<p>Au Sud, la division blind\u00e9e Ariete et le XX\u1d49 corps italien sont an\u00e9antis ou captur\u00e9s, alors que les blind\u00e9s britanniques, mieux ravitaill\u00e9s et plus nombreux, progressent. L\u2019aviation alli\u00e9e assure une sup\u00e9riorit\u00e9 certaine, entravant la mobilit\u00e9 de l\u2019Afrika Korps et causant des ravages sur les colonnes ennemies en retraite.<\/p>\n\n\n\n<p>Devant l\u2019enfoncement de ses lignes, Rommel ordonne finalement la retraite le 4 novembre. Faiblement motoris\u00e9es et manquant de moyens pour fuir rapidement, de nombreuses unit\u00e9s de l\u2019Axe sont captur\u00e9es.<\/p>\n\n\n\n<p><strong>Pertes alli\u00e9es et ennemies :<\/strong><\/p>\n\n\n\n<ul class=\"wp-block-list\">\n<li>C\u00f4t\u00e9 alli\u00e9s : 4 710 hommes sont tu\u00e9s (en ce compris les disparus), 8 950 autres sont bless\u00e9s<\/li>\n\n\n\n<li>C\u00f4t\u00e9 allemand et italien : 20 000 hommes sont tu\u00e9s et 30 000 autres captur\u00e9s<\/li>\n<\/ul>\n\n\n\n<blockquote class=\"wp-block-quote is-layout-flow wp-block-quote-is-layout-flow\">\n<p><strong>Ces chiffres d\u00e9montrent une \u00e9crasante victoire alli\u00e9e sur les forces de l\u2019Axe<\/strong><br>La seconde bataille d\u2019El-Alamein demeure l\u2019une des victoires alli\u00e9es les plus embl\u00e9matiques et un tournant de la Seconde Guerre mondiale en M\u00e9diterran\u00e9e et en Afrique du Nord<\/p>\n<\/blockquote>\n\n\n\n<h2 class=\"wp-block-heading\">R\u00e9f\u00e9rences : <\/h2>\n\n\n\n<ul class=\"wp-block-list\">\n<li><strong>Photos<\/strong> : Collection the Library of Congress, Washington<br>=&gt; Ent\u00eate : Soldat italien qui se rend<br>=&gt; Article : soldat de l\u2019Axe tu\u00e9<\/li>\n\n\n\n<li><strong>Beno\u00eet Rondeau.<\/strong>&nbsp;(2025).&nbsp;<em>Il y a 83 ans El Alamein : victoire d\u00e9cisive ?<\/em><\/li>\n\n\n\n<li><strong>Chemins de m\u00e9moire<\/strong>&nbsp;(Minist\u00e8re des Arm\u00e9es). (2025). \u00ab Octobre-novembre 1942. La bataille d\u2019El Alamein \u00bb.<\/li>\n\n\n\n<li><strong>World History Encyclopedia<\/strong>. (2024). \u00ab Seconde Bataille d\u2019El-Alamein \u00bb.<\/li>\n\n\n\n<li><strong>Latimer J.<\/strong>&nbsp;(2009).&nbsp;<em>Alamein<\/em>. Paris : Economica (trad. fr.).<br>D\u00e9taille les chiffres : 13 500 pertes alli\u00e9es (4 710 tu\u00e9s), 50 000 pertes Axe (20 000 tu\u00e9s).<\/li>\n\n\n\n<li><strong>Montgomery B. L.<\/strong>&nbsp;(1958).&nbsp;<em>The Memoirs of Field-Marshal Montgomery<\/em>. Londres : Collins.<br>T\u00e9moignage direct du commandant, sur l\u2019op\u00e9ration Lightfoot et la retraite de Rommel.<\/li>\n\n\n\n<li><strong>Imperial War Museum (IWM, Londres)<\/strong>. (1942). Fonds photographiques : captures italiennes \u00e0 El Alamein (r\u00e9f. H 22000 series)<\/li>\n<\/ul>\n\n\n\n<p>Par Alain Schenkels<\/p>\n\n\n\n<figure data-wp-context=\"{&quot;imageId&quot;:&quot;69ea6a99bc992&quot;}\" data-wp-interactive=\"core\/image\" data-wp-key=\"69ea6a99bc992\" class=\"wp-block-image size-full is-resized wp-lightbox-container\"><img loading=\"lazy\" decoding=\"async\" width=\"728\" height=\"1006\" data-wp-class--hide=\"state.isContentHidden\" data-wp-class--show=\"state.isContentVisible\" data-wp-init=\"callbacks.setButtonStyles\" data-wp-on--click=\"actions.showLightbox\" data-wp-on--load=\"callbacks.setButtonStyles\" data-wp-on-window--resize=\"callbacks.setButtonStyles\" src=\"http:\/\/rrb.be\/rrb\/wp-content\/uploads\/2025\/12\/Alain_Schenkels-1.jpg\" alt=\"\" class=\"wp-image-329\" style=\"width:259px;height:auto\" srcset=\"https:\/\/rrb.be\/rrb\/wp-content\/uploads\/2025\/12\/Alain_Schenkels-1.jpg 728w, https:\/\/rrb.be\/rrb\/wp-content\/uploads\/2025\/12\/Alain_Schenkels-1-217x300.jpg 217w\" sizes=\"auto, (max-width: 728px) 100vw, 728px\" \/><button\n\t\t\tclass=\"lightbox-trigger\"\n\t\t\ttype=\"button\"\n\t\t\taria-haspopup=\"dialog\"\n\t\t\taria-label=\"Enlarge\"\n\t\t\tdata-wp-init=\"callbacks.initTriggerButton\"\n\t\t\tdata-wp-on--click=\"actions.showLightbox\"\n\t\t\tdata-wp-style--right=\"state.imageButtonRight\"\n\t\t\tdata-wp-style--top=\"state.imageButtonTop\"\n\t\t>\n\t\t\t<svg xmlns=\"http:\/\/www.w3.org\/2000\/svg\" width=\"12\" height=\"12\" fill=\"none\" viewBox=\"0 0 12 12\">\n\t\t\t\t<path fill=\"#fff\" d=\"M2 0a2 2 0 0 0-2 2v2h1.5V2a.5.5 0 0 1 .5-.5h2V0H2Zm2 10.5H2a.5.5 0 0 1-.5-.5V8H0v2a2 2 0 0 0 2 2h2v-1.5ZM8 12v-1.5h2a.5.5 0 0 0 .5-.5V8H12v2a2 2 0 0 1-2 2H8Zm2-12a2 2 0 0 1 2 2v2h-1.5V2a.5.5 0 0 0-.5-.5H8V0h2Z\" \/>\n\t\t\t<\/svg>\n\t\t<\/button><\/figure>\n\n\n\n<p>Cat\u00e9gorie(s) :<\/p>\n\n\n<div class=\"taxonomy-category wp-block-post-terms\"><a href=\"https:\/\/rrb.be\/rrb\/category\/conflits-guerres\/seconde-guerre-mondiale\/histoires-de-soldats-et-de-guerre\/\" rel=\"tag\">Histoires de soldats et de guerre<\/a><span class=\"wp-block-post-terms__separator\">, <\/span><a href=\"https:\/\/rrb.be\/rrb\/category\/conflits-guerres\/seconde-guerre-mondiale\/\" rel=\"tag\">Seconde guerre mondiale<\/a><span class=\"wp-block-post-terms__separator\">, <\/span><a href=\"https:\/\/rrb.be\/rrb\/category\/conflits-guerres\/seconde-guerre-mondiale\/soldats-ennemis-de-laxe\/\" rel=\"tag\">Soldats ennemis de l&rsquo;Axe<\/a><\/div>\n\n\n<figure class=\"wp-block-embed is-type-wp-embed is-provider-alain-schenkels wp-block-embed-alain-schenkels\"><div class=\"wp-block-embed__wrapper\">\n<blockquote class=\"wp-embedded-content\" data-secret=\"hsTi7KPekO\"><a href=\"https:\/\/rrb.be\/rrb\/seconde-guerre-mondiale\/\">Seconde Guerre Mondiale<\/a><\/blockquote><iframe loading=\"lazy\" class=\"wp-embedded-content\" sandbox=\"allow-scripts\" security=\"restricted\" style=\"position: absolute; visibility: hidden;\" title=\"\u00ab\u00a0Seconde Guerre Mondiale\u00a0\u00bb &#8212; Alain Schenkels\" src=\"https:\/\/rrb.be\/rrb\/seconde-guerre-mondiale\/embed\/#?secret=gn9XLrppfv#?secret=hsTi7KPekO\" data-secret=\"hsTi7KPekO\" width=\"600\" height=\"338\" frameborder=\"0\" marginwidth=\"0\" marginheight=\"0\" scrolling=\"no\"><\/iframe>\n<\/div><\/figure>\n","protected":false},"excerpt":{"rendered":"<p>Un soldat italien, les mains en l\u2019air, se rend aux Alli\u00e9s en novembre 1942, lors de la seconde bataille d\u2019El-Alamein. \u00c0 travers cette image, c\u2019est tout un pan de la guerre du d\u00e9sert qui resurgit, un moment charni\u00e8re o\u00f9 la sup\u00e9riorit\u00e9 alli\u00e9e force les troupes italo-allemandes \u00e0 battre en retraite. Le visage de ce soldat, [&hellip;]<\/p>\n","protected":false},"author":1,"featured_media":1588,"parent":886,"menu_order":0,"comment_status":"closed","ping_status":"closed","template":"","meta":{"footnotes":""},"categories":[31,20,32],"tags":[],"class_list":["post-1587","page","type-page","status-publish","has-post-thumbnail","hentry","category-histoires-de-soldats-et-de-guerre","category-seconde-guerre-mondiale","category-soldats-ennemis-de-laxe"],"_links":{"self":[{"href":"https:\/\/rrb.be\/rrb\/wp-json\/wp\/v2\/pages\/1587","targetHints":{"allow":["GET"]}}],"collection":[{"href":"https:\/\/rrb.be\/rrb\/wp-json\/wp\/v2\/pages"}],"about":[{"href":"https:\/\/rrb.be\/rrb\/wp-json\/wp\/v2\/types\/page"}],"author":[{"embeddable":true,"href":"https:\/\/rrb.be\/rrb\/wp-json\/wp\/v2\/users\/1"}],"replies":[{"embeddable":true,"href":"https:\/\/rrb.be\/rrb\/wp-json\/wp\/v2\/comments?post=1587"}],"version-history":[{"count":6,"href":"https:\/\/rrb.be\/rrb\/wp-json\/wp\/v2\/pages\/1587\/revisions"}],"predecessor-version":[{"id":2640,"href":"https:\/\/rrb.be\/rrb\/wp-json\/wp\/v2\/pages\/1587\/revisions\/2640"}],"up":[{"embeddable":true,"href":"https:\/\/rrb.be\/rrb\/wp-json\/wp\/v2\/pages\/886"}],"wp:featuredmedia":[{"embeddable":true,"href":"https:\/\/rrb.be\/rrb\/wp-json\/wp\/v2\/media\/1588"}],"wp:attachment":[{"href":"https:\/\/rrb.be\/rrb\/wp-json\/wp\/v2\/media?parent=1587"}],"wp:term":[{"taxonomy":"category","embeddable":true,"href":"https:\/\/rrb.be\/rrb\/wp-json\/wp\/v2\/categories?post=1587"},{"taxonomy":"post_tag","embeddable":true,"href":"https:\/\/rrb.be\/rrb\/wp-json\/wp\/v2\/tags?post=1587"}],"curies":[{"name":"wp","href":"https:\/\/api.w.org\/{rel}","templated":true}]}}