{"id":1522,"date":"2026-01-11T09:43:54","date_gmt":"2026-01-11T09:43:54","guid":{"rendered":"https:\/\/rrb.be\/rrb\/?page_id=1522"},"modified":"2026-02-08T22:05:19","modified_gmt":"2026-02-08T22:05:19","slug":"trois-mitrailleuses-allemandes-un-homme-lexploit-du-sous-lieutenant-americain-charles-w-shea","status":"publish","type":"page","link":"https:\/\/rrb.be\/rrb\/seconde-guerre-mondiale\/trois-mitrailleuses-allemandes-un-homme-lexploit-du-sous-lieutenant-americain-charles-w-shea\/","title":{"rendered":"Seconde Guerre Mondiale : Trois mitrailleuses allemandes, un homme: l\u2019exploit du sous-lieutenant am\u00e9ricain Charles W. Shea"},"content":{"rendered":"\n<p>Le 12 mai 1944, le sous-lieutenant Charles W. Shea, 22 ans, originaire de New York, servait au sein de la compagnie F, 350e r\u00e9giment d\u2019infanterie, 88e division d\u2019infanterie, pr\u00e8s du mont Damiano, en Italie. Ce jour-l\u00e0, la compagnie de Shea progressait sur une colline dans le cadre d\u2019une offensive contre des forces allemandes solidement retranch\u00e9es, lorsqu\u2019elle fut soudain prise sous un feu nourri de mitrailleuses provenant de trois positions ennemies. Les tireurs allemands b\u00e9n\u00e9ficiaient d\u2019un angle de tir parfait, et leur feu stoppa l\u2019avanc\u00e9e de la compagnie. De nombreux hommes furent tu\u00e9s, d\u2019autres bless\u00e9s et le reste de la compagnie se retrouva clou\u00e9 au sol.<\/p>\n\n\n\n<p>Shea \u00e9valua la situation et comprit que, tant que les mitrailleuses ne seraient pas neutralis\u00e9es, son unit\u00e9 ne pourrait pas avancer. Sans attendre d\u2019ordres, il d\u00e9cida d\u2019agir. Il s\u2019avan\u00e7a seul, rampant et se baissant sous les tirs sporadiques. Chacun de ses mouvements \u00e9tait calcul\u00e9, car les tireurs ennemis scrutaient le moindre signe de mouvement.<\/p>\n\n\n\n<p>Arriv\u00e9 \u00e0 la premi\u00e8re position de mitrailleuse, Shea d\u00e9goupilla une grenade \u00e0 main et la lan\u00e7a en direction de la position. L\u2019explosion fit mouche, et alors que la fum\u00e9e se dissipait, il s\u2019approcha rapidement, fusil pr\u00eat \u00e0 tirer. Il trouva quatre soldats allemands h\u00e9b\u00e9t\u00e9s, qui l\u00e2ch\u00e8rent leurs armes et se rendirent. Shea les d\u00e9sarma et leur fit signe de se diriger vers l\u2019arri\u00e8re, s\u2019assurant qu\u2019ils ne repr\u00e9sentaient plus une menace.<\/p>\n\n\n\n<p>Avec la premi\u00e8re position s\u00e9curis\u00e9e, Shea n\u2019h\u00e9sita pas. Il savait que les deux autres nids de mitrailleuses continuaient de tirer sur sa compagnie. Il se dirigea prudemment vers la deuxi\u00e8me position, rampant dans les hautes herbes et utilisant chaque recoin comme couverture. \u00c0 mesure qu\u2019il approchait, il entendait les d\u00e9tonations s\u00e8ches des fusils m\u00eal\u00e9es aux rafales r\u00e9guli\u00e8res de la mitrailleuse. Il s\u2019approcha suffisamment, puis, avec un timing pr\u00e9cis, lan\u00e7a une autre grenade. L\u2019explosion surprit les deux soldats Allemands qui se rendirent sans r\u00e9sistance.<\/p>\n\n\n\n<p>Pendant que Shea s\u2019occupait de la deuxi\u00e8me position, la troisi\u00e8me mitrailleuse ouvrit le feu directement sur lui. Il eut \u00e0 peine le temps de se jeter au sol alors que les balles soulevaient la terre autour de lui. Allong\u00e9, il tenta d\u2019estimer la distance et le nombre de soldats ennemis dans le nid. Sachant que rester immobile ferait de lui une cible facile, il d\u00e9cida d\u2019agir rapidement et avec audace.<\/p>\n\n\n\n<p>Shea se leva soudain et chargea directement la position de mitrailleuse, son fusil point\u00e9 sur l\u2019ennemi. Les tireurs allemands, pris de court par son audace, tent\u00e8rent de r\u00e9orienter leur arme vers lui pour le descendre, mais Shea tira en avan\u00e7ant, ses tirs sont pr\u00e9cis et mortels. <br>Un \u00e0 un, il abattit les trois soldats ennemis qui op\u00e9raient la mitrailleuse.<\/p>\n\n\n\n<p>Avec les trois positions de mitrailleuses \u00e9limin\u00e9es, la voie vers le sommet de la colline \u00e9tait libre. Shea fit signe \u00e0 ses hommes, et la compagnie reprit son avanc\u00e9e. Son assaut courageux contre les positions fortifi\u00e9es inspira ses camarades et permit \u00e0 la compagnie de poursuivre sa mission.<\/p>\n\n\n\n<blockquote class=\"wp-block-quote is-layout-flow wp-block-quote-is-layout-flow\">\n<p>L\u2019exploit h\u00e9ro\u00efque de ce sous-lieutenant de 22 ans a non seulement permis \u00e0 sa compagnie de progresser, mais il a \u00e9galement sauv\u00e9 la vie de nombreux de ses hommes qui, sans son intervention, auraient \u00e9t\u00e9 fauch\u00e9s par les tirs crois\u00e9s de trois nids de mitrailleuses allemandes. Puisant une force extraordinaire en lui-m\u00eame, il s\u2019est \u00e9lanc\u00e9, seul, \u00e0 l\u2019assaut de ces positions ennemies et les a neutralis\u00e9es une \u00e0 une capturant ou tuant les mitrailleurs ennemis. Son acte de bravoure, exceptionnel et exemplaire, demeure un magnifique fait d\u2019armes.<\/p>\n<\/blockquote>\n\n\n\n<p>Pour son extraordinaire bravoure et son leadership sous le feu, Charles W. Shea re\u00e7ut la M\u00e9daille d\u2019Honneur le 12 janvier 1945. Apr\u00e8s la guerre, il continua \u00e0 servir son pays, rejoignant la Garde nationale de New York en 1949 et prenant finalement sa retraite avec le grade de colonel en 1972. Il est d\u00e9c\u00e9d\u00e9 le 7 avril 1994, \u00e0 l\u2019\u00e2ge de 72 ans, et a \u00e9t\u00e9 enterr\u00e9 au Long Island National Cemetery, \u00e0 Farmingdale, New York.<\/p>\n\n\n\n<h2 class=\"wp-block-heading\">La citation officielle de la M\u00e9daille d\u2019Honneur de Shea se lit ainsi\u202f:<\/h2>\n\n\n\n<p><em>Pour une bravoure et une intr\u00e9pidit\u00e9 remarquables au p\u00e9ril de sa vie, au-del\u00e0 du devoir, le 12 mai 1944, pr\u00e8s du mont Damiano, en Italie. Alors que le sous-lieutenant Shea et sa compagnie avan\u00e7aient vers une colline occup\u00e9e par l\u2019ennemi, trois mitrailleuses ennemies ouvrirent soudainement le feu, infligeant de lourdes pertes \u00e0 la compagnie et stoppant son avanc\u00e9e. Le sous-lieutenant Shea s\u2019avan\u00e7a imm\u00e9diatement pour \u00e9liminer ces nids de mitrailleuses afin de permettre \u00e0 sa compagnie de poursuivre l\u2019attaque. <\/em><br><br><em>La gr\u00eale mortelle des tirs de mitrailleuses le cloua d\u2019abord au sol, mais poursuivant courageusement son avanc\u00e9e, le sous-lieutenant Shea se glissa jusqu\u2019au premier nid. Jetant plusieurs grenades \u00e0 main, il for\u00e7a les quatre soldats ennemis qui occupaient cette position \u00e0 se rendre et, apr\u00e8s les avoir d\u00e9sarm\u00e9s, il les envoya \u00e0 l\u2019arri\u00e8re. Il rampa ensuite jusqu\u2019\u00e0 la deuxi\u00e8me position de mitrailleuse et, apr\u00e8s un bref \u00e9change de tirs, for\u00e7a deux autres soldats allemands \u00e0 se rendre. <\/em><br><br><em>\u00c0 ce moment-l\u00e0, la troisi\u00e8me mitrailleuse ouvrit le feu sur lui et, alors que des tirs d\u2019armes l\u00e9g\u00e8res mortels criblaient la terre autour de lui, le sous-lieutenant Shea rampa vers le nid. Soudain, il se leva et chargea l\u2019emplacement\u202f; avec des tirs pr\u00e9cis de son fusil, il tua les trois servants ennemis de la mitrailleuse. L\u2019acte de bravoure personnelle du sous-lieutenant Shea fut une source d\u2019inspiration pour les officiers et les hommes de sa compagnie.<\/em><\/p>\n\n\n\n<h2 class=\"wp-block-heading\">R\u00e9f\u00e9rences :<\/h2>\n\n\n\n<ul class=\"wp-block-list\">\n<li><strong>Cr\u00e9dit photo <\/strong>: Scene in Monticinini, Italy. Closeup of Lieut. Shea of New York City with Medal of Honor<\/li>\n\n\n\n<li><strong>Congressional Medal of Honor Society<\/strong>&nbsp;: D\u00e9tails complets de la citation et biographie de Shea, confirmant l&rsquo;attaque solo contre trois nids de mitrailleuses (4 captur\u00e9s, 3 tu\u00e9s), l&rsquo;\u00e2ge de 22 ans, et sa carri\u00e8re post-guerre jusqu&rsquo;au grade de colonel.<\/li>\n\n\n\n<li><strong>U.S. Army Center of Military History<\/strong>&nbsp;: Archives officielles de la 88e Infantry Division, campagne d&rsquo;Italie 1944, avec carte du secteur mont Damiano (Ciociaria, Italie centrale).<\/li>\n\n\n\n<li><strong>Hall of Valor (Military Times)<\/strong>&nbsp;: Citation exacte de la Medal of Honor d\u00e9cern\u00e9e le 12 janvier 1945.<\/li>\n\n\n\n<li><strong>Long Island National Cemetery<\/strong>&nbsp;: Registre de d\u00e9c\u00e8s confirmant le 7 avril 1994 \u00e0 72 ans, Farmingdale, NY.<\/li>\n\n\n\n<li><strong>Fold3\/NARA Records<\/strong>&nbsp;: Rapport d&rsquo;action de la compagnie F, 350e RI, dat\u00e9 mai 1944, accessible via archives num\u00e9ris\u00e9es WWII.<\/li>\n<\/ul>\n\n\n\n<p>Par Alain Schenkels<\/p>\n\n\n\n<figure data-wp-context=\"{&quot;imageId&quot;:&quot;69ea7e3f42532&quot;}\" data-wp-interactive=\"core\/image\" data-wp-key=\"69ea7e3f42532\" class=\"wp-block-image size-full is-resized wp-lightbox-container\"><img loading=\"lazy\" decoding=\"async\" width=\"728\" height=\"1006\" data-wp-class--hide=\"state.isContentHidden\" data-wp-class--show=\"state.isContentVisible\" data-wp-init=\"callbacks.setButtonStyles\" data-wp-on--click=\"actions.showLightbox\" data-wp-on--load=\"callbacks.setButtonStyles\" data-wp-on-window--resize=\"callbacks.setButtonStyles\" src=\"http:\/\/rrb.be\/rrb\/wp-content\/uploads\/2025\/12\/Alain_Schenkels-1.jpg\" alt=\"\" class=\"wp-image-329\" style=\"width:248px;height:auto\" srcset=\"https:\/\/rrb.be\/rrb\/wp-content\/uploads\/2025\/12\/Alain_Schenkels-1.jpg 728w, https:\/\/rrb.be\/rrb\/wp-content\/uploads\/2025\/12\/Alain_Schenkels-1-217x300.jpg 217w\" sizes=\"auto, (max-width: 728px) 100vw, 728px\" \/><button\n\t\t\tclass=\"lightbox-trigger\"\n\t\t\ttype=\"button\"\n\t\t\taria-haspopup=\"dialog\"\n\t\t\taria-label=\"Enlarge\"\n\t\t\tdata-wp-init=\"callbacks.initTriggerButton\"\n\t\t\tdata-wp-on--click=\"actions.showLightbox\"\n\t\t\tdata-wp-style--right=\"state.imageButtonRight\"\n\t\t\tdata-wp-style--top=\"state.imageButtonTop\"\n\t\t>\n\t\t\t<svg xmlns=\"http:\/\/www.w3.org\/2000\/svg\" width=\"12\" height=\"12\" fill=\"none\" viewBox=\"0 0 12 12\">\n\t\t\t\t<path fill=\"#fff\" d=\"M2 0a2 2 0 0 0-2 2v2h1.5V2a.5.5 0 0 1 .5-.5h2V0H2Zm2 10.5H2a.5.5 0 0 1-.5-.5V8H0v2a2 2 0 0 0 2 2h2v-1.5ZM8 12v-1.5h2a.5.5 0 0 0 .5-.5V8H12v2a2 2 0 0 1-2 2H8Zm2-12a2 2 0 0 1 2 2v2h-1.5V2a.5.5 0 0 0-.5-.5H8V0h2Z\" \/>\n\t\t\t<\/svg>\n\t\t<\/button><\/figure>\n\n\n\n<p>Cat\u00e9gorie(s) :<\/p>\n\n\n<div class=\"taxonomy-category wp-block-post-terms\"><a href=\"https:\/\/rrb.be\/rrb\/category\/conflits-guerres\/seconde-guerre-mondiale\/histoires-de-soldats-et-de-guerre\/\" rel=\"tag\">Histoires de soldats et de guerre<\/a><span class=\"wp-block-post-terms__separator\">, <\/span><a href=\"https:\/\/rrb.be\/rrb\/category\/conflits-guerres\/seconde-guerre-mondiale\/\" rel=\"tag\">Seconde guerre mondiale<\/a><\/div>\n\n\n<figure class=\"wp-block-embed is-type-wp-embed is-provider-alain-schenkels wp-block-embed-alain-schenkels\"><div class=\"wp-block-embed__wrapper\">\n<blockquote class=\"wp-embedded-content\" data-secret=\"dKii8LDtlU\"><a href=\"https:\/\/rrb.be\/rrb\/seconde-guerre-mondiale\/\">Seconde Guerre Mondiale<\/a><\/blockquote><iframe loading=\"lazy\" class=\"wp-embedded-content\" sandbox=\"allow-scripts\" security=\"restricted\" style=\"position: absolute; visibility: hidden;\" title=\"\u00ab\u00a0Seconde Guerre Mondiale\u00a0\u00bb &#8212; Alain Schenkels\" src=\"https:\/\/rrb.be\/rrb\/seconde-guerre-mondiale\/embed\/#?secret=5MtNb7bsu8#?secret=dKii8LDtlU\" data-secret=\"dKii8LDtlU\" width=\"600\" height=\"338\" frameborder=\"0\" marginwidth=\"0\" marginheight=\"0\" scrolling=\"no\"><\/iframe>\n<\/div><\/figure>\n","protected":false},"excerpt":{"rendered":"<p>Le 12 mai 1944, le sous-lieutenant Charles W. Shea, 22 ans, originaire de New York, servait au sein de la compagnie F, 350e r\u00e9giment d\u2019infanterie, 88e division d\u2019infanterie, pr\u00e8s du mont Damiano, en Italie. Ce jour-l\u00e0, la compagnie de Shea progressait sur une colline dans le cadre d\u2019une offensive contre des forces allemandes solidement retranch\u00e9es, [&hellip;]<\/p>\n","protected":false},"author":1,"featured_media":1523,"parent":886,"menu_order":0,"comment_status":"closed","ping_status":"closed","template":"","meta":{"footnotes":""},"categories":[31,20],"tags":[],"class_list":["post-1522","page","type-page","status-publish","has-post-thumbnail","hentry","category-histoires-de-soldats-et-de-guerre","category-seconde-guerre-mondiale"],"_links":{"self":[{"href":"https:\/\/rrb.be\/rrb\/wp-json\/wp\/v2\/pages\/1522","targetHints":{"allow":["GET"]}}],"collection":[{"href":"https:\/\/rrb.be\/rrb\/wp-json\/wp\/v2\/pages"}],"about":[{"href":"https:\/\/rrb.be\/rrb\/wp-json\/wp\/v2\/types\/page"}],"author":[{"embeddable":true,"href":"https:\/\/rrb.be\/rrb\/wp-json\/wp\/v2\/users\/1"}],"replies":[{"embeddable":true,"href":"https:\/\/rrb.be\/rrb\/wp-json\/wp\/v2\/comments?post=1522"}],"version-history":[{"count":7,"href":"https:\/\/rrb.be\/rrb\/wp-json\/wp\/v2\/pages\/1522\/revisions"}],"predecessor-version":[{"id":2643,"href":"https:\/\/rrb.be\/rrb\/wp-json\/wp\/v2\/pages\/1522\/revisions\/2643"}],"up":[{"embeddable":true,"href":"https:\/\/rrb.be\/rrb\/wp-json\/wp\/v2\/pages\/886"}],"wp:featuredmedia":[{"embeddable":true,"href":"https:\/\/rrb.be\/rrb\/wp-json\/wp\/v2\/media\/1523"}],"wp:attachment":[{"href":"https:\/\/rrb.be\/rrb\/wp-json\/wp\/v2\/media?parent=1522"}],"wp:term":[{"taxonomy":"category","embeddable":true,"href":"https:\/\/rrb.be\/rrb\/wp-json\/wp\/v2\/categories?post=1522"},{"taxonomy":"post_tag","embeddable":true,"href":"https:\/\/rrb.be\/rrb\/wp-json\/wp\/v2\/tags?post=1522"}],"curies":[{"name":"wp","href":"https:\/\/api.w.org\/{rel}","templated":true}]}}