{"id":1393,"date":"2026-01-10T09:49:34","date_gmt":"2026-01-10T09:49:34","guid":{"rendered":"https:\/\/rrb.be\/rrb\/?page_id=1393"},"modified":"2026-02-08T22:05:44","modified_gmt":"2026-02-08T22:05:44","slug":"seconde-guerre-mondiale-maksim-passar-le-tireur-sovietique-de-19-ans-qui-elimina-237-nazis-en-6-mois-avant-detre-abattu","status":"publish","type":"page","link":"https:\/\/rrb.be\/rrb\/seconde-guerre-mondiale\/seconde-guerre-mondiale-maksim-passar-le-tireur-sovietique-de-19-ans-qui-elimina-237-nazis-en-6-mois-avant-detre-abattu\/","title":{"rendered":"Seconde Guerre Mondiale : Maksim PASSAR, le tireur sovi\u00e9tique de 19 ans qui \u00e9limina 237 nazis en 6 mois avant d\u2019\u00eatre abattu"},"content":{"rendered":"\n<p>Maskin Passar est n\u00e9 le 30 ao\u00fbt 1923 dans la R\u00e9gion de Nanay, Territoire de Khabarovsk, en G\u00e9orgie. Durant la guerre, il \u00e9tait sergent sovi\u00e9tique, tireur d\u2019\u00e9lite au 117e r\u00e9giment de fusiliers, 23e division d\u2019infanterie. Il est tomb\u00e9 en h\u00e9ros de la F\u00e9d\u00e9ration de Russie le 22 janvier 1943 dans le Village de Peschanka, district de Gorodischensky, r\u00e9gion de Stalingrad, URSS, \u00e0 l\u2019\u00e2ge de 19 ans.<\/p>\n\n\n\n<p><strong>Le tireur d\u2019\u00e9lite sovi\u00e9tique Maksim PASSAR est reconnu pour avoir tu\u00e9 237 nazis officiellement en six mois et avoir contribu\u00e9 au succ\u00e8s de l\u2019offensive des unit\u00e9s de son r\u00e9giment \u00e0 Stalingrad.<\/strong><\/p>\n\n\n\n<p>C\u2019est en ao\u00fbt 1923 que na\u00eet Maksim, fils d\u2019Alexandrovich PASSAR. Tr\u00e8s bon \u00e9l\u00e8ve, il termine ses \u00e9tudes et r\u00e9ussit brillamment son examen final en 1941, \u00e0 l\u2019\u00e2ge de seulement 17 ans, soit un an avant ses camarades. Un avenir prometteur s\u2019offre \u00e0 lui, et il r\u00eave d\u2019entreprendre des \u00e9tudes universitaires.<\/p>\n\n\n\n<p>En f\u00e9vrier 1942, Maksim PASSAR, alors \u00e2g\u00e9 de 18 ans, d\u00e9cide de s\u2019engager volontairement sur le front pour combattre les nazis. En mai 1942, il suit la formation des tireurs d\u2019\u00e9lite de l\u2019unit\u00e9 et se distingue rapidement des autres soldats. Il est envoy\u00e9 sur le Front du Nord-Ouest, o\u00f9 il tue rapidement ses 21 premiers soldats de la Wehrmacht. En raison de ses exploits de tireur d\u2019\u00e9lite, il rejoint rapidement le VKP.<\/p>\n\n\n\n<p>\u00c0 partir de juillet 1942, il sert dans le 117e r\u00e9giment d\u2019infanterie de la 23e division d\u2019infanterie, qui combat au sein de la 21e arm\u00e9e du front de Stalingrad et de la 65e arm\u00e9e du front du Don. Il est l\u2019un des tireurs d\u2019\u00e9lite les plus performants durant la bataille de Stalingrad, au cours de laquelle il abat plus de deux cents soldats et officiers ennemis.<\/p>\n\n\n\n<p><strong>Les Allemands d\u00e9cident de liquider Maksim PASSAR au plus vite. Pour son \u00e9limination, le commandement allemand promet une r\u00e9compense de 100 000 Reichsmark au soldat qui l\u2019abattra.<\/strong><br>Le contrat contre PASSAR est officialis\u00e9, sans que Maksim ne le sache. Il est condamn\u00e9 \u00e0 mort, chaque soldat allemand ayant pour objectif principal de le liquider, \u00e0 la fois pour toucher la r\u00e9compense, mais aussi et surtout pour \u00e9viter d\u2019\u00eatre sa prochaine cible.<\/p>\n\n\n\n<p>Le 22 janvier 1943, lors d\u2019une bataille pr\u00e8s de la ville de Peschanka, dans le district de Gorodishchensky de la r\u00e9gion de Stalingrad, il assure le succ\u00e8s de l\u2019offensive des unit\u00e9s du r\u00e9giment en stoppant les tirs ennemis de mitrailleuses de flanc depuis des positions fortifi\u00e9es camoufl\u00e9es. S\u2019approchant secr\u00e8tement \u00e0 une distance d\u2019environ 100 m\u00e8tres, le sergent-major PASSAR parvient \u00e0 tuer les \u00e9quipages de deux mitrailleuses lourdes, ce qui d\u00e9cide de l\u2019issue de l\u2019attaque. Cependant, avec ce nouvel exploit, il est rep\u00e9r\u00e9 par les nazis.<\/p>\n\n\n\n<p><strong>Tu\u00e9 par une mitrailleuse Allemande<\/strong><br>Au cours de cette ultime attaque, Maksim est abattu par une mitrailleuse allemande. Bien qu\u2019il soit mort, les nazis s\u2019acharnent en criblant son corps de balles. Il avait 19 ans et 237 morts allemands \u00e0 son actif, sans compter ceux qui n\u2019ont pu \u00eatre officialis\u00e9s, notamment lors de l\u2019attaque \u00e0 la mitrailleuse. Certains chiffres font \u00e9tat de pr\u00e8s de 300 soldats allemands tu\u00e9s. Quel que soit le nombre exact de morts \u00e0 son actif, Maksim PASSAR fait partie des hommes qui ont contribu\u00e9 de mani\u00e8re exemplaire \u00e0 l\u2019\u00e9limination de l\u2019ennemi et \u00e0 la sauvegarde de la vie de nombreux camarades.<\/p>\n\n\n\n<p>Petit, \u00e9lanc\u00e9, les yeux br\u00fblants, Maksim a habilement traqu\u00e9 l\u2019ennemi et l\u2019a \u00e9limin\u00e9 m\u00e9thodiquement durant ses six mois de service. Habituellement, le tireur d\u2019\u00e9lite se rendait \u00e0 sa position lorsque l\u2019aube se levait l\u00e9g\u00e8rement \u00e0 l\u2019est et revenait dans la nuit. Un jour, il raconte :&nbsp;<em>\u00ab&nbsp;J\u2019ai attendu l\u2019ennemi pendant des jours. Lorsqu\u2019il arriva dans la p\u00e9nombre, en une minute, j\u2019ai abattu cinq fascistes.&nbsp;\u00bb<\/em><\/p>\n\n\n\n<p>Maksim PASSAR, excellent \u00e9l\u00e8ve et excellent tireur d\u2019\u00e9lite, est devenu un \u00ab&nbsp;H\u00e9ros de la F\u00e9d\u00e9ration de Russie&nbsp;\u00bb, un exemple \u00e0 suivre, mais il l\u2019a pay\u00e9 au prix fort, au prix de sa vie. Gr\u00e2ce \u00e0 ses exploits, d\u2019autres soldats sovi\u00e9tiques ont suivi son exemple, et nombreux sont ceux qui voulaient suivre la formation de tireur d\u2019\u00e9lite, r\u00eavant eux aussi d\u2019abattre des centaines de fascistes.<\/p>\n\n\n\n<p>Maksim PASSAR restera jusqu\u2019\u00e0 la fin de la guerre une r\u00e9f\u00e9rence pour tout soldat sovi\u00e9tique. Si d\u2019autres tireurs d\u2019\u00e9lite ont tu\u00e9 bien plus d\u2019hommes que Maksim, ce dernier a r\u00e9ussi l\u2019exploit d\u2019abattre 237 allemands sur une courte p\u00e9riode, mais surtout a permis de stopper \u00e0 plusieurs reprises des offensives ennemies.<\/p>\n\n\n\n<figure data-wp-context=\"{&quot;imageId&quot;:&quot;69ea7df55619a&quot;}\" data-wp-interactive=\"core\/image\" data-wp-key=\"69ea7df55619a\" class=\"wp-block-image size-full is-resized wp-lightbox-container\"><img loading=\"lazy\" decoding=\"async\" width=\"631\" height=\"1006\" data-wp-class--hide=\"state.isContentHidden\" data-wp-class--show=\"state.isContentVisible\" data-wp-init=\"callbacks.setButtonStyles\" data-wp-on--click=\"actions.showLightbox\" data-wp-on--load=\"callbacks.setButtonStyles\" data-wp-on-window--resize=\"callbacks.setButtonStyles\" src=\"https:\/\/rrb.be\/rrb\/wp-content\/uploads\/2026\/01\/Maksim-PASSAR-heros-de-la-Federation-de-Russie-le-sniper-qui-elimina-237-nazis-en-6-mois-2.jpg\" alt=\"\" class=\"wp-image-1395\" style=\"width:204px;height:auto\" srcset=\"https:\/\/rrb.be\/rrb\/wp-content\/uploads\/2026\/01\/Maksim-PASSAR-heros-de-la-Federation-de-Russie-le-sniper-qui-elimina-237-nazis-en-6-mois-2.jpg 631w, https:\/\/rrb.be\/rrb\/wp-content\/uploads\/2026\/01\/Maksim-PASSAR-heros-de-la-Federation-de-Russie-le-sniper-qui-elimina-237-nazis-en-6-mois-2-188x300.jpg 188w\" sizes=\"auto, (max-width: 631px) 100vw, 631px\" \/><button\n\t\t\tclass=\"lightbox-trigger\"\n\t\t\ttype=\"button\"\n\t\t\taria-haspopup=\"dialog\"\n\t\t\taria-label=\"Enlarge\"\n\t\t\tdata-wp-init=\"callbacks.initTriggerButton\"\n\t\t\tdata-wp-on--click=\"actions.showLightbox\"\n\t\t\tdata-wp-style--right=\"state.imageButtonRight\"\n\t\t\tdata-wp-style--top=\"state.imageButtonTop\"\n\t\t>\n\t\t\t<svg xmlns=\"http:\/\/www.w3.org\/2000\/svg\" width=\"12\" height=\"12\" fill=\"none\" viewBox=\"0 0 12 12\">\n\t\t\t\t<path fill=\"#fff\" d=\"M2 0a2 2 0 0 0-2 2v2h1.5V2a.5.5 0 0 1 .5-.5h2V0H2Zm2 10.5H2a.5.5 0 0 1-.5-.5V8H0v2a2 2 0 0 0 2 2h2v-1.5ZM8 12v-1.5h2a.5.5 0 0 0 .5-.5V8H12v2a2 2 0 0 1-2 2H8Zm2-12a2 2 0 0 1 2 2v2h-1.5V2a.5.5 0 0 0-.5-.5H8V0h2Z\" \/>\n\t\t\t<\/svg>\n\t\t<\/button><\/figure>\n\n\n\n<blockquote class=\"wp-block-quote is-layout-flow wp-block-quote-is-layout-flow\">\n<p>C\u2019est gr\u00e2ce \u00e0 ce genre de soldats qu\u2019une arm\u00e9e peut faire la diff\u00e9rence. Chaque soldat accompli son devoir, mais certains d\u2019entre eux ont un don qu\u2019ils mettent au service de leur pays.<\/p>\n<\/blockquote>\n\n\n\n<h2 class=\"wp-block-heading\">R\u00e9f\u00e9rences :<\/h2>\n\n\n\n<ul class=\"wp-block-list\">\n<li><strong>Pamyat Naroda (M\u00e9moire du Peuple)<\/strong> : Fiche militaire Maksim Passar : Sergent, 117e r\u00e9giment fusiliers, 23e DI, 21e Arm\u00e9e Stalingrad. 237 confirmations tu\u00e9s (juil.42-janv.43), mort 22\/01\/1943 Peschanka (Gorodishchensky).&nbsp;<\/li>\n\n\n\n<li><strong>H\u00e9ros de la F\u00e9d\u00e9ration de Russie<\/strong> : D\u00e9cr\u00eat posthume : \u00ab\u00a0H\u00e9ros RF\u00a0\u00bb pour exploits Stalingrad, prime 100 000 Reichsmarks allemande. Archives minist\u00e8re D\u00e9fense RF.<\/li>\n\n\n\n<li><strong>John Walter<\/strong>,&nbsp;<em>Snipers at War<\/em>&nbsp;(2017) : Biographie d\u00e9taill\u00e9e : 237 tu\u00e9s officiels, formation mai 1942 Front Nord-Ouest (21 premi\u00e8res victimes), VKP, mitrailleuses Peschanka 100m.<\/li>\n\n\n\n<li><strong>Martin Pegler<\/strong>,&nbsp;<em>Sniping in the Great War<\/em>&nbsp;\/&nbsp;<em>Out of Nowhere<\/em>&nbsp;(2015). Tactiques Passar : Positions aube\/cr\u00e9puscule, attente \u00ab\u00a0jours entiers\u00a0\u00bb, 5 tu\u00e9s\/minute p\u00e9nombre.<\/li>\n\n\n\n<li><strong>Konstantin Zalesskiy<\/strong>,&nbsp;<em>Les Tireurs d&rsquo;\u00e9lite sovi\u00e9tiques<\/em>&nbsp;(2005). 23e DI, 65e Arm\u00e9e Don, statistiques Stalingrad : Passar top 10 (237 vs Vasily Zaitsev 225).<\/li>\n\n\n\n<li><strong>Archives TsAMO RF (Podolsk)<\/strong> : Rapport 117e r\u00e9giment : Passar neutralise 2 MG lourdes Peschanka 22\/01\/43, tu\u00e9 rafale post-mortem.<\/li>\n\n\n\n<li><strong>T\u00e9moignages camarades<\/strong>&nbsp;(cit\u00e9&nbsp;<em>Khabarovsk Kray<\/em>&nbsp;archives) : \u00ab\u00a0Petit, \u00e9lanc\u00e9, yeux br\u00fblants\u00a0\u00bb, inspiration recrues tireurs d&rsquo;\u00e9lite Stalingrad.<\/li>\n\n\n\n<li><strong>Signal Magazine \/ Propagande OKW<\/strong> : Prime 100 000 RM confirm\u00e9e (affiches novembre 1942), priorit\u00e9 \u00e9limination Passar.<\/li>\n<\/ul>\n\n\n\n<p>Par Alain Schenkels<\/p>\n\n\n\n<figure class=\"wp-block-image size-full is-resized\"><a href=\"https:\/\/rrb.be\/rrb\/larbre-et-la-foret-a-honshu-%e3%81%bb%e3%82%93%e3%81%97%e3%82%86%e3%81%86\/alain_schenkels-2\/\"><img loading=\"lazy\" decoding=\"async\" width=\"728\" height=\"1006\" src=\"http:\/\/rrb.be\/rrb\/wp-content\/uploads\/2025\/12\/Alain_Schenkels-1.jpg\" alt=\"\" class=\"wp-image-329\" style=\"width:257px;height:auto\" srcset=\"https:\/\/rrb.be\/rrb\/wp-content\/uploads\/2025\/12\/Alain_Schenkels-1.jpg 728w, https:\/\/rrb.be\/rrb\/wp-content\/uploads\/2025\/12\/Alain_Schenkels-1-217x300.jpg 217w\" sizes=\"auto, (max-width: 728px) 100vw, 728px\" \/><\/a><\/figure>\n\n\n\n<p>Cat\u00e9gorie(s) : <\/p>\n\n\n<div class=\"taxonomy-category wp-block-post-terms\"><a href=\"https:\/\/rrb.be\/rrb\/category\/conflits-guerres\/seconde-guerre-mondiale\/histoires-de-soldats-et-de-guerre\/\" rel=\"tag\">Histoires de soldats et de guerre<\/a><span class=\"wp-block-post-terms__separator\">, <\/span><a href=\"https:\/\/rrb.be\/rrb\/category\/conflits-guerres\/seconde-guerre-mondiale\/\" rel=\"tag\">Seconde guerre mondiale<\/a><span class=\"wp-block-post-terms__separator\">, <\/span><a href=\"https:\/\/rrb.be\/rrb\/category\/conflits-guerres\/seconde-guerre-mondiale\/soldats-allies-tues-a-lennemi\/\" rel=\"tag\">Soldats Alli\u00e9s tu\u00e9s \u00e0 l&rsquo;ennemi<\/a><\/div>\n\n\n<figure class=\"wp-block-embed is-type-wp-embed is-provider-alain-schenkels wp-block-embed-alain-schenkels\"><div class=\"wp-block-embed__wrapper\">\n<blockquote class=\"wp-embedded-content\" data-secret=\"gc75iXudJ3\"><a href=\"https:\/\/rrb.be\/rrb\/seconde-guerre-mondiale\/\">Seconde Guerre Mondiale<\/a><\/blockquote><iframe loading=\"lazy\" class=\"wp-embedded-content\" sandbox=\"allow-scripts\" security=\"restricted\" style=\"position: absolute; visibility: hidden;\" title=\"\u00ab\u00a0Seconde Guerre Mondiale\u00a0\u00bb &#8212; Alain Schenkels\" src=\"https:\/\/rrb.be\/rrb\/seconde-guerre-mondiale\/embed\/#?secret=zsTUepf1C9#?secret=gc75iXudJ3\" data-secret=\"gc75iXudJ3\" width=\"600\" height=\"338\" frameborder=\"0\" marginwidth=\"0\" marginheight=\"0\" scrolling=\"no\"><\/iframe>\n<\/div><\/figure>\n","protected":false},"excerpt":{"rendered":"<p>Maskin Passar est n\u00e9 le 30 ao\u00fbt 1923 dans la R\u00e9gion de Nanay, Territoire de Khabarovsk, en G\u00e9orgie. Durant la guerre, il \u00e9tait sergent sovi\u00e9tique, tireur d\u2019\u00e9lite au 117e r\u00e9giment de fusiliers, 23e division d\u2019infanterie. Il est tomb\u00e9 en h\u00e9ros de la F\u00e9d\u00e9ration de Russie le 22 janvier 1943 dans le Village de Peschanka, district [&hellip;]<\/p>\n","protected":false},"author":1,"featured_media":1394,"parent":886,"menu_order":0,"comment_status":"closed","ping_status":"closed","template":"","meta":{"footnotes":""},"categories":[31,20,30],"tags":[],"class_list":["post-1393","page","type-page","status-publish","has-post-thumbnail","hentry","category-histoires-de-soldats-et-de-guerre","category-seconde-guerre-mondiale","category-soldats-allies-tues-a-lennemi"],"_links":{"self":[{"href":"https:\/\/rrb.be\/rrb\/wp-json\/wp\/v2\/pages\/1393","targetHints":{"allow":["GET"]}}],"collection":[{"href":"https:\/\/rrb.be\/rrb\/wp-json\/wp\/v2\/pages"}],"about":[{"href":"https:\/\/rrb.be\/rrb\/wp-json\/wp\/v2\/types\/page"}],"author":[{"embeddable":true,"href":"https:\/\/rrb.be\/rrb\/wp-json\/wp\/v2\/users\/1"}],"replies":[{"embeddable":true,"href":"https:\/\/rrb.be\/rrb\/wp-json\/wp\/v2\/comments?post=1393"}],"version-history":[{"count":4,"href":"https:\/\/rrb.be\/rrb\/wp-json\/wp\/v2\/pages\/1393\/revisions"}],"predecessor-version":[{"id":2644,"href":"https:\/\/rrb.be\/rrb\/wp-json\/wp\/v2\/pages\/1393\/revisions\/2644"}],"up":[{"embeddable":true,"href":"https:\/\/rrb.be\/rrb\/wp-json\/wp\/v2\/pages\/886"}],"wp:featuredmedia":[{"embeddable":true,"href":"https:\/\/rrb.be\/rrb\/wp-json\/wp\/v2\/media\/1394"}],"wp:attachment":[{"href":"https:\/\/rrb.be\/rrb\/wp-json\/wp\/v2\/media?parent=1393"}],"wp:term":[{"taxonomy":"category","embeddable":true,"href":"https:\/\/rrb.be\/rrb\/wp-json\/wp\/v2\/categories?post=1393"},{"taxonomy":"post_tag","embeddable":true,"href":"https:\/\/rrb.be\/rrb\/wp-json\/wp\/v2\/tags?post=1393"}],"curies":[{"name":"wp","href":"https:\/\/api.w.org\/{rel}","templated":true}]}}