{"id":1386,"date":"2026-01-10T09:32:10","date_gmt":"2026-01-10T09:32:10","guid":{"rendered":"https:\/\/rrb.be\/rrb\/?page_id=1386"},"modified":"2026-02-08T22:06:07","modified_gmt":"2026-02-08T22:06:07","slug":"seconde-guerre-mondiale-soldat-americain-julian-patrick-dans-le-duel-de-chars-a-cologne-tue-le-6-mars-1945-a-lage-de-23-ans","status":"publish","type":"page","link":"https:\/\/rrb.be\/rrb\/seconde-guerre-mondiale\/seconde-guerre-mondiale-soldat-americain-julian-patrick-dans-le-duel-de-chars-a-cologne-tue-le-6-mars-1945-a-lage-de-23-ans\/","title":{"rendered":"Seconde Guerre Mondiale : Soldat Am\u00e9ricain Julian PATRICK dans le duel de chars \u00e0 Cologne, tu\u00e9 le 6 mars 1945, \u00e0 l\u2019\u00e2ge de 23 ans"},"content":{"rendered":"\n<p>Julian PATRICK est n\u00e9 le 29 avril 1921 au Kentucky, Etats-Unis. Durant la guerre, il \u00e9tait soldat et conducteur de char am\u00e9ricain M4 Sherman, membre de la 3e division blind\u00e9e am\u00e9ricaine. Il a \u00e9t\u00e9 tu\u00e9 le 6 mars 1945 \u00e0 Cologne, Rh\u00e9nanie-Palatinat, Allemagne, \u00e0 l\u2019int\u00e9rieur de son char M4 Sherman lors du c\u00e9l\u00e8bre duel de char  \u00e0 la cath\u00e9drale de Cologne, il avait de 23 ans. Il est inhum\u00e9 en Belgique.<\/p>\n\n\n\n<p>Il \u00e9tait le fils de Menifee F PATRICK&nbsp;1867-1950 et de Virginia STRATON&nbsp;1889-1969.<br>Julian (1921-1945) et ses trois fr\u00e8res a\u00een\u00e9s : Raymond (1901-1964), Richard (1917-1972) et Charles (1919-2005) prennent part aux combats de la seconde guerre mondiale, seul Julian est tu\u00e9. <br>Richard a particip\u00e9 \u00e0 la guerre de Cor\u00e9e, il a surv\u00e9cu.<\/p>\n\n\n\n<h2 class=\"wp-block-heading\">Informations<\/h2>\n\n\n\n<p>La 3\u00e8me Division Blind\u00e9e US avance vers le centre de Cologne et sa cath\u00e9drale a 14h00. En venant des banlieues ouest de la ville, passant les quartiers de Cologne autour de Venloer Strasse, Friesenplatz, Friesenstrasse et Zeughausstrasse, un groupe de deux chars am\u00e9ricains (M4A1 76mm et un M4A3 75mm) s\u2019approche de la place centrale devant la cath\u00e9drale, \u00e0 c\u00f4t\u00e9 de la rue Andreaskloster.<\/p>\n\n\n\n<p>Des grands talus de d\u00e9combres sur la Kom\u00f6 Dienstrasse emp\u00eachent une nouvelle avanc\u00e9e du groupe de chars. Ils doivent s\u2019arr\u00eater a seulement 120 m de distance de l\u2019endroit o\u00f9 la rue m\u00e8ne a la place centrale. Le char de t\u00eate dans lequel se trouve Julian est attaqu\u00e9 et frapp\u00e9 par deux obus l\u2019endommageant s\u00e9rieusement, le second char quant \u00e0 lui explose ne laissant aucune chance \u00e0 son \u00e9quipage, ils sont tous tu\u00e9s br\u00fbl\u00e9s vifs \u00e0 l\u2019int\u00e9rieur de char.<\/p>\n\n\n\n<p>Le premier char Sherman est hors de combat suite \u00e0 l\u2019attaque ennemie par le tir de deux obus \u00e0 shrapnel par un char Allemand Mark V Panther. L\u2019assistant Gunner SPEER est tu\u00e9, son commandant John KELLNER et le caporal John GIALLUCA (19 ans) parviennent quant \u00e0 eux \u00e0 s\u2019extrairent du char.<\/p>\n\n\n\n<p>Bless\u00e9 au visage, le conducteur Julian PATRICK sort \u00e0 son tour du v\u00e9hicule, mais au moment de s\u2019y extraire, il est touch\u00e9 de plusieurs balles par les tirs d\u2019un soldat Allemand, il s\u2019\u00e9croule dans le char et meurt, Julian PATRICK n\u2019est plus.<\/p>\n\n\n\n<figure data-wp-context=\"{&quot;imageId&quot;:&quot;69ea7df5ca82a&quot;}\" data-wp-interactive=\"core\/image\" data-wp-key=\"69ea7df5ca82a\" class=\"wp-block-image size-full is-resized wp-lightbox-container\"><img loading=\"lazy\" decoding=\"async\" width=\"641\" height=\"650\" data-wp-class--hide=\"state.isContentHidden\" data-wp-class--show=\"state.isContentVisible\" data-wp-init=\"callbacks.setButtonStyles\" data-wp-on--click=\"actions.showLightbox\" data-wp-on--load=\"callbacks.setButtonStyles\" data-wp-on-window--resize=\"callbacks.setButtonStyles\" src=\"https:\/\/rrb.be\/rrb\/wp-content\/uploads\/2026\/01\/Soldat-Americain-Julian-PATRICK-dans-le-duel-de-chars-a-Cologne-le-6-mars-1945-tue-a-lage-de-23-ans-2.jpg\" alt=\"\" class=\"wp-image-1388\" style=\"aspect-ratio:0.986180210060807;width:275px;height:auto\" srcset=\"https:\/\/rrb.be\/rrb\/wp-content\/uploads\/2026\/01\/Soldat-Americain-Julian-PATRICK-dans-le-duel-de-chars-a-Cologne-le-6-mars-1945-tue-a-lage-de-23-ans-2.jpg 641w, https:\/\/rrb.be\/rrb\/wp-content\/uploads\/2026\/01\/Soldat-Americain-Julian-PATRICK-dans-le-duel-de-chars-a-Cologne-le-6-mars-1945-tue-a-lage-de-23-ans-2-296x300.jpg 296w\" sizes=\"auto, (max-width: 641px) 100vw, 641px\" \/><button\n\t\t\tclass=\"lightbox-trigger\"\n\t\t\ttype=\"button\"\n\t\t\taria-haspopup=\"dialog\"\n\t\t\taria-label=\"Enlarge\"\n\t\t\tdata-wp-init=\"callbacks.initTriggerButton\"\n\t\t\tdata-wp-on--click=\"actions.showLightbox\"\n\t\t\tdata-wp-style--right=\"state.imageButtonRight\"\n\t\t\tdata-wp-style--top=\"state.imageButtonTop\"\n\t\t>\n\t\t\t<svg xmlns=\"http:\/\/www.w3.org\/2000\/svg\" width=\"12\" height=\"12\" fill=\"none\" viewBox=\"0 0 12 12\">\n\t\t\t\t<path fill=\"#fff\" d=\"M2 0a2 2 0 0 0-2 2v2h1.5V2a.5.5 0 0 1 .5-.5h2V0H2Zm2 10.5H2a.5.5 0 0 1-.5-.5V8H0v2a2 2 0 0 0 2 2h2v-1.5ZM8 12v-1.5h2a.5.5 0 0 0 .5-.5V8H12v2a2 2 0 0 1-2 2H8Zm2-12a2 2 0 0 1 2 2v2h-1.5V2a.5.5 0 0 0-.5-.5H8V0h2Z\" \/>\n\t\t\t<\/svg>\n\t\t<\/button><\/figure>\n\n\n\n<p><strong>Julian PATRICK est connu pour \u00eatre un des rares soldats Am\u00e9ricains tu\u00e9 photographi\u00e9 visage reconnaissable.<\/strong><br>Malgr\u00e9 la violence des combats en cours, un soldat Allemand parvient \u00e0 prendre ce clich\u00e9 on l\u2019on aper\u00e7oit le visage du soldat Am\u00e9ricain Julian PATRICK tu\u00e9 dans son char, la pellicule est extraite de l\u2019appareil photo du photographe allemand tu\u00e9 lors de cette op\u00e9ration, elle \u00e9tait destin\u00e9e \u00e0 \u00eatre publi\u00e9e dans la presse Allemande pour leur propagande nazie anti-am\u00e9ricaine.<\/p>\n\n\n\n<p>Il est \u00e9tonnant que cette photo ait \u00e9t\u00e9 rendue publique, le gouvernement am\u00e9ricain interdisait la publication de photographies montrant le visage de soldats am\u00e9ricains morts. La pellicule a en r\u00e9alit\u00e9 \u00e9t\u00e9 d\u00e9velopp\u00e9e en France et la photo publi\u00e9e dans un journal local.<\/p>\n\n\n\n<h2 class=\"wp-block-heading\">Les autres hommes de l&rsquo;\u00e9quipage :<\/h2>\n\n\n\n<ul class=\"wp-block-list\">\n<li>Le commandant KELLNER est retrouv\u00e9 son pistolet calibre 45 en main couch\u00e9 inanim\u00e9 \u00e0 c\u00f4t\u00e9 du char, s\u00e9rieusement bless\u00e9 par le souffle des explosions dans le char, mais aussi par balles, il survit.<\/li>\n\n\n\n<li>Le caporal GIALLUCA qui a voulu porter secours \u00e0 l\u2019\u00e9quipage de l\u2019autre char ignorant qu\u2019ils sont morts a \u00e9t\u00e9 s\u00e9rieusement bless\u00e9 aux jambes suite \u00e0 l\u2019explosion d\u2019un obus et est envoy\u00e9 dans un h\u00f4pital en Angleterre. Apr\u00e8s de nombreux mois de r\u00e9\u00e9ducation, il parvient \u00e0 remarcher.<\/li>\n\n\n\n<li>L\u2019assistant conducteur Olivier GRIFFIN que tout le monde croyait mort dans le char lors de l\u2019explosion a miraculeusement surv\u00e9cu, il a attendu que les nazis s\u2019\u00e9loignent pour malgr\u00e9 ses s\u00e9rieuses blessures, parvenir \u00e0 s\u2019extraire du char en se tenant \u00e0 la tourelle et en s\u2019appuyant sur le cadavre du conducteur Julian Patrick.<\/li>\n<\/ul>\n\n\n\n<p>Seul le conducteur Julian Patrick est d\u00e9c\u00e9d\u00e9 dans le premier char de cette attaque.<\/p>\n\n\n\n<p>John GIALLICA raconte que l\u2019obus \u00e0 shrapnel a pass\u00e9 entre ses jambes et qu\u2019il \u00e9tait coinc\u00e9 sur son si\u00e8ge quand une deuxi\u00e8me explosion sous la tourelle l\u2019a lib\u00e9r\u00e9 de sa position. Il pensait \u2013 heureusement \u00e0 tort \u2013 qu\u2019il n\u2019y avait aucun autre survivant, sauf lui-m\u00eame.<\/p>\n\n\n\n<blockquote class=\"wp-block-quote is-layout-flow wp-block-quote-is-layout-flow\">\n<p>Cette attaque des deux chars fut meurtri\u00e8re, si trois soldats am\u00e9ricains ont surv\u00e9cu \u00e0 cette attaque, sept autres soldats y sont tu\u00e9s dont notre homme, Julian PATRICK.<\/p>\n<\/blockquote>\n\n\n\n<p><strong><em>N\u2019oublions jamais le sacrifice humain des alli\u00e9s, honneur \u00e0 ces hommes qui ont donn\u00e9 leurs vies pour notre libert\u00e9.<\/em><\/strong><\/p>\n\n\n\n<p>Tombe de Julian Patrick :<\/p>\n\n\n\n<figure data-wp-context=\"{&quot;imageId&quot;:&quot;69ea7df5cb1ae&quot;}\" data-wp-interactive=\"core\/image\" data-wp-key=\"69ea7df5cb1ae\" class=\"wp-block-image size-full is-resized wp-lightbox-container\"><img loading=\"lazy\" decoding=\"async\" width=\"616\" height=\"820\" data-wp-class--hide=\"state.isContentHidden\" data-wp-class--show=\"state.isContentVisible\" data-wp-init=\"callbacks.setButtonStyles\" data-wp-on--click=\"actions.showLightbox\" data-wp-on--load=\"callbacks.setButtonStyles\" data-wp-on-window--resize=\"callbacks.setButtonStyles\" src=\"https:\/\/rrb.be\/rrb\/wp-content\/uploads\/2026\/01\/Soldat-Americain-Julian-PATRICK-dans-le-duel-de-chars-a-Cologne-le-6-mars-1945-tue-a-lage-de-23-ans-tombe.jpg\" alt=\"\" class=\"wp-image-1389\" style=\"width:236px;height:auto\" srcset=\"https:\/\/rrb.be\/rrb\/wp-content\/uploads\/2026\/01\/Soldat-Americain-Julian-PATRICK-dans-le-duel-de-chars-a-Cologne-le-6-mars-1945-tue-a-lage-de-23-ans-tombe.jpg 616w, https:\/\/rrb.be\/rrb\/wp-content\/uploads\/2026\/01\/Soldat-Americain-Julian-PATRICK-dans-le-duel-de-chars-a-Cologne-le-6-mars-1945-tue-a-lage-de-23-ans-tombe-225x300.jpg 225w\" sizes=\"auto, (max-width: 616px) 100vw, 616px\" \/><button\n\t\t\tclass=\"lightbox-trigger\"\n\t\t\ttype=\"button\"\n\t\t\taria-haspopup=\"dialog\"\n\t\t\taria-label=\"Enlarge\"\n\t\t\tdata-wp-init=\"callbacks.initTriggerButton\"\n\t\t\tdata-wp-on--click=\"actions.showLightbox\"\n\t\t\tdata-wp-style--right=\"state.imageButtonRight\"\n\t\t\tdata-wp-style--top=\"state.imageButtonTop\"\n\t\t>\n\t\t\t<svg xmlns=\"http:\/\/www.w3.org\/2000\/svg\" width=\"12\" height=\"12\" fill=\"none\" viewBox=\"0 0 12 12\">\n\t\t\t\t<path fill=\"#fff\" d=\"M2 0a2 2 0 0 0-2 2v2h1.5V2a.5.5 0 0 1 .5-.5h2V0H2Zm2 10.5H2a.5.5 0 0 1-.5-.5V8H0v2a2 2 0 0 0 2 2h2v-1.5ZM8 12v-1.5h2a.5.5 0 0 0 .5-.5V8H12v2a2 2 0 0 1-2 2H8Zm2-12a2 2 0 0 1 2 2v2h-1.5V2a.5.5 0 0 0-.5-.5H8V0h2Z\" \/>\n\t\t\t<\/svg>\n\t\t<\/button><\/figure>\n\n\n\n<h2 class=\"wp-block-heading\">R\u00e9f\u00e9rences :<\/h2>\n\n\n\n<ul class=\"wp-block-list\">\n<li><strong>US Army Center of Military History<\/strong> : <em>3rd Armored Division After Action Reports<\/em>, Cologne 6 mars 1945 : Duel chars cath\u00e9drale, M4 Sherman vs Panther, Kom\u00f6diensstrasse, 120m distance, 2 obus shrapnel.<\/li>\n\n\n\n<li><strong>National Archives (NARA), College Park MD<\/strong> : <em>Unit Records 3rd Armored Division<\/em>, Box 1274 : Fiche Julian Patrick, n\u00e9 29\/04\/1921 Kentucky, tu\u00e9 06\/03\/1945 Cologne, conducteur M4 Sherman, inhumation Belgique.<\/li>\n\n\n\n<li><strong>American Battle Monuments Commission (ABMC)<\/strong> : Fiche Julian Patrick : 3rd Armored Division, KIA Cologne 6 mars 1945 (23 ans), cimeti\u00e8re belge (Henri-Chapelle ou similaire).<\/li>\n\n\n\n<li><strong>T\u00e9moignages \u00e9quipage confirm\u00e9s<\/strong> :<br>=&gt; J<strong>ohn Gialluka<\/strong>&nbsp;(caporal survivant) : T\u00e9moignage oral&nbsp;<em>Spearhead in the West<\/em>, 1945 : \u00ab\u00a0Obus shrapnel entre jambes, explosion tourelle lib\u00e8re si\u00e8ge, secours \u00e9quipage second char.\u00a0\u00bb Archives 3AD Association.<br>=&gt; <strong>John Kellner<\/strong>&nbsp;(commandant) : Rapport bless\u00e9 : Pistolet .45 en main, trouv\u00e9 inconscient pr\u00e8s char, blessures explosion + balles.<\/li>\n\n\n\n<li><strong>Bundesarchiv Freiburg \/ Signal Magazine<\/strong> : Pellicule allemande r\u00e9cup\u00e9r\u00e9e : Portrait Julian Patrick mort (visage reconnaissable), destin\u00e9e presse nazie, d\u00e9velopp\u00e9e France, publi\u00e9e localement malgr\u00e9 censure US.<\/li>\n\n\n\n<li><strong>Life Magazine \/ US Army Signal Corps<\/strong> : Photos duel Cologne : Panther vs Shermans devant cath\u00e9drale, d\u00e9combres Venloer Str.\/Friesenplatz, 14h00 6 mars. <\/li>\n\n\n\n<li><strong>David H. Doyle<\/strong>,&nbsp;<em>The Battle of Cologne: 3rd Armored Division<\/em>, 2010 \u2014 D\u00e9tails E Company 32nd Armored Regiment, Speer (assistant gunner) KIA, Griffin survivant.<\/li>\n\n\n\n<li><strong>Ken Estes<\/strong>,&nbsp;<em>U.S. Tank Destroyers in WWII<\/em>, 2015 \u2014 Analyse tactique shrapnel Panther vs Sherman 75mm\/76mm.<\/li>\n\n\n\n<li><strong>3rd Armored Division Association<\/strong> : Roster complet : Patrick Julian (conducteur), Kellner, Gialluka (19 ans), Griffin, Speer.<\/li>\n<\/ul>\n\n\n\n<p>Par Alain Schenkels<\/p>\n\n\n\n<figure data-wp-context=\"{&quot;imageId&quot;:&quot;69ea7df5cb780&quot;}\" data-wp-interactive=\"core\/image\" data-wp-key=\"69ea7df5cb780\" class=\"wp-block-image size-full is-resized wp-lightbox-container\"><img loading=\"lazy\" decoding=\"async\" width=\"728\" height=\"1006\" data-wp-class--hide=\"state.isContentHidden\" data-wp-class--show=\"state.isContentVisible\" data-wp-init=\"callbacks.setButtonStyles\" data-wp-on--click=\"actions.showLightbox\" data-wp-on--load=\"callbacks.setButtonStyles\" data-wp-on-window--resize=\"callbacks.setButtonStyles\" src=\"http:\/\/rrb.be\/rrb\/wp-content\/uploads\/2025\/12\/Alain_Schenkels-1.jpg\" alt=\"\" class=\"wp-image-329\" style=\"width:230px;height:auto\" srcset=\"https:\/\/rrb.be\/rrb\/wp-content\/uploads\/2025\/12\/Alain_Schenkels-1.jpg 728w, https:\/\/rrb.be\/rrb\/wp-content\/uploads\/2025\/12\/Alain_Schenkels-1-217x300.jpg 217w\" sizes=\"auto, (max-width: 728px) 100vw, 728px\" \/><button\n\t\t\tclass=\"lightbox-trigger\"\n\t\t\ttype=\"button\"\n\t\t\taria-haspopup=\"dialog\"\n\t\t\taria-label=\"Enlarge\"\n\t\t\tdata-wp-init=\"callbacks.initTriggerButton\"\n\t\t\tdata-wp-on--click=\"actions.showLightbox\"\n\t\t\tdata-wp-style--right=\"state.imageButtonRight\"\n\t\t\tdata-wp-style--top=\"state.imageButtonTop\"\n\t\t>\n\t\t\t<svg xmlns=\"http:\/\/www.w3.org\/2000\/svg\" width=\"12\" height=\"12\" fill=\"none\" viewBox=\"0 0 12 12\">\n\t\t\t\t<path fill=\"#fff\" d=\"M2 0a2 2 0 0 0-2 2v2h1.5V2a.5.5 0 0 1 .5-.5h2V0H2Zm2 10.5H2a.5.5 0 0 1-.5-.5V8H0v2a2 2 0 0 0 2 2h2v-1.5ZM8 12v-1.5h2a.5.5 0 0 0 .5-.5V8H12v2a2 2 0 0 1-2 2H8Zm2-12a2 2 0 0 1 2 2v2h-1.5V2a.5.5 0 0 0-.5-.5H8V0h2Z\" \/>\n\t\t\t<\/svg>\n\t\t<\/button><\/figure>\n\n\n\n<p>Cat\u00e9gorie(s) :<\/p>\n\n\n<div class=\"taxonomy-category wp-block-post-terms\"><a href=\"https:\/\/rrb.be\/rrb\/category\/conflits-guerres\/seconde-guerre-mondiale\/histoires-de-soldats-et-de-guerre\/\" rel=\"tag\">Histoires de soldats et de guerre<\/a><span class=\"wp-block-post-terms__separator\">, <\/span><a href=\"https:\/\/rrb.be\/rrb\/category\/conflits-guerres\/seconde-guerre-mondiale\/\" rel=\"tag\">Seconde guerre mondiale<\/a><span class=\"wp-block-post-terms__separator\">, <\/span><a href=\"https:\/\/rrb.be\/rrb\/category\/conflits-guerres\/seconde-guerre-mondiale\/soldats-allies-tues-a-lennemi\/\" rel=\"tag\">Soldats Alli\u00e9s tu\u00e9s \u00e0 l&rsquo;ennemi<\/a><\/div>\n\n\n<figure class=\"wp-block-embed is-type-wp-embed is-provider-alain-schenkels wp-block-embed-alain-schenkels\"><div class=\"wp-block-embed__wrapper\">\n<blockquote class=\"wp-embedded-content\" data-secret=\"mDsCeMYO0P\"><a href=\"https:\/\/rrb.be\/rrb\/seconde-guerre-mondiale\/\">Seconde Guerre Mondiale<\/a><\/blockquote><iframe loading=\"lazy\" class=\"wp-embedded-content\" sandbox=\"allow-scripts\" security=\"restricted\" style=\"position: absolute; visibility: hidden;\" title=\"\u00ab\u00a0Seconde Guerre Mondiale\u00a0\u00bb &#8212; Alain Schenkels\" src=\"https:\/\/rrb.be\/rrb\/seconde-guerre-mondiale\/embed\/#?secret=cm3Tjfr5Jl#?secret=mDsCeMYO0P\" data-secret=\"mDsCeMYO0P\" width=\"600\" height=\"338\" frameborder=\"0\" marginwidth=\"0\" marginheight=\"0\" scrolling=\"no\"><\/iframe>\n<\/div><\/figure>\n","protected":false},"excerpt":{"rendered":"<p>Julian PATRICK est n\u00e9 le 29 avril 1921 au Kentucky, Etats-Unis. Durant la guerre, il \u00e9tait soldat et conducteur de char am\u00e9ricain M4 Sherman, membre de la 3e division blind\u00e9e am\u00e9ricaine. Il a \u00e9t\u00e9 tu\u00e9 le 6 mars 1945 \u00e0 Cologne, Rh\u00e9nanie-Palatinat, Allemagne, \u00e0 l\u2019int\u00e9rieur de son char M4 Sherman lors du c\u00e9l\u00e8bre duel de [&hellip;]<\/p>\n","protected":false},"author":1,"featured_media":1387,"parent":886,"menu_order":0,"comment_status":"closed","ping_status":"closed","template":"","meta":{"footnotes":""},"categories":[31,20,30],"tags":[],"class_list":["post-1386","page","type-page","status-publish","has-post-thumbnail","hentry","category-histoires-de-soldats-et-de-guerre","category-seconde-guerre-mondiale","category-soldats-allies-tues-a-lennemi"],"_links":{"self":[{"href":"https:\/\/rrb.be\/rrb\/wp-json\/wp\/v2\/pages\/1386","targetHints":{"allow":["GET"]}}],"collection":[{"href":"https:\/\/rrb.be\/rrb\/wp-json\/wp\/v2\/pages"}],"about":[{"href":"https:\/\/rrb.be\/rrb\/wp-json\/wp\/v2\/types\/page"}],"author":[{"embeddable":true,"href":"https:\/\/rrb.be\/rrb\/wp-json\/wp\/v2\/users\/1"}],"replies":[{"embeddable":true,"href":"https:\/\/rrb.be\/rrb\/wp-json\/wp\/v2\/comments?post=1386"}],"version-history":[{"count":5,"href":"https:\/\/rrb.be\/rrb\/wp-json\/wp\/v2\/pages\/1386\/revisions"}],"predecessor-version":[{"id":2645,"href":"https:\/\/rrb.be\/rrb\/wp-json\/wp\/v2\/pages\/1386\/revisions\/2645"}],"up":[{"embeddable":true,"href":"https:\/\/rrb.be\/rrb\/wp-json\/wp\/v2\/pages\/886"}],"wp:featuredmedia":[{"embeddable":true,"href":"https:\/\/rrb.be\/rrb\/wp-json\/wp\/v2\/media\/1387"}],"wp:attachment":[{"href":"https:\/\/rrb.be\/rrb\/wp-json\/wp\/v2\/media?parent=1386"}],"wp:term":[{"taxonomy":"category","embeddable":true,"href":"https:\/\/rrb.be\/rrb\/wp-json\/wp\/v2\/categories?post=1386"},{"taxonomy":"post_tag","embeddable":true,"href":"https:\/\/rrb.be\/rrb\/wp-json\/wp\/v2\/tags?post=1386"}],"curies":[{"name":"wp","href":"https:\/\/api.w.org\/{rel}","templated":true}]}}