{"id":1369,"date":"2026-01-10T08:41:09","date_gmt":"2026-01-10T08:41:09","guid":{"rendered":"https:\/\/rrb.be\/rrb\/?page_id=1369"},"modified":"2026-02-08T22:06:41","modified_gmt":"2026-02-08T22:06:41","slug":"seconde-guerre-mondiale-un-jeune-soldat-allemand-deguise-en-civil-la-tragedie-des-jeunesses-hitleriennes","status":"publish","type":"page","link":"https:\/\/rrb.be\/rrb\/seconde-guerre-mondiale\/seconde-guerre-mondiale-un-jeune-soldat-allemand-deguise-en-civil-la-tragedie-des-jeunesses-hitleriennes\/","title":{"rendered":"Seconde Guerre Mondiale : Un jeune soldat allemand d\u00e9guis\u00e9 en civil, la trag\u00e9die des Jeunesses hitl\u00e9riennes"},"content":{"rendered":"\n<p><strong>D\u00e9cembre 1944 durant la Campagne de la ligne Siegfried.<\/strong><\/p>\n\n\n\n<p><em><strong>Sacr\u00e9 petit bonhomme !<\/strong><\/em><br>Ce jeune soldat allemand, ayant abandonn\u00e9 son uniforme militaire, a vol\u00e9 des v\u00eatements civils dans l\u2019espoir de se fondre parmi les habitants d\u2019un petit village situ\u00e9 en bordure de la for\u00eat de H\u00fcrtgen. Cependant, il porte une blessure au visage, cons\u00e9quence d\u2019une explosion survenue lors d\u2019un combat. La pr\u00e9sence de ce gar\u00e7on au visage band\u00e9 attire l\u2019attention d\u2019un lieutenant am\u00e9ricain qui d\u00e9cide d\u2019aller \u00e0 sa rencontre.<\/p>\n\n\n\n<p>Nous sommes en Allemagne. Le jeune homme r\u00e9pond en allemand aux questions du lieutenant, mais ses bottes en cuir typiques des soldats allemands le trahissent rapidement. Pris de panique, il tente de s\u2019enfuir, mais le lieutenant le rattrape. Le gar\u00e7on finit par lever les mains et est imm\u00e9diatement captur\u00e9. Un photographe militaire pr\u00e9sent sur place immortalise ce jeune soldat d\u00e9guis\u00e9 en civil.<\/p>\n\n\n\n<p>Au-del\u00e0 de cette anecdote qui peut pr\u00eater \u00e0 sourire, nous sommes confront\u00e9s \u00e0 une r\u00e9alit\u00e9 tragique, ces jeunes gar\u00e7ons, membres des Jeunesses hitl\u00e9riennes, n\u2019avaient pas leur place sur un champ de bataille. Victimes de l\u2019endoctrinement nazi, ils furent arrach\u00e9s \u00e0 leur enfance pour servir une id\u00e9ologie destructrice. Beaucoup d\u2019entre eux trouv\u00e8rent la mort dans des combats meurtriers o\u00f9 ils n\u2019auraient jamais d\u00fb se trouver.<\/p>\n\n\n\n<p><strong>\u00c0 titre d&rsquo;exemple : Deux membres des Jeunesses hitl\u00e9riennes en fin de combat.<\/strong><br>Celui au premier plan est tu\u00e9 d&rsquo;une balle dans le front, tandis que le second, visible \u00e0 l\u2019arri\u00e8re-plan, a plus de chance, bless\u00e9, il sera captur\u00e9 et soign\u00e9.<\/p>\n\n\n\n<figure data-wp-context=\"{&quot;imageId&quot;:&quot;69ea7e40bcbf2&quot;}\" data-wp-interactive=\"core\/image\" data-wp-key=\"69ea7e40bcbf2\" class=\"wp-block-image size-full is-resized wp-lightbox-container\"><img loading=\"lazy\" decoding=\"async\" width=\"550\" height=\"468\" data-wp-class--hide=\"state.isContentHidden\" data-wp-class--show=\"state.isContentVisible\" data-wp-init=\"callbacks.setButtonStyles\" data-wp-on--click=\"actions.showLightbox\" data-wp-on--load=\"callbacks.setButtonStyles\" data-wp-on-window--resize=\"callbacks.setButtonStyles\" src=\"https:\/\/rrb.be\/rrb\/wp-content\/uploads\/2026\/01\/Deux-jeunes-soldats-allemands-un-mort-et-un-blesse.jpg\" alt=\"\" class=\"wp-image-1371\" style=\"aspect-ratio:1.175271206378251;width:343px;height:auto\" srcset=\"https:\/\/rrb.be\/rrb\/wp-content\/uploads\/2026\/01\/Deux-jeunes-soldats-allemands-un-mort-et-un-blesse.jpg 550w, https:\/\/rrb.be\/rrb\/wp-content\/uploads\/2026\/01\/Deux-jeunes-soldats-allemands-un-mort-et-un-blesse-300x255.jpg 300w\" sizes=\"auto, (max-width: 550px) 100vw, 550px\" \/><button\n\t\t\tclass=\"lightbox-trigger\"\n\t\t\ttype=\"button\"\n\t\t\taria-haspopup=\"dialog\"\n\t\t\taria-label=\"Enlarge\"\n\t\t\tdata-wp-init=\"callbacks.initTriggerButton\"\n\t\t\tdata-wp-on--click=\"actions.showLightbox\"\n\t\t\tdata-wp-style--right=\"state.imageButtonRight\"\n\t\t\tdata-wp-style--top=\"state.imageButtonTop\"\n\t\t>\n\t\t\t<svg xmlns=\"http:\/\/www.w3.org\/2000\/svg\" width=\"12\" height=\"12\" fill=\"none\" viewBox=\"0 0 12 12\">\n\t\t\t\t<path fill=\"#fff\" d=\"M2 0a2 2 0 0 0-2 2v2h1.5V2a.5.5 0 0 1 .5-.5h2V0H2Zm2 10.5H2a.5.5 0 0 1-.5-.5V8H0v2a2 2 0 0 0 2 2h2v-1.5ZM8 12v-1.5h2a.5.5 0 0 0 .5-.5V8H12v2a2 2 0 0 1-2 2H8Zm2-12a2 2 0 0 1 2 2v2h-1.5V2a.5.5 0 0 0-.5-.5H8V0h2Z\" \/>\n\t\t\t<\/svg>\n\t\t<\/button><\/figure>\n\n\n\n<p>Les nazis ont \u00e9t\u00e9 les destructeurs de toute civilisation. Non contents de commettre des crimes de guerre contre leurs soldats ennemis, ils ont aussi cibl\u00e9 les populations civiles, commettant des atrocit\u00e9s telles que viols collectifs, tortures, meurtres et ex\u00e9cutions sommaires. Ils ont perp\u00e9tr\u00e9 le pire crime de l\u2019humanit\u00e9 avec la Shoah.<\/p>\n\n\n\n<p><strong>Ils n\u2019ont pas h\u00e9sit\u00e9 \u00e0 sacrifier leur propre jeunesse<\/strong><\/p>\n\n\n\n<p>Ils ont envoy\u00e9 des adolescents, d\u00e8s l\u2019\u00e2ge de 12 ans, se faire massacrer au nom de l\u2019id\u00e9ologie nazie. Voir ce jeune gar\u00e7on mort sur cette photo en est un t\u00e9moignage cruel. Je ne condamne \u00e9videmment pas les soldats am\u00e9ricains qui ont \u00e9t\u00e9 contraints de l\u2019abattre c&rsquo;\u00e9tait un acte l\u00e9gitime de guerre, il \u00e9tait soldat allemand, arm\u00e9, et combattait.<\/p>\n\n\n\n<p>Certes, il n\u2019aurait jamais d\u00fb se trouver sur un champ de bataille \u00e0 son \u00e2ge, mais les Am\u00e9ricains se d\u00e9fendaient face \u00e0 un ennemi, et sa mort fut une tragique n\u00e9cessit\u00e9 impos\u00e9e par les affres de la guerre, cons\u00e9quence d\u2019un affrontement entre deux arm\u00e9es. <br><strong>Les seuls responsables de sa mort sont les nazis qui ont envoy\u00e9 cet adolescent se faire tuer.<\/strong><\/p>\n\n\n\n<p>Membre des jeunesses hitl\u00e9rienne captur\u00e9 \u00e0 Venray, Pays-Bas en 1944 :<\/p>\n\n\n\n<figure data-wp-context=\"{&quot;imageId&quot;:&quot;69ea7e40bd07c&quot;}\" data-wp-interactive=\"core\/image\" data-wp-key=\"69ea7e40bd07c\" class=\"wp-block-image size-large is-resized wp-lightbox-container\"><img loading=\"lazy\" decoding=\"async\" width=\"1024\" height=\"802\" data-wp-class--hide=\"state.isContentHidden\" data-wp-class--show=\"state.isContentVisible\" data-wp-init=\"callbacks.setButtonStyles\" data-wp-on--click=\"actions.showLightbox\" data-wp-on--load=\"callbacks.setButtonStyles\" data-wp-on-window--resize=\"callbacks.setButtonStyles\" src=\"http:\/\/rrb.be\/rrb\/wp-content\/uploads\/2026\/01\/Jeune-prisonnier-allemand-jeunesses-hiltleriennes-capture-a-Venray-Pays-Bas-1944-1024x802.jpg\" alt=\"\" class=\"wp-image-1372\" style=\"aspect-ratio:1.2768383051491545;width:312px;height:auto\" srcset=\"https:\/\/rrb.be\/rrb\/wp-content\/uploads\/2026\/01\/Jeune-prisonnier-allemand-jeunesses-hiltleriennes-capture-a-Venray-Pays-Bas-1944-1024x802.jpg 1024w, https:\/\/rrb.be\/rrb\/wp-content\/uploads\/2026\/01\/Jeune-prisonnier-allemand-jeunesses-hiltleriennes-capture-a-Venray-Pays-Bas-1944-300x235.jpg 300w, https:\/\/rrb.be\/rrb\/wp-content\/uploads\/2026\/01\/Jeune-prisonnier-allemand-jeunesses-hiltleriennes-capture-a-Venray-Pays-Bas-1944-768x602.jpg 768w, https:\/\/rrb.be\/rrb\/wp-content\/uploads\/2026\/01\/Jeune-prisonnier-allemand-jeunesses-hiltleriennes-capture-a-Venray-Pays-Bas-1944.jpg 1067w\" sizes=\"auto, (max-width: 1024px) 100vw, 1024px\" \/><button\n\t\t\tclass=\"lightbox-trigger\"\n\t\t\ttype=\"button\"\n\t\t\taria-haspopup=\"dialog\"\n\t\t\taria-label=\"Enlarge\"\n\t\t\tdata-wp-init=\"callbacks.initTriggerButton\"\n\t\t\tdata-wp-on--click=\"actions.showLightbox\"\n\t\t\tdata-wp-style--right=\"state.imageButtonRight\"\n\t\t\tdata-wp-style--top=\"state.imageButtonTop\"\n\t\t>\n\t\t\t<svg xmlns=\"http:\/\/www.w3.org\/2000\/svg\" width=\"12\" height=\"12\" fill=\"none\" viewBox=\"0 0 12 12\">\n\t\t\t\t<path fill=\"#fff\" d=\"M2 0a2 2 0 0 0-2 2v2h1.5V2a.5.5 0 0 1 .5-.5h2V0H2Zm2 10.5H2a.5.5 0 0 1-.5-.5V8H0v2a2 2 0 0 0 2 2h2v-1.5ZM8 12v-1.5h2a.5.5 0 0 0 .5-.5V8H12v2a2 2 0 0 1-2 2H8Zm2-12a2 2 0 0 1 2 2v2h-1.5V2a.5.5 0 0 0-.5-.5H8V0h2Z\" \/>\n\t\t\t<\/svg>\n\t\t<\/button><\/figure>\n\n\n\n<h2 class=\"wp-block-heading\">R\u00e9f\u00e9rences :<\/h2>\n\n\n\n<ul class=\"wp-block-list\">\n<li><strong>Bataille de H\u00fcrtgen \/ Ligne Siegfried (d\u00e9c. 1944)<\/strong> : <strong>Charles B. MacDonald<\/strong>,&nbsp;<em>The Battle of the H\u00fcrtgen Forest<\/em>, US Army Center of Military History, 1973 \u2014 T\u00e9moignages captures soldats allemands d\u00e9guis\u00e9s civils, Jeunesses hitl\u00e9riennes (12e SS Panzer \u00ab Hitlerjugend \u00bb).<\/li>\n\n\n\n<li><strong>National WWII Museum (New Orleans)<\/strong> : Archives photos : Jeunesses hitl\u00e9riennes captur\u00e9es Ardennes\/H\u00fcrtgen, adolescents tu\u00e9 et bless\u00e9 (balle front, visage band\u00e9), bottes militaires trahissant d\u00e9guisement.&nbsp;<\/li>\n\n\n\n<li><strong>James Lucas<\/strong>,&nbsp;<em>Last of the Red Eagles: Hitler\u2019s Children<\/em>, 1975 \u2014 Envoi adolescents (14-16 ans) Volkssturm\/12e SS, fin 1944, uniformes abandonn\u00e9s d\u00e9sertion.<\/li>\n\n\n\n<li><strong>Howard Roy Williams<\/strong>,&nbsp;<em>Hitler\u2019s Youth at War<\/em>, 1945 \u2014 Photographies captures, statistiques : 10 000+ tu\u00e9s 1944-45.<\/li>\n\n\n\n<li><strong>Bundesarchiv (Allemagne)<\/strong> : Fonds RW 40 : Rapports OKW sur mobilisation Hitlerjugend (d\u00e9c. 1944), d\u00e9sertions ligne Siegfried, captures US.<\/li>\n\n\n\n<li><strong>US Army Field Manual 27-10<\/strong>&nbsp;(1940), Rule 24 : Combattants d\u00e9guis\u00e9s civils = espions, exclus POW, l\u00e9gitime riposte arm\u00e9e.<\/li>\n\n\n\n<li><strong>Tribunaux de Nuremberg<\/strong>, Doc. NO-424 : Ordres Himmler\/Bormann mobilisation 12 ans+, preuve sacrifice jeunesse nazie.<\/li>\n\n\n\n<li><strong>Imperial War Museum (IWM)<\/strong> : Photos authentiques : JH morts H\u00fcrtgen (balle front), bless\u00e9s captur\u00e9s soign\u00e9s, lieutenant US interrogeant adolescent bott\u00e9.&nbsp;<\/li>\n\n\n\n<li><strong>Max Hastings<\/strong>,&nbsp;<em>Armageddon: The Battle for Germany 1944-45<\/em>, 2004 \u2014 Chap. 12 : \u00ab Last Levies \u00bb, trag\u00e9die Hitlerjugend, d\u00e9sertions d\u00e9guisements.<\/li>\n\n\n\n<li><strong>Antony Beevor<\/strong>,&nbsp;<em>Ardennes 1944<\/em>, Viking, 2015 \u2014 Captures espions adolescents, r\u00e9actions officiers US.<\/li>\n<\/ul>\n\n\n\n<p>Par Alain Schenkels<\/p>\n\n\n\n<figure data-wp-context=\"{&quot;imageId&quot;:&quot;69ea7e40bd536&quot;}\" data-wp-interactive=\"core\/image\" data-wp-key=\"69ea7e40bd536\" class=\"wp-block-image size-full is-resized wp-lightbox-container\"><img loading=\"lazy\" decoding=\"async\" width=\"728\" height=\"1006\" data-wp-class--hide=\"state.isContentHidden\" data-wp-class--show=\"state.isContentVisible\" data-wp-init=\"callbacks.setButtonStyles\" data-wp-on--click=\"actions.showLightbox\" data-wp-on--load=\"callbacks.setButtonStyles\" data-wp-on-window--resize=\"callbacks.setButtonStyles\" src=\"http:\/\/rrb.be\/rrb\/wp-content\/uploads\/2025\/12\/Alain_Schenkels-1.jpg\" alt=\"\" class=\"wp-image-329\" style=\"width:224px;height:auto\" srcset=\"https:\/\/rrb.be\/rrb\/wp-content\/uploads\/2025\/12\/Alain_Schenkels-1.jpg 728w, https:\/\/rrb.be\/rrb\/wp-content\/uploads\/2025\/12\/Alain_Schenkels-1-217x300.jpg 217w\" sizes=\"auto, (max-width: 728px) 100vw, 728px\" \/><button\n\t\t\tclass=\"lightbox-trigger\"\n\t\t\ttype=\"button\"\n\t\t\taria-haspopup=\"dialog\"\n\t\t\taria-label=\"Enlarge\"\n\t\t\tdata-wp-init=\"callbacks.initTriggerButton\"\n\t\t\tdata-wp-on--click=\"actions.showLightbox\"\n\t\t\tdata-wp-style--right=\"state.imageButtonRight\"\n\t\t\tdata-wp-style--top=\"state.imageButtonTop\"\n\t\t>\n\t\t\t<svg xmlns=\"http:\/\/www.w3.org\/2000\/svg\" width=\"12\" height=\"12\" fill=\"none\" viewBox=\"0 0 12 12\">\n\t\t\t\t<path fill=\"#fff\" d=\"M2 0a2 2 0 0 0-2 2v2h1.5V2a.5.5 0 0 1 .5-.5h2V0H2Zm2 10.5H2a.5.5 0 0 1-.5-.5V8H0v2a2 2 0 0 0 2 2h2v-1.5ZM8 12v-1.5h2a.5.5 0 0 0 .5-.5V8H12v2a2 2 0 0 1-2 2H8Zm2-12a2 2 0 0 1 2 2v2h-1.5V2a.5.5 0 0 0-.5-.5H8V0h2Z\" \/>\n\t\t\t<\/svg>\n\t\t<\/button><\/figure>\n\n\n\n<p>Cat\u00e9gorie(s) :<\/p>\n\n\n<div class=\"taxonomy-category wp-block-post-terms\"><a href=\"https:\/\/rrb.be\/rrb\/category\/conflits-guerres\/seconde-guerre-mondiale\/histoires-de-soldats-et-de-guerre\/\" rel=\"tag\">Histoires de soldats et de guerre<\/a><span class=\"wp-block-post-terms__separator\">, <\/span><a href=\"https:\/\/rrb.be\/rrb\/category\/conflits-guerres\/seconde-guerre-mondiale\/\" rel=\"tag\">Seconde guerre mondiale<\/a><span class=\"wp-block-post-terms__separator\">, <\/span><a href=\"https:\/\/rrb.be\/rrb\/category\/conflits-guerres\/seconde-guerre-mondiale\/soldats-ennemis-de-laxe\/\" rel=\"tag\">Soldats ennemis de l&rsquo;Axe<\/a><\/div>\n\n\n<figure class=\"wp-block-embed is-type-wp-embed is-provider-alain-schenkels wp-block-embed-alain-schenkels\"><div class=\"wp-block-embed__wrapper\">\n<blockquote class=\"wp-embedded-content\" data-secret=\"ARZe8FJufs\"><a href=\"https:\/\/rrb.be\/rrb\/seconde-guerre-mondiale\/\">Seconde Guerre Mondiale<\/a><\/blockquote><iframe loading=\"lazy\" class=\"wp-embedded-content\" sandbox=\"allow-scripts\" security=\"restricted\" style=\"position: absolute; visibility: hidden;\" title=\"\u00ab\u00a0Seconde Guerre Mondiale\u00a0\u00bb &#8212; Alain Schenkels\" src=\"https:\/\/rrb.be\/rrb\/seconde-guerre-mondiale\/embed\/#?secret=PYbJscpRhJ#?secret=ARZe8FJufs\" data-secret=\"ARZe8FJufs\" width=\"600\" height=\"338\" frameborder=\"0\" marginwidth=\"0\" marginheight=\"0\" scrolling=\"no\"><\/iframe>\n<\/div><\/figure>\n","protected":false},"excerpt":{"rendered":"<p>D\u00e9cembre 1944 durant la Campagne de la ligne Siegfried. Sacr\u00e9 petit bonhomme !Ce jeune soldat allemand, ayant abandonn\u00e9 son uniforme militaire, a vol\u00e9 des v\u00eatements civils dans l\u2019espoir de se fondre parmi les habitants d\u2019un petit village situ\u00e9 en bordure de la for\u00eat de H\u00fcrtgen. Cependant, il porte une blessure au visage, cons\u00e9quence d\u2019une explosion [&hellip;]<\/p>\n","protected":false},"author":1,"featured_media":1370,"parent":886,"menu_order":0,"comment_status":"closed","ping_status":"closed","template":"","meta":{"footnotes":""},"categories":[31,20,32],"tags":[],"class_list":["post-1369","page","type-page","status-publish","has-post-thumbnail","hentry","category-histoires-de-soldats-et-de-guerre","category-seconde-guerre-mondiale","category-soldats-ennemis-de-laxe"],"_links":{"self":[{"href":"https:\/\/rrb.be\/rrb\/wp-json\/wp\/v2\/pages\/1369","targetHints":{"allow":["GET"]}}],"collection":[{"href":"https:\/\/rrb.be\/rrb\/wp-json\/wp\/v2\/pages"}],"about":[{"href":"https:\/\/rrb.be\/rrb\/wp-json\/wp\/v2\/types\/page"}],"author":[{"embeddable":true,"href":"https:\/\/rrb.be\/rrb\/wp-json\/wp\/v2\/users\/1"}],"replies":[{"embeddable":true,"href":"https:\/\/rrb.be\/rrb\/wp-json\/wp\/v2\/comments?post=1369"}],"version-history":[{"count":5,"href":"https:\/\/rrb.be\/rrb\/wp-json\/wp\/v2\/pages\/1369\/revisions"}],"predecessor-version":[{"id":2647,"href":"https:\/\/rrb.be\/rrb\/wp-json\/wp\/v2\/pages\/1369\/revisions\/2647"}],"up":[{"embeddable":true,"href":"https:\/\/rrb.be\/rrb\/wp-json\/wp\/v2\/pages\/886"}],"wp:featuredmedia":[{"embeddable":true,"href":"https:\/\/rrb.be\/rrb\/wp-json\/wp\/v2\/media\/1370"}],"wp:attachment":[{"href":"https:\/\/rrb.be\/rrb\/wp-json\/wp\/v2\/media?parent=1369"}],"wp:term":[{"taxonomy":"category","embeddable":true,"href":"https:\/\/rrb.be\/rrb\/wp-json\/wp\/v2\/categories?post=1369"},{"taxonomy":"post_tag","embeddable":true,"href":"https:\/\/rrb.be\/rrb\/wp-json\/wp\/v2\/tags?post=1369"}],"curies":[{"name":"wp","href":"https:\/\/api.w.org\/{rel}","templated":true}]}}