{"id":1311,"date":"2026-01-09T20:18:01","date_gmt":"2026-01-09T20:18:01","guid":{"rendered":"https:\/\/rrb.be\/rrb\/?page_id=1311"},"modified":"2026-02-08T22:01:02","modified_gmt":"2026-02-08T22:01:02","slug":"seconde-guerre-mondiale-vg-brigade-piron-soldat-guy-stevens-van-cauter-tue-le-1er-novembre-1944-a-lage-de-20-ans","status":"publish","type":"page","link":"https:\/\/rrb.be\/rrb\/seconde-guerre-mondiale\/seconde-guerre-mondiale-vg-brigade-piron-soldat-guy-stevens-van-cauter-tue-le-1er-novembre-1944-a-lage-de-20-ans\/","title":{"rendered":"Seconde Guerre Mondiale : VG Brigade Piron soldat Guy Stevens (Van Cauter), tu\u00e9 le 1er novembre 1944 \u00e0 l&rsquo;\u00e2ge de 20 ans"},"content":{"rendered":"\n<p>Guy est n\u00e9 le 25 juillet 1924 \u00e0 Meerbeke, en Belgique. Il s&rsquo;est port\u00e9 volontaire de guerre au sein de la Brigade Piron sous le matricule 1146, membre de la 1\u00e8re Unit\u00e9 Motoris\u00e9e &#8211; Recce, chauffeur-m\u00e9canicien de la scout section Carriers. <\/p>\n\n\n\n<p>Il a \u00e9t\u00e9 tu\u00e9 par balles en patrouille lors de la Campagne de Hollande le 1er novembre 1944 \u00e0 Thorn \u00e0 7H00 du matin de long du canal dans la Baasstraat aux Pays-Bas, il avait de 20 ans. Il est inhum\u00e9 \u00e0 au cimeti\u00e8re de Leopoldsburg, Limburg, Belgique.<\/p>\n\n\n\n<p>Il \u00e9tait de fils de Telesphorus Franciscus Fernandus Th\u00e9o STEVENS et de Lydie VAN CAUTER<\/p>\n\n\n\n<h3 class=\"wp-block-heading\">La mort de mon copain Guy Stevens<\/h3>\n\n\n\n<p>Extrait \u00ab Au hasard d\u2019une guerre \u00bb par Roger Destrebecq, Histoire v\u00e9cue 1939-1945.<\/p>\n\n\n\n<p>Permission termin\u00e9e, je retournais rejoindre mes camarades, toujours au front en Hollande. Le train stoppait dans la petite gare du Limbourg o\u00f9 je devais retrouver deux ou trois Belges qui, comme moi, avaient pass\u00e9 leur cong\u00e9 en Angleterre et qui, comme moi, retrouvaient l\u2019ambiance triste et morose de l\u2019arri\u00e8re-front. Une heure apr\u00e8s, j\u2019\u00e9tais \u00e0 nouveau dans le secteur de ma compagnie, o\u00f9 trouver ma section, la nuit, n\u2019\u00e9tait pas facile : nous changions souvent d\u2019emplacement.<\/p>\n\n\n\n<p>Je poussais enfin la porte d\u2019une maison abandonn\u00e9e o\u00f9, sur le sol, dormaient mes camarades qui n\u2019\u00e9taient pas en service. Le premier que je voulais revoir \u00e9tait Stevens, j\u2019avais h\u00e2te de lui raconter ma permission, mais j\u2019eus beau regarder, il n\u2019\u00e9tait pas \u00e0 l\u2019int\u00e9rieur.<\/p>\n\n\n\n<p>Je r\u00e9veillais un autre qui, lui, en m\u2019apercevant, me dit :<br><em>\u00ab\u00a0Ah ! Destrebecq. Tu es revenu, ton cong\u00e9 s\u2019est bien pass\u00e9 ?\u00a0\u00bb<\/em>&nbsp;&#8211;&nbsp;<em>\u00ab\u00a0Tr\u00e8s bien merci ; mais o\u00f9 est Stevens, il est en patrouille ?\u00a0\u00bb<\/em><br>L\u2019autre qui savait que cela allait me faire de la peine \u00e9prouva des difficult\u00e9s \u00e0 me dire :<br><em>\u00ab\u00a0Non, il a \u00e9t\u00e9 tu\u00e9 le lendemain de ton d\u00e9part.\u00a0\u00bb<\/em><\/p>\n\n\n\n<figure class=\"wp-block-image size-full\"><img loading=\"lazy\" decoding=\"async\" width=\"135\" height=\"200\" src=\"https:\/\/rrb.be\/rrb\/wp-content\/uploads\/2026\/01\/STEVENS-Guy-Albert-Eugene-Telesphore-1924-1944.jpg\" alt=\"\" class=\"wp-image-1313\"\/><\/figure>\n\n\n\n<p>Le choc fut immense, je ne parvenais pas \u00e0 r\u00e9aliser qu\u2019un gar\u00e7on comme Stevens f\u00fbt mort. Les remords s\u2019ajouta \u00e0 ma peine, c\u2019\u00e9tait pour me faire plaisir, en prenant ma place dans cette patrouille, qu\u2019il devait tomber en brave sur cette plaine d\u00e9sol\u00e9e de Hollande.<\/p>\n\n\n\n<p>Je perdais l\u00e0 un camarade sinc\u00e8re et d\u00e9vou\u00e9, plus qu\u2019un fr\u00e8re. Son souvenir et la douleur de sa m\u00e8re (Lydie VAN CAUTER), que je rencontrais quelques fois apr\u00e8s la guerre, hantaient bien souvent mes nuits. Il repose maintenant au cimeti\u00e8re militaire de Bourg-L\u00e9opold.<br>Guy Stevens a \u00e9t\u00e9 tu\u00e9 le 1 novembre 1944, il avait \u00e0 peine 20 ans !!!<\/p>\n\n\n\n<blockquote class=\"wp-block-quote is-layout-flow wp-block-quote-is-layout-flow\">\n<p>Citation : \u00ab\u00a0Soldat de la section reconnaissance, exemple de calme et de courage en toutes circonstances. Tu\u00e9 en patrouille devant Thorn (Hollande)\u00a0\u00bb.<\/p>\n<\/blockquote>\n\n\n\n<p>Cet homme \u00e9tait un cousin germain du c\u00f4t\u00e9 de ma grand-m\u00e8re maternelle Van Cauter.<\/p>\n\n\n\n<figure class=\"wp-block-image size-full\"><img loading=\"lazy\" decoding=\"async\" width=\"378\" height=\"576\" src=\"https:\/\/rrb.be\/rrb\/wp-content\/uploads\/2026\/01\/STEVENS-Guy-tombe.jpg\" alt=\"\" class=\"wp-image-1314\" srcset=\"https:\/\/rrb.be\/rrb\/wp-content\/uploads\/2026\/01\/STEVENS-Guy-tombe.jpg 378w, https:\/\/rrb.be\/rrb\/wp-content\/uploads\/2026\/01\/STEVENS-Guy-tombe-197x300.jpg 197w\" sizes=\"auto, (max-width: 378px) 100vw, 378px\" \/><\/figure>\n\n\n\n<h2 class=\"wp-block-heading\">R\u00e9f\u00e9rences :<\/h2>\n\n\n\n<ul class=\"wp-block-list\">\n<li><strong>Brigade Piron<\/strong> : Site de r\u00e9f\u00e9rence<\/li>\n\n\n\n<li><strong>Service historique de la D\u00e9fense belge \/ War Heritage Institute<\/strong>&nbsp;\u2014 Registres des volontaires de guerre belges 1940\u20131945,&nbsp;<em>Brigade Piron<\/em>, 1st Motorised Unit \u2013 Recce Section, matricule n\u00b01146, Stevens Guy.<\/li>\n\n\n\n<li><strong>Roger Destrebecq<\/strong>,&nbsp;<em>Au hasard d\u2019une guerre. Histoire v\u00e9cue 1939\u20131945<\/em>, T\u00e9moignage personnel, \u00e9d. priv\u00e9e (non commerciale), Bruxelles, vers 1990.<\/li>\n\n\n\n<li><strong>Jean-Michel Sterkendries<\/strong>,&nbsp;<em>La Brigade Piron. Des plages du d\u00e9barquement \u00e0 la lib\u00e9ration des Pays-Bas<\/em>, \u00c9ditions Racine, Bruxelles, 2004 &#8211; \u2013 Chapitres sur la 1\u00e8re Unit\u00e9 Motoris\u00e9e et les combats de Thorn (octobre\u2013novembre 1944).<\/li>\n\n\n\n<li><strong>G. Roland &amp; J. P. Piron<\/strong>,&nbsp;<em>La Brigade Piron, de Normandie \u00e0 la Hollande (1944\u20131945)<\/em>, Bruxelles, 1985.<br>\u2013 Ouvrage de r\u00e9f\u00e9rence sur la structure, les volontaires belges et leurs op\u00e9rations.<\/li>\n\n\n\n<li><strong>Oorlogsgravenstichting (War Graves Netherlands)<\/strong>&nbsp;\u2014 Base de donn\u00e9es n\u00e9erlandaise sur les victimes militaires tomb\u00e9es aux Pays-Bas. (Entr\u00e9e :&nbsp;<em>Stevens, Guy \u2013 Belgische strijdkrachten, gesneuveld te Thorn, 1 november 1944<\/em>).<\/li>\n\n\n\n<li><strong>Archives du Commonwealth War Graves Commission (CWGC)<\/strong>&nbsp;\u2014&nbsp;<em>Fiche de s\u00e9pulture militaire de Stevens Guy (Belgian Army)<\/em>, cimeti\u00e8re militaire de Leopoldsburg (Bourg-L\u00e9opold), Limbourg, Belgique.<\/li>\n\n\n\n<li><strong>Registre des d\u00e9c\u00e8s militaires 1940\u20131945<\/strong>, Belgian State Archives \/ Archives g\u00e9n\u00e9rales du Royaume, dossier Stevens Guy (n\u00e9 \u00e0 Meerbeke le 25.07.1924, d\u00e9c\u00e9d\u00e9 \u00e0 Thorn le 01.11.1944).<\/li>\n\n\n\n<li><strong>Registre de la commune de Meerbeke (Ninove)<\/strong>&nbsp;\u2014 acte de naissance n\u00b0125\/1924, consultable aux&nbsp;Archives du Royaume.<\/li>\n<\/ul>\n\n\n\n<p>Par Alain Schenkels<\/p>\n\n\n\n<figure data-wp-context=\"{&quot;imageId&quot;:&quot;69ea6a8f2c998&quot;}\" data-wp-interactive=\"core\/image\" data-wp-key=\"69ea6a8f2c998\" class=\"wp-block-image size-full is-resized wp-lightbox-container\"><img loading=\"lazy\" decoding=\"async\" width=\"728\" height=\"1006\" data-wp-class--hide=\"state.isContentHidden\" data-wp-class--show=\"state.isContentVisible\" data-wp-init=\"callbacks.setButtonStyles\" data-wp-on--click=\"actions.showLightbox\" data-wp-on--load=\"callbacks.setButtonStyles\" data-wp-on-window--resize=\"callbacks.setButtonStyles\" src=\"http:\/\/rrb.be\/rrb\/wp-content\/uploads\/2025\/12\/Alain_Schenkels-1.jpg\" alt=\"\" class=\"wp-image-329\" style=\"width:209px;height:auto\" srcset=\"https:\/\/rrb.be\/rrb\/wp-content\/uploads\/2025\/12\/Alain_Schenkels-1.jpg 728w, https:\/\/rrb.be\/rrb\/wp-content\/uploads\/2025\/12\/Alain_Schenkels-1-217x300.jpg 217w\" sizes=\"auto, (max-width: 728px) 100vw, 728px\" \/><button\n\t\t\tclass=\"lightbox-trigger\"\n\t\t\ttype=\"button\"\n\t\t\taria-haspopup=\"dialog\"\n\t\t\taria-label=\"Enlarge\"\n\t\t\tdata-wp-init=\"callbacks.initTriggerButton\"\n\t\t\tdata-wp-on--click=\"actions.showLightbox\"\n\t\t\tdata-wp-style--right=\"state.imageButtonRight\"\n\t\t\tdata-wp-style--top=\"state.imageButtonTop\"\n\t\t>\n\t\t\t<svg xmlns=\"http:\/\/www.w3.org\/2000\/svg\" width=\"12\" height=\"12\" fill=\"none\" viewBox=\"0 0 12 12\">\n\t\t\t\t<path fill=\"#fff\" d=\"M2 0a2 2 0 0 0-2 2v2h1.5V2a.5.5 0 0 1 .5-.5h2V0H2Zm2 10.5H2a.5.5 0 0 1-.5-.5V8H0v2a2 2 0 0 0 2 2h2v-1.5ZM8 12v-1.5h2a.5.5 0 0 0 .5-.5V8H12v2a2 2 0 0 1-2 2H8Zm2-12a2 2 0 0 1 2 2v2h-1.5V2a.5.5 0 0 0-.5-.5H8V0h2Z\" \/>\n\t\t\t<\/svg>\n\t\t<\/button><\/figure>\n\n\n\n<p>Cat\u00e9gorie(s) :<\/p>\n\n\n<div class=\"taxonomy-category wp-block-post-terms\"><a href=\"https:\/\/rrb.be\/rrb\/category\/conflits-guerres\/seconde-guerre-mondiale\/brigade-piron\/\" rel=\"tag\">Brigade Piron<\/a><span class=\"wp-block-post-terms__separator\">, <\/span><a href=\"https:\/\/rrb.be\/rrb\/category\/conflits-guerres\/seconde-guerre-mondiale\/histoires-de-soldats-et-de-guerre\/\" rel=\"tag\">Histoires de soldats et de guerre<\/a><span class=\"wp-block-post-terms__separator\">, <\/span><a href=\"https:\/\/rrb.be\/rrb\/category\/conflits-guerres\/seconde-guerre-mondiale\/\" rel=\"tag\">Seconde guerre mondiale<\/a><span class=\"wp-block-post-terms__separator\">, <\/span><a href=\"https:\/\/rrb.be\/rrb\/category\/conflits-guerres\/seconde-guerre-mondiale\/soldats-allies-tues-a-lennemi\/\" rel=\"tag\">Soldats Alli\u00e9s tu\u00e9s \u00e0 l&rsquo;ennemi<\/a><\/div>\n\n\n<figure class=\"wp-block-embed is-type-wp-embed is-provider-alain-schenkels wp-block-embed-alain-schenkels\"><div class=\"wp-block-embed__wrapper\">\n<blockquote class=\"wp-embedded-content\" data-secret=\"p55x5BrvxM\"><a href=\"https:\/\/rrb.be\/rrb\/seconde-guerre-mondiale\/\">Seconde Guerre Mondiale<\/a><\/blockquote><iframe loading=\"lazy\" class=\"wp-embedded-content\" sandbox=\"allow-scripts\" security=\"restricted\" style=\"position: absolute; visibility: hidden;\" title=\"\u00ab\u00a0Seconde Guerre Mondiale\u00a0\u00bb &#8212; Alain Schenkels\" src=\"https:\/\/rrb.be\/rrb\/seconde-guerre-mondiale\/embed\/#?secret=T4NKwIJ1uh#?secret=p55x5BrvxM\" data-secret=\"p55x5BrvxM\" width=\"600\" height=\"338\" frameborder=\"0\" marginwidth=\"0\" marginheight=\"0\" scrolling=\"no\"><\/iframe>\n<\/div><\/figure>\n","protected":false},"excerpt":{"rendered":"<p>Guy est n\u00e9 le 25 juillet 1924 \u00e0 Meerbeke, en Belgique. Il s&rsquo;est port\u00e9 volontaire de guerre au sein de la Brigade Piron sous le matricule 1146, membre de la 1\u00e8re Unit\u00e9 Motoris\u00e9e &#8211; Recce, chauffeur-m\u00e9canicien de la scout section Carriers. Il a \u00e9t\u00e9 tu\u00e9 par balles en patrouille lors de la Campagne de Hollande [&hellip;]<\/p>\n","protected":false},"author":1,"featured_media":1312,"parent":886,"menu_order":0,"comment_status":"closed","ping_status":"closed","template":"","meta":{"footnotes":""},"categories":[28,31,20,30],"tags":[],"class_list":["post-1311","page","type-page","status-publish","has-post-thumbnail","hentry","category-brigade-piron","category-histoires-de-soldats-et-de-guerre","category-seconde-guerre-mondiale","category-soldats-allies-tues-a-lennemi"],"_links":{"self":[{"href":"https:\/\/rrb.be\/rrb\/wp-json\/wp\/v2\/pages\/1311","targetHints":{"allow":["GET"]}}],"collection":[{"href":"https:\/\/rrb.be\/rrb\/wp-json\/wp\/v2\/pages"}],"about":[{"href":"https:\/\/rrb.be\/rrb\/wp-json\/wp\/v2\/types\/page"}],"author":[{"embeddable":true,"href":"https:\/\/rrb.be\/rrb\/wp-json\/wp\/v2\/users\/1"}],"replies":[{"embeddable":true,"href":"https:\/\/rrb.be\/rrb\/wp-json\/wp\/v2\/comments?post=1311"}],"version-history":[{"count":8,"href":"https:\/\/rrb.be\/rrb\/wp-json\/wp\/v2\/pages\/1311\/revisions"}],"predecessor-version":[{"id":2632,"href":"https:\/\/rrb.be\/rrb\/wp-json\/wp\/v2\/pages\/1311\/revisions\/2632"}],"up":[{"embeddable":true,"href":"https:\/\/rrb.be\/rrb\/wp-json\/wp\/v2\/pages\/886"}],"wp:featuredmedia":[{"embeddable":true,"href":"https:\/\/rrb.be\/rrb\/wp-json\/wp\/v2\/media\/1312"}],"wp:attachment":[{"href":"https:\/\/rrb.be\/rrb\/wp-json\/wp\/v2\/media?parent=1311"}],"wp:term":[{"taxonomy":"category","embeddable":true,"href":"https:\/\/rrb.be\/rrb\/wp-json\/wp\/v2\/categories?post=1311"},{"taxonomy":"post_tag","embeddable":true,"href":"https:\/\/rrb.be\/rrb\/wp-json\/wp\/v2\/tags?post=1311"}],"curies":[{"name":"wp","href":"https:\/\/api.w.org\/{rel}","templated":true}]}}