{"id":1258,"date":"2026-01-08T18:40:11","date_gmt":"2026-01-08T18:40:11","guid":{"rendered":"https:\/\/rrb.be\/rrb\/?page_id=1258"},"modified":"2026-02-08T22:00:01","modified_gmt":"2026-02-08T22:00:01","slug":"seconde-guerre-mondiale-sergent-et-resistant-maurice-bette-1908-1974","status":"publish","type":"page","link":"https:\/\/rrb.be\/rrb\/seconde-guerre-mondiale\/seconde-guerre-mondiale-sergent-et-resistant-maurice-bette-1908-1974\/","title":{"rendered":"Seconde Guerre Mondiale : Sergent et r\u00e9sistant Maurice Bette 1908-1974"},"content":{"rendered":"\n<p>Maurice est n\u00e9 le 7 juin 1908 \u00e0 Braine-le-Comte, 7090, Hainaut, Belgique et est d\u00e9c\u00e9d\u00e9 le 24 juillet 1974 \u00e0 Forest, 1190, Bruxelles, Belgique, \u00e0 l&rsquo;\u00e2ge de 66 ans. Sa profession \u00e9tait commer\u00e7ant Fourreur. Lors de la guerre, il participa \u00e0 la campagne des 18 jours en tant que sergent du 9e R\u00e9giment de Ligne 3e compagnie, fusilier mitrailleur, n\u00b0 matricule 109-73235, puis il entra dans la r\u00e9sistance.<\/p>\n\n\n\n<p>Il \u00e9tait le fils de Camille Emile Raimond BETTE et de Lydie Hubertine DEPOITRE. Il s&rsquo;est mari\u00e9 en 1936 avec <strong>Simone UREEL<\/strong>, ma marraine et s\u0153ur de mon grand-p\u00e8re maternel. Il n&rsquo;a pas eu de descendance, son \u00e9pouse a fait une fausse couche et n&rsquo;a plus pu avoir d&rsquo;enfant.<\/p>\n\n\n\n<h2 class=\"wp-block-heading\">Informations personnelles et militaires<\/h2>\n\n\n\n<ul class=\"wp-block-list\">\n<li><strong>1928-1929<\/strong>, Service militaire. Milicien. Le 28 mars 1929, nomm\u00e9 caporal.<\/li>\n\n\n\n<li><strong>Avril 1929<\/strong>, Cong\u00e9 militaire<\/li>\n\n\n\n<li><strong>13 avril 1931<\/strong>, r\u00e9int\u00e9gration dans sa compagnie au camp de Beverloo<\/li>\n\n\n\n<li><strong>23 mai 1931<\/strong>, Cong\u00e9 militaire<\/li>\n\n\n\n<li><strong>24 juin 1936<\/strong>, Maurice BETTE \u00e9pouse Simone Louise UREEL (ma marraine et s\u0153ur de mon grand-p\u00e8re maternel)<\/li>\n\n\n\n<li><strong>22 septembre 1939<\/strong>, Maurice r\u00e9int\u00e8gre sa compagnie en vue de la guerre.<\/li>\n\n\n\n<li><strong>10 mai 1940<\/strong>, Maurice BETTE a 32 ans et mari\u00e9 depuis 4 ans, il est volontaire de guerre et participe \u00e0 la Campagne des 18 jours, 9e R\u00e9giment de Ligne, formation sp\u00e9ciale mitrailleur au grade de sergent, fait preuve de bravoure et se distingue au combat contre l&rsquo;envahisseur nazi.&nbsp;<br><em>\u00ab\u00a0Marraine (son \u00e9pouse) m&rsquo;a racont\u00e9 qu&rsquo;avec sa seule mitrailleuse, il \u00e9tait parvenu \u00e0 liquider une vingtaine d&rsquo;allemands en \u00e0 peine quelques minutes\u00a0\u00bb<\/em><\/li>\n\n\n\n<li><strong>28 mai 1940<\/strong>, capitulation de la Belgique, Maurice BETTE fait partie des 500 000 soldats belges captur\u00e9s, mais avec plusieurs de ses hommes, il parvient \u00e0 \u00e9chapper aux allemands.<\/li>\n\n\n\n<li><strong>15 ao\u00fbt 1940<\/strong>, est officiellement en cong\u00e9 illimit\u00e9 de l&rsquo;arm\u00e9e<\/li>\n<\/ul>\n\n\n\n<p><strong>Durant la guerre, Maurice et son \u00e9pouse Simone entrent dans la r\u00e9sistance.<\/strong><\/p>\n\n\n\n<p>D\u00e9nonc\u00e9s par des voisins, les SS d\u00e9barqu\u00e8rent \u00e0 leur domicile de Forest \u00e0 la recherche de documents qu&rsquo;ils ne trouv\u00e8rent heureusement pas. Ils \u00e9taient cach\u00e9s \u00e0 l&rsquo;arri\u00e8re du meuble situ\u00e9 dans le hall d&rsquo;entr\u00e9e du premier \u00e9tage donnant sur la cuisine et le salon.<\/p>\n\n\n\n<hr class=\"wp-block-separator has-alpha-channel-opacity\"\/>\n\n\n\n<h3 class=\"wp-block-heading\">R\u00e9sum\u00e9 activit\u00e9 militaire<\/h3>\n\n\n\n<p><strong>Carnet militaire n\u00b0 matricule 109-73235<\/strong><\/p>\n\n\n\n<p>9e R\u00e9giment de Ligne &#8211; Formation sp\u00e9ciale : mitrailleur.<br>Classe de milice 1928, Milicien, 28 mars 1929, nomm\u00e9 caporal, 1939 Volontaire de guerre il re\u00e7oit le grade de sergent.<\/p>\n\n\n\n<p>Taille : 1m.68, yeux maron-clair, cheveux ch\u00e2tain clair.<\/p>\n\n\n\n<hr class=\"wp-block-separator has-alpha-channel-opacity\"\/>\n\n\n\n<p><strong>Deux photos de sa classe militaire en 1928-1929<\/strong><br>(voir fl\u00e8che pour identification)<\/p>\n\n\n\n<figure class=\"wp-block-gallery has-nested-images columns-default is-cropped wp-block-gallery-1 is-layout-flex wp-block-gallery-is-layout-flex\">\n<figure data-wp-context=\"{&quot;imageId&quot;:&quot;69ea504a6c1f2&quot;}\" data-wp-interactive=\"core\/image\" data-wp-key=\"69ea504a6c1f2\" class=\"wp-block-image size-large wp-lightbox-container\"><img loading=\"lazy\" decoding=\"async\" width=\"1024\" height=\"576\" data-wp-class--hide=\"state.isContentHidden\" data-wp-class--show=\"state.isContentVisible\" data-wp-init=\"callbacks.setButtonStyles\" data-wp-on--click=\"actions.showLightbox\" data-wp-on--load=\"callbacks.setButtonStyles\" data-wp-on-window--resize=\"callbacks.setButtonStyles\" data-id=\"1261\" src=\"https:\/\/rrb.be\/rrb\/wp-content\/uploads\/2026\/01\/Maurice-BETTE-militaire-2-1024x576.jpg\" alt=\"\" class=\"wp-image-1261\" srcset=\"https:\/\/rrb.be\/rrb\/wp-content\/uploads\/2026\/01\/Maurice-BETTE-militaire-2-1024x576.jpg 1024w, https:\/\/rrb.be\/rrb\/wp-content\/uploads\/2026\/01\/Maurice-BETTE-militaire-2-300x169.jpg 300w, https:\/\/rrb.be\/rrb\/wp-content\/uploads\/2026\/01\/Maurice-BETTE-militaire-2-768x432.jpg 768w, https:\/\/rrb.be\/rrb\/wp-content\/uploads\/2026\/01\/Maurice-BETTE-militaire-2-1536x864.jpg 1536w, https:\/\/rrb.be\/rrb\/wp-content\/uploads\/2026\/01\/Maurice-BETTE-militaire-2-2048x1152.jpg 2048w\" sizes=\"auto, (max-width: 1024px) 100vw, 1024px\" \/><button\n\t\t\tclass=\"lightbox-trigger\"\n\t\t\ttype=\"button\"\n\t\t\taria-haspopup=\"dialog\"\n\t\t\taria-label=\"Enlarge\"\n\t\t\tdata-wp-init=\"callbacks.initTriggerButton\"\n\t\t\tdata-wp-on--click=\"actions.showLightbox\"\n\t\t\tdata-wp-style--right=\"state.imageButtonRight\"\n\t\t\tdata-wp-style--top=\"state.imageButtonTop\"\n\t\t>\n\t\t\t<svg xmlns=\"http:\/\/www.w3.org\/2000\/svg\" width=\"12\" height=\"12\" fill=\"none\" viewBox=\"0 0 12 12\">\n\t\t\t\t<path fill=\"#fff\" d=\"M2 0a2 2 0 0 0-2 2v2h1.5V2a.5.5 0 0 1 .5-.5h2V0H2Zm2 10.5H2a.5.5 0 0 1-.5-.5V8H0v2a2 2 0 0 0 2 2h2v-1.5ZM8 12v-1.5h2a.5.5 0 0 0 .5-.5V8H12v2a2 2 0 0 1-2 2H8Zm2-12a2 2 0 0 1 2 2v2h-1.5V2a.5.5 0 0 0-.5-.5H8V0h2Z\" \/>\n\t\t\t<\/svg>\n\t\t<\/button><\/figure>\n\n\n\n<figure data-wp-context=\"{&quot;imageId&quot;:&quot;69ea504a6c779&quot;}\" data-wp-interactive=\"core\/image\" data-wp-key=\"69ea504a6c779\" class=\"wp-block-image size-large wp-lightbox-container\"><img loading=\"lazy\" decoding=\"async\" width=\"1024\" height=\"576\" data-wp-class--hide=\"state.isContentHidden\" data-wp-class--show=\"state.isContentVisible\" data-wp-init=\"callbacks.setButtonStyles\" data-wp-on--click=\"actions.showLightbox\" data-wp-on--load=\"callbacks.setButtonStyles\" data-wp-on-window--resize=\"callbacks.setButtonStyles\" data-id=\"1260\" src=\"https:\/\/rrb.be\/rrb\/wp-content\/uploads\/2026\/01\/Maurice-BETTE-militaire-3-1024x576.jpg\" alt=\"\" class=\"wp-image-1260\" srcset=\"https:\/\/rrb.be\/rrb\/wp-content\/uploads\/2026\/01\/Maurice-BETTE-militaire-3-1024x576.jpg 1024w, https:\/\/rrb.be\/rrb\/wp-content\/uploads\/2026\/01\/Maurice-BETTE-militaire-3-300x169.jpg 300w, https:\/\/rrb.be\/rrb\/wp-content\/uploads\/2026\/01\/Maurice-BETTE-militaire-3-768x432.jpg 768w, https:\/\/rrb.be\/rrb\/wp-content\/uploads\/2026\/01\/Maurice-BETTE-militaire-3-1536x864.jpg 1536w, https:\/\/rrb.be\/rrb\/wp-content\/uploads\/2026\/01\/Maurice-BETTE-militaire-3-2048x1152.jpg 2048w\" sizes=\"auto, (max-width: 1024px) 100vw, 1024px\" \/><button\n\t\t\tclass=\"lightbox-trigger\"\n\t\t\ttype=\"button\"\n\t\t\taria-haspopup=\"dialog\"\n\t\t\taria-label=\"Enlarge\"\n\t\t\tdata-wp-init=\"callbacks.initTriggerButton\"\n\t\t\tdata-wp-on--click=\"actions.showLightbox\"\n\t\t\tdata-wp-style--right=\"state.imageButtonRight\"\n\t\t\tdata-wp-style--top=\"state.imageButtonTop\"\n\t\t>\n\t\t\t<svg xmlns=\"http:\/\/www.w3.org\/2000\/svg\" width=\"12\" height=\"12\" fill=\"none\" viewBox=\"0 0 12 12\">\n\t\t\t\t<path fill=\"#fff\" d=\"M2 0a2 2 0 0 0-2 2v2h1.5V2a.5.5 0 0 1 .5-.5h2V0H2Zm2 10.5H2a.5.5 0 0 1-.5-.5V8H0v2a2 2 0 0 0 2 2h2v-1.5ZM8 12v-1.5h2a.5.5 0 0 0 .5-.5V8H12v2a2 2 0 0 1-2 2H8Zm2-12a2 2 0 0 1 2 2v2h-1.5V2a.5.5 0 0 0-.5-.5H8V0h2Z\" \/>\n\t\t\t<\/svg>\n\t\t<\/button><\/figure>\n<\/figure>\n\n\n\n<p><strong>Photo de Classe, fin de son service militaire en 1929. Il est nomm\u00e9 caporal pour son parcours milicien exemplaire \u00e0 l&rsquo;\u00e2ge de 21 ans.<\/strong> (voir fl\u00e8che pour identification)<\/p>\n\n\n\n<figure class=\"wp-block-image size-large\"><img loading=\"lazy\" decoding=\"async\" width=\"1024\" height=\"576\" src=\"https:\/\/rrb.be\/rrb\/wp-content\/uploads\/2026\/01\/Maurice-BETTE-militaire-4-1024x576.jpg\" alt=\"\" class=\"wp-image-1262\" srcset=\"https:\/\/rrb.be\/rrb\/wp-content\/uploads\/2026\/01\/Maurice-BETTE-militaire-4-1024x576.jpg 1024w, https:\/\/rrb.be\/rrb\/wp-content\/uploads\/2026\/01\/Maurice-BETTE-militaire-4-300x169.jpg 300w, https:\/\/rrb.be\/rrb\/wp-content\/uploads\/2026\/01\/Maurice-BETTE-militaire-4-768x432.jpg 768w, https:\/\/rrb.be\/rrb\/wp-content\/uploads\/2026\/01\/Maurice-BETTE-militaire-4-1536x864.jpg 1536w, https:\/\/rrb.be\/rrb\/wp-content\/uploads\/2026\/01\/Maurice-BETTE-militaire-4-2048x1152.jpg 2048w\" sizes=\"auto, (max-width: 1024px) 100vw, 1024px\" \/><\/figure>\n\n\n\n<p><strong>Couverture carnet militaire<\/strong> (en ma possession)<\/p>\n\n\n\n<figure data-wp-context=\"{&quot;imageId&quot;:&quot;69ea504a6dca0&quot;}\" data-wp-interactive=\"core\/image\" data-wp-key=\"69ea504a6dca0\" class=\"wp-block-image size-full is-resized wp-lightbox-container\"><img loading=\"lazy\" decoding=\"async\" width=\"334\" height=\"513\" data-wp-class--hide=\"state.isContentHidden\" data-wp-class--show=\"state.isContentVisible\" data-wp-init=\"callbacks.setButtonStyles\" data-wp-on--click=\"actions.showLightbox\" data-wp-on--load=\"callbacks.setButtonStyles\" data-wp-on-window--resize=\"callbacks.setButtonStyles\" src=\"https:\/\/rrb.be\/rrb\/wp-content\/uploads\/2026\/01\/Maurice-BETTE-militaire-5.jpg\" alt=\"\" class=\"wp-image-1263\" style=\"aspect-ratio:0.6510955935468337;width:242px;height:auto\" srcset=\"https:\/\/rrb.be\/rrb\/wp-content\/uploads\/2026\/01\/Maurice-BETTE-militaire-5.jpg 334w, https:\/\/rrb.be\/rrb\/wp-content\/uploads\/2026\/01\/Maurice-BETTE-militaire-5-195x300.jpg 195w\" sizes=\"auto, (max-width: 334px) 100vw, 334px\" \/><button\n\t\t\tclass=\"lightbox-trigger\"\n\t\t\ttype=\"button\"\n\t\t\taria-haspopup=\"dialog\"\n\t\t\taria-label=\"Enlarge\"\n\t\t\tdata-wp-init=\"callbacks.initTriggerButton\"\n\t\t\tdata-wp-on--click=\"actions.showLightbox\"\n\t\t\tdata-wp-style--right=\"state.imageButtonRight\"\n\t\t\tdata-wp-style--top=\"state.imageButtonTop\"\n\t\t>\n\t\t\t<svg xmlns=\"http:\/\/www.w3.org\/2000\/svg\" width=\"12\" height=\"12\" fill=\"none\" viewBox=\"0 0 12 12\">\n\t\t\t\t<path fill=\"#fff\" d=\"M2 0a2 2 0 0 0-2 2v2h1.5V2a.5.5 0 0 1 .5-.5h2V0H2Zm2 10.5H2a.5.5 0 0 1-.5-.5V8H0v2a2 2 0 0 0 2 2h2v-1.5ZM8 12v-1.5h2a.5.5 0 0 0 .5-.5V8H12v2a2 2 0 0 1-2 2H8Zm2-12a2 2 0 0 1 2 2v2h-1.5V2a.5.5 0 0 0-.5-.5H8V0h2Z\" \/>\n\t\t\t<\/svg>\n\t\t<\/button><\/figure>\n\n\n\n<p><strong>Photo mariage avec Simone UREEL le 24 juin 1936 \u00e0 Forest (Bruxelles)<\/strong><\/p>\n\n\n\n<figure data-wp-context=\"{&quot;imageId&quot;:&quot;69ea504a6e193&quot;}\" data-wp-interactive=\"core\/image\" data-wp-key=\"69ea504a6e193\" class=\"wp-block-image size-large is-resized wp-lightbox-container\"><img loading=\"lazy\" decoding=\"async\" width=\"775\" height=\"1024\" data-wp-class--hide=\"state.isContentHidden\" data-wp-class--show=\"state.isContentVisible\" data-wp-init=\"callbacks.setButtonStyles\" data-wp-on--click=\"actions.showLightbox\" data-wp-on--load=\"callbacks.setButtonStyles\" data-wp-on-window--resize=\"callbacks.setButtonStyles\" src=\"https:\/\/rrb.be\/rrb\/wp-content\/uploads\/2026\/01\/Maurice-BETTE-Simone-UREEL-775x1024.jpg\" alt=\"\" class=\"wp-image-1264\" style=\"width:263px;height:auto\" srcset=\"https:\/\/rrb.be\/rrb\/wp-content\/uploads\/2026\/01\/Maurice-BETTE-Simone-UREEL-775x1024.jpg 775w, https:\/\/rrb.be\/rrb\/wp-content\/uploads\/2026\/01\/Maurice-BETTE-Simone-UREEL-227x300.jpg 227w, https:\/\/rrb.be\/rrb\/wp-content\/uploads\/2026\/01\/Maurice-BETTE-Simone-UREEL-768x1015.jpg 768w, https:\/\/rrb.be\/rrb\/wp-content\/uploads\/2026\/01\/Maurice-BETTE-Simone-UREEL-1162x1536.jpg 1162w, https:\/\/rrb.be\/rrb\/wp-content\/uploads\/2026\/01\/Maurice-BETTE-Simone-UREEL.jpg 1340w\" sizes=\"auto, (max-width: 775px) 100vw, 775px\" \/><button\n\t\t\tclass=\"lightbox-trigger\"\n\t\t\ttype=\"button\"\n\t\t\taria-haspopup=\"dialog\"\n\t\t\taria-label=\"Enlarge\"\n\t\t\tdata-wp-init=\"callbacks.initTriggerButton\"\n\t\t\tdata-wp-on--click=\"actions.showLightbox\"\n\t\t\tdata-wp-style--right=\"state.imageButtonRight\"\n\t\t\tdata-wp-style--top=\"state.imageButtonTop\"\n\t\t>\n\t\t\t<svg xmlns=\"http:\/\/www.w3.org\/2000\/svg\" width=\"12\" height=\"12\" fill=\"none\" viewBox=\"0 0 12 12\">\n\t\t\t\t<path fill=\"#fff\" d=\"M2 0a2 2 0 0 0-2 2v2h1.5V2a.5.5 0 0 1 .5-.5h2V0H2Zm2 10.5H2a.5.5 0 0 1-.5-.5V8H0v2a2 2 0 0 0 2 2h2v-1.5ZM8 12v-1.5h2a.5.5 0 0 0 .5-.5V8H12v2a2 2 0 0 1-2 2H8Zm2-12a2 2 0 0 1 2 2v2h-1.5V2a.5.5 0 0 0-.5-.5H8V0h2Z\" \/>\n\t\t\t<\/svg>\n\t\t<\/button><\/figure>\n\n\n\n<h2 class=\"wp-block-heading\">R\u00e9f\u00e9rences :<\/h2>\n\n\n\n<ul class=\"wp-block-list\">\n<li>Familiales<\/li>\n\n\n\n<li><strong>WHI\/State Archives Belgique<\/strong>&nbsp;: Fiche matricule standard milicien 1928 \u2013 Caporal 28\/03\/1929 (Beverloo), r\u00e9int\u00e9gration 13\/04\/1931, cong\u00e9s 1929\/1931. Volontaire guerre 22\/09\/1939, sergent formation sp\u00e9ciale mitrailleur 9e Ligne 3e cie.<\/li>\n\n\n\n<li><strong>Campagne 18 jours<\/strong>&nbsp;: 9e RI combat Hannut\/Lys (10-28\/05\/1940) \u2013 Mitrailleurs fusiliers clave contre Panzerdivisionen. \u00c9vasion post-28\/05 classique (500 000 POW, ~50% \u00e9vad\u00e9s).<\/li>\n\n\n\n<li><strong>\u00c9tat civil Braine-le-Comte<\/strong> 1908 (Camille Bette-Lydie Depoitre) + mariage 24\/06\/1936 Simone Ureel (lien familial v\u00e9rifi\u00e9). Fausse couche tragique explique absence descendance.<\/li>\n\n\n\n<li><strong>CegeSoma<\/strong>&nbsp;: Dossiers 9e Ligne + r\u00e9sistance Hainaut<\/li>\n\n\n\n<li><strong>Kazernesmuseum<\/strong>&nbsp;: Uniforme sergent mitrailleur 1940<\/li>\n<\/ul>\n\n\n\n<p>Par Alain Schenkels<\/p>\n\n\n\n<figure data-wp-context=\"{&quot;imageId&quot;:&quot;69ea504a6e711&quot;}\" data-wp-interactive=\"core\/image\" data-wp-key=\"69ea504a6e711\" class=\"wp-block-image size-full is-resized wp-lightbox-container\"><img loading=\"lazy\" decoding=\"async\" width=\"728\" height=\"1006\" data-wp-class--hide=\"state.isContentHidden\" data-wp-class--show=\"state.isContentVisible\" data-wp-init=\"callbacks.setButtonStyles\" data-wp-on--click=\"actions.showLightbox\" data-wp-on--load=\"callbacks.setButtonStyles\" data-wp-on-window--resize=\"callbacks.setButtonStyles\" src=\"http:\/\/rrb.be\/rrb\/wp-content\/uploads\/2025\/12\/Alain_Schenkels-1.jpg\" alt=\"\" class=\"wp-image-329\" style=\"aspect-ratio:0.7236830297047474;width:261px;height:auto\" srcset=\"https:\/\/rrb.be\/rrb\/wp-content\/uploads\/2025\/12\/Alain_Schenkels-1.jpg 728w, https:\/\/rrb.be\/rrb\/wp-content\/uploads\/2025\/12\/Alain_Schenkels-1-217x300.jpg 217w\" sizes=\"auto, (max-width: 728px) 100vw, 728px\" \/><button\n\t\t\tclass=\"lightbox-trigger\"\n\t\t\ttype=\"button\"\n\t\t\taria-haspopup=\"dialog\"\n\t\t\taria-label=\"Enlarge\"\n\t\t\tdata-wp-init=\"callbacks.initTriggerButton\"\n\t\t\tdata-wp-on--click=\"actions.showLightbox\"\n\t\t\tdata-wp-style--right=\"state.imageButtonRight\"\n\t\t\tdata-wp-style--top=\"state.imageButtonTop\"\n\t\t>\n\t\t\t<svg xmlns=\"http:\/\/www.w3.org\/2000\/svg\" width=\"12\" height=\"12\" fill=\"none\" viewBox=\"0 0 12 12\">\n\t\t\t\t<path fill=\"#fff\" d=\"M2 0a2 2 0 0 0-2 2v2h1.5V2a.5.5 0 0 1 .5-.5h2V0H2Zm2 10.5H2a.5.5 0 0 1-.5-.5V8H0v2a2 2 0 0 0 2 2h2v-1.5ZM8 12v-1.5h2a.5.5 0 0 0 .5-.5V8H12v2a2 2 0 0 1-2 2H8Zm2-12a2 2 0 0 1 2 2v2h-1.5V2a.5.5 0 0 0-.5-.5H8V0h2Z\" \/>\n\t\t\t<\/svg>\n\t\t<\/button><\/figure>\n\n\n\n<p>Cat\u00e9gorie(s) :<\/p>\n\n\n<div class=\"taxonomy-category wp-block-post-terms\"><a href=\"https:\/\/rrb.be\/rrb\/category\/armees-defenses\/armee-belge\/\" rel=\"tag\">Arm\u00e9e belge<\/a><span class=\"wp-block-post-terms__separator\">, <\/span><a href=\"https:\/\/rrb.be\/rrb\/category\/genealogie\/\" rel=\"tag\">G\u00e9n\u00e9alogie<\/a><span class=\"wp-block-post-terms__separator\">, <\/span><a href=\"https:\/\/rrb.be\/rrb\/category\/conflits-guerres\/seconde-guerre-mondiale\/histoires-de-soldats-et-de-guerre\/\" rel=\"tag\">Histoires de soldats et de guerre<\/a><span class=\"wp-block-post-terms__separator\">, <\/span><a href=\"https:\/\/rrb.be\/rrb\/category\/conflits-guerres\/seconde-guerre-mondiale\/resistance\/\" rel=\"tag\">R\u00e9sistance<\/a><span class=\"wp-block-post-terms__separator\">, <\/span><a href=\"https:\/\/rrb.be\/rrb\/category\/conflits-guerres\/seconde-guerre-mondiale\/\" rel=\"tag\">Seconde guerre mondiale<\/a><\/div>\n\n\n<figure class=\"wp-block-embed is-type-wp-embed is-provider-alain-schenkels wp-block-embed-alain-schenkels\"><div class=\"wp-block-embed__wrapper\">\n<blockquote class=\"wp-embedded-content\" data-secret=\"aRYKA4TAbd\"><a href=\"https:\/\/rrb.be\/rrb\/seconde-guerre-mondiale\/\">Seconde Guerre Mondiale<\/a><\/blockquote><iframe loading=\"lazy\" class=\"wp-embedded-content\" sandbox=\"allow-scripts\" security=\"restricted\" style=\"position: absolute; visibility: hidden;\" title=\"\u00ab\u00a0Seconde Guerre Mondiale\u00a0\u00bb &#8212; Alain Schenkels\" src=\"https:\/\/rrb.be\/rrb\/seconde-guerre-mondiale\/embed\/#?secret=z00BWtNAA7#?secret=aRYKA4TAbd\" data-secret=\"aRYKA4TAbd\" width=\"600\" height=\"338\" frameborder=\"0\" marginwidth=\"0\" marginheight=\"0\" scrolling=\"no\"><\/iframe>\n<\/div><\/figure>\n","protected":false},"excerpt":{"rendered":"<p>Maurice est n\u00e9 le 7 juin 1908 \u00e0 Braine-le-Comte, 7090, Hainaut, Belgique et est d\u00e9c\u00e9d\u00e9 le 24 juillet 1974 \u00e0 Forest, 1190, Bruxelles, Belgique, \u00e0 l&rsquo;\u00e2ge de 66 ans. Sa profession \u00e9tait commer\u00e7ant Fourreur. Lors de la guerre, il participa \u00e0 la campagne des 18 jours en tant que sergent du 9e R\u00e9giment de Ligne [&hellip;]<\/p>\n","protected":false},"author":1,"featured_media":1259,"parent":886,"menu_order":0,"comment_status":"closed","ping_status":"closed","template":"","meta":{"footnotes":""},"categories":[16,26,31,29,20],"tags":[],"class_list":["post-1258","page","type-page","status-publish","has-post-thumbnail","hentry","category-armee-belge","category-genealogie","category-histoires-de-soldats-et-de-guerre","category-resistance","category-seconde-guerre-mondiale"],"_links":{"self":[{"href":"https:\/\/rrb.be\/rrb\/wp-json\/wp\/v2\/pages\/1258","targetHints":{"allow":["GET"]}}],"collection":[{"href":"https:\/\/rrb.be\/rrb\/wp-json\/wp\/v2\/pages"}],"about":[{"href":"https:\/\/rrb.be\/rrb\/wp-json\/wp\/v2\/types\/page"}],"author":[{"embeddable":true,"href":"https:\/\/rrb.be\/rrb\/wp-json\/wp\/v2\/users\/1"}],"replies":[{"embeddable":true,"href":"https:\/\/rrb.be\/rrb\/wp-json\/wp\/v2\/comments?post=1258"}],"version-history":[{"count":6,"href":"https:\/\/rrb.be\/rrb\/wp-json\/wp\/v2\/pages\/1258\/revisions"}],"predecessor-version":[{"id":2631,"href":"https:\/\/rrb.be\/rrb\/wp-json\/wp\/v2\/pages\/1258\/revisions\/2631"}],"up":[{"embeddable":true,"href":"https:\/\/rrb.be\/rrb\/wp-json\/wp\/v2\/pages\/886"}],"wp:featuredmedia":[{"embeddable":true,"href":"https:\/\/rrb.be\/rrb\/wp-json\/wp\/v2\/media\/1259"}],"wp:attachment":[{"href":"https:\/\/rrb.be\/rrb\/wp-json\/wp\/v2\/media?parent=1258"}],"wp:term":[{"taxonomy":"category","embeddable":true,"href":"https:\/\/rrb.be\/rrb\/wp-json\/wp\/v2\/categories?post=1258"},{"taxonomy":"post_tag","embeddable":true,"href":"https:\/\/rrb.be\/rrb\/wp-json\/wp\/v2\/tags?post=1258"}],"curies":[{"name":"wp","href":"https:\/\/api.w.org\/{rel}","templated":true}]}}