{"id":1212,"date":"2026-01-08T13:17:27","date_gmt":"2026-01-08T13:17:27","guid":{"rendered":"https:\/\/rrb.be\/rrb\/?page_id=1212"},"modified":"2026-02-08T22:15:14","modified_gmt":"2026-02-08T22:15:14","slug":"seconde-guerre-mondiale-marie-louise-henin-lheroine-clandestine-de-la-libre-belgique-decapitee-le-9-juin-1944","status":"publish","type":"page","link":"https:\/\/rrb.be\/rrb\/seconde-guerre-mondiale\/seconde-guerre-mondiale-marie-louise-henin-lheroine-clandestine-de-la-libre-belgique-decapitee-le-9-juin-1944\/","title":{"rendered":"Seconde Guerre Mondiale : Marie-Louise Henin, l\u2019h\u00e9ro\u00efne clandestine de La Libre Belgique d\u00e9capit\u00e9e le 9 juin 1944"},"content":{"rendered":"\n<p><strong>N\u00e9e le 9 d\u00e9cembre 1898 \u00e0 Marche-en-Famenne, Belgique, Marie-Louise Henin devient dentiste, profession qu&rsquo;elle exercera jusqu&rsquo;au d\u00e9but de la guerre. Entr\u00e9e dans la r\u00e9sistance, elle est arr\u00eat\u00e9e le 4 novembre 1941 \u00e0 son domicile au 58 de la rue des Ailes \u00e0 Schaerbeek. Condamn\u00e9e \u00e0 mort pour haute trahison le 6 janvier 1944, elle est ex\u00e9cut\u00e9e par d\u00e9capitation le 9 juin 1944 \u00e0 la prison de Pl\u00f6tzensee \u00e0 Berlin, \u00e0 l\u2019\u00e2ge de 45 ans.<\/strong><\/p>\n\n\n\n<p>Figure embl\u00e9matique de la R\u00e9sistance belge durant la Seconde Guerre mondiale, elle a jou\u00e9 un r\u00f4le d\u00e9terminant au sein du r\u00e9seau clandestin de La Libre Belgique.<\/p>\n\n\n\n<p>Le 8 janvier 1944, face \u00e0 un officier allemand qui lui demandait la raison de sa pr\u00e9sence, elle r\u00e9pondit sans h\u00e9siter : \u00ab Parce que j\u2019ai fid\u00e8lement servi ma patrie. \u2014 Et si vous \u00e9tiez lib\u00e9r\u00e9e, que feriez-vous ? \u2014 Je me remettrais imm\u00e9diatement au service de mon pays. \u00bb<\/p>\n\n\n\n<p>Marie-Louise Henin fut reconnue pour avoir men\u00e9 de nombreuses actions contre l\u2019occupant. Gr\u00e2ce \u00e0 sa ma\u00eetrise de la langue allemande et aux contacts professionnels qu\u2019elle avait su tisser, elle parvenait \u00e0 acheminer ses journaux clandestins sous les yeux m\u00eames de l\u2019ennemi, utilisant parfois m\u00eame des v\u00e9hicules militaires. Rapidement, elle int\u00e9gra les r\u00e9seaux de r\u00e9sistance.<\/p>\n\n\n\n<p>Chaque jour, elle transmettait aux mouvements de r\u00e9sistance une multitude de renseignements, recueillis au fil de ses tourn\u00e9es \u00e0 v\u00e9lo ou gr\u00e2ce \u00e0 des informations fournies par ses amis. Au fil des mois, tandis que l\u2019Angleterre subissait les bombardements du \u00ab Blitz \u00bb, la BBC diffusait \u00e0 Bruxelles le sinistre \u00e9cho des attaques sur Londres et Coventry. Sous le pseudonyme \u00ab Colas \u00bb, Marie-Louise Henin r\u00e9ussit \u00e0 transmettre de pr\u00e9cieux renseignements au r\u00e9seau Z\u00e9ro*, lesquels, relay\u00e9s \u00e0 nos alli\u00e9s britanniques, leur furent d\u2019une grande utilit\u00e9. Elle devint ainsi l\u2019une des agents les plus pr\u00e9cieuses d\u00e8s les premi\u00e8res heures de la R\u00e9sistance.<\/p>\n\n\n\n<p>Dans ses m\u00e9moires, <strong>Louise de Landsheere<\/strong> lui rend hommage en affirmant : \u00ab<em> Nous ne pouvons que nous incliner devant cette h\u00e9ro\u00efne nationale, dont le nom s\u2019inscrira dans l\u2019histoire aux c\u00f4t\u00e9s de Gabrielle Petit et d\u2019\u00c9dith Cavell.<\/em> \u00bb Aujourd\u2019hui, une rue de Marche-en-Famenne porte son nom : la rue Marie-Louise H\u00e9nin.<\/p>\n\n\n\n<blockquote class=\"wp-block-quote is-layout-flow wp-block-quote-is-layout-flow\">\n<p>Condamn\u00e9e \u00e0 mort pour haute trahison le 6 janvier 1944, Marie-Louise Henin est ex\u00e9cut\u00e9e par d\u00e9capitation le 9 juin 1944 \u00e0 la prison de Pl\u00f6tzensee \u00e0 Berlin, trois jours apr\u00e8s le d\u00e9barquement Alli\u00e9 en Normandie.<\/p>\n<\/blockquote>\n\n\n\n<figure class=\"wp-block-image size-full\"><img loading=\"lazy\" decoding=\"async\" width=\"170\" height=\"296\" src=\"https:\/\/rrb.be\/rrb\/wp-content\/uploads\/2026\/01\/Marie-Louise-Henin-nee-en-1898-et-executee-par-decapitation-le-9-juin-1944-a-la-Prison-de-Plotzensee-a-Berlin.jpg\" alt=\"\" class=\"wp-image-1214\"\/><\/figure>\n\n\n\n<p>* R\u00e9seau Z\u00e9ro, <a href=\"https:\/\/rrb.be\/rrb\/seconde-guerre-mondiale-charles-de-hepcee-pilote-de-chasse-raf-et-resistant-fusille-par-les-nazis-le-27-juin-1944-a-lage-de-33-ans\/\">voir aussi article Charles de HEPCEE<\/a><\/p>\n\n\n\n<h2 class=\"wp-block-heading\">R\u00e9f\u00e9rences : <\/h2>\n\n\n\n<ul class=\"wp-block-list\">\n<li>CegeSoma (Centre Guerre\/Soci\u00e9t\u00e9) : N\u00e9e 9\/12\/1898 Marche-en-Famenne &#8211; Dentiste Schaerbeek \u2192 58 rue des Ailes &#8211; Arr\u00eat\u00e9e 4\/11\/1941 \u2192 arr\u00eat\u00e9e 6\/01\/1944 \u2192 d\u00e9capit\u00e9e Pl\u00f6tzensee 9\/06\/1944 (45 ans)<\/li>\n\n\n\n<li>Archives Volksgerichtshof Berlin : condamnation \u00ab\u00a0Hochverrat\u00a0\u00bb (haute trahison) &#8211; Guillotine + enterr\u00e9e anonyme<\/li>\n\n\n\n<li>CWGC \/ Monument R\u00e9sistance belge : Rue Marie-Louise H\u00e9nin, Marche-en-Famenne<\/li>\n\n\n\n<li>Louise de Landsheere (La Libre Belgique clandestine) : &#8211; Citation exacte : \u00ab\u00a0H\u00e9ro\u00efne nationale aux c\u00f4t\u00e9s Gabrielle Petit\/\u00c9dith Cavell\u00a0\u00bb &#8211; R\u00e9seaux : Colas (pseudonyme) \u2192 renseignements BBC Londres\/Coventry<\/li>\n\n\n\n<li>R\u00e9seau Z\u00e9ro (SOE belge) : Transmission infos militaires via v\u00e9lo \u2192 contacts allemands &#8211; V\u00e9hicules militaires d\u00e9tourn\u00e9s (contacts dentisterie), Selmo Vernieuwe &#8211; Charles de Hepcee ex\u00e9cut\u00e9<\/li>\n\n\n\n<li>Henri Bernard (La R\u00e9sistance belge) : &#8211; Dentiste \u2192 id\u00e9al couverture : tourn\u00e9es \u2192 renseignements strat\u00e9giques<\/li>\n\n\n\n<li>Proc\u00e8s-verbal Gestapo 8\/01\/1944 : &gt; \u00ab Pourquoi ici ? \u2014 J&rsquo;ai servi fid\u00e8lement ma patrie. &gt; Lib\u00e9r\u00e9e ? \u2014 Remets au service mon pays. \u00bb T\u00e9moignage retranscrit proc\u00e8s (Pl\u00f6tzensee archives)<\/li>\n<\/ul>\n\n\n\n<p>Par Alain Schenkels<\/p>\n\n\n\n<figure data-wp-context=\"{&quot;imageId&quot;:&quot;69ea6876a53b7&quot;}\" data-wp-interactive=\"core\/image\" data-wp-key=\"69ea6876a53b7\" class=\"wp-block-image size-full is-resized wp-lightbox-container\"><img loading=\"lazy\" decoding=\"async\" width=\"728\" height=\"1006\" data-wp-class--hide=\"state.isContentHidden\" data-wp-class--show=\"state.isContentVisible\" data-wp-init=\"callbacks.setButtonStyles\" data-wp-on--click=\"actions.showLightbox\" data-wp-on--load=\"callbacks.setButtonStyles\" data-wp-on-window--resize=\"callbacks.setButtonStyles\" src=\"http:\/\/rrb.be\/rrb\/wp-content\/uploads\/2025\/12\/Alain_Schenkels-1.jpg\" alt=\"\" class=\"wp-image-329\" style=\"aspect-ratio:0.7237118209372814;width:206px;height:auto\" srcset=\"https:\/\/rrb.be\/rrb\/wp-content\/uploads\/2025\/12\/Alain_Schenkels-1.jpg 728w, https:\/\/rrb.be\/rrb\/wp-content\/uploads\/2025\/12\/Alain_Schenkels-1-217x300.jpg 217w\" sizes=\"auto, (max-width: 728px) 100vw, 728px\" \/><button\n\t\t\tclass=\"lightbox-trigger\"\n\t\t\ttype=\"button\"\n\t\t\taria-haspopup=\"dialog\"\n\t\t\taria-label=\"Enlarge\"\n\t\t\tdata-wp-init=\"callbacks.initTriggerButton\"\n\t\t\tdata-wp-on--click=\"actions.showLightbox\"\n\t\t\tdata-wp-style--right=\"state.imageButtonRight\"\n\t\t\tdata-wp-style--top=\"state.imageButtonTop\"\n\t\t>\n\t\t\t<svg xmlns=\"http:\/\/www.w3.org\/2000\/svg\" width=\"12\" height=\"12\" fill=\"none\" viewBox=\"0 0 12 12\">\n\t\t\t\t<path fill=\"#fff\" d=\"M2 0a2 2 0 0 0-2 2v2h1.5V2a.5.5 0 0 1 .5-.5h2V0H2Zm2 10.5H2a.5.5 0 0 1-.5-.5V8H0v2a2 2 0 0 0 2 2h2v-1.5ZM8 12v-1.5h2a.5.5 0 0 0 .5-.5V8H12v2a2 2 0 0 1-2 2H8Zm2-12a2 2 0 0 1 2 2v2h-1.5V2a.5.5 0 0 0-.5-.5H8V0h2Z\" \/>\n\t\t\t<\/svg>\n\t\t<\/button><\/figure>\n\n\n\n<p>Cat\u00e9gorie(s) :<\/p>\n\n\n<div class=\"taxonomy-category wp-block-post-terms\"><a href=\"https:\/\/rrb.be\/rrb\/category\/conflits-guerres\/seconde-guerre-mondiale\/resistance\/\" rel=\"tag\">R\u00e9sistance<\/a><span class=\"wp-block-post-terms__separator\">, <\/span><a href=\"https:\/\/rrb.be\/rrb\/category\/conflits-guerres\/seconde-guerre-mondiale\/\" rel=\"tag\">Seconde guerre mondiale<\/a><\/div>\n\n\n<figure class=\"wp-block-embed is-type-wp-embed is-provider-alain-schenkels wp-block-embed-alain-schenkels\"><div class=\"wp-block-embed__wrapper\">\n<blockquote class=\"wp-embedded-content\" data-secret=\"S0sdyoPrYC\"><a href=\"https:\/\/rrb.be\/rrb\/seconde-guerre-mondiale\/\">Seconde Guerre Mondiale<\/a><\/blockquote><iframe loading=\"lazy\" class=\"wp-embedded-content\" sandbox=\"allow-scripts\" security=\"restricted\" style=\"position: absolute; visibility: hidden;\" title=\"\u00ab\u00a0Seconde Guerre Mondiale\u00a0\u00bb &#8212; Alain Schenkels\" src=\"https:\/\/rrb.be\/rrb\/seconde-guerre-mondiale\/embed\/#?secret=tdR8HIxWjS#?secret=S0sdyoPrYC\" data-secret=\"S0sdyoPrYC\" width=\"600\" height=\"338\" frameborder=\"0\" marginwidth=\"0\" marginheight=\"0\" scrolling=\"no\"><\/iframe>\n<\/div><\/figure>\n","protected":false},"excerpt":{"rendered":"<p>N\u00e9e le 9 d\u00e9cembre 1898 \u00e0 Marche-en-Famenne, Belgique, Marie-Louise Henin devient dentiste, profession qu&rsquo;elle exercera jusqu&rsquo;au d\u00e9but de la guerre. Entr\u00e9e dans la r\u00e9sistance, elle est arr\u00eat\u00e9e le 4 novembre 1941 \u00e0 son domicile au 58 de la rue des Ailes \u00e0 Schaerbeek. Condamn\u00e9e \u00e0 mort pour haute trahison le 6 janvier 1944, elle est [&hellip;]<\/p>\n","protected":false},"author":1,"featured_media":1213,"parent":886,"menu_order":0,"comment_status":"closed","ping_status":"closed","template":"","meta":{"footnotes":""},"categories":[29,20],"tags":[],"class_list":["post-1212","page","type-page","status-publish","has-post-thumbnail","hentry","category-resistance","category-seconde-guerre-mondiale"],"_links":{"self":[{"href":"https:\/\/rrb.be\/rrb\/wp-json\/wp\/v2\/pages\/1212","targetHints":{"allow":["GET"]}}],"collection":[{"href":"https:\/\/rrb.be\/rrb\/wp-json\/wp\/v2\/pages"}],"about":[{"href":"https:\/\/rrb.be\/rrb\/wp-json\/wp\/v2\/types\/page"}],"author":[{"embeddable":true,"href":"https:\/\/rrb.be\/rrb\/wp-json\/wp\/v2\/users\/1"}],"replies":[{"embeddable":true,"href":"https:\/\/rrb.be\/rrb\/wp-json\/wp\/v2\/comments?post=1212"}],"version-history":[{"count":5,"href":"https:\/\/rrb.be\/rrb\/wp-json\/wp\/v2\/pages\/1212\/revisions"}],"predecessor-version":[{"id":2673,"href":"https:\/\/rrb.be\/rrb\/wp-json\/wp\/v2\/pages\/1212\/revisions\/2673"}],"up":[{"embeddable":true,"href":"https:\/\/rrb.be\/rrb\/wp-json\/wp\/v2\/pages\/886"}],"wp:featuredmedia":[{"embeddable":true,"href":"https:\/\/rrb.be\/rrb\/wp-json\/wp\/v2\/media\/1213"}],"wp:attachment":[{"href":"https:\/\/rrb.be\/rrb\/wp-json\/wp\/v2\/media?parent=1212"}],"wp:term":[{"taxonomy":"category","embeddable":true,"href":"https:\/\/rrb.be\/rrb\/wp-json\/wp\/v2\/categories?post=1212"},{"taxonomy":"post_tag","embeddable":true,"href":"https:\/\/rrb.be\/rrb\/wp-json\/wp\/v2\/tags?post=1212"}],"curies":[{"name":"wp","href":"https:\/\/api.w.org\/{rel}","templated":true}]}}