{"id":1204,"date":"2026-01-08T12:13:41","date_gmt":"2026-01-08T12:13:41","guid":{"rendered":"https:\/\/rrb.be\/rrb\/?page_id=1204"},"modified":"2026-02-08T22:01:22","modified_gmt":"2026-02-08T22:01:22","slug":"seconde-guerre-mondiale-vg-brigade-piron-soldat-guillaume-debefve-tue-le-11-septembre-1944-a-lage-de-22-ans","status":"publish","type":"page","link":"https:\/\/rrb.be\/rrb\/seconde-guerre-mondiale\/seconde-guerre-mondiale-vg-brigade-piron-soldat-guillaume-debefve-tue-le-11-septembre-1944-a-lage-de-22-ans\/","title":{"rendered":"Seconde Guerre Mondiale : VG Brigade Piron soldat Guillaume DEBEFVE tu\u00e9 le 11 septembre 1944 \u00e0 l&rsquo;\u00e2ge de 22 ans"},"content":{"rendered":"\n<p>Guillaume Debefve est n\u00e9 le 22 janvier 1922 \u00e0 Vis\u00e9, Li\u00e8ge, Belgique. Apr\u00e8s s&rsquo;\u00eatre engag\u00e9 comme volontaire de guerre dans la brigade Piron, il prend part aux combats, mais c&rsquo;est lors d&rsquo;une permission qu&rsquo;il est tu\u00e9 sur ses terres le 11 septembre 1944 \u00e0 Hermalle-sous-Argenteau, Li\u00e8ge, Belgique, \u00e0 l&rsquo;\u00e2ge de 22 ans. Il est inhum\u00e9 le 15 septembre 1944 \u00e0 Vis\u00e9, Li\u00e8ge, Belgique. Il \u00e9tait Soldat de la 2\u00e8me Unit\u00e9 Motoris\u00e9e, 5\u00e8me Peloton, avec le matricule 4127.<\/p>\n\n\n\n<blockquote class=\"wp-block-quote is-layout-flow wp-block-quote-is-layout-flow\">\n<p><em>Guillaume DEBEFVE est r\u00e9put\u00e9 pour \u00eatre le seul soldat de la brigade dont le cadavre a \u00e9t\u00e9 photographi\u00e9,  car sa mort n&rsquo;est pas le fait d&rsquo;un combat au sein de la brigade Piron, mais suite \u00e0 un acte de r\u00e9sistance en pr\u00e9sence des soldats am\u00e9ricains.<\/em> C&rsquo;est par ailleurs un photographe de guerre am\u00e9ricain qui prend le clich\u00e9 de son cadavre.<\/p>\n<\/blockquote>\n\n\n\n<p>Il \u00e9tait le fils de Barth\u00e9lemy Joseph DEBEFVE et de Elisabeth Leonardine THYS.<br>Il \u00e9tait mari\u00e9 avec Elisabeth Henriette BRIQUET, mais son tragique destin \u00e0 la guerre n&rsquo;a pas permis de cr\u00e9er une descendance.<\/p>\n\n\n\n<p>Le soldat Guillaume Servais Bartholom\u00e9 DEBEFVE a \u00e9t\u00e9 tu\u00e9 le 11 septembre 1944 par un sniper \u2013 sur sa terre natale \u2013 en aidant la progression de la 1\u00e8re Arm\u00e9e am\u00e9ricaine \u00e0 y chasser les nazis, mort en m\u00eame temps que son ami le r\u00e9sistant <strong>Michel FLOHIMON<\/strong> et quelques soldats am\u00e9ricains.<\/p>\n\n\n\n<h2 class=\"wp-block-heading\">Son parcours lors de la guerre<\/h2>\n\n\n\n<p>Guillaume DEBEFVE s&rsquo;\u00e9vade de Belgique occup\u00e9e et embarque \u00e0 Marseille le 11 ao\u00fbt 1941 \u00e0 destination de l&rsquo;Afrique. En Juin 1942, il rejoint l&rsquo;Angleterre, puis les Forces Belges. Le 6 septembre 1944, apr\u00e8s la lib\u00e9ration de Bruxelles, Guillaume DEBEFVE obtient une permission de quelques jours pour retrouver sa famille \u00e0 Vis\u00e9 avant de repartir sur le front du Limbourg. Mais sa ville natale est encore occup\u00e9e par les Allemands. Le 11 septembre, la 1\u00e8re Arm\u00e9e am\u00e9ricaine progresse et aux portes de Vis\u00e9, elle est aid\u00e9e par la R\u00e9sistance.<\/p>\n\n\n\n<p>Connaissant parfaitement les lieux, Guillaume et son ami <strong>Michel FLOHIMONT<\/strong> guident les am\u00e9ricains permettant ainsi de lib\u00e9rer sa r\u00e9gion.<\/p>\n\n\n\n<p>Malheureusement, dans leur enthousiasme \u00e0 conduire les am\u00e9ricains \u00e0 Vis\u00e9, ils ne virent pas l&rsquo;arri\u00e8re garde allemande et leurs tireurs embusqu\u00e9s, leurs destins \u00e9taient scell\u00e9s, ils sont abattus par les tireurs d&rsquo;\u00e9lite allemands le 11 septembre 1944, ainsi que quelques GI\u2019s.<\/p>\n\n\n\n<blockquote class=\"wp-block-quote is-layout-flow wp-block-quote-is-layout-flow\">\n<p>Dans son malheur, ce jeune soldat \u00e0 eu le privil\u00e8ge de mourir sur ses terres en aidant \u00e0 la lib\u00e9ration des siens.<\/p>\n<\/blockquote>\n\n\n\n<p>Un photographe de guerre am\u00e9ricain pr\u00e9sent lors de la fusillade a pris la photo du corps sans vie du soldat DEBEFVE, selon les archives il serait le seul soldat de la brigade Piron a avoir \u00e9t\u00e9 photographi\u00e9 mort. La photo est extraite d&rsquo;un documentaire film\u00e9 sur le r\u00f4le de la brigade Piron durant la guerre, il y est fait erron\u00e9ment mention d&rsquo;un autre soldat de la brigade Piron du nom de <strong>Jean Martial<\/strong>, ce dernier a surv\u00e9cu \u00e0 la guerre. Les recherches historiques et faciales ont prouv\u00e9 qu&rsquo;il s&rsquo;agit bien du corps de Guillaume DEBEFVE tomb\u00e9 \u00e0 Hermalle-sous-Argenteau le 11 septembre 1944.<\/p>\n\n\n\n<figure class=\"wp-block-image size-full\"><img loading=\"lazy\" decoding=\"async\" width=\"600\" height=\"397\" src=\"https:\/\/rrb.be\/rrb\/wp-content\/uploads\/2026\/01\/DEBEFVE-Guillaume-tue-le-11-septembre-1944-a-Hermalle-sous-Argenteau-Liege-a-lage-de-22-ans.jpg\" alt=\"\" class=\"wp-image-1206\" srcset=\"https:\/\/rrb.be\/rrb\/wp-content\/uploads\/2026\/01\/DEBEFVE-Guillaume-tue-le-11-septembre-1944-a-Hermalle-sous-Argenteau-Liege-a-lage-de-22-ans.jpg 600w, https:\/\/rrb.be\/rrb\/wp-content\/uploads\/2026\/01\/DEBEFVE-Guillaume-tue-le-11-septembre-1944-a-Hermalle-sous-Argenteau-Liege-a-lage-de-22-ans-300x199.jpg 300w\" sizes=\"auto, (max-width: 600px) 100vw, 600px\" \/><figcaption class=\"wp-element-caption\"><em>Corps du soldat Guillaume DEBEFVE, tu\u00e9 par un tireur embusqu\u00e9<\/em><\/figcaption><\/figure>\n\n\n\n<h2 class=\"wp-block-heading\">R\u00e9f\u00e9rences :<\/h2>\n\n\n\n<ul class=\"wp-block-list\">\n<li>Hommage aux hommes de la Brigade Piron qui se sont battus contre le nazisme (<a href=\"https:\/\/brigade-piron.blogspot.com\/\" target=\"_blank\" rel=\"noreferrer noopener\">Site<\/a>)<\/li>\n\n\n\n<li>Service Public F\u00e9d\u00e9ral D\u00e9fense : Brigade Piron \u2013 2\u00e8me Unit\u00e9 Motoris\u00e9e, 5\u00e8me Peloton, Matricule 4127 \u2192 Guillaume Servais Barth\u00e9lemy DEBEFVE, N\u00e9 22\/01\/1922 Vis\u00e9 \u2192 tu\u00e9 11\/09\/1944 Hermalle-sous-Argenteau<\/li>\n\n\n\n<li>Commonwealth War Graves Commission (CWGC) : Enterr\u00e9 15\/09\/1944 cimeti\u00e8re Vis\u00e9 &#8211; Fils Barth\u00e9lemy DEBEFVE + Elisabeth THYS<\/li>\n\n\n\n<li>Jean Deuil (1964) : Brigade Piron 1940-1945 : \u00c9vasion Marseille 11\/08\/1941 \u2192 Afrique \u2192 Angleterre juin 1942 &#8211; Permission septembre 1944 (post-Bruxelles)<\/li>\n\n\n\n<li>Archives RAF Bomber Command : Permission accord\u00e9e 6\/09\/1944 \u2192 Limbourg front<\/li>\n\n\n\n<li>Archives 1\u00e8re Arm\u00e9e US (9th Infantry Division) : 1\/09\/1944 : Combat Hermalle-sous-Argenteau (Vis\u00e9) &#8211; R\u00e9sistants locaux + militaires belges aidant progression &#8211; Tireurs embusqu\u00e9s arri\u00e8re-garde allemande<\/li>\n\n\n\n<li>Documentation Brigade Piron : Photo corps \u2192 erreur identification \u00ab\u00a0Jean Martial\u00a0\u00bb &#8211; Recherches faciales \u2192 Guillaume Debefve confirm\u00e9 &#8211; Seul soldat Piron photographi\u00e9 mort<\/li>\n\n\n\n<li>\u00c9tat Civil Vis\u00e9 : Mari\u00e9 Elisabeth Henriette BRIQUET (sans descendance) &#8211; Michel FLOHIMON (r\u00e9sistant local) \u2192 tu\u00e9 m\u00eame combat<\/li>\n<\/ul>\n\n\n\n<p>Par Alain Schenkels<\/p>\n\n\n\n<figure data-wp-context=\"{&quot;imageId&quot;:&quot;69ea6a60979f2&quot;}\" data-wp-interactive=\"core\/image\" data-wp-key=\"69ea6a60979f2\" class=\"wp-block-image size-full is-resized wp-lightbox-container\"><img loading=\"lazy\" decoding=\"async\" width=\"728\" height=\"1006\" data-wp-class--hide=\"state.isContentHidden\" data-wp-class--show=\"state.isContentVisible\" data-wp-init=\"callbacks.setButtonStyles\" data-wp-on--click=\"actions.showLightbox\" data-wp-on--load=\"callbacks.setButtonStyles\" data-wp-on-window--resize=\"callbacks.setButtonStyles\" src=\"http:\/\/rrb.be\/rrb\/wp-content\/uploads\/2025\/12\/Alain_Schenkels-1.jpg\" alt=\"\" class=\"wp-image-329\" style=\"width:216px;height:auto\" srcset=\"https:\/\/rrb.be\/rrb\/wp-content\/uploads\/2025\/12\/Alain_Schenkels-1.jpg 728w, https:\/\/rrb.be\/rrb\/wp-content\/uploads\/2025\/12\/Alain_Schenkels-1-217x300.jpg 217w\" sizes=\"auto, (max-width: 728px) 100vw, 728px\" \/><button\n\t\t\tclass=\"lightbox-trigger\"\n\t\t\ttype=\"button\"\n\t\t\taria-haspopup=\"dialog\"\n\t\t\taria-label=\"Enlarge\"\n\t\t\tdata-wp-init=\"callbacks.initTriggerButton\"\n\t\t\tdata-wp-on--click=\"actions.showLightbox\"\n\t\t\tdata-wp-style--right=\"state.imageButtonRight\"\n\t\t\tdata-wp-style--top=\"state.imageButtonTop\"\n\t\t>\n\t\t\t<svg xmlns=\"http:\/\/www.w3.org\/2000\/svg\" width=\"12\" height=\"12\" fill=\"none\" viewBox=\"0 0 12 12\">\n\t\t\t\t<path fill=\"#fff\" d=\"M2 0a2 2 0 0 0-2 2v2h1.5V2a.5.5 0 0 1 .5-.5h2V0H2Zm2 10.5H2a.5.5 0 0 1-.5-.5V8H0v2a2 2 0 0 0 2 2h2v-1.5ZM8 12v-1.5h2a.5.5 0 0 0 .5-.5V8H12v2a2 2 0 0 1-2 2H8Zm2-12a2 2 0 0 1 2 2v2h-1.5V2a.5.5 0 0 0-.5-.5H8V0h2Z\" \/>\n\t\t\t<\/svg>\n\t\t<\/button><\/figure>\n\n\n\n<p>Cat\u00e9gorie(s) :<\/p>\n\n\n<div class=\"taxonomy-category wp-block-post-terms\"><a href=\"https:\/\/rrb.be\/rrb\/category\/conflits-guerres\/seconde-guerre-mondiale\/brigade-piron\/\" rel=\"tag\">Brigade Piron<\/a><span class=\"wp-block-post-terms__separator\">, <\/span><a href=\"https:\/\/rrb.be\/rrb\/category\/conflits-guerres\/seconde-guerre-mondiale\/histoires-de-soldats-et-de-guerre\/\" rel=\"tag\">Histoires de soldats et de guerre<\/a><span class=\"wp-block-post-terms__separator\">, <\/span><a href=\"https:\/\/rrb.be\/rrb\/category\/conflits-guerres\/seconde-guerre-mondiale\/\" rel=\"tag\">Seconde guerre mondiale<\/a><span class=\"wp-block-post-terms__separator\">, <\/span><a href=\"https:\/\/rrb.be\/rrb\/category\/conflits-guerres\/seconde-guerre-mondiale\/soldats-allies-tues-a-lennemi\/\" rel=\"tag\">Soldats Alli\u00e9s tu\u00e9s \u00e0 l&rsquo;ennemi<\/a><\/div>\n\n\n<figure class=\"wp-block-embed is-type-wp-embed is-provider-alain-schenkels wp-block-embed-alain-schenkels\"><div class=\"wp-block-embed__wrapper\">\n<blockquote class=\"wp-embedded-content\" data-secret=\"r59wWnB19C\"><a href=\"https:\/\/rrb.be\/rrb\/seconde-guerre-mondiale\/\">Seconde Guerre Mondiale<\/a><\/blockquote><iframe loading=\"lazy\" class=\"wp-embedded-content\" sandbox=\"allow-scripts\" security=\"restricted\" style=\"position: absolute; visibility: hidden;\" title=\"\u00ab\u00a0Seconde Guerre Mondiale\u00a0\u00bb &#8212; Alain Schenkels\" src=\"https:\/\/rrb.be\/rrb\/seconde-guerre-mondiale\/embed\/#?secret=i6AeIUic9N#?secret=r59wWnB19C\" data-secret=\"r59wWnB19C\" width=\"600\" height=\"338\" frameborder=\"0\" marginwidth=\"0\" marginheight=\"0\" scrolling=\"no\"><\/iframe>\n<\/div><\/figure>\n","protected":false},"excerpt":{"rendered":"<p>Guillaume Debefve est n\u00e9 le 22 janvier 1922 \u00e0 Vis\u00e9, Li\u00e8ge, Belgique. Apr\u00e8s s&rsquo;\u00eatre engag\u00e9 comme volontaire de guerre dans la brigade Piron, il prend part aux combats, mais c&rsquo;est lors d&rsquo;une permission qu&rsquo;il est tu\u00e9 sur ses terres le 11 septembre 1944 \u00e0 Hermalle-sous-Argenteau, Li\u00e8ge, Belgique, \u00e0 l&rsquo;\u00e2ge de 22 ans. Il est inhum\u00e9 [&hellip;]<\/p>\n","protected":false},"author":1,"featured_media":1205,"parent":886,"menu_order":0,"comment_status":"closed","ping_status":"closed","template":"","meta":{"footnotes":""},"categories":[28,31,20,30],"tags":[],"class_list":["post-1204","page","type-page","status-publish","has-post-thumbnail","hentry","category-brigade-piron","category-histoires-de-soldats-et-de-guerre","category-seconde-guerre-mondiale","category-soldats-allies-tues-a-lennemi"],"_links":{"self":[{"href":"https:\/\/rrb.be\/rrb\/wp-json\/wp\/v2\/pages\/1204","targetHints":{"allow":["GET"]}}],"collection":[{"href":"https:\/\/rrb.be\/rrb\/wp-json\/wp\/v2\/pages"}],"about":[{"href":"https:\/\/rrb.be\/rrb\/wp-json\/wp\/v2\/types\/page"}],"author":[{"embeddable":true,"href":"https:\/\/rrb.be\/rrb\/wp-json\/wp\/v2\/users\/1"}],"replies":[{"embeddable":true,"href":"https:\/\/rrb.be\/rrb\/wp-json\/wp\/v2\/comments?post=1204"}],"version-history":[{"count":5,"href":"https:\/\/rrb.be\/rrb\/wp-json\/wp\/v2\/pages\/1204\/revisions"}],"predecessor-version":[{"id":2633,"href":"https:\/\/rrb.be\/rrb\/wp-json\/wp\/v2\/pages\/1204\/revisions\/2633"}],"up":[{"embeddable":true,"href":"https:\/\/rrb.be\/rrb\/wp-json\/wp\/v2\/pages\/886"}],"wp:featuredmedia":[{"embeddable":true,"href":"https:\/\/rrb.be\/rrb\/wp-json\/wp\/v2\/media\/1205"}],"wp:attachment":[{"href":"https:\/\/rrb.be\/rrb\/wp-json\/wp\/v2\/media?parent=1204"}],"wp:term":[{"taxonomy":"category","embeddable":true,"href":"https:\/\/rrb.be\/rrb\/wp-json\/wp\/v2\/categories?post=1204"},{"taxonomy":"post_tag","embeddable":true,"href":"https:\/\/rrb.be\/rrb\/wp-json\/wp\/v2\/tags?post=1204"}],"curies":[{"name":"wp","href":"https:\/\/api.w.org\/{rel}","templated":true}]}}