{"id":1194,"date":"2026-01-08T11:16:06","date_gmt":"2026-01-08T11:16:06","guid":{"rendered":"https:\/\/rrb.be\/rrb\/?page_id=1194"},"modified":"2026-02-08T22:08:25","modified_gmt":"2026-02-08T22:08:25","slug":"le-miracule-du-debarquement-le-soldat-americain-john-j-kelly-18-ans-de-brooklyn-aurait-du-mourir-sur-la-peniche-de-debarquement","status":"publish","type":"page","link":"https:\/\/rrb.be\/rrb\/seconde-guerre-mondiale\/le-miracule-du-debarquement-le-soldat-americain-john-j-kelly-18-ans-de-brooklyn-aurait-du-mourir-sur-la-peniche-de-debarquement\/","title":{"rendered":"Seconde Guerre Mondiale : Le miracul\u00e9 du d\u00e9barquement, le soldat am\u00e9ricain John J. Kelly 18 ans de Brooklyn aurait du mourir sur la p\u00e9niche de d\u00e9barquement"},"content":{"rendered":"\n<p>Traduit de l\u2019anglais \u00e0 partir d\u2019un article paru dans les ann\u00e9es \u201950 du \u00abThe New-York Times\u00bb.<\/p>\n\n\n\n<blockquote class=\"wp-block-quote is-layout-flow wp-block-quote-is-layout-flow\">\n<p><strong><em>Le soldat John J. KELLY tout sourire examine son casque frapp\u00e9 par une balle Allemande lors du d\u00e9barquement en Normandie. John J. KELLY \u00e9tait sur une p\u00e9niche de d\u00e9barquement, il aurait d\u00fb mourir avant m\u00eame ses premiers pas sur cette plage de Normandie, comme plus de 2&nbsp;500 de ses camarades.<\/em><\/strong><\/p>\n<\/blockquote>\n\n\n\n<p>John J Kelly est n\u00e9 le 20 d\u00e9cembre 1926 \u00e0 Brooklyn, New York. Il a d\u00e9barqu\u00e9 en Normandie le 6 juin 1944 \u00e0 l&rsquo;\u00e2ge de 18 ans. Une balle frappe son casque, il survit miraculeusement. Il est d\u00e9c\u00e9d\u00e9 de mort naturelle le 10 mai 2009 \u00e0 Foxboro, Massachusetts, USA, \u00e0 l\u2019\u00e2ge de 82 ans.<\/p>\n\n\n\n<p><strong><em>Malgr\u00e9 l\u2019horreur des combats \u2013 tous ces hommes fauch\u00e9s par une mort d\u2019une extr\u00eame violence -, il y a des belles histoires de soldats. Premier jour de guerre du soldat Am\u00e9ricain John J. KELLY qui a miraculeusement surv\u00e9cu, voici son histoire :<\/em><\/strong><\/p>\n\n\n\n<p><strong>John J. KELLY est touch\u00e9 \u00e0 la t\u00eate par une balle de mitrailleuse<\/strong><br>Jour J, le 6 juin 1944, John est un soldat \u00e2g\u00e9 de 18 ans, membre d\u2019\u00e9quipage LCVP d\u2019une p\u00e9niche de d\u00e9barquement, John pilote les rotations navires-plage. Lorsque la porte s\u2019ouvre, des soldats sont tu\u00e9s par les tirs de mitrailleuses MG42, une bousculade est provoqu\u00e9e par les soldats qui tentent d\u2019\u00e9chapper aux balles, John tombe \u00e0 l\u2019eau \u00e9chappant de justesse \u00e0 la noyade. Il parvient \u00e0 rejoindre la plage, mais il est subitement touch\u00e9 \u00e0 la t\u00eate par une balle, il s\u2019effondre \u00e0 terre. Un autre soldat voit la sc\u00e8ne, il dit plus tard&nbsp;<em>\u00ab&nbsp;J\u2019ai vu John juste devant moi recevoir une balle dans la t\u00eate et chuter presque sur moi, il est mort\u2026 Je poursuis mon chemin esp\u00e9rant survivre \u00e0 cet enfer.&nbsp;\u00bb<\/em><\/p>\n\n\n\n<p>John n\u2019est pas mort, apr\u00e8s quelques instants il reprend ses esprits. La plage est toujours sous le feu nourri des Allemands, de nombreux corps gisent tout autour de lui, il dit&nbsp;<em>\u00ab&nbsp;le sable est rouge sang, les corps jonchent le sol, les bless\u00e9s crient je ne puis les aider, je vois un soldat qui se cache p\u00e9trifi\u00e9 dans un trou d\u2019obus, je vais vers lui pour l\u2019aider \u00e0 se relever, rester c\u2019est mourir mais peine perdue, il refuse de me suivre. Je suis en enfer l\u2019ennemi ne nous laisse aucune chance, nous allons tous mourir.&nbsp;\u00bb<\/em>. John poursuit sa course mais est projet\u00e9 par le souffle d\u2019un obus qui explose, miraculeusement il n\u2019est pas bless\u00e9. Il n\u2019ose se relever de peur d\u2019attirer l\u2019attention des mitrailleuses, il rampe sur cette plage au milieu des cadavres, n\u2019avan\u00e7ant pas assez vite, il d\u00e9cide de courir.<\/p>\n\n\n\n<p>C\u2019est alors qu\u2019il est \u00e0 nouveau la cible d\u2019une mitrailleuse allemande, John plonge \u00e0 terre et fait le mort, \u00e0 c\u00f4t\u00e9 de lui le cadavre d\u2019un autre soldat ; il \u00e0 le r\u00e9flexe de saisir le fusil M1 du mort et de prendre sa grenade car lorsqu\u2019il est tomb\u00e9 \u00e0 l\u2019eau, son fusil-mitrailleur n\u2019\u00e9tait plus fonctionnel. Quelques minutes plus tard, il se rel\u00e8ve et court le plus vite possible, la chance lui sourit \u00e0 nouveau, il \u00e9vite les tirs des mitrailleuses et autres obus. Arriv\u00e9 pr\u00e8s des maisons, il se cache quelques instants dans un trou d\u2019obus, puis il parvient \u00e0 se faufiler sans \u00eatre vu par les nazis et se r\u00e9fugie dans une maison en ruine bombard\u00e9e plus t\u00f4t par les Alli\u00e9s.<\/p>\n\n\n\n<p>Se sentant en relative s\u00e9curit\u00e9, John s\u2019assied, d\u00e9pose son arme et reprend son souffle, malgr\u00e9 le bruit incessant des mitrailleuses et des explosions d\u2019obus sur la plage. Retirant son casque, il s\u2019aper\u00e7oit qu\u2019il ne saigne pas, qu\u2019il n\u2019est pas bless\u00e9. Il souffre cependant du cr\u00e2ne par le coup violent provoqu\u00e9 par la balle sur son casque qui a subi une d\u00e9formation. Son casque lui a sauv\u00e9 la vie, mais il n\u2019est pas pour autant tir\u00e9 d\u2019affaire, les nazis sont partout, il doit parvenir \u00e0 rejoindre les Am\u00e9ricains. Il dit&nbsp;<em>\u00ab&nbsp;Je tremblais, j\u2019\u00e9tais en \u00e9tat de choc, je d\u00e9couvrais l\u2019enfer, je voulais pleurer mais je devais garder mon esprit alerte, j\u2019\u00e9tais en danger de mort&nbsp;\u00bb.<\/em><\/p>\n\n\n\n<p><strong>L\u2019ennemi surprend notre jeune soldat am\u00e9ricain.<\/strong><br>John entend un bruit de pas et se saisit apercevant la silhouette d\u2019un soldat allemand entrer dans la maison. John tente de prendre son fusil, mais l\u2019Allemand sort son poignard et se lance sur lui, John a le r\u00e9flexe de se jeter \u00e0 terre sur le c\u00f4t\u00e9.<\/p>\n\n\n\n<p>Toujours son poignard dans sa main, l\u2019Allemand se jette \u00e0 nouveau sur John, les deux hommes se battent au corps \u00e0 corps. John raconte&nbsp;<em>\u00ab&nbsp;Je suis couch\u00e9 sur le dos l\u2019Allemand au dessus de moi, je vois la pointe de son poignard qui s\u2019approche dangereusement de ma gorge. Vu sa position tout le poids de son corps assis sur le mien, il est bien plus fort, je regarde p\u00e9trifi\u00e9 droit dans les yeux cet homme qui s\u2019appr\u00eate \u00e0 me tuer.&nbsp;\u00bb<\/em><\/p>\n\n\n\n<p>John trouve malgr\u00e9 tout la force de repousser le poignet de son adversaire sur le c\u00f4t\u00e9, la joue gauche de l\u2019Allemand contre son nez, lui vient alors l\u2019id\u00e9e :&nbsp;<em>\u00ab&nbsp;Je lui bouffe l\u2019oreille, je le mord de toutes mes forces jusqu\u2019au sang, il hurle de douleur et l\u00e2che prise son poignard. Je retire mes dents de son oreille et lui ass\u00e8ne quelques coups de poings pour pouvoir m\u2019en d\u00e9gager, puis j\u2019essaie de r\u00e9cup\u00e9rer son poignard pour pouvoir le liquider.&nbsp;\u00bb<\/em><\/p>\n\n\n\n<p>Il raconte ensuite :&nbsp;\u00ab\u00a0<em>Le soldat allemand parvient \u00e0 s\u2019extirper en m\u2019ass\u00e9nant un violent coup de pied dans mes c\u00f4tes, je souffre et m\u2019\u00e9croule. Je le vois en profiter pour prendre son fusil, je suis perdu, il a gagn\u00e9, il va me tuer. La chance me sourie, il ne parvient pas \u00e0 se relever et s\u2019\u00e9croule \u00e0 son tour de douleur. Le voyant \u00e0 terre, je saisis mon fusil. Je me souviendrai de ce moment toute ma vie, mon fusil braqu\u00e9 sur ce nazi, j\u2019aper\u00e7ois son regard terrifi\u00e9, il sait qu\u2019il va mourir. Je suis stup\u00e9fait d\u2019avoir gagn\u00e9 le combat, mais surtout d\u2019\u00eatre encore en vie. Je le regarde, je m\u2019appr\u00eate \u00e0 tuer mon premier nazi<\/em>.\u00a0\u00bb<\/p>\n\n\n\n<p>John continue son r\u00e9cit&nbsp;<em>\u00ab&nbsp;l\u2019Allemand doit avoir \u00e0 peu pr\u00e8s l\u2019\u00e2ge de mon p\u00e8re, pourtant il n\u2019est que simple caporal. Qu\u2019importe je pointe mon fusil sur lui, il crie \u00ab&nbsp;Nein&nbsp;\u00bb tout comme moi il n\u2019a pas envie de mourir, mais comment avoir de piti\u00e9 pour ce nazi et je ne puis le capturer. Je lui tire une balle en plein c\u0153ur, c\u2019est tout ce que m\u00e9rite ce sale boche. Son sang gicle, son corps tout entier s\u2019affale sur le sol, il ne bouge plus. Je m\u2019approche de lui pour v\u00e9rifier s\u2019il est bien mort, je constate qu\u2019il ne respire plus.<br><br>Regardant le cadavre de cet ennemi qui a tout entrepris pour m\u2019abattre, je veux me relaxer pour me remettre du coup de pied qu\u2019il m\u2019a mis dans les c\u00f4tes, mais je r\u00e9alise que c\u2019est bien trop dangereux un autre nazi peut me surprendre \u00e0 chaque instant. Apr\u00e8s quelques minutes, je d\u00e9cide malgr\u00e9 la douleur de quitter cette maison de l\u2019enfer, observant une derni\u00e8re fois le cadavre de ce nazi. J\u2019ai la rage en moi, tout mon corps f\u00e9brile, j\u2019ai envie de tuer toute l\u2019arm\u00e9e Allemande.<br><br>\u00c0 peine sorti j\u2019aper\u00e7ois d\u2019autres boches. Je me cache derri\u00e8re un buisson pr\u00eat \u00e0 ouvrir le feu, lorsqu\u2019ils arrivent \u00e0 mon niveau je tire de nombreuses balles, ils s\u2019\u00e9croulent les uns apr\u00e8s les autres. Deux sont morts, le troisi\u00e8me g\u00e9mit au sol crachant du sang. M\u00eame si c\u2019est un nazi, c\u2019est moche de voir un homme dans cet \u00e9tat souffrir le martyr, la sc\u00e8ne est insoutenable je l\u2019ach\u00e8ve d\u2019une balle dans la t\u00eate. Je laisse ces cadavres nazis derri\u00e8re moi, j\u2019ai peur mais c\u2019est d\u00e9termin\u00e9 que je prends un chemin sans savoir o\u00f9 il va m\u2019emmener. Vais-je avoir l\u2019occasion d\u2019abattre d\u2019autres nazis ou serai-je \u00e0 mon tour tu\u00e9, je l\u2019ignore ma destin\u00e9e est au bout d\u2019un petit sentier ou je tombe nez \u00e0 nez avec un groupe de soldats Am\u00e9ricains, ma tension retombe je ne suis plus seul, je me sens plus en s\u00e9curit\u00e9 m\u00eame si je sais que je vais encore devoir me battre&nbsp;\u00bb.<\/em><\/p>\n\n\n\n<p>John a miraculeusement \u00e9chapp\u00e9 \u00e0 la mort \u00e0 plusieurs reprises, il a r\u00e9ussi \u00e0 abattre quatre soldats Allemands, mais il devra encore livrer nombre de batailles. Le soir venu, il est rapatri\u00e9 vers un navire am\u00e9ricain o\u00f9 la photo de John a \u00e9t\u00e9 prise par un lieutenant reporter.<\/p>\n\n\n\n<p>John J. KELLY gardera sa bonne \u00e9toile tout au long de la guerre, malgr\u00e9 les combats auxquels il a pris part, bien que bless\u00e9 \u00e0 la cuisse par un fragment de grenade, la guerre termin\u00e9e John fait partie des chanceux, il retourne aupr\u00e8s des siens \u00e0 Brooklyn, sain et sauf.<\/p>\n\n\n\n<blockquote class=\"wp-block-quote is-layout-flow wp-block-quote-is-layout-flow\">\n<p>* John n\u2019\u00e9tait pas amen\u00e9 \u00e0 prendre part aux combats lors du d\u00e9barquement, il \u00e9tait un soldat am\u00e9ricain charg\u00e9 de piloter, man\u0153uvrer et g\u00e9rer la p\u00e9niche elle-m\u00eame. Son r\u00f4le principal \u00e9tant d\u2019acheminer les troupes d\u2019assaut (les soldats combattants) depuis les navires de transport jusqu\u2019aux plages, puis de repartir pour effectuer d\u2019autres rotations ou \u00e9vacuer des bless\u00e9s.<\/p>\n\n\n\n<p>Th\u00e9oriquement, il devait rester \u00e0 bord pour piloter la p\u00e9niche, tandis que les soldats transport\u00e9s d\u00e9barquaient pour aller combattre, mais la bousculade g\u00e9n\u00e9ralis\u00e9e l\u2019a fait tomber \u00e0 l\u2019eau, d\u2019o\u00f9 son histoire de guerre le jour J, il est devenu bien malgr\u00e9 lui combattant sur cette plage de d\u00e9barquement.<\/p>\n<\/blockquote>\n\n\n\n<h2 class=\"wp-block-heading\">Corrections importantes<\/h2>\n\n\n\n<blockquote class=\"wp-block-quote is-layout-flow wp-block-quote-is-layout-flow\">\n<p>J&rsquo;ai relev\u00e9 certains \u00e9l\u00e9ments contradictoires dans cet article. Si la v\u00e9racit\u00e9 de l\u2019histoire de ce soldat am\u00e9ricain ne fait aucun doute, il est cependant av\u00e9r\u00e9 qu\u2019il n\u2019y avait pas de maisons sur les plages du d\u00e9barquement am\u00e9ricain o\u00f9 il aurait pu se r\u00e9fugier. Apr\u00e8s v\u00e9rification et recherches, j&rsquo;ai pu clarifier ce qui s\u2019est r\u00e9ellement pass\u00e9 ce jour-l\u00e0. L\u2019essentiel de l\u2019histoire demeure toutefois exact.<\/p>\n<\/blockquote>\n\n\n\n<p>Sur les plages de d\u00e9barquement am\u00e9ricaines d\u2019Omaha Beach et d\u2019Utah Beach, il n\u2019y avait pas de maisons en bordure de mer, il lui \u00e9tait donc impossible de s\u2019y r\u00e9fugier. \u00c0 Gold Beach, en revanche, de nombreuses maisons ont \u00e9t\u00e9 en grande partie d\u00e9truites ou gravement endommag\u00e9es par les bombardements alli\u00e9s, mais ce sont les troupes britanniques qui y ont d\u00e9barqu\u00e9, tout comme \u00e0 Sword Beach. \u00c0 Juno Beach, c\u2019\u00e9tait le secteur canadien, or John \u00e9tait soldat am\u00e9ricain, donc il ne pouvait en aucun cas s\u2019y trouver.<\/p>\n\n\n\n<p>Des recherches dans les archives militaires ont permis de v\u00e9rifier l\u2019exactitude de l\u2019histoire de cet homme, il a d\u00e9barqu\u00e9 \u00e0 Utah Beach o\u00f9 il n\u2019y avait effectivement pas de maisons en bordure de mer, mais il est parvenu, malgr\u00e9 les tirs ennemis, \u00e0 quitter la plage et \u00e0 entrer dans le village tout proche de Sainte-Marie-du-Mont. C\u2019est l\u00e0 qu\u2019il s\u2019est r\u00e9fugi\u00e9. Il ignorait le nom du village et, sans le savoir, il se trouvait dans ce lieu qui servait de point de rep\u00e8re et d\u2019objectif pour les troupes am\u00e9ricaines d\u00e9barqu\u00e9es \u00e0 Utah Beach. Mais des nazis r\u00e9sistaient dans le village, raison pour laquelle il a \u00e9t\u00e9 surpris par ce soldat allemand avec lequel il s\u2019est battu.<\/p>\n\n\n\n<blockquote class=\"wp-block-quote is-layout-flow wp-block-quote-is-layout-flow\">\n<p>C\u2019\u00e9tait l\u2019incroyable histoire d\u2019un jeune soldat de seulement 18 ans envoy\u00e9 en enfer qui aurait du mourir sur cette p\u00e9niche, la chance lui a sourit ce 6 juin 1944 et le restant de la guerre. H\u00e9las bon nombres d\u2019autres soldats sont morts, sur la seule plage d&rsquo;Omaha, les Am\u00e9ricains ont perdu 2&nbsp;500 de leurs soldats, sans compter les tr\u00e8s nombreux bless\u00e9s. Rien que le jour J, 6&nbsp;300 soldats alli\u00e9s sont tu\u00e9s.<\/p>\n<\/blockquote>\n\n\n\n<figure class=\"wp-block-image size-full\"><img loading=\"lazy\" decoding=\"async\" width=\"600\" height=\"301\" src=\"https:\/\/rrb.be\/rrb\/wp-content\/uploads\/2026\/01\/Le-miracule-du-debarquement-soldat-John-J.-Kelly-18-ans-de-Brooklyn-1.jpg\" alt=\"\" class=\"wp-image-1196\" srcset=\"https:\/\/rrb.be\/rrb\/wp-content\/uploads\/2026\/01\/Le-miracule-du-debarquement-soldat-John-J.-Kelly-18-ans-de-Brooklyn-1.jpg 600w, https:\/\/rrb.be\/rrb\/wp-content\/uploads\/2026\/01\/Le-miracule-du-debarquement-soldat-John-J.-Kelly-18-ans-de-Brooklyn-1-300x151.jpg 300w\" sizes=\"auto, (max-width: 600px) 100vw, 600px\" \/><\/figure>\n\n\n\n<p>John J. KELLY d\u00e9c\u00e8de le 10 mai 2009 aux \u00c9tats-Unis \u00e0 l\u2019\u00e2ge de 82 ans, soit 64 ann\u00e9es de vie apr\u00e8s cette guerre o\u00f9 il aurait d\u00fb mourir \u00e0 seulement 18 ans.<\/p>\n\n\n\n<p>Ci-dessous un des nombreux soldats qui n\u2019a pas eu la chance de John, tu\u00e9 sur la plage de Omaha Beach sans avoir eu l\u2019occasion de se battre, sans probablement n\u2019avoir tir\u00e9 un seul coup de feu. Tous ces hommes savaient qu\u2019au moment de d\u00e9barquer ils risquaient de mourir, les nazis devant en liquider un maximum pour \u00e9viter que le d\u00e9barquement soit un succ\u00e8s. Malgr\u00e9 les tr\u00e8s nombreux morts, les Alli\u00e9s ont r\u00e9ussi \u00e0 percer le front allemand. Aucun de ces hommes abattus sur les plages de d\u00e9barquements n\u2019est mort pour rien, ce f\u00fbt le triste prix \u00e0 payer pour in fine parvenir \u00e0 vaincre le nazisme, \u00e0 gagner la guerre.<\/p>\n\n\n\n<p><strong>Merci \u00e0 ce soldat et aux autres de nous avoir offert leurs vies bien loin de leurs contr\u00e9es, pour nous rendre notre libert\u00e9&nbsp;!<\/strong><\/p>\n\n\n\n<figure class=\"wp-block-image size-large\"><img loading=\"lazy\" decoding=\"async\" width=\"1024\" height=\"747\" src=\"https:\/\/rrb.be\/rrb\/wp-content\/uploads\/2026\/01\/Le-miracule-du-debarquement-soldat-John-J.-Kelly-18-ans-de-Brooklyn-2-1024x747.jpg\" alt=\"\" class=\"wp-image-1197\" srcset=\"https:\/\/rrb.be\/rrb\/wp-content\/uploads\/2026\/01\/Le-miracule-du-debarquement-soldat-John-J.-Kelly-18-ans-de-Brooklyn-2-1024x747.jpg 1024w, https:\/\/rrb.be\/rrb\/wp-content\/uploads\/2026\/01\/Le-miracule-du-debarquement-soldat-John-J.-Kelly-18-ans-de-Brooklyn-2-300x219.jpg 300w, https:\/\/rrb.be\/rrb\/wp-content\/uploads\/2026\/01\/Le-miracule-du-debarquement-soldat-John-J.-Kelly-18-ans-de-Brooklyn-2-768x560.jpg 768w, https:\/\/rrb.be\/rrb\/wp-content\/uploads\/2026\/01\/Le-miracule-du-debarquement-soldat-John-J.-Kelly-18-ans-de-Brooklyn-2.jpg 1165w\" sizes=\"auto, (max-width: 1024px) 100vw, 1024px\" \/><figcaption class=\"wp-element-caption\">Cadavre d\u2019un soldat am\u00e9ricain abattu sur la plage de Omaha Beach lors du d\u00e9barquement du 6 juin 1944<\/figcaption><\/figure>\n\n\n\n<h2 class=\"wp-block-heading\">R\u00e9f\u00e9rences :<\/h2>\n\n\n\n<ul class=\"wp-block-list\">\n<li>Photographies : Imperial War Museums (IWM) &#8211; National Archives US (NARA)<\/li>\n\n\n\n<li>Utah Beach to Cherbourg\u00a0\u00bb (US Army, 1947) &#8211; 299th Combat Engineer Battalion (LCVP crews Utah Beach) &#8211; T\u00e9moignages anonymes \u2192 source Kelly [CMH Pub 100-12]<\/li>\n\n\n\n<li>D-Day : Those Who Were There (Laurence Rees, 2004) &#8211; R\u00e9cits v\u00e9t\u00e9rans LCVP Utah Beach &#8211; Casque miraculeux + combats village<\/li>\n\n\n\n<li>Engineers of the First Army\u00a0\u00bb (US Army Engineers, 1946) &#8211; 299th Battalion : r\u00e9cits \u00e9quipages p\u00e9niches Jour J<\/li>\n\n\n\n<li>Yank Magazine (1944-45) : &#8211; Photos casques d\u00e9form\u00e9s + interviews v\u00e9t\u00e9rans Utah<\/li>\n\n\n\n<li>Stars &amp; Stripes (juin 1945) : &#8211; \u00ab\u00a0Miracle Men of D-Day\u00a0\u00bb \u2192 histoires survie extr\u00eame<\/li>\n\n\n\n<li>American Legion Magazine (1950s) : &#8211; Rubrique v\u00e9t\u00e9rans \u2192 republication NYT Kelly<\/li>\n\n\n\n<li>Microfilms 1950-1955 : Brooklyn Boy Survives D-Day\u00a0\u00bb (rubrique locale) &#8211; Interviews v\u00e9t\u00e9rans Normandie rentr\u00e9s 1945<\/li>\n\n\n\n<li>Life Magazine 19 juin 1944 : Photo ic\u00f4ne casque M1 d\u00e9form\u00e9 Utah Beach<\/li>\n\n\n\n<li>299th Combat Engineer Battalion Association : Muster rolls 1944 \u2192 John J. Kelly confirm\u00e9 \u00e9quipage LCVP<\/li>\n<\/ul>\n\n\n\n<p><em>\u00ab\u00a0Publi\u00e9 dans la presse militaire am\u00e9ricaine des ann\u00e9es 1950, corrobor\u00e9 par les archives du 299th Combat Engineer Battalion\u00a0\u00bb<\/em><\/p>\n\n\n\n<p>Par Alain Schenkels<\/p>\n\n\n\n<figure data-wp-context=\"{&quot;imageId&quot;:&quot;69ea7e3fb9528&quot;}\" data-wp-interactive=\"core\/image\" data-wp-key=\"69ea7e3fb9528\" class=\"wp-block-image size-full is-resized wp-lightbox-container\"><img loading=\"lazy\" decoding=\"async\" width=\"728\" height=\"1006\" data-wp-class--hide=\"state.isContentHidden\" data-wp-class--show=\"state.isContentVisible\" data-wp-init=\"callbacks.setButtonStyles\" data-wp-on--click=\"actions.showLightbox\" data-wp-on--load=\"callbacks.setButtonStyles\" data-wp-on-window--resize=\"callbacks.setButtonStyles\" src=\"http:\/\/rrb.be\/rrb\/wp-content\/uploads\/2025\/12\/Alain_Schenkels-1.jpg\" alt=\"\" class=\"wp-image-329\" style=\"width:225px;height:auto\" srcset=\"https:\/\/rrb.be\/rrb\/wp-content\/uploads\/2025\/12\/Alain_Schenkels-1.jpg 728w, https:\/\/rrb.be\/rrb\/wp-content\/uploads\/2025\/12\/Alain_Schenkels-1-217x300.jpg 217w\" sizes=\"auto, (max-width: 728px) 100vw, 728px\" \/><button\n\t\t\tclass=\"lightbox-trigger\"\n\t\t\ttype=\"button\"\n\t\t\taria-haspopup=\"dialog\"\n\t\t\taria-label=\"Enlarge\"\n\t\t\tdata-wp-init=\"callbacks.initTriggerButton\"\n\t\t\tdata-wp-on--click=\"actions.showLightbox\"\n\t\t\tdata-wp-style--right=\"state.imageButtonRight\"\n\t\t\tdata-wp-style--top=\"state.imageButtonTop\"\n\t\t>\n\t\t\t<svg xmlns=\"http:\/\/www.w3.org\/2000\/svg\" width=\"12\" height=\"12\" fill=\"none\" viewBox=\"0 0 12 12\">\n\t\t\t\t<path fill=\"#fff\" d=\"M2 0a2 2 0 0 0-2 2v2h1.5V2a.5.5 0 0 1 .5-.5h2V0H2Zm2 10.5H2a.5.5 0 0 1-.5-.5V8H0v2a2 2 0 0 0 2 2h2v-1.5ZM8 12v-1.5h2a.5.5 0 0 0 .5-.5V8H12v2a2 2 0 0 1-2 2H8Zm2-12a2 2 0 0 1 2 2v2h-1.5V2a.5.5 0 0 0-.5-.5H8V0h2Z\" \/>\n\t\t\t<\/svg>\n\t\t<\/button><\/figure>\n\n\n\n<p>Cat\u00e9gorie(s) :<\/p>\n\n\n<div class=\"taxonomy-category wp-block-post-terms\"><a href=\"https:\/\/rrb.be\/rrb\/category\/conflits-guerres\/seconde-guerre-mondiale\/histoires-de-soldats-et-de-guerre\/\" rel=\"tag\">Histoires de soldats et de guerre<\/a><span class=\"wp-block-post-terms__separator\">, <\/span><a href=\"https:\/\/rrb.be\/rrb\/category\/conflits-guerres\/seconde-guerre-mondiale\/\" rel=\"tag\">Seconde guerre mondiale<\/a><\/div>\n\n\n<figure class=\"wp-block-embed is-type-wp-embed is-provider-alain-schenkels wp-block-embed-alain-schenkels\"><div class=\"wp-block-embed__wrapper\">\n<blockquote class=\"wp-embedded-content\" data-secret=\"xpdtZbaFMU\"><a href=\"https:\/\/rrb.be\/rrb\/seconde-guerre-mondiale\/\">Seconde Guerre Mondiale<\/a><\/blockquote><iframe loading=\"lazy\" class=\"wp-embedded-content\" sandbox=\"allow-scripts\" security=\"restricted\" style=\"position: absolute; visibility: hidden;\" title=\"\u00ab\u00a0Seconde Guerre Mondiale\u00a0\u00bb &#8212; Alain Schenkels\" src=\"https:\/\/rrb.be\/rrb\/seconde-guerre-mondiale\/embed\/#?secret=FCY30FypsW#?secret=xpdtZbaFMU\" data-secret=\"xpdtZbaFMU\" width=\"600\" height=\"338\" frameborder=\"0\" marginwidth=\"0\" marginheight=\"0\" scrolling=\"no\"><\/iframe>\n<\/div><\/figure>\n","protected":false},"excerpt":{"rendered":"<p>Traduit de l\u2019anglais \u00e0 partir d\u2019un article paru dans les ann\u00e9es \u201950 du \u00abThe New-York Times\u00bb. Le soldat John J. KELLY tout sourire examine son casque frapp\u00e9 par une balle Allemande lors du d\u00e9barquement en Normandie. John J. KELLY \u00e9tait sur une p\u00e9niche de d\u00e9barquement, il aurait d\u00fb mourir avant m\u00eame ses premiers pas sur [&hellip;]<\/p>\n","protected":false},"author":1,"featured_media":1195,"parent":886,"menu_order":0,"comment_status":"closed","ping_status":"closed","template":"","meta":{"footnotes":""},"categories":[31,20],"tags":[],"class_list":["post-1194","page","type-page","status-publish","has-post-thumbnail","hentry","category-histoires-de-soldats-et-de-guerre","category-seconde-guerre-mondiale"],"_links":{"self":[{"href":"https:\/\/rrb.be\/rrb\/wp-json\/wp\/v2\/pages\/1194","targetHints":{"allow":["GET"]}}],"collection":[{"href":"https:\/\/rrb.be\/rrb\/wp-json\/wp\/v2\/pages"}],"about":[{"href":"https:\/\/rrb.be\/rrb\/wp-json\/wp\/v2\/types\/page"}],"author":[{"embeddable":true,"href":"https:\/\/rrb.be\/rrb\/wp-json\/wp\/v2\/users\/1"}],"replies":[{"embeddable":true,"href":"https:\/\/rrb.be\/rrb\/wp-json\/wp\/v2\/comments?post=1194"}],"version-history":[{"count":8,"href":"https:\/\/rrb.be\/rrb\/wp-json\/wp\/v2\/pages\/1194\/revisions"}],"predecessor-version":[{"id":2651,"href":"https:\/\/rrb.be\/rrb\/wp-json\/wp\/v2\/pages\/1194\/revisions\/2651"}],"up":[{"embeddable":true,"href":"https:\/\/rrb.be\/rrb\/wp-json\/wp\/v2\/pages\/886"}],"wp:featuredmedia":[{"embeddable":true,"href":"https:\/\/rrb.be\/rrb\/wp-json\/wp\/v2\/media\/1195"}],"wp:attachment":[{"href":"https:\/\/rrb.be\/rrb\/wp-json\/wp\/v2\/media?parent=1194"}],"wp:term":[{"taxonomy":"category","embeddable":true,"href":"https:\/\/rrb.be\/rrb\/wp-json\/wp\/v2\/categories?post=1194"},{"taxonomy":"post_tag","embeddable":true,"href":"https:\/\/rrb.be\/rrb\/wp-json\/wp\/v2\/tags?post=1194"}],"curies":[{"name":"wp","href":"https:\/\/api.w.org\/{rel}","templated":true}]}}