{"id":1186,"date":"2026-01-08T10:18:49","date_gmt":"2026-01-08T10:18:49","guid":{"rendered":"https:\/\/rrb.be\/rrb\/?page_id=1186"},"modified":"2026-02-08T22:15:30","modified_gmt":"2026-02-08T22:15:30","slug":"seconde-guerre-mondiale-abbe-rene-kannaerts-resistant-deporte-torture-et-assassine-a-gross-rozen-le-11-janvier-1945-a-lage-de-57-ans","status":"publish","type":"page","link":"https:\/\/rrb.be\/rrb\/seconde-guerre-mondiale\/seconde-guerre-mondiale-abbe-rene-kannaerts-resistant-deporte-torture-et-assassine-a-gross-rozen-le-11-janvier-1945-a-lage-de-57-ans\/","title":{"rendered":"Seconde Guerre Mondiale : Abb\u00e9 Ren\u00e9 KANNAERTS, r\u00e9sistant d\u00e9port\u00e9, tortur\u00e9 et assassin\u00e9 \u00e0 Gross-Rozen le 11 janvier 1945 \u00e0 l&rsquo;\u00e2ge de 57 ans"},"content":{"rendered":"\n<p>Ren\u00e9 Kannaerts est n\u00e9 le 25 mars 1887 \u00e0 Heverlee en Belgique et a \u00e9t\u00e9 assassin\u00e9 au camp de concentration de Gross-Rozen en Pologne le 11 janvier 1945, \u00e0 l\u2019\u00e2ge de 57 ans<\/p>\n\n\n\n<p><strong>Pendant la Premi\u00e8re Guerre mondiale<\/strong>, son \u00e9ventuelle participation militaire reste incertaine. Ordonn\u00e9 pr\u00eatre avant 1914, il avait&nbsp;27 ans&nbsp;en ao\u00fbt. Or la mobilisation belge du&nbsp;3 ao\u00fbt 1914&nbsp;appelait prioritairement les&nbsp;classes 1910-1913&nbsp;(21-24 ans) et r\u00e9servistes jusqu&rsquo;\u00e0 34 ans, les troupes de premi\u00e8re ligne \u00e9tant compos\u00e9es de&nbsp;soldats de 20 \u00e0 25 ans.<\/p>\n\n\n\n<p>Son nom figure pourtant dans la base de donn\u00e9es du&nbsp;WHI&nbsp;comme soldat, mais sans matricule. Un dossier d\u00e9taillant son parcours existe ; je le consulterai prochainement et modifierai cette page. Cette inscription atteste n\u00e9anmoins son&nbsp;service militaire belge, peut-\u00eatre comme&nbsp;aum\u00f4nier&nbsp;ou dans l&rsquo;intendance, ce qui \u00e9tait fr\u00e9quent pour les eccl\u00e9siastiques de cet \u00e2ge. Les pr\u00eatres servaient souvent en soutien spirituel\/logistique loin du front, mais certains ont fait le choix des armes pour d\u00e9fendre leur patrie.<\/p>\n\n\n\n<p>L&rsquo;\u00c9glise catholique n&rsquo;interdit pas aux pr\u00eatres de combattre, le droit naturel \u00e0 la l\u00e9gitime d\u00e9fense et le devoir patriotique priment. De nombreux chapelains belges moururent au front, fusils en main, prouvant que la foi et le combat s&rsquo;unissent face \u00e0 l&rsquo;envahisseur.<\/p>\n\n\n\n<p><strong>Seconde Guerre mondiale :<\/strong><\/p>\n\n\n\n<p>Entre 1927 et 1943, il est cur\u00e9 \u00e0 la paroisse Notre-Dame du Perp\u00e9tuel Secours \u00e0 Watermael-Boitsfort, Bruxelles, Belgique. Lorsque la guerre \u00e9clata, d\u00e8s 1940, il co-fonda le groupe de r\u00e9sistance local \u00ab&nbsp;Independence Front Watermael-Boitsfort&nbsp;\u00bb. Il prot\u00e8ge de nombreuses familles Juives pers\u00e9cut\u00e9es par le r\u00e9gime nazi. <\/p>\n\n\n\n<p>Le 15 octobre 1943, il est arr\u00eat\u00e9 par les nazis dans l\u2019\u00e9glise et emmen\u00e9 pour interrogatoire muscl\u00e9. Il est ensuite incarc\u00e9r\u00e9 \u00e0 Saint-Gilles, puis est d\u00e9port\u00e9 \u00e0 Esterwegen et Borgermoor, Gross Strelitz et transport\u00e9 \u00e0 Gross-Rosen, Pologne (matricule n\u00b0 82.186). <\/p>\n\n\n\n<blockquote class=\"wp-block-quote is-layout-flow wp-block-quote-is-layout-flow\">\n<p>Le&nbsp;11 janvier 1945, lors d&rsquo;un interrogatoire final, Ren\u00e9 Kannaerts subit des<strong>&nbsp;<\/strong>tortures extr\u00eames.&nbsp;Pass\u00e9 \u00e0 tabac, son corps bris\u00e9 ne r\u00e9sista pas.&nbsp;Assassin\u00e9 \u00e0 57 ans&nbsp;dans la barbarie de Gross-Rosen<em>.<\/em><\/p>\n<\/blockquote>\n\n\n\n<p>Cur\u00e9 de \u00ab ma \u00bb paroisse, il a r\u00e9sist\u00e9 aux nazis pour prot\u00e9ger des hommes, des femmes et des enfants. Arr\u00eat\u00e9 en tant que r\u00e9sistant, il a \u00e9t\u00e9 d\u00e9port\u00e9 au camp de concentration de Gross-Rosen, en Pologne. Je rends un vibrant hommage \u00e0 cet homme pour son courage exemplaire.<\/p>\n\n\n\n<p>Je suis profond\u00e9ment horrifi\u00e9 par l\u2019atrocit\u00e9 dont il a \u00e9t\u00e9 victime, comme tant d\u2019autres, avant d\u2019\u00eatre assassin\u00e9 par les barbares nazis, tortur\u00e9 et battu \u00e0 mort. S\u2019il est l\u00e9gitime, pour une arm\u00e9e, d\u2019abattre un soldat ennemi, il s\u2019agit ici d\u2019un crime de guerre des plus abjects en torturant et en assassinant un \u00eatre humain sans d\u00e9fense. C\u2019est l\u00e0 la d\u00e9finition m\u00eame de la barbarie, en l\u2019occurence ici nazie.<\/p>\n\n\n\n<p><strong>Hommage vibrant<\/strong>&nbsp;: <br>Ren\u00e9 Kannaerts prot\u00e9gea Juifs et r\u00e9sistants face aux nazis.&nbsp;Arr\u00eat\u00e9 dans son \u00e9glise, d\u00e9port\u00e9 et tortur\u00e9 \u00e0 mort. Face \u00e0 la torture d&rsquo;un pr\u00eatre sans d\u00e9fense, toute l\u00e9gitimit\u00e9 militaire s&rsquo;effondre.&nbsp;Seul le crime de guerre subsiste&nbsp;\u2013 la barbarie nazie dans ce qu&rsquo;elle a de plus abject.<\/p>\n\n\n\n<p>Photo prise par Alain Schenkels du monument qui lui est d\u00e9di\u00e9 devant l&rsquo;\u00e9glise, avenue des Archiducs 68 \u00e0 1170 Watermael-Boitsfort, Bruxelles, Belgique<\/p>\n\n\n\n<figure data-wp-context=\"{&quot;imageId&quot;:&quot;69ea68774c8c0&quot;}\" data-wp-interactive=\"core\/image\" data-wp-key=\"69ea68774c8c0\" class=\"wp-block-image size-full is-resized wp-lightbox-container\"><img loading=\"lazy\" decoding=\"async\" width=\"460\" height=\"822\" data-wp-class--hide=\"state.isContentHidden\" data-wp-class--show=\"state.isContentVisible\" data-wp-init=\"callbacks.setButtonStyles\" data-wp-on--click=\"actions.showLightbox\" data-wp-on--load=\"callbacks.setButtonStyles\" data-wp-on-window--resize=\"callbacks.setButtonStyles\" src=\"https:\/\/rrb.be\/rrb\/wp-content\/uploads\/2026\/01\/Abbe-Kannaerts-monument.jpg\" alt=\"\" class=\"wp-image-1190\" style=\"aspect-ratio:0.5596162825247252;width:225px;height:auto\" srcset=\"https:\/\/rrb.be\/rrb\/wp-content\/uploads\/2026\/01\/Abbe-Kannaerts-monument.jpg 460w, https:\/\/rrb.be\/rrb\/wp-content\/uploads\/2026\/01\/Abbe-Kannaerts-monument-168x300.jpg 168w\" sizes=\"auto, (max-width: 460px) 100vw, 460px\" \/><button\n\t\t\tclass=\"lightbox-trigger\"\n\t\t\ttype=\"button\"\n\t\t\taria-haspopup=\"dialog\"\n\t\t\taria-label=\"Enlarge\"\n\t\t\tdata-wp-init=\"callbacks.initTriggerButton\"\n\t\t\tdata-wp-on--click=\"actions.showLightbox\"\n\t\t\tdata-wp-style--right=\"state.imageButtonRight\"\n\t\t\tdata-wp-style--top=\"state.imageButtonTop\"\n\t\t>\n\t\t\t<svg xmlns=\"http:\/\/www.w3.org\/2000\/svg\" width=\"12\" height=\"12\" fill=\"none\" viewBox=\"0 0 12 12\">\n\t\t\t\t<path fill=\"#fff\" d=\"M2 0a2 2 0 0 0-2 2v2h1.5V2a.5.5 0 0 1 .5-.5h2V0H2Zm2 10.5H2a.5.5 0 0 1-.5-.5V8H0v2a2 2 0 0 0 2 2h2v-1.5ZM8 12v-1.5h2a.5.5 0 0 0 .5-.5V8H12v2a2 2 0 0 1-2 2H8Zm2-12a2 2 0 0 1 2 2v2h-1.5V2a.5.5 0 0 0-.5-.5H8V0h2Z\" \/>\n\t\t\t<\/svg>\n\t\t<\/button><\/figure>\n\n\n\n<h2 class=\"wp-block-heading\">R\u00e9f\u00e9rences :<\/h2>\n\n\n\n<ul class=\"wp-block-list\">\n<li>Standbeelden.be&nbsp;: n\u00e9 25\/03\/1887 Heverlee ; cur\u00e9&nbsp;Notre-Dame Perp\u00e9tuel Secours Watermael-Boitsfort<strong>&nbsp;<\/strong>(1927-1943).<\/li>\n\n\n\n<li>Gracienne Benoit \u00c9ditions&nbsp;: R\u00e9sistant d\u00e8s juillet 1940.<\/li>\n\n\n\n<li>Standbeelden.be&nbsp;:&nbsp;Independence Front Watermael-Boitsfort&nbsp;(prot\u00e8ge familles juives) ; arr\u00eat\u00e9&nbsp;15 octobre 1943 dans l&rsquo;\u00e9glise&nbsp;par SS-Gestapo \u2192 Saint-Gilles.<\/li>\n\n\n\n<li>Fondation M\u00e9moire D\u00e9portation&nbsp;: D\u00e9port\u00e9 Esterwegen \u2192 Borgermoor \u2192 Gross-Strelitz \u2192&nbsp;Gross-Rosen&nbsp;(matricule&nbsp;82.186) ;&nbsp;tortur\u00e9\/mort 11 janvier 1945&nbsp;(57 ans).<\/li>\n\n\n\n<li>Standbeelden.be&nbsp;: Interrogatoire final \u2192&nbsp;pass\u00e9 \u00e0 tabac, corps bris\u00e9.<\/li>\n<\/ul>\n\n\n\n<p>Par Alain Schenkels<\/p>\n\n\n\n<figure data-wp-context=\"{&quot;imageId&quot;:&quot;69ea68774cd99&quot;}\" data-wp-interactive=\"core\/image\" data-wp-key=\"69ea68774cd99\" class=\"wp-block-image size-full is-resized wp-lightbox-container\"><img loading=\"lazy\" decoding=\"async\" width=\"728\" height=\"1006\" data-wp-class--hide=\"state.isContentHidden\" data-wp-class--show=\"state.isContentVisible\" data-wp-init=\"callbacks.setButtonStyles\" data-wp-on--click=\"actions.showLightbox\" data-wp-on--load=\"callbacks.setButtonStyles\" data-wp-on-window--resize=\"callbacks.setButtonStyles\" src=\"http:\/\/rrb.be\/rrb\/wp-content\/uploads\/2025\/12\/Alain_Schenkels-1.jpg\" alt=\"\" class=\"wp-image-329\" style=\"width:227px;height:auto\" srcset=\"https:\/\/rrb.be\/rrb\/wp-content\/uploads\/2025\/12\/Alain_Schenkels-1.jpg 728w, https:\/\/rrb.be\/rrb\/wp-content\/uploads\/2025\/12\/Alain_Schenkels-1-217x300.jpg 217w\" sizes=\"auto, (max-width: 728px) 100vw, 728px\" \/><button\n\t\t\tclass=\"lightbox-trigger\"\n\t\t\ttype=\"button\"\n\t\t\taria-haspopup=\"dialog\"\n\t\t\taria-label=\"Enlarge\"\n\t\t\tdata-wp-init=\"callbacks.initTriggerButton\"\n\t\t\tdata-wp-on--click=\"actions.showLightbox\"\n\t\t\tdata-wp-style--right=\"state.imageButtonRight\"\n\t\t\tdata-wp-style--top=\"state.imageButtonTop\"\n\t\t>\n\t\t\t<svg xmlns=\"http:\/\/www.w3.org\/2000\/svg\" width=\"12\" height=\"12\" fill=\"none\" viewBox=\"0 0 12 12\">\n\t\t\t\t<path fill=\"#fff\" d=\"M2 0a2 2 0 0 0-2 2v2h1.5V2a.5.5 0 0 1 .5-.5h2V0H2Zm2 10.5H2a.5.5 0 0 1-.5-.5V8H0v2a2 2 0 0 0 2 2h2v-1.5ZM8 12v-1.5h2a.5.5 0 0 0 .5-.5V8H12v2a2 2 0 0 1-2 2H8Zm2-12a2 2 0 0 1 2 2v2h-1.5V2a.5.5 0 0 0-.5-.5H8V0h2Z\" \/>\n\t\t\t<\/svg>\n\t\t<\/button><\/figure>\n\n\n\n<p>Cat\u00e9gorie(s) :<\/p>\n\n\n<div class=\"taxonomy-category wp-block-post-terms\"><a href=\"https:\/\/rrb.be\/rrb\/category\/conflits-guerres\/seconde-guerre-mondiale\/resistance\/\" rel=\"tag\">R\u00e9sistance<\/a><span class=\"wp-block-post-terms__separator\">, <\/span><a href=\"https:\/\/rrb.be\/rrb\/category\/conflits-guerres\/seconde-guerre-mondiale\/\" rel=\"tag\">Seconde guerre mondiale<\/a><\/div>\n\n\n<figure class=\"wp-block-embed is-type-wp-embed is-provider-alain-schenkels wp-block-embed-alain-schenkels\"><div class=\"wp-block-embed__wrapper\">\n<blockquote class=\"wp-embedded-content\" data-secret=\"Xl63PkRX7N\"><a href=\"https:\/\/rrb.be\/rrb\/seconde-guerre-mondiale\/\">Seconde Guerre Mondiale<\/a><\/blockquote><iframe loading=\"lazy\" class=\"wp-embedded-content\" sandbox=\"allow-scripts\" security=\"restricted\" style=\"position: absolute; visibility: hidden;\" title=\"\u00ab\u00a0Seconde Guerre Mondiale\u00a0\u00bb &#8212; Alain Schenkels\" src=\"https:\/\/rrb.be\/rrb\/seconde-guerre-mondiale\/embed\/#?secret=Vecyu1aH3W#?secret=Xl63PkRX7N\" data-secret=\"Xl63PkRX7N\" width=\"600\" height=\"338\" frameborder=\"0\" marginwidth=\"0\" marginheight=\"0\" scrolling=\"no\"><\/iframe>\n<\/div><\/figure>\n","protected":false},"excerpt":{"rendered":"<p>Ren\u00e9 Kannaerts est n\u00e9 le 25 mars 1887 \u00e0 Heverlee en Belgique et a \u00e9t\u00e9 assassin\u00e9 au camp de concentration de Gross-Rozen en Pologne le 11 janvier 1945, \u00e0 l\u2019\u00e2ge de 57 ans Pendant la Premi\u00e8re Guerre mondiale, son \u00e9ventuelle participation militaire reste incertaine. Ordonn\u00e9 pr\u00eatre avant 1914, il avait&nbsp;27 ans&nbsp;en ao\u00fbt. Or la mobilisation [&hellip;]<\/p>\n","protected":false},"author":1,"featured_media":1187,"parent":886,"menu_order":0,"comment_status":"closed","ping_status":"closed","template":"","meta":{"footnotes":""},"categories":[29,20],"tags":[],"class_list":["post-1186","page","type-page","status-publish","has-post-thumbnail","hentry","category-resistance","category-seconde-guerre-mondiale"],"_links":{"self":[{"href":"https:\/\/rrb.be\/rrb\/wp-json\/wp\/v2\/pages\/1186","targetHints":{"allow":["GET"]}}],"collection":[{"href":"https:\/\/rrb.be\/rrb\/wp-json\/wp\/v2\/pages"}],"about":[{"href":"https:\/\/rrb.be\/rrb\/wp-json\/wp\/v2\/types\/page"}],"author":[{"embeddable":true,"href":"https:\/\/rrb.be\/rrb\/wp-json\/wp\/v2\/users\/1"}],"replies":[{"embeddable":true,"href":"https:\/\/rrb.be\/rrb\/wp-json\/wp\/v2\/comments?post=1186"}],"version-history":[{"count":6,"href":"https:\/\/rrb.be\/rrb\/wp-json\/wp\/v2\/pages\/1186\/revisions"}],"predecessor-version":[{"id":2674,"href":"https:\/\/rrb.be\/rrb\/wp-json\/wp\/v2\/pages\/1186\/revisions\/2674"}],"up":[{"embeddable":true,"href":"https:\/\/rrb.be\/rrb\/wp-json\/wp\/v2\/pages\/886"}],"wp:featuredmedia":[{"embeddable":true,"href":"https:\/\/rrb.be\/rrb\/wp-json\/wp\/v2\/media\/1187"}],"wp:attachment":[{"href":"https:\/\/rrb.be\/rrb\/wp-json\/wp\/v2\/media?parent=1186"}],"wp:term":[{"taxonomy":"category","embeddable":true,"href":"https:\/\/rrb.be\/rrb\/wp-json\/wp\/v2\/categories?post=1186"},{"taxonomy":"post_tag","embeddable":true,"href":"https:\/\/rrb.be\/rrb\/wp-json\/wp\/v2\/tags?post=1186"}],"curies":[{"name":"wp","href":"https:\/\/api.w.org\/{rel}","templated":true}]}}