{"id":1175,"date":"2026-01-08T07:59:41","date_gmt":"2026-01-08T07:59:41","guid":{"rendered":"https:\/\/rrb.be\/rrb\/?page_id=1175"},"modified":"2026-02-08T22:08:43","modified_gmt":"2026-02-08T22:08:43","slug":"seconde-guerre-mondiale-charles-de-hepcee-pilote-de-chasse-raf-et-resistant-fusille-par-les-nazis-le-27-juin-1944-a-lage-de-33-ans","status":"publish","type":"page","link":"https:\/\/rrb.be\/rrb\/seconde-guerre-mondiale\/seconde-guerre-mondiale-charles-de-hepcee-pilote-de-chasse-raf-et-resistant-fusille-par-les-nazis-le-27-juin-1944-a-lage-de-33-ans\/","title":{"rendered":"Seconde Guerre Mondiale : Charles de HEPCEE, Pilote de chasse RAF et R\u00e9sistant, fusill\u00e9 par les nazis le 27 juin 1944 \u00e0 l&rsquo;\u00e2ge de 33 ans"},"content":{"rendered":"\n<p>\u00c0 droite sur la photo, \u00e0 ses c\u00f4t\u00e9s mon grand oncle Selmo VERNIEUWE<\/p>\n\n\n\n<p>\u00ab\u00a0Charley\u00a0\u00bb de HEPECEE est n\u00e9 le 14 mars 1911 \u00e0 Ixelles, sous-lieutenant d\u2019infanterie en 1932, cadre navigant de l\u2019\u00c9cole d\u2019a\u00e9ronautique en 1934, Capitaine en 1939, pilote de chasse RAF et r\u00e9sistant, il est fusill\u00e9 le 27 juin 1944 \u00e0 Castelmaurou (France) \u00e0 l\u2019\u00e2ge de 33 ans.<\/p>\n\n\n\n<p>D\u00e8s le d\u00e9but de 1942, il cr\u00e9e avec son ami et compagnon d\u2019armes <strong>Selmo Vernieuwe<\/strong> la ligne \u00ab&nbsp;Rose-Claire&nbsp;\u00bb (du nom de ses deux jumelles n\u00e9es r\u00e9cemment) qui aide des aviateurs \u00e0 partir pour l\u2019Angleterre et fait des allers-retours r\u00e9guliers entre la Belgique et la France. La ligne doit rapidement fermer. Sous les ordres de <strong>William Ugeux<\/strong>, directeur g\u00e9n\u00e9ral du Service de Renseignements et d\u2019Action en territoires occup\u00e9s, il organise et fait fonctionner, avec Selmo Vernieuwe et l\u2019ophtalmologiste belge <strong>Charles Schepens<\/strong> (ayant pris le faux nom de Jacques P\u00e9rot), le fameux passage de l\u2019Iraty (Pyr\u00e9n\u00e9es-Atlantiques) via la scierie de Mendive remise en \u00e9tat de fonctionnement dans ce but.<\/p>\n\n\n\n<p>Pendant un an, ils feront passer en Espagne, vers l\u2019Angleterre, renseignements, agents \u2018br\u00fbl\u00e9s\u2019, courriers, colis, personnalit\u00e9s telles que <strong>les ministres d\u2019Aspremont Lynden et Paul Tschoffen<\/strong>, <strong>le commandant de Gendarmerie Engels, Jean Cartier de Marchienne<\/strong>, etc.<\/p>\n\n\n\n<p>En&nbsp;mars 1943, recherch\u00e9 par toutes les polices d\u2019occupation, il doit se r\u00e9soudre \u00e0 partir lui aussi, sans sa femme qui \u00e9tait venue le retrouver en passant la&nbsp;ligne de d\u00e9marcation&nbsp;avec les enfants. Ils devront partir plus tard. Arriv\u00e9 \u00e0 Londres, il rejoint la&nbsp;R.A.F.<\/p>\n\n\n\n<p>Le&nbsp;14 mai 1943, son \u00e9pouse et leurs quatre enfants \u2014&nbsp;les deux derniers, des jumelles, viennent d\u2019avoir un an&nbsp;\u2014 sont arr\u00eat\u00e9s par la police italienne pr\u00e8s de Grenoble. Les Allemands esp\u00e9raient ainsi forcer Charles de Hepc\u00e9e \u00e0 se d\u00e9voiler.<\/p>\n\n\n\n<p>Ce n\u2019est que bien des semaines plus tard qu\u2019il apprend, outre la mort de son fr\u00e8re abattu au-dessus des&nbsp;Pays-Bas, le sort de son \u00e9pouse et de ses enfants. Il est alors charg\u00e9 d\u2019une derni\u00e8re mission (la mission Roch) et revient sur le continent. Conjointement \u00e0 sa mission il esp\u00e8re pouvoir obtenir des renseignements concernant la d\u00e9tention de son \u00e9pouse, mais il est arr\u00eat\u00e9 dans la nuit du 12 au&nbsp;13 avril 1944, en passant les Pyr\u00e9n\u00e9es.<\/p>\n\n\n\n<blockquote class=\"wp-block-quote is-layout-flow wp-block-quote-is-layout-flow\">\n<p>Le&nbsp;27 juin, sur ordre du lieutenant-colonel&nbsp;Friedrich Suhr&nbsp;et du lieutenant&nbsp;Karl-Heinz M\u00fcller&nbsp;du (KdS) de Toulouse, il est fusill\u00e9 avec quinze autres r\u00e9sistants dans le bois de la Reulle, \u00e0&nbsp;Gragnague, dans les environs de&nbsp;Toulouse.<\/p>\n<\/blockquote>\n\n\n\n<p>Le corps de Charles de Hepc\u00e9e dispara\u00eet durant 68 ans, mais apr\u00e8s des recherches et relev\u00e9s ADN, il est retrouv\u00e9 et identifi\u00e9 en 2012 parmi les cinq fusill\u00e9s inconnus du Bois de la Reulle, tous abattus le&nbsp;27 juin 1944. Il est inhum\u00e9 \u00e0&nbsp;Halloy (Belgique)&nbsp;dans le caveau familial le&nbsp;24 juillet 2012.<\/p>\n\n\n\n<p>Son fr\u00e8re <strong>Michel de Hepc\u00e9e<\/strong>, aviateur, a \u00e9t\u00e9 abattu dans son appareil le 13 novembre aux Pays-Bas \u00e0 l\u2019\u00e2ge de 27 ans.<\/p>\n\n\n\n<p>Son \u00e9pouse <strong>Micheline de S\u00e9lys Longchamps<\/strong>, \u00e9galement membre de la R\u00e9sistance, ignorant tout de la disparition de son mari, est transf\u00e9r\u00e9e \u00e0 Suse en Italie o\u00f9, gr\u00e2ce au commandant italien de la prison, ses parents viendront chercher les quatre enfants. Elle est ensuite d\u00e9port\u00e9e politique successivement \u00e0&nbsp;Ravensbr\u00fcck,&nbsp;Hanovre&nbsp;(kommando&nbsp;de Hannover-Limmer) et&nbsp;Bergen-Belsen, d\u2019o\u00f9 elle ne sera d\u00e9livr\u00e9e qu\u2019en&nbsp;avril 1945.<\/p>\n\n\n\n<p>Il \u00e9tait le fils de Albert Marie Hubert de Hepc\u00e9e (1870-1932) et Jeanne Marie Henriette Boonen (1873-1948). Mari\u00e9 avec Micheline Simone Caroline Marie de S\u00e9lys-Longchamps (1912-1983) dont 4 enfant(s) : \u00c9ric Michel Albert Charles Marie (1937-1971), Monique Micheline Marie Jeanne Simone Astrid (1940-2019), Claire et Rose (pas de dates pour les personnes encore en vie).<\/p>\n\n\n\n<p>Fratrie : Marie-Th\u00e9r\u00e8se (1909-2000), mari\u00e9e avec L\u00e9on Robin (1908-1976), Claire (912-1974), mari\u00e9e avec Lucien De Coune (1904-1987), Michel (1916-1943), aviateur abattu aux Pays-Bas le 13 novembre 1943.<\/p>\n\n\n\n<p><strong>T\u00e9moignage familial de Karine Becker, petite fille de Selmo Vernieuwe<\/strong><\/p>\n\n\n\n<p>Ce week end nous sommes sur tes traces en pays basque dans la for\u00eat d\u2019Iraty. Ce r\u00e9seau de r\u00e9sistance belge que toi, Anselme Vernieuwe et d\u2019autres courageux hommes, Charles Schepens, William Ugeux, Charlie de Hepc\u00e9e, Cyril et Oleg Pomerantzeff, avez op\u00e9r\u00e9 au risque de vos vies en 40 pour permettre \u00e0 d\u2019autres de rejoindre l\u2019Angleterre en traversant les Pyr\u00e9n\u00e9es \u00e0 pied dans des conditions souvent difficiles au nez et \u00e0 la barbe des Allemands, est un pan de l\u2019histoire secr\u00e8te de la guerre.<\/p>\n\n\n\n<p>Ces \u00e9vasions de nuit dans la for\u00eat d\u2019Iraty entre Mendive et Pampelune n\u2019\u00e9taient possible que gr\u00e2ce \u00e0 l\u2019aide bienveillante de bergers basques espagnols tels Jean Sarochar et gr\u00e2ce \u00e0 la couverture de la Scierie \u00e0 St Jean Pied de Porc.<\/p>\n\n\n\n<p>L\u2019arriv\u00e9e en Espagne franquiste \u00e9tait sans garantie de s\u00e9curit\u00e9. \u00c9mouvant hommage aux villageois basques et immense gratitude \u00e0 vous tous et \u00e0 ceux qui s\u2019efforcent de comm\u00e9morer et de transmettre cette fabuleuse histoire de courage, de solidarit\u00e9, d\u2019humanit\u00e9, de souffrance et de pertes.<\/p>\n\n\n\n<p>R\u00e9seau Z\u00e9ro. Un autre important r\u00e9seau de R\u00e9sistance dont on parle moins.<\/p>\n\n\n\n<h2 class=\"wp-block-heading\"><strong>R\u00e9f\u00e9rences :<\/strong><\/h2>\n\n\n\n<ul class=\"wp-block-list\">\n<li>Histoires familiales<\/li>\n\n\n\n<li>T\u00e9moignage Karine Becker&nbsp;: Bergers basques (Jean Sarochar), St-Jean-Pied-de-Port. <a href=\"https:\/\/www.vieillestiges.be\/files\/memorials\/MABdeHepce%CC%81e-FR.pdf\" target=\"_blank\" rel=\"noopener\">Pdf<\/a><\/li>\n\n\n\n<li>Hangar Flying&nbsp;: Fr\u00e8re Michel abattu 13\/11\/1943 Pays-Bas (27 ans).<\/li>\n\n\n\n<li>M\u00e9moire Vive R\u00e9sistance&nbsp;: Ligne Rose-Claire (1942) avec Selmo Vernieuwe (jumelles Rose\/Claire) ; passage Iraty (Pyr\u00e9n\u00e9es-Atlantiques) via scierie Mendive ; sous William Ugeux + Charles Schepens (\u00ab\u00a0Jacques P\u00e9rot\u00a0\u00bb) ; passe ministres Aspremont Lynden, Paul Tschoffen, cmdt Engels, Jean Cartier Marchienne.<\/li>\n\n\n\n<li>Micheline de S\u00e9lys Longchamps (1912-1983), arr\u00eat\u00e9e 14\/05\/1943 Grenoble (police italienne) ; enfants : \u00c9ric (1937-1971), Monique (1940-2019), Claire\/Rose (jumelles 1942) ; d\u00e9port\u00e9e Ravensbr\u00fcck \u2192 Hanovre-Limmer \u2192 Bergen-Belsen (lib\u00e9r\u00e9e avr. 1945) <a href=\"https:\/\/fusilles-40-44.maitron.fr\/de-hepcee-charles-henri-marie-dit-de-hepcee-charley-rose-pseudonyme-de-clandestinite\/\" target=\"_blank\" rel=\"noopener\">Site<\/a><\/li>\n\n\n\n<li>Mission Roch&nbsp;: Retour clandestin 1944 ; arr\u00eat\u00e9 nuit 12-13\/04\/1944 Pyr\u00e9n\u00e9es.<\/li>\n\n\n\n<li>Maitron \/ Vieilles Stiges&nbsp;: Fusill\u00e9 27\/06\/1944 Bois Reulle\/Gragnague (pr\u00e8s Toulouse) par KdS Toulouse (Lt-Col Friedrich Suhr + Lt Karl-Heinz M\u00fcller) avec 15 r\u00e9sistants ; corps perdu 68 ans, identifi\u00e9 ADN 2012 (5 fusill\u00e9s anonymes) ; r\u00e9inhum\u00e9 Halloy (Belgique) 24\/07\/2012.<\/li>\n\n\n\n<li>CegeSoma&nbsp;: R\u00e9seau Z\u00e9ro, Autre \u00e9vasion r\u00e9seau parall\u00e8le (complot SOE belge)<\/li>\n\n\n\n<li>Bel-Memorial : Fosse commune Toulouse, rapport exhumation 2012<\/li>\n\n\n\n<li>William Ugeux&nbsp;: M\u00e9moires SRA (Service Renseignements)<\/li>\n\n\n\n<li>Archives A\u00e9ronautique Belge&nbsp;: Carri\u00e8re RAF<\/li>\n<\/ul>\n\n\n\n<p>Par Alain Schenkels<\/p>\n\n\n\n<figure data-wp-context=\"{&quot;imageId&quot;:&quot;69ea7dd65c437&quot;}\" data-wp-interactive=\"core\/image\" data-wp-key=\"69ea7dd65c437\" class=\"wp-block-image size-full is-resized wp-lightbox-container\"><img loading=\"lazy\" decoding=\"async\" width=\"728\" height=\"1006\" data-wp-class--hide=\"state.isContentHidden\" data-wp-class--show=\"state.isContentVisible\" data-wp-init=\"callbacks.setButtonStyles\" data-wp-on--click=\"actions.showLightbox\" data-wp-on--load=\"callbacks.setButtonStyles\" data-wp-on-window--resize=\"callbacks.setButtonStyles\" src=\"http:\/\/rrb.be\/rrb\/wp-content\/uploads\/2025\/12\/Alain_Schenkels-1.jpg\" alt=\"\" class=\"wp-image-329\" style=\"width:211px;height:auto\" srcset=\"https:\/\/rrb.be\/rrb\/wp-content\/uploads\/2025\/12\/Alain_Schenkels-1.jpg 728w, https:\/\/rrb.be\/rrb\/wp-content\/uploads\/2025\/12\/Alain_Schenkels-1-217x300.jpg 217w\" sizes=\"auto, (max-width: 728px) 100vw, 728px\" \/><button\n\t\t\tclass=\"lightbox-trigger\"\n\t\t\ttype=\"button\"\n\t\t\taria-haspopup=\"dialog\"\n\t\t\taria-label=\"Enlarge\"\n\t\t\tdata-wp-init=\"callbacks.initTriggerButton\"\n\t\t\tdata-wp-on--click=\"actions.showLightbox\"\n\t\t\tdata-wp-style--right=\"state.imageButtonRight\"\n\t\t\tdata-wp-style--top=\"state.imageButtonTop\"\n\t\t>\n\t\t\t<svg xmlns=\"http:\/\/www.w3.org\/2000\/svg\" width=\"12\" height=\"12\" fill=\"none\" viewBox=\"0 0 12 12\">\n\t\t\t\t<path fill=\"#fff\" d=\"M2 0a2 2 0 0 0-2 2v2h1.5V2a.5.5 0 0 1 .5-.5h2V0H2Zm2 10.5H2a.5.5 0 0 1-.5-.5V8H0v2a2 2 0 0 0 2 2h2v-1.5ZM8 12v-1.5h2a.5.5 0 0 0 .5-.5V8H12v2a2 2 0 0 1-2 2H8Zm2-12a2 2 0 0 1 2 2v2h-1.5V2a.5.5 0 0 0-.5-.5H8V0h2Z\" \/>\n\t\t\t<\/svg>\n\t\t<\/button><\/figure>\n\n\n\n<p>Cat\u00e9gorie(s) :<\/p>\n\n\n<div class=\"taxonomy-category wp-block-post-terms\"><a href=\"https:\/\/rrb.be\/rrb\/category\/conflits-guerres\/seconde-guerre-mondiale\/histoires-de-soldats-et-de-guerre\/\" rel=\"tag\">Histoires de soldats et de guerre<\/a><span class=\"wp-block-post-terms__separator\">, <\/span><a href=\"https:\/\/rrb.be\/rrb\/category\/conflits-guerres\/seconde-guerre-mondiale\/resistance\/\" rel=\"tag\">R\u00e9sistance<\/a><span class=\"wp-block-post-terms__separator\">, <\/span><a href=\"https:\/\/rrb.be\/rrb\/category\/conflits-guerres\/seconde-guerre-mondiale\/\" rel=\"tag\">Seconde guerre mondiale<\/a><\/div>\n\n\n<figure class=\"wp-block-embed is-type-wp-embed is-provider-alain-schenkels wp-block-embed-alain-schenkels\"><div class=\"wp-block-embed__wrapper\">\n<blockquote class=\"wp-embedded-content\" data-secret=\"Os0sjCLxR4\"><a href=\"https:\/\/rrb.be\/rrb\/seconde-guerre-mondiale\/\">Seconde Guerre Mondiale<\/a><\/blockquote><iframe loading=\"lazy\" class=\"wp-embedded-content\" sandbox=\"allow-scripts\" security=\"restricted\" style=\"position: absolute; visibility: hidden;\" title=\"\u00ab\u00a0Seconde Guerre Mondiale\u00a0\u00bb &#8212; Alain Schenkels\" src=\"https:\/\/rrb.be\/rrb\/seconde-guerre-mondiale\/embed\/#?secret=DRviHIfe3l#?secret=Os0sjCLxR4\" data-secret=\"Os0sjCLxR4\" width=\"600\" height=\"338\" frameborder=\"0\" marginwidth=\"0\" marginheight=\"0\" scrolling=\"no\"><\/iframe>\n<\/div><\/figure>\n","protected":false},"excerpt":{"rendered":"<p>\u00c0 droite sur la photo, \u00e0 ses c\u00f4t\u00e9s mon grand oncle Selmo VERNIEUWE \u00ab\u00a0Charley\u00a0\u00bb de HEPECEE est n\u00e9 le 14 mars 1911 \u00e0 Ixelles, sous-lieutenant d\u2019infanterie en 1932, cadre navigant de l\u2019\u00c9cole d\u2019a\u00e9ronautique en 1934, Capitaine en 1939, pilote de chasse RAF et r\u00e9sistant, il est fusill\u00e9 le 27 juin 1944 \u00e0 Castelmaurou (France) \u00e0 [&hellip;]<\/p>\n","protected":false},"author":1,"featured_media":1176,"parent":886,"menu_order":0,"comment_status":"closed","ping_status":"closed","template":"","meta":{"footnotes":""},"categories":[31,29,20],"tags":[],"class_list":["post-1175","page","type-page","status-publish","has-post-thumbnail","hentry","category-histoires-de-soldats-et-de-guerre","category-resistance","category-seconde-guerre-mondiale"],"_links":{"self":[{"href":"https:\/\/rrb.be\/rrb\/wp-json\/wp\/v2\/pages\/1175","targetHints":{"allow":["GET"]}}],"collection":[{"href":"https:\/\/rrb.be\/rrb\/wp-json\/wp\/v2\/pages"}],"about":[{"href":"https:\/\/rrb.be\/rrb\/wp-json\/wp\/v2\/types\/page"}],"author":[{"embeddable":true,"href":"https:\/\/rrb.be\/rrb\/wp-json\/wp\/v2\/users\/1"}],"replies":[{"embeddable":true,"href":"https:\/\/rrb.be\/rrb\/wp-json\/wp\/v2\/comments?post=1175"}],"version-history":[{"count":5,"href":"https:\/\/rrb.be\/rrb\/wp-json\/wp\/v2\/pages\/1175\/revisions"}],"predecessor-version":[{"id":2652,"href":"https:\/\/rrb.be\/rrb\/wp-json\/wp\/v2\/pages\/1175\/revisions\/2652"}],"up":[{"embeddable":true,"href":"https:\/\/rrb.be\/rrb\/wp-json\/wp\/v2\/pages\/886"}],"wp:featuredmedia":[{"embeddable":true,"href":"https:\/\/rrb.be\/rrb\/wp-json\/wp\/v2\/media\/1176"}],"wp:attachment":[{"href":"https:\/\/rrb.be\/rrb\/wp-json\/wp\/v2\/media?parent=1175"}],"wp:term":[{"taxonomy":"category","embeddable":true,"href":"https:\/\/rrb.be\/rrb\/wp-json\/wp\/v2\/categories?post=1175"},{"taxonomy":"post_tag","embeddable":true,"href":"https:\/\/rrb.be\/rrb\/wp-json\/wp\/v2\/tags?post=1175"}],"curies":[{"name":"wp","href":"https:\/\/api.w.org\/{rel}","templated":true}]}}