{"id":1162,"date":"2026-01-08T07:13:19","date_gmt":"2026-01-08T07:13:19","guid":{"rendered":"https:\/\/rrb.be\/rrb\/?page_id=1162"},"modified":"2026-02-08T22:15:54","modified_gmt":"2026-02-08T22:15:54","slug":"seconde-guerre-mondiale-walthere-dewe-resistant-des-deux-guerres-abattu-a-bruxelles-le-14-janvier-1944-a-lage-de-63-ans","status":"publish","type":"page","link":"https:\/\/rrb.be\/rrb\/seconde-guerre-mondiale\/seconde-guerre-mondiale-walthere-dewe-resistant-des-deux-guerres-abattu-a-bruxelles-le-14-janvier-1944-a-lage-de-63-ans\/","title":{"rendered":"Seconde Guerre Mondiale : Walth\u00e8re DEWE, r\u00e9sistant des deux guerres, abattu \u00e0 Bruxelles le 14 janvier 1944 \u00e0 l\u2019\u00e2ge de 63 ans"},"content":{"rendered":"\n<p>Walth\u00e8re DEWE est n\u00e9 le 16 juillet 1880 \u00e0 Li\u00e8ge, il a particip\u00e9 en tant que r\u00e9sistant civil aux deux guerres, il a \u00e9t\u00e9 tu\u00e9 \u00e0 Bruxelles par un officier allemand au cours d\u2019une mission le 14 janvier 1944, il avait de 63 ans.<\/p>\n\n\n\n<p>Il n&rsquo;y a pas d&rsquo;\u00e2ge pour d\u00e9fendre son pays de l&rsquo;envahisseur, Walth\u00e8re en est la preuve. Si les soldats sont jeunes de par la force physique n\u00e9cessaire pour pouvoir mener \u00e0 bien les missions, tout civil apte \u00e0 combattre peut aussi participer de mani\u00e8re active \u00e0 l&rsquo;effort de guerre.<\/p>\n\n\n\n<p><strong>Walth\u00e8re Dew\u00e9<\/strong> est certainement un des plus grands r\u00e9sistants belges et europ\u00e9en, il fondit un r\u00e9seau de renseignements clandestin au cours des deux guerres mondiales :<\/p>\n\n\n\n<ul class=\"wp-block-list\">\n<li>La Dame blanche en 1916, qu\u2019il cr\u00e9a avec son ami <strong>Herman Chauvin<\/strong> sur les cendres du r\u00e9seau Lambrecht,<\/li>\n\n\n\n<li>Le r\u00e9seau Cleveland puis Clarence en 1940.<\/li>\n<\/ul>\n\n\n\n<p>Il \u00e9tait le cousin du r\u00e9sistant belge de la Premi\u00e8re Guerre mondiale <strong>Dieudonn\u00e9 Lambrecht<\/strong>, dont il avait pris la rel\u00e8ve apr\u00e8s l\u2019ex\u00e9cution de celui-ci par les Allemands le 18 avril 1916 au fort de la Chartreuse de Li\u00e8ge.<\/p>\n\n\n\n<p>D\u00e8s avant la Seconde Guerre mondiale, Walth\u00e8re Dew\u00e9 pr\u00e9pare la reprise de ses activit\u00e9s de renseignements et, en juin 1940, d\u00e8s le d\u00e9but de l\u2019occupation allemande de la Belgique, il commence son activit\u00e9 d\u2019espionnage de la Wehrmacht avec l\u2019aide de son plus proche collaborateur <strong>Hector Demarque<\/strong> dont le nom de guerre est \u00ab&nbsp;Clarence&nbsp;\u00bb. C\u2019est ce nom que Walth\u00e8re Dew\u00e9choisit pour baptiser le r\u00e9seau.<\/p>\n\n\n\n<p>La premi\u00e8re r\u00e9union du conseil de direction se tint \u00e0 Ixelles, au 41 de l\u2019Avenue de la couronne chez l\u2019une des doyennes du r\u00e9seau Dame-Blanche, <strong>Th\u00e9r\u00e8se de Radigu\u00e8s<\/strong> (75 ans). Le r\u00e9seau se r\u00e9organise sur le mod\u00e8le du r\u00e9seau de la Dame blanche de la premi\u00e8re guerre. Il est compos\u00e9 d\u2019un comit\u00e9 directeur, de neuf secteurs provinciaux, d\u2019un secteur routier et d\u2019un secteur fran\u00e7ais.<\/p>\n\n\n\n<p>Les d\u00e9buts sont difficiles parce que la jonction avec Londres n\u2019est pas ais\u00e9e \u00e0 \u00e9tablir (tant par voie terrestre que par radio). Mais, en janvier 1941, gr\u00e2ce \u00e0 des parachutages de radios-\u00e9metteurs, la liaison sera d\u00e9finitivement \u00e9tablie avec les alli\u00e9s en poste \u00e0 Londres. Le r\u00e9seau Clarence enverra 872 messages radios, 163 rapports comprenant des cartes, des croquis et des photos, 92 courriers qui \u00e9taient achemin\u00e9s vers l\u2019Angleterre via la France et l\u2019Espagne.<\/p>\n\n\n\n<p>Le 22 juillet 1941, une premi\u00e8re perquisition eut lieu au domicile des Dew\u00e9 tandis que Walth\u00e8re avait fui dans la clandestinit\u00e9. La Gestapo op\u00e8re \u00e0 nouveau chez eux en septembre et en d\u00e9cembre. Sto\u00efque, son \u00e9pouse ne laisse rien para\u00eetre. Ils repartent bredouille. Les \u00e9missions par radio deviennent de plus en plus risqu\u00e9es et les allemands utilisent la Radiogoniom\u00e9trie pour rep\u00e9rer les lieux d\u2019\u00e9mission.<\/p>\n\n\n\n<p>Le 14 janvier 1943, l\u2019\u00e9pouse de Walth\u00e8re Dew\u00e9 est terrass\u00e9e par une crise cardiaque.<\/p>\n\n\n\n<p><strong>Claude Dansey<\/strong> dira \u00e0 l\u2019issue de la guerre: \u00ab Par la qualit\u00e9 et la quantit\u00e9 des messages et documents qu\u2019il fournit, \u00ab&nbsp;Clarence&nbsp;\u00bb occupe la premi\u00e8re place parmi les r\u00e9seaux de renseignements militaire de toute l\u2019Europe occup\u00e9e. \u00bb<\/p>\n\n\n\n<p>Le 14 janvier 1944, un an, jour pour jour, apr\u00e8s le d\u00e9c\u00e8s de son \u00e9pouse et tandis que ses deux filles sont arr\u00eat\u00e9es depuis une semaine, Walth\u00e8re Dew\u00e9, qui, bien qu\u2019il se cache, a toujours des contacts \u00e0 la R\u00e9gie des T\u00e9l\u00e9phones o\u00f9 il \u00e9tait ing\u00e9nieur en chef, apprend, par un membre de son r\u00e9seau qui travaille \u00e0 la R\u00e9gie (o\u00f9 s\u2019activent des r\u00e9sistants) que l\u2019\u00e9coute des communications allemandes r\u00e9v\u00e8le que la Gestapo a intercept\u00e9 un message d\u00e9voilant l\u2019identit\u00e9 de <strong>Th\u00e9r\u00e8se de Radigu\u00e8s<\/strong>, un des membres fondateurs du r\u00e9seau Clarence.<\/p>\n\n\n\n<p>Il d\u00e9cide d\u2019aller personnellement la pr\u00e9venir pour lui demander de se mettre en s\u00e9curit\u00e9. Mais lorsqu\u2019il arrive chez elle, Avenue de la couronne, 41, dans la commune bruxelloise d\u2019Ixelles, la Gestapo est d\u00e9j\u00e0 sur place. Face aux gestapistes qui surgissent dans le salon de madame de Radigu\u00e8s, Walth\u00e8re Dew\u00e9 parvient \u00e0 les bousculer et \u00e0 fuir en courant. Au carrefour de l\u2019avenue de la Couronne et de la rue de la Brasserie, il saute dans un tram 81 qui s\u2019arr\u00eate presqu\u2019aussit\u00f4t \u00e0 cause d\u2019un feu rouge, le conducteur ignorant qu\u2019il est l\u2019agent du destin.<\/p>\n\n\n\n<p>Bondissant hors du tram immobilis\u00e9, Walth\u00e8re Dew\u00e9 se dirige alors vers la place Flagey. Mais il se trouve imm\u00e9diatement en face d\u2019un officier allemand de la Luftwaffe qui, par un pur hasard, montait la rue de la Brasserie \u00e0 pied en venant de la place Flagey. Voyant un civil aux abois qui refusait d\u2019obtemp\u00e9rer \u00e0 son ordre de s\u2019arr\u00eater, l\u2019officier fait feu.<\/p>\n\n\n\n<p>Walter Dew\u00e9 est tu\u00e9 devant le no 2 de la rue de la Brasserie. L\u2019officier est alors pris \u00e0 partie par les Gestapistes qui lui reprochent de les avoir priv\u00e9s de pouvoir interroger celui dont ils ignorent l\u2019identit\u00e9, ils ignoreront d\u2019ailleurs jusqu\u2019\u00e0 la fin de la guerre qu\u2019il s\u2019agit du dirigeant du plus important r\u00e9seau belge de renseignement des deux guerres mondiales.<\/p>\n\n\n\n<p>Priv\u00e9 de son chef, le r\u00e9seau n\u2019en continuera pas moins son action jusqu\u2019en 1944.<\/p>\n\n\n\n<p><strong>Contribution externe<\/strong><\/p>\n\n\n\n<p>Source :&nbsp;<a href=\"https:\/\/www.facebook.com\/DMemoire?__cft__[0]=AZWetCrMIumRVH7DVuAKURJBBf20B_jcm6nPKDC3Gcb5bKkCyLnaRfUvvG6YqRjc32sCE9UGqi5gcd6AamYugDUC9yCc6MG82m-d_sAWI_bKJKOZyIuUVbH2TuUb6naqqwRo3tWviEPfmN9uzFwSrtokONEQL0EsKJWRckzWPYINwojlfiUQmBfE0-dvQzRMP5dK8x3KsfpcMrlofuVIvLAE&amp;__tn__=-UC%2CP-R\" target=\"_blank\" rel=\"noreferrer noopener\"><strong>Histoire et Devoir de M\u00e9moire<\/strong><\/a><\/p>\n\n\n\n<hr class=\"wp-block-separator has-alpha-channel-opacity\"\/>\n\n\n\n<p><strong>Notes<\/strong><\/p>\n\n\n\n<blockquote class=\"wp-block-quote is-layout-flow wp-block-quote-is-layout-flow\">\n<p>Walter Dew\u00e9 a probablement eu de la chance, dans son malheur, d&rsquo;avoir \u00e9t\u00e9 abattu par cet officier allemand. Captur\u00e9 par la Gestapo, il aurait subi un interrogatoire brutal \u2013 la torture \u00e9tant syst\u00e9matiquement employ\u00e9e pour briser les r\u00e9sistants. Sa mort imm\u00e9diate l&rsquo;a \u00e9pargn\u00e9 d&rsquo;atroces s\u00e9vices, d&rsquo;une \u00e9ventuelle d\u00e9portation, d&rsquo;une ex\u00e9cution in\u00e9vitable. Sous la torture, m\u00eame les plus solides finissent par parler. Cette pratique bestiale, aussi abjecte soit-elle, s&rsquo;av\u00e8re malheureusement tr\u00e8s efficace.<\/p>\n<\/blockquote>\n\n\n\n<p><strong>R\u00e9f\u00e9rences :<\/strong><\/p>\n\n\n\n<ul class=\"wp-block-list\">\n<li><strong>Fondation Auschwitz &#8211; Bruxelles \/ Livret Dew\u00e9<\/strong>&nbsp;: \u00c9pouse crise cardiaque 14\/01\/1943 ; filles arr\u00eat\u00e9es 07\/01\/1944 ; pr\u00e9vient Th\u00e9r\u00e8se de Radigu\u00e8s (intercept\u00e9e) ; bouscule Gestapo Av. Couronne 41 Ixelles ; tram 81 \u2192 abattu Luftwaffe officier rue Brasserie 2 (place Flagey). Gestapo furieuse (identit\u00e9 inconnue jusqu&rsquo;en 1945).<\/li>\n\n\n\n<li><strong>Henri Bernard (1971)<\/strong>&nbsp;:&nbsp;Un g\u00e9ant de la R\u00e9sistance: Walth\u00e8re Dew\u00e9 : Bruxelles \/ Brussel, La Renaissance du Livre, 1971, 262 p. (consultable \u00e0 la Fondation Auschwitz &#8211; Bruxelles, r\u00e9f. 662, contact. M. Emmanuel Verschueren)<\/li>\n\n\n\n<li><strong>Belgium WWII.be<\/strong>&nbsp;: Ing\u00e9nieur T\u00e9l\u00e9phones Li\u00e8ge ; 872 messages radio, 163 rapports cartes\/photos, 92 courriers Angleterre via Espagne\/France.<\/li>\n\n\n\n<li><strong>CegeSoma \/ M\u00e9moire R\u00e9sistance<\/strong>&nbsp;: R\u00e9union fondatrice 18\/06\/1940 Ixelles (41 Av. Couronne, Th\u00e9r\u00e8se de Radigu\u00e8s 75 ans) ; 9 secteurs provinciaux + routier\/fran\u00e7ais ; liaison Londres janv. 1941 (parachutages radios).<\/li>\n\n\n\n<li><strong>MI6 Colonel Claude Dansey<\/strong>&nbsp;: \u00ab\u00a0Clarence = n\u00b01 renseignement militaire Europe occup\u00e9e\u00a0\u00bb (qualit\u00e9\/quantit\u00e9)<\/li>\n\n\n\n<li><strong>Chapelle Saint-Maurice (Li\u00e8ge)<\/strong>&nbsp;: M\u00e9morial Dew\u00e9 + statue Dame Blanche (doigt bouche = secret).<\/li>\n\n\n\n<li><strong>Archives \u00c9tat Belgique<\/strong>&nbsp;: R\u00e9gie T\u00e9l\u00e9phones (RTT), poste ing\u00e9nieur chef.<\/li>\n<\/ul>\n\n\n\n<p>Par Alain Schenkels<\/p>\n\n\n\n<figure data-wp-context=\"{&quot;imageId&quot;:&quot;69ea6876bf4d4&quot;}\" data-wp-interactive=\"core\/image\" data-wp-key=\"69ea6876bf4d4\" class=\"wp-block-image size-full is-resized wp-lightbox-container\"><img loading=\"lazy\" decoding=\"async\" width=\"728\" height=\"1006\" data-wp-class--hide=\"state.isContentHidden\" data-wp-class--show=\"state.isContentVisible\" data-wp-init=\"callbacks.setButtonStyles\" data-wp-on--click=\"actions.showLightbox\" data-wp-on--load=\"callbacks.setButtonStyles\" data-wp-on-window--resize=\"callbacks.setButtonStyles\" src=\"http:\/\/rrb.be\/rrb\/wp-content\/uploads\/2025\/12\/Alain_Schenkels-1.jpg\" alt=\"\" class=\"wp-image-329\" style=\"aspect-ratio:0.7236971484759095;width:218px;height:auto\" srcset=\"https:\/\/rrb.be\/rrb\/wp-content\/uploads\/2025\/12\/Alain_Schenkels-1.jpg 728w, https:\/\/rrb.be\/rrb\/wp-content\/uploads\/2025\/12\/Alain_Schenkels-1-217x300.jpg 217w\" sizes=\"auto, (max-width: 728px) 100vw, 728px\" \/><button\n\t\t\tclass=\"lightbox-trigger\"\n\t\t\ttype=\"button\"\n\t\t\taria-haspopup=\"dialog\"\n\t\t\taria-label=\"Enlarge\"\n\t\t\tdata-wp-init=\"callbacks.initTriggerButton\"\n\t\t\tdata-wp-on--click=\"actions.showLightbox\"\n\t\t\tdata-wp-style--right=\"state.imageButtonRight\"\n\t\t\tdata-wp-style--top=\"state.imageButtonTop\"\n\t\t>\n\t\t\t<svg xmlns=\"http:\/\/www.w3.org\/2000\/svg\" width=\"12\" height=\"12\" fill=\"none\" viewBox=\"0 0 12 12\">\n\t\t\t\t<path fill=\"#fff\" d=\"M2 0a2 2 0 0 0-2 2v2h1.5V2a.5.5 0 0 1 .5-.5h2V0H2Zm2 10.5H2a.5.5 0 0 1-.5-.5V8H0v2a2 2 0 0 0 2 2h2v-1.5ZM8 12v-1.5h2a.5.5 0 0 0 .5-.5V8H12v2a2 2 0 0 1-2 2H8Zm2-12a2 2 0 0 1 2 2v2h-1.5V2a.5.5 0 0 0-.5-.5H8V0h2Z\" \/>\n\t\t\t<\/svg>\n\t\t<\/button><\/figure>\n\n\n\n<p>Cat\u00e9gorie(s) :<\/p>\n\n\n<div class=\"taxonomy-category wp-block-post-terms\"><a href=\"https:\/\/rrb.be\/rrb\/category\/conflits-guerres\/seconde-guerre-mondiale\/resistance\/\" rel=\"tag\">R\u00e9sistance<\/a><span class=\"wp-block-post-terms__separator\">, <\/span><a href=\"https:\/\/rrb.be\/rrb\/category\/conflits-guerres\/seconde-guerre-mondiale\/\" rel=\"tag\">Seconde guerre mondiale<\/a><\/div>\n\n\n<figure class=\"wp-block-embed is-type-wp-embed is-provider-alain-schenkels wp-block-embed-alain-schenkels\"><div class=\"wp-block-embed__wrapper\">\n<blockquote class=\"wp-embedded-content\" data-secret=\"OLHtGxM46F\"><a href=\"https:\/\/rrb.be\/rrb\/seconde-guerre-mondiale\/\">Seconde Guerre Mondiale<\/a><\/blockquote><iframe loading=\"lazy\" class=\"wp-embedded-content\" sandbox=\"allow-scripts\" security=\"restricted\" style=\"position: absolute; visibility: hidden;\" title=\"\u00ab\u00a0Seconde Guerre Mondiale\u00a0\u00bb &#8212; Alain Schenkels\" src=\"https:\/\/rrb.be\/rrb\/seconde-guerre-mondiale\/embed\/#?secret=78zab4pciI#?secret=OLHtGxM46F\" data-secret=\"OLHtGxM46F\" width=\"600\" height=\"338\" frameborder=\"0\" marginwidth=\"0\" marginheight=\"0\" scrolling=\"no\"><\/iframe>\n<\/div><\/figure>\n","protected":false},"excerpt":{"rendered":"<p>Walth\u00e8re DEWE est n\u00e9 le 16 juillet 1880 \u00e0 Li\u00e8ge, il a particip\u00e9 en tant que r\u00e9sistant civil aux deux guerres, il a \u00e9t\u00e9 tu\u00e9 \u00e0 Bruxelles par un officier allemand au cours d\u2019une mission le 14 janvier 1944, il avait de 63 ans. Il n&rsquo;y a pas d&rsquo;\u00e2ge pour d\u00e9fendre son pays de l&rsquo;envahisseur, [&hellip;]<\/p>\n","protected":false},"author":1,"featured_media":1163,"parent":886,"menu_order":0,"comment_status":"closed","ping_status":"closed","template":"","meta":{"footnotes":""},"categories":[29,20],"tags":[],"class_list":["post-1162","page","type-page","status-publish","has-post-thumbnail","hentry","category-resistance","category-seconde-guerre-mondiale"],"_links":{"self":[{"href":"https:\/\/rrb.be\/rrb\/wp-json\/wp\/v2\/pages\/1162","targetHints":{"allow":["GET"]}}],"collection":[{"href":"https:\/\/rrb.be\/rrb\/wp-json\/wp\/v2\/pages"}],"about":[{"href":"https:\/\/rrb.be\/rrb\/wp-json\/wp\/v2\/types\/page"}],"author":[{"embeddable":true,"href":"https:\/\/rrb.be\/rrb\/wp-json\/wp\/v2\/users\/1"}],"replies":[{"embeddable":true,"href":"https:\/\/rrb.be\/rrb\/wp-json\/wp\/v2\/comments?post=1162"}],"version-history":[{"count":7,"href":"https:\/\/rrb.be\/rrb\/wp-json\/wp\/v2\/pages\/1162\/revisions"}],"predecessor-version":[{"id":2675,"href":"https:\/\/rrb.be\/rrb\/wp-json\/wp\/v2\/pages\/1162\/revisions\/2675"}],"up":[{"embeddable":true,"href":"https:\/\/rrb.be\/rrb\/wp-json\/wp\/v2\/pages\/886"}],"wp:featuredmedia":[{"embeddable":true,"href":"https:\/\/rrb.be\/rrb\/wp-json\/wp\/v2\/media\/1163"}],"wp:attachment":[{"href":"https:\/\/rrb.be\/rrb\/wp-json\/wp\/v2\/media?parent=1162"}],"wp:term":[{"taxonomy":"category","embeddable":true,"href":"https:\/\/rrb.be\/rrb\/wp-json\/wp\/v2\/categories?post=1162"},{"taxonomy":"post_tag","embeddable":true,"href":"https:\/\/rrb.be\/rrb\/wp-json\/wp\/v2\/tags?post=1162"}],"curies":[{"name":"wp","href":"https:\/\/api.w.org\/{rel}","templated":true}]}}