{"id":1143,"date":"2026-01-07T19:20:06","date_gmt":"2026-01-07T19:20:06","guid":{"rendered":"https:\/\/rrb.be\/rrb\/?page_id=1143"},"modified":"2026-02-08T22:09:01","modified_gmt":"2026-02-08T22:09:01","slug":"seconde-guerre-mondiale-entrainements-militaires-de-larmee-britannique-films-destines-aux-soldats-en-formation","status":"publish","type":"page","link":"https:\/\/rrb.be\/rrb\/seconde-guerre-mondiale\/seconde-guerre-mondiale-entrainements-militaires-de-larmee-britannique-films-destines-aux-soldats-en-formation\/","title":{"rendered":"Seconde Guerre Mondiale : Entra\u00eenements militaires de l\u2019arm\u00e9e britannique, films destin\u00e9s aux soldats en formation"},"content":{"rendered":"\n<h2 class=\"wp-block-heading\">Deux films :<br>1. UNARMED COMBAT \u2013 Combat \u00e0 mains nues<\/h2>\n\n\n\n<figure data-wp-context=\"{&quot;imageId&quot;:&quot;69ea7de06900b&quot;}\" data-wp-interactive=\"core\/image\" data-wp-key=\"69ea7de06900b\" class=\"wp-block-image size-full is-resized wp-lightbox-container\"><img loading=\"lazy\" decoding=\"async\" width=\"720\" height=\"548\" data-wp-class--hide=\"state.isContentHidden\" data-wp-class--show=\"state.isContentVisible\" data-wp-init=\"callbacks.setButtonStyles\" data-wp-on--click=\"actions.showLightbox\" data-wp-on--load=\"callbacks.setButtonStyles\" data-wp-on-window--resize=\"callbacks.setButtonStyles\" src=\"https:\/\/rrb.be\/rrb\/wp-content\/uploads\/2026\/01\/UNARMED-COMBAT-Combat-a-mains-nues-1.jpg\" alt=\"\" class=\"wp-image-1145\" style=\"width:288px;height:auto\" srcset=\"https:\/\/rrb.be\/rrb\/wp-content\/uploads\/2026\/01\/UNARMED-COMBAT-Combat-a-mains-nues-1.jpg 720w, https:\/\/rrb.be\/rrb\/wp-content\/uploads\/2026\/01\/UNARMED-COMBAT-Combat-a-mains-nues-1-300x228.jpg 300w\" sizes=\"auto, (max-width: 720px) 100vw, 720px\" \/><button\n\t\t\tclass=\"lightbox-trigger\"\n\t\t\ttype=\"button\"\n\t\t\taria-haspopup=\"dialog\"\n\t\t\taria-label=\"Enlarge\"\n\t\t\tdata-wp-init=\"callbacks.initTriggerButton\"\n\t\t\tdata-wp-on--click=\"actions.showLightbox\"\n\t\t\tdata-wp-style--right=\"state.imageButtonRight\"\n\t\t\tdata-wp-style--top=\"state.imageButtonTop\"\n\t\t>\n\t\t\t<svg xmlns=\"http:\/\/www.w3.org\/2000\/svg\" width=\"12\" height=\"12\" fill=\"none\" viewBox=\"0 0 12 12\">\n\t\t\t\t<path fill=\"#fff\" d=\"M2 0a2 2 0 0 0-2 2v2h1.5V2a.5.5 0 0 1 .5-.5h2V0H2Zm2 10.5H2a.5.5 0 0 1-.5-.5V8H0v2a2 2 0 0 0 2 2h2v-1.5ZM8 12v-1.5h2a.5.5 0 0 0 .5-.5V8H12v2a2 2 0 0 1-2 2H8Zm2-12a2 2 0 0 1 2 2v2h-1.5V2a.5.5 0 0 0-.5-.5H8V0h2Z\" \/>\n\t\t\t<\/svg>\n\t\t<\/button><\/figure>\n\n\n\n<p>Le combat \u00e0 mains nues (ou \u00ab\u202funarmed combat\u202f\u00bb en anglais) d\u00e9signe un ensemble de techniques de combat rapproch\u00e9 d\u00e9velopp\u00e9es et perfectionn\u00e9es durant la Seconde Guerre mondiale pour permettre aux soldats de survivre s\u2019ils perdaient leur arme principale.<\/p>\n\n\n\n<p>Ces techniques, souvent appel\u00e9es \u00ab\u202fWW2 Combatives\u202f\u00bb, privil\u00e9gient l\u2019efficacit\u00e9, la simplicit\u00e9 et la rapidit\u00e9, avec pour objectif principal de neutraliser rapidement et de mani\u00e8re d\u00e9cisive un adversaire dans des situations de vie ou de mort.<\/p>\n\n\n\n<p>Le syst\u00e8me britannique a \u00e9t\u00e9 con\u00e7u par le lieutenant-colonel William E. Fairbairn et le sergent Eric A. Sykes, tous deux anciens policiers \u00e0 Shanghai, une ville r\u00e9put\u00e9e dangereuse \u00e0 l\u2019\u00e9poque. Leur exp\u00e9rience dans la gestion de situations violentes et impr\u00e9visibles a permis de cr\u00e9er un programme de formation adapt\u00e9 \u00e0 tous les soldats, quel que soit leur gabarit ou leur exp\u00e9rience pr\u00e9alable. Ces m\u00e9thodes int\u00e8grent des \u00e9l\u00e9ments de jujutsu, de boxe, de lutte et de maniement du couteau.<\/p>\n\n\n\n<p>Parmi les techniques embl\u00e9matiques du combat \u00e0 mains nues de la Seconde Guerre mondiale, on retrouve:<\/p>\n\n\n\n<ul class=\"wp-block-list\">\n<li><strong>Chin jab (coup de paume au menton)<\/strong>&nbsp;: Un coup de paume dirig\u00e9 vers le menton ou le visage, visant \u00e0 d\u00e9s\u00e9quilibrer, assommer ou m\u00eame tuer l\u2019adversaire en projetant violemment sa t\u00eate en arri\u00e8re<\/li>\n\n\n\n<li><strong>Edge of hand blow (coup tranchant de la main)<\/strong>&nbsp;: Un coup rapide et fouett\u00e9 avec le tranchant de la main, efficace pour frapper la t\u00eate, le cou ou les avant-bras de l\u2019ennemi<\/li>\n\n\n\n<li><strong>Tiger claw (coup de paume griff\u00e9e)<\/strong>&nbsp;: Variante du coup de paume, visant \u00e0 griffer les yeux tout en frappant le visage<\/li>\n\n\n\n<li><strong>Stomp kick (coup de pied \u00e9crasant)<\/strong>&nbsp;: Coup de pied bref et puissant dirig\u00e9 vers le genou ou le tibia, difficile \u00e0 bloquer car il vient du bas<\/li>\n\n\n\n<li><strong>Cl\u00e9 de poignet, cl\u00e9 de coude, \u00e9tranglements<\/strong>&nbsp;: Techniques de contr\u00f4le et de neutralisation inspir\u00e9es du jujutsu et du judo, permettant de forcer l\u2019adversaire au sol ou de le d\u00e9sarmer<\/li>\n<\/ul>\n\n\n\n<h2 class=\"wp-block-heading\"><strong>Philosophie et utilisation<\/strong><\/h2>\n\n\n\n<p>Le syst\u00e8me est con\u00e7u pour \u00eatre appris rapidement, souvent en quelques semaines, et ne n\u00e9cessite aucune aptitude physique particuli\u00e8re. L\u2019accent est mis sur l\u2019agressivit\u00e9, l\u2019attaque pr\u00e9ventive et la brutalit\u00e9, car ces techniques sont destin\u00e9es \u00e0 \u00eatre utilis\u00e9es en dernier recours, lorsque la vie du soldat est en jeu.&nbsp;Contrairement aux arts martiaux traditionnels, il n\u2019y a ni comp\u00e9tition, ni rituels, ni gradation\u202f: seul compte le r\u00e9sultat sur le terrain.<\/p>\n\n\n\n<h2 class=\"wp-block-heading\">Conclusion<\/h2>\n\n\n\n<p>Le combat \u00e0 mains nues de la Seconde Guerre mondiale est un syst\u00e8me pragmatique et l\u00e9tal, con\u00e7u pour donner \u00e0 chaque soldat les moyens de survivre et de vaincre en situation extr\u00eame, en utilisant des techniques simples, directes et redoutablement efficaces permettant de capturer ou de tuer l\u2019adversaire.<\/p>\n\n\n\n<h2 class=\"wp-block-heading\">Extrait du film<\/h2>\n\n\n\n<figure class=\"wp-block-video\"><video controls src=\"https:\/\/www.rrb.be\/Combat-a-mains-nues.mp4\"><\/video><\/figure>\n\n\n\n<h2 class=\"wp-block-heading\">Film complet<\/h2>\n\n\n\n<p>Un film d\u2019instruction militaire mettant en sc\u00e8ne trois membres de la Home Guard d\u00e9couvrant des op\u00e9rateurs radio allemands et montrant comment ils les ont neutralis\u00e9s. La seconde partie du film est didactique et pr\u00e9sente des m\u00e9thodes d\u2019attaque et de d\u00e9fense, illustrant comment un homme non arm\u00e9 peut affronter efficacement l\u2019ennemi.<\/p>\n\n\n\n<p><strong>Bobine 1 :<\/strong><br>Trois membres de la Home Guard remarquent qu\u2019une maison abandonn\u00e9e est \u00e9clair\u00e9e. L\u2019un d\u2019eux reste pour surveiller la porte arri\u00e8re tandis que les deux autres vont enqu\u00eater sur la raison pour laquelle les occupants ne respectent pas le black-out. L\u2019homme dans la maison insiste sur le fait qu\u2019il est belge. Pendant qu\u2019il quitte la pi\u00e8ce pour aller chercher ses papiers, les membres de la Home Guard fouillent sa veste et d\u00e9couvrent qu\u2019il est allemand. Ils fouillent la maison et trouvent le \u00ab\u202fBelge\u202f\u00bb ainsi que deux autres Allemands utilisant une radio. Les membres de la Home Guard n\u2019ont pas de munitions et commencent \u00e0 se battre. Ils sont ma\u00eetris\u00e9s et tu\u00e9s. Celui qui surveillait la porte arri\u00e8re est \u00e9galement \u00e9limin\u00e9. On entend alors le bruit d\u2019avions, des parachutes descendent et les nazis envahissent.<\/p>\n\n\n\n<figure class=\"wp-block-image size-full\"><img loading=\"lazy\" decoding=\"async\" width=\"474\" height=\"360\" src=\"https:\/\/rrb.be\/rrb\/wp-content\/uploads\/2026\/01\/UNARMED-COMBAT-Combat-a-mains-nues-2.jpg\" alt=\"\" class=\"wp-image-1146\" srcset=\"https:\/\/rrb.be\/rrb\/wp-content\/uploads\/2026\/01\/UNARMED-COMBAT-Combat-a-mains-nues-2.jpg 474w, https:\/\/rrb.be\/rrb\/wp-content\/uploads\/2026\/01\/UNARMED-COMBAT-Combat-a-mains-nues-2-300x228.jpg 300w\" sizes=\"auto, (max-width: 474px) 100vw, 474px\" \/><\/figure>\n\n\n\n<p><strong>Bobine 2 :<\/strong><br>Les erreurs commises par la Home Guard lors de l\u2019attaque sont mises en \u00e9vidence \u00e0 travers une rediffusion de la sc\u00e8ne pr\u00e9c\u00e9dente. Les points vuln\u00e9rables du corps sont indiqu\u00e9s, \u00e0 savoir : l\u2019aine (zone g\u00e9nitale), le menton, l\u2019avant-bras et le haut du bras, le dos et le c\u00f4t\u00e9 du cou, les reins, la base de la colonne vert\u00e9brale, la pomme d\u2019Adam, le tibia et le dessus du pied. Un acteur v\u00eatu d\u2019un uniforme allemand fait face \u00e0 un soldat anglais, et toutes les techniques possibles de combat \u00e0 mains nues sont pr\u00e9sent\u00e9es de mani\u00e8re lente, statique et d\u00e9taill\u00e9e. Sont inclus : l\u2019utilisation du casque allemand comme arme ; la torsion du petit doigt ; beaucoup d\u2019attention port\u00e9e \u00e0 l\u2019aine ; la prise d\u2019\u00e9tranglement japonaise ; l\u2019esquive des coups de poing ; la d\u00e9fense contre fusil\/ba\u00efonnette ; comment r\u00e9agir lors d\u2019une menace de c\u00f4t\u00e9, de dos ou de face (montage) et comment d\u00e9sarmer une sentinelle.<\/p>\n\n\n\n<figure class=\"wp-block-image size-full\"><img loading=\"lazy\" decoding=\"async\" width=\"474\" height=\"360\" src=\"https:\/\/rrb.be\/rrb\/wp-content\/uploads\/2026\/01\/UNARMED-COMBAT-Combat-a-mains-nues-3.jpg\" alt=\"\" class=\"wp-image-1147\" srcset=\"https:\/\/rrb.be\/rrb\/wp-content\/uploads\/2026\/01\/UNARMED-COMBAT-Combat-a-mains-nues-3.jpg 474w, https:\/\/rrb.be\/rrb\/wp-content\/uploads\/2026\/01\/UNARMED-COMBAT-Combat-a-mains-nues-3-300x228.jpg 300w\" sizes=\"auto, (max-width: 474px) 100vw, 474px\" \/><\/figure>\n\n\n\n<p><strong>Bobine 3 :<\/strong><br>La prise dite des menottes ; attacher un prisonnier avec pas moins de sept yards (environ six m\u00e8tres et demi) de corde. Rappel de la n\u00e9cessit\u00e9 de ma\u00eetriser le combat \u00e0 mains nues, aussi bien sur le territoire national qu\u2019\u00e0 l\u2019\u00e9tranger. Une dramatique met en sc\u00e8ne des soldats anglais d\u00e9barquant en France occup\u00e9e pour capturer un QG nazi. En appliquant les principes de la section didactique de la bobine 2, les Anglais se d\u00e9fendent et d\u00e9fendent leur pays contre les Allemands : ils ligotent la sentinelle, font prisonniers les officiers allemands et tracent un \u00ab\u202fV\u202f\u00bb de la victoire sur la porte du QG. Une invasion possible (c\u2019est ce dont discutaient les Allemands avant d\u2019\u00eatre captur\u00e9s) est ainsi \u00e9vit\u00e9e gr\u00e2ce aux techniques de combat \u00e0 mains nues.<\/p>\n\n\n\n<figure class=\"wp-block-image size-full\"><img loading=\"lazy\" decoding=\"async\" width=\"474\" height=\"360\" src=\"https:\/\/rrb.be\/rrb\/wp-content\/uploads\/2026\/01\/UNARMED-COMBAT-Combat-a-mains-nues-4.jpg\" alt=\"\" class=\"wp-image-1148\" srcset=\"https:\/\/rrb.be\/rrb\/wp-content\/uploads\/2026\/01\/UNARMED-COMBAT-Combat-a-mains-nues-4.jpg 474w, https:\/\/rrb.be\/rrb\/wp-content\/uploads\/2026\/01\/UNARMED-COMBAT-Combat-a-mains-nues-4-300x228.jpg 300w\" sizes=\"auto, (max-width: 474px) 100vw, 474px\" \/><\/figure>\n\n\n\n<h2 class=\"wp-block-heading\">Imperial War Museums<\/h2>\n\n\n\n<p>Les trois bobines peuvent \u00eatre visualis\u00e9es et t\u00e9l\u00e9charg\u00e9es gratuitement en&nbsp;<a href=\"https:\/\/film.iwmcollections.org.uk\/record\/1984\/media_id\/13327\" target=\"_blank\" rel=\"noreferrer noopener\">cliquant ICI<\/a><\/p>\n\n\n\n<hr class=\"wp-block-separator has-alpha-channel-opacity\"\/>\n\n\n\n<h2 class=\"wp-block-heading\">2. Kill or be killed \u2013 Tuer ou \u00eatre tu\u00e9<\/h2>\n\n\n\n<p><strong>Programme de formation destin\u00e9 aux soldats britanniques, les erreurs \u00e0 ne pas commettre.<\/strong><\/p>\n\n\n\n<figure class=\"wp-block-image size-full\"><img loading=\"lazy\" decoding=\"async\" width=\"720\" height=\"548\" src=\"https:\/\/rrb.be\/rrb\/wp-content\/uploads\/2026\/01\/Tuer-ou-etre-tue-entete-sommaire.jpg\" alt=\"\" class=\"wp-image-1149\" srcset=\"https:\/\/rrb.be\/rrb\/wp-content\/uploads\/2026\/01\/Tuer-ou-etre-tue-entete-sommaire.jpg 720w, https:\/\/rrb.be\/rrb\/wp-content\/uploads\/2026\/01\/Tuer-ou-etre-tue-entete-sommaire-300x228.jpg 300w\" sizes=\"auto, (max-width: 720px) 100vw, 720px\" \/><figcaption class=\"wp-element-caption\">Embuscade : Leurre du cadavre Allemand pour attirer et liquider d\u2019autres soldats Allemands<\/figcaption><\/figure>\n\n\n\n<p>Une rencontre sc\u00e9naris\u00e9e entre un tireur d\u2019\u00e9lite britannique et des soldats allemands, film\u00e9e pour un film d\u2019instruction en 1942. Le film produit par le gouvernement, intitul\u00e9 \u00ab\u202fTuer ou \u00eatre tu\u00e9\u202f\u00bb, suit un tireur d\u2019\u00e9lite qui attire des soldats allemands dans une embuscade, afin de les \u00e9liminer.<\/p>\n\n\n\n<p>Un tireur d\u2019\u00e9lite allemand manque de peu un sergent britannique, qui d\u00e9cide alors de traquer l\u2019Allemand ; ils se poursuivent mutuellement \u00e0 travers les bois, commettant et \u00e9vitant tour \u00e0 tour des erreurs classiques de techniques de terrain (camouflage incorrect, se d\u00e9couper sur la ligne d\u2019horizon, casser des brindilles, refl\u00e9ter la lumi\u00e8re du soleil sur les lunettes). Finalement, le Britannique parvient \u00e0 pousser l\u2019Allemand \u00e0 r\u00e9v\u00e9ler sa position, puis le prend \u00e0 revers et le tue.<\/p>\n\n\n\n<p>Le sergent installe ensuite le corps de l\u2019Allemand comme leurre, puis se cache derri\u00e8re un \u00e9cran de branches coup\u00e9es pour organiser une embuscade. Il attend patiemment l\u2019arriv\u00e9e d\u2019autres Allemands, une patrouille de cinq soldats Allemands d\u00e9couvrent leur camarade, notre sergent ouvre le feu et abat les cinq soldats Allemands.<\/p>\n\n\n\n<p>Explications, extrait du film :<\/p>\n\n\n\n<figure class=\"wp-block-video\"><video controls src=\"https:\/\/www.rrb.be\/KILL-OR-BE-KILLED-courte-version.mp4\"><\/video><\/figure>\n\n\n\n<p>Acc\u00e8s gratuit au film complet :<\/p>\n\n\n\n<p><a href=\"https:\/\/film.iwmcollections.org.uk\/record\/313\" target=\"_blank\" rel=\"noreferrer noopener\">Acc\u00e9dez gratuitement au film complet d\u2019une dur\u00e9e de 18:03, en anglais mais compr\u00e9hensible pour toute personne ayant des bases en anglais<\/a><\/p>\n\n\n\n<figure class=\"wp-block-image size-full\"><img loading=\"lazy\" decoding=\"async\" width=\"474\" height=\"360\" src=\"https:\/\/rrb.be\/rrb\/wp-content\/uploads\/2026\/01\/KILL-OR-BE-KILLED-photo-extrait-film-sergent-americain.jpg\" alt=\"\" class=\"wp-image-1150\" srcset=\"https:\/\/rrb.be\/rrb\/wp-content\/uploads\/2026\/01\/KILL-OR-BE-KILLED-photo-extrait-film-sergent-americain.jpg 474w, https:\/\/rrb.be\/rrb\/wp-content\/uploads\/2026\/01\/KILL-OR-BE-KILLED-photo-extrait-film-sergent-americain-300x228.jpg 300w\" sizes=\"auto, (max-width: 474px) 100vw, 474px\" \/><\/figure>\n\n\n\n<h2 class=\"wp-block-heading\">Et de nos jours \u2026<\/h2>\n\n\n\n<p>Ce type de pratique, refl\u00e8te les standards et les m\u00e9thodes d\u2019entra\u00eenement militaires de l\u2019\u00e9poque, dans un contexte o\u00f9 la survie et la victoire sur le terrain \u00e9taient consid\u00e9r\u00e9es comme prioritaires.<\/p>\n\n\n\n<p>Cependant, le droit international humanitaire tel qu\u2019il est appliqu\u00e9 aujourd\u2019hui condamne ce genre de pratique. Les Conventions de Gen\u00e8ve de 1949, qui sont post\u00e9rieures \u00e0 la Seconde Guerre mondiale, exigent le respect des morts et interdisent leur utilisation \u00e0 des fins militaires ou de d\u00e9gradation. \u00c0 l\u2019\u00e9poque de la production du film, il n\u2019existait pas de cadre juridique aussi strict, et certaines pratiques aujourd\u2019hui consid\u00e9r\u00e9es comme criminelles \u00e9taient parfois enseign\u00e9es ou tol\u00e9r\u00e9es dans les arm\u00e9es.<\/p>\n\n\n\n<p>Le film \u00ab\u202fTuer ou \u00eatre tu\u00e9\u202f\u00bb montre bien l\u2019utilisation d\u2019un cadavre ennemi comme leurre dans une embuscade, ce qui \u00e9tait enseign\u00e9 par l\u2019arm\u00e9e britannique pendant la Seconde Guerre mondiale, mais cette pratique serait aujourd\u2019hui consid\u00e9r\u00e9e comme une violation du droit international humanitaire.<\/p>\n\n\n\n<p>Le DIH estime le devoir de respecter et de prot\u00e9ger les morts, qu\u2019ils soient amis ou ennemis, et interdisent express\u00e9ment tout traitement d\u00e9gradant, humiliant ou instrumental des d\u00e9pouilles.<\/p>\n\n\n\n<h2 class=\"wp-block-heading\">Mon avis<\/h2>\n\n\n\n<p>Le DIH \u00e9voque une \u00ab atteinte \u00e0 la dignit\u00e9 humaine qui peut \u00eatre qualifi\u00e9e de crime de guerre \u00bb.<\/p>\n\n\n\n<blockquote class=\"wp-block-quote is-layout-flow wp-block-quote-is-layout-flow\">\n<p><strong>Mon positionnement<\/strong><em>&nbsp;: Tuer l&rsquo;ennemi = l\u00e9gal. Utiliser son corps comme app\u00e2t 24h pour sauver 5 camarades =&nbsp;<\/em><strong>ruse, pas un sacril\u00e8ge<\/strong><em>. Le DIH post-1945 id\u00e9alis\u00e9 ignore la r\u00e9alit\u00e9 : en 1942, chaque soldat britannique comptait. Les Allemands faisaient pire (Malmedy).&nbsp;<\/em><strong>Les lois s&rsquo;appliquent, mais la guerre reste la guerre.<\/strong><\/p>\n<\/blockquote>\n\n\n\n<p><em>Un soldat ennemi vivant, le DIH permet de ne pas respecter son corps en lui trouant la peau, mais un soldat ennemi mort, le DIH rend obligatoire de respecter son corps, on ne peut pas l\u2019utiliser comme app\u00e2t, c\u2019est un crime de guerre, soit !<\/em><\/p>\n\n\n\n<p>Je suis d\u2019accord pour dire qu\u2019il faut respecter l\u2019ennemi dans sa mort. Toutefois, utiliser un cadavre ennemi comme leurre afin de vaincre d\u2019autres ennemis, comme c\u2019est montr\u00e9 dans la vid\u00e9o, me semble une tactique militaire parfaitement logique et strat\u00e9gique.<\/p>\n\n\n\n<p>La condamnation d\u2019un crime de guerre commis sur un homme vivant est n\u00e9cessaire et indispensable, car elle prot\u00e8ge la dignit\u00e9 humaine. Dans le cas qui nous occupe, il s\u2019agit d\u2019un homme d\u00e9j\u00e0 mort, tu\u00e9 lors d\u2019un combat loyal. En quoi cet acte s\u2019apparente-t-il \u00e0 un crime de guerre ? Il ne s\u2019agit m\u00eame pas de d\u00e9truire le cadavre, mais simplement de le mettre en avant pour attirer l\u2019ennemi. Rien n\u2019emp\u00eache, par la suite, de proc\u00e9der \u00e0 son inhumation, conform\u00e9ment \u00e0 l\u2019article 17 de la Convention de Gen\u00e8ve de 1949 qui pr\u00e9cise que les morts doivent \u00eatre enterr\u00e9s honorablement.<\/p>\n\n\n\n<blockquote class=\"wp-block-quote is-layout-flow wp-block-quote-is-layout-flow\">\n<p>Mais quoi qu\u2019on en pense, les lois de la guerre, telles que d\u00e9finies par le DIH, doivent \u00eatre respect\u00e9es par les bellig\u00e9rants. M\u00eame si certaines de ces r\u00e8gles peuvent para\u00eetre discutables, les soldats doivent s\u2019y conformer.<\/p>\n<\/blockquote>\n\n\n\n<h2 class=\"wp-block-heading\">R\u00e9f\u00e9rences DIH<\/h2>\n\n\n\n<ul class=\"wp-block-list\">\n<li>Conv. Gen\u00e8ve I (1949), art. 17&nbsp;: \u00ab\u00a0Morts honorablement enterr\u00e9s\u00a0\u00bb.<\/li>\n\n\n\n<li>Protocole I (1977), art. 34&nbsp;: \u00ab\u00a0Utilisation d\u00e9gradante d\u00e9pouilles = interdit\u00a0\u00bb.<\/li>\n<\/ul>\n\n\n\n<p>Photographies et films :<\/p>\n\n\n\n<ul class=\"wp-block-list\">\n<li>Source :&nbsp;<a href=\"https:\/\/www.iwm.org.uk\/\" target=\"_blank\" rel=\"noreferrer noopener\">Imperial War Museum London<\/a><\/li>\n<\/ul>\n\n\n\n<p>Par Alain Schenkels<\/p>\n\n\n\n<figure data-wp-context=\"{&quot;imageId&quot;:&quot;69ea7de069d34&quot;}\" data-wp-interactive=\"core\/image\" data-wp-key=\"69ea7de069d34\" class=\"wp-block-image size-full is-resized wp-lightbox-container\"><img loading=\"lazy\" decoding=\"async\" width=\"728\" height=\"1006\" data-wp-class--hide=\"state.isContentHidden\" data-wp-class--show=\"state.isContentVisible\" data-wp-init=\"callbacks.setButtonStyles\" data-wp-on--click=\"actions.showLightbox\" data-wp-on--load=\"callbacks.setButtonStyles\" data-wp-on-window--resize=\"callbacks.setButtonStyles\" src=\"http:\/\/rrb.be\/rrb\/wp-content\/uploads\/2025\/12\/Alain_Schenkels-1.jpg\" alt=\"\" class=\"wp-image-329\" style=\"width:256px;height:auto\" srcset=\"https:\/\/rrb.be\/rrb\/wp-content\/uploads\/2025\/12\/Alain_Schenkels-1.jpg 728w, https:\/\/rrb.be\/rrb\/wp-content\/uploads\/2025\/12\/Alain_Schenkels-1-217x300.jpg 217w\" sizes=\"auto, (max-width: 728px) 100vw, 728px\" \/><button\n\t\t\tclass=\"lightbox-trigger\"\n\t\t\ttype=\"button\"\n\t\t\taria-haspopup=\"dialog\"\n\t\t\taria-label=\"Enlarge\"\n\t\t\tdata-wp-init=\"callbacks.initTriggerButton\"\n\t\t\tdata-wp-on--click=\"actions.showLightbox\"\n\t\t\tdata-wp-style--right=\"state.imageButtonRight\"\n\t\t\tdata-wp-style--top=\"state.imageButtonTop\"\n\t\t>\n\t\t\t<svg xmlns=\"http:\/\/www.w3.org\/2000\/svg\" width=\"12\" height=\"12\" fill=\"none\" viewBox=\"0 0 12 12\">\n\t\t\t\t<path fill=\"#fff\" d=\"M2 0a2 2 0 0 0-2 2v2h1.5V2a.5.5 0 0 1 .5-.5h2V0H2Zm2 10.5H2a.5.5 0 0 1-.5-.5V8H0v2a2 2 0 0 0 2 2h2v-1.5ZM8 12v-1.5h2a.5.5 0 0 0 .5-.5V8H12v2a2 2 0 0 1-2 2H8Zm2-12a2 2 0 0 1 2 2v2h-1.5V2a.5.5 0 0 0-.5-.5H8V0h2Z\" \/>\n\t\t\t<\/svg>\n\t\t<\/button><\/figure>\n\n\n\n<p>Cat\u00e9gorie(e)s :<\/p>\n\n\n<div class=\"taxonomy-category wp-block-post-terms\"><a href=\"https:\/\/rrb.be\/rrb\/category\/conflits-guerres\/seconde-guerre-mondiale\/histoires-de-soldats-et-de-guerre\/\" rel=\"tag\">Histoires de soldats et de guerre<\/a><span class=\"wp-block-post-terms__separator\">, <\/span><a href=\"https:\/\/rrb.be\/rrb\/category\/conflits-guerres\/seconde-guerre-mondiale\/\" rel=\"tag\">Seconde guerre mondiale<\/a><\/div>\n\n\n<figure class=\"wp-block-embed is-type-wp-embed is-provider-alain-schenkels wp-block-embed-alain-schenkels\"><div class=\"wp-block-embed__wrapper\">\n<blockquote class=\"wp-embedded-content\" data-secret=\"wkVENN5694\"><a href=\"https:\/\/rrb.be\/rrb\/seconde-guerre-mondiale\/\">Seconde Guerre Mondiale<\/a><\/blockquote><iframe loading=\"lazy\" class=\"wp-embedded-content\" sandbox=\"allow-scripts\" security=\"restricted\" style=\"position: absolute; visibility: hidden;\" title=\"\u00ab\u00a0Seconde Guerre Mondiale\u00a0\u00bb &#8212; Alain Schenkels\" src=\"https:\/\/rrb.be\/rrb\/seconde-guerre-mondiale\/embed\/#?secret=MrjpOHZIEX#?secret=wkVENN5694\" data-secret=\"wkVENN5694\" width=\"600\" height=\"338\" frameborder=\"0\" marginwidth=\"0\" marginheight=\"0\" scrolling=\"no\"><\/iframe>\n<\/div><\/figure>\n","protected":false},"excerpt":{"rendered":"<p>Deux films :1. UNARMED COMBAT \u2013 Combat \u00e0 mains nues Le combat \u00e0 mains nues (ou \u00ab\u202funarmed combat\u202f\u00bb en anglais) d\u00e9signe un ensemble de techniques de combat rapproch\u00e9 d\u00e9velopp\u00e9es et perfectionn\u00e9es durant la Seconde Guerre mondiale pour permettre aux soldats de survivre s\u2019ils perdaient leur arme principale. Ces techniques, souvent appel\u00e9es \u00ab\u202fWW2 Combatives\u202f\u00bb, privil\u00e9gient l\u2019efficacit\u00e9, [&hellip;]<\/p>\n","protected":false},"author":1,"featured_media":1144,"parent":886,"menu_order":0,"comment_status":"closed","ping_status":"closed","template":"","meta":{"footnotes":""},"categories":[31,20],"tags":[],"class_list":["post-1143","page","type-page","status-publish","has-post-thumbnail","hentry","category-histoires-de-soldats-et-de-guerre","category-seconde-guerre-mondiale"],"_links":{"self":[{"href":"https:\/\/rrb.be\/rrb\/wp-json\/wp\/v2\/pages\/1143","targetHints":{"allow":["GET"]}}],"collection":[{"href":"https:\/\/rrb.be\/rrb\/wp-json\/wp\/v2\/pages"}],"about":[{"href":"https:\/\/rrb.be\/rrb\/wp-json\/wp\/v2\/types\/page"}],"author":[{"embeddable":true,"href":"https:\/\/rrb.be\/rrb\/wp-json\/wp\/v2\/users\/1"}],"replies":[{"embeddable":true,"href":"https:\/\/rrb.be\/rrb\/wp-json\/wp\/v2\/comments?post=1143"}],"version-history":[{"count":9,"href":"https:\/\/rrb.be\/rrb\/wp-json\/wp\/v2\/pages\/1143\/revisions"}],"predecessor-version":[{"id":2653,"href":"https:\/\/rrb.be\/rrb\/wp-json\/wp\/v2\/pages\/1143\/revisions\/2653"}],"up":[{"embeddable":true,"href":"https:\/\/rrb.be\/rrb\/wp-json\/wp\/v2\/pages\/886"}],"wp:featuredmedia":[{"embeddable":true,"href":"https:\/\/rrb.be\/rrb\/wp-json\/wp\/v2\/media\/1144"}],"wp:attachment":[{"href":"https:\/\/rrb.be\/rrb\/wp-json\/wp\/v2\/media?parent=1143"}],"wp:term":[{"taxonomy":"category","embeddable":true,"href":"https:\/\/rrb.be\/rrb\/wp-json\/wp\/v2\/categories?post=1143"},{"taxonomy":"post_tag","embeddable":true,"href":"https:\/\/rrb.be\/rrb\/wp-json\/wp\/v2\/tags?post=1143"}],"curies":[{"name":"wp","href":"https:\/\/api.w.org\/{rel}","templated":true}]}}