{"id":1094,"date":"2026-01-07T16:51:13","date_gmt":"2026-01-07T16:51:13","guid":{"rendered":"https:\/\/rrb.be\/rrb\/?page_id=1094"},"modified":"2026-02-08T22:09:18","modified_gmt":"2026-02-08T22:09:18","slug":"seconde-guerre-mondiale-sergent-eric-richomme-ingenieur-de-vol-de-la-raf-tue-le-28-juin-1944-a-lage-de-20-ans","status":"publish","type":"page","link":"https:\/\/rrb.be\/rrb\/seconde-guerre-mondiale\/seconde-guerre-mondiale-sergent-eric-richomme-ingenieur-de-vol-de-la-raf-tue-le-28-juin-1944-a-lage-de-20-ans\/","title":{"rendered":"Seconde Guerre Mondiale : Sergent Eric Richomme ing\u00e9nieur de vol de la RAF, tu\u00e9 le 28 juin 1944 \u00e0 l\u2019\u00e2ge de 20 ans"},"content":{"rendered":"\n<p>En juin 1944, l\u2019aviation alli\u00e9e, domin\u00e9e par la RAF Bomber Command, menait des op\u00e9rations intensives de bombardement strat\u00e9gique contre l\u2019Allemagne et les infrastructures occup\u00e9es en France, dans le cadre de la pr\u00e9paration au d\u00e9barquement de Normandie du 6 juin. Les bombardiers lourds Avro Lancaster comme le JB664 effectuaient des missions nocturnes de longue port\u00e9e, larguant des bombes explosives et incendiaires sur des cibles industrielles ou militaires, souvent escort\u00e9s par des chasseurs pour contrer la Luftwaffe affaiblie.<\/p>\n\n\n\n<p>Le sergent Eric Richomme est n\u00e9 en 1924 \u00e0 Saint-Laurent, Jersey, dans les \u00eeles Anglo-Normandes. Son avion a \u00e9t\u00e9 abattu le 28 juin 1944 ; il est mort \u00e0 l\u2019\u00e2ge de 20 ans. WWII :&nbsp;sergent, ing\u00e9nieur de vol au sein d\u2019un bombardier Lancaster de la RAF. Il a d\u00e9but\u00e9 ses op\u00e9rations de vol le 27 juin 1944 et est mort d\u00e8s le lendemain lors du crash de son appareil. Il \u00e9tait le fils de Philip Albert et Gertrude Maud Richomme.<\/p>\n\n\n\n<p>L\u2019ing\u00e9nieur de vol* de la RAF, Eric Philip Richomme, a \u00e9t\u00e9 tu\u00e9 \u00e0 l\u2019\u00e2ge de 20 ans, le 28 juin 1944, lorsque son bombardier Lancaster JB664 a \u00e9t\u00e9 abattu pr\u00e8s du village fran\u00e7ais de Bransles. Plus de 80 ans plus tard, ses proches se sont rendus en France pour participer \u00e0 des c\u00e9r\u00e9monies comm\u00e9moratives en m\u00e9moire de ceux qui sont morts cette nuit-l\u00e0 et qui ont \u00e9t\u00e9 enterr\u00e9s \u00e0 Bransles.<\/p>\n\n\n\n<p>Eric avait quitt\u00e9 Jersey \u00e0 l\u2019\u00e2ge de 16 ans, pendant l\u2019Occupation, pour rejoindre la RAF. Malheureusement, sa famille apprit sa mort par une lettre expliquant que l\u2019information n\u2019avait pas \u00e9t\u00e9 transmise plus t\u00f4t, car on craignait que des membres de la famille d\u2019Eric, rest\u00e9s \u00e0 Jersey sous occupation nazie, ne subissent des repr\u00e9sailles.<\/p>\n\n\n\n<p>Plus t\u00f4t cette ann\u00e9e (2025), la famille a \u00e9t\u00e9 contact\u00e9e par des responsables municipaux de Bransles, qui les ont inform\u00e9s de l\u2019organisation d\u2019un week-end de comm\u00e9morations en ao\u00fbt. Celui-ci comprenait une visite au cimeti\u00e8re, une r\u00e9ception officielle offerte par le maire et le d\u00e9voilement d\u2019une plaque comm\u00e9morative.<\/p>\n\n\n\n<blockquote class=\"wp-block-quote is-layout-flow wp-block-quote-is-layout-flow\">\n<p><em><em>\u00ab\u202fC\u2019est merveilleux que cela ait lieu pour honorer la m\u00e9moire de notre cher oncle, a d\u00e9clar\u00e9 Mme Langford. Lui et tant d\u2019autres ont donn\u00e9 leur vie pour nous tous et pour notre libert\u00e9, et c\u2019est un bel h\u00e9ritage pour la famille.\u202f\u00bb<\/em><\/em><\/p>\n<\/blockquote>\n\n\n\n<p><strong>Six autres hommes sont morts lorsque le bombardier a \u00e9t\u00e9 abattu :<\/strong><\/p>\n\n\n\n<p>Sergent George Alec Collison, 22 ans, Sergent John Arthur Glanville Dixon, 21 ans<\/p>\n\n\n\n<figure class=\"wp-block-gallery has-nested-images columns-default is-cropped wp-block-gallery-1 is-layout-flex wp-block-gallery-is-layout-flex\">\n<figure class=\"wp-block-image size-large\"><img loading=\"lazy\" decoding=\"async\" width=\"683\" height=\"1024\" data-id=\"1096\" src=\"https:\/\/rrb.be\/rrb\/wp-content\/uploads\/2026\/01\/Sergent-George-Collison-22ans-683x1024.jpeg\" alt=\"\" class=\"wp-image-1096\" srcset=\"https:\/\/rrb.be\/rrb\/wp-content\/uploads\/2026\/01\/Sergent-George-Collison-22ans-683x1024.jpeg 683w, https:\/\/rrb.be\/rrb\/wp-content\/uploads\/2026\/01\/Sergent-George-Collison-22ans-200x300.jpeg 200w, https:\/\/rrb.be\/rrb\/wp-content\/uploads\/2026\/01\/Sergent-George-Collison-22ans.jpeg 768w\" sizes=\"auto, (max-width: 683px) 100vw, 683px\" \/><\/figure>\n\n\n\n<figure class=\"wp-block-image size-large\"><img loading=\"lazy\" decoding=\"async\" width=\"682\" height=\"1024\" data-id=\"1097\" src=\"https:\/\/rrb.be\/rrb\/wp-content\/uploads\/2026\/01\/Sergent-John-Arthur-Glanville-Dixon-21-ans-682x1024.jpeg\" alt=\"\" class=\"wp-image-1097\" srcset=\"https:\/\/rrb.be\/rrb\/wp-content\/uploads\/2026\/01\/Sergent-John-Arthur-Glanville-Dixon-21-ans-682x1024.jpeg 682w, https:\/\/rrb.be\/rrb\/wp-content\/uploads\/2026\/01\/Sergent-John-Arthur-Glanville-Dixon-21-ans-200x300.jpeg 200w, https:\/\/rrb.be\/rrb\/wp-content\/uploads\/2026\/01\/Sergent-John-Arthur-Glanville-Dixon-21-ans.jpeg 768w\" sizes=\"auto, (max-width: 682px) 100vw, 682px\" \/><\/figure>\n<\/figure>\n\n\n\n<p>Pas de photographie :<\/p>\n\n\n\n<p>Soldat Norman Wilson EASBY, 25 ans ; Sergent David Hetherington, 20 ans ; Soldat Anthony Robinson, \u00e2ge inconnu ; Sergent Leonard Keith Webb, 19 ans.<\/p>\n\n\n\n<p>Bransles, situ\u00e9 en Seine-et-Marne pr\u00e8s de Coulommiers, se trouvait sur les trajectoires des raids alli\u00e9s vers l\u2019est de la France et l\u2019Allemagne. Fin juin 1944, la r\u00e9gion voyait une recrudescence d\u2019op\u00e9rations a\u00e9riennes post-D-Day : les Lancaster participaient \u00e0 des attaques sur des sites de V-1 ou des d\u00e9p\u00f4ts logistiques allemands, exposant les \u00e9quipages \u00e0 des tirs de la DCA (D\u00e9fense Contre Avions) nazie. Le crash du JB664 illustre les risques constants pour ces jeunes aviateurs, avec des pertes quotidiennes \u00e9lev\u00e9es dans Bomber Command.<\/p>\n\n\n\n<p>L\u2019Avro Lancaster, introduit en 1942, \u00e9tait le pilier des bombardements de la RAF avec sa capacit\u00e9 \u00e0 emporter jusqu\u2019\u00e0 10 tonnes de bombes, y compris les \u00ab blockbusters \u00bb. Pr\u00e8s de 7 400 exemplaires furent produits ; ils effectu\u00e8rent plus de 156 000 sorties, mais \u00e0 un co\u00fbt tragique. environ 50% des \u00e9quipages tu\u00e9s ou manquants. L\u2019ing\u00e9nieur de vol, comme Eric Richomme, \u00e9tait essentiel pour g\u00e9rer les quatre moteurs Merlin et maintenir l\u2019appareil op\u00e9rationnel sous stress extr\u00eame.<\/p>\n\n\n\n<p>Eric Richomme incarna le courage tragique de tant de jeunes aviateurs alli\u00e9s durant l&rsquo;\u00e9t\u00e9 1944. Ayant fui Jersey \u00e0 16 ans sous occupation nazie pour rejoindre la RAF, il accomplit sa toute premi\u00e8re mission op\u00e9rationnelle le 27 juin \u00e0 bord de son Lancaster, avant d&rsquo;\u00eatre abattu d\u00e8s le lendemain, le 28 juin, pr\u00e8s de Bransles. Ce deuxi\u00e8me jour d&rsquo;op\u00e9rations suffit \u00e0 sceller son destin, illustrant les risques effroyables du service sur ces bombardiers avec les tirs incessants de la DCA allemande et pannes m\u00e9caniques en plein ciel nocturne. Pourtant, sa mort n&rsquo;eut rien de vain, chaque sortie comme la sienne contribuait \u00e0 affaiblir les d\u00e9fenses ennemies post-D-Day, \u00e0 harceler les V-1 et les lignes de ravitaillement nazies, pavant ainsi la voie \u00e0 la lib\u00e9ration de la France et de l&rsquo;Europe. <\/p>\n\n\n\n<p>* Ing\u00e9nieur de vol (flight engineer)\u202f:&nbsp;son r\u00f4le consistait \u00e0 surveiller et contr\u00f4ler les syst\u00e8mes techniques de l\u2019avion (moteurs, carburant, hydraulique, \u00e9lectricit\u00e9, etc.), permettant ainsi aux pilotes de se concentrer sur le pilotage. Sur les bombardiers comme le Lancaster, l\u2019ing\u00e9nieur de vol jouait un r\u00f4le crucial pour la s\u00e9curit\u00e9 et les performances de l\u2019appareil.<\/p>\n\n\n\n<h2 class=\"wp-block-heading\">R\u00e9f\u00e9rences :<\/h2>\n\n\n\n<ul class=\"wp-block-list\">\n<li>Jersey Evening Post (2025)&nbsp;: \u00ab\u00a0Family members attend moving ceremony to honour RAF crewman shot down in WW2.\u00a0\u00bb D\u00e9taille le d\u00e9part d&rsquo;Eric de Jersey \u00e0 16 ans, le crash du JB664, et les comm\u00e9morations 2025 \u00e0 Bransles.<\/li>\n\n\n\n<li>RAF Web.org&nbsp;: \u00ab\u00a0Casualties 27-28 Jun 1944.\u00a0\u00bb Confirme Eric Philip Richomme (1573141), Sgt RAFVR, tu\u00e9 \u00e0 20 ans dans Lancaster III JB664 ZN-N du No 106 Sqn, abattu le 28 juin.<\/li>\n\n\n\n<li>InMemories.com&nbsp;: \u00ab\u00a0Bransles Cemetery.\u00a0\u00bb Pr\u00e9cise son service au 106 Squadron (RAF Metheringham), crash du JB664, et enterrement \u00e0 Bransles.<\/li>\n\n\n\n<li>Commonwealth War Graves Commission (CWGC)&nbsp;: Fiche d&rsquo;Eric Philip Richomme, 106 Squadron RAF Volunteer Reserve, 28\/06\/1944, \u00e2ge 20 ans, enterr\u00e9 \u00e0 Bransles Communal Cemetery.<\/li>\n\n\n\n<li>Chorley, R. (1997)&nbsp;:&nbsp;<em>RAF Bomber Command Losses of the Second World War, Vol. 5 (1944)<\/em>. Mission du 27\/06\/1944 (premi\u00e8re d&rsquo;Eric) vers Salbris (France) ; JB664 abattu par Flak le 28\/06 vers Bransles, tous les 7 tu\u00e9s.<\/li>\n<\/ul>\n\n\n\n<p><strong>Archives du RAF Metheringham Airfield Visitors Centre :<\/strong><\/p>\n\n\n\n<ul class=\"wp-block-list\">\n<li>Form 540\/541 (ORB du 106 Squadron)&nbsp;: Journal op\u00e9rationnel original listant la mission du 27 juin 1944 (premi\u00e8re d\u2019Eric Richomme, cible Salbris) et le 28 juin (abattu par Flak pr\u00e8s de Bransles). D\u00e9tail \u00e9quipage, heure de d\u00e9collage (22h47), et non-retour.<\/li>\n\n\n\n<li>Movement Card et Accident Card&nbsp;: Documents internes confirmant crash du JB664, tous 7 tu\u00e9s. Consultables sur place (Metheringham, UK).<\/li>\n<\/ul>\n\n\n\n<p><strong>The National Archives (UK), Kew (TNA) :<\/strong><\/p>\n\n\n\n<ul class=\"wp-block-list\">\n<li>AIR 27\/831&nbsp;: ORB complet du 106 Squadron (juin 1944). Page sp\u00e9cifique au 28\/06\/44 mentionne JB664 comme Missing (Shot down by light flak, Seine-et-Marne area).<\/li>\n\n\n\n<li>AIR 14\/2622&nbsp;: Rapports de Bomber Command sur pertes du 28 juin, incluant t\u00e9l\u00e9grammes de Metheringham \u00e0 High Wycombe.<\/li>\n\n\n\n<li>AVIA 27\/219&nbsp;: Dossier de production Avro, fiche constructeur du JB664 (sorti usines Victory Aircraft, Canada, mars 1944).<\/li>\n<\/ul>\n\n\n\n<p><strong>Commonwealth War Graves Commission (CWGC) :<\/strong><\/p>\n\n\n\n<ul class=\"wp-block-list\">\n<li>Fiches individuelles&nbsp;: Certificats de d\u00e9c\u00e8s originaux pour Eric Richomme (1573141) et 6 camarades, bas\u00e9s sur rapports RAF de 1944. Gravure cimeti\u00e8re Bransles (Row 1. Grave 5).<\/li>\n<\/ul>\n\n\n\n<p><strong>Ouvrages de Compilation Primaires :<\/strong><\/p>\n\n\n\n<ul class=\"wp-block-list\">\n<li>Chorley, R. (1997)&nbsp;:&nbsp;<em>RAF Bomber Command Losses, Vol. 5 (1944)<\/em>, p. 201. Transcription litt\u00e9rale des ORB et formulaires AM Form 78, avec heure exacte du crash (01:15 le 28\/06).<\/li>\n<\/ul>\n\n\n\n<p>Par Alain Schenkels<\/p>\n\n\n\n<figure data-wp-context=\"{&quot;imageId&quot;:&quot;69ea7e375e2ee&quot;}\" data-wp-interactive=\"core\/image\" data-wp-key=\"69ea7e375e2ee\" class=\"wp-block-image size-full is-resized wp-lightbox-container\"><img loading=\"lazy\" decoding=\"async\" width=\"728\" height=\"1006\" data-wp-class--hide=\"state.isContentHidden\" data-wp-class--show=\"state.isContentVisible\" data-wp-init=\"callbacks.setButtonStyles\" data-wp-on--click=\"actions.showLightbox\" data-wp-on--load=\"callbacks.setButtonStyles\" data-wp-on-window--resize=\"callbacks.setButtonStyles\" src=\"http:\/\/rrb.be\/rrb\/wp-content\/uploads\/2025\/12\/Alain_Schenkels-1.jpg\" alt=\"\" class=\"wp-image-329\" style=\"aspect-ratio:0.7236608726498759;width:232px;height:auto\" srcset=\"https:\/\/rrb.be\/rrb\/wp-content\/uploads\/2025\/12\/Alain_Schenkels-1.jpg 728w, https:\/\/rrb.be\/rrb\/wp-content\/uploads\/2025\/12\/Alain_Schenkels-1-217x300.jpg 217w\" sizes=\"auto, (max-width: 728px) 100vw, 728px\" \/><button\n\t\t\tclass=\"lightbox-trigger\"\n\t\t\ttype=\"button\"\n\t\t\taria-haspopup=\"dialog\"\n\t\t\taria-label=\"Enlarge\"\n\t\t\tdata-wp-init=\"callbacks.initTriggerButton\"\n\t\t\tdata-wp-on--click=\"actions.showLightbox\"\n\t\t\tdata-wp-style--right=\"state.imageButtonRight\"\n\t\t\tdata-wp-style--top=\"state.imageButtonTop\"\n\t\t>\n\t\t\t<svg xmlns=\"http:\/\/www.w3.org\/2000\/svg\" width=\"12\" height=\"12\" fill=\"none\" viewBox=\"0 0 12 12\">\n\t\t\t\t<path fill=\"#fff\" d=\"M2 0a2 2 0 0 0-2 2v2h1.5V2a.5.5 0 0 1 .5-.5h2V0H2Zm2 10.5H2a.5.5 0 0 1-.5-.5V8H0v2a2 2 0 0 0 2 2h2v-1.5ZM8 12v-1.5h2a.5.5 0 0 0 .5-.5V8H12v2a2 2 0 0 1-2 2H8Zm2-12a2 2 0 0 1 2 2v2h-1.5V2a.5.5 0 0 0-.5-.5H8V0h2Z\" \/>\n\t\t\t<\/svg>\n\t\t<\/button><\/figure>\n\n\n\n<p>Cat\u00e9gorie(s) :<\/p>\n\n\n<div class=\"taxonomy-category wp-block-post-terms\"><a href=\"https:\/\/rrb.be\/rrb\/category\/conflits-guerres\/seconde-guerre-mondiale\/histoires-de-soldats-et-de-guerre\/\" rel=\"tag\">Histoires de soldats et de guerre<\/a><span class=\"wp-block-post-terms__separator\">, <\/span><a href=\"https:\/\/rrb.be\/rrb\/category\/conflits-guerres\/seconde-guerre-mondiale\/\" rel=\"tag\">Seconde guerre mondiale<\/a><span class=\"wp-block-post-terms__separator\">, <\/span><a href=\"https:\/\/rrb.be\/rrb\/category\/conflits-guerres\/seconde-guerre-mondiale\/soldats-allies-tues-a-lennemi\/\" rel=\"tag\">Soldats Alli\u00e9s tu\u00e9s \u00e0 l&rsquo;ennemi<\/a><\/div>\n\n\n<figure class=\"wp-block-embed is-type-wp-embed is-provider-alain-schenkels wp-block-embed-alain-schenkels\"><div class=\"wp-block-embed__wrapper\">\n<blockquote class=\"wp-embedded-content\" data-secret=\"wrw8ltmuwM\"><a href=\"https:\/\/rrb.be\/rrb\/seconde-guerre-mondiale\/\">Seconde Guerre Mondiale<\/a><\/blockquote><iframe loading=\"lazy\" class=\"wp-embedded-content\" sandbox=\"allow-scripts\" security=\"restricted\" style=\"position: absolute; visibility: hidden;\" title=\"\u00ab\u00a0Seconde Guerre Mondiale\u00a0\u00bb &#8212; Alain Schenkels\" src=\"https:\/\/rrb.be\/rrb\/seconde-guerre-mondiale\/embed\/#?secret=f4baWmgj6j#?secret=wrw8ltmuwM\" data-secret=\"wrw8ltmuwM\" width=\"600\" height=\"338\" frameborder=\"0\" marginwidth=\"0\" marginheight=\"0\" scrolling=\"no\"><\/iframe>\n<\/div><\/figure>\n","protected":false},"excerpt":{"rendered":"<p>En juin 1944, l\u2019aviation alli\u00e9e, domin\u00e9e par la RAF Bomber Command, menait des op\u00e9rations intensives de bombardement strat\u00e9gique contre l\u2019Allemagne et les infrastructures occup\u00e9es en France, dans le cadre de la pr\u00e9paration au d\u00e9barquement de Normandie du 6 juin. Les bombardiers lourds Avro Lancaster comme le JB664 effectuaient des missions nocturnes de longue port\u00e9e, larguant [&hellip;]<\/p>\n","protected":false},"author":1,"featured_media":1095,"parent":886,"menu_order":0,"comment_status":"closed","ping_status":"closed","template":"","meta":{"footnotes":""},"categories":[31,20,30],"tags":[],"class_list":["post-1094","page","type-page","status-publish","has-post-thumbnail","hentry","category-histoires-de-soldats-et-de-guerre","category-seconde-guerre-mondiale","category-soldats-allies-tues-a-lennemi"],"_links":{"self":[{"href":"https:\/\/rrb.be\/rrb\/wp-json\/wp\/v2\/pages\/1094","targetHints":{"allow":["GET"]}}],"collection":[{"href":"https:\/\/rrb.be\/rrb\/wp-json\/wp\/v2\/pages"}],"about":[{"href":"https:\/\/rrb.be\/rrb\/wp-json\/wp\/v2\/types\/page"}],"author":[{"embeddable":true,"href":"https:\/\/rrb.be\/rrb\/wp-json\/wp\/v2\/users\/1"}],"replies":[{"embeddable":true,"href":"https:\/\/rrb.be\/rrb\/wp-json\/wp\/v2\/comments?post=1094"}],"version-history":[{"count":9,"href":"https:\/\/rrb.be\/rrb\/wp-json\/wp\/v2\/pages\/1094\/revisions"}],"predecessor-version":[{"id":2654,"href":"https:\/\/rrb.be\/rrb\/wp-json\/wp\/v2\/pages\/1094\/revisions\/2654"}],"up":[{"embeddable":true,"href":"https:\/\/rrb.be\/rrb\/wp-json\/wp\/v2\/pages\/886"}],"wp:featuredmedia":[{"embeddable":true,"href":"https:\/\/rrb.be\/rrb\/wp-json\/wp\/v2\/media\/1095"}],"wp:attachment":[{"href":"https:\/\/rrb.be\/rrb\/wp-json\/wp\/v2\/media?parent=1094"}],"wp:term":[{"taxonomy":"category","embeddable":true,"href":"https:\/\/rrb.be\/rrb\/wp-json\/wp\/v2\/categories?post=1094"},{"taxonomy":"post_tag","embeddable":true,"href":"https:\/\/rrb.be\/rrb\/wp-json\/wp\/v2\/tags?post=1094"}],"curies":[{"name":"wp","href":"https:\/\/api.w.org\/{rel}","templated":true}]}}