{"id":1036,"date":"2026-01-07T09:58:38","date_gmt":"2026-01-07T09:58:38","guid":{"rendered":"https:\/\/rrb.be\/rrb\/?page_id=1036"},"modified":"2026-02-08T22:10:08","modified_gmt":"2026-02-08T22:10:08","slug":"seconde-guerre-mondiale-general-friedrich-kussin-abattu-une-victoire-britannique-aux-pays-bas-le-17-septembre-1944","status":"publish","type":"page","link":"https:\/\/rrb.be\/rrb\/seconde-guerre-mondiale\/seconde-guerre-mondiale-general-friedrich-kussin-abattu-une-victoire-britannique-aux-pays-bas-le-17-septembre-1944\/","title":{"rendered":"Seconde Guerre Mondiale : G\u00e9n\u00e9ral Friedrich KUSSIN abattu, une victoire britannique aux Pays-Bas le 17 septembre 1944"},"content":{"rendered":"\n<p>Le g\u00e9n\u00e9ral Allemand KUSSIN, le sergent WILLEKE et le chauffeur K\u00d6STER sont tu\u00e9s dans leur v\u00e9hicule lors de l\u2019op\u00e9ration Market Garden dans une embuscade organis\u00e9e par un peloton de reconnaissance du 3e bataillon de parachutistes britannique. <\/p>\n\n\n\n<blockquote class=\"wp-block-quote is-layout-flow wp-block-quote-is-layout-flow\">\n<p>La date du 17 septembre 1944 restera dans les annales de l\u2019arm\u00e9e britannique comme une belle victoire sur le r\u00e9gime nazi.<\/p>\n<\/blockquote>\n\n\n\n<p>Friedrich Wilhelm Enno KUSSIN \u00e9tait un g\u00e9n\u00e9ral de division allemand pendant la Seconde Guerre mondiale. En tant que Commandant de la ville d\u2019Arnhem, il \u00e9tait responsable des troupes allemandes r\u00e9guli\u00e8res \u00e0 Arnhem pendant la bataille d\u2019Arnhem.<\/p>\n\n\n\n<p>En septembre 1943, le g\u00e9n\u00e9ral KUSSIN re\u00e7oit le commandement du Feldkommandantur 642, qui doit d\u00e9fendre la ville d\u2019Arnhem. Son quartier g\u00e9n\u00e9ral \u00e9tait la Villa Heselbergh sur l\u2019Apeldoornse Weg \u00e0 Arnhem. Au cours de l\u2019op\u00e9ration Market Garden, la 1e division a\u00e9roport\u00e9e britannique d\u00e9barqua \u00e0 Wolfheze le 17 septembre 1944 pour s\u2019emparer du pont du Rhin \u00e0 Arnhem.<\/p>\n\n\n\n<p>Le g\u00e9n\u00e9ral KUSSIN a effectu\u00e9 des rep\u00e9rages dans sa voiture d\u2019\u00e9tat-major pour obtenir des informations d\u00e9taill\u00e9es sur les atterrissages. Krafft a averti le g\u00e9n\u00e9ral KUSSIN de ne pas reprendre la m\u00eame route pour retourner \u00e0 son quartier g\u00e9n\u00e9ral \u00e0 Arnhem, mais plut\u00f4t de prendre la route du nord pour \u00e9viter les troupes britanniques.<\/p>\n\n\n\n<p><strong>Comme bon nombre d\u2019officiers allemands, se sentait-il invincible ? <\/strong><br>Le g\u00e9n\u00e9ral KUSSIN ignore l\u2019avertissement et reprend le m\u00eame chemin. Les soldats du peloton de reconnaissance du 3e bataillon de parachutistes britannique rep\u00e8rent le v\u00e9hicule du g\u00e9n\u00e9ral KUSSIN et n\u2019en croient pas leurs yeux, ils se placent rapidement pour organiser une embuscade avec l\u2019aide de deux mitrailleuses. Ils auraient pu tenter de le capturer pour obtenir des informations, mais l\u2019occasion d\u2019abattre ce g\u00e9n\u00e9ral nazi \u00e9tait bien trop belle.<\/p>\n\n\n\n<p>La capture de ce g\u00e9n\u00e9ral aurait peut-\u00eatre \u00e9t\u00e9 utile pour obtenir de pr\u00e9cieuses informations, mais la d\u00e9cision d&rsquo;ouvrir le feu sur le v\u00e9hicule avait tout son sens. Le choix du commandant britannique qui s&rsquo;imposait \u00e9tait de prot\u00e9ger ses hommes. En cas d&rsquo;interception, il y aurait eu risque de combat, alors que tirer sur le v\u00e9hicule et abattre ses occupants \u00e9tait le choix de tactique militaire le plus appropri\u00e9, il a ainsi \u00e9vit\u00e9 le risque d&rsquo;une bataille inutile et a mis ses hommes en s\u00e9curit\u00e9. <\/p>\n\n\n\n<blockquote class=\"wp-block-quote is-layout-flow wp-block-quote-is-layout-flow\">\n<p>Quelques minutes plus tard, la voiture du g\u00e9n\u00e9ral KUSSIN est en vue, les britanniques se pr\u00e9parent \u00e0 l\u2019intersection de Wolfhezerweg et Utrechtseweg, lorsque le v\u00e9hicule arrive vers eux, les deux mitrailleuses ouvrent le feu ne laissant aucune chance \u00e0 leurs occupants.<\/p>\n<\/blockquote>\n\n\n\n<p>Les tirs s\u2019arr\u00eatent, des soldats britanniques s\u2019approchent du v\u00e9hicule cribl\u00e9 de balles et v\u00e9rifient s\u2019ils sont bien morts. Un des soldats tire avec sa mitraillette une courte rafale \u00e0 l\u2019arri\u00e8re du v\u00e9hicule sur le sergent K\u00d6STER qui bougeait l\u00e9g\u00e8rement, il est mort. Le g\u00e9n\u00e9ral KUSSIN et ses deux hommes sont tu\u00e9s. <\/p>\n\n\n\n<p>Un des soldats britanniques ouvre la porti\u00e8re o\u00f9 se situe le g\u00e9n\u00e9ral KUSSIN, son corps s\u2019\u00e9croule partiellement sur le sol, ses jambes bloqu\u00e9es \u00e0 l\u2019int\u00e9rieur du v\u00e9hicule. <\/p>\n\n\n\n<figure data-wp-context=\"{&quot;imageId&quot;:&quot;69ea7de2e7cdd&quot;}\" data-wp-interactive=\"core\/image\" data-wp-key=\"69ea7de2e7cdd\" class=\"wp-block-image size-full is-resized wp-lightbox-container\"><img loading=\"lazy\" decoding=\"async\" width=\"865\" height=\"819\" data-wp-class--hide=\"state.isContentHidden\" data-wp-class--show=\"state.isContentVisible\" data-wp-init=\"callbacks.setButtonStyles\" data-wp-on--click=\"actions.showLightbox\" data-wp-on--load=\"callbacks.setButtonStyles\" data-wp-on-window--resize=\"callbacks.setButtonStyles\" src=\"http:\/\/rrb.be\/rrb\/wp-content\/uploads\/2026\/01\/General-Friedrich-Kussin-abattu-17-septembre-1944.jpg\" alt=\"\" class=\"wp-image-1037\" style=\"aspect-ratio:1.056188605108055;width:247px;height:auto\" srcset=\"https:\/\/rrb.be\/rrb\/wp-content\/uploads\/2026\/01\/General-Friedrich-Kussin-abattu-17-septembre-1944.jpg 865w, https:\/\/rrb.be\/rrb\/wp-content\/uploads\/2026\/01\/General-Friedrich-Kussin-abattu-17-septembre-1944-300x284.jpg 300w, https:\/\/rrb.be\/rrb\/wp-content\/uploads\/2026\/01\/General-Friedrich-Kussin-abattu-17-septembre-1944-768x727.jpg 768w\" sizes=\"auto, (max-width: 865px) 100vw, 865px\" \/><button\n\t\t\tclass=\"lightbox-trigger\"\n\t\t\ttype=\"button\"\n\t\t\taria-haspopup=\"dialog\"\n\t\t\taria-label=\"Enlarge\"\n\t\t\tdata-wp-init=\"callbacks.initTriggerButton\"\n\t\t\tdata-wp-on--click=\"actions.showLightbox\"\n\t\t\tdata-wp-style--right=\"state.imageButtonRight\"\n\t\t\tdata-wp-style--top=\"state.imageButtonTop\"\n\t\t>\n\t\t\t<svg xmlns=\"http:\/\/www.w3.org\/2000\/svg\" width=\"12\" height=\"12\" fill=\"none\" viewBox=\"0 0 12 12\">\n\t\t\t\t<path fill=\"#fff\" d=\"M2 0a2 2 0 0 0-2 2v2h1.5V2a.5.5 0 0 1 .5-.5h2V0H2Zm2 10.5H2a.5.5 0 0 1-.5-.5V8H0v2a2 2 0 0 0 2 2h2v-1.5ZM8 12v-1.5h2a.5.5 0 0 0 .5-.5V8H12v2a2 2 0 0 1-2 2H8Zm2-12a2 2 0 0 1 2 2v2h-1.5V2a.5.5 0 0 0-.5-.5H8V0h2Z\" \/>\n\t\t\t<\/svg>\n\t\t<\/button><\/figure>\n\n\n\n<p>Ouvrant la porte c\u00f4t\u00e9 conducteur la m\u00eame sc\u00e8ne macabre se d\u00e9roule, le chauffeur WILLEKE tombe \u00e0 terre sa jambe droite bloqu\u00e9e dans l\u2019habitacle. <\/p>\n\n\n\n<figure data-wp-context=\"{&quot;imageId&quot;:&quot;69ea7de2e8256&quot;}\" data-wp-interactive=\"core\/image\" data-wp-key=\"69ea7de2e8256\" class=\"wp-block-image size-full is-resized wp-lightbox-container\"><img loading=\"lazy\" decoding=\"async\" width=\"851\" height=\"819\" data-wp-class--hide=\"state.isContentHidden\" data-wp-class--show=\"state.isContentVisible\" data-wp-init=\"callbacks.setButtonStyles\" data-wp-on--click=\"actions.showLightbox\" data-wp-on--load=\"callbacks.setButtonStyles\" data-wp-on-window--resize=\"callbacks.setButtonStyles\" src=\"https:\/\/rrb.be\/rrb\/wp-content\/uploads\/2026\/01\/Soldat-Josef-Willeke-abattu-17-septembre-1944.jpg\" alt=\"\" class=\"wp-image-1039\" style=\"aspect-ratio:1.0390815261509916;width:246px;height:auto\" srcset=\"https:\/\/rrb.be\/rrb\/wp-content\/uploads\/2026\/01\/Soldat-Josef-Willeke-abattu-17-septembre-1944.jpg 851w, https:\/\/rrb.be\/rrb\/wp-content\/uploads\/2026\/01\/Soldat-Josef-Willeke-abattu-17-septembre-1944-300x289.jpg 300w, https:\/\/rrb.be\/rrb\/wp-content\/uploads\/2026\/01\/Soldat-Josef-Willeke-abattu-17-septembre-1944-768x739.jpg 768w\" sizes=\"auto, (max-width: 851px) 100vw, 851px\" \/><button\n\t\t\tclass=\"lightbox-trigger\"\n\t\t\ttype=\"button\"\n\t\t\taria-haspopup=\"dialog\"\n\t\t\taria-label=\"Enlarge\"\n\t\t\tdata-wp-init=\"callbacks.initTriggerButton\"\n\t\t\tdata-wp-on--click=\"actions.showLightbox\"\n\t\t\tdata-wp-style--right=\"state.imageButtonRight\"\n\t\t\tdata-wp-style--top=\"state.imageButtonTop\"\n\t\t>\n\t\t\t<svg xmlns=\"http:\/\/www.w3.org\/2000\/svg\" width=\"12\" height=\"12\" fill=\"none\" viewBox=\"0 0 12 12\">\n\t\t\t\t<path fill=\"#fff\" d=\"M2 0a2 2 0 0 0-2 2v2h1.5V2a.5.5 0 0 1 .5-.5h2V0H2Zm2 10.5H2a.5.5 0 0 1-.5-.5V8H0v2a2 2 0 0 0 2 2h2v-1.5ZM8 12v-1.5h2a.5.5 0 0 0 .5-.5V8H12v2a2 2 0 0 1-2 2H8Zm2-12a2 2 0 0 1 2 2v2h-1.5V2a.5.5 0 0 0-.5-.5H8V0h2Z\" \/>\n\t\t\t<\/svg>\n\t\t<\/button><\/figure>\n\n\n\n<p>Le sergent K\u00d6STER quant \u00e0 lui est couch\u00e9 mort sur la banquette arri\u00e8re.<\/p>\n\n\n\n<figure data-wp-context=\"{&quot;imageId&quot;:&quot;69ea7de2e8704&quot;}\" data-wp-interactive=\"core\/image\" data-wp-key=\"69ea7de2e8704\" class=\"wp-block-image size-full is-resized wp-lightbox-container\"><img loading=\"lazy\" decoding=\"async\" width=\"738\" height=\"739\" data-wp-class--hide=\"state.isContentHidden\" data-wp-class--show=\"state.isContentVisible\" data-wp-init=\"callbacks.setButtonStyles\" data-wp-on--click=\"actions.showLightbox\" data-wp-on--load=\"callbacks.setButtonStyles\" data-wp-on-window--resize=\"callbacks.setButtonStyles\" src=\"https:\/\/rrb.be\/rrb\/wp-content\/uploads\/2026\/01\/Sergent-Max-Koster-abattu-17-septembre-1944.jpg\" alt=\"\" class=\"wp-image-1040\" style=\"aspect-ratio:0.9986996098829649;width:245px;height:auto\" srcset=\"https:\/\/rrb.be\/rrb\/wp-content\/uploads\/2026\/01\/Sergent-Max-Koster-abattu-17-septembre-1944.jpg 738w, https:\/\/rrb.be\/rrb\/wp-content\/uploads\/2026\/01\/Sergent-Max-Koster-abattu-17-septembre-1944-300x300.jpg 300w, https:\/\/rrb.be\/rrb\/wp-content\/uploads\/2026\/01\/Sergent-Max-Koster-abattu-17-septembre-1944-150x150.jpg 150w\" sizes=\"auto, (max-width: 738px) 100vw, 738px\" \/><button\n\t\t\tclass=\"lightbox-trigger\"\n\t\t\ttype=\"button\"\n\t\t\taria-haspopup=\"dialog\"\n\t\t\taria-label=\"Enlarge\"\n\t\t\tdata-wp-init=\"callbacks.initTriggerButton\"\n\t\t\tdata-wp-on--click=\"actions.showLightbox\"\n\t\t\tdata-wp-style--right=\"state.imageButtonRight\"\n\t\t\tdata-wp-style--top=\"state.imageButtonTop\"\n\t\t>\n\t\t\t<svg xmlns=\"http:\/\/www.w3.org\/2000\/svg\" width=\"12\" height=\"12\" fill=\"none\" viewBox=\"0 0 12 12\">\n\t\t\t\t<path fill=\"#fff\" d=\"M2 0a2 2 0 0 0-2 2v2h1.5V2a.5.5 0 0 1 .5-.5h2V0H2Zm2 10.5H2a.5.5 0 0 1-.5-.5V8H0v2a2 2 0 0 0 2 2h2v-1.5ZM8 12v-1.5h2a.5.5 0 0 0 .5-.5V8H12v2a2 2 0 0 1-2 2H8Zm2-12a2 2 0 0 1 2 2v2h-1.5V2a.5.5 0 0 0-.5-.5H8V0h2Z\" \/>\n\t\t\t<\/svg>\n\t\t<\/button><\/figure>\n\n\n\n<p>R\u00e9ussite totale de l&#8217;embuscade, le g\u00e9n\u00e9ral nazi KUSSIN est liquid\u00e9, prise de photographies des corps pour documentation op\u00e9rationnelle internes. Apr\u00e8s avoir fouill\u00e9 le v\u00e9hicule et les cadavres, les britanniques alignent les trois corps sur le c\u00f4t\u00e9 de la route, puis reprennent la route, il est facile d&rsquo;imaginer la fiert\u00e9 et l&rsquo;honneur pour ses hommes d&rsquo;avoir particip\u00e9 \u00e0 cette tr\u00e8s belle victoire, ceux-l\u00e0 m\u00eame qui se battent au quotidien et risquent leurs vies pour contribuer \u00e0 la victoire finale contre les nazis.<\/p>\n\n\n\n<p><strong>Les trois corps restent deux jours sur place le long de la route, sans que personne ne s&rsquo;en soucie<\/strong>. <br>Le 19 septembre, le capitaine Rev. PARE, aum\u00f4nier de la 1e Escadre du Glider Pilots Regiment, voyant leurs cadavres en \u00e9tat de d\u00e9composition avanc\u00e9e &#8211; entre autres bouff\u00e9s par des chiens (selon t\u00e9moignages du Glider Pilot Regiment) -, donne l\u2019ordre \u00e0 deux prisonniers de guerre Allemands d\u2019enterrer les trois cadavres au bord de la route.<\/p>\n\n\n\n<p>Quelques semaines plus tard, les restes de leurs corps sont transf\u00e9r\u00e9s au cimeti\u00e8re militaire Allemand d\u2019Ysselsteyn pour inhumation. <\/p>\n\n\n\n<h2 class=\"wp-block-heading\"><strong>Les tombes du g\u00e9n\u00e9ral et de ses hommes<\/strong><\/h2>\n\n\n\n<p><strong>G\u00e9n\u00e9ral Friedrich Wilhelm Enno KUSSIN<\/strong><br>N\u00e9 le 1er mars 1895 \u00e0 Aurich, Niedersachsen, Allemagne, tu\u00e9 le 17 septembre 1944 \u00e0 Arnhem, Gelderland, Pays-Bas, \u00e0 l\u2019\u00e2ge de 49 ans, Inhum\u00e9 \u00e0 Ysselsteyn, Pays-Bas.<br>WWI : Sous officier, combattant. WWII : G\u00e9n\u00e9ral de division allemand.<\/p>\n\n\n\n<p><strong>Sergent Max K\u00d6STER<\/strong><br>N\u00e9 le 20 octobre 1903 en Allemagne, tu\u00e9 le 17 septembre 1944 \u00e0 Arnhem, Gelderland, Pays-Bas, \u00e0 l\u2019\u00e2ge de 40 ans, Inhum\u00e9 \u00e0 Ysselsteyn, Pays-Bas. WWII : Sergent arm\u00e9e Allemande<\/p>\n\n\n\n<p><strong>Soldat Josef WILLEKE<\/strong><br>N\u00e9 le 4 juillet 1902 \u00e0 Paderborn, Nordrhein-Westfalen, Allemagne, tu\u00e9 le 17 septembre 1944 \u00e0 Arnhem, Gelderland, Pays-Bas, \u00e0 l\u2019\u00e2ge de 42 ans, Inhum\u00e9 \u00e0 Ysselsteyn, Pays-Bas. WWII : Soldat, chauffeur<\/p>\n\n\n\n<figure class=\"wp-block-gallery has-nested-images columns-default is-cropped wp-block-gallery-1 is-layout-flex wp-block-gallery-is-layout-flex\">\n<figure class=\"wp-block-image size-large\"><img loading=\"lazy\" decoding=\"async\" width=\"766\" height=\"575\" data-id=\"1045\" src=\"https:\/\/rrb.be\/rrb\/wp-content\/uploads\/2026\/01\/General-Friedrich-Kussin-abattu-tombe.jpg\" alt=\"\" class=\"wp-image-1045\" srcset=\"https:\/\/rrb.be\/rrb\/wp-content\/uploads\/2026\/01\/General-Friedrich-Kussin-abattu-tombe.jpg 766w, https:\/\/rrb.be\/rrb\/wp-content\/uploads\/2026\/01\/General-Friedrich-Kussin-abattu-tombe-300x225.jpg 300w\" sizes=\"auto, (max-width: 766px) 100vw, 766px\" \/><\/figure>\n\n\n\n<figure class=\"wp-block-image size-large\"><img loading=\"lazy\" decoding=\"async\" width=\"545\" height=\"819\" data-id=\"1046\" src=\"https:\/\/rrb.be\/rrb\/wp-content\/uploads\/2026\/01\/Sergent-Max-tombe.jpg\" alt=\"\" class=\"wp-image-1046\" srcset=\"https:\/\/rrb.be\/rrb\/wp-content\/uploads\/2026\/01\/Sergent-Max-tombe.jpg 545w, https:\/\/rrb.be\/rrb\/wp-content\/uploads\/2026\/01\/Sergent-Max-tombe-200x300.jpg 200w\" sizes=\"auto, (max-width: 545px) 100vw, 545px\" \/><\/figure>\n\n\n\n<figure class=\"wp-block-image size-large\"><img loading=\"lazy\" decoding=\"async\" width=\"370\" height=\"497\" data-id=\"1044\" src=\"https:\/\/rrb.be\/rrb\/wp-content\/uploads\/2026\/01\/Soldat-Josef-Willeke-tombe.jpg\" alt=\"\" class=\"wp-image-1044\" srcset=\"https:\/\/rrb.be\/rrb\/wp-content\/uploads\/2026\/01\/Soldat-Josef-Willeke-tombe.jpg 370w, https:\/\/rrb.be\/rrb\/wp-content\/uploads\/2026\/01\/Soldat-Josef-Willeke-tombe-223x300.jpg 223w\" sizes=\"auto, (max-width: 370px) 100vw, 370px\" \/><\/figure>\n<\/figure>\n\n\n\n<hr class=\"wp-block-separator has-alpha-channel-opacity\"\/>\n\n\n\n<p>Cette victoire, marqu\u00e9e par la mort du g\u00e9n\u00e9ral allemand et de ses deux hommes, illustre la lutte acharn\u00e9e que men\u00e8rent les Alli\u00e9s contre le nazisme. Je m\u2019associe en pens\u00e9e aux soldats du peloton de reconnaissance du 3\u1d49 bataillon de parachutistes britanniques qui tendirent cette embuscade, ces Allemands sont morts par un fait de guerre n\u00e9cessaire et l\u00e9gitime qui ne peut \u00eatre mis en cause \u2014 c\u2019\u00e9tait la guerre. <\/p>\n\n\n\n<p>La guerre oblige les soldats \u00e0 utiliser la force supr\u00eame pour neutraliser l&rsquo;ennemi, le tuer est un acte l\u00e9gitime, les r\u00e8gles du DIH, les lois de la guerre, autorisent \u00e0 tirer sur tout ennemi m\u00eame s\u2019il ne repr\u00e9sente pas un danger imm\u00e9diat tant qu\u2019il n\u2019a pas manifest\u00e9 son intention de se rendre ou n\u2019est pas hors de combat. Il n\u2019y a aucune obligation de capture qui est consid\u00e9r\u00e9e comme une modalit\u00e9 tactique parmi d\u2019autres, mais elle n\u2019est pas une obligation absolue dans chaque situation de combat (Protocole I, art. 41). La d\u00e9cision de capturer ou non d\u00e9pend du contexte op\u00e9rationnel, des risques encourus et des moyens disponibles (r\u00e9f).<\/p>\n\n\n\n<blockquote class=\"wp-block-quote is-layout-flow wp-block-quote-is-layout-flow\">\n<p>Cela \u00e9tant, sous l\u2019uniforme, il y avait des hommes. M\u00eame ennemis, ils m\u00e9ritent le respect dans la mort\u202f; leur inhumation, conforme aux r\u00e8gles, rappelle que le respect des morts fait aussi partie de l\u2019honneur et de la dignit\u00e9 des Alli\u00e9s.<\/p>\n<\/blockquote>\n\n\n\n<h2 class=\"wp-block-heading\">Soup\u00e7ons d&rsquo;acte de barbarie sur les cadavres<\/h2>\n\n\n\n<p>Sur les photos du g\u00e9n\u00e9ral Kussin et du chauffeur Willeke, certains observateurs se sont pos\u00e9 la question de savoir si ces deux cadavres n\u2019avaient pas \u00e9t\u00e9 scalp\u00e9s, ce qui serait une ignominie de la part des soldats britanniques. Si l\u2019acte de guerre est l\u00e9gitime, le respect des morts l\u2019est tout autant.<\/p>\n\n\n\n<p>Les t\u00e9moignages directs et les analyses de la sc\u00e8ne indiquent qu\u2019il n\u2019existe aucune preuve que les parachutistes britanniques aient d\u00e9lib\u00e9r\u00e9ment scalp\u00e9 Kussin ou ses hommes apr\u00e8s leur mort.<\/p>\n\n\n\n<p><strong>Par ailleurs, des experts ont examin\u00e9 minutieusement les photographies originales agrandies\u202f:<\/strong><br>\u2013 Pour le g\u00e9n\u00e9ral\u202f: il appert qu\u2019une balle a travers\u00e9 sa casquette et a arrach\u00e9 une partie de son cuir chevelu lors de l\u2019impact, cr\u00e9ant une apparence similaire \u00e0 celle d\u2019un scalpage.<br>\u2013 Pour le soldat\u202f: il n\u2019y a aucune trace de coupures ou de br\u00fblures sur la peau de son cr\u00e2ne\u202f; c\u2019\u00e9tait sa coupe de cheveux.<\/p>\n\n\n\n<p>D\u2019apr\u00e8s les r\u00e9sultats de l\u2019enqu\u00eate, aucun acte de barbarie n\u2019a \u00e9t\u00e9 commis \u00e0 l\u2019encontre des cadavres. Il a toutefois \u00e9t\u00e9 admis que laisser les corps sur le bas-c\u00f4t\u00e9 de la route, sans les enterrer provisoirement, constituait un manquement d\u00e9ontologique. Mais il est admis qu\u2019apr\u00e8s l\u2019attaque, les soldats britanniques ne pouvaient rester sur les lieux, ce qui justifie l\u2019abandon des corps.<\/p>\n\n\n\n<hr class=\"wp-block-separator has-alpha-channel-opacity\"\/>\n\n\n\n<blockquote class=\"wp-block-quote is-layout-flow wp-block-quote-is-layout-flow\">\n<p>Ce fait d\u2019armes repr\u00e9sente une victoire \u00e0 la fois militaire et psychologique pour les Alli\u00e9s, au d\u00e9triment des forces allemandes. Si nombre de soldats tombent quotidiennement sous le feu ennemi, la mort au combat d\u2019un g\u00e9n\u00e9ral frappe davantage les esprits et p\u00e8se lourdement sur le moral des troupes.<\/p>\n<\/blockquote>\n\n\n\n<p><strong>R\u00e9f\u00e9rences:<\/strong><\/p>\n\n\n\n<ul class=\"wp-block-list\">\n<li>R\u00e8glement IV de La Haye (1907), Art. 1 &amp; 23 ; Conv. Gen\u00e8ve III (1929), Art. 1. Combattants : cibles l\u00e9gitimes tant qu\u2019ils participent aux hostilit\u00e9s.<\/li>\n\n\n\n<li>Jurisprudence&nbsp;: ICTY (Prosecutor v. Kordi\u0107, 2004): \u201cCapture is merely a tactical option, never a legal obligation; the law of armed conflict does not impose any preference for capture over the killing of a combatant, as long as the person is not&nbsp;hors de combat.\u201d<\/li>\n<\/ul>\n\n\n\n<p><strong>Cr\u00e9dits :<\/strong><\/p>\n\n\n\n<ul class=\"wp-block-list\">\n<li><strong>War Diary, 3rd Battalion, 1st Parachute Regiment<\/strong>&nbsp;(The National Archives, Kew, WO 171\/1250)<br>D\u00e9tails l&#8217;embuscade du 17\/09\/1944, intersection Wolfhezerweg\/Utrechtseweg, mitrailleuses Vickers .303. \u00ab\u00a0War Diary 3rd Bn Parachute Regiment, TNA WO 171\/1250\u00a0\u00bb<\/li>\n\n\n\n<li><strong>Glider Pilot Regiment War Diary<\/strong>&nbsp;(TNA WO 171\/1241)<br>T\u00e9moignage aum\u00f4nier Rev. Derek Pare, enterrement 19\/09\/1944.<br><strong>Cr\u00e9dit<\/strong>&nbsp;: \u00ab\u00a0GPR War Diary, TNA WO 171\/1241\u00a0\u00bb<\/li>\n\n\n\n<li><strong>Photographies d&rsquo;archives<\/strong>&nbsp;: Imperial War Museum (B 5693-5695)<br>Photos des corps, v\u00e9hicule d\u00e9truit.&nbsp;Non diffus\u00e9es publiquement&nbsp;pendant la guerre (documentation interne). Diffusion apr\u00e8s guerre pour m\u00e9morial et archives de guerre, libre de droit.<\/li>\n<\/ul>\n\n\n\n<p><strong>Ouvrages historiques de r\u00e9f\u00e9rence :<\/strong><\/p>\n\n\n\n<ul class=\"wp-block-list\">\n<li><strong>\u00ab\u00a0Arnhem 1944\u00a0\u00bb par Antony Beevor<\/strong>&nbsp;(2009) \u2014 pages 98-102<br>Analyse tactique Kussin, rep\u00e9rages, avertissement Krafft ignor\u00e9.<\/li>\n\n\n\n<li><strong>\u00ab\u00a0The Devil&rsquo;s Birthday\u00a0\u00bb par Geoffrey Powell<\/strong>&nbsp;(1968) \u2014 chapitre 3<br>T\u00e9moignages parachutistes, d\u00e9cision tir vs capture.<\/li>\n\n\n\n<li><strong>\u00ab\u00a0Kussin Junction\u00a0\u00bb par Battlefield Detective<\/strong><br>Expertise balistique photos (balle casquette Kussin, coupe cheveux Willeke).<\/li>\n<\/ul>\n\n\n\n<p>Par Alain Schenkels<\/p>\n\n\n\n<figure data-wp-context=\"{&quot;imageId&quot;:&quot;69ea7de2e90cc&quot;}\" data-wp-interactive=\"core\/image\" data-wp-key=\"69ea7de2e90cc\" class=\"wp-block-image size-full is-resized wp-lightbox-container\"><img loading=\"lazy\" decoding=\"async\" width=\"728\" height=\"1006\" data-wp-class--hide=\"state.isContentHidden\" data-wp-class--show=\"state.isContentVisible\" data-wp-init=\"callbacks.setButtonStyles\" data-wp-on--click=\"actions.showLightbox\" data-wp-on--load=\"callbacks.setButtonStyles\" data-wp-on-window--resize=\"callbacks.setButtonStyles\" src=\"http:\/\/rrb.be\/rrb\/wp-content\/uploads\/2025\/12\/Alain_Schenkels-1.jpg\" alt=\"\" class=\"wp-image-329\" style=\"aspect-ratio:0.7236624379481522;width:195px;height:auto\" srcset=\"https:\/\/rrb.be\/rrb\/wp-content\/uploads\/2025\/12\/Alain_Schenkels-1.jpg 728w, https:\/\/rrb.be\/rrb\/wp-content\/uploads\/2025\/12\/Alain_Schenkels-1-217x300.jpg 217w\" sizes=\"auto, (max-width: 728px) 100vw, 728px\" \/><button\n\t\t\tclass=\"lightbox-trigger\"\n\t\t\ttype=\"button\"\n\t\t\taria-haspopup=\"dialog\"\n\t\t\taria-label=\"Enlarge\"\n\t\t\tdata-wp-init=\"callbacks.initTriggerButton\"\n\t\t\tdata-wp-on--click=\"actions.showLightbox\"\n\t\t\tdata-wp-style--right=\"state.imageButtonRight\"\n\t\t\tdata-wp-style--top=\"state.imageButtonTop\"\n\t\t>\n\t\t\t<svg xmlns=\"http:\/\/www.w3.org\/2000\/svg\" width=\"12\" height=\"12\" fill=\"none\" viewBox=\"0 0 12 12\">\n\t\t\t\t<path fill=\"#fff\" d=\"M2 0a2 2 0 0 0-2 2v2h1.5V2a.5.5 0 0 1 .5-.5h2V0H2Zm2 10.5H2a.5.5 0 0 1-.5-.5V8H0v2a2 2 0 0 0 2 2h2v-1.5ZM8 12v-1.5h2a.5.5 0 0 0 .5-.5V8H12v2a2 2 0 0 1-2 2H8Zm2-12a2 2 0 0 1 2 2v2h-1.5V2a.5.5 0 0 0-.5-.5H8V0h2Z\" \/>\n\t\t\t<\/svg>\n\t\t<\/button><\/figure>\n\n\n\n<p>Cat\u00e9gorie(s) : <\/p>\n\n\n<div class=\"taxonomy-category wp-block-post-terms\"><a href=\"https:\/\/rrb.be\/rrb\/category\/conflits-guerres\/seconde-guerre-mondiale\/histoires-de-soldats-et-de-guerre\/\" rel=\"tag\">Histoires de soldats et de guerre<\/a><span class=\"wp-block-post-terms__separator\">, <\/span><a href=\"https:\/\/rrb.be\/rrb\/category\/conflits-guerres\/seconde-guerre-mondiale\/\" rel=\"tag\">Seconde guerre mondiale<\/a><span class=\"wp-block-post-terms__separator\">, <\/span><a href=\"https:\/\/rrb.be\/rrb\/category\/conflits-guerres\/seconde-guerre-mondiale\/soldats-ennemis-de-laxe\/\" rel=\"tag\">Soldats ennemis de l&rsquo;Axe<\/a><\/div>\n\n\n<figure class=\"wp-block-embed is-type-wp-embed is-provider-alain-schenkels wp-block-embed-alain-schenkels\"><div class=\"wp-block-embed__wrapper\">\n<blockquote class=\"wp-embedded-content\" data-secret=\"H0W6qqBguu\"><a href=\"https:\/\/rrb.be\/rrb\/seconde-guerre-mondiale\/\">Seconde Guerre Mondiale<\/a><\/blockquote><iframe loading=\"lazy\" class=\"wp-embedded-content\" sandbox=\"allow-scripts\" security=\"restricted\" style=\"position: absolute; visibility: hidden;\" title=\"\u00ab\u00a0Seconde Guerre Mondiale\u00a0\u00bb &#8212; Alain Schenkels\" src=\"https:\/\/rrb.be\/rrb\/seconde-guerre-mondiale\/embed\/#?secret=MkRc03GCDq#?secret=H0W6qqBguu\" data-secret=\"H0W6qqBguu\" width=\"600\" height=\"338\" frameborder=\"0\" marginwidth=\"0\" marginheight=\"0\" scrolling=\"no\"><\/iframe>\n<\/div><\/figure>\n","protected":false},"excerpt":{"rendered":"<p>Le g\u00e9n\u00e9ral Allemand KUSSIN, le sergent WILLEKE et le chauffeur K\u00d6STER sont tu\u00e9s dans leur v\u00e9hicule lors de l\u2019op\u00e9ration Market Garden dans une embuscade organis\u00e9e par un peloton de reconnaissance du 3e bataillon de parachutistes britannique. La date du 17 septembre 1944 restera dans les annales de l\u2019arm\u00e9e britannique comme une belle victoire sur le [&hellip;]<\/p>\n","protected":false},"author":1,"featured_media":1037,"parent":886,"menu_order":0,"comment_status":"closed","ping_status":"closed","template":"","meta":{"footnotes":""},"categories":[31,20,32],"tags":[],"class_list":["post-1036","page","type-page","status-publish","has-post-thumbnail","hentry","category-histoires-de-soldats-et-de-guerre","category-seconde-guerre-mondiale","category-soldats-ennemis-de-laxe"],"_links":{"self":[{"href":"https:\/\/rrb.be\/rrb\/wp-json\/wp\/v2\/pages\/1036","targetHints":{"allow":["GET"]}}],"collection":[{"href":"https:\/\/rrb.be\/rrb\/wp-json\/wp\/v2\/pages"}],"about":[{"href":"https:\/\/rrb.be\/rrb\/wp-json\/wp\/v2\/types\/page"}],"author":[{"embeddable":true,"href":"https:\/\/rrb.be\/rrb\/wp-json\/wp\/v2\/users\/1"}],"replies":[{"embeddable":true,"href":"https:\/\/rrb.be\/rrb\/wp-json\/wp\/v2\/comments?post=1036"}],"version-history":[{"count":19,"href":"https:\/\/rrb.be\/rrb\/wp-json\/wp\/v2\/pages\/1036\/revisions"}],"predecessor-version":[{"id":2657,"href":"https:\/\/rrb.be\/rrb\/wp-json\/wp\/v2\/pages\/1036\/revisions\/2657"}],"up":[{"embeddable":true,"href":"https:\/\/rrb.be\/rrb\/wp-json\/wp\/v2\/pages\/886"}],"wp:featuredmedia":[{"embeddable":true,"href":"https:\/\/rrb.be\/rrb\/wp-json\/wp\/v2\/media\/1037"}],"wp:attachment":[{"href":"https:\/\/rrb.be\/rrb\/wp-json\/wp\/v2\/media?parent=1036"}],"wp:term":[{"taxonomy":"category","embeddable":true,"href":"https:\/\/rrb.be\/rrb\/wp-json\/wp\/v2\/categories?post=1036"},{"taxonomy":"post_tag","embeddable":true,"href":"https:\/\/rrb.be\/rrb\/wp-json\/wp\/v2\/tags?post=1036"}],"curies":[{"name":"wp","href":"https:\/\/api.w.org\/{rel}","templated":true}]}}